{"id":78936,"date":"2024-04-16T11:04:39","date_gmt":"2024-04-16T09:04:39","guid":{"rendered":"https:\/\/fit360.ee\/pood\/uncategorized\/gh-booster-extreme-90-caps\/"},"modified":"2025-10-10T16:26:53","modified_gmt":"2025-10-10T14:26:53","slug":"gh-booster-extreme-90-caps","status":"publish","type":"product","link":"https:\/\/fit360.ee\/en\/pood\/product-groups\/vitamins-and-minerals-en\/d-vitamin-en\/gh-booster-extreme-90-caps\/","title":{"rendered":"GH Booster Extreme (90 caps)"},"content":{"rendered":"<h2><strong>GH Booster<\/strong><\/h2>\n<p>OstroVit GH Booster Extreme on kvaliteetne toidulisand, mis on koguni 10 erineva toimeaine allikaks &#8211; Tootest leiad: L-arginiini alfa-ketoglutaraati, gamma-aminov\u00f5ihapet v\u00f5i tsinkpikolinaati. Tegemist on kergesti neelatavate kapslite kujul saadava preparaadiga, mis on loodud sportlastele ja aktiivse elustiiliga inimestele.<\/p>\n<section class=\"cm__section\">\n<ul class=\"cm__list\">\n<li><strong>Sisaldab koguni 10 erinevat toimeainet<\/strong>\u00a0&#8211; \u00dcks toidulisandi portsjon annab organismile 700 mg L-arginiini alfa-ketoglutaraati, 400 mg gamma-aminov\u00f5ihapet, 350 mg L-ornitiin HCl, 350 mg L-l\u00fcsiini HCl, 150 mg D-asparagiinhapet, samuti 100 mg L-tr\u00fcptofaani, 2,1 mg musta pipra puuviljaekstrakti, 15 mg tsinki ja 2,8 mg B6-vitamiini ning 2000 R\u00dc D-vitamiini.<\/li>\n<li><strong>1 portsjon = 3 kapslit.<\/strong><\/li>\n<li><strong>T\u00f5husus<\/strong>\u00a0\u2013 Tootepakendis on 30 portsjonit preparaati, millest piisab kuuks regulaarseks toidulisandiks.<\/li>\n<li><strong>Mugav vorm<\/strong>\u00a0\u2013 preparaat on saadaval kergesti neelatavate kapslite kujul, mis tagab toidulisandi probleemideta tarnimise.<\/li>\n<\/ul>\n<h2 class=\"cm__heading\"><strong>OstroVit GH Booster Extreme \u2013 terviklik toidulisand<\/strong><\/h2>\n<p><a href=\"https:\/\/fit360.ee\/en\/product-category\/product-groups\/amino-acids-bcaa\/l-arginine-en\/\"><strong>L-arginiini alfa-ketoglutaraat \u2013 AAKG<\/strong><\/a>\u00a0\u2013 orgaaniline keemiline \u00fchend, mis on kombinatsioon glutaarhappe sooladest, mis on Krebsi ts\u00fckli saadus ja valgu aminohappest, milleks on arginiin. Nende molekulide kombineerimine annab s\u00fcnergistliku \u00fchendi.<\/p>\n<p><a href=\"https:\/\/fit360.ee\/en\/product-category\/product-groups\/amino-acids-bcaa\/gaba-en\/\"><strong>Gamma-aminov\u00f5ihape \u2013 GABA<\/strong><\/a>\u00a0\u2013 orgaaniline keemiline \u00fchend mittevalguliste aminohapete r\u00fchmast. Neurotransmitter, mis s\u00fcnteesitakse kehas glutamaadist. See on aine, mis inimorganismis esineb peamiselt h\u00fcpotalamuses ja ekstrap\u00fcramidaals\u00fcsteemis. \u00dchendit v\u00f5ib leida ka toidust, sellistest toodetest nagu roheline tee, silo, soja v\u00f5i piimatooted.<\/p>\n<p><strong>L-ornitiin HCl<\/strong>\u00a0&#8211; Ornitiin on endogeenne aminohape, mis s\u00fcnteesitakse inimkehas looduslikult, kuid selle moodustamiseks on vajalik teise aminohappe, milleks on arginiin, olemasolu. Tegemist on ainega, mida leidub ka toidus \u2013 L-ornitiini v\u00f5ib leida lihast, kalast, aga ka munadest, piimast ja piimatoodetest. Toidulisandites kasutatakse sageli L-ornitiinvesinikkloriidi, mida iseloomustab suurep\u00e4rane lahustuvus.<\/p>\n<p><strong>L-l\u00fcsiin HCl<\/strong>\u00a0&#8211; keemiline \u00fchend, mis koosneb vesinikkloriidhappest ja valgu aminohapete r\u00fchma kuuluvast l\u00fcsiinist. L-l\u00fcsiin on eksogeenne aine, mida inimkehas looduslikult ei toodeta, mist\u00f5ttu tuleb seda organismi varustada v\u00e4ljastpoolt \u2013 koos igap\u00e4evase toiduga v\u00f5i toidulisanditena. L\u00fcsiini leidub k\u00f5rge valgusisaldusega toodetes, mist\u00f5ttu peetakse \u00fchendi allikaks piima ja piimatooteid, liha ja kala. L\u00fcsiinvesinikkloriidi kasutatakse toidulisandite komponendina, mida iseloomustab suurep\u00e4rane lahustuvus.<\/p>\n<p><strong>D-asparagiinhape &#8211; DAA<\/strong>\u00a0&#8211; endogeenne aminohape, toodetakse peamiselt h\u00fcpof\u00fc\u00fcsis ja h\u00fcpotalamuses. D-asparagiinhapet leidub ka toidus \u2013 \u00dchendit leidub peamiselt loomsetes saadustes, kuid v\u00e4hesel m\u00e4\u00e4ral leidub seda ainet ka sparglis, avokaados v\u00f5i kaerahelves.<\/p>\n<p><a href=\"https:\/\/fit360.ee\/en\/product-category\/product-groups\/amino-acids-bcaa\/tryptophan-en\/\"><strong>L-tr\u00fcptofaan<\/strong><\/a>\u00a0&#8211; orgaaniline keemiline \u00fchend, eksogeensete ainete hulka liigitatud valguline aminohape, mida tuleb organismi varustada v\u00e4ljastpoolt, sest organism ei ole v\u00f5imeline seda ise s\u00fcnteesima. Tr\u00fcptofaani leidub loomsetes saadustes, aga ka k\u00f5rvitsaseemnetes, kuivatatud kaunviljades v\u00f5i linaseemnetes.<\/p>\n<p><strong>Musta pipra puuviljaekstrakt<\/strong>\u00a0&#8211; Pipra perekonnast p\u00e4rit taime puuviljaekstrakt, mis on standarditud 95% piperiini ehk orgaanilise keemilise \u00fchendi sisaldusele, mis on musta pipra viljade pealiskihis leiduv alkaloid.<\/p>\n<p><a href=\"https:\/\/fit360.ee\/en\/product-category\/product-groups\/vitamins-and-minerals-en\/zinc-en\/\"><strong>Tsink<\/strong><\/a>\u00a0\u2013 keemiline element Zn. Tegemist on mikroelemendiks liigitatud mineraalkomponendiga, mis inimorganismis esineb eelk\u00f5ige skeletilihastes ja luudes. Tegemist on ainega, mida leidub paljudes erinevates toiduainetes ning peamisteks tsingiallikateks peetakse punast liha, linnuliha, kuivatatud kaunvilju, p\u00e4hkleid ja t\u00e4istera teraviljatooteid.<\/p>\n<p><strong>B6-vitamiin<\/strong>\u00a0\u2013 p\u00fcridoksiin \u2013 B-vitamiinide hulka kuuluv vees lahustuv komponent. \u00dchendit leidub eelk\u00f5ige t\u00e4istera teraviljatoodetes, aga ka rupsis ja kuivatatud kaunviljade seemnetes.<\/p>\n<p><a href=\"https:\/\/fit360.ee\/en\/product-category\/product-groups\/vitamins-and-minerals-en\/d-vitamin-en\/\"><strong>D-vitamiin<\/strong><\/a>\u00a0, tuntud ka kui kolekaltsiferool, on steroid, orgaaniline keemiline \u00fchend, mis kuulub rasvlahustuvate vitamiinide r\u00fchma. Seega on koostisosa assimilatsioon tihedalt seotud rasvade olemasoluga igap\u00e4evases toidus. D3-vitamiin on aine, mis j\u00f5uab organismi koos toiduga (seda leidub rasvases merekalas), aga ka nahas\u00fcnteesi teel. Seda s\u00e4ilitatakse aga peamiselt rasvkoes ja maksas.<\/p>\n<h4 class=\"cm__heading\"><strong>OstroVit GH Booster Extreme&#8217;is sisalduvate koostisosade omadused<\/strong>:<\/h4>\n<p><strong>Tsink<\/strong>\u00a0aitab s\u00e4ilitada \u00f5iget happe-aluse tasakaalu ja mis veelgi enam, see toetab optimaalse s\u00fcsivesikute ainevahetuse s\u00e4ilitamist. See on \u00fchend, mis aitab s\u00e4ilitada normaalseid kognitiivseid funktsioone ja toetab \u00f5iget DNA s\u00fcnteesi. Lisaks aitab see kaasa piisava A-vitamiini metabolismi s\u00e4ilitamisele ja valkude korralikule s\u00fcnteesile. Tsink toetab ka terve naha, luude, k\u00fc\u00fcnte ja juuste s\u00e4ilimist ning toetab immuuns\u00fcsteemi n\u00f5uetekohast toimimist. Lisaks aitab see s\u00e4ilitada korralikku n\u00e4gemist ja toetab rakkude kaitset oks\u00fcdatiivse stressi eest.<\/p>\n<p><strong>B6-vitamiin<\/strong>\u00a0, mida leidub toidulisandi koostisainete hulgas, aitab kaasa korralikule energiavahetusele ning toetab ka n\u00e4rvis\u00fcsteemi n\u00f5uetekohast talitlust. See on \u00fchend, mis aitab s\u00e4ilitada optimaalset valkude ja gl\u00fckogeeni metabolismi ning mis veelgi enam, see aitab kaasa punaste vereliblede \u00f5igele tootmisele ning v\u00e4hendab v\u00e4simust ja kurnatust.<\/p>\n<p>Preparaadis kasutatav\u00a0<strong>D-vitamiin<\/strong>\u00a0aitab s\u00e4ilitada terveid luid ja hambaid ning lihaste n\u00f5uetekohast funktsioneerimist. Lisaks toetab see immuuns\u00fcsteemi n\u00f5uetekohast toimimist. \u00dchend aitab ka kaltsiumi, fosfori \u00f5igel imendumisel ja kasutamisel ning samuti aitab s\u00e4ilitada \u00f5iget kaltsiumi taset veres. Aine osaleb ka rakkude jagunemise protsessis.<\/p>\n<\/section>\n<section class=\"cm__section\">\n<h4 class=\"cm__heading\"><strong>Laboratoorselt kinnitatud kvaliteet<\/strong><\/h4>\n<p class=\"cm__text --bold\">Klientide tervise huvides testitakse meie toodetud tooteid regulaarselt s\u00f5ltumatus akrediteeritud laboris, et tagada ja s\u00e4ilitada k\u00f5rgeim kvaliteet.<\/p>\n<p><strong>Koostisosad<\/strong>: L-arginiin-alfa-ketoglutaraat, gamma-aminov\u00f5ihape, mahuaine: h\u00fcdroks\u00fcprop\u00fc\u00fclmet\u00fc\u00fcltselluloos, L-ornitiin-HCL, L-l\u00fcsiin-HCL, D-asparagiinhape (DAA), L-tr\u00fcptofaan, tsinkpikolinaat (tsink), paakumisvastane aine aine: rasvhapete magneesiumisoolad; kolekaltsiferool lanoliinist (D-vitamiin), musta pipra puuviljaekstrakt (Piper nigrum L.) standardiseeritud 95% piperiiniga, p\u00fcridoksaal-5&#8242;-fosfaat (vitamiin B6).<\/p>\n<p>Toode v\u00f5ib sisaldada piima (sh laktoosi), soja, maap\u00e4hkleid, muid p\u00e4hkleid, seesamiseemneid, gluteeni sisaldavaid teravilju, mune, v\u00e4hilaadseid, kala.<\/p>\n<p><strong>Kasutamine<\/strong>: V\u00f5tke 1 portsjon (3 kapslit) p\u00e4evas.<\/p>\n<p>\u00c4rge \u00fcletage soovitatavat \u00f6\u00f6p\u00e4evast annust. Toidulisandit ei tohi kasutada mitmek\u00fclgse toitumise asendajana (asendajana). Oluline on tasakaalustatud toitumine ja tervislik eluviis. \u00c4rge tarbige, kui olete m\u00f5ne koostisosa suhtes allergiline. Enne tarbimist pidage n\u00f5u oma arsti v\u00f5i apteekriga. Toodet ei tohi kasutada lapsed, rasedad ja imetamise ajal.<\/p>\n<p><strong>Suurus:<\/strong> 90 kapslit &#8211; 30 serveeringut.<\/p>\n<table>\n<tbody>\n<tr>\n<th>Aktiivsed koostisosad<\/th>\n<th>portsjoni kohta<\/th>\n<th>% SPK*<\/th>\n<\/tr>\n<tr>\n<td>L-arginiini alfa-ketoglutaraat<\/td>\n<td>700 mg<\/td>\n<td>&#8211;<\/td>\n<\/tr>\n<tr class=\"sub\">\n<td>&#8211; millest L-arginiin<\/td>\n<td>462 mg<\/td>\n<td>&#8211;<\/td>\n<\/tr>\n<tr>\n<td>Gamma-aminov\u00f5ihape<\/td>\n<td>400 mg<\/td>\n<td>&#8211;<\/td>\n<\/tr>\n<tr>\n<td>L-ornitiin HCL<\/td>\n<td>350 mg<\/td>\n<td>&#8211;<\/td>\n<\/tr>\n<tr>\n<td>L-l\u00fcsiin HCL<\/td>\n<td>350 mg<\/td>\n<td>&#8211;<\/td>\n<\/tr>\n<tr>\n<td>D-asparagiinhape<\/td>\n<td>150 mg<\/td>\n<td>&#8211;<\/td>\n<\/tr>\n<tr>\n<td>L-tr\u00fcptofaan<\/td>\n<td>100 mg<\/td>\n<td>&#8211;<\/td>\n<\/tr>\n<tr>\n<td>Musta pipra puuviljaekstrakt<\/td>\n<td>2,1 mg<\/td>\n<td>&#8211;<\/td>\n<\/tr>\n<tr class=\"sub\">\n<td>&#8211; millest piperiin 95%<\/td>\n<td>2 mg<\/td>\n<td>&#8211;<\/td>\n<\/tr>\n<tr>\n<td>Tsink<\/td>\n<td>15 mg<\/td>\n<td>150%<\/td>\n<\/tr>\n<tr>\n<td>Vitamiin B6<\/td>\n<td>2,8 mg<\/td>\n<td>200%<\/td>\n<\/tr>\n<tr>\n<td>D3 vitamiin<\/td>\n<td>50 \u00b5g \/ 2000 R\u00dc<\/td>\n<td>100%<\/td>\n<\/tr>\n<\/tbody>\n<\/table>\n<p>*SPK \u2013 Soovitatud P\u00e4evane Kogus<\/p>\n<p>Vaata ka meie teisi Aminohappeid <a href=\"https:\/\/fit360.ee\/en\/product-category\/product-groups\/amino-acids-bcaa\/\"><strong>SIIT<\/strong><\/a> v\u00f5i Testosterooni T\u00f5stjaid <a href=\"https:\/\/fit360.ee\/en\/product-category\/product-groups\/testosterone-boosters-en\/\"><strong>SIIT<\/strong><\/a>!<\/p>\n<p>Soovid kaupa osta suuremas koguses? Vaata antud toodet ka meie HULGI poest\u00a0<a href=\"https:\/\/toidulisandidhulgi.ee\/tooted\/gh-booster-extreme-90-caps\/\"><strong>SIIT<\/strong><\/a>!<\/p>\n<\/section>\n","protected":false},"excerpt":{"rendered":"<ul class=\"cm__list\">\n<li>Sisaldab koguni 10 erinevat toimeainet<\/li>\n<li>1 portsjon = 3 kapslit.<\/li>\n<li>T\u00f5husus<\/li>\n<li>Mugav vorm<\/li>\n<\/ul>\n","protected":false},"featured_media":78934,"comment_status":"open","ping_status":"closed","template":"","meta":[],"product_brand":[],"product_cat":[520,1913,2319,2311,1329,532,2323,536,2275],"product_tag":[4833,4834,4835,1924],"giftcard-category":[],"class_list":{"0":"post-78936","1":"product","2":"type-product","3":"status-publish","4":"has-post-thumbnail","6":"product_cat-amino-acids-bcaa","7":"product_cat-d-vitamin-en","8":"product_cat-gaba-en","9":"product_cat-l-arginine-en","10":"product_cat-ostrovit-en","11":"product_cat-testosterone-boosters-en","12":"product_cat-tryptophan-en","13":"product_cat-vitamins-and-minerals-en","14":"product_cat-zinc-en","15":"product_tag-gh-en","16":"product_tag-gh-booster-en","17":"product_tag-gh-booster-extreme-en","18":"product_tag-ostrovit-en","19":"pa_kogus-90-capsules","20":"pa_toidulisand-branddd-ostrovit","21":"pa_tootegruppp-amino-acidsbcaa","22":"pa_tootegruppp-d-vitamiin-en","23":"pa_tootegruppp-gaba-en","24":"pa_tootegruppp-l-arginiin-en","25":"pa_tootegruppp-testosterone-enhancers","26":"pa_tootegruppp-truptofaan-en","27":"pa_tootegruppp-tsink-en","28":"pa_tootegruppp-vitamins-and-minerals","30":"first","31":"outofstock","32":"sale","33":"taxable","34":"shipping-taxable","35":"purchasable","36":"product-type-simple"},"yoast_head":"<!-- This site is optimized with the Yoast SEO plugin v27.3 - https:\/\/yoast.com\/product\/yoast-seo-wordpress\/ -->\n<title>GH Booster Extreme (90 caps) - Kiire Tarne - Tugev Toime - Fit360<\/title>\n<meta name=\"description\" content=\"GH Booster Extreme on kvaliteetne toidulisand, mis on koguni 10 erineva toimeaine allikaks - Tootest leiad: L-arginiini alfa-ketoglutaraati, gam...\" \/>\n<meta name=\"robots\" content=\"index, follow, max-snippet:-1, max-image-preview:large, max-video-preview:-1\" \/>\n<link rel=\"canonical\" href=\"https:\/\/fit360.ee\/en\/pood\/product-groups\/vitamins-and-minerals-en\/d-vitamin-en\/gh-booster-extreme-90-caps\/\" \/>\n<meta property=\"og:locale\" content=\"en_US\" \/>\n<meta property=\"og:type\" content=\"article\" \/>\n<meta property=\"og:title\" content=\"GH Booster Extreme (90 caps) - Kiire Tarne - Tugev Toime - Fit360\" \/>\n<meta property=\"og:description\" content=\"GH Booster Extreme on kvaliteetne toidulisand, mis on koguni 10 erineva toimeaine allikaks - Tootest leiad: L-arginiini alfa-ketoglutaraati, gam...\" \/>\n<meta property=\"og:url\" content=\"https:\/\/fit360.ee\/en\/pood\/product-groups\/vitamins-and-minerals-en\/d-vitamin-en\/gh-booster-extreme-90-caps\/\" \/>\n<meta property=\"og:site_name\" content=\"Fit360\" \/>\n<meta property=\"article:modified_time\" content=\"2025-10-10T14:26:53+00:00\" \/>\n<meta property=\"og:image\" content=\"https:\/\/fit360.ee\/wp-content\/uploads\/2024\/04\/ostrovit-gh-booster-extreme-fit360.ee-1.png\" \/>\n\t<meta property=\"og:image:width\" content=\"450\" \/>\n\t<meta property=\"og:image:height\" content=\"450\" \/>\n\t<meta property=\"og:image:type\" content=\"image\/png\" \/>\n<meta name=\"twitter:card\" content=\"summary_large_image\" \/>\n<meta name=\"twitter:label1\" content=\"Est. reading time\" \/>\n\t<meta name=\"twitter:data1\" content=\"5 minutes\" \/>\n<script type=\"application\/ld+json\" class=\"yoast-schema-graph\">{\"@context\":\"https:\\\/\\\/schema.org\",\"@graph\":[{\"@type\":\"WebPage\",\"@id\":\"https:\\\/\\\/fit360.ee\\\/en\\\/pood\\\/product-groups\\\/vitamins-and-minerals-en\\\/d-vitamin-en\\\/gh-booster-extreme-90-caps\\\/\",\"url\":\"https:\\\/\\\/fit360.ee\\\/en\\\/pood\\\/product-groups\\\/vitamins-and-minerals-en\\\/d-vitamin-en\\\/gh-booster-extreme-90-caps\\\/\",\"name\":\"GH Booster Extreme (90 caps) - Kiire Tarne - Tugev Toime - Fit360\",\"isPartOf\":{\"@id\":\"https:\\\/\\\/fit360.ee\\\/en\\\/#website\"},\"primaryImageOfPage\":{\"@id\":\"https:\\\/\\\/fit360.ee\\\/en\\\/pood\\\/product-groups\\\/vitamins-and-minerals-en\\\/d-vitamin-en\\\/gh-booster-extreme-90-caps\\\/#primaryimage\"},\"image\":{\"@id\":\"https:\\\/\\\/fit360.ee\\\/en\\\/pood\\\/product-groups\\\/vitamins-and-minerals-en\\\/d-vitamin-en\\\/gh-booster-extreme-90-caps\\\/#primaryimage\"},\"thumbnailUrl\":\"https:\\\/\\\/fit360.ee\\\/wp-content\\\/uploads\\\/2024\\\/04\\\/ostrovit-gh-booster-extreme-fit360.ee-1.png\",\"datePublished\":\"2024-04-16T09:04:39+00:00\",\"dateModified\":\"2025-10-10T14:26:53+00:00\",\"description\":\"GH Booster Extreme on kvaliteetne toidulisand, mis on koguni 10 erineva toimeaine allikaks - Tootest leiad: L-arginiini alfa-ketoglutaraati, gam...\",\"breadcrumb\":{\"@id\":\"https:\\\/\\\/fit360.ee\\\/en\\\/pood\\\/product-groups\\\/vitamins-and-minerals-en\\\/d-vitamin-en\\\/gh-booster-extreme-90-caps\\\/#breadcrumb\"},\"inLanguage\":\"en-US\",\"potentialAction\":[{\"@type\":\"ReadAction\",\"target\":[\"https:\\\/\\\/fit360.ee\\\/en\\\/pood\\\/product-groups\\\/vitamins-and-minerals-en\\\/d-vitamin-en\\\/gh-booster-extreme-90-caps\\\/\"]}]},{\"@type\":\"ImageObject\",\"inLanguage\":\"en-US\",\"@id\":\"https:\\\/\\\/fit360.ee\\\/en\\\/pood\\\/product-groups\\\/vitamins-and-minerals-en\\\/d-vitamin-en\\\/gh-booster-extreme-90-caps\\\/#primaryimage\",\"url\":\"https:\\\/\\\/fit360.ee\\\/wp-content\\\/uploads\\\/2024\\\/04\\\/ostrovit-gh-booster-extreme-fit360.ee-1.png\",\"contentUrl\":\"https:\\\/\\\/fit360.ee\\\/wp-content\\\/uploads\\\/2024\\\/04\\\/ostrovit-gh-booster-extreme-fit360.ee-1.png\",\"width\":450,\"height\":450,\"caption\":\"ostrovit gh booster extreme - fit360.ee\"},{\"@type\":\"BreadcrumbList\",\"@id\":\"https:\\\/\\\/fit360.ee\\\/en\\\/pood\\\/product-groups\\\/vitamins-and-minerals-en\\\/d-vitamin-en\\\/gh-booster-extreme-90-caps\\\/#breadcrumb\",\"itemListElement\":[{\"@type\":\"ListItem\",\"position\":1,\"name\":\"Home\",\"item\":\"https:\\\/\\\/fit360.ee\\\/en\\\/\"},{\"@type\":\"ListItem\",\"position\":2,\"name\":\"Shop\",\"item\":\"https:\\\/\\\/fit360.ee\\\/en\\\/shop\\\/\"},{\"@type\":\"ListItem\",\"position\":3,\"name\":\"GH Booster Extreme (90 caps)\"}]},{\"@type\":\"WebSite\",\"@id\":\"https:\\\/\\\/fit360.ee\\\/en\\\/#website\",\"url\":\"https:\\\/\\\/fit360.ee\\\/en\\\/\",\"name\":\"Fit360\",\"description\":\"\",\"publisher\":{\"@id\":\"https:\\\/\\\/fit360.ee\\\/en\\\/#organization\"},\"potentialAction\":[{\"@type\":\"SearchAction\",\"target\":{\"@type\":\"EntryPoint\",\"urlTemplate\":\"https:\\\/\\\/fit360.ee\\\/en\\\/?s={search_term_string}\"},\"query-input\":{\"@type\":\"PropertyValueSpecification\",\"valueRequired\":true,\"valueName\":\"search_term_string\"}}],\"inLanguage\":\"en-US\"},{\"@type\":\"Organization\",\"@id\":\"https:\\\/\\\/fit360.ee\\\/en\\\/#organization\",\"name\":\"Fit360\",\"url\":\"https:\\\/\\\/fit360.ee\\\/en\\\/\",\"logo\":{\"@type\":\"ImageObject\",\"inLanguage\":\"en-US\",\"@id\":\"https:\\\/\\\/fit360.ee\\\/en\\\/#\\\/schema\\\/logo\\\/image\\\/\",\"url\":\"https:\\\/\\\/fit360.ee\\\/wp-content\\\/uploads\\\/2017\\\/01\\\/logo-fit360.png\",\"contentUrl\":\"https:\\\/\\\/fit360.ee\\\/wp-content\\\/uploads\\\/2017\\\/01\\\/logo-fit360.png\",\"width\":180,\"height\":66,\"caption\":\"Fit360\"},\"image\":{\"@id\":\"https:\\\/\\\/fit360.ee\\\/en\\\/#\\\/schema\\\/logo\\\/image\\\/\"}}]}<\/script>\n<!-- \/ Yoast SEO plugin. -->","yoast_head_json":{"title":"GH Booster Extreme (90 caps) - Kiire Tarne - Tugev Toime - Fit360","description":"GH Booster Extreme on kvaliteetne toidulisand, mis on koguni 10 erineva toimeaine allikaks - Tootest leiad: L-arginiini alfa-ketoglutaraati, gam...","robots":{"index":"index","follow":"follow","max-snippet":"max-snippet:-1","max-image-preview":"max-image-preview:large","max-video-preview":"max-video-preview:-1"},"canonical":"https:\/\/fit360.ee\/en\/pood\/product-groups\/vitamins-and-minerals-en\/d-vitamin-en\/gh-booster-extreme-90-caps\/","og_locale":"en_US","og_type":"article","og_title":"GH Booster Extreme (90 caps) - Kiire Tarne - Tugev Toime - Fit360","og_description":"GH Booster Extreme on kvaliteetne toidulisand, mis on koguni 10 erineva toimeaine allikaks - Tootest leiad: L-arginiini alfa-ketoglutaraati, gam...","og_url":"https:\/\/fit360.ee\/en\/pood\/product-groups\/vitamins-and-minerals-en\/d-vitamin-en\/gh-booster-extreme-90-caps\/","og_site_name":"Fit360","article_modified_time":"2025-10-10T14:26:53+00:00","og_image":[{"width":450,"height":450,"url":"https:\/\/fit360.ee\/wp-content\/uploads\/2024\/04\/ostrovit-gh-booster-extreme-fit360.ee-1.png","type":"image\/png"}],"twitter_card":"summary_large_image","twitter_misc":{"Est. reading time":"5 minutes"},"schema":{"@context":"https:\/\/schema.org","@graph":[{"@type":"WebPage","@id":"https:\/\/fit360.ee\/en\/pood\/product-groups\/vitamins-and-minerals-en\/d-vitamin-en\/gh-booster-extreme-90-caps\/","url":"https:\/\/fit360.ee\/en\/pood\/product-groups\/vitamins-and-minerals-en\/d-vitamin-en\/gh-booster-extreme-90-caps\/","name":"GH Booster Extreme (90 caps) - Kiire Tarne - Tugev Toime - Fit360","isPartOf":{"@id":"https:\/\/fit360.ee\/en\/#website"},"primaryImageOfPage":{"@id":"https:\/\/fit360.ee\/en\/pood\/product-groups\/vitamins-and-minerals-en\/d-vitamin-en\/gh-booster-extreme-90-caps\/#primaryimage"},"image":{"@id":"https:\/\/fit360.ee\/en\/pood\/product-groups\/vitamins-and-minerals-en\/d-vitamin-en\/gh-booster-extreme-90-caps\/#primaryimage"},"thumbnailUrl":"https:\/\/fit360.ee\/wp-content\/uploads\/2024\/04\/ostrovit-gh-booster-extreme-fit360.ee-1.png","datePublished":"2024-04-16T09:04:39+00:00","dateModified":"2025-10-10T14:26:53+00:00","description":"GH Booster Extreme on kvaliteetne toidulisand, mis on koguni 10 erineva toimeaine allikaks - Tootest leiad: L-arginiini alfa-ketoglutaraati, gam...","breadcrumb":{"@id":"https:\/\/fit360.ee\/en\/pood\/product-groups\/vitamins-and-minerals-en\/d-vitamin-en\/gh-booster-extreme-90-caps\/#breadcrumb"},"inLanguage":"en-US","potentialAction":[{"@type":"ReadAction","target":["https:\/\/fit360.ee\/en\/pood\/product-groups\/vitamins-and-minerals-en\/d-vitamin-en\/gh-booster-extreme-90-caps\/"]}]},{"@type":"ImageObject","inLanguage":"en-US","@id":"https:\/\/fit360.ee\/en\/pood\/product-groups\/vitamins-and-minerals-en\/d-vitamin-en\/gh-booster-extreme-90-caps\/#primaryimage","url":"https:\/\/fit360.ee\/wp-content\/uploads\/2024\/04\/ostrovit-gh-booster-extreme-fit360.ee-1.png","contentUrl":"https:\/\/fit360.ee\/wp-content\/uploads\/2024\/04\/ostrovit-gh-booster-extreme-fit360.ee-1.png","width":450,"height":450,"caption":"ostrovit gh booster extreme - fit360.ee"},{"@type":"BreadcrumbList","@id":"https:\/\/fit360.ee\/en\/pood\/product-groups\/vitamins-and-minerals-en\/d-vitamin-en\/gh-booster-extreme-90-caps\/#breadcrumb","itemListElement":[{"@type":"ListItem","position":1,"name":"Home","item":"https:\/\/fit360.ee\/en\/"},{"@type":"ListItem","position":2,"name":"Shop","item":"https:\/\/fit360.ee\/en\/shop\/"},{"@type":"ListItem","position":3,"name":"GH Booster Extreme (90 caps)"}]},{"@type":"WebSite","@id":"https:\/\/fit360.ee\/en\/#website","url":"https:\/\/fit360.ee\/en\/","name":"Fit360","description":"","publisher":{"@id":"https:\/\/fit360.ee\/en\/#organization"},"potentialAction":[{"@type":"SearchAction","target":{"@type":"EntryPoint","urlTemplate":"https:\/\/fit360.ee\/en\/?s={search_term_string}"},"query-input":{"@type":"PropertyValueSpecification","valueRequired":true,"valueName":"search_term_string"}}],"inLanguage":"en-US"},{"@type":"Organization","@id":"https:\/\/fit360.ee\/en\/#organization","name":"Fit360","url":"https:\/\/fit360.ee\/en\/","logo":{"@type":"ImageObject","inLanguage":"en-US","@id":"https:\/\/fit360.ee\/en\/#\/schema\/logo\/image\/","url":"https:\/\/fit360.ee\/wp-content\/uploads\/2017\/01\/logo-fit360.png","contentUrl":"https:\/\/fit360.ee\/wp-content\/uploads\/2017\/01\/logo-fit360.png","width":180,"height":66,"caption":"Fit360"},"image":{"@id":"https:\/\/fit360.ee\/en\/#\/schema\/logo\/image\/"}}]}},"_links":{"self":[{"href":"https:\/\/fit360.ee\/en\/wp-json\/wp\/v2\/product\/78936","targetHints":{"allow":["GET"]}}],"collection":[{"href":"https:\/\/fit360.ee\/en\/wp-json\/wp\/v2\/product"}],"about":[{"href":"https:\/\/fit360.ee\/en\/wp-json\/wp\/v2\/types\/product"}],"replies":[{"embeddable":true,"href":"https:\/\/fit360.ee\/en\/wp-json\/wp\/v2\/comments?post=78936"}],"wp:featuredmedia":[{"embeddable":true,"href":"https:\/\/fit360.ee\/en\/wp-json\/wp\/v2\/media\/78934"}],"wp:attachment":[{"href":"https:\/\/fit360.ee\/en\/wp-json\/wp\/v2\/media?parent=78936"}],"wp:term":[{"taxonomy":"product_brand","embeddable":true,"href":"https:\/\/fit360.ee\/en\/wp-json\/wp\/v2\/product_brand?post=78936"},{"taxonomy":"product_cat","embeddable":true,"href":"https:\/\/fit360.ee\/en\/wp-json\/wp\/v2\/product_cat?post=78936"},{"taxonomy":"product_tag","embeddable":true,"href":"https:\/\/fit360.ee\/en\/wp-json\/wp\/v2\/product_tag?post=78936"},{"taxonomy":"giftcard-category","embeddable":true,"href":"https:\/\/fit360.ee\/en\/wp-json\/wp\/v2\/giftcard-category?post=78936"}],"curies":[{"name":"wp","href":"https:\/\/api.w.org\/{rel}","templated":true}]}}