{"id":78952,"date":"2024-04-16T11:04:40","date_gmt":"2024-04-16T09:04:40","guid":{"rendered":"https:\/\/fit360.ee\/pood\/uncategorized\/creatine-monohydrate-creapure-250-g\/"},"modified":"2026-01-21T16:49:19","modified_gmt":"2026-01-21T14:49:19","slug":"creatine-monohydrate-creapure-250-g","status":"publish","type":"product","link":"https:\/\/fit360.ee\/en\/pood\/product-groups\/creatine-en\/creatine-monohydrate-en\/creatine-monohydrate-creapure-250-g\/","title":{"rendered":"Creatine Monohydrate Creapure (250g)"},"content":{"rendered":"<h2><strong>Creapure<\/strong><\/h2>\n<p>OstroVit Creatine Monohydrate Creapure on kvaliteetne toidulisand, mis on kreatiinmonoh\u00fcdraadi allikas. Tegemist on lihtsa koostise ja loodusliku maitsega preparaadiga, mis on saadaval mugavas pulbrilises vormis. See on toode, mis on loodud sportlastele ja f\u00fc\u00fcsiliselt aktiivsetele inimestele, kes soovivad t\u00e4iendada oma igap\u00e4evast toitumist v\u00e4\u00e4rtusliku \u00fchendiga.<\/p>\n<section class=\"cm__section\">\n<ul class=\"cm__list\">\n<li><strong>Kreatiini allikas<\/strong>\u00a0\u2013 \u00dcks toidulisandi portsjon annab kehale 3500 mg kreatiinmonoh\u00fcdraati.<\/li>\n<li><strong>Lihtne koostis<\/strong>\u00a0\u2013 Toode sisaldab ainult kreatiinmonoh\u00fcdraati ilma tarbetute lisanditeta.<\/li>\n<li><strong>1 portsjon = \u00be k\u00fchvel = 3,5 g.<\/strong><\/li>\n<li><strong>T\u00f5husus<\/strong>\u00a0\u2013 \u00dcks toote pakend sisaldab 71 portsjonit preparaati.<\/li>\n<li><strong>Mugav vorm<\/strong>\u00a0\u2013 pulbrina saadaval olev preparaat tagab toidulisandi t\u00f5rgeteta tarnimise ja sobib suurep\u00e4raselt inimestele, kellel on raskusi tablettide neelamisega.<\/li>\n<\/ul>\n<h2 class=\"cm__heading\"><strong>OstroVit Creatine Monohydrate Creapure \u2013 kontsentreeritud kreatiini allikas<\/strong><\/h2>\n<p><strong>Kreatiin<\/strong>\u00a0on inimkehas looduslikult esinev keemiline \u00fchend. Aine tarnitakse organismi ka igap\u00e4evase men\u00fc\u00fcga &#8211; kreatiini leidub loomsetes toodetes, sh. liha, kala v\u00f5i munad, samuti toidulisandite kujul.<\/p>\n<p>OstroVit kasutab kreatiinmonoh\u00fcdraati ehk kreatiini molekuli ja veemolekuli kombinatsiooni \u00fcheks molekuliks &#8211; kuna kreatiin on h\u00fcdrofiilne \u00fchend, siis \u00fchineb see probleemideta veega ja on seega aine, mida eristab suurep\u00e4rane omastatavus. Kreatiinmonoh\u00fcdraat on oma struktuurilt k\u00f5ige lihtsam kreatiini vorm ja samas ka sportlaste seas populaarseim \u00fchend \u2013 sobib suurep\u00e4raselt nii algajatele kui ka professionaalidele, mis tuleneb sellest, et kreatiin t\u00f5stab f\u00fc\u00fcsilist j\u00f5udlust j\u00e4rjestikused, l\u00fchikesed, v\u00e4ga intensiivsed f\u00fc\u00fcsilised harjutused ja kasulik m\u00f5ju ilmneb 3 g kreatiini tarbimisel p\u00e4evas.<\/p>\n<\/section>\n<section class=\"cm__section\">\n<h4 class=\"cm__heading\"><strong>Laboratoorselt kinnitatud kvaliteet<\/strong><\/h4>\n<p class=\"cm__text --bold\">Klientide tervise huvides testitakse meie toodetud tooteid regulaarselt s\u00f5ltumatus akrediteeritud laboris, et tagada ja s\u00e4ilitada k\u00f5rgeim kvaliteet.<\/p>\n<p><strong>Koostisosad*<\/strong>: Kreatiin monoh\u00fcdraat (<em>Creapure<\/em>).<\/p>\n<p>Toode v\u00f5ib sisaldada piima (sh laktoosi), sojaube, maap\u00e4hkleid, muid p\u00e4hkleid, seesamiseemneid, gluteeni sisaldavaid teravilju, mune, v\u00e4hilaadseid, kala.<\/p>\n<p>*-t\u00f5lgitud on naturaalne maitse, kui soovite maitsega kreatiini koostisosasid, siis kirjutage: info@fit360.ee<\/p>\n<p><strong>Kasutamine<\/strong>: Sega portsjon 3,5 g (3\/4 lusikat\u00e4it) 100-150 ml vees v\u00f5i mahlas. Treeningup\u00e4evadel tarbi \u00fcks portsjon p\u00e4evas \u2013 p\u00e4rast \u00e4rkamist v\u00f5i p\u00e4rast treeningut. Treeninguvabadel p\u00e4evadel tarbi \u00fcks portsjon p\u00e4evas p\u00e4rast \u00e4rkamist.<\/p>\n<p><strong>Suurus<\/strong>: 250g<\/p>\n<section class=\"projector__description--nutritional row\" data-selector=\".--nutritional\">\n<div class=\"col-12 col-md-10 col-lg-8\">\n<div class=\"--nutrit\">\n<div class=\"nutrition_table_wrapper\">\n<div class=\"table_wrapper\">\n<table>\n<tbody>\n<tr>\n<th>Aktiivsed koostisosad<\/th>\n<th>Portsjoni kohta<\/th>\n<\/tr>\n<tr>\n<td>Kreatiin monoh\u00fcdraat:<\/td>\n<td>3500 mg<\/td>\n<\/tr>\n<tr class=\"sub\">\n<td>&#8211; sealhulgas kreatiin<\/td>\n<td>3000 mg<\/td>\n<\/tr>\n<\/tbody>\n<\/table>\n<p>Vaata ka meie Teisi Kreatiine <a href=\"https:\/\/fit360.ee\/en\/product-category\/product-groups\/creatine-en\/\"><strong>SIIT<\/strong><\/a> v\u00f5i Kreatiin Monoh\u00fcdraate <a href=\"https:\/\/fit360.ee\/en\/product-category\/product-groups\/creatine-en\/creatine-monohydrate-en\/\"><strong>SIIT<\/strong><\/a>!<\/p>\n<\/div>\n<\/div>\n<\/div>\n<\/div>\n<\/section>\n<section class=\"projector__comments comments row\" data-selector=\".--comments\">\n<div class=\"--label col-12\">Soovid kaupa osta suuremas koguses? Vaata antud toodet ka meie HULGI poest\u00a0<a href=\"https:\/\/toidulisandidhulgi.ee\/tooted\/creatine-monohydrate-creapure-250g\/\"><strong>SIIT<\/strong><\/a>!<\/div>\n<\/section>\n<\/section>\n","protected":false},"excerpt":{"rendered":"<ul>\n<li>Mugav kasutada<\/li>\n<li>K\u00f5ige puhtam kreatiini vorm<\/li>\n<li>Erinevad maitsed<\/li>\n<\/ul>\n","protected":false},"featured_media":78939,"comment_status":"open","ping_status":"closed","template":"","meta":[],"product_brand":[],"product_cat":[526,2412,1329,531],"product_tag":[4837,1779,1780,1924],"giftcard-category":[],"class_list":{"0":"post-78952","1":"product","2":"type-product","3":"status-publish","4":"has-post-thumbnail","6":"product_cat-creatine-en","7":"product_cat-creatine-monohydrate-en","8":"product_cat-ostrovit-en","9":"product_cat-recovery-post-workout-en","10":"product_tag-creapure-en","11":"product_tag-kreatiin-en","12":"product_tag-kreatiin-monohudraat-en","13":"product_tag-ostrovit-en","14":"pa_maitse-natural","15":"pa_maitse-ouna-mundi-en","16":"pa_maitse-rummkoola","18":"first","19":"instock","20":"sale","21":"taxable","22":"shipping-taxable","23":"purchasable","24":"product-type-variable"},"yoast_head":"<!-- This site is optimized with the Yoast SEO plugin v27.3 - https:\/\/yoast.com\/product\/yoast-seo-wordpress\/ -->\n<title>Creatine Monohydrate Creapure (250g) - K\u00f5ige puhtam kreatiin - Fit360<\/title>\n<meta name=\"description\" content=\"OstroVit Creatine Monohydrate Creapure on kvaliteetne toidulisand, mis on kreatiinmonoh\u00fcdraadi allikas. Tegemist on lihtsa koostise ja lood...\" \/>\n<meta name=\"robots\" content=\"index, follow, max-snippet:-1, max-image-preview:large, max-video-preview:-1\" \/>\n<link rel=\"canonical\" href=\"https:\/\/fit360.ee\/en\/pood\/product-groups\/creatine-en\/creatine-monohydrate-en\/creatine-monohydrate-creapure-250-g\/\" \/>\n<meta property=\"og:locale\" content=\"en_US\" \/>\n<meta property=\"og:type\" content=\"article\" \/>\n<meta property=\"og:title\" content=\"Creatine Monohydrate Creapure (250g) - K\u00f5ige puhtam kreatiin - Fit360\" \/>\n<meta property=\"og:description\" content=\"OstroVit Creatine Monohydrate Creapure on kvaliteetne toidulisand, mis on kreatiinmonoh\u00fcdraadi allikas. Tegemist on lihtsa koostise ja lood...\" \/>\n<meta property=\"og:url\" content=\"https:\/\/fit360.ee\/en\/pood\/product-groups\/creatine-en\/creatine-monohydrate-en\/creatine-monohydrate-creapure-250-g\/\" \/>\n<meta property=\"og:site_name\" content=\"Fit360\" \/>\n<meta property=\"article:modified_time\" content=\"2026-01-21T14:49:19+00:00\" \/>\n<meta property=\"og:image\" content=\"https:\/\/fit360.ee\/wp-content\/uploads\/2024\/04\/creapure-kreatiin-fit360.ee-1.png\" \/>\n\t<meta property=\"og:image:width\" content=\"450\" \/>\n\t<meta property=\"og:image:height\" content=\"450\" \/>\n\t<meta property=\"og:image:type\" content=\"image\/png\" \/>\n<meta name=\"twitter:card\" content=\"summary_large_image\" \/>\n<meta name=\"twitter:label1\" content=\"Est. reading time\" \/>\n\t<meta name=\"twitter:data1\" content=\"2 minutes\" \/>\n<script type=\"application\/ld+json\" class=\"yoast-schema-graph\">{\"@context\":\"https:\\\/\\\/schema.org\",\"@graph\":[{\"@type\":\"WebPage\",\"@id\":\"https:\\\/\\\/fit360.ee\\\/en\\\/pood\\\/product-groups\\\/creatine-en\\\/creatine-monohydrate-en\\\/creatine-monohydrate-creapure-250-g\\\/\",\"url\":\"https:\\\/\\\/fit360.ee\\\/en\\\/pood\\\/product-groups\\\/creatine-en\\\/creatine-monohydrate-en\\\/creatine-monohydrate-creapure-250-g\\\/\",\"name\":\"Creatine Monohydrate Creapure (250g) - K\u00f5ige puhtam kreatiin - Fit360\",\"isPartOf\":{\"@id\":\"https:\\\/\\\/fit360.ee\\\/en\\\/#website\"},\"primaryImageOfPage\":{\"@id\":\"https:\\\/\\\/fit360.ee\\\/en\\\/pood\\\/product-groups\\\/creatine-en\\\/creatine-monohydrate-en\\\/creatine-monohydrate-creapure-250-g\\\/#primaryimage\"},\"image\":{\"@id\":\"https:\\\/\\\/fit360.ee\\\/en\\\/pood\\\/product-groups\\\/creatine-en\\\/creatine-monohydrate-en\\\/creatine-monohydrate-creapure-250-g\\\/#primaryimage\"},\"thumbnailUrl\":\"https:\\\/\\\/fit360.ee\\\/wp-content\\\/uploads\\\/2024\\\/04\\\/creapure-kreatiin-fit360.ee-1.png\",\"datePublished\":\"2024-04-16T09:04:40+00:00\",\"dateModified\":\"2026-01-21T14:49:19+00:00\",\"description\":\"OstroVit Creatine Monohydrate Creapure on kvaliteetne toidulisand, mis on kreatiinmonoh\u00fcdraadi allikas. Tegemist on lihtsa koostise ja lood...\",\"breadcrumb\":{\"@id\":\"https:\\\/\\\/fit360.ee\\\/en\\\/pood\\\/product-groups\\\/creatine-en\\\/creatine-monohydrate-en\\\/creatine-monohydrate-creapure-250-g\\\/#breadcrumb\"},\"inLanguage\":\"en-US\",\"potentialAction\":[{\"@type\":\"ReadAction\",\"target\":[\"https:\\\/\\\/fit360.ee\\\/en\\\/pood\\\/product-groups\\\/creatine-en\\\/creatine-monohydrate-en\\\/creatine-monohydrate-creapure-250-g\\\/\"]}]},{\"@type\":\"ImageObject\",\"inLanguage\":\"en-US\",\"@id\":\"https:\\\/\\\/fit360.ee\\\/en\\\/pood\\\/product-groups\\\/creatine-en\\\/creatine-monohydrate-en\\\/creatine-monohydrate-creapure-250-g\\\/#primaryimage\",\"url\":\"https:\\\/\\\/fit360.ee\\\/wp-content\\\/uploads\\\/2024\\\/04\\\/creapure-kreatiin-fit360.ee-1.png\",\"contentUrl\":\"https:\\\/\\\/fit360.ee\\\/wp-content\\\/uploads\\\/2024\\\/04\\\/creapure-kreatiin-fit360.ee-1.png\",\"width\":450,\"height\":450,\"caption\":\"creapure kreatiin - fit360.ee\"},{\"@type\":\"BreadcrumbList\",\"@id\":\"https:\\\/\\\/fit360.ee\\\/en\\\/pood\\\/product-groups\\\/creatine-en\\\/creatine-monohydrate-en\\\/creatine-monohydrate-creapure-250-g\\\/#breadcrumb\",\"itemListElement\":[{\"@type\":\"ListItem\",\"position\":1,\"name\":\"Home\",\"item\":\"https:\\\/\\\/fit360.ee\\\/en\\\/\"},{\"@type\":\"ListItem\",\"position\":2,\"name\":\"Shop\",\"item\":\"https:\\\/\\\/fit360.ee\\\/en\\\/shop\\\/\"},{\"@type\":\"ListItem\",\"position\":3,\"name\":\"Creatine Monohydrate Creapure (250g)\"}]},{\"@type\":\"WebSite\",\"@id\":\"https:\\\/\\\/fit360.ee\\\/en\\\/#website\",\"url\":\"https:\\\/\\\/fit360.ee\\\/en\\\/\",\"name\":\"Fit360\",\"description\":\"\",\"publisher\":{\"@id\":\"https:\\\/\\\/fit360.ee\\\/en\\\/#organization\"},\"potentialAction\":[{\"@type\":\"SearchAction\",\"target\":{\"@type\":\"EntryPoint\",\"urlTemplate\":\"https:\\\/\\\/fit360.ee\\\/en\\\/?s={search_term_string}\"},\"query-input\":{\"@type\":\"PropertyValueSpecification\",\"valueRequired\":true,\"valueName\":\"search_term_string\"}}],\"inLanguage\":\"en-US\"},{\"@type\":\"Organization\",\"@id\":\"https:\\\/\\\/fit360.ee\\\/en\\\/#organization\",\"name\":\"Fit360\",\"url\":\"https:\\\/\\\/fit360.ee\\\/en\\\/\",\"logo\":{\"@type\":\"ImageObject\",\"inLanguage\":\"en-US\",\"@id\":\"https:\\\/\\\/fit360.ee\\\/en\\\/#\\\/schema\\\/logo\\\/image\\\/\",\"url\":\"https:\\\/\\\/fit360.ee\\\/wp-content\\\/uploads\\\/2017\\\/01\\\/logo-fit360.png\",\"contentUrl\":\"https:\\\/\\\/fit360.ee\\\/wp-content\\\/uploads\\\/2017\\\/01\\\/logo-fit360.png\",\"width\":180,\"height\":66,\"caption\":\"Fit360\"},\"image\":{\"@id\":\"https:\\\/\\\/fit360.ee\\\/en\\\/#\\\/schema\\\/logo\\\/image\\\/\"}}]}<\/script>\n<!-- \/ Yoast SEO plugin. -->","yoast_head_json":{"title":"Creatine Monohydrate Creapure (250g) - K\u00f5ige puhtam kreatiin - Fit360","description":"OstroVit Creatine Monohydrate Creapure on kvaliteetne toidulisand, mis on kreatiinmonoh\u00fcdraadi allikas. Tegemist on lihtsa koostise ja lood...","robots":{"index":"index","follow":"follow","max-snippet":"max-snippet:-1","max-image-preview":"max-image-preview:large","max-video-preview":"max-video-preview:-1"},"canonical":"https:\/\/fit360.ee\/en\/pood\/product-groups\/creatine-en\/creatine-monohydrate-en\/creatine-monohydrate-creapure-250-g\/","og_locale":"en_US","og_type":"article","og_title":"Creatine Monohydrate Creapure (250g) - K\u00f5ige puhtam kreatiin - Fit360","og_description":"OstroVit Creatine Monohydrate Creapure on kvaliteetne toidulisand, mis on kreatiinmonoh\u00fcdraadi allikas. Tegemist on lihtsa koostise ja lood...","og_url":"https:\/\/fit360.ee\/en\/pood\/product-groups\/creatine-en\/creatine-monohydrate-en\/creatine-monohydrate-creapure-250-g\/","og_site_name":"Fit360","article_modified_time":"2026-01-21T14:49:19+00:00","og_image":[{"width":450,"height":450,"url":"https:\/\/fit360.ee\/wp-content\/uploads\/2024\/04\/creapure-kreatiin-fit360.ee-1.png","type":"image\/png"}],"twitter_card":"summary_large_image","twitter_misc":{"Est. reading time":"2 minutes"},"schema":{"@context":"https:\/\/schema.org","@graph":[{"@type":"WebPage","@id":"https:\/\/fit360.ee\/en\/pood\/product-groups\/creatine-en\/creatine-monohydrate-en\/creatine-monohydrate-creapure-250-g\/","url":"https:\/\/fit360.ee\/en\/pood\/product-groups\/creatine-en\/creatine-monohydrate-en\/creatine-monohydrate-creapure-250-g\/","name":"Creatine Monohydrate Creapure (250g) - K\u00f5ige puhtam kreatiin - Fit360","isPartOf":{"@id":"https:\/\/fit360.ee\/en\/#website"},"primaryImageOfPage":{"@id":"https:\/\/fit360.ee\/en\/pood\/product-groups\/creatine-en\/creatine-monohydrate-en\/creatine-monohydrate-creapure-250-g\/#primaryimage"},"image":{"@id":"https:\/\/fit360.ee\/en\/pood\/product-groups\/creatine-en\/creatine-monohydrate-en\/creatine-monohydrate-creapure-250-g\/#primaryimage"},"thumbnailUrl":"https:\/\/fit360.ee\/wp-content\/uploads\/2024\/04\/creapure-kreatiin-fit360.ee-1.png","datePublished":"2024-04-16T09:04:40+00:00","dateModified":"2026-01-21T14:49:19+00:00","description":"OstroVit Creatine Monohydrate Creapure on kvaliteetne toidulisand, mis on kreatiinmonoh\u00fcdraadi allikas. Tegemist on lihtsa koostise ja lood...","breadcrumb":{"@id":"https:\/\/fit360.ee\/en\/pood\/product-groups\/creatine-en\/creatine-monohydrate-en\/creatine-monohydrate-creapure-250-g\/#breadcrumb"},"inLanguage":"en-US","potentialAction":[{"@type":"ReadAction","target":["https:\/\/fit360.ee\/en\/pood\/product-groups\/creatine-en\/creatine-monohydrate-en\/creatine-monohydrate-creapure-250-g\/"]}]},{"@type":"ImageObject","inLanguage":"en-US","@id":"https:\/\/fit360.ee\/en\/pood\/product-groups\/creatine-en\/creatine-monohydrate-en\/creatine-monohydrate-creapure-250-g\/#primaryimage","url":"https:\/\/fit360.ee\/wp-content\/uploads\/2024\/04\/creapure-kreatiin-fit360.ee-1.png","contentUrl":"https:\/\/fit360.ee\/wp-content\/uploads\/2024\/04\/creapure-kreatiin-fit360.ee-1.png","width":450,"height":450,"caption":"creapure kreatiin - fit360.ee"},{"@type":"BreadcrumbList","@id":"https:\/\/fit360.ee\/en\/pood\/product-groups\/creatine-en\/creatine-monohydrate-en\/creatine-monohydrate-creapure-250-g\/#breadcrumb","itemListElement":[{"@type":"ListItem","position":1,"name":"Home","item":"https:\/\/fit360.ee\/en\/"},{"@type":"ListItem","position":2,"name":"Shop","item":"https:\/\/fit360.ee\/en\/shop\/"},{"@type":"ListItem","position":3,"name":"Creatine Monohydrate Creapure (250g)"}]},{"@type":"WebSite","@id":"https:\/\/fit360.ee\/en\/#website","url":"https:\/\/fit360.ee\/en\/","name":"Fit360","description":"","publisher":{"@id":"https:\/\/fit360.ee\/en\/#organization"},"potentialAction":[{"@type":"SearchAction","target":{"@type":"EntryPoint","urlTemplate":"https:\/\/fit360.ee\/en\/?s={search_term_string}"},"query-input":{"@type":"PropertyValueSpecification","valueRequired":true,"valueName":"search_term_string"}}],"inLanguage":"en-US"},{"@type":"Organization","@id":"https:\/\/fit360.ee\/en\/#organization","name":"Fit360","url":"https:\/\/fit360.ee\/en\/","logo":{"@type":"ImageObject","inLanguage":"en-US","@id":"https:\/\/fit360.ee\/en\/#\/schema\/logo\/image\/","url":"https:\/\/fit360.ee\/wp-content\/uploads\/2017\/01\/logo-fit360.png","contentUrl":"https:\/\/fit360.ee\/wp-content\/uploads\/2017\/01\/logo-fit360.png","width":180,"height":66,"caption":"Fit360"},"image":{"@id":"https:\/\/fit360.ee\/en\/#\/schema\/logo\/image\/"}}]}},"_links":{"self":[{"href":"https:\/\/fit360.ee\/en\/wp-json\/wp\/v2\/product\/78952","targetHints":{"allow":["GET"]}}],"collection":[{"href":"https:\/\/fit360.ee\/en\/wp-json\/wp\/v2\/product"}],"about":[{"href":"https:\/\/fit360.ee\/en\/wp-json\/wp\/v2\/types\/product"}],"replies":[{"embeddable":true,"href":"https:\/\/fit360.ee\/en\/wp-json\/wp\/v2\/comments?post=78952"}],"wp:featuredmedia":[{"embeddable":true,"href":"https:\/\/fit360.ee\/en\/wp-json\/wp\/v2\/media\/78939"}],"wp:attachment":[{"href":"https:\/\/fit360.ee\/en\/wp-json\/wp\/v2\/media?parent=78952"}],"wp:term":[{"taxonomy":"product_brand","embeddable":true,"href":"https:\/\/fit360.ee\/en\/wp-json\/wp\/v2\/product_brand?post=78952"},{"taxonomy":"product_cat","embeddable":true,"href":"https:\/\/fit360.ee\/en\/wp-json\/wp\/v2\/product_cat?post=78952"},{"taxonomy":"product_tag","embeddable":true,"href":"https:\/\/fit360.ee\/en\/wp-json\/wp\/v2\/product_tag?post=78952"},{"taxonomy":"giftcard-category","embeddable":true,"href":"https:\/\/fit360.ee\/en\/wp-json\/wp\/v2\/giftcard-category?post=78952"}],"curies":[{"name":"wp","href":"https:\/\/api.w.org\/{rel}","templated":true}]}}