{"id":78956,"date":"2024-04-16T11:04:40","date_gmt":"2024-04-16T09:04:40","guid":{"rendered":"https:\/\/fit360.ee\/pood\/uncategorized\/ashwagandha-90-tabs\/"},"modified":"2026-04-09T14:11:33","modified_gmt":"2026-04-09T12:11:33","slug":"ashwagandha-90-tabs","status":"publish","type":"product","link":"https:\/\/fit360.ee\/en\/pood\/product-groups\/superfoods-health-foods-en\/ashwagandha-en\/ashwagandha-90-tabs\/","title":{"rendered":"Ashwagandha (90tabs)"},"content":{"rendered":"<h2><strong>Ostrovit Ashwagandha<\/strong><\/h2>\n<p>OstroVit Ashwagandha VEGE on kvaliteetne toidulisand, mis sisaldab ashwagandha juure ekstrakti, mis on standardiseeritud 1,5% anoliididega DER 6:1. Tegemist on veganpreparaadiga, mis on saadaval kergesti neelatavate tablettidena, mis on m\u00f5eldud inimestele, kes soovivad oma igap\u00e4evast toitumist v\u00e4\u00e4rtuslike \u00fchenditega t\u00e4iendada.<\/p>\n<ul class=\"cm__list\">\n<li><strong>Sisaldab ashwagandha juure ekstrakti, mis on standardiseeritud 1,5% withanolides DER 6:1<\/strong>\u00a0-ni \u2013 \u00fcks toidulisandi portsjon annab kehale 375 mg ekstrakti.<\/li>\n<li><strong>Sobib taimetoitlastele ja veganitele<\/strong>\u00a0\u2013 toode ei sisalda loomset p\u00e4ritolu koostisosi.<\/li>\n<li><strong>1 portsjon = 1 tablett<\/strong>\u00a0.<\/li>\n<li><strong>Performance<\/strong>\u00a0\u2013 tootepakendis on 90 portsjonit toodet, millest piisab kolmeks kuuks regulaarseks toidulisandiks.<\/li>\n<li><strong>Mugav vorm<\/strong>\u00a0\u2013 preparaat on saadaval kergesti neelatavate tablettidena toidulisandi t\u00f5rgeteta tarnimiseks.<\/li>\n<\/ul>\n<h4 class=\"cm__heading\"><strong>OstroVit Ashwagandha VEGE \u2013 v\u00e4\u00e4rtuslik toidulisand<\/strong><\/h4>\n<p class=\"cm__text&quot;\"><strong>Ashwagandha juure ekstrakt<\/strong>\u00a0\u2013 ekstrakt Solanaceae perekonda kuuluva taime juurtest, mida tuntakse ka kui withania somnifera v\u00f5i India \u017een\u0161enn. Ashwagandha juurt iseloomustab intensiivne aroom ja v\u00e4\u00e4rtuslike ainete rohkus &#8211; see on eelk\u00f5ige vitanoliidide allikas, mille sisaldus on standardiseeritud, kasutatakse OstroVit preparaadis, ekstrakti taimest.<\/p>\n<h2><strong>Ashwagandha<\/strong><\/h2>\n<p>Ashwagandha on adaptogeen v\u00f5i aine, mis suudab meid kohandada muutuvate keskkonnatingimustega, mis m\u00f5jutavad negatiivselt meie neerupealisi (stressiolukorrad, kurnatusseisundid). Peamine tagaj\u00e4rg on eritatava kortisooli ehk stressihormooni suurenemine, mis on kahjuks meie igap\u00e4evase elustiili \u00fcha sagedasem k\u00fclaline. Suhteliselt l\u00fchike ebakvaliteetne uni koos korduvate erutuste, pingelise t\u00f6\u00f6, stressi, monitori sinise valguse ja \u00fclej\u00e4\u00e4nud elektroonikaga meie kodudes kurnab neerupealisi v\u00e4ga. Uuringud n\u00e4itavad, et isegi ashwagandha prof\u00fclaktiline kasutamine v\u00f5ib v\u00e4hendada stressihoromeenide taset kuni 25%! See on suurep\u00e4rane tulemus.<\/p>\n<p>OstroVit Ashwagandha on soovitatav eelk\u00f5ige f\u00fc\u00fcsiliselt aktiivsetele inimestele, sest see aitab lisada vastupidavust, eluj\u00f5udu ja energiat.<\/p>\n<h4><strong>Omadused<\/strong>:<\/h4>\n<ul>\n<li>Toetab vereringes\u00fcsteemi toimimist<\/li>\n<li>Aitab kaasa n\u00e4rvis\u00fcsteemi toimimise s\u00e4ilitamisele<\/li>\n<li>Aitab kaasa f\u00fc\u00fcsilise efektiivsuse t\u00f5stmisele<\/li>\n<li>Toetab m\u00e4lu toimimist<\/li>\n<li>Aitab aeglustada keha vananemisprotsessi<\/li>\n<\/ul>\n<p><strong>Koostisosad<\/strong>: Ashwagandha juure ekstrakt (Withania somnifera L. Dunal), standardiseeritud 1,5% DER 6:1 withanolides jaoks; mahuaine &#8211; mikrokristalne tselluloos, t\u00e4rklis; paakumisvastased ained: r\u00e4nidioksiid, rasvhapete magneesiumisoolad.<\/p>\n<p><strong>Kasutamine<\/strong>: Kasutage 1 portsjon (1 tablett) p\u00e4evas.<\/p>\n<p><strong>Suurus<\/strong>: 90 tabletti &#8211; 90 serveeringut<\/p>\n<section class=\"projector__description--nutritional row\" data-selector=\".--nutritional\">\n<div class=\"col-12 col-md-10 col-lg-8\">\n<div class=\"--nutrit\">\n<div class=\"nutrition_table_wrapper\">\n<div class=\"table_wrapper\">\n<table>\n<tbody>\n<tr>\n<th>Aktiivsed koostisosad<\/th>\n<th>portsjoni kohta<\/th>\n<\/tr>\n<tr>\n<td>Ashwagandha juure ekstrakt<\/td>\n<td>\u00a0375 mg<\/td>\n<\/tr>\n<tr class=\"sub\">\n<td>&#8211; millest withanoliide (1,5%)<\/td>\n<td>\u00a05,63 mg<\/td>\n<\/tr>\n<\/tbody>\n<\/table>\n<p>Vaata ka meie Teisi Ashwagandha tooteid\u00a0<a href=\"https:\/\/fit360.ee\/en\/product-category\/product-groups\/superfoods-health-foods-en\/ashwagandha-en\/\"><strong>SIIT<\/strong><\/a>!<\/p>\n<\/div>\n<\/div>\n<\/div>\n<\/div>\n<\/section>\n<section class=\"projector__comments comments row\" data-selector=\".--comments\">\n<div class=\"--label col-12\">Soovid kaupa osta suuremas koguses? Vaata antud toodet ka meie HULGI poest\u00a0<a href=\"https:\/\/toidulisandidhulgi.ee\/tooted\/ashwagandha-90tabs-2\/\"><strong>SIIT<\/strong><\/a>!<\/div>\n<\/section>\n","protected":false},"excerpt":{"rendered":"<ul>\n<li>Toetab vereringes\u00fcsteemi toimimist<\/li>\n<li>Aitab kaasa n\u00e4rvis\u00fcsteemi toimimise s\u00e4ilitamisele<\/li>\n<li>Aitab kaasa f\u00fc\u00fcsilise efektiivsuse t\u00f5stmisele<\/li>\n<li>Toetab m\u00e4lu toimimist<\/li>\n<li>Aitab aeglustada keha vananemisprotsessi<\/li>\n<\/ul>\n","protected":false},"featured_media":78944,"comment_status":"open","ping_status":"closed","template":"","meta":[],"product_brand":[],"product_cat":[2347,2485,1329,1454,532,2664,1201],"product_tag":[2182,1924],"giftcard-category":[],"class_list":{"0":"post-78956","1":"product","2":"type-product","3":"status-publish","4":"has-post-thumbnail","6":"product_cat-ashwagandha-en","7":"product_cat-brain-support-nootropics-en","8":"product_cat-ostrovit-en","9":"product_cat-superfoods-health-foods-en","10":"product_cat-testosterone-boosters-en","11":"product_cat-vegan-capsules-en","12":"product_cat-1201","13":"product_tag-ashwagandha-en","14":"product_tag-ostrovit-en","15":"pa_kogus-90-tablets","16":"pa_toidulisand-branddd-ostrovit","17":"pa_tootegruppp-aju-tegevus-nootropics-en","18":"pa_tootegruppp-ashwagandha-en","19":"pa_tootegruppp-supertoit-tervisetoit-en","20":"pa_tootegruppp-testosterone-enhancers","21":"pa_tootegruppp-vcaps-vegan-kapslid-en","22":"pa_tootegruppp-vegan-en","24":"first","25":"instock","26":"sale","27":"taxable","28":"shipping-taxable","29":"purchasable","30":"product-type-simple"},"yoast_head":"<!-- This site is optimized with the Yoast SEO plugin v27.3 - https:\/\/yoast.com\/product\/yoast-seo-wordpress\/ -->\n<title>Ashwagandha (90tabs) - Parim Hind - Kiire Tarne - Puhas koostis - Fit360<\/title>\n<meta name=\"description\" content=\"Ashwagandha toetab vereringes\u00fcsteemi toimimist. Samuti aitab kaasa n\u00e4rvis\u00fcsteemi toimimise s\u00e4ilitamisele. Toetab m\u00e4lu toimimistning omab rahustavat toimet.\" \/>\n<meta name=\"robots\" content=\"index, follow, max-snippet:-1, max-image-preview:large, max-video-preview:-1\" \/>\n<link rel=\"canonical\" href=\"https:\/\/fit360.ee\/en\/pood\/product-groups\/superfoods-health-foods-en\/ashwagandha-en\/ashwagandha-90-tabs\/\" \/>\n<meta property=\"og:locale\" content=\"en_US\" \/>\n<meta property=\"og:type\" content=\"article\" \/>\n<meta property=\"og:title\" content=\"Ashwagandha (90tabs) - Parim Hind - Kiire Tarne - Puhas koostis - Fit360\" \/>\n<meta property=\"og:description\" content=\"Ashwagandha toetab vereringes\u00fcsteemi toimimist. Samuti aitab kaasa n\u00e4rvis\u00fcsteemi toimimise s\u00e4ilitamisele. Toetab m\u00e4lu toimimistning omab rahustavat toimet.\" \/>\n<meta property=\"og:url\" content=\"https:\/\/fit360.ee\/en\/pood\/product-groups\/superfoods-health-foods-en\/ashwagandha-en\/ashwagandha-90-tabs\/\" \/>\n<meta property=\"og:site_name\" content=\"Fit360\" \/>\n<meta property=\"article:modified_time\" content=\"2026-04-09T12:11:33+00:00\" \/>\n<meta property=\"og:image\" content=\"https:\/\/fit360.ee\/wp-content\/uploads\/2024\/04\/ashwagandha-vege-fit360.ee-1.png\" \/>\n\t<meta property=\"og:image:width\" content=\"450\" \/>\n\t<meta property=\"og:image:height\" content=\"450\" \/>\n\t<meta property=\"og:image:type\" content=\"image\/png\" \/>\n<meta name=\"twitter:card\" content=\"summary_large_image\" \/>\n<meta name=\"twitter:label1\" content=\"Est. reading time\" \/>\n\t<meta name=\"twitter:data1\" content=\"2 minutes\" \/>\n<script type=\"application\/ld+json\" class=\"yoast-schema-graph\">{\"@context\":\"https:\\\/\\\/schema.org\",\"@graph\":[{\"@type\":\"WebPage\",\"@id\":\"https:\\\/\\\/fit360.ee\\\/en\\\/pood\\\/product-groups\\\/superfoods-health-foods-en\\\/ashwagandha-en\\\/ashwagandha-90-tabs\\\/\",\"url\":\"https:\\\/\\\/fit360.ee\\\/en\\\/pood\\\/product-groups\\\/superfoods-health-foods-en\\\/ashwagandha-en\\\/ashwagandha-90-tabs\\\/\",\"name\":\"Ashwagandha (90tabs) - Parim Hind - Kiire Tarne - Puhas koostis - Fit360\",\"isPartOf\":{\"@id\":\"https:\\\/\\\/fit360.ee\\\/en\\\/#website\"},\"primaryImageOfPage\":{\"@id\":\"https:\\\/\\\/fit360.ee\\\/en\\\/pood\\\/product-groups\\\/superfoods-health-foods-en\\\/ashwagandha-en\\\/ashwagandha-90-tabs\\\/#primaryimage\"},\"image\":{\"@id\":\"https:\\\/\\\/fit360.ee\\\/en\\\/pood\\\/product-groups\\\/superfoods-health-foods-en\\\/ashwagandha-en\\\/ashwagandha-90-tabs\\\/#primaryimage\"},\"thumbnailUrl\":\"https:\\\/\\\/fit360.ee\\\/wp-content\\\/uploads\\\/2024\\\/04\\\/ashwagandha-vege-fit360.ee-1.png\",\"datePublished\":\"2024-04-16T09:04:40+00:00\",\"dateModified\":\"2026-04-09T12:11:33+00:00\",\"description\":\"Ashwagandha toetab vereringes\u00fcsteemi toimimist. Samuti aitab kaasa n\u00e4rvis\u00fcsteemi toimimise s\u00e4ilitamisele. Toetab m\u00e4lu toimimistning omab rahustavat toimet.\",\"breadcrumb\":{\"@id\":\"https:\\\/\\\/fit360.ee\\\/en\\\/pood\\\/product-groups\\\/superfoods-health-foods-en\\\/ashwagandha-en\\\/ashwagandha-90-tabs\\\/#breadcrumb\"},\"inLanguage\":\"en-US\",\"potentialAction\":[{\"@type\":\"ReadAction\",\"target\":[\"https:\\\/\\\/fit360.ee\\\/en\\\/pood\\\/product-groups\\\/superfoods-health-foods-en\\\/ashwagandha-en\\\/ashwagandha-90-tabs\\\/\"]}]},{\"@type\":\"ImageObject\",\"inLanguage\":\"en-US\",\"@id\":\"https:\\\/\\\/fit360.ee\\\/en\\\/pood\\\/product-groups\\\/superfoods-health-foods-en\\\/ashwagandha-en\\\/ashwagandha-90-tabs\\\/#primaryimage\",\"url\":\"https:\\\/\\\/fit360.ee\\\/wp-content\\\/uploads\\\/2024\\\/04\\\/ashwagandha-vege-fit360.ee-1.png\",\"contentUrl\":\"https:\\\/\\\/fit360.ee\\\/wp-content\\\/uploads\\\/2024\\\/04\\\/ashwagandha-vege-fit360.ee-1.png\",\"width\":450,\"height\":450,\"caption\":\"ashwagandha vege - fit360.ee\"},{\"@type\":\"BreadcrumbList\",\"@id\":\"https:\\\/\\\/fit360.ee\\\/en\\\/pood\\\/product-groups\\\/superfoods-health-foods-en\\\/ashwagandha-en\\\/ashwagandha-90-tabs\\\/#breadcrumb\",\"itemListElement\":[{\"@type\":\"ListItem\",\"position\":1,\"name\":\"Home\",\"item\":\"https:\\\/\\\/fit360.ee\\\/en\\\/\"},{\"@type\":\"ListItem\",\"position\":2,\"name\":\"Shop\",\"item\":\"https:\\\/\\\/fit360.ee\\\/en\\\/shop\\\/\"},{\"@type\":\"ListItem\",\"position\":3,\"name\":\"Ashwagandha (90tabs)\"}]},{\"@type\":\"WebSite\",\"@id\":\"https:\\\/\\\/fit360.ee\\\/en\\\/#website\",\"url\":\"https:\\\/\\\/fit360.ee\\\/en\\\/\",\"name\":\"Fit360\",\"description\":\"\",\"publisher\":{\"@id\":\"https:\\\/\\\/fit360.ee\\\/en\\\/#organization\"},\"potentialAction\":[{\"@type\":\"SearchAction\",\"target\":{\"@type\":\"EntryPoint\",\"urlTemplate\":\"https:\\\/\\\/fit360.ee\\\/en\\\/?s={search_term_string}\"},\"query-input\":{\"@type\":\"PropertyValueSpecification\",\"valueRequired\":true,\"valueName\":\"search_term_string\"}}],\"inLanguage\":\"en-US\"},{\"@type\":\"Organization\",\"@id\":\"https:\\\/\\\/fit360.ee\\\/en\\\/#organization\",\"name\":\"Fit360\",\"url\":\"https:\\\/\\\/fit360.ee\\\/en\\\/\",\"logo\":{\"@type\":\"ImageObject\",\"inLanguage\":\"en-US\",\"@id\":\"https:\\\/\\\/fit360.ee\\\/en\\\/#\\\/schema\\\/logo\\\/image\\\/\",\"url\":\"https:\\\/\\\/fit360.ee\\\/wp-content\\\/uploads\\\/2017\\\/01\\\/logo-fit360.png\",\"contentUrl\":\"https:\\\/\\\/fit360.ee\\\/wp-content\\\/uploads\\\/2017\\\/01\\\/logo-fit360.png\",\"width\":180,\"height\":66,\"caption\":\"Fit360\"},\"image\":{\"@id\":\"https:\\\/\\\/fit360.ee\\\/en\\\/#\\\/schema\\\/logo\\\/image\\\/\"}}]}<\/script>\n<!-- \/ Yoast SEO plugin. -->","yoast_head_json":{"title":"Ashwagandha (90tabs) - Parim Hind - Kiire Tarne - Puhas koostis - Fit360","description":"Ashwagandha toetab vereringes\u00fcsteemi toimimist. Samuti aitab kaasa n\u00e4rvis\u00fcsteemi toimimise s\u00e4ilitamisele. Toetab m\u00e4lu toimimistning omab rahustavat toimet.","robots":{"index":"index","follow":"follow","max-snippet":"max-snippet:-1","max-image-preview":"max-image-preview:large","max-video-preview":"max-video-preview:-1"},"canonical":"https:\/\/fit360.ee\/en\/pood\/product-groups\/superfoods-health-foods-en\/ashwagandha-en\/ashwagandha-90-tabs\/","og_locale":"en_US","og_type":"article","og_title":"Ashwagandha (90tabs) - Parim Hind - Kiire Tarne - Puhas koostis - Fit360","og_description":"Ashwagandha toetab vereringes\u00fcsteemi toimimist. Samuti aitab kaasa n\u00e4rvis\u00fcsteemi toimimise s\u00e4ilitamisele. Toetab m\u00e4lu toimimistning omab rahustavat toimet.","og_url":"https:\/\/fit360.ee\/en\/pood\/product-groups\/superfoods-health-foods-en\/ashwagandha-en\/ashwagandha-90-tabs\/","og_site_name":"Fit360","article_modified_time":"2026-04-09T12:11:33+00:00","og_image":[{"width":450,"height":450,"url":"https:\/\/fit360.ee\/wp-content\/uploads\/2024\/04\/ashwagandha-vege-fit360.ee-1.png","type":"image\/png"}],"twitter_card":"summary_large_image","twitter_misc":{"Est. reading time":"2 minutes"},"schema":{"@context":"https:\/\/schema.org","@graph":[{"@type":"WebPage","@id":"https:\/\/fit360.ee\/en\/pood\/product-groups\/superfoods-health-foods-en\/ashwagandha-en\/ashwagandha-90-tabs\/","url":"https:\/\/fit360.ee\/en\/pood\/product-groups\/superfoods-health-foods-en\/ashwagandha-en\/ashwagandha-90-tabs\/","name":"Ashwagandha (90tabs) - Parim Hind - Kiire Tarne - Puhas koostis - Fit360","isPartOf":{"@id":"https:\/\/fit360.ee\/en\/#website"},"primaryImageOfPage":{"@id":"https:\/\/fit360.ee\/en\/pood\/product-groups\/superfoods-health-foods-en\/ashwagandha-en\/ashwagandha-90-tabs\/#primaryimage"},"image":{"@id":"https:\/\/fit360.ee\/en\/pood\/product-groups\/superfoods-health-foods-en\/ashwagandha-en\/ashwagandha-90-tabs\/#primaryimage"},"thumbnailUrl":"https:\/\/fit360.ee\/wp-content\/uploads\/2024\/04\/ashwagandha-vege-fit360.ee-1.png","datePublished":"2024-04-16T09:04:40+00:00","dateModified":"2026-04-09T12:11:33+00:00","description":"Ashwagandha toetab vereringes\u00fcsteemi toimimist. Samuti aitab kaasa n\u00e4rvis\u00fcsteemi toimimise s\u00e4ilitamisele. Toetab m\u00e4lu toimimistning omab rahustavat toimet.","breadcrumb":{"@id":"https:\/\/fit360.ee\/en\/pood\/product-groups\/superfoods-health-foods-en\/ashwagandha-en\/ashwagandha-90-tabs\/#breadcrumb"},"inLanguage":"en-US","potentialAction":[{"@type":"ReadAction","target":["https:\/\/fit360.ee\/en\/pood\/product-groups\/superfoods-health-foods-en\/ashwagandha-en\/ashwagandha-90-tabs\/"]}]},{"@type":"ImageObject","inLanguage":"en-US","@id":"https:\/\/fit360.ee\/en\/pood\/product-groups\/superfoods-health-foods-en\/ashwagandha-en\/ashwagandha-90-tabs\/#primaryimage","url":"https:\/\/fit360.ee\/wp-content\/uploads\/2024\/04\/ashwagandha-vege-fit360.ee-1.png","contentUrl":"https:\/\/fit360.ee\/wp-content\/uploads\/2024\/04\/ashwagandha-vege-fit360.ee-1.png","width":450,"height":450,"caption":"ashwagandha vege - fit360.ee"},{"@type":"BreadcrumbList","@id":"https:\/\/fit360.ee\/en\/pood\/product-groups\/superfoods-health-foods-en\/ashwagandha-en\/ashwagandha-90-tabs\/#breadcrumb","itemListElement":[{"@type":"ListItem","position":1,"name":"Home","item":"https:\/\/fit360.ee\/en\/"},{"@type":"ListItem","position":2,"name":"Shop","item":"https:\/\/fit360.ee\/en\/shop\/"},{"@type":"ListItem","position":3,"name":"Ashwagandha (90tabs)"}]},{"@type":"WebSite","@id":"https:\/\/fit360.ee\/en\/#website","url":"https:\/\/fit360.ee\/en\/","name":"Fit360","description":"","publisher":{"@id":"https:\/\/fit360.ee\/en\/#organization"},"potentialAction":[{"@type":"SearchAction","target":{"@type":"EntryPoint","urlTemplate":"https:\/\/fit360.ee\/en\/?s={search_term_string}"},"query-input":{"@type":"PropertyValueSpecification","valueRequired":true,"valueName":"search_term_string"}}],"inLanguage":"en-US"},{"@type":"Organization","@id":"https:\/\/fit360.ee\/en\/#organization","name":"Fit360","url":"https:\/\/fit360.ee\/en\/","logo":{"@type":"ImageObject","inLanguage":"en-US","@id":"https:\/\/fit360.ee\/en\/#\/schema\/logo\/image\/","url":"https:\/\/fit360.ee\/wp-content\/uploads\/2017\/01\/logo-fit360.png","contentUrl":"https:\/\/fit360.ee\/wp-content\/uploads\/2017\/01\/logo-fit360.png","width":180,"height":66,"caption":"Fit360"},"image":{"@id":"https:\/\/fit360.ee\/en\/#\/schema\/logo\/image\/"}}]}},"_links":{"self":[{"href":"https:\/\/fit360.ee\/en\/wp-json\/wp\/v2\/product\/78956","targetHints":{"allow":["GET"]}}],"collection":[{"href":"https:\/\/fit360.ee\/en\/wp-json\/wp\/v2\/product"}],"about":[{"href":"https:\/\/fit360.ee\/en\/wp-json\/wp\/v2\/types\/product"}],"replies":[{"embeddable":true,"href":"https:\/\/fit360.ee\/en\/wp-json\/wp\/v2\/comments?post=78956"}],"wp:featuredmedia":[{"embeddable":true,"href":"https:\/\/fit360.ee\/en\/wp-json\/wp\/v2\/media\/78944"}],"wp:attachment":[{"href":"https:\/\/fit360.ee\/en\/wp-json\/wp\/v2\/media?parent=78956"}],"wp:term":[{"taxonomy":"product_brand","embeddable":true,"href":"https:\/\/fit360.ee\/en\/wp-json\/wp\/v2\/product_brand?post=78956"},{"taxonomy":"product_cat","embeddable":true,"href":"https:\/\/fit360.ee\/en\/wp-json\/wp\/v2\/product_cat?post=78956"},{"taxonomy":"product_tag","embeddable":true,"href":"https:\/\/fit360.ee\/en\/wp-json\/wp\/v2\/product_tag?post=78956"},{"taxonomy":"giftcard-category","embeddable":true,"href":"https:\/\/fit360.ee\/en\/wp-json\/wp\/v2\/giftcard-category?post=78956"}],"curies":[{"name":"wp","href":"https:\/\/api.w.org\/{rel}","templated":true}]}}