{"id":79805,"date":"2024-05-10T14:45:51","date_gmt":"2024-05-10T12:45:51","guid":{"rendered":"https:\/\/fit360.ee\/pood\/maaratlemata\/rockaway-leggings-v2\/"},"modified":"2026-03-16T18:36:34","modified_gmt":"2026-03-16T16:36:34","slug":"rockaway-leggings-v2","status":"publish","type":"product","link":"https:\/\/fit360.ee\/en\/pood\/training-equipment-en\/fitness-clothing-en\/rockaway-leggings-v2\/","title":{"rendered":"Rockaway Leggings V2"},"content":{"rendered":"<h2><strong>Rockaway Leggings V2<\/strong><\/h2>\n<p>Meie Rockaway s\u00e4\u00e4rised on t\u00e4nu oma sobivusele ja \u00f5mblusteta k\u00e4snale olnud kogukonna lemmikud juba aastaid.<br \/>\nN\u00fc\u00fcd oleme viinud nad j\u00e4rgmisele tasemele, kuulates TEIE tagasisidet. Rockaway Leggings V2 on endiselt k\u00f5rge v\u00f6\u00f6kohaga, kuid mitte nii k\u00f5rge kui meie esialgne versioon. K\u00e4snjas \u00f5mblusteta kangas on veelgi mugavam.<br \/>\nOlenevalt kehat\u00fc\u00fcbist (jalgade ja torso suhe) sobivad need s\u00e4\u00e4rised m\u00f5nel naisel keskmise v\u00f5i k\u00f5rge v\u00f6\u00f6kohaga.<\/p>\n<p>Kui otsite keskmise v\u00f5i madala v\u00f6\u00f6kohaga Rockawaysid, vaadake Rockaway Mid Leggingsit.<\/p>\n<p><strong>V\u00f6\u00f6koht<\/strong>: keskmine kuni k\u00f5rge<br \/>\n<strong>Materjal<\/strong>: 47% pol\u00fcamiid 39% pol\u00fcester 14% elastaan<br \/>\n<strong>\u200b\u200bOmadused<\/strong>: keskmine kuni k\u00f5rge v\u00f6\u00f6koht, \u00f5mblusteta, pehme ja k\u00e4snjas<\/p>\n<p><a href=\"https:\/\/fit360.ee\/wp-content\/uploads\/2024\/05\/rockaway-leggings-blue-melange-fit360.ee_-800x800.jpg\"><img loading=\"lazy\" decoding=\"async\" class=\"size-medium wp-image-79789\" src=\"https:\/\/fit360.ee\/wp-content\/uploads\/2024\/05\/rockaway-leggings-blue-melange-fit360.ee_-800x800.jpg\" alt=\"rockaway leggings blue melange - fit360.ee\" width=\"800\" height=\"800\" srcset=\"https:\/\/fit360.ee\/wp-content\/uploads\/2024\/05\/rockaway-leggings-blue-melange-fit360.ee_-800x800.jpg 800w, https:\/\/fit360.ee\/wp-content\/uploads\/2024\/05\/rockaway-leggings-blue-melange-fit360.ee_-247x247.jpg 247w, https:\/\/fit360.ee\/wp-content\/uploads\/2024\/05\/rockaway-leggings-blue-melange-fit360.ee_-100x100.jpg 100w, https:\/\/fit360.ee\/wp-content\/uploads\/2024\/05\/rockaway-leggings-blue-melange-fit360.ee_-510x510.jpg 510w, https:\/\/fit360.ee\/wp-content\/uploads\/2024\/05\/rockaway-leggings-blue-melange-fit360.ee_-340x340.jpg 340w, https:\/\/fit360.ee\/wp-content\/uploads\/2024\/05\/rockaway-leggings-blue-melange-fit360.ee_-768x768.jpg 768w, https:\/\/fit360.ee\/wp-content\/uploads\/2024\/05\/rockaway-leggings-blue-melange-fit360.ee_.jpg 1000w\" sizes=\"auto, (max-width: 800px) 100vw, 800px\" \/><\/a><\/p>\n<p><a href=\"https:\/\/fit360.ee\/wp-content\/uploads\/2024\/05\/rockaway-leggings-v2-blue-fit360.ee_-800x800.jpg\"><img loading=\"lazy\" decoding=\"async\" class=\"size-medium wp-image-79791\" src=\"https:\/\/fit360.ee\/wp-content\/uploads\/2024\/05\/rockaway-leggings-v2-blue-fit360.ee_-800x800.jpg\" alt=\"rockaway leggings v2 blue - fit360.ee\" width=\"800\" height=\"800\" srcset=\"https:\/\/fit360.ee\/wp-content\/uploads\/2024\/05\/rockaway-leggings-v2-blue-fit360.ee_-800x800.jpg 800w, https:\/\/fit360.ee\/wp-content\/uploads\/2024\/05\/rockaway-leggings-v2-blue-fit360.ee_-247x247.jpg 247w, https:\/\/fit360.ee\/wp-content\/uploads\/2024\/05\/rockaway-leggings-v2-blue-fit360.ee_-100x100.jpg 100w, https:\/\/fit360.ee\/wp-content\/uploads\/2024\/05\/rockaway-leggings-v2-blue-fit360.ee_-510x510.jpg 510w, https:\/\/fit360.ee\/wp-content\/uploads\/2024\/05\/rockaway-leggings-v2-blue-fit360.ee_-340x340.jpg 340w, https:\/\/fit360.ee\/wp-content\/uploads\/2024\/05\/rockaway-leggings-v2-blue-fit360.ee_-768x768.jpg 768w, https:\/\/fit360.ee\/wp-content\/uploads\/2024\/05\/rockaway-leggings-v2-blue-fit360.ee_.jpg 1000w\" sizes=\"auto, (max-width: 800px) 100vw, 800px\" \/><\/a><\/p>\n<p><a href=\"https:\/\/fit360.ee\/wp-content\/uploads\/2024\/05\/rockaway-leggings-v2-helesinine-fit360.ee_-800x800.jpg\"><img loading=\"lazy\" decoding=\"async\" class=\"size-medium wp-image-79793\" src=\"https:\/\/fit360.ee\/wp-content\/uploads\/2024\/05\/rockaway-leggings-v2-helesinine-fit360.ee_-800x800.jpg\" alt=\"rockaway leggings v2 helesinine - fit360.ee\" width=\"800\" height=\"800\" srcset=\"https:\/\/fit360.ee\/wp-content\/uploads\/2024\/05\/rockaway-leggings-v2-helesinine-fit360.ee_-800x800.jpg 800w, https:\/\/fit360.ee\/wp-content\/uploads\/2024\/05\/rockaway-leggings-v2-helesinine-fit360.ee_-247x247.jpg 247w, https:\/\/fit360.ee\/wp-content\/uploads\/2024\/05\/rockaway-leggings-v2-helesinine-fit360.ee_-100x100.jpg 100w, https:\/\/fit360.ee\/wp-content\/uploads\/2024\/05\/rockaway-leggings-v2-helesinine-fit360.ee_-510x510.jpg 510w, https:\/\/fit360.ee\/wp-content\/uploads\/2024\/05\/rockaway-leggings-v2-helesinine-fit360.ee_-340x340.jpg 340w, https:\/\/fit360.ee\/wp-content\/uploads\/2024\/05\/rockaway-leggings-v2-helesinine-fit360.ee_-768x768.jpg 768w, https:\/\/fit360.ee\/wp-content\/uploads\/2024\/05\/rockaway-leggings-v2-helesinine-fit360.ee_.jpg 1000w\" sizes=\"auto, (max-width: 800px) 100vw, 800px\" \/><\/a><\/p>\n<p><a href=\"https:\/\/fit360.ee\/wp-content\/uploads\/2024\/05\/rockaway-leggings-v2-blue-melange-fit360.ee_-800x800.jpg\"><img loading=\"lazy\" decoding=\"async\" class=\"size-medium wp-image-79795\" src=\"https:\/\/fit360.ee\/wp-content\/uploads\/2024\/05\/rockaway-leggings-v2-blue-melange-fit360.ee_-800x800.jpg\" alt=\"rockaway leggings v2 blue melange - fit360.ee\" width=\"800\" height=\"800\" srcset=\"https:\/\/fit360.ee\/wp-content\/uploads\/2024\/05\/rockaway-leggings-v2-blue-melange-fit360.ee_-800x800.jpg 800w, https:\/\/fit360.ee\/wp-content\/uploads\/2024\/05\/rockaway-leggings-v2-blue-melange-fit360.ee_-247x247.jpg 247w, https:\/\/fit360.ee\/wp-content\/uploads\/2024\/05\/rockaway-leggings-v2-blue-melange-fit360.ee_-100x100.jpg 100w, https:\/\/fit360.ee\/wp-content\/uploads\/2024\/05\/rockaway-leggings-v2-blue-melange-fit360.ee_-510x510.jpg 510w, https:\/\/fit360.ee\/wp-content\/uploads\/2024\/05\/rockaway-leggings-v2-blue-melange-fit360.ee_-340x340.jpg 340w, https:\/\/fit360.ee\/wp-content\/uploads\/2024\/05\/rockaway-leggings-v2-blue-melange-fit360.ee_-768x768.jpg 768w, https:\/\/fit360.ee\/wp-content\/uploads\/2024\/05\/rockaway-leggings-v2-blue-melange-fit360.ee_.jpg 1000w\" sizes=\"auto, (max-width: 800px) 100vw, 800px\" \/><\/a><\/p>\n<p><a href=\"https:\/\/fit360.ee\/wp-content\/uploads\/2024\/05\/rockaway-leggings-v2-black-fit360.ee_-800x800.jpg\"><img loading=\"lazy\" decoding=\"async\" class=\"size-medium wp-image-79797\" src=\"https:\/\/fit360.ee\/wp-content\/uploads\/2024\/05\/rockaway-leggings-v2-black-fit360.ee_-800x800.jpg\" alt=\"rockaway leggings v2 black - fit360.ee\" width=\"800\" height=\"800\" srcset=\"https:\/\/fit360.ee\/wp-content\/uploads\/2024\/05\/rockaway-leggings-v2-black-fit360.ee_-800x800.jpg 800w, https:\/\/fit360.ee\/wp-content\/uploads\/2024\/05\/rockaway-leggings-v2-black-fit360.ee_-247x247.jpg 247w, https:\/\/fit360.ee\/wp-content\/uploads\/2024\/05\/rockaway-leggings-v2-black-fit360.ee_-100x100.jpg 100w, https:\/\/fit360.ee\/wp-content\/uploads\/2024\/05\/rockaway-leggings-v2-black-fit360.ee_-510x510.jpg 510w, https:\/\/fit360.ee\/wp-content\/uploads\/2024\/05\/rockaway-leggings-v2-black-fit360.ee_-340x340.jpg 340w, https:\/\/fit360.ee\/wp-content\/uploads\/2024\/05\/rockaway-leggings-v2-black-fit360.ee_-768x768.jpg 768w, https:\/\/fit360.ee\/wp-content\/uploads\/2024\/05\/rockaway-leggings-v2-black-fit360.ee_.jpg 1000w\" sizes=\"auto, (max-width: 800px) 100vw, 800px\" \/><\/a><\/p>\n<p><a href=\"https:\/\/fit360.ee\/wp-content\/uploads\/2024\/05\/rockaway-leggings-v2-must-fit360.ee_-800x800.jpg\"><img loading=\"lazy\" decoding=\"async\" class=\"size-medium wp-image-79799\" src=\"https:\/\/fit360.ee\/wp-content\/uploads\/2024\/05\/rockaway-leggings-v2-must-fit360.ee_-800x800.jpg\" alt=\"rockaway leggings v2 must - fit360.ee\" width=\"800\" height=\"800\" srcset=\"https:\/\/fit360.ee\/wp-content\/uploads\/2024\/05\/rockaway-leggings-v2-must-fit360.ee_-800x800.jpg 800w, https:\/\/fit360.ee\/wp-content\/uploads\/2024\/05\/rockaway-leggings-v2-must-fit360.ee_-247x247.jpg 247w, https:\/\/fit360.ee\/wp-content\/uploads\/2024\/05\/rockaway-leggings-v2-must-fit360.ee_-100x100.jpg 100w, https:\/\/fit360.ee\/wp-content\/uploads\/2024\/05\/rockaway-leggings-v2-must-fit360.ee_-510x510.jpg 510w, https:\/\/fit360.ee\/wp-content\/uploads\/2024\/05\/rockaway-leggings-v2-must-fit360.ee_-340x340.jpg 340w, https:\/\/fit360.ee\/wp-content\/uploads\/2024\/05\/rockaway-leggings-v2-must-fit360.ee_-768x768.jpg 768w, https:\/\/fit360.ee\/wp-content\/uploads\/2024\/05\/rockaway-leggings-v2-must-fit360.ee_.jpg 1000w\" sizes=\"auto, (max-width: 800px) 100vw, 800px\" \/><\/a><\/p>\n<p><a href=\"https:\/\/fit360.ee\/wp-content\/uploads\/2024\/05\/rockaway-leggings-must-fit360.ee_-800x800.jpg\"><img loading=\"lazy\" decoding=\"async\" class=\"size-medium wp-image-79801\" src=\"https:\/\/fit360.ee\/wp-content\/uploads\/2024\/05\/rockaway-leggings-must-fit360.ee_-800x800.jpg\" alt=\"rockaway leggings must - fit360.ee\" width=\"800\" height=\"800\" srcset=\"https:\/\/fit360.ee\/wp-content\/uploads\/2024\/05\/rockaway-leggings-must-fit360.ee_-800x800.jpg 800w, https:\/\/fit360.ee\/wp-content\/uploads\/2024\/05\/rockaway-leggings-must-fit360.ee_-247x247.jpg 247w, https:\/\/fit360.ee\/wp-content\/uploads\/2024\/05\/rockaway-leggings-must-fit360.ee_-100x100.jpg 100w, https:\/\/fit360.ee\/wp-content\/uploads\/2024\/05\/rockaway-leggings-must-fit360.ee_-510x510.jpg 510w, https:\/\/fit360.ee\/wp-content\/uploads\/2024\/05\/rockaway-leggings-must-fit360.ee_-340x340.jpg 340w, https:\/\/fit360.ee\/wp-content\/uploads\/2024\/05\/rockaway-leggings-must-fit360.ee_-768x768.jpg 768w, https:\/\/fit360.ee\/wp-content\/uploads\/2024\/05\/rockaway-leggings-must-fit360.ee_.jpg 1000w\" sizes=\"auto, (max-width: 800px) 100vw, 800px\" \/><\/a><\/p>\n<p><a href=\"https:\/\/fit360.ee\/wp-content\/uploads\/2024\/05\/rockaway-leggings-v2-fit360.ee_-800x800.jpg\"><img loading=\"lazy\" decoding=\"async\" class=\"size-medium wp-image-79803\" src=\"https:\/\/fit360.ee\/wp-content\/uploads\/2024\/05\/rockaway-leggings-v2-fit360.ee_-800x800.jpg\" alt=\"rockaway leggings v2 - fit360.ee\" width=\"800\" height=\"800\" srcset=\"https:\/\/fit360.ee\/wp-content\/uploads\/2024\/05\/rockaway-leggings-v2-fit360.ee_-800x800.jpg 800w, https:\/\/fit360.ee\/wp-content\/uploads\/2024\/05\/rockaway-leggings-v2-fit360.ee_-247x247.jpg 247w, https:\/\/fit360.ee\/wp-content\/uploads\/2024\/05\/rockaway-leggings-v2-fit360.ee_-100x100.jpg 100w, https:\/\/fit360.ee\/wp-content\/uploads\/2024\/05\/rockaway-leggings-v2-fit360.ee_-510x510.jpg 510w, https:\/\/fit360.ee\/wp-content\/uploads\/2024\/05\/rockaway-leggings-v2-fit360.ee_-340x340.jpg 340w, https:\/\/fit360.ee\/wp-content\/uploads\/2024\/05\/rockaway-leggings-v2-fit360.ee_-768x768.jpg 768w, https:\/\/fit360.ee\/wp-content\/uploads\/2024\/05\/rockaway-leggings-v2-fit360.ee_.jpg 1000w\" sizes=\"auto, (max-width: 800px) 100vw, 800px\" \/><\/a><\/p>\n<p>&nbsp;<\/p>\n<p>Vaata ka meie teisi naiste riideid <a href=\"https:\/\/fit360.ee\/en\/product-category\/training-equipment-en\/fitness-clothing-en\/\"><strong>SIIT<\/strong><\/a>!<\/p>\n","protected":false},"excerpt":{"rendered":"<p><strong>V\u00f6\u00f6koht<\/strong>: keskmine kuni k\u00f5rge<br \/>\n<strong>Materjal<\/strong>: 47% pol\u00fcamiid 39% pol\u00fcester 14% elastaan<br \/>\n<strong>\u200b\u200bOmadused<\/strong>: keskmine kuni k\u00f5rge v\u00f6\u00f6koht, \u00f5mblusteta, pehme ja k\u00e4snjas<\/p>\n","protected":false},"featured_media":79804,"comment_status":"open","ping_status":"closed","template":"","meta":[],"product_brand":[],"product_cat":[547],"product_tag":[2522,4865],"giftcard-category":[],"class_list":{"0":"post-79805","1":"product","2":"type-product","3":"status-publish","4":"has-post-thumbnail","6":"product_cat-fitness-clothing-en","7":"product_tag-better-bodies-en","8":"product_tag-rockaway-leggings-v2-en","9":"pa_suurus-l","10":"pa_suurus-m","11":"pa_suurus-s","12":"pa_varvus-light-blue","13":"pa_varvus-black","15":"first","16":"instock","17":"sale","18":"taxable","19":"shipping-taxable","20":"purchasable","21":"product-type-variable"},"yoast_head":"<!-- This site is optimized with the Yoast SEO plugin v27.3 - https:\/\/yoast.com\/product\/yoast-seo-wordpress\/ -->\n<title>Rockaway Leggings V2 - Stiilsed naiste retuusid - Kiire Tarne - Kvaliteet - Fit360<\/title>\n<meta name=\"description\" content=\"Rockaway Leggings V2 on endiselt k\u00f5rge v\u00f6\u00f6kohaga, kuid mitte nii k\u00f5rge kui meie esialgne versioon. K\u00e4snjas \u00f5mblusteta kangas on veelgi mugavam.\" \/>\n<meta name=\"robots\" content=\"index, follow, max-snippet:-1, max-image-preview:large, max-video-preview:-1\" \/>\n<link rel=\"canonical\" href=\"https:\/\/fit360.ee\/en\/pood\/training-equipment-en\/fitness-clothing-en\/rockaway-leggings-v2\/\" \/>\n<meta property=\"og:locale\" content=\"en_US\" \/>\n<meta property=\"og:type\" content=\"article\" \/>\n<meta property=\"og:title\" content=\"Rockaway Leggings V2 - Stiilsed naiste retuusid - Kiire Tarne - Kvaliteet - Fit360\" \/>\n<meta property=\"og:description\" content=\"Rockaway Leggings V2 on endiselt k\u00f5rge v\u00f6\u00f6kohaga, kuid mitte nii k\u00f5rge kui meie esialgne versioon. K\u00e4snjas \u00f5mblusteta kangas on veelgi mugavam.\" \/>\n<meta property=\"og:url\" content=\"https:\/\/fit360.ee\/en\/pood\/training-equipment-en\/fitness-clothing-en\/rockaway-leggings-v2\/\" \/>\n<meta property=\"og:site_name\" content=\"Fit360\" \/>\n<meta property=\"article:modified_time\" content=\"2026-03-16T16:36:34+00:00\" \/>\n<meta property=\"og:image\" content=\"https:\/\/fit360.ee\/wp-content\/uploads\/2024\/05\/rockaway-leggings-v2-fit360.ee_.jpg\" \/>\n\t<meta property=\"og:image:width\" content=\"1000\" \/>\n\t<meta property=\"og:image:height\" content=\"1000\" \/>\n\t<meta property=\"og:image:type\" content=\"image\/jpeg\" \/>\n<meta name=\"twitter:card\" content=\"summary_large_image\" \/>\n<meta name=\"twitter:label1\" content=\"Est. reading time\" \/>\n\t<meta name=\"twitter:data1\" content=\"3 minutes\" \/>\n<script type=\"application\/ld+json\" class=\"yoast-schema-graph\">{\"@context\":\"https:\\\/\\\/schema.org\",\"@graph\":[{\"@type\":\"WebPage\",\"@id\":\"https:\\\/\\\/fit360.ee\\\/en\\\/pood\\\/training-equipment-en\\\/fitness-clothing-en\\\/rockaway-leggings-v2\\\/\",\"url\":\"https:\\\/\\\/fit360.ee\\\/en\\\/pood\\\/training-equipment-en\\\/fitness-clothing-en\\\/rockaway-leggings-v2\\\/\",\"name\":\"Rockaway Leggings V2 - Stiilsed naiste retuusid - Kiire Tarne - Kvaliteet - Fit360\",\"isPartOf\":{\"@id\":\"https:\\\/\\\/fit360.ee\\\/en\\\/#website\"},\"primaryImageOfPage\":{\"@id\":\"https:\\\/\\\/fit360.ee\\\/en\\\/pood\\\/training-equipment-en\\\/fitness-clothing-en\\\/rockaway-leggings-v2\\\/#primaryimage\"},\"image\":{\"@id\":\"https:\\\/\\\/fit360.ee\\\/en\\\/pood\\\/training-equipment-en\\\/fitness-clothing-en\\\/rockaway-leggings-v2\\\/#primaryimage\"},\"thumbnailUrl\":\"https:\\\/\\\/fit360.ee\\\/wp-content\\\/uploads\\\/2024\\\/05\\\/rockaway-leggings-v2-fit360.ee_.jpg\",\"datePublished\":\"2024-05-10T12:45:51+00:00\",\"dateModified\":\"2026-03-16T16:36:34+00:00\",\"description\":\"Rockaway Leggings V2 on endiselt k\u00f5rge v\u00f6\u00f6kohaga, kuid mitte nii k\u00f5rge kui meie esialgne versioon. K\u00e4snjas \u00f5mblusteta kangas on veelgi mugavam.\",\"breadcrumb\":{\"@id\":\"https:\\\/\\\/fit360.ee\\\/en\\\/pood\\\/training-equipment-en\\\/fitness-clothing-en\\\/rockaway-leggings-v2\\\/#breadcrumb\"},\"inLanguage\":\"en-US\",\"potentialAction\":[{\"@type\":\"ReadAction\",\"target\":[\"https:\\\/\\\/fit360.ee\\\/en\\\/pood\\\/training-equipment-en\\\/fitness-clothing-en\\\/rockaway-leggings-v2\\\/\"]}]},{\"@type\":\"ImageObject\",\"inLanguage\":\"en-US\",\"@id\":\"https:\\\/\\\/fit360.ee\\\/en\\\/pood\\\/training-equipment-en\\\/fitness-clothing-en\\\/rockaway-leggings-v2\\\/#primaryimage\",\"url\":\"https:\\\/\\\/fit360.ee\\\/wp-content\\\/uploads\\\/2024\\\/05\\\/rockaway-leggings-v2-fit360.ee_.jpg\",\"contentUrl\":\"https:\\\/\\\/fit360.ee\\\/wp-content\\\/uploads\\\/2024\\\/05\\\/rockaway-leggings-v2-fit360.ee_.jpg\",\"width\":1000,\"height\":1000,\"caption\":\"rockaway leggings v2 - fit360.ee\"},{\"@type\":\"BreadcrumbList\",\"@id\":\"https:\\\/\\\/fit360.ee\\\/en\\\/pood\\\/training-equipment-en\\\/fitness-clothing-en\\\/rockaway-leggings-v2\\\/#breadcrumb\",\"itemListElement\":[{\"@type\":\"ListItem\",\"position\":1,\"name\":\"Home\",\"item\":\"https:\\\/\\\/fit360.ee\\\/en\\\/\"},{\"@type\":\"ListItem\",\"position\":2,\"name\":\"Shop\",\"item\":\"https:\\\/\\\/fit360.ee\\\/en\\\/shop\\\/\"},{\"@type\":\"ListItem\",\"position\":3,\"name\":\"Rockaway Leggings V2\"}]},{\"@type\":\"WebSite\",\"@id\":\"https:\\\/\\\/fit360.ee\\\/en\\\/#website\",\"url\":\"https:\\\/\\\/fit360.ee\\\/en\\\/\",\"name\":\"Fit360\",\"description\":\"\",\"publisher\":{\"@id\":\"https:\\\/\\\/fit360.ee\\\/en\\\/#organization\"},\"potentialAction\":[{\"@type\":\"SearchAction\",\"target\":{\"@type\":\"EntryPoint\",\"urlTemplate\":\"https:\\\/\\\/fit360.ee\\\/en\\\/?s={search_term_string}\"},\"query-input\":{\"@type\":\"PropertyValueSpecification\",\"valueRequired\":true,\"valueName\":\"search_term_string\"}}],\"inLanguage\":\"en-US\"},{\"@type\":\"Organization\",\"@id\":\"https:\\\/\\\/fit360.ee\\\/en\\\/#organization\",\"name\":\"Fit360\",\"url\":\"https:\\\/\\\/fit360.ee\\\/en\\\/\",\"logo\":{\"@type\":\"ImageObject\",\"inLanguage\":\"en-US\",\"@id\":\"https:\\\/\\\/fit360.ee\\\/en\\\/#\\\/schema\\\/logo\\\/image\\\/\",\"url\":\"https:\\\/\\\/fit360.ee\\\/wp-content\\\/uploads\\\/2017\\\/01\\\/logo-fit360.png\",\"contentUrl\":\"https:\\\/\\\/fit360.ee\\\/wp-content\\\/uploads\\\/2017\\\/01\\\/logo-fit360.png\",\"width\":180,\"height\":66,\"caption\":\"Fit360\"},\"image\":{\"@id\":\"https:\\\/\\\/fit360.ee\\\/en\\\/#\\\/schema\\\/logo\\\/image\\\/\"}}]}<\/script>\n<!-- \/ Yoast SEO plugin. -->","yoast_head_json":{"title":"Rockaway Leggings V2 - Stiilsed naiste retuusid - Kiire Tarne - Kvaliteet - Fit360","description":"Rockaway Leggings V2 on endiselt k\u00f5rge v\u00f6\u00f6kohaga, kuid mitte nii k\u00f5rge kui meie esialgne versioon. K\u00e4snjas \u00f5mblusteta kangas on veelgi mugavam.","robots":{"index":"index","follow":"follow","max-snippet":"max-snippet:-1","max-image-preview":"max-image-preview:large","max-video-preview":"max-video-preview:-1"},"canonical":"https:\/\/fit360.ee\/en\/pood\/training-equipment-en\/fitness-clothing-en\/rockaway-leggings-v2\/","og_locale":"en_US","og_type":"article","og_title":"Rockaway Leggings V2 - Stiilsed naiste retuusid - Kiire Tarne - Kvaliteet - Fit360","og_description":"Rockaway Leggings V2 on endiselt k\u00f5rge v\u00f6\u00f6kohaga, kuid mitte nii k\u00f5rge kui meie esialgne versioon. K\u00e4snjas \u00f5mblusteta kangas on veelgi mugavam.","og_url":"https:\/\/fit360.ee\/en\/pood\/training-equipment-en\/fitness-clothing-en\/rockaway-leggings-v2\/","og_site_name":"Fit360","article_modified_time":"2026-03-16T16:36:34+00:00","og_image":[{"width":1000,"height":1000,"url":"https:\/\/fit360.ee\/wp-content\/uploads\/2024\/05\/rockaway-leggings-v2-fit360.ee_.jpg","type":"image\/jpeg"}],"twitter_card":"summary_large_image","twitter_misc":{"Est. reading time":"3 minutes"},"schema":{"@context":"https:\/\/schema.org","@graph":[{"@type":"WebPage","@id":"https:\/\/fit360.ee\/en\/pood\/training-equipment-en\/fitness-clothing-en\/rockaway-leggings-v2\/","url":"https:\/\/fit360.ee\/en\/pood\/training-equipment-en\/fitness-clothing-en\/rockaway-leggings-v2\/","name":"Rockaway Leggings V2 - Stiilsed naiste retuusid - Kiire Tarne - Kvaliteet - Fit360","isPartOf":{"@id":"https:\/\/fit360.ee\/en\/#website"},"primaryImageOfPage":{"@id":"https:\/\/fit360.ee\/en\/pood\/training-equipment-en\/fitness-clothing-en\/rockaway-leggings-v2\/#primaryimage"},"image":{"@id":"https:\/\/fit360.ee\/en\/pood\/training-equipment-en\/fitness-clothing-en\/rockaway-leggings-v2\/#primaryimage"},"thumbnailUrl":"https:\/\/fit360.ee\/wp-content\/uploads\/2024\/05\/rockaway-leggings-v2-fit360.ee_.jpg","datePublished":"2024-05-10T12:45:51+00:00","dateModified":"2026-03-16T16:36:34+00:00","description":"Rockaway Leggings V2 on endiselt k\u00f5rge v\u00f6\u00f6kohaga, kuid mitte nii k\u00f5rge kui meie esialgne versioon. K\u00e4snjas \u00f5mblusteta kangas on veelgi mugavam.","breadcrumb":{"@id":"https:\/\/fit360.ee\/en\/pood\/training-equipment-en\/fitness-clothing-en\/rockaway-leggings-v2\/#breadcrumb"},"inLanguage":"en-US","potentialAction":[{"@type":"ReadAction","target":["https:\/\/fit360.ee\/en\/pood\/training-equipment-en\/fitness-clothing-en\/rockaway-leggings-v2\/"]}]},{"@type":"ImageObject","inLanguage":"en-US","@id":"https:\/\/fit360.ee\/en\/pood\/training-equipment-en\/fitness-clothing-en\/rockaway-leggings-v2\/#primaryimage","url":"https:\/\/fit360.ee\/wp-content\/uploads\/2024\/05\/rockaway-leggings-v2-fit360.ee_.jpg","contentUrl":"https:\/\/fit360.ee\/wp-content\/uploads\/2024\/05\/rockaway-leggings-v2-fit360.ee_.jpg","width":1000,"height":1000,"caption":"rockaway leggings v2 - fit360.ee"},{"@type":"BreadcrumbList","@id":"https:\/\/fit360.ee\/en\/pood\/training-equipment-en\/fitness-clothing-en\/rockaway-leggings-v2\/#breadcrumb","itemListElement":[{"@type":"ListItem","position":1,"name":"Home","item":"https:\/\/fit360.ee\/en\/"},{"@type":"ListItem","position":2,"name":"Shop","item":"https:\/\/fit360.ee\/en\/shop\/"},{"@type":"ListItem","position":3,"name":"Rockaway Leggings V2"}]},{"@type":"WebSite","@id":"https:\/\/fit360.ee\/en\/#website","url":"https:\/\/fit360.ee\/en\/","name":"Fit360","description":"","publisher":{"@id":"https:\/\/fit360.ee\/en\/#organization"},"potentialAction":[{"@type":"SearchAction","target":{"@type":"EntryPoint","urlTemplate":"https:\/\/fit360.ee\/en\/?s={search_term_string}"},"query-input":{"@type":"PropertyValueSpecification","valueRequired":true,"valueName":"search_term_string"}}],"inLanguage":"en-US"},{"@type":"Organization","@id":"https:\/\/fit360.ee\/en\/#organization","name":"Fit360","url":"https:\/\/fit360.ee\/en\/","logo":{"@type":"ImageObject","inLanguage":"en-US","@id":"https:\/\/fit360.ee\/en\/#\/schema\/logo\/image\/","url":"https:\/\/fit360.ee\/wp-content\/uploads\/2017\/01\/logo-fit360.png","contentUrl":"https:\/\/fit360.ee\/wp-content\/uploads\/2017\/01\/logo-fit360.png","width":180,"height":66,"caption":"Fit360"},"image":{"@id":"https:\/\/fit360.ee\/en\/#\/schema\/logo\/image\/"}}]}},"_links":{"self":[{"href":"https:\/\/fit360.ee\/en\/wp-json\/wp\/v2\/product\/79805","targetHints":{"allow":["GET"]}}],"collection":[{"href":"https:\/\/fit360.ee\/en\/wp-json\/wp\/v2\/product"}],"about":[{"href":"https:\/\/fit360.ee\/en\/wp-json\/wp\/v2\/types\/product"}],"replies":[{"embeddable":true,"href":"https:\/\/fit360.ee\/en\/wp-json\/wp\/v2\/comments?post=79805"}],"wp:featuredmedia":[{"embeddable":true,"href":"https:\/\/fit360.ee\/en\/wp-json\/wp\/v2\/media\/79804"}],"wp:attachment":[{"href":"https:\/\/fit360.ee\/en\/wp-json\/wp\/v2\/media?parent=79805"}],"wp:term":[{"taxonomy":"product_brand","embeddable":true,"href":"https:\/\/fit360.ee\/en\/wp-json\/wp\/v2\/product_brand?post=79805"},{"taxonomy":"product_cat","embeddable":true,"href":"https:\/\/fit360.ee\/en\/wp-json\/wp\/v2\/product_cat?post=79805"},{"taxonomy":"product_tag","embeddable":true,"href":"https:\/\/fit360.ee\/en\/wp-json\/wp\/v2\/product_tag?post=79805"},{"taxonomy":"giftcard-category","embeddable":true,"href":"https:\/\/fit360.ee\/en\/wp-json\/wp\/v2\/giftcard-category?post=79805"}],"curies":[{"name":"wp","href":"https:\/\/api.w.org\/{rel}","templated":true}]}}