{"id":79819,"date":"2024-05-10T14:45:51","date_gmt":"2024-05-10T12:45:51","guid":{"rendered":"https:\/\/fit360.ee\/pood\/maaratlemata\/core-tights\/"},"modified":"2026-03-16T18:15:43","modified_gmt":"2026-03-16T16:15:43","slug":"core-tights","status":"publish","type":"product","link":"https:\/\/fit360.ee\/en\/pood\/training-equipment-en\/fitness-clothing-en\/core-tights\/","title":{"rendered":"Core Tights"},"content":{"rendered":"<h2><strong>Core Tights<\/strong><\/h2>\n<p>Core Tights on valmistatud \u00f5hemast, kuid vastupidavast funktsionaalsest kangast. Need tagavad soovitud katte ilma tugeva kokkusurumiseta ja elastne v\u00f6\u00f6rihm istub mugavalt iga treeningu ajal. Pol\u00fcestri ja elastaani segu muudab need paindlikuks k\u00f5igeks alates s\u00fcgavast k\u00fckist kuni j\u00f5ut\u00f5stmiseni. Need v\u00f5ivad toimida ka sisemise kihina j\u00f5usaaliv\u00e4liste tegevuste jaoks.<\/p>\n<p><strong>Sobivus:\u00a0Tihe<br \/>\nPikkus:<\/strong>\u00a0Tavaline<br \/>\n<strong>Materjal:<\/strong>\u00a080% pol\u00fcester 20% elastaan<br \/>\n<strong>\u200b\u200bOmadused:<\/strong>\u00a0Elastne v\u00f6\u00f6koht, logo jalas, funktsionaalne kangas<\/p>\n<p><a href=\"https:\/\/fit360.ee\/wp-content\/uploads\/2024\/05\/gasp-core-tights-must-fit360.ee_-800x800.jpg\"><img loading=\"lazy\" decoding=\"async\" class=\"size-medium wp-image-79813\" src=\"https:\/\/fit360.ee\/wp-content\/uploads\/2024\/05\/gasp-core-tights-must-fit360.ee_-800x800.jpg\" alt=\"gasp core tights must - fit360.ee\" width=\"800\" height=\"800\" srcset=\"https:\/\/fit360.ee\/wp-content\/uploads\/2024\/05\/gasp-core-tights-must-fit360.ee_-800x800.jpg 800w, https:\/\/fit360.ee\/wp-content\/uploads\/2024\/05\/gasp-core-tights-must-fit360.ee_-247x247.jpg 247w, https:\/\/fit360.ee\/wp-content\/uploads\/2024\/05\/gasp-core-tights-must-fit360.ee_-100x100.jpg 100w, https:\/\/fit360.ee\/wp-content\/uploads\/2024\/05\/gasp-core-tights-must-fit360.ee_-510x510.jpg 510w, https:\/\/fit360.ee\/wp-content\/uploads\/2024\/05\/gasp-core-tights-must-fit360.ee_-340x340.jpg 340w, https:\/\/fit360.ee\/wp-content\/uploads\/2024\/05\/gasp-core-tights-must-fit360.ee_-768x768.jpg 768w, https:\/\/fit360.ee\/wp-content\/uploads\/2024\/05\/gasp-core-tights-must-fit360.ee_.jpg 1000w\" sizes=\"auto, (max-width: 800px) 100vw, 800px\" \/><\/a><\/p>\n<p><a href=\"https:\/\/fit360.ee\/wp-content\/uploads\/2024\/05\/gasp-core-tights-fit360.ee_-800x800.jpg\"><img loading=\"lazy\" decoding=\"async\" class=\"alignnone size-medium wp-image-79815\" src=\"https:\/\/fit360.ee\/wp-content\/uploads\/2024\/05\/gasp-core-tights-fit360.ee_-800x800.jpg\" alt=\"\" width=\"800\" height=\"800\" srcset=\"https:\/\/fit360.ee\/wp-content\/uploads\/2024\/05\/gasp-core-tights-fit360.ee_-800x800.jpg 800w, https:\/\/fit360.ee\/wp-content\/uploads\/2024\/05\/gasp-core-tights-fit360.ee_-247x247.jpg 247w, https:\/\/fit360.ee\/wp-content\/uploads\/2024\/05\/gasp-core-tights-fit360.ee_-100x100.jpg 100w, https:\/\/fit360.ee\/wp-content\/uploads\/2024\/05\/gasp-core-tights-fit360.ee_-510x510.jpg 510w, https:\/\/fit360.ee\/wp-content\/uploads\/2024\/05\/gasp-core-tights-fit360.ee_-340x340.jpg 340w, https:\/\/fit360.ee\/wp-content\/uploads\/2024\/05\/gasp-core-tights-fit360.ee_-768x768.jpg 768w, https:\/\/fit360.ee\/wp-content\/uploads\/2024\/05\/gasp-core-tights-fit360.ee_.jpg 1000w\" sizes=\"auto, (max-width: 800px) 100vw, 800px\" \/><\/a> <a href=\"https:\/\/fit360.ee\/wp-content\/uploads\/2024\/05\/core-tights-fit360.ee_-800x800.jpg\"><img loading=\"lazy\" decoding=\"async\" class=\"alignnone size-medium wp-image-79817\" src=\"https:\/\/fit360.ee\/wp-content\/uploads\/2024\/05\/core-tights-fit360.ee_-800x800.jpg\" alt=\"\" width=\"800\" height=\"800\" srcset=\"https:\/\/fit360.ee\/wp-content\/uploads\/2024\/05\/core-tights-fit360.ee_-800x800.jpg 800w, https:\/\/fit360.ee\/wp-content\/uploads\/2024\/05\/core-tights-fit360.ee_-247x247.jpg 247w, https:\/\/fit360.ee\/wp-content\/uploads\/2024\/05\/core-tights-fit360.ee_-100x100.jpg 100w, https:\/\/fit360.ee\/wp-content\/uploads\/2024\/05\/core-tights-fit360.ee_-510x510.jpg 510w, https:\/\/fit360.ee\/wp-content\/uploads\/2024\/05\/core-tights-fit360.ee_-340x340.jpg 340w, https:\/\/fit360.ee\/wp-content\/uploads\/2024\/05\/core-tights-fit360.ee_-768x768.jpg 768w, https:\/\/fit360.ee\/wp-content\/uploads\/2024\/05\/core-tights-fit360.ee_.jpg 1000w\" sizes=\"auto, (max-width: 800px) 100vw, 800px\" \/><\/a><\/p>\n<p>Vaata ka teisi Meeste Riideid <a href=\"https:\/\/fit360.ee\/en\/product-category\/training-equipment-en\/fitness-clothing-en\/\"><strong>SIIT<\/strong><\/a>!<\/p>\n","protected":false},"excerpt":{"rendered":"<p><strong>Sobivus:\u00a0Tihe<br \/>\nPikkus:<\/strong>\u00a0Tavaline<br \/>\n<strong>Materjal:<\/strong>\u00a080% pol\u00fcester 20% elastaan<br \/>\n<strong>\u200b\u200bOmadused:<\/strong>\u00a0Elastne v\u00f6\u00f6koht, logo jalas, funktsionaalne kangas<\/p>\n","protected":false},"featured_media":79818,"comment_status":"open","ping_status":"closed","template":"","meta":[],"product_brand":[],"product_cat":[547],"product_tag":[4867,2515],"giftcard-category":[],"class_list":{"0":"post-79819","1":"product","2":"type-product","3":"status-publish","4":"has-post-thumbnail","6":"product_cat-fitness-clothing-en","7":"product_tag-core-tights-en","8":"product_tag-gasp-en","9":"pa_suurus-l","10":"pa_suurus-m","11":"pa_suurus-s","12":"pa_suurus-xl","13":"pa_suurus-xxl","14":"pa_varvus-black","15":"pa_varvus-greencamo","17":"first","18":"instock","19":"sale","20":"taxable","21":"shipping-taxable","22":"purchasable","23":"product-type-variable"},"yoast_head":"<!-- This site is optimized with the Yoast SEO plugin v27.3 - https:\/\/yoast.com\/product\/yoast-seo-wordpress\/ -->\n<title>Core Tights - Meeste liibuvad treeningp\u00fcksid - Kiire Tarne - Kvaliteet - Fit360<\/title>\n<meta name=\"description\" content=\"Core Tights on valmistatud \u00f5hemast, kuid vastupidavast funktsionaalsest kangast. Need tagavad soovitud katte ilma tugeva kokkusurumiseta ja elastne v\u00f6\u00f6r...\" \/>\n<meta name=\"robots\" content=\"index, follow, max-snippet:-1, max-image-preview:large, max-video-preview:-1\" \/>\n<link rel=\"canonical\" href=\"https:\/\/fit360.ee\/en\/pood\/training-equipment-en\/fitness-clothing-en\/core-tights\/\" \/>\n<meta property=\"og:locale\" content=\"en_US\" \/>\n<meta property=\"og:type\" content=\"article\" \/>\n<meta property=\"og:title\" content=\"Core Tights - Meeste liibuvad treeningp\u00fcksid - Kiire Tarne - Kvaliteet - Fit360\" \/>\n<meta property=\"og:description\" content=\"Core Tights on valmistatud \u00f5hemast, kuid vastupidavast funktsionaalsest kangast. Need tagavad soovitud katte ilma tugeva kokkusurumiseta ja elastne v\u00f6\u00f6r...\" \/>\n<meta property=\"og:url\" content=\"https:\/\/fit360.ee\/en\/pood\/training-equipment-en\/fitness-clothing-en\/core-tights\/\" \/>\n<meta property=\"og:site_name\" content=\"Fit360\" \/>\n<meta property=\"article:modified_time\" content=\"2026-03-16T16:15:43+00:00\" \/>\n<meta property=\"og:image\" content=\"https:\/\/fit360.ee\/wp-content\/uploads\/2024\/05\/core-tights-fit360.ee_.jpg\" \/>\n\t<meta property=\"og:image:width\" content=\"1000\" \/>\n\t<meta property=\"og:image:height\" content=\"1000\" \/>\n\t<meta property=\"og:image:type\" content=\"image\/jpeg\" \/>\n<meta name=\"twitter:card\" content=\"summary_large_image\" \/>\n<meta name=\"twitter:label1\" content=\"Est. reading time\" \/>\n\t<meta name=\"twitter:data1\" content=\"2 minutes\" \/>\n<script type=\"application\/ld+json\" class=\"yoast-schema-graph\">{\"@context\":\"https:\\\/\\\/schema.org\",\"@graph\":[{\"@type\":\"WebPage\",\"@id\":\"https:\\\/\\\/fit360.ee\\\/en\\\/pood\\\/training-equipment-en\\\/fitness-clothing-en\\\/core-tights\\\/\",\"url\":\"https:\\\/\\\/fit360.ee\\\/en\\\/pood\\\/training-equipment-en\\\/fitness-clothing-en\\\/core-tights\\\/\",\"name\":\"Core Tights - Meeste liibuvad treeningp\u00fcksid - Kiire Tarne - Kvaliteet - Fit360\",\"isPartOf\":{\"@id\":\"https:\\\/\\\/fit360.ee\\\/en\\\/#website\"},\"primaryImageOfPage\":{\"@id\":\"https:\\\/\\\/fit360.ee\\\/en\\\/pood\\\/training-equipment-en\\\/fitness-clothing-en\\\/core-tights\\\/#primaryimage\"},\"image\":{\"@id\":\"https:\\\/\\\/fit360.ee\\\/en\\\/pood\\\/training-equipment-en\\\/fitness-clothing-en\\\/core-tights\\\/#primaryimage\"},\"thumbnailUrl\":\"https:\\\/\\\/fit360.ee\\\/wp-content\\\/uploads\\\/2024\\\/05\\\/core-tights-fit360.ee_.jpg\",\"datePublished\":\"2024-05-10T12:45:51+00:00\",\"dateModified\":\"2026-03-16T16:15:43+00:00\",\"description\":\"Core Tights on valmistatud \u00f5hemast, kuid vastupidavast funktsionaalsest kangast. Need tagavad soovitud katte ilma tugeva kokkusurumiseta ja elastne v\u00f6\u00f6r...\",\"breadcrumb\":{\"@id\":\"https:\\\/\\\/fit360.ee\\\/en\\\/pood\\\/training-equipment-en\\\/fitness-clothing-en\\\/core-tights\\\/#breadcrumb\"},\"inLanguage\":\"en-US\",\"potentialAction\":[{\"@type\":\"ReadAction\",\"target\":[\"https:\\\/\\\/fit360.ee\\\/en\\\/pood\\\/training-equipment-en\\\/fitness-clothing-en\\\/core-tights\\\/\"]}]},{\"@type\":\"ImageObject\",\"inLanguage\":\"en-US\",\"@id\":\"https:\\\/\\\/fit360.ee\\\/en\\\/pood\\\/training-equipment-en\\\/fitness-clothing-en\\\/core-tights\\\/#primaryimage\",\"url\":\"https:\\\/\\\/fit360.ee\\\/wp-content\\\/uploads\\\/2024\\\/05\\\/core-tights-fit360.ee_.jpg\",\"contentUrl\":\"https:\\\/\\\/fit360.ee\\\/wp-content\\\/uploads\\\/2024\\\/05\\\/core-tights-fit360.ee_.jpg\",\"width\":1000,\"height\":1000},{\"@type\":\"BreadcrumbList\",\"@id\":\"https:\\\/\\\/fit360.ee\\\/en\\\/pood\\\/training-equipment-en\\\/fitness-clothing-en\\\/core-tights\\\/#breadcrumb\",\"itemListElement\":[{\"@type\":\"ListItem\",\"position\":1,\"name\":\"Home\",\"item\":\"https:\\\/\\\/fit360.ee\\\/en\\\/\"},{\"@type\":\"ListItem\",\"position\":2,\"name\":\"Shop\",\"item\":\"https:\\\/\\\/fit360.ee\\\/en\\\/shop\\\/\"},{\"@type\":\"ListItem\",\"position\":3,\"name\":\"Core Tights\"}]},{\"@type\":\"WebSite\",\"@id\":\"https:\\\/\\\/fit360.ee\\\/en\\\/#website\",\"url\":\"https:\\\/\\\/fit360.ee\\\/en\\\/\",\"name\":\"Fit360\",\"description\":\"\",\"publisher\":{\"@id\":\"https:\\\/\\\/fit360.ee\\\/en\\\/#organization\"},\"potentialAction\":[{\"@type\":\"SearchAction\",\"target\":{\"@type\":\"EntryPoint\",\"urlTemplate\":\"https:\\\/\\\/fit360.ee\\\/en\\\/?s={search_term_string}\"},\"query-input\":{\"@type\":\"PropertyValueSpecification\",\"valueRequired\":true,\"valueName\":\"search_term_string\"}}],\"inLanguage\":\"en-US\"},{\"@type\":\"Organization\",\"@id\":\"https:\\\/\\\/fit360.ee\\\/en\\\/#organization\",\"name\":\"Fit360\",\"url\":\"https:\\\/\\\/fit360.ee\\\/en\\\/\",\"logo\":{\"@type\":\"ImageObject\",\"inLanguage\":\"en-US\",\"@id\":\"https:\\\/\\\/fit360.ee\\\/en\\\/#\\\/schema\\\/logo\\\/image\\\/\",\"url\":\"https:\\\/\\\/fit360.ee\\\/wp-content\\\/uploads\\\/2017\\\/01\\\/logo-fit360.png\",\"contentUrl\":\"https:\\\/\\\/fit360.ee\\\/wp-content\\\/uploads\\\/2017\\\/01\\\/logo-fit360.png\",\"width\":180,\"height\":66,\"caption\":\"Fit360\"},\"image\":{\"@id\":\"https:\\\/\\\/fit360.ee\\\/en\\\/#\\\/schema\\\/logo\\\/image\\\/\"}}]}<\/script>\n<!-- \/ Yoast SEO plugin. -->","yoast_head_json":{"title":"Core Tights - Meeste liibuvad treeningp\u00fcksid - Kiire Tarne - Kvaliteet - Fit360","description":"Core Tights on valmistatud \u00f5hemast, kuid vastupidavast funktsionaalsest kangast. Need tagavad soovitud katte ilma tugeva kokkusurumiseta ja elastne v\u00f6\u00f6r...","robots":{"index":"index","follow":"follow","max-snippet":"max-snippet:-1","max-image-preview":"max-image-preview:large","max-video-preview":"max-video-preview:-1"},"canonical":"https:\/\/fit360.ee\/en\/pood\/training-equipment-en\/fitness-clothing-en\/core-tights\/","og_locale":"en_US","og_type":"article","og_title":"Core Tights - Meeste liibuvad treeningp\u00fcksid - Kiire Tarne - Kvaliteet - Fit360","og_description":"Core Tights on valmistatud \u00f5hemast, kuid vastupidavast funktsionaalsest kangast. Need tagavad soovitud katte ilma tugeva kokkusurumiseta ja elastne v\u00f6\u00f6r...","og_url":"https:\/\/fit360.ee\/en\/pood\/training-equipment-en\/fitness-clothing-en\/core-tights\/","og_site_name":"Fit360","article_modified_time":"2026-03-16T16:15:43+00:00","og_image":[{"width":1000,"height":1000,"url":"https:\/\/fit360.ee\/wp-content\/uploads\/2024\/05\/core-tights-fit360.ee_.jpg","type":"image\/jpeg"}],"twitter_card":"summary_large_image","twitter_misc":{"Est. reading time":"2 minutes"},"schema":{"@context":"https:\/\/schema.org","@graph":[{"@type":"WebPage","@id":"https:\/\/fit360.ee\/en\/pood\/training-equipment-en\/fitness-clothing-en\/core-tights\/","url":"https:\/\/fit360.ee\/en\/pood\/training-equipment-en\/fitness-clothing-en\/core-tights\/","name":"Core Tights - Meeste liibuvad treeningp\u00fcksid - Kiire Tarne - Kvaliteet - Fit360","isPartOf":{"@id":"https:\/\/fit360.ee\/en\/#website"},"primaryImageOfPage":{"@id":"https:\/\/fit360.ee\/en\/pood\/training-equipment-en\/fitness-clothing-en\/core-tights\/#primaryimage"},"image":{"@id":"https:\/\/fit360.ee\/en\/pood\/training-equipment-en\/fitness-clothing-en\/core-tights\/#primaryimage"},"thumbnailUrl":"https:\/\/fit360.ee\/wp-content\/uploads\/2024\/05\/core-tights-fit360.ee_.jpg","datePublished":"2024-05-10T12:45:51+00:00","dateModified":"2026-03-16T16:15:43+00:00","description":"Core Tights on valmistatud \u00f5hemast, kuid vastupidavast funktsionaalsest kangast. Need tagavad soovitud katte ilma tugeva kokkusurumiseta ja elastne v\u00f6\u00f6r...","breadcrumb":{"@id":"https:\/\/fit360.ee\/en\/pood\/training-equipment-en\/fitness-clothing-en\/core-tights\/#breadcrumb"},"inLanguage":"en-US","potentialAction":[{"@type":"ReadAction","target":["https:\/\/fit360.ee\/en\/pood\/training-equipment-en\/fitness-clothing-en\/core-tights\/"]}]},{"@type":"ImageObject","inLanguage":"en-US","@id":"https:\/\/fit360.ee\/en\/pood\/training-equipment-en\/fitness-clothing-en\/core-tights\/#primaryimage","url":"https:\/\/fit360.ee\/wp-content\/uploads\/2024\/05\/core-tights-fit360.ee_.jpg","contentUrl":"https:\/\/fit360.ee\/wp-content\/uploads\/2024\/05\/core-tights-fit360.ee_.jpg","width":1000,"height":1000},{"@type":"BreadcrumbList","@id":"https:\/\/fit360.ee\/en\/pood\/training-equipment-en\/fitness-clothing-en\/core-tights\/#breadcrumb","itemListElement":[{"@type":"ListItem","position":1,"name":"Home","item":"https:\/\/fit360.ee\/en\/"},{"@type":"ListItem","position":2,"name":"Shop","item":"https:\/\/fit360.ee\/en\/shop\/"},{"@type":"ListItem","position":3,"name":"Core Tights"}]},{"@type":"WebSite","@id":"https:\/\/fit360.ee\/en\/#website","url":"https:\/\/fit360.ee\/en\/","name":"Fit360","description":"","publisher":{"@id":"https:\/\/fit360.ee\/en\/#organization"},"potentialAction":[{"@type":"SearchAction","target":{"@type":"EntryPoint","urlTemplate":"https:\/\/fit360.ee\/en\/?s={search_term_string}"},"query-input":{"@type":"PropertyValueSpecification","valueRequired":true,"valueName":"search_term_string"}}],"inLanguage":"en-US"},{"@type":"Organization","@id":"https:\/\/fit360.ee\/en\/#organization","name":"Fit360","url":"https:\/\/fit360.ee\/en\/","logo":{"@type":"ImageObject","inLanguage":"en-US","@id":"https:\/\/fit360.ee\/en\/#\/schema\/logo\/image\/","url":"https:\/\/fit360.ee\/wp-content\/uploads\/2017\/01\/logo-fit360.png","contentUrl":"https:\/\/fit360.ee\/wp-content\/uploads\/2017\/01\/logo-fit360.png","width":180,"height":66,"caption":"Fit360"},"image":{"@id":"https:\/\/fit360.ee\/en\/#\/schema\/logo\/image\/"}}]}},"_links":{"self":[{"href":"https:\/\/fit360.ee\/en\/wp-json\/wp\/v2\/product\/79819","targetHints":{"allow":["GET"]}}],"collection":[{"href":"https:\/\/fit360.ee\/en\/wp-json\/wp\/v2\/product"}],"about":[{"href":"https:\/\/fit360.ee\/en\/wp-json\/wp\/v2\/types\/product"}],"replies":[{"embeddable":true,"href":"https:\/\/fit360.ee\/en\/wp-json\/wp\/v2\/comments?post=79819"}],"wp:featuredmedia":[{"embeddable":true,"href":"https:\/\/fit360.ee\/en\/wp-json\/wp\/v2\/media\/79818"}],"wp:attachment":[{"href":"https:\/\/fit360.ee\/en\/wp-json\/wp\/v2\/media?parent=79819"}],"wp:term":[{"taxonomy":"product_brand","embeddable":true,"href":"https:\/\/fit360.ee\/en\/wp-json\/wp\/v2\/product_brand?post=79819"},{"taxonomy":"product_cat","embeddable":true,"href":"https:\/\/fit360.ee\/en\/wp-json\/wp\/v2\/product_cat?post=79819"},{"taxonomy":"product_tag","embeddable":true,"href":"https:\/\/fit360.ee\/en\/wp-json\/wp\/v2\/product_tag?post=79819"},{"taxonomy":"giftcard-category","embeddable":true,"href":"https:\/\/fit360.ee\/en\/wp-json\/wp\/v2\/giftcard-category?post=79819"}],"curies":[{"name":"wp","href":"https:\/\/api.w.org\/{rel}","templated":true}]}}