{"id":79971,"date":"2024-05-15T09:41:20","date_gmt":"2024-05-15T07:41:20","guid":{"rendered":"https:\/\/fit360.ee\/pood\/maaratlemata\/inulin-500g\/"},"modified":"2026-04-10T15:12:59","modified_gmt":"2026-04-10T13:12:59","slug":"inulin-500g","status":"publish","type":"product","link":"https:\/\/fit360.ee\/en\/pood\/product-groups\/superfoods-health-foods-en\/fiber-en\/inulin-500g\/","title":{"rendered":"Inulin (500g)"},"content":{"rendered":"<h2 class=\"cm__heading\"><strong>Inuliin<\/strong><\/h2>\n<p class=\"cm__text --bold\">OstroVit Inuliin on kvaliteetne toidulisand, mis sisaldab sigurist saadud inuliini. See on lihtsa koostisega preparaat, mis on saadaval mugavas pulbrina. See on toode, mis on m\u00f5eldud inimestele, kes soovivad t\u00e4iendada oma igap\u00e4evast dieeti v\u00e4\u00e4rtusliku \u00fchendiga.<\/p>\n<section class=\"cm__stats\">\n<section class=\"cm__section\">\n<ul class=\"cm__list\">\n<li><strong>Inuliini allikas<\/strong>\u00a0\u2013 toidulisand sisaldab 100% sigurist saadud inuliini.<\/li>\n<li><strong>Kiudainete allikas<\/strong>\u00a0\u2013 100 g preparaati annab organismile 86 g kiudaineid.<\/li>\n<li><strong>Lihtne koostis<\/strong>\u00a0\u2013 toode sisaldab ainult sigurist saadud inuliini, ilma tarbetute lisanditeta.<\/li>\n<li><strong>1 portsjon = 1 lusikas = 5 g.<\/strong><\/li>\n<li><strong>Toimivus<\/strong>\u00a0&#8211; \u00fcks toote pakend sisaldab 100 portsjonit preparaati.<\/li>\n<li><strong>Mugav vorm<\/strong>\u00a0\u2013 pulbrina saadaval olev toode tagab toidulisandi probleemivaba pakkumise ja sobib suurep\u00e4raselt inimestele, kellel on raskusi tablettide neelamisega \u2013 lihtsalt sega osa tootest veega ja valmis!<\/li>\n<\/ul>\n<h2 class=\"cm__heading\"><strong>OstroVit Inuliin \u2013 v\u00e4\u00e4rtusliku \u00fchendi v\u00e4\u00e4rtuslik allikas<\/strong><\/h2>\n<p><strong>Inuliin<\/strong>\u00a0\u2013 \u00fchend, mis koosneb enam kui 30 lihtsuhkru molekulist, mis on \u00fchendatud hargnemata ahelas \u03b2-2,1-gl\u00fckosiidsidemetega. Tegemist on taimse p\u00e4ritoluga pol\u00fcsahhariidiga, mis on varuvaru. See on aine, mis ei seedu seedetrakti \u00fclaosas, mist\u00f5ttu transporditakse see seedimata kujul j\u00e4mesoolde, kus see l\u00e4bib k\u00e4\u00e4rsooles bakteriaalse k\u00e4\u00e4rimise. Inuliin on rikas kiudainete allikas, mist\u00f5ttu kasutatakse seda kiudainetena. Samas peetakse \u00fchendit prebiootikumiks, olles suurep\u00e4raseks kasvulavaks seedes\u00fcsteemis elavatele headele bakteritele.<\/p>\n<\/section>\n<section class=\"cm__section\">\n<h4 class=\"cm__heading\"><strong>Laboratoorselt kinnitatud kvaliteet<\/strong><\/h4>\n<p class=\"cm__text --bold\">Klientide tervise huvides testitakse meie toodetud tooteid regulaarselt s\u00f5ltumatus akrediteeritud laboris, et tagada ja s\u00e4ilitada k\u00f5rgeim kvaliteet.<\/p>\n<p><strong>Koostisosad<\/strong>: Siguri inuliin (prebiootikum).<\/p>\n<p><strong>Kasutamine<\/strong>: Lahustage portsjon 5 g (1 lusikas) 150 ml vees. V\u00f5tke \u00fcks portsjon p\u00e4evas. V\u00f5ib lisada ka smuutidele, jogurtitele, mahladele. Toidulisandi v\u00f5tmisel juua umbes 2 l vett p\u00e4evas.<\/p>\n<p><strong>Suurus:<\/strong> 500g<\/p>\n<section class=\"projector__description--nutritional row\" data-selector=\".--nutritional\">\n<div class=\"col-12 col-md-10 col-lg-8\">\n<div class=\"--nutrit\">\n<div class=\"nutrition_table_wrapper\">\n<div class=\"table_wrapper\">\n<table>\n<tbody>\n<tr>\n<th>Toitev\u00e4\u00e4rtused<\/th>\n<th>1 portsjoni kohta<\/th>\n<th>100 g kohta<\/th>\n<\/tr>\n<tr>\n<td>Energia<\/td>\n<td>44 kJ \/ 11 kcal<\/td>\n<td>875 kJ \/ 216 kcal<\/td>\n<\/tr>\n<tr>\n<td>Rasv:<\/td>\n<td>0 g<\/td>\n<td>0 g<\/td>\n<\/tr>\n<tr class=\"sub\">\n<td>&#8211; <em>millest<\/em> k\u00fcllastunud rasvhapped<\/td>\n<td>0 g<\/td>\n<td>0 g<\/td>\n<\/tr>\n<tr>\n<td>S\u00fcsivesikud:<\/td>\n<td>0,6 g<\/td>\n<td>11 g<\/td>\n<\/tr>\n<tr class=\"sub\">\n<td>&#8211; &#8211; <em>millest<\/em> suhkrud<\/td>\n<td>0,6 g<\/td>\n<td>11 g<\/td>\n<\/tr>\n<tr>\n<td>Kiudained<\/td>\n<td>4,3 g<\/td>\n<td>86 g<\/td>\n<\/tr>\n<tr>\n<td>Valgud<\/td>\n<td>0 g<\/td>\n<td>0 g<\/td>\n<\/tr>\n<tr>\n<td>Sool<\/td>\n<td>0 g<\/td>\n<td>0 g<\/td>\n<\/tr>\n<tr>\n<th>Aktiivsed koostisosad<\/th>\n<th>1 portsjoni kohta<\/th>\n<th>100 g kohta<\/th>\n<\/tr>\n<tr>\n<td>Siguri inuliin (prebiootikum)<\/td>\n<td>5 g<\/td>\n<td>100 g<\/td>\n<\/tr>\n<\/tbody>\n<\/table>\n<p>Vaata ka meie teisi Kiudaineid <a href=\"https:\/\/fit360.ee\/en\/product-category\/product-groups\/superfoods-health-foods-en\/fiber-en\/\"><strong>SIIT<\/strong><\/a>\u00a0v\u00f5i Supertoite <a href=\"https:\/\/fit360.ee\/en\/product-category\/product-groups\/superfoods-health-foods-en\/\"><strong>SIIT<\/strong><\/a>!<\/p>\n<p>Soovid kaupa osta suuremas koguses? Vaata antud toodet ka meie HULGI poest\u00a0<a href=\"https:\/\/toidulisandidhulgi.ee\/tooted\/inulin-500g\/\"><strong>SIIT<\/strong><\/a>!<\/p>\n<\/div>\n<\/div>\n<\/div>\n<\/div>\n<\/section>\n<\/section>\n<\/section>\n","protected":false},"excerpt":{"rendered":"<ul>\n<li>100% puhas<\/li>\n<li>Prebiootiline kiudaine allikas<\/li>\n<li>Kasulik seedimisele<\/li>\n<\/ul>\n","protected":false},"featured_media":88430,"comment_status":"open","ping_status":"closed","template":"","meta":[],"product_brand":[],"product_cat":[2351,519,1329,1454,1201],"product_tag":[4581,4871,1924,4872],"giftcard-category":[],"class_list":{"0":"post-79971","1":"product","2":"type-product","3":"status-publish","4":"has-post-thumbnail","6":"product_cat-fiber-en","7":"product_cat-product-groups","8":"product_cat-ostrovit-en","9":"product_cat-superfoods-health-foods-en","10":"product_cat-1201","11":"product_tag-inuliin-en","12":"product_tag-kiudained-en","13":"product_tag-ostrovit-en","14":"product_tag-ostrovit-inuliin-en","15":"pa_kogus-500g-en","16":"pa_maitse-natural","17":"pa_toidulisand-branddd-ostrovit","18":"pa_tootegruppp-kiudained-en","19":"pa_tootegruppp-supertoit-tervisetoit-en","21":"first","22":"outofstock","23":"sale","24":"taxable","25":"shipping-taxable","26":"purchasable","27":"product-type-simple"},"yoast_head":"<!-- This site is optimized with the Yoast SEO plugin v27.3 - https:\/\/yoast.com\/product\/yoast-seo-wordpress\/ -->\n<title>Inulin (500g) - Prebiootiline kiudaine - Kiire Tarne - 100% puhas - Fit360<\/title>\n<meta name=\"description\" content=\"OstroVit Inuliin on kvaliteetne toidulisand, mis sisaldab sigurist saadud inuliini. See on lihtsa koostisega preparaat, mis on saadaval mugavas pulbri..\" \/>\n<meta name=\"robots\" content=\"index, follow, max-snippet:-1, max-image-preview:large, max-video-preview:-1\" \/>\n<link rel=\"canonical\" href=\"https:\/\/fit360.ee\/en\/pood\/product-groups\/superfoods-health-foods-en\/fiber-en\/inulin-500g\/\" \/>\n<meta property=\"og:locale\" content=\"en_US\" \/>\n<meta property=\"og:type\" content=\"article\" \/>\n<meta property=\"og:title\" content=\"Inulin (500g) - Prebiootiline kiudaine - Kiire Tarne - 100% puhas - Fit360\" \/>\n<meta property=\"og:description\" content=\"OstroVit Inuliin on kvaliteetne toidulisand, mis sisaldab sigurist saadud inuliini. See on lihtsa koostisega preparaat, mis on saadaval mugavas pulbri..\" \/>\n<meta property=\"og:url\" content=\"https:\/\/fit360.ee\/en\/pood\/product-groups\/superfoods-health-foods-en\/fiber-en\/inulin-500g\/\" \/>\n<meta property=\"og:site_name\" content=\"Fit360\" \/>\n<meta property=\"article:modified_time\" content=\"2026-04-10T13:12:59+00:00\" \/>\n<meta property=\"og:image\" content=\"https:\/\/fit360.ee\/wp-content\/uploads\/2024\/05\/eng_pm_OstroVit-Inulin-500-g-26839_1.png\" \/>\n\t<meta property=\"og:image:width\" content=\"450\" \/>\n\t<meta property=\"og:image:height\" content=\"450\" \/>\n\t<meta property=\"og:image:type\" content=\"image\/png\" \/>\n<meta name=\"twitter:card\" content=\"summary_large_image\" \/>\n<meta name=\"twitter:label1\" content=\"Est. reading time\" \/>\n\t<meta name=\"twitter:data1\" content=\"2 minutes\" \/>\n<script type=\"application\/ld+json\" class=\"yoast-schema-graph\">{\"@context\":\"https:\\\/\\\/schema.org\",\"@graph\":[{\"@type\":\"WebPage\",\"@id\":\"https:\\\/\\\/fit360.ee\\\/en\\\/pood\\\/product-groups\\\/superfoods-health-foods-en\\\/fiber-en\\\/inulin-500g\\\/\",\"url\":\"https:\\\/\\\/fit360.ee\\\/en\\\/pood\\\/product-groups\\\/superfoods-health-foods-en\\\/fiber-en\\\/inulin-500g\\\/\",\"name\":\"Inulin (500g) - Prebiootiline kiudaine - Kiire Tarne - 100% puhas - Fit360\",\"isPartOf\":{\"@id\":\"https:\\\/\\\/fit360.ee\\\/en\\\/#website\"},\"primaryImageOfPage\":{\"@id\":\"https:\\\/\\\/fit360.ee\\\/en\\\/pood\\\/product-groups\\\/superfoods-health-foods-en\\\/fiber-en\\\/inulin-500g\\\/#primaryimage\"},\"image\":{\"@id\":\"https:\\\/\\\/fit360.ee\\\/en\\\/pood\\\/product-groups\\\/superfoods-health-foods-en\\\/fiber-en\\\/inulin-500g\\\/#primaryimage\"},\"thumbnailUrl\":\"https:\\\/\\\/fit360.ee\\\/wp-content\\\/uploads\\\/2024\\\/05\\\/eng_pm_OstroVit-Inulin-500-g-26839_1.png\",\"datePublished\":\"2024-05-15T07:41:20+00:00\",\"dateModified\":\"2026-04-10T13:12:59+00:00\",\"description\":\"OstroVit Inuliin on kvaliteetne toidulisand, mis sisaldab sigurist saadud inuliini. See on lihtsa koostisega preparaat, mis on saadaval mugavas pulbri..\",\"breadcrumb\":{\"@id\":\"https:\\\/\\\/fit360.ee\\\/en\\\/pood\\\/product-groups\\\/superfoods-health-foods-en\\\/fiber-en\\\/inulin-500g\\\/#breadcrumb\"},\"inLanguage\":\"en-US\",\"potentialAction\":[{\"@type\":\"ReadAction\",\"target\":[\"https:\\\/\\\/fit360.ee\\\/en\\\/pood\\\/product-groups\\\/superfoods-health-foods-en\\\/fiber-en\\\/inulin-500g\\\/\"]}]},{\"@type\":\"ImageObject\",\"inLanguage\":\"en-US\",\"@id\":\"https:\\\/\\\/fit360.ee\\\/en\\\/pood\\\/product-groups\\\/superfoods-health-foods-en\\\/fiber-en\\\/inulin-500g\\\/#primaryimage\",\"url\":\"https:\\\/\\\/fit360.ee\\\/wp-content\\\/uploads\\\/2024\\\/05\\\/eng_pm_OstroVit-Inulin-500-g-26839_1.png\",\"contentUrl\":\"https:\\\/\\\/fit360.ee\\\/wp-content\\\/uploads\\\/2024\\\/05\\\/eng_pm_OstroVit-Inulin-500-g-26839_1.png\",\"width\":450,\"height\":450},{\"@type\":\"BreadcrumbList\",\"@id\":\"https:\\\/\\\/fit360.ee\\\/en\\\/pood\\\/product-groups\\\/superfoods-health-foods-en\\\/fiber-en\\\/inulin-500g\\\/#breadcrumb\",\"itemListElement\":[{\"@type\":\"ListItem\",\"position\":1,\"name\":\"Home\",\"item\":\"https:\\\/\\\/fit360.ee\\\/en\\\/\"},{\"@type\":\"ListItem\",\"position\":2,\"name\":\"Shop\",\"item\":\"https:\\\/\\\/fit360.ee\\\/en\\\/shop\\\/\"},{\"@type\":\"ListItem\",\"position\":3,\"name\":\"Inulin (500g)\"}]},{\"@type\":\"WebSite\",\"@id\":\"https:\\\/\\\/fit360.ee\\\/en\\\/#website\",\"url\":\"https:\\\/\\\/fit360.ee\\\/en\\\/\",\"name\":\"Fit360\",\"description\":\"\",\"publisher\":{\"@id\":\"https:\\\/\\\/fit360.ee\\\/en\\\/#organization\"},\"potentialAction\":[{\"@type\":\"SearchAction\",\"target\":{\"@type\":\"EntryPoint\",\"urlTemplate\":\"https:\\\/\\\/fit360.ee\\\/en\\\/?s={search_term_string}\"},\"query-input\":{\"@type\":\"PropertyValueSpecification\",\"valueRequired\":true,\"valueName\":\"search_term_string\"}}],\"inLanguage\":\"en-US\"},{\"@type\":\"Organization\",\"@id\":\"https:\\\/\\\/fit360.ee\\\/en\\\/#organization\",\"name\":\"Fit360\",\"url\":\"https:\\\/\\\/fit360.ee\\\/en\\\/\",\"logo\":{\"@type\":\"ImageObject\",\"inLanguage\":\"en-US\",\"@id\":\"https:\\\/\\\/fit360.ee\\\/en\\\/#\\\/schema\\\/logo\\\/image\\\/\",\"url\":\"https:\\\/\\\/fit360.ee\\\/wp-content\\\/uploads\\\/2017\\\/01\\\/logo-fit360.png\",\"contentUrl\":\"https:\\\/\\\/fit360.ee\\\/wp-content\\\/uploads\\\/2017\\\/01\\\/logo-fit360.png\",\"width\":180,\"height\":66,\"caption\":\"Fit360\"},\"image\":{\"@id\":\"https:\\\/\\\/fit360.ee\\\/en\\\/#\\\/schema\\\/logo\\\/image\\\/\"}}]}<\/script>\n<!-- \/ Yoast SEO plugin. -->","yoast_head_json":{"title":"Inulin (500g) - Prebiootiline kiudaine - Kiire Tarne - 100% puhas - Fit360","description":"OstroVit Inuliin on kvaliteetne toidulisand, mis sisaldab sigurist saadud inuliini. See on lihtsa koostisega preparaat, mis on saadaval mugavas pulbri..","robots":{"index":"index","follow":"follow","max-snippet":"max-snippet:-1","max-image-preview":"max-image-preview:large","max-video-preview":"max-video-preview:-1"},"canonical":"https:\/\/fit360.ee\/en\/pood\/product-groups\/superfoods-health-foods-en\/fiber-en\/inulin-500g\/","og_locale":"en_US","og_type":"article","og_title":"Inulin (500g) - Prebiootiline kiudaine - Kiire Tarne - 100% puhas - Fit360","og_description":"OstroVit Inuliin on kvaliteetne toidulisand, mis sisaldab sigurist saadud inuliini. See on lihtsa koostisega preparaat, mis on saadaval mugavas pulbri..","og_url":"https:\/\/fit360.ee\/en\/pood\/product-groups\/superfoods-health-foods-en\/fiber-en\/inulin-500g\/","og_site_name":"Fit360","article_modified_time":"2026-04-10T13:12:59+00:00","og_image":[{"width":450,"height":450,"url":"https:\/\/fit360.ee\/wp-content\/uploads\/2024\/05\/eng_pm_OstroVit-Inulin-500-g-26839_1.png","type":"image\/png"}],"twitter_card":"summary_large_image","twitter_misc":{"Est. reading time":"2 minutes"},"schema":{"@context":"https:\/\/schema.org","@graph":[{"@type":"WebPage","@id":"https:\/\/fit360.ee\/en\/pood\/product-groups\/superfoods-health-foods-en\/fiber-en\/inulin-500g\/","url":"https:\/\/fit360.ee\/en\/pood\/product-groups\/superfoods-health-foods-en\/fiber-en\/inulin-500g\/","name":"Inulin (500g) - Prebiootiline kiudaine - Kiire Tarne - 100% puhas - Fit360","isPartOf":{"@id":"https:\/\/fit360.ee\/en\/#website"},"primaryImageOfPage":{"@id":"https:\/\/fit360.ee\/en\/pood\/product-groups\/superfoods-health-foods-en\/fiber-en\/inulin-500g\/#primaryimage"},"image":{"@id":"https:\/\/fit360.ee\/en\/pood\/product-groups\/superfoods-health-foods-en\/fiber-en\/inulin-500g\/#primaryimage"},"thumbnailUrl":"https:\/\/fit360.ee\/wp-content\/uploads\/2024\/05\/eng_pm_OstroVit-Inulin-500-g-26839_1.png","datePublished":"2024-05-15T07:41:20+00:00","dateModified":"2026-04-10T13:12:59+00:00","description":"OstroVit Inuliin on kvaliteetne toidulisand, mis sisaldab sigurist saadud inuliini. See on lihtsa koostisega preparaat, mis on saadaval mugavas pulbri..","breadcrumb":{"@id":"https:\/\/fit360.ee\/en\/pood\/product-groups\/superfoods-health-foods-en\/fiber-en\/inulin-500g\/#breadcrumb"},"inLanguage":"en-US","potentialAction":[{"@type":"ReadAction","target":["https:\/\/fit360.ee\/en\/pood\/product-groups\/superfoods-health-foods-en\/fiber-en\/inulin-500g\/"]}]},{"@type":"ImageObject","inLanguage":"en-US","@id":"https:\/\/fit360.ee\/en\/pood\/product-groups\/superfoods-health-foods-en\/fiber-en\/inulin-500g\/#primaryimage","url":"https:\/\/fit360.ee\/wp-content\/uploads\/2024\/05\/eng_pm_OstroVit-Inulin-500-g-26839_1.png","contentUrl":"https:\/\/fit360.ee\/wp-content\/uploads\/2024\/05\/eng_pm_OstroVit-Inulin-500-g-26839_1.png","width":450,"height":450},{"@type":"BreadcrumbList","@id":"https:\/\/fit360.ee\/en\/pood\/product-groups\/superfoods-health-foods-en\/fiber-en\/inulin-500g\/#breadcrumb","itemListElement":[{"@type":"ListItem","position":1,"name":"Home","item":"https:\/\/fit360.ee\/en\/"},{"@type":"ListItem","position":2,"name":"Shop","item":"https:\/\/fit360.ee\/en\/shop\/"},{"@type":"ListItem","position":3,"name":"Inulin (500g)"}]},{"@type":"WebSite","@id":"https:\/\/fit360.ee\/en\/#website","url":"https:\/\/fit360.ee\/en\/","name":"Fit360","description":"","publisher":{"@id":"https:\/\/fit360.ee\/en\/#organization"},"potentialAction":[{"@type":"SearchAction","target":{"@type":"EntryPoint","urlTemplate":"https:\/\/fit360.ee\/en\/?s={search_term_string}"},"query-input":{"@type":"PropertyValueSpecification","valueRequired":true,"valueName":"search_term_string"}}],"inLanguage":"en-US"},{"@type":"Organization","@id":"https:\/\/fit360.ee\/en\/#organization","name":"Fit360","url":"https:\/\/fit360.ee\/en\/","logo":{"@type":"ImageObject","inLanguage":"en-US","@id":"https:\/\/fit360.ee\/en\/#\/schema\/logo\/image\/","url":"https:\/\/fit360.ee\/wp-content\/uploads\/2017\/01\/logo-fit360.png","contentUrl":"https:\/\/fit360.ee\/wp-content\/uploads\/2017\/01\/logo-fit360.png","width":180,"height":66,"caption":"Fit360"},"image":{"@id":"https:\/\/fit360.ee\/en\/#\/schema\/logo\/image\/"}}]}},"_links":{"self":[{"href":"https:\/\/fit360.ee\/en\/wp-json\/wp\/v2\/product\/79971","targetHints":{"allow":["GET"]}}],"collection":[{"href":"https:\/\/fit360.ee\/en\/wp-json\/wp\/v2\/product"}],"about":[{"href":"https:\/\/fit360.ee\/en\/wp-json\/wp\/v2\/types\/product"}],"replies":[{"embeddable":true,"href":"https:\/\/fit360.ee\/en\/wp-json\/wp\/v2\/comments?post=79971"}],"wp:featuredmedia":[{"embeddable":true,"href":"https:\/\/fit360.ee\/en\/wp-json\/wp\/v2\/media\/88430"}],"wp:attachment":[{"href":"https:\/\/fit360.ee\/en\/wp-json\/wp\/v2\/media?parent=79971"}],"wp:term":[{"taxonomy":"product_brand","embeddable":true,"href":"https:\/\/fit360.ee\/en\/wp-json\/wp\/v2\/product_brand?post=79971"},{"taxonomy":"product_cat","embeddable":true,"href":"https:\/\/fit360.ee\/en\/wp-json\/wp\/v2\/product_cat?post=79971"},{"taxonomy":"product_tag","embeddable":true,"href":"https:\/\/fit360.ee\/en\/wp-json\/wp\/v2\/product_tag?post=79971"},{"taxonomy":"giftcard-category","embeddable":true,"href":"https:\/\/fit360.ee\/en\/wp-json\/wp\/v2\/giftcard-category?post=79971"}],"curies":[{"name":"wp","href":"https:\/\/api.w.org\/{rel}","templated":true}]}}