{"id":79975,"date":"2024-05-15T09:41:21","date_gmt":"2024-05-15T07:41:21","guid":{"rendered":"https:\/\/fit360.ee\/pood\/maaratlemata\/fibwell-240g\/"},"modified":"2026-04-09T14:27:19","modified_gmt":"2026-04-09T12:27:19","slug":"fibwell-240g","status":"publish","type":"product","link":"https:\/\/fit360.ee\/en\/pood\/product-groups\/superfoods-health-foods-en\/fiber-en\/fibwell-240g\/","title":{"rendered":"Fibwell (240g)"},"content":{"rendered":"<h2><strong>Fibwell<\/strong><\/h2>\n<p>OstroVit Fibwell VEGE on terviklik toidulisand, mis sisaldab viit t\u00fc\u00fcpi kiudaineid \u2013 kaera-, aroonia-, \u00f5una-, kakaokiud- ja mustas\u00f5strakiudaineid. Tegemist on lihtsa koostisega veganpreparaadiga, mis sobib suurep\u00e4raselt lisandiks kaerahelbepudrule, jogurtile v\u00f5i kokteilidele. See on toode, mis on loodud inimestele, kes hoolivad tervislikust ja tasakaalustatud toitumisest.<\/p>\n<ul class=\"cm__list\">\n<li><strong>Laiahaardeline kiudainete allikas<\/strong>\u00a0\u2013 toidulisand sisaldab kaera-, kakao-, aga ka aroonia- ja \u00f5unakiudaineid ning musta s\u00f5stra kiudaineid.<\/li>\n<li><strong>Lihtne koostis<\/strong>\u00a0\u2013 preparaat ei sisalda tarbetuid lisa- ja t\u00e4iteaineid.<\/li>\n<li><strong>Sobib taimetoitlastele ja veganitele<\/strong>\u00a0\u2013 toode ei sisalda loomset p\u00e4ritolu koostisosi.<\/li>\n<li><strong>1 portsjon = 1 lusikas = 5 g preparaati.<\/strong><\/li>\n<li><strong>Performance<\/strong>\u00a0&#8211; tootepakendis on 48 portsjonit toodet.<\/li>\n<li><strong>Mugav vorm<\/strong>\u00a0\u2013 pulbrina saadaval olev preparaat tagab toidulisandi probleemideta tarnimise ja sobib suurep\u00e4raselt inimestele, kellel on raskusi tablettide neelamisega.<\/li>\n<\/ul>\n<h4><strong>OstroVit Fibwell VEGE \u2013 igak\u00fclgne kiudainete allikas<\/strong><\/h4>\n<p class=\"cm__text\"><strong>Kiudained<\/strong>\u00a0on taimset p\u00e4ritolu pol\u00fcsahhariidsete ja mittepol\u00fcsahhariidsete ainete segu. Need on \u00fchendid, mis inimese seedetraktis ei seedu ega imendu, mist\u00f5ttu nimetatakse neid sageli j\u00e4\u00e4kaineteks. Eristada saab kahte kiudainete fraktsiooni \u2013 lahustuvad kiudained ja lahustumatud kiudained, mida tavaliselt leidub toiduainetes, sealhulgas kaerahelvestes, kliides, p\u00e4hklites v\u00f5i kuivades kaunviljades.<\/p>\n<p>Maailma Terviseorganisatsioon (WHO) soovitab iga p\u00e4ev koos dieediga varustada keha v\u00e4hemalt 25 g kiudainetega. Kuidas tagada v\u00e4\u00e4rtusliku koostisosa piisav varu? Hea lahendus v\u00f5ib olla OstroViti lisamine men\u00fc\u00fcsse &#8211; pulbrilist toidulisandit saab kasutada kaerahelbepudru, smuutide, jogurti v\u00f5i k\u00fcpsetiste lisandina.<\/p>\n<h4 class=\"cm__heading\"><strong>OstroVit Fibwell VEGE on toode, mis sisaldab viit t\u00fc\u00fcpi kiudaineid<\/strong>:<\/h4>\n<ul class=\"cm__list\">\n<li><strong>Kaerakiud<\/strong>\u00a0\u2013 seda saadakse looduslikest kaerakiududest. See on \u00fchend, mida eristab looduslik teravilja maitse.<\/li>\n<li><strong>Arooniakiud<\/strong>\u00a0\u2013 seda ekstraheeritakse kuivatatud arooniaj\u00e4\u00e4kidest. See on v\u00e4\u00e4rtuslike toitainete rikas \u00fchend.<\/li>\n<li><strong>\u00d5unakiud<\/strong>\u00a0\u2013 seda ekstraheeritakse looduslikest, spetsiaalselt valitud \u00f5unakiududest.<\/li>\n<li><strong>Kakaokiud<\/strong>\u00a0\u2013 seda saadakse looduslikest kakaokiududest. See on \u00fchend, mida eristab loomulik ja meeldiv maitse ja aroom.<\/li>\n<li><strong>Musta s\u00f5stra kiud<\/strong>\u00a0\u2013 seda saadakse musta s\u00f5stra kuivatatud j\u00e4\u00e4kj\u00e4\u00e4gist. See on looduslik ja h\u00e4sti seeditav kiudainete allikas.<\/li>\n<\/ul>\n<p><strong>Koostisosad<\/strong>: Kaerakiud (sisaldab\u00a0<strong>gluteeni<\/strong>\u00a0), arooniakiud, \u00f5unakiud, kakaokiud, musts\u00f5strakiud, paakumisvastane aine: r\u00e4nidioksiid.<\/p>\n<p>Toode v\u00f5ib sisaldada piima (sh laktoosi), sojaube, maap\u00e4hkleid, muid p\u00e4hkleid, seesamiseemneid, mune, v\u00e4hilaadseid, kala.<\/p>\n<p><strong>Kasutamine<\/strong>: Sega 1 lusikas kiudaineid 100-150 ml vees v\u00f5i mahlas. Pese maha t\u00e4iendava klaasi veega. Toodet v\u00f5ib lisada ka kaerahelbedele, smuutidele v\u00f5i jogurtile. Tarbi kaks korda p\u00e4evas, 30 minutit enne s\u00f6\u00f6ki.<\/p>\n<p><strong>Suurus<\/strong>: 240g<\/p>\n<section class=\"projector__description--nutritional row\" data-selector=\".--nutritional\">\n<div class=\"col-12 col-md-10 col-lg-8\">\n<div class=\"--nutrit\">\n<div class=\"nutrition_table_wrapper\">\n<div class=\"table_wrapper\">\n<table>\n<tbody>\n<tr>\n<th>Toitumisalane teave<\/th>\n<th>1 portsjoni kohta<\/th>\n<th>2 portsjoni kohta<\/th>\n<th>100 g kohta<\/th>\n<\/tr>\n<tr>\n<td>Energia<\/td>\n<td>49 kJ\/12 kcal<\/td>\n<td>97 kJ \/ 24 kcal<\/td>\n<td>971 kJ\/237 kcal<\/td>\n<\/tr>\n<tr>\n<td>Rasvad<\/td>\n<td>0,2 g<\/td>\n<td>0,3 g<\/td>\n<td>3,0 g<\/td>\n<\/tr>\n<tr>\n<td>&#8211; <em>millest<\/em> k\u00fcllastunud rasvhapped<\/td>\n<td>0 g<\/td>\n<td>0,1 g<\/td>\n<td>0,7 g<\/td>\n<\/tr>\n<tr>\n<td>S\u00fcsivesikud<\/td>\n<td>0,6 g<\/td>\n<td>1,2 g<\/td>\n<td>12 g<\/td>\n<\/tr>\n<tr>\n<td>&#8211; <em>millest<\/em> suhkrud<\/td>\n<td>0,4 g<\/td>\n<td>0,7 g<\/td>\n<td>7,2 g<\/td>\n<\/tr>\n<tr>\n<td>Kiudained<\/td>\n<td>3,3 g<\/td>\n<td>6,5 g<\/td>\n<td>65 g<\/td>\n<\/tr>\n<tr>\n<td>Valk<\/td>\n<td>0,4 g<\/td>\n<td>0,8 g<\/td>\n<td>8,0 g<\/td>\n<\/tr>\n<tr>\n<td>soola<\/td>\n<td>0,01 g<\/td>\n<td>0,02 g<\/td>\n<td>0,2 g<\/td>\n<\/tr>\n<tr>\n<td>Aktiivsed koostisosad<\/td>\n<td><\/td>\n<td><\/td>\n<td><\/td>\n<\/tr>\n<tr>\n<td>Kaera kiud<\/td>\n<td>1 g<\/td>\n<td>2 g<\/td>\n<td>20 g<\/td>\n<\/tr>\n<tr>\n<td>Aroonia kiud<\/td>\n<td>1 g<\/td>\n<td>2 g<\/td>\n<td>20 g<\/td>\n<\/tr>\n<tr>\n<td>\u00d5unakiud<\/td>\n<td>1 g<\/td>\n<td>2 g<\/td>\n<td>20 g<\/td>\n<\/tr>\n<tr>\n<td>Kakao kiud<\/td>\n<td>1 g<\/td>\n<td>2 g<\/td>\n<td>20 g<\/td>\n<\/tr>\n<tr>\n<td>Musta s\u00f5stra kiud<\/td>\n<td>0,9 g<\/td>\n<td>1.9<\/td>\n<td>18,99 g<\/td>\n<\/tr>\n<\/tbody>\n<\/table>\n<p>Vaata ka meie teisi Kiudaineid <a href=\"https:\/\/fit360.ee\/en\/product-category\/product-groups\/superfoods-health-foods-en\/fiber-en\/\"><strong>SIIT<\/strong><\/a>\u00a0v\u00f5i Supertoite <a href=\"https:\/\/fit360.ee\/en\/product-category\/product-groups\/superfoods-health-foods-en\/\"><strong>SIIT<\/strong><\/a>!<\/p>\n<p>Soovid kaupa osta suuremas koguses? Vaata antud toodet ka meie HULGI poest\u00a0<a href=\"https:\/\/toidulisandidhulgi.ee\/tooted\/fibwell-240g\/\"><strong>SIIT<\/strong><\/a>!<\/p>\n<\/div>\n<\/div>\n<\/div>\n<\/div>\n<\/section>\n","protected":false},"excerpt":{"rendered":"<ul>\n<li>5 erinevat kiudaine allikat<\/li>\n<li>Puhas koostis<\/li>\n<li>Patendeeritud valem<\/li>\n<li>Kasulik seedimisele<\/li>\n<\/ul>\n","protected":false},"featured_media":79974,"comment_status":"open","ping_status":"closed","template":"","meta":[],"product_brand":[],"product_cat":[2351,1329,1454,1201],"product_tag":[4874,4871,1924],"giftcard-category":[],"class_list":{"0":"post-79975","1":"product","2":"type-product","3":"status-publish","4":"has-post-thumbnail","6":"product_cat-fiber-en","7":"product_cat-ostrovit-en","8":"product_cat-superfoods-health-foods-en","9":"product_cat-1201","10":"product_tag-fibwell-en","11":"product_tag-kiudained-en","12":"product_tag-ostrovit-en","13":"pa_kogus-240g-en","14":"pa_maitse-natural","15":"pa_toidulisand-branddd-ostrovit","16":"pa_tootegruppp-kiudained-en","17":"pa_tootegruppp-supertoit-tervisetoit-en","18":"pa_tootegruppp-vegan-en","20":"first","21":"outofstock","22":"sale","23":"taxable","24":"shipping-taxable","25":"purchasable","26":"product-type-simple"},"yoast_head":"<!-- This site is optimized with the Yoast SEO plugin v27.3 - https:\/\/yoast.com\/product\/yoast-seo-wordpress\/ -->\n<title>Fibwell (240g) - 5 erinevat kiudainet - Patendeeritud valem - Kiire Tarne - Fit360<\/title>\n<meta name=\"description\" content=\"Fibwell VEGE on terviklik toidulisand, mis sisaldab viit t\u00fc\u00fcpi kiudaineid \u2013 kaera-, aroonia-, \u00f5una-, kakaokiud- ja mustas\u00f5strakiudaineid.\" \/>\n<meta name=\"robots\" content=\"index, follow, max-snippet:-1, max-image-preview:large, max-video-preview:-1\" \/>\n<link rel=\"canonical\" href=\"https:\/\/fit360.ee\/en\/pood\/product-groups\/superfoods-health-foods-en\/fiber-en\/fibwell-240g\/\" \/>\n<meta property=\"og:locale\" content=\"en_US\" \/>\n<meta property=\"og:type\" content=\"article\" \/>\n<meta property=\"og:title\" content=\"Fibwell (240g) - 5 erinevat kiudainet - Patendeeritud valem - Kiire Tarne - Fit360\" \/>\n<meta property=\"og:description\" content=\"Fibwell VEGE on terviklik toidulisand, mis sisaldab viit t\u00fc\u00fcpi kiudaineid \u2013 kaera-, aroonia-, \u00f5una-, kakaokiud- ja mustas\u00f5strakiudaineid.\" \/>\n<meta property=\"og:url\" content=\"https:\/\/fit360.ee\/en\/pood\/product-groups\/superfoods-health-foods-en\/fiber-en\/fibwell-240g\/\" \/>\n<meta property=\"og:site_name\" content=\"Fit360\" \/>\n<meta property=\"article:modified_time\" content=\"2026-04-09T12:27:19+00:00\" \/>\n<meta property=\"og:image\" content=\"https:\/\/fit360.ee\/wp-content\/uploads\/2024\/05\/fibwell-fit360.ee-1.png\" \/>\n\t<meta property=\"og:image:width\" content=\"450\" \/>\n\t<meta property=\"og:image:height\" content=\"450\" \/>\n\t<meta property=\"og:image:type\" content=\"image\/png\" \/>\n<meta name=\"twitter:card\" content=\"summary_large_image\" \/>\n<meta name=\"twitter:label1\" content=\"Est. reading time\" \/>\n\t<meta name=\"twitter:data1\" content=\"3 minutes\" \/>\n<script type=\"application\/ld+json\" class=\"yoast-schema-graph\">{\"@context\":\"https:\\\/\\\/schema.org\",\"@graph\":[{\"@type\":\"WebPage\",\"@id\":\"https:\\\/\\\/fit360.ee\\\/en\\\/pood\\\/product-groups\\\/superfoods-health-foods-en\\\/fiber-en\\\/fibwell-240g\\\/\",\"url\":\"https:\\\/\\\/fit360.ee\\\/en\\\/pood\\\/product-groups\\\/superfoods-health-foods-en\\\/fiber-en\\\/fibwell-240g\\\/\",\"name\":\"Fibwell (240g) - 5 erinevat kiudainet - Patendeeritud valem - Kiire Tarne - Fit360\",\"isPartOf\":{\"@id\":\"https:\\\/\\\/fit360.ee\\\/en\\\/#website\"},\"primaryImageOfPage\":{\"@id\":\"https:\\\/\\\/fit360.ee\\\/en\\\/pood\\\/product-groups\\\/superfoods-health-foods-en\\\/fiber-en\\\/fibwell-240g\\\/#primaryimage\"},\"image\":{\"@id\":\"https:\\\/\\\/fit360.ee\\\/en\\\/pood\\\/product-groups\\\/superfoods-health-foods-en\\\/fiber-en\\\/fibwell-240g\\\/#primaryimage\"},\"thumbnailUrl\":\"https:\\\/\\\/fit360.ee\\\/wp-content\\\/uploads\\\/2024\\\/05\\\/fibwell-fit360.ee-1.png\",\"datePublished\":\"2024-05-15T07:41:21+00:00\",\"dateModified\":\"2026-04-09T12:27:19+00:00\",\"description\":\"Fibwell VEGE on terviklik toidulisand, mis sisaldab viit t\u00fc\u00fcpi kiudaineid \u2013 kaera-, aroonia-, \u00f5una-, kakaokiud- ja mustas\u00f5strakiudaineid.\",\"breadcrumb\":{\"@id\":\"https:\\\/\\\/fit360.ee\\\/en\\\/pood\\\/product-groups\\\/superfoods-health-foods-en\\\/fiber-en\\\/fibwell-240g\\\/#breadcrumb\"},\"inLanguage\":\"en-US\",\"potentialAction\":[{\"@type\":\"ReadAction\",\"target\":[\"https:\\\/\\\/fit360.ee\\\/en\\\/pood\\\/product-groups\\\/superfoods-health-foods-en\\\/fiber-en\\\/fibwell-240g\\\/\"]}]},{\"@type\":\"ImageObject\",\"inLanguage\":\"en-US\",\"@id\":\"https:\\\/\\\/fit360.ee\\\/en\\\/pood\\\/product-groups\\\/superfoods-health-foods-en\\\/fiber-en\\\/fibwell-240g\\\/#primaryimage\",\"url\":\"https:\\\/\\\/fit360.ee\\\/wp-content\\\/uploads\\\/2024\\\/05\\\/fibwell-fit360.ee-1.png\",\"contentUrl\":\"https:\\\/\\\/fit360.ee\\\/wp-content\\\/uploads\\\/2024\\\/05\\\/fibwell-fit360.ee-1.png\",\"width\":450,\"height\":450,\"caption\":\"fibwell - fit360.ee\"},{\"@type\":\"BreadcrumbList\",\"@id\":\"https:\\\/\\\/fit360.ee\\\/en\\\/pood\\\/product-groups\\\/superfoods-health-foods-en\\\/fiber-en\\\/fibwell-240g\\\/#breadcrumb\",\"itemListElement\":[{\"@type\":\"ListItem\",\"position\":1,\"name\":\"Home\",\"item\":\"https:\\\/\\\/fit360.ee\\\/en\\\/\"},{\"@type\":\"ListItem\",\"position\":2,\"name\":\"Shop\",\"item\":\"https:\\\/\\\/fit360.ee\\\/en\\\/shop\\\/\"},{\"@type\":\"ListItem\",\"position\":3,\"name\":\"Fibwell (240g)\"}]},{\"@type\":\"WebSite\",\"@id\":\"https:\\\/\\\/fit360.ee\\\/en\\\/#website\",\"url\":\"https:\\\/\\\/fit360.ee\\\/en\\\/\",\"name\":\"Fit360\",\"description\":\"\",\"publisher\":{\"@id\":\"https:\\\/\\\/fit360.ee\\\/en\\\/#organization\"},\"potentialAction\":[{\"@type\":\"SearchAction\",\"target\":{\"@type\":\"EntryPoint\",\"urlTemplate\":\"https:\\\/\\\/fit360.ee\\\/en\\\/?s={search_term_string}\"},\"query-input\":{\"@type\":\"PropertyValueSpecification\",\"valueRequired\":true,\"valueName\":\"search_term_string\"}}],\"inLanguage\":\"en-US\"},{\"@type\":\"Organization\",\"@id\":\"https:\\\/\\\/fit360.ee\\\/en\\\/#organization\",\"name\":\"Fit360\",\"url\":\"https:\\\/\\\/fit360.ee\\\/en\\\/\",\"logo\":{\"@type\":\"ImageObject\",\"inLanguage\":\"en-US\",\"@id\":\"https:\\\/\\\/fit360.ee\\\/en\\\/#\\\/schema\\\/logo\\\/image\\\/\",\"url\":\"https:\\\/\\\/fit360.ee\\\/wp-content\\\/uploads\\\/2017\\\/01\\\/logo-fit360.png\",\"contentUrl\":\"https:\\\/\\\/fit360.ee\\\/wp-content\\\/uploads\\\/2017\\\/01\\\/logo-fit360.png\",\"width\":180,\"height\":66,\"caption\":\"Fit360\"},\"image\":{\"@id\":\"https:\\\/\\\/fit360.ee\\\/en\\\/#\\\/schema\\\/logo\\\/image\\\/\"}}]}<\/script>\n<!-- \/ Yoast SEO plugin. -->","yoast_head_json":{"title":"Fibwell (240g) - 5 erinevat kiudainet - Patendeeritud valem - Kiire Tarne - Fit360","description":"Fibwell VEGE on terviklik toidulisand, mis sisaldab viit t\u00fc\u00fcpi kiudaineid \u2013 kaera-, aroonia-, \u00f5una-, kakaokiud- ja mustas\u00f5strakiudaineid.","robots":{"index":"index","follow":"follow","max-snippet":"max-snippet:-1","max-image-preview":"max-image-preview:large","max-video-preview":"max-video-preview:-1"},"canonical":"https:\/\/fit360.ee\/en\/pood\/product-groups\/superfoods-health-foods-en\/fiber-en\/fibwell-240g\/","og_locale":"en_US","og_type":"article","og_title":"Fibwell (240g) - 5 erinevat kiudainet - Patendeeritud valem - Kiire Tarne - Fit360","og_description":"Fibwell VEGE on terviklik toidulisand, mis sisaldab viit t\u00fc\u00fcpi kiudaineid \u2013 kaera-, aroonia-, \u00f5una-, kakaokiud- ja mustas\u00f5strakiudaineid.","og_url":"https:\/\/fit360.ee\/en\/pood\/product-groups\/superfoods-health-foods-en\/fiber-en\/fibwell-240g\/","og_site_name":"Fit360","article_modified_time":"2026-04-09T12:27:19+00:00","og_image":[{"width":450,"height":450,"url":"https:\/\/fit360.ee\/wp-content\/uploads\/2024\/05\/fibwell-fit360.ee-1.png","type":"image\/png"}],"twitter_card":"summary_large_image","twitter_misc":{"Est. reading time":"3 minutes"},"schema":{"@context":"https:\/\/schema.org","@graph":[{"@type":"WebPage","@id":"https:\/\/fit360.ee\/en\/pood\/product-groups\/superfoods-health-foods-en\/fiber-en\/fibwell-240g\/","url":"https:\/\/fit360.ee\/en\/pood\/product-groups\/superfoods-health-foods-en\/fiber-en\/fibwell-240g\/","name":"Fibwell (240g) - 5 erinevat kiudainet - Patendeeritud valem - Kiire Tarne - Fit360","isPartOf":{"@id":"https:\/\/fit360.ee\/en\/#website"},"primaryImageOfPage":{"@id":"https:\/\/fit360.ee\/en\/pood\/product-groups\/superfoods-health-foods-en\/fiber-en\/fibwell-240g\/#primaryimage"},"image":{"@id":"https:\/\/fit360.ee\/en\/pood\/product-groups\/superfoods-health-foods-en\/fiber-en\/fibwell-240g\/#primaryimage"},"thumbnailUrl":"https:\/\/fit360.ee\/wp-content\/uploads\/2024\/05\/fibwell-fit360.ee-1.png","datePublished":"2024-05-15T07:41:21+00:00","dateModified":"2026-04-09T12:27:19+00:00","description":"Fibwell VEGE on terviklik toidulisand, mis sisaldab viit t\u00fc\u00fcpi kiudaineid \u2013 kaera-, aroonia-, \u00f5una-, kakaokiud- ja mustas\u00f5strakiudaineid.","breadcrumb":{"@id":"https:\/\/fit360.ee\/en\/pood\/product-groups\/superfoods-health-foods-en\/fiber-en\/fibwell-240g\/#breadcrumb"},"inLanguage":"en-US","potentialAction":[{"@type":"ReadAction","target":["https:\/\/fit360.ee\/en\/pood\/product-groups\/superfoods-health-foods-en\/fiber-en\/fibwell-240g\/"]}]},{"@type":"ImageObject","inLanguage":"en-US","@id":"https:\/\/fit360.ee\/en\/pood\/product-groups\/superfoods-health-foods-en\/fiber-en\/fibwell-240g\/#primaryimage","url":"https:\/\/fit360.ee\/wp-content\/uploads\/2024\/05\/fibwell-fit360.ee-1.png","contentUrl":"https:\/\/fit360.ee\/wp-content\/uploads\/2024\/05\/fibwell-fit360.ee-1.png","width":450,"height":450,"caption":"fibwell - fit360.ee"},{"@type":"BreadcrumbList","@id":"https:\/\/fit360.ee\/en\/pood\/product-groups\/superfoods-health-foods-en\/fiber-en\/fibwell-240g\/#breadcrumb","itemListElement":[{"@type":"ListItem","position":1,"name":"Home","item":"https:\/\/fit360.ee\/en\/"},{"@type":"ListItem","position":2,"name":"Shop","item":"https:\/\/fit360.ee\/en\/shop\/"},{"@type":"ListItem","position":3,"name":"Fibwell (240g)"}]},{"@type":"WebSite","@id":"https:\/\/fit360.ee\/en\/#website","url":"https:\/\/fit360.ee\/en\/","name":"Fit360","description":"","publisher":{"@id":"https:\/\/fit360.ee\/en\/#organization"},"potentialAction":[{"@type":"SearchAction","target":{"@type":"EntryPoint","urlTemplate":"https:\/\/fit360.ee\/en\/?s={search_term_string}"},"query-input":{"@type":"PropertyValueSpecification","valueRequired":true,"valueName":"search_term_string"}}],"inLanguage":"en-US"},{"@type":"Organization","@id":"https:\/\/fit360.ee\/en\/#organization","name":"Fit360","url":"https:\/\/fit360.ee\/en\/","logo":{"@type":"ImageObject","inLanguage":"en-US","@id":"https:\/\/fit360.ee\/en\/#\/schema\/logo\/image\/","url":"https:\/\/fit360.ee\/wp-content\/uploads\/2017\/01\/logo-fit360.png","contentUrl":"https:\/\/fit360.ee\/wp-content\/uploads\/2017\/01\/logo-fit360.png","width":180,"height":66,"caption":"Fit360"},"image":{"@id":"https:\/\/fit360.ee\/en\/#\/schema\/logo\/image\/"}}]}},"_links":{"self":[{"href":"https:\/\/fit360.ee\/en\/wp-json\/wp\/v2\/product\/79975","targetHints":{"allow":["GET"]}}],"collection":[{"href":"https:\/\/fit360.ee\/en\/wp-json\/wp\/v2\/product"}],"about":[{"href":"https:\/\/fit360.ee\/en\/wp-json\/wp\/v2\/types\/product"}],"replies":[{"embeddable":true,"href":"https:\/\/fit360.ee\/en\/wp-json\/wp\/v2\/comments?post=79975"}],"wp:featuredmedia":[{"embeddable":true,"href":"https:\/\/fit360.ee\/en\/wp-json\/wp\/v2\/media\/79974"}],"wp:attachment":[{"href":"https:\/\/fit360.ee\/en\/wp-json\/wp\/v2\/media?parent=79975"}],"wp:term":[{"taxonomy":"product_brand","embeddable":true,"href":"https:\/\/fit360.ee\/en\/wp-json\/wp\/v2\/product_brand?post=79975"},{"taxonomy":"product_cat","embeddable":true,"href":"https:\/\/fit360.ee\/en\/wp-json\/wp\/v2\/product_cat?post=79975"},{"taxonomy":"product_tag","embeddable":true,"href":"https:\/\/fit360.ee\/en\/wp-json\/wp\/v2\/product_tag?post=79975"},{"taxonomy":"giftcard-category","embeddable":true,"href":"https:\/\/fit360.ee\/en\/wp-json\/wp\/v2\/giftcard-category?post=79975"}],"curies":[{"name":"wp","href":"https:\/\/api.w.org\/{rel}","templated":true}]}}