{"id":80272,"date":"2024-05-30T22:24:47","date_gmt":"2024-05-30T20:24:47","guid":{"rendered":"https:\/\/fit360.ee\/pood\/maaratlemata\/virgin-coconut-oil-400g\/"},"modified":"2025-08-13T07:38:58","modified_gmt":"2025-08-13T05:38:58","slug":"virgin-coconut-oil-400g","status":"publish","type":"product","link":"https:\/\/fit360.ee\/en\/pood\/product-groups\/essential-fats-en\/coconut-oil-en\/virgin-coconut-oil-400g\/","title":{"rendered":"Virgin Coconut Oil (400g)"},"content":{"rendered":"<h2><strong>Virgin Coconut Oil<\/strong><\/h2>\n<p>OstroVit Virgin Coconut Oil on 100% looduslik toode, mis on ekstraheeritud rafineerimata kookoslihast. See on lisatud suhkru ja soolata preparaat, mis on loodud teadlikule tarbijale ja f\u00fc\u00fcsiliselt aktiivsele inimesele.<\/p>\n<p><a href=\"https:\/\/fit360.ee\/wp-content\/uploads\/2024\/05\/virgin-coconut-oil-ostrovit-fit360.ee_-800x312.jpg\"><img loading=\"lazy\" decoding=\"async\" class=\"size-medium wp-image-80267\" src=\"https:\/\/fit360.ee\/wp-content\/uploads\/2024\/05\/virgin-coconut-oil-ostrovit-fit360.ee_-800x312.jpg\" alt=\"virgin coconut oil ostrovit - fit360.ee\" width=\"800\" height=\"312\" srcset=\"https:\/\/fit360.ee\/wp-content\/uploads\/2024\/05\/virgin-coconut-oil-ostrovit-fit360.ee_-800x312.jpg 800w, https:\/\/fit360.ee\/wp-content\/uploads\/2024\/05\/virgin-coconut-oil-ostrovit-fit360.ee_-510x199.jpg 510w, https:\/\/fit360.ee\/wp-content\/uploads\/2024\/05\/virgin-coconut-oil-ostrovit-fit360.ee_-768x300.jpg 768w, https:\/\/fit360.ee\/wp-content\/uploads\/2024\/05\/virgin-coconut-oil-ostrovit-fit360.ee_.jpg 922w\" sizes=\"auto, (max-width: 800px) 100vw, 800px\" \/><\/a><\/p>\n<p>&nbsp;<\/p>\n<section class=\"cm__section\">\n<ul class=\"cm__list\">\n<li><strong>100% looduslik kookos\u00f5li<\/strong>\u00a0.<\/li>\n<li><strong>Rafineerimata toode<\/strong>\u00a0\u2013 preparaati ei ole filtreeritud, puhastatud ja rafineeritud, t\u00e4nu millele eristub see oma toitaineterikkuse poolest.<\/li>\n<li><strong>Ei ole lisatud suhkrut, soola ega tarbetuid koostisosi.<\/strong><\/li>\n<li><strong>Toimivus<\/strong>\u00a0&#8211; 400 g tootepakendis on 28 portsjonit toodet.<\/li>\n<li><strong>Mitmek\u00fclgsus<\/strong>\u00a0\u2013 kookos\u00f5li sobib h\u00e4sti nii kosmeetika kui ka kulinaarse koostisosana.<\/li>\n<li><strong>Neutraalne maitse ja l\u00f5hn<\/strong>\u00a0, mis ei tekita tarbimisel ebamugavusi.<\/li>\n<\/ul>\n<h4 class=\"cm__heading\"><strong>OstroVit Coconut Oil Virgin \u2013 rasvhapete allikas<\/strong><\/h4>\n<p><a href=\"https:\/\/fit360.ee\/en\/product-category\/product-groups\/essential-fats-en\/\"><strong>Kookos\u00f5li<\/strong><\/a>\u00a0on taimne rasv, mida ekstraheeritakse k\u00fcpsete kookosp\u00e4hklite endospermist, mis kasvavad kookospalmil, mida tuntakse ka kookospuuna. See on k\u00f5rge energiasisaldusega toode, mida eristab madal gl\u00fckeemiline indeks. See on rasvaallikas, varustades keha eelk\u00f5ige k\u00fcllastunud rasvhapetega, mis m\u00f5jutab selle k\u00f5rget stabiilsust kuumt\u00f6\u00f6tlemisel. Kookos\u00f5li eristab ka k\u00f5rge suitsupunkt, t\u00e4nu millele kasutatakse seda erinevate roogade ja magustoitude valmistamisel. Kookos\u00f5li eristab ka k\u00f5rge suitsupunkt, t\u00e4nu millele kasutatakse seda erinevate roogade ja magustoitude valmistamisel.<\/p>\n<p class=\"cm__text\"><strong>Kookos\u00f5li<\/strong>\u00a0on saadaval kahes vormis \u2013 rafineerimata ja rafineeritud. Rafineerimata \u00f5li sisaldab rohkem toitaineid, kuid eristub iseloomuliku maitse ja l\u00f5hna poolest, mis ei sobi alati toiduga, kuid t\u00f6\u00f6tab suurep\u00e4raselt kosmeetikas. Rafineeritud \u00f5li omakorda allutatakse k\u00f5rgele temperatuurile, mis m\u00f5jutab negatiivselt bioaktiivsete komponentide sisaldust, kuid soodustab igasuguste lisandite ja bakterite eemaldamist ning pikendab s\u00e4ilivusaega. Veelgi enam, rafineeritud \u00f5lil puudub iseloomulik maitse ja l\u00f5hn, mist\u00f5ttu sobib see suurep\u00e4raselt igasuguste roogade jaoks.<\/p>\n<p>OstroVit Coconut Oil Virgin on 100% looduslik ja rafineerimata kookos\u00f5li, mis ei sisalda lisatud soola, suhkrut ja muid ebavajalikke t\u00e4iteaineid, t\u00e4nu millele on see v\u00e4\u00e4rtuslik t\u00e4iendus igap\u00e4evases toidus.<\/p>\n<\/section>\n<section class=\"cm__section\">\n<h4 class=\"cm__heading\"><strong>Laboratoorselt kinnitatud kvaliteet<\/strong><\/h4>\n<p class=\"cm__text --bold\">Klientide tervise huvides testitakse meie toodetud tooteid regulaarselt s\u00f5ltumatus akrediteeritud laboris, et tagada ja s\u00e4ilitada k\u00f5rgeim kvaliteet.<\/p>\n<p><strong>Koostisosad<\/strong>: Rafineerimata kookos\u00f5li 100%<\/p>\n<p>Toode v\u00f5ib sisaldada p\u00e4hkleid, maap\u00e4hkleid, piima (sh laktoosi), soja, seesamiseemneid, kaera, mune, v\u00e4hilaadseid, kala.<\/p>\n<p><strong>Kasutamine<\/strong>: Kasutada olenevalt n\u00f5udlusest.<\/p>\n<p><strong>Suurus<\/strong>: 400g<\/p>\n<table>\n<tbody>\n<tr>\n<th>Toitev\u00e4\u00e4rtused<\/th>\n<th>100 g kohta<\/th>\n<th>Portsjoni kohta<\/th>\n<th>% SPK*<\/th>\n<\/tr>\n<tr>\n<td>Energeetiline v\u00e4\u00e4rtus<\/td>\n<td>3702 kJ\/900 kcal<\/td>\n<td>\u00a0518 kJ\/126 kcal<\/td>\n<td>6<\/td>\n<\/tr>\n<tr>\n<td>Rasvad<\/td>\n<td>100 g<\/td>\n<td>14 g<\/td>\n<td>20<\/td>\n<\/tr>\n<tr class=\"sub\">\n<td>&#8211; <em>millest<\/em> k\u00fcllastunud rasvhapped<\/td>\n<td>94 g<\/td>\n<td>13 g<\/td>\n<td>65<\/td>\n<\/tr>\n<tr class=\"sub\">\n<td>&#8211; <em>millest<\/em> monok\u00fcllastumata rasvhapped<\/td>\n<td>4,7 g<\/td>\n<td>0,7 g<\/td>\n<td>&#8211;<\/td>\n<\/tr>\n<tr class=\"sub\">\n<td>&#8211; <em>millest<\/em> pol\u00fck\u00fcllastumata rasvhapped<\/td>\n<td>\u00a00,6 g<\/td>\n<td>0,1 g<\/td>\n<td>&#8211;<\/td>\n<\/tr>\n<tr>\n<td>S\u00fcsivesikud<\/td>\n<td>\u00a00,1 g<\/td>\n<td>0 g<\/td>\n<td>&#8211;<\/td>\n<\/tr>\n<tr class=\"sub\">\n<td>&#8211; <em>millest<\/em> suhkrud<\/td>\n<td>\u00a00 g<\/td>\n<td>0 g<\/td>\n<td>&#8211;<\/td>\n<\/tr>\n<tr>\n<td>Valgud<\/td>\n<td>\u00a00 g<\/td>\n<td>0 g<\/td>\n<td>&#8211;<\/td>\n<\/tr>\n<tr>\n<td>Sool<\/td>\n<td>0 g<\/td>\n<td>0 g<\/td>\n<td>&#8211;<\/td>\n<\/tr>\n<\/tbody>\n<\/table>\n<p>*SPK \u2013 Soovitatud p\u00e4evane kogus.<\/p>\n<p>Vaata ka meie teisi Kookos\u00f5lisid <a href=\"https:\/\/fit360.ee\/en\/product-category\/product-groups\/essential-fats-en\/coconut-oil-en\/\"><strong>SIIT<\/strong><\/a> v\u00f5i Kasulikke Rasvhappeid <a href=\"https:\/\/fit360.ee\/en\/product-category\/product-groups\/essential-fats-en\/\"><strong>SIIT<\/strong><\/a>!<\/p>\n<p>Soovid kaupa osta suuremas koguses? Vaata antud toodet ka meie HULGI poest\u00a0<a href=\"https:\/\/toidulisandidhulgi.ee\/tooted\/virgin-coconut-oil-400g\/\"><strong>SIIT<\/strong><\/a>!<\/p>\n<\/section>\n","protected":false},"excerpt":{"rendered":"<ul class=\"cm__list\">\n<li>100% looduslik kookos\u00f5li\u00a0.<\/li>\n<li>Rafineerimata toode<\/li>\n<li>Ei ole lisatud suhkrut, soola ega tarbetuid koostisosi.<\/li>\n<li>Toimivus<\/li>\n<li>Mitmek\u00fclgsus<\/li>\n<li>Neutraalne maitse ja l\u00f5hn<\/li>\n<\/ul>\n","protected":false},"featured_media":80271,"comment_status":"open","ping_status":"closed","template":"","meta":[],"product_brand":[],"product_cat":[2446,525,1329],"product_tag":[1940,1924,4884],"giftcard-category":[],"class_list":{"0":"post-80272","1":"product","2":"type-product","3":"status-publish","4":"has-post-thumbnail","6":"product_cat-coconut-oil-en","7":"product_cat-essential-fats-en","8":"product_cat-ostrovit-en","9":"product_tag-kookosoli-en","10":"product_tag-ostrovit-en","11":"product_tag-virgin-coconut-oil-en","12":"pa_kogus-400ml-en","13":"pa_toidulisand-branddd-ostrovit","14":"pa_tootegruppp-kookosoli-en","15":"pa_tootegruppp-useful-fatty-acids","17":"first","18":"outofstock","19":"sale","20":"taxable","21":"shipping-taxable","22":"purchasable","23":"product-type-simple"},"yoast_head":"<!-- This site is optimized with the Yoast SEO plugin v27.3 - https:\/\/yoast.com\/product\/yoast-seo-wordpress\/ -->\n<title>Virgin Coconut Oil (400g) - 100% puhas Kookos\u00f5li - Kiire Tarne - Fit360<\/title>\n<meta name=\"description\" content=\"Virgin Coconut Oil on 100% looduslik toode, mis on ekstraheeritud rafineerimata kookoslihast. See on lisatud suhkru ja soolata preparaat, mis on loo...\" \/>\n<meta name=\"robots\" content=\"index, follow, max-snippet:-1, max-image-preview:large, max-video-preview:-1\" \/>\n<link rel=\"canonical\" href=\"https:\/\/fit360.ee\/en\/pood\/product-groups\/essential-fats-en\/coconut-oil-en\/virgin-coconut-oil-400g\/\" \/>\n<meta property=\"og:locale\" content=\"en_US\" \/>\n<meta property=\"og:type\" content=\"article\" \/>\n<meta property=\"og:title\" content=\"Virgin Coconut Oil (400g) - 100% puhas Kookos\u00f5li - Kiire Tarne - Fit360\" \/>\n<meta property=\"og:description\" content=\"Virgin Coconut Oil on 100% looduslik toode, mis on ekstraheeritud rafineerimata kookoslihast. See on lisatud suhkru ja soolata preparaat, mis on loo...\" \/>\n<meta property=\"og:url\" content=\"https:\/\/fit360.ee\/en\/pood\/product-groups\/essential-fats-en\/coconut-oil-en\/virgin-coconut-oil-400g\/\" \/>\n<meta property=\"og:site_name\" content=\"Fit360\" \/>\n<meta property=\"article:modified_time\" content=\"2025-08-13T05:38:58+00:00\" \/>\n<meta property=\"og:image\" content=\"https:\/\/fit360.ee\/wp-content\/uploads\/2024\/05\/virgin-coconut-oil-ostrovit-fit360.ee-1.png\" \/>\n\t<meta property=\"og:image:width\" content=\"450\" \/>\n\t<meta property=\"og:image:height\" content=\"450\" \/>\n\t<meta property=\"og:image:type\" content=\"image\/png\" \/>\n<meta name=\"twitter:card\" content=\"summary_large_image\" \/>\n<meta name=\"twitter:label1\" content=\"Est. reading time\" \/>\n\t<meta name=\"twitter:data1\" content=\"3 minutes\" \/>\n<script type=\"application\/ld+json\" class=\"yoast-schema-graph\">{\"@context\":\"https:\\\/\\\/schema.org\",\"@graph\":[{\"@type\":\"WebPage\",\"@id\":\"https:\\\/\\\/fit360.ee\\\/en\\\/pood\\\/product-groups\\\/essential-fats-en\\\/coconut-oil-en\\\/virgin-coconut-oil-400g\\\/\",\"url\":\"https:\\\/\\\/fit360.ee\\\/en\\\/pood\\\/product-groups\\\/essential-fats-en\\\/coconut-oil-en\\\/virgin-coconut-oil-400g\\\/\",\"name\":\"Virgin Coconut Oil (400g) - 100% puhas Kookos\u00f5li - Kiire Tarne - Fit360\",\"isPartOf\":{\"@id\":\"https:\\\/\\\/fit360.ee\\\/en\\\/#website\"},\"primaryImageOfPage\":{\"@id\":\"https:\\\/\\\/fit360.ee\\\/en\\\/pood\\\/product-groups\\\/essential-fats-en\\\/coconut-oil-en\\\/virgin-coconut-oil-400g\\\/#primaryimage\"},\"image\":{\"@id\":\"https:\\\/\\\/fit360.ee\\\/en\\\/pood\\\/product-groups\\\/essential-fats-en\\\/coconut-oil-en\\\/virgin-coconut-oil-400g\\\/#primaryimage\"},\"thumbnailUrl\":\"https:\\\/\\\/fit360.ee\\\/wp-content\\\/uploads\\\/2024\\\/05\\\/virgin-coconut-oil-ostrovit-fit360.ee-1.png\",\"datePublished\":\"2024-05-30T20:24:47+00:00\",\"dateModified\":\"2025-08-13T05:38:58+00:00\",\"description\":\"Virgin Coconut Oil on 100% looduslik toode, mis on ekstraheeritud rafineerimata kookoslihast. See on lisatud suhkru ja soolata preparaat, mis on loo...\",\"breadcrumb\":{\"@id\":\"https:\\\/\\\/fit360.ee\\\/en\\\/pood\\\/product-groups\\\/essential-fats-en\\\/coconut-oil-en\\\/virgin-coconut-oil-400g\\\/#breadcrumb\"},\"inLanguage\":\"en-US\",\"potentialAction\":[{\"@type\":\"ReadAction\",\"target\":[\"https:\\\/\\\/fit360.ee\\\/en\\\/pood\\\/product-groups\\\/essential-fats-en\\\/coconut-oil-en\\\/virgin-coconut-oil-400g\\\/\"]}]},{\"@type\":\"ImageObject\",\"inLanguage\":\"en-US\",\"@id\":\"https:\\\/\\\/fit360.ee\\\/en\\\/pood\\\/product-groups\\\/essential-fats-en\\\/coconut-oil-en\\\/virgin-coconut-oil-400g\\\/#primaryimage\",\"url\":\"https:\\\/\\\/fit360.ee\\\/wp-content\\\/uploads\\\/2024\\\/05\\\/virgin-coconut-oil-ostrovit-fit360.ee-1.png\",\"contentUrl\":\"https:\\\/\\\/fit360.ee\\\/wp-content\\\/uploads\\\/2024\\\/05\\\/virgin-coconut-oil-ostrovit-fit360.ee-1.png\",\"width\":450,\"height\":450,\"caption\":\"virgin coconut oil ostrovit - fit360.ee\"},{\"@type\":\"BreadcrumbList\",\"@id\":\"https:\\\/\\\/fit360.ee\\\/en\\\/pood\\\/product-groups\\\/essential-fats-en\\\/coconut-oil-en\\\/virgin-coconut-oil-400g\\\/#breadcrumb\",\"itemListElement\":[{\"@type\":\"ListItem\",\"position\":1,\"name\":\"Home\",\"item\":\"https:\\\/\\\/fit360.ee\\\/en\\\/\"},{\"@type\":\"ListItem\",\"position\":2,\"name\":\"Shop\",\"item\":\"https:\\\/\\\/fit360.ee\\\/en\\\/shop\\\/\"},{\"@type\":\"ListItem\",\"position\":3,\"name\":\"Virgin Coconut Oil (400g)\"}]},{\"@type\":\"WebSite\",\"@id\":\"https:\\\/\\\/fit360.ee\\\/en\\\/#website\",\"url\":\"https:\\\/\\\/fit360.ee\\\/en\\\/\",\"name\":\"Fit360\",\"description\":\"\",\"publisher\":{\"@id\":\"https:\\\/\\\/fit360.ee\\\/en\\\/#organization\"},\"potentialAction\":[{\"@type\":\"SearchAction\",\"target\":{\"@type\":\"EntryPoint\",\"urlTemplate\":\"https:\\\/\\\/fit360.ee\\\/en\\\/?s={search_term_string}\"},\"query-input\":{\"@type\":\"PropertyValueSpecification\",\"valueRequired\":true,\"valueName\":\"search_term_string\"}}],\"inLanguage\":\"en-US\"},{\"@type\":\"Organization\",\"@id\":\"https:\\\/\\\/fit360.ee\\\/en\\\/#organization\",\"name\":\"Fit360\",\"url\":\"https:\\\/\\\/fit360.ee\\\/en\\\/\",\"logo\":{\"@type\":\"ImageObject\",\"inLanguage\":\"en-US\",\"@id\":\"https:\\\/\\\/fit360.ee\\\/en\\\/#\\\/schema\\\/logo\\\/image\\\/\",\"url\":\"https:\\\/\\\/fit360.ee\\\/wp-content\\\/uploads\\\/2017\\\/01\\\/logo-fit360.png\",\"contentUrl\":\"https:\\\/\\\/fit360.ee\\\/wp-content\\\/uploads\\\/2017\\\/01\\\/logo-fit360.png\",\"width\":180,\"height\":66,\"caption\":\"Fit360\"},\"image\":{\"@id\":\"https:\\\/\\\/fit360.ee\\\/en\\\/#\\\/schema\\\/logo\\\/image\\\/\"}}]}<\/script>\n<!-- \/ Yoast SEO plugin. -->","yoast_head_json":{"title":"Virgin Coconut Oil (400g) - 100% puhas Kookos\u00f5li - Kiire Tarne - Fit360","description":"Virgin Coconut Oil on 100% looduslik toode, mis on ekstraheeritud rafineerimata kookoslihast. See on lisatud suhkru ja soolata preparaat, mis on loo...","robots":{"index":"index","follow":"follow","max-snippet":"max-snippet:-1","max-image-preview":"max-image-preview:large","max-video-preview":"max-video-preview:-1"},"canonical":"https:\/\/fit360.ee\/en\/pood\/product-groups\/essential-fats-en\/coconut-oil-en\/virgin-coconut-oil-400g\/","og_locale":"en_US","og_type":"article","og_title":"Virgin Coconut Oil (400g) - 100% puhas Kookos\u00f5li - Kiire Tarne - Fit360","og_description":"Virgin Coconut Oil on 100% looduslik toode, mis on ekstraheeritud rafineerimata kookoslihast. See on lisatud suhkru ja soolata preparaat, mis on loo...","og_url":"https:\/\/fit360.ee\/en\/pood\/product-groups\/essential-fats-en\/coconut-oil-en\/virgin-coconut-oil-400g\/","og_site_name":"Fit360","article_modified_time":"2025-08-13T05:38:58+00:00","og_image":[{"width":450,"height":450,"url":"https:\/\/fit360.ee\/wp-content\/uploads\/2024\/05\/virgin-coconut-oil-ostrovit-fit360.ee-1.png","type":"image\/png"}],"twitter_card":"summary_large_image","twitter_misc":{"Est. reading time":"3 minutes"},"schema":{"@context":"https:\/\/schema.org","@graph":[{"@type":"WebPage","@id":"https:\/\/fit360.ee\/en\/pood\/product-groups\/essential-fats-en\/coconut-oil-en\/virgin-coconut-oil-400g\/","url":"https:\/\/fit360.ee\/en\/pood\/product-groups\/essential-fats-en\/coconut-oil-en\/virgin-coconut-oil-400g\/","name":"Virgin Coconut Oil (400g) - 100% puhas Kookos\u00f5li - Kiire Tarne - Fit360","isPartOf":{"@id":"https:\/\/fit360.ee\/en\/#website"},"primaryImageOfPage":{"@id":"https:\/\/fit360.ee\/en\/pood\/product-groups\/essential-fats-en\/coconut-oil-en\/virgin-coconut-oil-400g\/#primaryimage"},"image":{"@id":"https:\/\/fit360.ee\/en\/pood\/product-groups\/essential-fats-en\/coconut-oil-en\/virgin-coconut-oil-400g\/#primaryimage"},"thumbnailUrl":"https:\/\/fit360.ee\/wp-content\/uploads\/2024\/05\/virgin-coconut-oil-ostrovit-fit360.ee-1.png","datePublished":"2024-05-30T20:24:47+00:00","dateModified":"2025-08-13T05:38:58+00:00","description":"Virgin Coconut Oil on 100% looduslik toode, mis on ekstraheeritud rafineerimata kookoslihast. See on lisatud suhkru ja soolata preparaat, mis on loo...","breadcrumb":{"@id":"https:\/\/fit360.ee\/en\/pood\/product-groups\/essential-fats-en\/coconut-oil-en\/virgin-coconut-oil-400g\/#breadcrumb"},"inLanguage":"en-US","potentialAction":[{"@type":"ReadAction","target":["https:\/\/fit360.ee\/en\/pood\/product-groups\/essential-fats-en\/coconut-oil-en\/virgin-coconut-oil-400g\/"]}]},{"@type":"ImageObject","inLanguage":"en-US","@id":"https:\/\/fit360.ee\/en\/pood\/product-groups\/essential-fats-en\/coconut-oil-en\/virgin-coconut-oil-400g\/#primaryimage","url":"https:\/\/fit360.ee\/wp-content\/uploads\/2024\/05\/virgin-coconut-oil-ostrovit-fit360.ee-1.png","contentUrl":"https:\/\/fit360.ee\/wp-content\/uploads\/2024\/05\/virgin-coconut-oil-ostrovit-fit360.ee-1.png","width":450,"height":450,"caption":"virgin coconut oil ostrovit - fit360.ee"},{"@type":"BreadcrumbList","@id":"https:\/\/fit360.ee\/en\/pood\/product-groups\/essential-fats-en\/coconut-oil-en\/virgin-coconut-oil-400g\/#breadcrumb","itemListElement":[{"@type":"ListItem","position":1,"name":"Home","item":"https:\/\/fit360.ee\/en\/"},{"@type":"ListItem","position":2,"name":"Shop","item":"https:\/\/fit360.ee\/en\/shop\/"},{"@type":"ListItem","position":3,"name":"Virgin Coconut Oil (400g)"}]},{"@type":"WebSite","@id":"https:\/\/fit360.ee\/en\/#website","url":"https:\/\/fit360.ee\/en\/","name":"Fit360","description":"","publisher":{"@id":"https:\/\/fit360.ee\/en\/#organization"},"potentialAction":[{"@type":"SearchAction","target":{"@type":"EntryPoint","urlTemplate":"https:\/\/fit360.ee\/en\/?s={search_term_string}"},"query-input":{"@type":"PropertyValueSpecification","valueRequired":true,"valueName":"search_term_string"}}],"inLanguage":"en-US"},{"@type":"Organization","@id":"https:\/\/fit360.ee\/en\/#organization","name":"Fit360","url":"https:\/\/fit360.ee\/en\/","logo":{"@type":"ImageObject","inLanguage":"en-US","@id":"https:\/\/fit360.ee\/en\/#\/schema\/logo\/image\/","url":"https:\/\/fit360.ee\/wp-content\/uploads\/2017\/01\/logo-fit360.png","contentUrl":"https:\/\/fit360.ee\/wp-content\/uploads\/2017\/01\/logo-fit360.png","width":180,"height":66,"caption":"Fit360"},"image":{"@id":"https:\/\/fit360.ee\/en\/#\/schema\/logo\/image\/"}}]}},"_links":{"self":[{"href":"https:\/\/fit360.ee\/en\/wp-json\/wp\/v2\/product\/80272","targetHints":{"allow":["GET"]}}],"collection":[{"href":"https:\/\/fit360.ee\/en\/wp-json\/wp\/v2\/product"}],"about":[{"href":"https:\/\/fit360.ee\/en\/wp-json\/wp\/v2\/types\/product"}],"replies":[{"embeddable":true,"href":"https:\/\/fit360.ee\/en\/wp-json\/wp\/v2\/comments?post=80272"}],"wp:featuredmedia":[{"embeddable":true,"href":"https:\/\/fit360.ee\/en\/wp-json\/wp\/v2\/media\/80271"}],"wp:attachment":[{"href":"https:\/\/fit360.ee\/en\/wp-json\/wp\/v2\/media?parent=80272"}],"wp:term":[{"taxonomy":"product_brand","embeddable":true,"href":"https:\/\/fit360.ee\/en\/wp-json\/wp\/v2\/product_brand?post=80272"},{"taxonomy":"product_cat","embeddable":true,"href":"https:\/\/fit360.ee\/en\/wp-json\/wp\/v2\/product_cat?post=80272"},{"taxonomy":"product_tag","embeddable":true,"href":"https:\/\/fit360.ee\/en\/wp-json\/wp\/v2\/product_tag?post=80272"},{"taxonomy":"giftcard-category","embeddable":true,"href":"https:\/\/fit360.ee\/en\/wp-json\/wp\/v2\/giftcard-category?post=80272"}],"curies":[{"name":"wp","href":"https:\/\/api.w.org\/{rel}","templated":true}]}}