{"id":80282,"date":"2024-05-30T22:24:48","date_gmt":"2024-05-30T20:24:48","guid":{"rendered":"https:\/\/fit360.ee\/pood\/maaratlemata\/shaker-premium-450ml\/"},"modified":"2026-04-09T14:27:20","modified_gmt":"2026-04-09T12:27:20","slug":"shaker-premium-450ml","status":"publish","type":"product","link":"https:\/\/fit360.ee\/en\/pood\/training-equipment-en\/drinking-bottles-en\/shaker-premium-450ml\/","title":{"rendered":"Shaker Premium (450ml)"},"content":{"rendered":"<h2 class=\"cm__heading\"><strong>Shaker Premium<\/strong><\/h2>\n<p>OstroVit Shaker Premium on ainulaadne \u0161eiker, milles valmistate oma lemmik joogipulbreid\u00a0 ning lisaks v\u00f5tate t\u00e4nu konteineri all olevale pilboxile kaasa treeninguteks m\u00f5eldud toidulisandeid kapslites ja tabletides. Olgu need BCAA-d v\u00f5i valgupulbrid, k\u00f5ik pulbrilised toidulisandid vajavad korralikku lahustamist. OstroVit Shaker Premium on siin t\u00e4iuslik abimees.<\/p>\n<p><a href=\"https:\/\/fit360.ee\/wp-content\/uploads\/2024\/05\/ostrovit-shaker-premium-fit360.ee_-800x312.jpg\"><img loading=\"lazy\" decoding=\"async\" class=\"alignnone size-medium wp-image-80274\" src=\"https:\/\/fit360.ee\/wp-content\/uploads\/2024\/05\/ostrovit-shaker-premium-fit360.ee_-800x312.jpg\" alt=\"\" width=\"800\" height=\"312\" srcset=\"https:\/\/fit360.ee\/wp-content\/uploads\/2024\/05\/ostrovit-shaker-premium-fit360.ee_-800x312.jpg 800w, https:\/\/fit360.ee\/wp-content\/uploads\/2024\/05\/ostrovit-shaker-premium-fit360.ee_-510x199.jpg 510w, https:\/\/fit360.ee\/wp-content\/uploads\/2024\/05\/ostrovit-shaker-premium-fit360.ee_-768x300.jpg 768w, https:\/\/fit360.ee\/wp-content\/uploads\/2024\/05\/ostrovit-shaker-premium-fit360.ee_.jpg 922w\" sizes=\"auto, (max-width: 800px) 100vw, 800px\" \/><\/a><\/p>\n<h4 class=\"cm__heading\"><strong>Kellele Shaker Premium 450 ml on m\u00f5eldud?<\/strong><\/h4>\n<p class=\"cm__text\">450 ml mahutavusega shaker on varustatud 2 lisakonteineriga \u2013 pillikarp, milles saate hoida kapsleid, tablette ja pulbrilisi toidulisandeid. \u00dches kaane all olevas karbis on spetsiaalne sahtel tablettide ja kapslite jaoks, nii et \u00fches pakendis on erinevaid toidulisandeid. Tihe sulgemine hoiab \u00e4ra sisu lekkimise. \u0160eiker on varustatud roostevabast terasest vispliga, mis aitab kiiresti ja lihtsalt saavutada joogi t\u00e4iusliku konsistentsi.<\/p>\n<h4 class=\"cm__heading\"><strong>Omadused<\/strong>:<\/h4>\n<ul class=\"cm__list\">\n<li>Tugev ja vastupidav<\/li>\n<li>Pulbri purustamiseks spider palliga<\/li>\n<li>T\u00e4iendavad kaks konteinerit toidulisandite portsjonite jaoks &#8211; tabletikarbid<\/li>\n<li>Lihtne puhastada<\/li>\n<li>Spetsiaalne konstruktsioon, t\u00e4nu millele shaker ei leki<\/li>\n<li>Kaks v\u00e4rvivarianti &#8211; must ja Miami Vibes<\/li>\n<\/ul>\n<p>Vaata ka meie teisi Shakereid <a style=\"font-size: 14.4px;\" href=\"https:\/\/fit360.ee\/en\/product-category\/training-equipment-en\/shakers-en\/\"><strong>SIIT<\/strong><\/a><span style=\"color: #555555; font-size: 14.4px;\">!<\/span><\/p>\n<p>Soovid kaupa osta suuremas koguses? Vaata antud toodet ka meie HULGI poest\u00a0<a href=\"https:\/\/toidulisandidhulgi.ee\/tooted\/shaker-premium-450ml\/\"><strong>SIIT<\/strong><\/a>!<\/p>\n","protected":false},"excerpt":{"rendered":"<ul class=\"cm__list\">\n<li>Tugev ja vastupidav<\/li>\n<li>Pulbri purustamiseks spider palliga<\/li>\n<li>T\u00e4iendavad kaks konteinerit toidulisandite portsjonite jaoks &#8211; tabletikarbid<\/li>\n<li>Lihtne puhastada<\/li>\n<li>Spetsiaalne konstruktsioon, t\u00e4nu millele shaker ei leki<\/li>\n<li>Kaks v\u00e4rvivarianti &#8211; must ja Miami Vibes<\/li>\n<\/ul>\n","protected":false},"featured_media":80279,"comment_status":"open","ping_status":"closed","template":"","meta":[],"product_brand":[],"product_cat":[540,551],"product_tag":[1924,4887,4888],"giftcard-category":[],"class_list":{"0":"post-80282","1":"product","2":"type-product","3":"status-publish","4":"has-post-thumbnail","6":"product_cat-drinking-bottles-en","7":"product_cat-shakers-en","8":"product_tag-ostrovit-en","9":"product_tag-ostrovit-shaker-premium-en","10":"product_tag-shaker-premium-en","11":"pa_varvus-black","12":"pa_varvus-miami-vibes-edition-en","14":"first","15":"instock","16":"sale","17":"taxable","18":"shipping-taxable","19":"purchasable","20":"product-type-variable"},"yoast_head":"<!-- This site is optimized with the Yoast SEO plugin v27.3 - https:\/\/yoast.com\/product\/yoast-seo-wordpress\/ -->\n<title>Shaker Premium (450ml) - Mitmetsandiline Shaker - Kiire Tarne - Fit360<\/title>\n<meta name=\"description\" content=\"Shaker Premium on ainulaadne \u0161eiker, milles valmistate oma lemmik joogipulbreid\u00a0 ning lisaks v\u00f5tate t\u00e4nu konteineri all olevale pilboxile kaasa ...\" \/>\n<meta name=\"robots\" content=\"index, follow, max-snippet:-1, max-image-preview:large, max-video-preview:-1\" \/>\n<link rel=\"canonical\" href=\"https:\/\/fit360.ee\/en\/pood\/training-equipment-en\/drinking-bottles-en\/shaker-premium-450ml\/\" \/>\n<meta property=\"og:locale\" content=\"en_US\" \/>\n<meta property=\"og:type\" content=\"article\" \/>\n<meta property=\"og:title\" content=\"Shaker Premium (450ml) - Mitmetsandiline Shaker - Kiire Tarne - Fit360\" \/>\n<meta property=\"og:description\" content=\"Shaker Premium on ainulaadne \u0161eiker, milles valmistate oma lemmik joogipulbreid\u00a0 ning lisaks v\u00f5tate t\u00e4nu konteineri all olevale pilboxile kaasa ...\" \/>\n<meta property=\"og:url\" content=\"https:\/\/fit360.ee\/en\/pood\/training-equipment-en\/drinking-bottles-en\/shaker-premium-450ml\/\" \/>\n<meta property=\"og:site_name\" content=\"Fit360\" \/>\n<meta property=\"article:modified_time\" content=\"2026-04-09T12:27:20+00:00\" \/>\n<meta property=\"og:image\" content=\"https:\/\/fit360.ee\/wp-content\/uploads\/2024\/05\/shaker-premium.png\" \/>\n\t<meta property=\"og:image:width\" content=\"450\" \/>\n\t<meta property=\"og:image:height\" content=\"450\" \/>\n\t<meta property=\"og:image:type\" content=\"image\/png\" \/>\n<meta name=\"twitter:card\" content=\"summary_large_image\" \/>\n<meta name=\"twitter:label1\" content=\"Est. reading time\" \/>\n\t<meta name=\"twitter:data1\" content=\"2 minutes\" \/>\n<script type=\"application\/ld+json\" class=\"yoast-schema-graph\">{\"@context\":\"https:\\\/\\\/schema.org\",\"@graph\":[{\"@type\":\"WebPage\",\"@id\":\"https:\\\/\\\/fit360.ee\\\/en\\\/pood\\\/training-equipment-en\\\/drinking-bottles-en\\\/shaker-premium-450ml\\\/\",\"url\":\"https:\\\/\\\/fit360.ee\\\/en\\\/pood\\\/training-equipment-en\\\/drinking-bottles-en\\\/shaker-premium-450ml\\\/\",\"name\":\"Shaker Premium (450ml) - Mitmetsandiline Shaker - Kiire Tarne - Fit360\",\"isPartOf\":{\"@id\":\"https:\\\/\\\/fit360.ee\\\/en\\\/#website\"},\"primaryImageOfPage\":{\"@id\":\"https:\\\/\\\/fit360.ee\\\/en\\\/pood\\\/training-equipment-en\\\/drinking-bottles-en\\\/shaker-premium-450ml\\\/#primaryimage\"},\"image\":{\"@id\":\"https:\\\/\\\/fit360.ee\\\/en\\\/pood\\\/training-equipment-en\\\/drinking-bottles-en\\\/shaker-premium-450ml\\\/#primaryimage\"},\"thumbnailUrl\":\"https:\\\/\\\/fit360.ee\\\/wp-content\\\/uploads\\\/2024\\\/05\\\/shaker-premium.png\",\"datePublished\":\"2024-05-30T20:24:48+00:00\",\"dateModified\":\"2026-04-09T12:27:20+00:00\",\"description\":\"Shaker Premium on ainulaadne \u0161eiker, milles valmistate oma lemmik joogipulbreid\u00a0 ning lisaks v\u00f5tate t\u00e4nu konteineri all olevale pilboxile kaasa ...\",\"breadcrumb\":{\"@id\":\"https:\\\/\\\/fit360.ee\\\/en\\\/pood\\\/training-equipment-en\\\/drinking-bottles-en\\\/shaker-premium-450ml\\\/#breadcrumb\"},\"inLanguage\":\"en-US\",\"potentialAction\":[{\"@type\":\"ReadAction\",\"target\":[\"https:\\\/\\\/fit360.ee\\\/en\\\/pood\\\/training-equipment-en\\\/drinking-bottles-en\\\/shaker-premium-450ml\\\/\"]}]},{\"@type\":\"ImageObject\",\"inLanguage\":\"en-US\",\"@id\":\"https:\\\/\\\/fit360.ee\\\/en\\\/pood\\\/training-equipment-en\\\/drinking-bottles-en\\\/shaker-premium-450ml\\\/#primaryimage\",\"url\":\"https:\\\/\\\/fit360.ee\\\/wp-content\\\/uploads\\\/2024\\\/05\\\/shaker-premium.png\",\"contentUrl\":\"https:\\\/\\\/fit360.ee\\\/wp-content\\\/uploads\\\/2024\\\/05\\\/shaker-premium.png\",\"width\":450,\"height\":450,\"caption\":\"shaker premium - fit360.ee\"},{\"@type\":\"BreadcrumbList\",\"@id\":\"https:\\\/\\\/fit360.ee\\\/en\\\/pood\\\/training-equipment-en\\\/drinking-bottles-en\\\/shaker-premium-450ml\\\/#breadcrumb\",\"itemListElement\":[{\"@type\":\"ListItem\",\"position\":1,\"name\":\"Home\",\"item\":\"https:\\\/\\\/fit360.ee\\\/en\\\/\"},{\"@type\":\"ListItem\",\"position\":2,\"name\":\"Shop\",\"item\":\"https:\\\/\\\/fit360.ee\\\/en\\\/shop\\\/\"},{\"@type\":\"ListItem\",\"position\":3,\"name\":\"Shaker Premium (450ml)\"}]},{\"@type\":\"WebSite\",\"@id\":\"https:\\\/\\\/fit360.ee\\\/en\\\/#website\",\"url\":\"https:\\\/\\\/fit360.ee\\\/en\\\/\",\"name\":\"Fit360\",\"description\":\"\",\"publisher\":{\"@id\":\"https:\\\/\\\/fit360.ee\\\/en\\\/#organization\"},\"potentialAction\":[{\"@type\":\"SearchAction\",\"target\":{\"@type\":\"EntryPoint\",\"urlTemplate\":\"https:\\\/\\\/fit360.ee\\\/en\\\/?s={search_term_string}\"},\"query-input\":{\"@type\":\"PropertyValueSpecification\",\"valueRequired\":true,\"valueName\":\"search_term_string\"}}],\"inLanguage\":\"en-US\"},{\"@type\":\"Organization\",\"@id\":\"https:\\\/\\\/fit360.ee\\\/en\\\/#organization\",\"name\":\"Fit360\",\"url\":\"https:\\\/\\\/fit360.ee\\\/en\\\/\",\"logo\":{\"@type\":\"ImageObject\",\"inLanguage\":\"en-US\",\"@id\":\"https:\\\/\\\/fit360.ee\\\/en\\\/#\\\/schema\\\/logo\\\/image\\\/\",\"url\":\"https:\\\/\\\/fit360.ee\\\/wp-content\\\/uploads\\\/2017\\\/01\\\/logo-fit360.png\",\"contentUrl\":\"https:\\\/\\\/fit360.ee\\\/wp-content\\\/uploads\\\/2017\\\/01\\\/logo-fit360.png\",\"width\":180,\"height\":66,\"caption\":\"Fit360\"},\"image\":{\"@id\":\"https:\\\/\\\/fit360.ee\\\/en\\\/#\\\/schema\\\/logo\\\/image\\\/\"}}]}<\/script>\n<!-- \/ Yoast SEO plugin. -->","yoast_head_json":{"title":"Shaker Premium (450ml) - Mitmetsandiline Shaker - Kiire Tarne - Fit360","description":"Shaker Premium on ainulaadne \u0161eiker, milles valmistate oma lemmik joogipulbreid\u00a0 ning lisaks v\u00f5tate t\u00e4nu konteineri all olevale pilboxile kaasa ...","robots":{"index":"index","follow":"follow","max-snippet":"max-snippet:-1","max-image-preview":"max-image-preview:large","max-video-preview":"max-video-preview:-1"},"canonical":"https:\/\/fit360.ee\/en\/pood\/training-equipment-en\/drinking-bottles-en\/shaker-premium-450ml\/","og_locale":"en_US","og_type":"article","og_title":"Shaker Premium (450ml) - Mitmetsandiline Shaker - Kiire Tarne - Fit360","og_description":"Shaker Premium on ainulaadne \u0161eiker, milles valmistate oma lemmik joogipulbreid\u00a0 ning lisaks v\u00f5tate t\u00e4nu konteineri all olevale pilboxile kaasa ...","og_url":"https:\/\/fit360.ee\/en\/pood\/training-equipment-en\/drinking-bottles-en\/shaker-premium-450ml\/","og_site_name":"Fit360","article_modified_time":"2026-04-09T12:27:20+00:00","og_image":[{"width":450,"height":450,"url":"https:\/\/fit360.ee\/wp-content\/uploads\/2024\/05\/shaker-premium.png","type":"image\/png"}],"twitter_card":"summary_large_image","twitter_misc":{"Est. reading time":"2 minutes"},"schema":{"@context":"https:\/\/schema.org","@graph":[{"@type":"WebPage","@id":"https:\/\/fit360.ee\/en\/pood\/training-equipment-en\/drinking-bottles-en\/shaker-premium-450ml\/","url":"https:\/\/fit360.ee\/en\/pood\/training-equipment-en\/drinking-bottles-en\/shaker-premium-450ml\/","name":"Shaker Premium (450ml) - Mitmetsandiline Shaker - Kiire Tarne - Fit360","isPartOf":{"@id":"https:\/\/fit360.ee\/en\/#website"},"primaryImageOfPage":{"@id":"https:\/\/fit360.ee\/en\/pood\/training-equipment-en\/drinking-bottles-en\/shaker-premium-450ml\/#primaryimage"},"image":{"@id":"https:\/\/fit360.ee\/en\/pood\/training-equipment-en\/drinking-bottles-en\/shaker-premium-450ml\/#primaryimage"},"thumbnailUrl":"https:\/\/fit360.ee\/wp-content\/uploads\/2024\/05\/shaker-premium.png","datePublished":"2024-05-30T20:24:48+00:00","dateModified":"2026-04-09T12:27:20+00:00","description":"Shaker Premium on ainulaadne \u0161eiker, milles valmistate oma lemmik joogipulbreid\u00a0 ning lisaks v\u00f5tate t\u00e4nu konteineri all olevale pilboxile kaasa ...","breadcrumb":{"@id":"https:\/\/fit360.ee\/en\/pood\/training-equipment-en\/drinking-bottles-en\/shaker-premium-450ml\/#breadcrumb"},"inLanguage":"en-US","potentialAction":[{"@type":"ReadAction","target":["https:\/\/fit360.ee\/en\/pood\/training-equipment-en\/drinking-bottles-en\/shaker-premium-450ml\/"]}]},{"@type":"ImageObject","inLanguage":"en-US","@id":"https:\/\/fit360.ee\/en\/pood\/training-equipment-en\/drinking-bottles-en\/shaker-premium-450ml\/#primaryimage","url":"https:\/\/fit360.ee\/wp-content\/uploads\/2024\/05\/shaker-premium.png","contentUrl":"https:\/\/fit360.ee\/wp-content\/uploads\/2024\/05\/shaker-premium.png","width":450,"height":450,"caption":"shaker premium - fit360.ee"},{"@type":"BreadcrumbList","@id":"https:\/\/fit360.ee\/en\/pood\/training-equipment-en\/drinking-bottles-en\/shaker-premium-450ml\/#breadcrumb","itemListElement":[{"@type":"ListItem","position":1,"name":"Home","item":"https:\/\/fit360.ee\/en\/"},{"@type":"ListItem","position":2,"name":"Shop","item":"https:\/\/fit360.ee\/en\/shop\/"},{"@type":"ListItem","position":3,"name":"Shaker Premium (450ml)"}]},{"@type":"WebSite","@id":"https:\/\/fit360.ee\/en\/#website","url":"https:\/\/fit360.ee\/en\/","name":"Fit360","description":"","publisher":{"@id":"https:\/\/fit360.ee\/en\/#organization"},"potentialAction":[{"@type":"SearchAction","target":{"@type":"EntryPoint","urlTemplate":"https:\/\/fit360.ee\/en\/?s={search_term_string}"},"query-input":{"@type":"PropertyValueSpecification","valueRequired":true,"valueName":"search_term_string"}}],"inLanguage":"en-US"},{"@type":"Organization","@id":"https:\/\/fit360.ee\/en\/#organization","name":"Fit360","url":"https:\/\/fit360.ee\/en\/","logo":{"@type":"ImageObject","inLanguage":"en-US","@id":"https:\/\/fit360.ee\/en\/#\/schema\/logo\/image\/","url":"https:\/\/fit360.ee\/wp-content\/uploads\/2017\/01\/logo-fit360.png","contentUrl":"https:\/\/fit360.ee\/wp-content\/uploads\/2017\/01\/logo-fit360.png","width":180,"height":66,"caption":"Fit360"},"image":{"@id":"https:\/\/fit360.ee\/en\/#\/schema\/logo\/image\/"}}]}},"_links":{"self":[{"href":"https:\/\/fit360.ee\/en\/wp-json\/wp\/v2\/product\/80282","targetHints":{"allow":["GET"]}}],"collection":[{"href":"https:\/\/fit360.ee\/en\/wp-json\/wp\/v2\/product"}],"about":[{"href":"https:\/\/fit360.ee\/en\/wp-json\/wp\/v2\/types\/product"}],"replies":[{"embeddable":true,"href":"https:\/\/fit360.ee\/en\/wp-json\/wp\/v2\/comments?post=80282"}],"wp:featuredmedia":[{"embeddable":true,"href":"https:\/\/fit360.ee\/en\/wp-json\/wp\/v2\/media\/80279"}],"wp:attachment":[{"href":"https:\/\/fit360.ee\/en\/wp-json\/wp\/v2\/media?parent=80282"}],"wp:term":[{"taxonomy":"product_brand","embeddable":true,"href":"https:\/\/fit360.ee\/en\/wp-json\/wp\/v2\/product_brand?post=80282"},{"taxonomy":"product_cat","embeddable":true,"href":"https:\/\/fit360.ee\/en\/wp-json\/wp\/v2\/product_cat?post=80282"},{"taxonomy":"product_tag","embeddable":true,"href":"https:\/\/fit360.ee\/en\/wp-json\/wp\/v2\/product_tag?post=80282"},{"taxonomy":"giftcard-category","embeddable":true,"href":"https:\/\/fit360.ee\/en\/wp-json\/wp\/v2\/giftcard-category?post=80282"}],"curies":[{"name":"wp","href":"https:\/\/api.w.org\/{rel}","templated":true}]}}