{"id":80288,"date":"2024-05-30T22:24:48","date_gmt":"2024-05-30T20:24:48","guid":{"rendered":"https:\/\/fit360.ee\/pood\/maaratlemata\/ksm-66-ashwagandha-vege-120caps\/"},"modified":"2026-04-09T14:27:26","modified_gmt":"2026-04-09T12:27:26","slug":"ksm-66-ashwagandha-vege-120caps","status":"publish","type":"product","link":"https:\/\/fit360.ee\/en\/pood\/product-groups\/superfoods-health-foods-en\/ashwagandha-en\/ksm-66-ashwagandha-vege-120caps\/","title":{"rendered":"KSM-66 Ashwagandha\u00ae VEGE (120caps)"},"content":{"rendered":"<h2 class=\"projector__name\"><strong>KSM-66 Ashwagandha\u00ae<\/strong><\/h2>\n<p>OstroVit KSM-66 Ashwagandha VEGE on kvaliteetne toidulisand, mis sisaldab KSM-66 ashwagandha juureekstrakti, mis on standarditud 5% <em>withanolides<\/em>. See on vegan preparaat, mis on saadaval kergesti neelatavate kapslite kujul. See on toode, mis on loodud inimestele, kes soovivad t\u00e4iendada oma igap\u00e4evast toitumist v\u00e4\u00e4rtusliku koostisosaga.<\/p>\n<ul>\n<li><strong>Ashwagandha allikas<\/strong>\u00a0\u2013 \u00fcks toidulisandi kapsel annab kehale 200 mg KSM-66 ashwagandha juureekstrakti, mis on standardiseeritud 5% withanolides.<\/li>\n<li><strong>Sobib taimetoitlastele ja veganitele<\/strong>\u00a0\u2013 Toode ei sisalda loomset p\u00e4ritolu koostisosi.<\/li>\n<li><strong>1 portsjon = 1 kapsel.<\/strong><\/li>\n<li><strong>T\u00f5husus<\/strong>\u00a0\u2013 tootepakendis on 120 portsjonit preparaati.<\/li>\n<li><strong>Mugav vorm<\/strong>\u00a0\u2013 preparaat, mis on saadaval kergesti neelatavate kapslitena, tagab toidulisandi t\u00f5rgeteta tarnimise.<\/li>\n<\/ul>\n<h4><strong>OstroVit KSM-66 Ashwagandha VEGE \u2013 v\u00e4\u00e4rtuslik toidulisand<\/strong><\/h4>\n<p><strong>Ashwagandha juure ekstrakt<\/strong>\u00a0\u2013 \u00f6\u00f6vihmaliste sugukonda kuuluva taime, tuntud ka kui ashwagandha v\u00f5i India \u017een\u0161enn, juurtest saadud ekstrakt. V\u00e4rsket ashwagandha juurt iseloomustab intensiivne l\u00f5hn ja rikkalikult v\u00e4\u00e4rtuslikke aineid &#8211; See on eelk\u00f5ige withanoliidide allikas, mille sisaldust standardib OstroVit preparaadis kasutatav taimeekstrakt.<\/p>\n<p>OstroVit KSM-66 Ashwagandha VEGE toidulisand sisaldab ashwagandha KSM-66, mis on enim uuritud ashwagandha ekstrakt, mis turul saadaval on. Erinevalt t\u00f6\u00f6stuses tavap\u00e4raselt kasutatavatest ashwagandha lehtede ekstraktidest toodetakse KSM-66 ainult taime juurtest ehk k\u00f5ige suuremas koguses v\u00e4\u00e4rtuslikke koostisaineid sisaldavatest osadest, millel on positiivne m\u00f5ju toidulisandi kvaliteedile.<\/p>\n<p><strong>Koostisosad<\/strong>: Ashwagandha juure ekstrakt (Withania somnifera L. Dunal) &#8211; KSM-66 Ashwagandha\u00ae standardiseeritud 5% withanolides, inuliini, mahuaine: h\u00fcdroks\u00fcprop\u00fc\u00fclmet\u00fc\u00fcltselluloos; musta pipra puuviljaekstrakt (Piper nigrum L.), mis sisaldab 95% piperiini.<\/p>\n<p>Toode v\u00f5ib sisaldada piima (sh laktoosi), sojaube, maap\u00e4hkleid, muid p\u00e4hkleid, seesamiseemneid, gluteeni sisaldavaid teravilju, mune, v\u00e4hilaadseid, kala.<\/p>\n<p><strong>Kasutamine<\/strong>: V\u00f5tta 1 portsjon (1 kapsel) p\u00e4evas s\u00f6\u00f6gi ajal, juua rohkelt vett. Toode on m\u00f5eldud t\u00e4iskasvanutele.<\/p>\n<p><strong>Suurus<\/strong>: 120 kapslit<\/p>\n<section class=\"projector__description--nutritional row\" data-selector=\".--nutritional\">\n<div class=\"col-12 col-md-10 col-lg-8\">\n<div class=\"--nutrit\">\n<div class=\"nutrition_table_wrapper\">\n<div class=\"table_wrapper\">\n<table>\n<tbody>\n<tr>\n<th>Aktiivsed koostisosad<\/th>\n<th>Portsjoni kohta<\/th>\n<\/tr>\n<tr>\n<td>Ashwagandha juure ekstrakt KSM 66, sealhulgas:<\/td>\n<td>200 mg<\/td>\n<\/tr>\n<tr class=\"sub\">\n<td>&#8211; withanolides (5%)<\/td>\n<td>10 mg<\/td>\n<\/tr>\n<tr>\n<td>Musta pipra puuviljaekstrakt, sealhulgas:<\/td>\n<td>2,1 mg<\/td>\n<\/tr>\n<tr class=\"sub\">\n<td>&#8211; piperiin (95%)<\/td>\n<td>2 mg<\/td>\n<\/tr>\n<\/tbody>\n<\/table>\n<p>Vaata ka meie teisi Ashwagandha tooteid <a href=\"https:\/\/fit360.ee\/en\/product-category\/product-groups\/superfoods-health-foods-en\/ashwagandha-en\/\"><strong>SIIT<\/strong><\/a>!<\/p>\n<p>Soovid kaupa osta suuremas koguses? Vaata antud toodet ka meie HULGI poest\u00a0<a href=\"https:\/\/toidulisandidhulgi.ee\/tooted\/ksm-66-ashwagandha-vege-120caps\/\"><strong>SIIT<\/strong><\/a>!<\/p>\n<\/div>\n<\/div>\n<\/div>\n<\/div>\n<\/section>\n","protected":false},"excerpt":{"rendered":"<ul>\n<li>Puhtaim Ashwagandha vorm<\/li>\n<li>Mugav tarbida<\/li>\n<li>T\u00f5hus<\/li>\n<li>Sobib taimetoitlastele ja veganitele<\/li>\n<\/ul>\n","protected":false},"featured_media":80287,"comment_status":"open","ping_status":"closed","template":"","meta":[],"product_brand":[],"product_cat":[2347,1329,1454,2664,536,1201],"product_tag":[2182,4897,4891,1924],"giftcard-category":[],"class_list":{"0":"post-80288","1":"product","2":"type-product","3":"status-publish","4":"has-post-thumbnail","6":"product_cat-ashwagandha-en","7":"product_cat-ostrovit-en","8":"product_cat-superfoods-health-foods-en","9":"product_cat-vegan-capsules-en","10":"product_cat-vitamins-and-minerals-en","11":"product_cat-1201","12":"product_tag-ashwagandha-en","13":"product_tag-ksm-66-en","14":"product_tag-ksm-66-ashwagandha-en","15":"product_tag-ostrovit-en","16":"pa_kogus-120-capsules","17":"pa_toidulisand-branddd-ostrovit","18":"pa_tootegruppp-ashwagandha-en","19":"pa_tootegruppp-supertoit-tervisetoit-en","20":"pa_tootegruppp-vcaps-vegan-kapslid-en","21":"pa_tootegruppp-vegan-en","22":"pa_tootegruppp-vitamins-and-minerals","24":"first","25":"instock","26":"sale","27":"taxable","28":"shipping-taxable","29":"purchasable","30":"product-type-simple"},"yoast_head":"<!-- This site is optimized with the Yoast SEO plugin v27.3 - https:\/\/yoast.com\/product\/yoast-seo-wordpress\/ -->\n<title>KSM-66 Ashwagandha\u00ae VEGE (120caps) - Puhtaim Vorm - Fit360<\/title>\n<meta name=\"description\" content=\"KSM-66 Ashwagandha VEGE on kvaliteetne toidulisand, mis sisaldab KSM-66 ashwagandha juureekstrakti, mis on puhtaim ja patendeeritud Ashwagandha vorm.\" \/>\n<meta name=\"robots\" content=\"index, follow, max-snippet:-1, max-image-preview:large, max-video-preview:-1\" \/>\n<link rel=\"canonical\" href=\"https:\/\/fit360.ee\/en\/pood\/product-groups\/superfoods-health-foods-en\/ashwagandha-en\/ksm-66-ashwagandha-vege-120caps\/\" \/>\n<meta property=\"og:locale\" content=\"en_US\" \/>\n<meta property=\"og:type\" content=\"article\" \/>\n<meta property=\"og:title\" content=\"KSM-66 Ashwagandha\u00ae VEGE (120caps) - Puhtaim Vorm - Fit360\" \/>\n<meta property=\"og:description\" content=\"KSM-66 Ashwagandha VEGE on kvaliteetne toidulisand, mis sisaldab KSM-66 ashwagandha juureekstrakti, mis on puhtaim ja patendeeritud Ashwagandha vorm.\" \/>\n<meta property=\"og:url\" content=\"https:\/\/fit360.ee\/en\/pood\/product-groups\/superfoods-health-foods-en\/ashwagandha-en\/ksm-66-ashwagandha-vege-120caps\/\" \/>\n<meta property=\"og:site_name\" content=\"Fit360\" \/>\n<meta property=\"article:modified_time\" content=\"2026-04-09T12:27:26+00:00\" \/>\n<meta property=\"og:image\" content=\"https:\/\/fit360.ee\/wp-content\/uploads\/2024\/05\/KSM-66-Ashwagandha\u00ae-fit360.ee-1.png\" \/>\n\t<meta property=\"og:image:width\" content=\"450\" \/>\n\t<meta property=\"og:image:height\" content=\"450\" \/>\n\t<meta property=\"og:image:type\" content=\"image\/png\" \/>\n<meta name=\"twitter:card\" content=\"summary_large_image\" \/>\n<meta name=\"twitter:label1\" content=\"Est. reading time\" \/>\n\t<meta name=\"twitter:data1\" content=\"2 minutes\" \/>\n<script type=\"application\/ld+json\" class=\"yoast-schema-graph\">{\"@context\":\"https:\\\/\\\/schema.org\",\"@graph\":[{\"@type\":\"WebPage\",\"@id\":\"https:\\\/\\\/fit360.ee\\\/en\\\/pood\\\/product-groups\\\/superfoods-health-foods-en\\\/ashwagandha-en\\\/ksm-66-ashwagandha-vege-120caps\\\/\",\"url\":\"https:\\\/\\\/fit360.ee\\\/en\\\/pood\\\/product-groups\\\/superfoods-health-foods-en\\\/ashwagandha-en\\\/ksm-66-ashwagandha-vege-120caps\\\/\",\"name\":\"KSM-66 Ashwagandha\u00ae VEGE (120caps) - Puhtaim Vorm - Fit360\",\"isPartOf\":{\"@id\":\"https:\\\/\\\/fit360.ee\\\/en\\\/#website\"},\"primaryImageOfPage\":{\"@id\":\"https:\\\/\\\/fit360.ee\\\/en\\\/pood\\\/product-groups\\\/superfoods-health-foods-en\\\/ashwagandha-en\\\/ksm-66-ashwagandha-vege-120caps\\\/#primaryimage\"},\"image\":{\"@id\":\"https:\\\/\\\/fit360.ee\\\/en\\\/pood\\\/product-groups\\\/superfoods-health-foods-en\\\/ashwagandha-en\\\/ksm-66-ashwagandha-vege-120caps\\\/#primaryimage\"},\"thumbnailUrl\":\"https:\\\/\\\/fit360.ee\\\/wp-content\\\/uploads\\\/2024\\\/05\\\/KSM-66-Ashwagandha\u00ae-fit360.ee-1.png\",\"datePublished\":\"2024-05-30T20:24:48+00:00\",\"dateModified\":\"2026-04-09T12:27:26+00:00\",\"description\":\"KSM-66 Ashwagandha VEGE on kvaliteetne toidulisand, mis sisaldab KSM-66 ashwagandha juureekstrakti, mis on puhtaim ja patendeeritud Ashwagandha vorm.\",\"breadcrumb\":{\"@id\":\"https:\\\/\\\/fit360.ee\\\/en\\\/pood\\\/product-groups\\\/superfoods-health-foods-en\\\/ashwagandha-en\\\/ksm-66-ashwagandha-vege-120caps\\\/#breadcrumb\"},\"inLanguage\":\"en-US\",\"potentialAction\":[{\"@type\":\"ReadAction\",\"target\":[\"https:\\\/\\\/fit360.ee\\\/en\\\/pood\\\/product-groups\\\/superfoods-health-foods-en\\\/ashwagandha-en\\\/ksm-66-ashwagandha-vege-120caps\\\/\"]}]},{\"@type\":\"ImageObject\",\"inLanguage\":\"en-US\",\"@id\":\"https:\\\/\\\/fit360.ee\\\/en\\\/pood\\\/product-groups\\\/superfoods-health-foods-en\\\/ashwagandha-en\\\/ksm-66-ashwagandha-vege-120caps\\\/#primaryimage\",\"url\":\"https:\\\/\\\/fit360.ee\\\/wp-content\\\/uploads\\\/2024\\\/05\\\/KSM-66-Ashwagandha\u00ae-fit360.ee-1.png\",\"contentUrl\":\"https:\\\/\\\/fit360.ee\\\/wp-content\\\/uploads\\\/2024\\\/05\\\/KSM-66-Ashwagandha\u00ae-fit360.ee-1.png\",\"width\":450,\"height\":450,\"caption\":\"KSM-66 Ashwagandha\u00ae - fit360.ee\"},{\"@type\":\"BreadcrumbList\",\"@id\":\"https:\\\/\\\/fit360.ee\\\/en\\\/pood\\\/product-groups\\\/superfoods-health-foods-en\\\/ashwagandha-en\\\/ksm-66-ashwagandha-vege-120caps\\\/#breadcrumb\",\"itemListElement\":[{\"@type\":\"ListItem\",\"position\":1,\"name\":\"Home\",\"item\":\"https:\\\/\\\/fit360.ee\\\/en\\\/\"},{\"@type\":\"ListItem\",\"position\":2,\"name\":\"Shop\",\"item\":\"https:\\\/\\\/fit360.ee\\\/en\\\/shop\\\/\"},{\"@type\":\"ListItem\",\"position\":3,\"name\":\"KSM-66 Ashwagandha\u00ae VEGE (120caps)\"}]},{\"@type\":\"WebSite\",\"@id\":\"https:\\\/\\\/fit360.ee\\\/en\\\/#website\",\"url\":\"https:\\\/\\\/fit360.ee\\\/en\\\/\",\"name\":\"Fit360\",\"description\":\"\",\"publisher\":{\"@id\":\"https:\\\/\\\/fit360.ee\\\/en\\\/#organization\"},\"potentialAction\":[{\"@type\":\"SearchAction\",\"target\":{\"@type\":\"EntryPoint\",\"urlTemplate\":\"https:\\\/\\\/fit360.ee\\\/en\\\/?s={search_term_string}\"},\"query-input\":{\"@type\":\"PropertyValueSpecification\",\"valueRequired\":true,\"valueName\":\"search_term_string\"}}],\"inLanguage\":\"en-US\"},{\"@type\":\"Organization\",\"@id\":\"https:\\\/\\\/fit360.ee\\\/en\\\/#organization\",\"name\":\"Fit360\",\"url\":\"https:\\\/\\\/fit360.ee\\\/en\\\/\",\"logo\":{\"@type\":\"ImageObject\",\"inLanguage\":\"en-US\",\"@id\":\"https:\\\/\\\/fit360.ee\\\/en\\\/#\\\/schema\\\/logo\\\/image\\\/\",\"url\":\"https:\\\/\\\/fit360.ee\\\/wp-content\\\/uploads\\\/2017\\\/01\\\/logo-fit360.png\",\"contentUrl\":\"https:\\\/\\\/fit360.ee\\\/wp-content\\\/uploads\\\/2017\\\/01\\\/logo-fit360.png\",\"width\":180,\"height\":66,\"caption\":\"Fit360\"},\"image\":{\"@id\":\"https:\\\/\\\/fit360.ee\\\/en\\\/#\\\/schema\\\/logo\\\/image\\\/\"}}]}<\/script>\n<!-- \/ Yoast SEO plugin. -->","yoast_head_json":{"title":"KSM-66 Ashwagandha\u00ae VEGE (120caps) - Puhtaim Vorm - Fit360","description":"KSM-66 Ashwagandha VEGE on kvaliteetne toidulisand, mis sisaldab KSM-66 ashwagandha juureekstrakti, mis on puhtaim ja patendeeritud Ashwagandha vorm.","robots":{"index":"index","follow":"follow","max-snippet":"max-snippet:-1","max-image-preview":"max-image-preview:large","max-video-preview":"max-video-preview:-1"},"canonical":"https:\/\/fit360.ee\/en\/pood\/product-groups\/superfoods-health-foods-en\/ashwagandha-en\/ksm-66-ashwagandha-vege-120caps\/","og_locale":"en_US","og_type":"article","og_title":"KSM-66 Ashwagandha\u00ae VEGE (120caps) - Puhtaim Vorm - Fit360","og_description":"KSM-66 Ashwagandha VEGE on kvaliteetne toidulisand, mis sisaldab KSM-66 ashwagandha juureekstrakti, mis on puhtaim ja patendeeritud Ashwagandha vorm.","og_url":"https:\/\/fit360.ee\/en\/pood\/product-groups\/superfoods-health-foods-en\/ashwagandha-en\/ksm-66-ashwagandha-vege-120caps\/","og_site_name":"Fit360","article_modified_time":"2026-04-09T12:27:26+00:00","og_image":[{"width":450,"height":450,"url":"https:\/\/fit360.ee\/wp-content\/uploads\/2024\/05\/KSM-66-Ashwagandha\u00ae-fit360.ee-1.png","type":"image\/png"}],"twitter_card":"summary_large_image","twitter_misc":{"Est. reading time":"2 minutes"},"schema":{"@context":"https:\/\/schema.org","@graph":[{"@type":"WebPage","@id":"https:\/\/fit360.ee\/en\/pood\/product-groups\/superfoods-health-foods-en\/ashwagandha-en\/ksm-66-ashwagandha-vege-120caps\/","url":"https:\/\/fit360.ee\/en\/pood\/product-groups\/superfoods-health-foods-en\/ashwagandha-en\/ksm-66-ashwagandha-vege-120caps\/","name":"KSM-66 Ashwagandha\u00ae VEGE (120caps) - Puhtaim Vorm - Fit360","isPartOf":{"@id":"https:\/\/fit360.ee\/en\/#website"},"primaryImageOfPage":{"@id":"https:\/\/fit360.ee\/en\/pood\/product-groups\/superfoods-health-foods-en\/ashwagandha-en\/ksm-66-ashwagandha-vege-120caps\/#primaryimage"},"image":{"@id":"https:\/\/fit360.ee\/en\/pood\/product-groups\/superfoods-health-foods-en\/ashwagandha-en\/ksm-66-ashwagandha-vege-120caps\/#primaryimage"},"thumbnailUrl":"https:\/\/fit360.ee\/wp-content\/uploads\/2024\/05\/KSM-66-Ashwagandha\u00ae-fit360.ee-1.png","datePublished":"2024-05-30T20:24:48+00:00","dateModified":"2026-04-09T12:27:26+00:00","description":"KSM-66 Ashwagandha VEGE on kvaliteetne toidulisand, mis sisaldab KSM-66 ashwagandha juureekstrakti, mis on puhtaim ja patendeeritud Ashwagandha vorm.","breadcrumb":{"@id":"https:\/\/fit360.ee\/en\/pood\/product-groups\/superfoods-health-foods-en\/ashwagandha-en\/ksm-66-ashwagandha-vege-120caps\/#breadcrumb"},"inLanguage":"en-US","potentialAction":[{"@type":"ReadAction","target":["https:\/\/fit360.ee\/en\/pood\/product-groups\/superfoods-health-foods-en\/ashwagandha-en\/ksm-66-ashwagandha-vege-120caps\/"]}]},{"@type":"ImageObject","inLanguage":"en-US","@id":"https:\/\/fit360.ee\/en\/pood\/product-groups\/superfoods-health-foods-en\/ashwagandha-en\/ksm-66-ashwagandha-vege-120caps\/#primaryimage","url":"https:\/\/fit360.ee\/wp-content\/uploads\/2024\/05\/KSM-66-Ashwagandha\u00ae-fit360.ee-1.png","contentUrl":"https:\/\/fit360.ee\/wp-content\/uploads\/2024\/05\/KSM-66-Ashwagandha\u00ae-fit360.ee-1.png","width":450,"height":450,"caption":"KSM-66 Ashwagandha\u00ae - fit360.ee"},{"@type":"BreadcrumbList","@id":"https:\/\/fit360.ee\/en\/pood\/product-groups\/superfoods-health-foods-en\/ashwagandha-en\/ksm-66-ashwagandha-vege-120caps\/#breadcrumb","itemListElement":[{"@type":"ListItem","position":1,"name":"Home","item":"https:\/\/fit360.ee\/en\/"},{"@type":"ListItem","position":2,"name":"Shop","item":"https:\/\/fit360.ee\/en\/shop\/"},{"@type":"ListItem","position":3,"name":"KSM-66 Ashwagandha\u00ae VEGE (120caps)"}]},{"@type":"WebSite","@id":"https:\/\/fit360.ee\/en\/#website","url":"https:\/\/fit360.ee\/en\/","name":"Fit360","description":"","publisher":{"@id":"https:\/\/fit360.ee\/en\/#organization"},"potentialAction":[{"@type":"SearchAction","target":{"@type":"EntryPoint","urlTemplate":"https:\/\/fit360.ee\/en\/?s={search_term_string}"},"query-input":{"@type":"PropertyValueSpecification","valueRequired":true,"valueName":"search_term_string"}}],"inLanguage":"en-US"},{"@type":"Organization","@id":"https:\/\/fit360.ee\/en\/#organization","name":"Fit360","url":"https:\/\/fit360.ee\/en\/","logo":{"@type":"ImageObject","inLanguage":"en-US","@id":"https:\/\/fit360.ee\/en\/#\/schema\/logo\/image\/","url":"https:\/\/fit360.ee\/wp-content\/uploads\/2017\/01\/logo-fit360.png","contentUrl":"https:\/\/fit360.ee\/wp-content\/uploads\/2017\/01\/logo-fit360.png","width":180,"height":66,"caption":"Fit360"},"image":{"@id":"https:\/\/fit360.ee\/en\/#\/schema\/logo\/image\/"}}]}},"_links":{"self":[{"href":"https:\/\/fit360.ee\/en\/wp-json\/wp\/v2\/product\/80288","targetHints":{"allow":["GET"]}}],"collection":[{"href":"https:\/\/fit360.ee\/en\/wp-json\/wp\/v2\/product"}],"about":[{"href":"https:\/\/fit360.ee\/en\/wp-json\/wp\/v2\/types\/product"}],"replies":[{"embeddable":true,"href":"https:\/\/fit360.ee\/en\/wp-json\/wp\/v2\/comments?post=80288"}],"wp:featuredmedia":[{"embeddable":true,"href":"https:\/\/fit360.ee\/en\/wp-json\/wp\/v2\/media\/80287"}],"wp:attachment":[{"href":"https:\/\/fit360.ee\/en\/wp-json\/wp\/v2\/media?parent=80288"}],"wp:term":[{"taxonomy":"product_brand","embeddable":true,"href":"https:\/\/fit360.ee\/en\/wp-json\/wp\/v2\/product_brand?post=80288"},{"taxonomy":"product_cat","embeddable":true,"href":"https:\/\/fit360.ee\/en\/wp-json\/wp\/v2\/product_cat?post=80288"},{"taxonomy":"product_tag","embeddable":true,"href":"https:\/\/fit360.ee\/en\/wp-json\/wp\/v2\/product_tag?post=80288"},{"taxonomy":"giftcard-category","embeddable":true,"href":"https:\/\/fit360.ee\/en\/wp-json\/wp\/v2\/giftcard-category?post=80288"}],"curies":[{"name":"wp","href":"https:\/\/api.w.org\/{rel}","templated":true}]}}