{"id":80293,"date":"2024-05-30T22:39:56","date_gmt":"2024-05-30T20:39:56","guid":{"rendered":"https:\/\/fit360.ee\/pood\/maaratlemata\/carbo-1000g\/"},"modified":"2025-08-13T07:37:09","modified_gmt":"2025-08-13T05:37:09","slug":"carbo-1000g","status":"publish","type":"product","link":"https:\/\/fit360.ee\/en\/pood\/product-groups\/energy-carbohydrates\/isotonic-en\/carbo-1000g\/","title":{"rendered":"Carbo (1000g)"},"content":{"rendered":"<h2><strong>Carbo<\/strong><\/h2>\n<p>OstroVit Carbo on kvaliteetne s\u00fcsivesikute toidulisand, mis on ka L-arginiini alfa-ketoglutaraadi, beeta-alaniini ning vitamiinide ja mineraalainete allikas. See on mitme maitsevariandiga saadaval olev pulbriline toidulisand, mis on m\u00f5eldud sportlastele ja f\u00fc\u00fcsiliselt aktiivsetele inimestele, kes hoolivad sellest, et varustada keha treeninguj\u00e4rgsel perioodil v\u00e4\u00e4rtuslike \u00fchenditega.<\/p>\n<ul class=\"cm__list\">\n<li><strong>S\u00fcsivesikute allikas<\/strong>\u00a0\u2013 \u00fcks portsjon toidulisandit annab organismile 43 g s\u00fcsivesikuid.<\/li>\n<li><strong>V\u00e4\u00e4rtuslike \u00fchenditega rikastatud<\/strong>\u00a0&#8211; \u00fcks portsjon s\u00fcsivesikuid sisaldab 300 mg kaaliumi, 285 mg naatriumi, 160 mg kaltsiumi, samuti 75 mg magneesiumi, 80 mg C-vitamiini, 1,4 mg viamiini B6 ja 200 mg AAKG ja 200 mg beeta-alaniin.<\/li>\n<li><strong>Neli erinevat maitset<\/strong>\u00a0\u2013 arbuus, sidrun, apelsin ja kirss \u2013 iga valik r\u00f5\u00f5mustab teie maitset.<\/li>\n<li><strong>1 portsjon = 3 kulbit\u00e4it = 50 g<\/strong>\u00a0.<\/li>\n<li><strong>T\u00f5husus<\/strong>\u00a0\u2013 tootepakendis on 20 portsjonit preparaati.<\/li>\n<li><strong>Mugav vorm<\/strong>\u00a0&#8211; pulbrina saadaval olev toode tagab toidulisandi t\u00f5rgeteta tarnimise &#8211; lihtsalt sega portsjon toodet veega ja ongi valmis!<\/li>\n<\/ul>\n<h4 class=\"cm__heading\"><strong>OstroVit Carbo \u2013 v\u00e4\u00e4rtuslike koostisosade kontsentreeritud allikas<\/strong><\/h4>\n<p class=\"cm__text\"><a href=\"https:\/\/fit360.ee\/en\/product-category\/product-groups\/energy-carbohydrates\/\"><strong>S\u00fcsivesikud<\/strong><\/a>\u00a0on \u00fched p\u00f5hilised makrotoitained, mis on vajalikud inimkeha n\u00f5uetekohaseks funktsioneerimiseks, mis on muuhulgas ka peamiseks energiaallikaks organismis. OstroVit kasutab maltodekstriini, t\u00e4rklise ens\u00fcmaatilise h\u00fcdrol\u00fc\u00fcsi teel saadud \u00fchendit, mis ei j\u00e4\u00e4 makku, ja s\u00f5ltuvuses, mida iseloomustab k\u00f5rge biosaadavus ja seeduvus, samuti dekstroosi, mis on gl\u00fckoosi parempoolne versioon ja allikana. kergesti seeditavatest s\u00fcsivesikutest, mida iseloomustab kiire imendumine vereringesse.<\/p>\n<p>OstroVit Carbo kasutab ka v\u00e4\u00e4rtuslikke koostisosi, n\u00e4iteks:<\/p>\n<p><strong>Kaalium<\/strong>\u00a0\u2013 mineraalne komponent s\u00fcmboliga K, mida leidub muuhulgas kaunviljades, p\u00e4hklites, spinatis, kartulis ja k\u00f5rvitsas.<\/p>\n<p><strong>Naatrium<\/strong>\u00a0\u2013 keemiline element s\u00fcmboliga Na, mida k\u00f5ige sagedamini tarnitakse kehasse lauasoola ja seda koostisainet sisaldavate toodetega, muuhulgas k\u00fclml\u00f5igud v\u00f5i leib.<\/p>\n<p><strong>Kaltsium<\/strong>\u00a0\u2013 keemiline element s\u00fcmboliga Ca, mida leidub muuhulgas piimas ja piimatoodetes, aga ka p\u00e4evalilleseemnetes, seesamiseemnetes, lehtkapsas, p\u00e4hklites v\u00f5i tofus.<\/p>\n<p><a href=\"https:\/\/fit360.ee\/en\/product-category\/product-groups\/vitamins-and-minerals-en\/magnesium-en\/\"><strong>Magneesium<\/strong><\/a>\u00a0\u2013 keemiline element s\u00fcmboliga Mg, mida leidub muuhulgas t\u00e4istera teraviljades, aga ka seemnetes ja p\u00e4hklites.<\/p>\n<p><strong>C-vitamiin<\/strong>\u00a0\u2013 orgaaniline keemiline \u00fchend, mis on klassifitseeritud vees lahustuvateks vitamiinideks, mida leidub v\u00e4rsketes puu- ja k\u00f6\u00f6giviljades, muuhulgas paprikas, nuikapsas v\u00f5i apelsinis.<\/p>\n<p><strong>B6-vitamiin<\/strong>\u00a0\u2013 vees lahustuv komponent, mis kuulub B-r\u00fchma vitamiinide hulka, mida leidub muuhulgas t\u00e4istera teraviljades, aga ka kaunviljades.<\/p>\n<p><strong>L-arginiini alfa-ketoglutaraat<\/strong>\u00a0\u2013 AAKG \u2013 keemiline \u00fchend, mis on kombinatsioon glutaarhappe soolast, mis on Krebsi ts\u00fckli produkt, ja valgu aminohappest, n\u00e4iteks arginiinist. Nende molekulide kombinatsioon loob s\u00fcnergilise toimega \u00fchendi.<\/p>\n<p><strong>Beeta-alaniin<\/strong>\u00a0\u2013 alfa-alaniini derivaat, orgaaniline keemiline \u00fchend, mis on karnosiini s\u00fcnteesi eelk\u00e4ija.<\/p>\n<h4 class=\"cm__heading\"><strong>OstroVit Carbo koostisainete omadused<\/strong>:<\/h4>\n<p><strong>Kaalium<\/strong>\u00a0aitab kaasa n\u00e4rvis\u00fcsteemi ja lihaste optimaalsele talitlusele ning aitab s\u00e4ilitada normaalset verer\u00f5hku.<\/p>\n<p><strong>Magneesium<\/strong>\u00a0aitab v\u00e4hendada v\u00e4simust ja kurnatust ning aitab s\u00e4ilitada elektrol\u00fc\u00fctide tasakaalu. Lisaks toetab see n\u00e4rvis\u00fcsteemi n\u00f5uetekohast toimimist ja aitab kaasa lihaste korralikule toimimisele.<\/p>\n<p><strong>Kaltsium<\/strong>\u00a0aitab s\u00e4ilitada normaalset energiavahetust ja aitab s\u00e4ilitada optimaalset n\u00e4rvi\u00fclekannet, samuti toetab lihaste ja seedeens\u00fc\u00fcmide n\u00f5uetekohast talitlust.<\/p>\n<p><strong>C-vitamiin<\/strong>\u00a0aitab kaasa kollageeni \u00f5igele tootmisele, et tagada luude, k\u00f5hrede ja naha n\u00f5uetekohane toimimine, samuti aitab v\u00e4hendada v\u00e4simust ja kurnatust ning toetab n\u00e4rvi- ja immuuns\u00fcsteemi n\u00f5uetekohast talitlust.<\/p>\n<p><strong>B6-vitamiin<\/strong>\u00a0aitab s\u00e4ilitada \u00f5iget energiavahetust ja toetab n\u00e4rvis\u00fcsteemi n\u00f5uetekohast talitlust. See on \u00fchend, mis aitab kaasa optimaalse valkude ja gl\u00fckogeeni metabolismi s\u00e4ilitamisele ning mis veelgi enam, aitab v\u00e4hendada v\u00e4simus- ja kurnatustunnet.<\/p>\n<p>&nbsp;<\/p>\n<p><strong>Koostisosad*<\/strong>: Maltodekstriin, dekstroos, kaaliumtsitraat (kaalium), happesuse regulaator: sidrunhape; naatriumkloriid (naatrium), magneesiumtsitraat (magneesium), kaltsiumkarbonaat (kaltsium), aroom, L-arginiin alfa ketoglutaraat (AAKG), beeta-alaniin, v\u00e4rvus: karoteenid; L-askorbiinhape (C-vitamiin), peedimahla kontsentraat pulbrina, magusaine: sukraloos; p\u00fcridoksiinvesinikkloriid (vitamiin B6).<\/p>\n<p>Toidulisand. Sisaldab suhkrut ja magusainet.<\/p>\n<p>*T\u00f5lgitud on apelsini maitse. Teiste maitsete koostisosade saamiseks palun kirjuta: info@fit360.ee<\/p>\n<p><strong>Kasutamine<\/strong>: Segage 50 g (3 lusikat\u00e4it) 500 ml vees. Treeningu ajal tarbi 1 portsjon.<\/p>\n<p><strong>Suurus<\/strong>: 1000g<\/p>\n<table>\n<tbody>\n<tr>\n<th>Toitev\u00e4\u00e4rtused<\/th>\n<th>100 g kohta<\/th>\n<th>portsjoni kohta<\/th>\n<th>% SPK*<\/th>\n<\/tr>\n<tr>\n<td>Energeetiline v\u00e4\u00e4rtus<\/td>\n<td>1449 kJ \/ 341 kcal<\/td>\n<td>725 kJ \/ 171 kcal<\/td>\n<td>&#8211;<\/td>\n<\/tr>\n<tr>\n<td>Rasvad<\/td>\n<td>0 g<\/td>\n<td>0 g<\/td>\n<td>&#8211;<\/td>\n<\/tr>\n<tr class=\"sub\">\n<td>&#8211; <em>millest<\/em> k\u00fcllastunud rasvhapped<\/td>\n<td>0 g<\/td>\n<td>0 g<\/td>\n<td>&#8211;<\/td>\n<\/tr>\n<tr>\n<td>S\u00fcsivesikud<\/td>\n<td>85 g<\/td>\n<td>43 g<\/td>\n<td>&#8211;<\/td>\n<\/tr>\n<tr class=\"sub\">\n<td>&#8211; <em>millest<\/em> suhkrud<\/td>\n<td>27 g<\/td>\n<td>14 g<\/td>\n<td>&#8211;<\/td>\n<\/tr>\n<tr>\n<td>Valk<\/td>\n<td>0 g<\/td>\n<td>0 g<\/td>\n<td>&#8211;<\/td>\n<\/tr>\n<tr>\n<td>soola<\/td>\n<td>1,50 g<\/td>\n<td>0,75 g<\/td>\n<td>&#8211;<\/td>\n<\/tr>\n<tr>\n<th>Aktiivsed koostisosad<\/th>\n<th>100 g kohta<\/th>\n<th>portsjoni kohta<\/th>\n<th>% SPK*<\/th>\n<\/tr>\n<tr>\n<td>Kaalium<\/td>\n<td>600 mg<\/td>\n<td>300 mg<\/td>\n<td>15%<\/td>\n<\/tr>\n<tr>\n<td>Naatrium<\/td>\n<td>570 mg<\/td>\n<td>285 mg<\/td>\n<td>&#8211;<\/td>\n<\/tr>\n<tr>\n<td>Kaltsium<\/td>\n<td>320 mg<\/td>\n<td>160 mg<\/td>\n<td>20%<\/td>\n<\/tr>\n<tr>\n<td>Magneesium<\/td>\n<td>150 mg<\/td>\n<td>75 mg<\/td>\n<td>20%<\/td>\n<\/tr>\n<tr>\n<td>C-vitamiin<\/td>\n<td>160 mg<\/td>\n<td>80 mg<\/td>\n<td>100%<\/td>\n<\/tr>\n<tr>\n<td>Vitamiin B6<\/td>\n<td>2,8 mg<\/td>\n<td>1,4 mg<\/td>\n<td>100%<\/td>\n<\/tr>\n<tr>\n<td>L-arginiini alfa-ketoglutaraat<\/td>\n<td>400 mg<\/td>\n<td>200 mg<\/td>\n<td>&#8211;<\/td>\n<\/tr>\n<tr>\n<td>&#8211; millest L-arginiin<\/td>\n<td>262 mg<\/td>\n<td>131 mg<\/td>\n<td>&#8211;<\/td>\n<\/tr>\n<tr>\n<td>Beeta-alaniin<\/td>\n<td>400 mg<\/td>\n<td>200 mg<\/td>\n<td>&#8211;<\/td>\n<\/tr>\n<\/tbody>\n<\/table>\n<p>*SPK \u2013 Soovitatud p\u00e4evane kogus<\/p>\n<p>Vaata ka meie teisi Isotoonilisi Spordijooke <a href=\"https:\/\/fit360.ee\/en\/product-category\/product-groups\/energy-carbohydrates\/isotonic-en\/\"><strong>SIIT<\/strong><\/a>!<\/p>\n<p>Soovid kaupa osta suuremas koguses? Vaata antud toodet ka meie HULGI poest\u00a0<a href=\"https:\/\/toidulisandidhulgi.ee\/tooted\/carbo-1000g\/\"><strong>SIIT<\/strong><\/a>!<\/p>\n","protected":false},"excerpt":{"rendered":"<ul>\n<li>S\u00fcsivesikute allikas<\/li>\n<li>Rikastatud L-arginiini ja beeta-alaniiniga<\/li>\n<li>4 head maitset<\/li>\n<li>Sisaldab elektrol\u00fc\u00fcte<\/li>\n<\/ul>\n","protected":false},"featured_media":80292,"comment_status":"open","ping_status":"closed","template":"","meta":[],"product_brand":[],"product_cat":[522,2460,1329,531,536],"product_tag":[4893,1924],"giftcard-category":[],"class_list":{"0":"post-80293","1":"product","2":"type-product","3":"status-publish","4":"has-post-thumbnail","6":"product_cat-energy-carbohydrates","7":"product_cat-isotonic-en","8":"product_cat-ostrovit-en","9":"product_cat-recovery-post-workout-en","10":"product_cat-vitamins-and-minerals-en","11":"product_tag-carbo-en","12":"product_tag-ostrovit-en","13":"pa_maitse-arbuus-en","14":"pa_maitse-lemon","15":"pa_maitse-orange","17":"first","18":"instock","19":"sale","20":"taxable","21":"shipping-taxable","22":"purchasable","23":"product-type-variable"},"yoast_head":"<!-- This site is optimized with the Yoast SEO plugin v27.3 - https:\/\/yoast.com\/product\/yoast-seo-wordpress\/ -->\n<title>Carbo (1000g) - Isotooniline spordijook - T\u00f5hus koostis - Kiire Tarne - Fit360<\/title>\n<meta name=\"description\" content=\"Carbo on kvaliteetne s\u00fcsivesikute toidulisand, mis on ka L-arginiini alfa-ketoglutaraadi, beeta-alaniini ning vitamiinide ja mineraalainete allikas.\" \/>\n<meta name=\"robots\" content=\"index, follow, max-snippet:-1, max-image-preview:large, max-video-preview:-1\" \/>\n<link rel=\"canonical\" href=\"https:\/\/fit360.ee\/en\/pood\/product-groups\/energy-carbohydrates\/isotonic-en\/carbo-1000g\/\" \/>\n<meta property=\"og:locale\" content=\"en_US\" \/>\n<meta property=\"og:type\" content=\"article\" \/>\n<meta property=\"og:title\" content=\"Carbo (1000g) - Isotooniline spordijook - T\u00f5hus koostis - Kiire Tarne - Fit360\" \/>\n<meta property=\"og:description\" content=\"Carbo on kvaliteetne s\u00fcsivesikute toidulisand, mis on ka L-arginiini alfa-ketoglutaraadi, beeta-alaniini ning vitamiinide ja mineraalainete allikas.\" \/>\n<meta property=\"og:url\" content=\"https:\/\/fit360.ee\/en\/pood\/product-groups\/energy-carbohydrates\/isotonic-en\/carbo-1000g\/\" \/>\n<meta property=\"og:site_name\" content=\"Fit360\" \/>\n<meta property=\"article:modified_time\" content=\"2025-08-13T05:37:09+00:00\" \/>\n<meta property=\"og:image\" content=\"https:\/\/fit360.ee\/wp-content\/uploads\/2024\/05\/carbo-fit360.ee-1.png\" \/>\n\t<meta property=\"og:image:width\" content=\"450\" \/>\n\t<meta property=\"og:image:height\" content=\"450\" \/>\n\t<meta property=\"og:image:type\" content=\"image\/png\" \/>\n<meta name=\"twitter:card\" content=\"summary_large_image\" \/>\n<meta name=\"twitter:label1\" content=\"Est. reading time\" \/>\n\t<meta name=\"twitter:data1\" content=\"4 minutes\" \/>\n<script type=\"application\/ld+json\" class=\"yoast-schema-graph\">{\"@context\":\"https:\\\/\\\/schema.org\",\"@graph\":[{\"@type\":\"WebPage\",\"@id\":\"https:\\\/\\\/fit360.ee\\\/en\\\/pood\\\/product-groups\\\/energy-carbohydrates\\\/isotonic-en\\\/carbo-1000g\\\/\",\"url\":\"https:\\\/\\\/fit360.ee\\\/en\\\/pood\\\/product-groups\\\/energy-carbohydrates\\\/isotonic-en\\\/carbo-1000g\\\/\",\"name\":\"Carbo (1000g) - Isotooniline spordijook - T\u00f5hus koostis - Kiire Tarne - Fit360\",\"isPartOf\":{\"@id\":\"https:\\\/\\\/fit360.ee\\\/en\\\/#website\"},\"primaryImageOfPage\":{\"@id\":\"https:\\\/\\\/fit360.ee\\\/en\\\/pood\\\/product-groups\\\/energy-carbohydrates\\\/isotonic-en\\\/carbo-1000g\\\/#primaryimage\"},\"image\":{\"@id\":\"https:\\\/\\\/fit360.ee\\\/en\\\/pood\\\/product-groups\\\/energy-carbohydrates\\\/isotonic-en\\\/carbo-1000g\\\/#primaryimage\"},\"thumbnailUrl\":\"https:\\\/\\\/fit360.ee\\\/wp-content\\\/uploads\\\/2024\\\/05\\\/carbo-fit360.ee-1.png\",\"datePublished\":\"2024-05-30T20:39:56+00:00\",\"dateModified\":\"2025-08-13T05:37:09+00:00\",\"description\":\"Carbo on kvaliteetne s\u00fcsivesikute toidulisand, mis on ka L-arginiini alfa-ketoglutaraadi, beeta-alaniini ning vitamiinide ja mineraalainete allikas.\",\"breadcrumb\":{\"@id\":\"https:\\\/\\\/fit360.ee\\\/en\\\/pood\\\/product-groups\\\/energy-carbohydrates\\\/isotonic-en\\\/carbo-1000g\\\/#breadcrumb\"},\"inLanguage\":\"en-US\",\"potentialAction\":[{\"@type\":\"ReadAction\",\"target\":[\"https:\\\/\\\/fit360.ee\\\/en\\\/pood\\\/product-groups\\\/energy-carbohydrates\\\/isotonic-en\\\/carbo-1000g\\\/\"]}]},{\"@type\":\"ImageObject\",\"inLanguage\":\"en-US\",\"@id\":\"https:\\\/\\\/fit360.ee\\\/en\\\/pood\\\/product-groups\\\/energy-carbohydrates\\\/isotonic-en\\\/carbo-1000g\\\/#primaryimage\",\"url\":\"https:\\\/\\\/fit360.ee\\\/wp-content\\\/uploads\\\/2024\\\/05\\\/carbo-fit360.ee-1.png\",\"contentUrl\":\"https:\\\/\\\/fit360.ee\\\/wp-content\\\/uploads\\\/2024\\\/05\\\/carbo-fit360.ee-1.png\",\"width\":450,\"height\":450,\"caption\":\"carbo - fit360.ee\"},{\"@type\":\"BreadcrumbList\",\"@id\":\"https:\\\/\\\/fit360.ee\\\/en\\\/pood\\\/product-groups\\\/energy-carbohydrates\\\/isotonic-en\\\/carbo-1000g\\\/#breadcrumb\",\"itemListElement\":[{\"@type\":\"ListItem\",\"position\":1,\"name\":\"Home\",\"item\":\"https:\\\/\\\/fit360.ee\\\/en\\\/\"},{\"@type\":\"ListItem\",\"position\":2,\"name\":\"Shop\",\"item\":\"https:\\\/\\\/fit360.ee\\\/en\\\/shop\\\/\"},{\"@type\":\"ListItem\",\"position\":3,\"name\":\"Carbo (1000g)\"}]},{\"@type\":\"WebSite\",\"@id\":\"https:\\\/\\\/fit360.ee\\\/en\\\/#website\",\"url\":\"https:\\\/\\\/fit360.ee\\\/en\\\/\",\"name\":\"Fit360\",\"description\":\"\",\"publisher\":{\"@id\":\"https:\\\/\\\/fit360.ee\\\/en\\\/#organization\"},\"potentialAction\":[{\"@type\":\"SearchAction\",\"target\":{\"@type\":\"EntryPoint\",\"urlTemplate\":\"https:\\\/\\\/fit360.ee\\\/en\\\/?s={search_term_string}\"},\"query-input\":{\"@type\":\"PropertyValueSpecification\",\"valueRequired\":true,\"valueName\":\"search_term_string\"}}],\"inLanguage\":\"en-US\"},{\"@type\":\"Organization\",\"@id\":\"https:\\\/\\\/fit360.ee\\\/en\\\/#organization\",\"name\":\"Fit360\",\"url\":\"https:\\\/\\\/fit360.ee\\\/en\\\/\",\"logo\":{\"@type\":\"ImageObject\",\"inLanguage\":\"en-US\",\"@id\":\"https:\\\/\\\/fit360.ee\\\/en\\\/#\\\/schema\\\/logo\\\/image\\\/\",\"url\":\"https:\\\/\\\/fit360.ee\\\/wp-content\\\/uploads\\\/2017\\\/01\\\/logo-fit360.png\",\"contentUrl\":\"https:\\\/\\\/fit360.ee\\\/wp-content\\\/uploads\\\/2017\\\/01\\\/logo-fit360.png\",\"width\":180,\"height\":66,\"caption\":\"Fit360\"},\"image\":{\"@id\":\"https:\\\/\\\/fit360.ee\\\/en\\\/#\\\/schema\\\/logo\\\/image\\\/\"}}]}<\/script>\n<!-- \/ Yoast SEO plugin. -->","yoast_head_json":{"title":"Carbo (1000g) - Isotooniline spordijook - T\u00f5hus koostis - Kiire Tarne - Fit360","description":"Carbo on kvaliteetne s\u00fcsivesikute toidulisand, mis on ka L-arginiini alfa-ketoglutaraadi, beeta-alaniini ning vitamiinide ja mineraalainete allikas.","robots":{"index":"index","follow":"follow","max-snippet":"max-snippet:-1","max-image-preview":"max-image-preview:large","max-video-preview":"max-video-preview:-1"},"canonical":"https:\/\/fit360.ee\/en\/pood\/product-groups\/energy-carbohydrates\/isotonic-en\/carbo-1000g\/","og_locale":"en_US","og_type":"article","og_title":"Carbo (1000g) - Isotooniline spordijook - T\u00f5hus koostis - Kiire Tarne - Fit360","og_description":"Carbo on kvaliteetne s\u00fcsivesikute toidulisand, mis on ka L-arginiini alfa-ketoglutaraadi, beeta-alaniini ning vitamiinide ja mineraalainete allikas.","og_url":"https:\/\/fit360.ee\/en\/pood\/product-groups\/energy-carbohydrates\/isotonic-en\/carbo-1000g\/","og_site_name":"Fit360","article_modified_time":"2025-08-13T05:37:09+00:00","og_image":[{"width":450,"height":450,"url":"https:\/\/fit360.ee\/wp-content\/uploads\/2024\/05\/carbo-fit360.ee-1.png","type":"image\/png"}],"twitter_card":"summary_large_image","twitter_misc":{"Est. reading time":"4 minutes"},"schema":{"@context":"https:\/\/schema.org","@graph":[{"@type":"WebPage","@id":"https:\/\/fit360.ee\/en\/pood\/product-groups\/energy-carbohydrates\/isotonic-en\/carbo-1000g\/","url":"https:\/\/fit360.ee\/en\/pood\/product-groups\/energy-carbohydrates\/isotonic-en\/carbo-1000g\/","name":"Carbo (1000g) - Isotooniline spordijook - T\u00f5hus koostis - Kiire Tarne - Fit360","isPartOf":{"@id":"https:\/\/fit360.ee\/en\/#website"},"primaryImageOfPage":{"@id":"https:\/\/fit360.ee\/en\/pood\/product-groups\/energy-carbohydrates\/isotonic-en\/carbo-1000g\/#primaryimage"},"image":{"@id":"https:\/\/fit360.ee\/en\/pood\/product-groups\/energy-carbohydrates\/isotonic-en\/carbo-1000g\/#primaryimage"},"thumbnailUrl":"https:\/\/fit360.ee\/wp-content\/uploads\/2024\/05\/carbo-fit360.ee-1.png","datePublished":"2024-05-30T20:39:56+00:00","dateModified":"2025-08-13T05:37:09+00:00","description":"Carbo on kvaliteetne s\u00fcsivesikute toidulisand, mis on ka L-arginiini alfa-ketoglutaraadi, beeta-alaniini ning vitamiinide ja mineraalainete allikas.","breadcrumb":{"@id":"https:\/\/fit360.ee\/en\/pood\/product-groups\/energy-carbohydrates\/isotonic-en\/carbo-1000g\/#breadcrumb"},"inLanguage":"en-US","potentialAction":[{"@type":"ReadAction","target":["https:\/\/fit360.ee\/en\/pood\/product-groups\/energy-carbohydrates\/isotonic-en\/carbo-1000g\/"]}]},{"@type":"ImageObject","inLanguage":"en-US","@id":"https:\/\/fit360.ee\/en\/pood\/product-groups\/energy-carbohydrates\/isotonic-en\/carbo-1000g\/#primaryimage","url":"https:\/\/fit360.ee\/wp-content\/uploads\/2024\/05\/carbo-fit360.ee-1.png","contentUrl":"https:\/\/fit360.ee\/wp-content\/uploads\/2024\/05\/carbo-fit360.ee-1.png","width":450,"height":450,"caption":"carbo - fit360.ee"},{"@type":"BreadcrumbList","@id":"https:\/\/fit360.ee\/en\/pood\/product-groups\/energy-carbohydrates\/isotonic-en\/carbo-1000g\/#breadcrumb","itemListElement":[{"@type":"ListItem","position":1,"name":"Home","item":"https:\/\/fit360.ee\/en\/"},{"@type":"ListItem","position":2,"name":"Shop","item":"https:\/\/fit360.ee\/en\/shop\/"},{"@type":"ListItem","position":3,"name":"Carbo (1000g)"}]},{"@type":"WebSite","@id":"https:\/\/fit360.ee\/en\/#website","url":"https:\/\/fit360.ee\/en\/","name":"Fit360","description":"","publisher":{"@id":"https:\/\/fit360.ee\/en\/#organization"},"potentialAction":[{"@type":"SearchAction","target":{"@type":"EntryPoint","urlTemplate":"https:\/\/fit360.ee\/en\/?s={search_term_string}"},"query-input":{"@type":"PropertyValueSpecification","valueRequired":true,"valueName":"search_term_string"}}],"inLanguage":"en-US"},{"@type":"Organization","@id":"https:\/\/fit360.ee\/en\/#organization","name":"Fit360","url":"https:\/\/fit360.ee\/en\/","logo":{"@type":"ImageObject","inLanguage":"en-US","@id":"https:\/\/fit360.ee\/en\/#\/schema\/logo\/image\/","url":"https:\/\/fit360.ee\/wp-content\/uploads\/2017\/01\/logo-fit360.png","contentUrl":"https:\/\/fit360.ee\/wp-content\/uploads\/2017\/01\/logo-fit360.png","width":180,"height":66,"caption":"Fit360"},"image":{"@id":"https:\/\/fit360.ee\/en\/#\/schema\/logo\/image\/"}}]}},"_links":{"self":[{"href":"https:\/\/fit360.ee\/en\/wp-json\/wp\/v2\/product\/80293","targetHints":{"allow":["GET"]}}],"collection":[{"href":"https:\/\/fit360.ee\/en\/wp-json\/wp\/v2\/product"}],"about":[{"href":"https:\/\/fit360.ee\/en\/wp-json\/wp\/v2\/types\/product"}],"replies":[{"embeddable":true,"href":"https:\/\/fit360.ee\/en\/wp-json\/wp\/v2\/comments?post=80293"}],"wp:featuredmedia":[{"embeddable":true,"href":"https:\/\/fit360.ee\/en\/wp-json\/wp\/v2\/media\/80292"}],"wp:attachment":[{"href":"https:\/\/fit360.ee\/en\/wp-json\/wp\/v2\/media?parent=80293"}],"wp:term":[{"taxonomy":"product_brand","embeddable":true,"href":"https:\/\/fit360.ee\/en\/wp-json\/wp\/v2\/product_brand?post=80293"},{"taxonomy":"product_cat","embeddable":true,"href":"https:\/\/fit360.ee\/en\/wp-json\/wp\/v2\/product_cat?post=80293"},{"taxonomy":"product_tag","embeddable":true,"href":"https:\/\/fit360.ee\/en\/wp-json\/wp\/v2\/product_tag?post=80293"},{"taxonomy":"giftcard-category","embeddable":true,"href":"https:\/\/fit360.ee\/en\/wp-json\/wp\/v2\/giftcard-category?post=80293"}],"curies":[{"name":"wp","href":"https:\/\/api.w.org\/{rel}","templated":true}]}}