{"id":80306,"date":"2024-05-30T22:39:56","date_gmt":"2024-05-30T20:39:56","guid":{"rendered":"https:\/\/fit360.ee\/pood\/maaratlemata\/keep-sleep-270g\/"},"modified":"2026-04-10T15:42:05","modified_gmt":"2026-04-10T13:42:05","slug":"keep-sleep-270g","status":"publish","type":"product","link":"https:\/\/fit360.ee\/en\/pood\/product-groups\/sleep-enhancers-en\/melatonin-en\/keep-sleep-270g\/","title":{"rendered":"Keep Sleep (270g)"},"content":{"rendered":"<h2><strong>Keep Sleep<\/strong><\/h2>\n<p>OstroVit Keep Sleep on terviklik toidulisand, mis on kaheteistk\u00fcmne koostisosa allikas \u2013 Toode sisaldab vitamiine, mineraalaineid, aga ka aminohappeid ja taimeekstrakte. See on maitsva rohelise \u00f5una maitsega preparaat, mis on saadaval mugavas pulbrilises vormis. See toode on eriti soovitatav inimestele, kes hoolivad korralikust taastumisest ja kvaliteetsest unest.<\/p>\n<ul class=\"cm__list\">\n<li><strong>Kaheteistk\u00fcmne koostisosa allikas<\/strong>\u00a0\u2013 Toidulisand varustab keha magneesiumi, L-arginiini, L-glutamiini, gamma-aminov\u00f5ihappe ja L-ornitiin-L-aspartaadi, D-asparagiinhappe, L-l\u00fcsiini HCl ja L-tr\u00fcptofaaniga. Preparaat sisaldab ka melissi lehtede ekstrakti, tsinki, B6-vitamiini ja melatoniini.<\/li>\n<li><strong>Maitsev, puuviljane maitse<\/strong>\u00a0\u2013 Roheline \u00f5un on magus ja v\u00e4rskendav maitsekompositsioon, mis r\u00f5\u00f5mustab suulagi.<\/li>\n<li><strong>1 portsjon = 1 lusikas = 9 g preparaati.<\/strong><\/li>\n<li><strong>T\u00f5husus<\/strong>\u00a0\u2013 Toote pakendis on 30 portsjonit preparaati, millest piisab kuuks regulaarseks toidulisandiks.<\/li>\n<li><strong>Mugav vorm<\/strong>\u00a0\u2013 pulbri kujul olev preparaat tagab toidulisandi t\u00f5rgeteta tarnimise ja sobib suurep\u00e4raselt inimestele, kellel on raskusi tablettide neelamisega.<\/li>\n<\/ul>\n<h4 class=\"cm__heading\"><strong>OstroVit Keep Sleep \u2013 terviklik toidulisand<\/strong><\/h4>\n<p><strong>Magneesium<\/strong>\u00a0\u2013 mineraalne komponent s\u00fcmboliga Mg, klassifitseeritud makroelemendiks. Inimkehas talletub see peamiselt luudesse ja lihastesse. Magneesiumi allikad on t\u00e4isteratooted, seemned ja p\u00e4hklid.<\/p>\n<p><strong>L-arginiin<\/strong>\u00a0\u2013 aminohape, mida inimkeha v\u00f5ib teatud m\u00e4\u00e4ral toota, kuid L-arginiini s\u00fcntees on s\u00f5ltuv teistest eksogeensetest \u00fchenditest. See on aine, mida leidub muu hulgas p\u00e4hklites ja seemnetes, lihas, mereandides ja t\u00e4istera teraviljatoodetes.<\/p>\n<p><strong>L-glutamiin<\/strong>\u00a0\u2013 endogeenne aminohape, mida inimkeha saab looduslikult toota. \u00dchendit v\u00f5ib organismi viia, aga ka toiduga \u2013 L-glutamiini leidub muuhulgas munas, maisis, tofus v\u00f5i valges riisis.<\/p>\n<p><strong>Gamma-aminov\u00f5ihape \u2013 GABA<\/strong>\u00a0\u2013 orgaaniline keemiline \u00fchend mittevalguliste aminohapete r\u00fchmast. Neurotransmitter, mis s\u00fcnteesitakse kehas glutamaadist. \u00dchendit v\u00f5ib leida ka toidust, sellistest toodetest nagu roheline tee, hapukurk, sojaoad ja piimatooted.<\/p>\n<p><strong>L-ornitiin L-aspartaat<\/strong>\u00a0\u2013 sool, mis on kombinatsioon aminohapetest nagu L-ornitiin ja L-asparagiinhape. Seda kasutatakse toidulisandites, kuna sellel on k\u00f5rge bioloogiline aktiivsus.<\/p>\n<p><strong>D-asparagiinhape &#8211; DAA<\/strong>\u00a0&#8211; endogeenne aminohape, toodetakse peamiselt h\u00fcpof\u00fc\u00fcsis ja h\u00fcpotalamuses. D-asparagiinhapet leidub ka toidus \u2013 \u00fchendit leidub peamiselt loomsetes saadustes.<\/p>\n<p><strong>L-l\u00fcsiin HCl<\/strong>\u00a0&#8211; keemiline \u00fchend, mis sisaldab vesinikkloriidhapet ja valgu aminohapete r\u00fchma kuuluvat l\u00fcsiini. L\u00fcsiinvesinikkloriidi kasutatakse toidulisandite koostisosana, mis eristub suurep\u00e4rase lahustuvusega.<\/p>\n<p><strong>L-tr\u00fcptofaan<\/strong>\u00a0\u2013 valgu aminohape, mis on klassifitseeritud eksogeensete ainetena. Tr\u00fcptofaani v\u00f5ib leida loomsetest saadustest, aga ka k\u00f5rvitsaseemnetest, kuivatatud kaunviljadest v\u00f5i linaseemnetest.<\/p>\n<p><strong>Melissi lehtede ekstrakt<\/strong>\u00a0\u2013 ekstrakt Lamiaceae perekonda kuuluvast \u00fcrdist, mis, kuigi p\u00e4rineb L\u00f5una-Euroopast, on praegu kasvatatud k\u00f5ikjal maailmas. Enim kasutatav tooraine on melissilehed, mis eristuvad toimeainete ja eeterlike \u00f5lide rohkusest.<\/p>\n<p><strong>Tsink<\/strong>\u00a0\u2013 keemiline element s\u00fcmboliga Zn. See on mineraal, mida leidub inimkehas peamiselt skeletilihastes ja luudes. Peamised tsingi allikad on punane liha, linnuliha, kuivatatud kaunviljad, p\u00e4hklid ja t\u00e4isteratooted.<\/p>\n<p><strong>B6-vitamiin \u2013 p\u00fcridoksiin<\/strong>\u00a0\u2013 B-vitamiinide hulka kuuluv vees lahustuv koostisosa. \u00dchendit leidub peamiselt t\u00e4istera teraviljatoodetes, aga ka rupsis ja kuivades kaunviljades.<\/p>\n<p><strong>Melatoniin<\/strong>\u00a0\u2013 inimkehas looduslikult esinev hormoon. Ainet toodab keskn\u00e4rvis\u00fcsteemis k\u00e4bin\u00e4\u00e4re ja see on tr\u00fcptofaani derivaat. Organismi loomulik hormooni tootmine algab p\u00e4rast p\u00e4ikeseloojangut ja toimub k\u00f5ige intensiivsemalt keset \u00f6\u00f6d.<\/p>\n<h4><strong>OstroVit Keep Sleep&#8217;is sisalduvate koostisosade omadused<\/strong><\/h4>\n<p><strong>Magneesium<\/strong>\u00a0aitab v\u00e4hendada v\u00e4simust ja kurnatust, samuti aitab s\u00e4ilitada normaalseid ps\u00fchholoogilisi funktsioone. Lisaks aitab see kaasa \u00f5ige energiavahetuse s\u00e4ilitamisele ja toetab elektrol\u00fc\u00fctide tasakaalu s\u00e4ilimist. Element toetab ka n\u00e4rvis\u00fcsteemi optimaalset talitlust.<\/p>\n<p><strong>Tsink<\/strong>\u00a0aitab kaasa normaalsele kognitiivsele funktsioonile ja aitab kaasa normaalsele makrotoitainete ainevahetusele. Element toetab rakkude kaitset oks\u00fcdatiivse stressi eest ja aitab ka s\u00e4ilitada korralikku n\u00e4gemist.<\/p>\n<p><strong>B6-vitamiin<\/strong>\u00a0aitab s\u00e4ilitada normaalset energiavahetust ja aitab kaasa n\u00e4rvis\u00fcsteemi optimaalsele talitlusele. Lisaks toetab see \u00f5igete ps\u00fchholoogiliste funktsioonide s\u00e4ilimist, aitab kaasa v\u00e4simuse ja kurnatuse v\u00e4hendamisele ning hormonaalse aktiivsuse reguleerimisele.<\/p>\n<p><strong>Melatoniin<\/strong>\u00a0toetab \u00e4kilise ajav\u00f6\u00f6ndi s\u00fcndroomi subjektiivse tunde leevendamist ja kasulik toime avaldub 0,5 mg tarbimisel vahetult enne magamaminekut esimesel reisip\u00e4eval ja mitu p\u00e4eva p\u00e4rast sihtkohta j\u00f5udmist. Lisaks aitab \u00fchend l\u00fchendada uinumiseks kuluvat aega ja kasulik m\u00f5ju ilmneb siis, kui tarbite vahetult enne magamaminekut 1 mg melatoniini.<\/p>\n<p>&nbsp;<\/p>\n<p><strong>Koostisosad<\/strong>: Maltodekstriin, sidrunhappe magneesiumisoolad (magneesium), L-arginiin, L-glutamiin, gamma-aminov\u00f5ihape GABA, happesuse regulaator: sidrunhape; L-ornitiin L-aspartaat, D-asparagiinhape DAA, L-l\u00fcsiin HCL, L-tr\u00fcptofaan, palsamilehe ekstrakt (Melissa officinalis) DER 4:1, paakumisvastane aine: r\u00e4nidioksiid; tsinkgl\u00fckonaat (tsink), aroom, magusaine: sukraloos; p\u00fcridoksiinvesinikkloriid (vitamiin B6), melatoniin.<\/p>\n<p><strong>Kasutamine<\/strong>: Lahustage 1 portsjon 9 g (1 lusikas) 150-200 ml vees. V\u00f5tke 1 portsjon p\u00e4ev, 30 minutit enne magamaminekut. Kasulik toime ilmneb siis, kui v\u00f5tate vahetult enne magamaminekut 1 mg melatoniini. Toode on m\u00f5eldud t\u00e4iskasvanutele.<\/p>\n<p><strong>Suurus<\/strong>: 270g &#8211; 30 serveeringut.<\/p>\n<p><strong>Maitse<\/strong>: roheline \u00f5un<\/p>\n<table>\n<tbody>\n<tr>\n<th>Aktiivsed koostisosad<\/th>\n<th>Portsjoni kohta<\/th>\n<th>% SPK*<\/th>\n<\/tr>\n<tr>\n<td>Magneesium<\/td>\n<td>195 mg<\/td>\n<td>52<\/td>\n<\/tr>\n<tr>\n<td>L-arginiin<\/td>\n<td>1000 mg<\/td>\n<td>&#8211;<\/td>\n<\/tr>\n<tr>\n<td>L-glutamiin<\/td>\n<td>950 mg<\/td>\n<td>&#8211;<\/td>\n<\/tr>\n<tr>\n<td>Gamma-aminov\u00f5ihape GABA<\/td>\n<td>750 mg<\/td>\n<td>&#8211;<\/td>\n<\/tr>\n<tr>\n<td>L-ornitiin L-aspartaat<\/td>\n<td>650 mg<\/td>\n<td>&#8211;<\/td>\n<\/tr>\n<tr>\n<td>K oli D-asparagiinhape DAA<\/td>\n<td>500 mg<\/td>\n<td>&#8211;<\/td>\n<\/tr>\n<tr>\n<td>L-l\u00fcsiin HCL<\/td>\n<td>350 mg<\/td>\n<td>&#8211;<\/td>\n<\/tr>\n<tr>\n<td>L-tr\u00fcptofaan<\/td>\n<td>300 mg<\/td>\n<td>&#8211;<\/td>\n<\/tr>\n<tr>\n<td>Palsamilehe ekstrakt<\/td>\n<td>200 mg<\/td>\n<td>&#8211;<\/td>\n<\/tr>\n<tr>\n<td>Tsink<\/td>\n<td>10 mg<\/td>\n<td>100<\/td>\n<\/tr>\n<tr>\n<td>Vitamiin B6<\/td>\n<td>6 mg<\/td>\n<td>429<\/td>\n<\/tr>\n<tr>\n<td>Melatoniin<\/td>\n<td>1 mg<\/td>\n<td>&#8211;<\/td>\n<\/tr>\n<\/tbody>\n<\/table>\n<p>*SPK \u2013 Soovitatud p\u00e4evane kogus<\/p>\n<p>Vaata ka meie teisi toidulisandeid Unele <a href=\"https:\/\/fit360.ee\/en\/product-category\/product-groups\/sleep-enhancers-en\/\"><strong>SIIT<\/strong><\/a>\u00a0v\u00f5i Melatoniini tooteid <a href=\"https:\/\/fit360.ee\/en\/product-category\/product-groups\/sleep-enhancers-en\/melatonin-en\/\"><strong>SIIT<\/strong><\/a>!<\/p>\n<p>Soovid kaupa osta suuremas koguses? Vaata antud toodet ka meie HULGI poest\u00a0<a href=\"https:\/\/toidulisandidhulgi.ee\/tooted\/keep-sleep-270g\/\"><strong>SIIT<\/strong><\/a>!<\/p>\n","protected":false},"excerpt":{"rendered":"<ul>\n<li>Kaheteistk\u00fcmne koostisosa allikas<\/li>\n<li>\u00d5una maitseline<\/li>\n<li>T\u00f5hus<\/li>\n<\/ul>\n<p>&nbsp;<\/p>\n","protected":false},"featured_media":80305,"comment_status":"open","ping_status":"closed","template":"","meta":[],"product_brand":[],"product_cat":[520,2319,2480,1329,2476,536,2295,1201],"product_tag":[4895,2992,1924],"giftcard-category":[],"class_list":{"0":"post-80306","1":"product","2":"type-product","3":"status-publish","4":"has-post-thumbnail","6":"product_cat-amino-acids-bcaa","7":"product_cat-gaba-en","8":"product_cat-melatonin-en","9":"product_cat-ostrovit-en","10":"product_cat-sleep-enhancers-en","11":"product_cat-vitamins-and-minerals-en","12":"product_cat-zma-en","13":"product_cat-1201","14":"product_tag-keep-sleep-en","15":"product_tag-melatoniin-en","16":"product_tag-ostrovit-en","17":"pa_kogus-270g-en","18":"pa_maitse-rohelise-ouna-en","19":"pa_toidulisand-branddd-ostrovit","20":"pa_tootegruppp-amino-acidsbcaa","21":"pa_tootegruppp-gaba-en","22":"pa_tootegruppp-melatoniin-en","23":"pa_tootegruppp-uni-en","24":"pa_tootegruppp-vegan-en","25":"pa_tootegruppp-vitamins-and-minerals","26":"pa_tootegruppp-zma-en","28":"first","29":"outofstock","30":"sale","31":"taxable","32":"shipping-taxable","33":"purchasable","34":"product-type-simple"},"yoast_head":"<!-- This site is optimized with the Yoast SEO plugin v27.3 - https:\/\/yoast.com\/product\/yoast-seo-wordpress\/ -->\n<title>Keep Sleep (270g) - Toidulsiand unele - T\u00f5hus koostis - Kiire Tarne - Fit360<\/title>\n<meta name=\"description\" content=\"Keep Sleep on terviklik toidulisand, mis on kaheteistk\u00fcmne koostisosa allikas \u2013 Toode sisaldab vitamiine, mineraalaineid, aga ka aminohappeid ja taimeeks...\" \/>\n<meta name=\"robots\" content=\"index, follow, max-snippet:-1, max-image-preview:large, max-video-preview:-1\" \/>\n<link rel=\"canonical\" href=\"https:\/\/fit360.ee\/en\/pood\/product-groups\/sleep-enhancers-en\/melatonin-en\/keep-sleep-270g\/\" \/>\n<meta property=\"og:locale\" content=\"en_US\" \/>\n<meta property=\"og:type\" content=\"article\" \/>\n<meta property=\"og:title\" content=\"Keep Sleep (270g) - Toidulsiand unele - T\u00f5hus koostis - Kiire Tarne - Fit360\" \/>\n<meta property=\"og:description\" content=\"Keep Sleep on terviklik toidulisand, mis on kaheteistk\u00fcmne koostisosa allikas \u2013 Toode sisaldab vitamiine, mineraalaineid, aga ka aminohappeid ja taimeeks...\" \/>\n<meta property=\"og:url\" content=\"https:\/\/fit360.ee\/en\/pood\/product-groups\/sleep-enhancers-en\/melatonin-en\/keep-sleep-270g\/\" \/>\n<meta property=\"og:site_name\" content=\"Fit360\" \/>\n<meta property=\"article:modified_time\" content=\"2026-04-10T13:42:05+00:00\" \/>\n<meta property=\"og:image\" content=\"https:\/\/fit360.ee\/wp-content\/uploads\/2024\/05\/keep-sleep-fit360.ee-1.png\" \/>\n\t<meta property=\"og:image:width\" content=\"450\" \/>\n\t<meta property=\"og:image:height\" content=\"450\" \/>\n\t<meta property=\"og:image:type\" content=\"image\/png\" \/>\n<meta name=\"twitter:card\" content=\"summary_large_image\" \/>\n<meta name=\"twitter:label1\" content=\"Est. reading time\" \/>\n\t<meta name=\"twitter:data1\" content=\"5 minutes\" \/>\n<script type=\"application\/ld+json\" class=\"yoast-schema-graph\">{\"@context\":\"https:\\\/\\\/schema.org\",\"@graph\":[{\"@type\":\"WebPage\",\"@id\":\"https:\\\/\\\/fit360.ee\\\/en\\\/pood\\\/product-groups\\\/sleep-enhancers-en\\\/melatonin-en\\\/keep-sleep-270g\\\/\",\"url\":\"https:\\\/\\\/fit360.ee\\\/en\\\/pood\\\/product-groups\\\/sleep-enhancers-en\\\/melatonin-en\\\/keep-sleep-270g\\\/\",\"name\":\"Keep Sleep (270g) - Toidulsiand unele - T\u00f5hus koostis - Kiire Tarne - Fit360\",\"isPartOf\":{\"@id\":\"https:\\\/\\\/fit360.ee\\\/en\\\/#website\"},\"primaryImageOfPage\":{\"@id\":\"https:\\\/\\\/fit360.ee\\\/en\\\/pood\\\/product-groups\\\/sleep-enhancers-en\\\/melatonin-en\\\/keep-sleep-270g\\\/#primaryimage\"},\"image\":{\"@id\":\"https:\\\/\\\/fit360.ee\\\/en\\\/pood\\\/product-groups\\\/sleep-enhancers-en\\\/melatonin-en\\\/keep-sleep-270g\\\/#primaryimage\"},\"thumbnailUrl\":\"https:\\\/\\\/fit360.ee\\\/wp-content\\\/uploads\\\/2024\\\/05\\\/keep-sleep-fit360.ee-1.png\",\"datePublished\":\"2024-05-30T20:39:56+00:00\",\"dateModified\":\"2026-04-10T13:42:05+00:00\",\"description\":\"Keep Sleep on terviklik toidulisand, mis on kaheteistk\u00fcmne koostisosa allikas \u2013 Toode sisaldab vitamiine, mineraalaineid, aga ka aminohappeid ja taimeeks...\",\"breadcrumb\":{\"@id\":\"https:\\\/\\\/fit360.ee\\\/en\\\/pood\\\/product-groups\\\/sleep-enhancers-en\\\/melatonin-en\\\/keep-sleep-270g\\\/#breadcrumb\"},\"inLanguage\":\"en-US\",\"potentialAction\":[{\"@type\":\"ReadAction\",\"target\":[\"https:\\\/\\\/fit360.ee\\\/en\\\/pood\\\/product-groups\\\/sleep-enhancers-en\\\/melatonin-en\\\/keep-sleep-270g\\\/\"]}]},{\"@type\":\"ImageObject\",\"inLanguage\":\"en-US\",\"@id\":\"https:\\\/\\\/fit360.ee\\\/en\\\/pood\\\/product-groups\\\/sleep-enhancers-en\\\/melatonin-en\\\/keep-sleep-270g\\\/#primaryimage\",\"url\":\"https:\\\/\\\/fit360.ee\\\/wp-content\\\/uploads\\\/2024\\\/05\\\/keep-sleep-fit360.ee-1.png\",\"contentUrl\":\"https:\\\/\\\/fit360.ee\\\/wp-content\\\/uploads\\\/2024\\\/05\\\/keep-sleep-fit360.ee-1.png\",\"width\":450,\"height\":450,\"caption\":\"keep sleep - fit360.ee\"},{\"@type\":\"BreadcrumbList\",\"@id\":\"https:\\\/\\\/fit360.ee\\\/en\\\/pood\\\/product-groups\\\/sleep-enhancers-en\\\/melatonin-en\\\/keep-sleep-270g\\\/#breadcrumb\",\"itemListElement\":[{\"@type\":\"ListItem\",\"position\":1,\"name\":\"Home\",\"item\":\"https:\\\/\\\/fit360.ee\\\/en\\\/\"},{\"@type\":\"ListItem\",\"position\":2,\"name\":\"Shop\",\"item\":\"https:\\\/\\\/fit360.ee\\\/en\\\/shop\\\/\"},{\"@type\":\"ListItem\",\"position\":3,\"name\":\"Keep Sleep (270g)\"}]},{\"@type\":\"WebSite\",\"@id\":\"https:\\\/\\\/fit360.ee\\\/en\\\/#website\",\"url\":\"https:\\\/\\\/fit360.ee\\\/en\\\/\",\"name\":\"Fit360\",\"description\":\"\",\"publisher\":{\"@id\":\"https:\\\/\\\/fit360.ee\\\/en\\\/#organization\"},\"potentialAction\":[{\"@type\":\"SearchAction\",\"target\":{\"@type\":\"EntryPoint\",\"urlTemplate\":\"https:\\\/\\\/fit360.ee\\\/en\\\/?s={search_term_string}\"},\"query-input\":{\"@type\":\"PropertyValueSpecification\",\"valueRequired\":true,\"valueName\":\"search_term_string\"}}],\"inLanguage\":\"en-US\"},{\"@type\":\"Organization\",\"@id\":\"https:\\\/\\\/fit360.ee\\\/en\\\/#organization\",\"name\":\"Fit360\",\"url\":\"https:\\\/\\\/fit360.ee\\\/en\\\/\",\"logo\":{\"@type\":\"ImageObject\",\"inLanguage\":\"en-US\",\"@id\":\"https:\\\/\\\/fit360.ee\\\/en\\\/#\\\/schema\\\/logo\\\/image\\\/\",\"url\":\"https:\\\/\\\/fit360.ee\\\/wp-content\\\/uploads\\\/2017\\\/01\\\/logo-fit360.png\",\"contentUrl\":\"https:\\\/\\\/fit360.ee\\\/wp-content\\\/uploads\\\/2017\\\/01\\\/logo-fit360.png\",\"width\":180,\"height\":66,\"caption\":\"Fit360\"},\"image\":{\"@id\":\"https:\\\/\\\/fit360.ee\\\/en\\\/#\\\/schema\\\/logo\\\/image\\\/\"}}]}<\/script>\n<!-- \/ Yoast SEO plugin. -->","yoast_head_json":{"title":"Keep Sleep (270g) - Toidulsiand unele - T\u00f5hus koostis - Kiire Tarne - Fit360","description":"Keep Sleep on terviklik toidulisand, mis on kaheteistk\u00fcmne koostisosa allikas \u2013 Toode sisaldab vitamiine, mineraalaineid, aga ka aminohappeid ja taimeeks...","robots":{"index":"index","follow":"follow","max-snippet":"max-snippet:-1","max-image-preview":"max-image-preview:large","max-video-preview":"max-video-preview:-1"},"canonical":"https:\/\/fit360.ee\/en\/pood\/product-groups\/sleep-enhancers-en\/melatonin-en\/keep-sleep-270g\/","og_locale":"en_US","og_type":"article","og_title":"Keep Sleep (270g) - Toidulsiand unele - T\u00f5hus koostis - Kiire Tarne - Fit360","og_description":"Keep Sleep on terviklik toidulisand, mis on kaheteistk\u00fcmne koostisosa allikas \u2013 Toode sisaldab vitamiine, mineraalaineid, aga ka aminohappeid ja taimeeks...","og_url":"https:\/\/fit360.ee\/en\/pood\/product-groups\/sleep-enhancers-en\/melatonin-en\/keep-sleep-270g\/","og_site_name":"Fit360","article_modified_time":"2026-04-10T13:42:05+00:00","og_image":[{"width":450,"height":450,"url":"https:\/\/fit360.ee\/wp-content\/uploads\/2024\/05\/keep-sleep-fit360.ee-1.png","type":"image\/png"}],"twitter_card":"summary_large_image","twitter_misc":{"Est. reading time":"5 minutes"},"schema":{"@context":"https:\/\/schema.org","@graph":[{"@type":"WebPage","@id":"https:\/\/fit360.ee\/en\/pood\/product-groups\/sleep-enhancers-en\/melatonin-en\/keep-sleep-270g\/","url":"https:\/\/fit360.ee\/en\/pood\/product-groups\/sleep-enhancers-en\/melatonin-en\/keep-sleep-270g\/","name":"Keep Sleep (270g) - Toidulsiand unele - T\u00f5hus koostis - Kiire Tarne - Fit360","isPartOf":{"@id":"https:\/\/fit360.ee\/en\/#website"},"primaryImageOfPage":{"@id":"https:\/\/fit360.ee\/en\/pood\/product-groups\/sleep-enhancers-en\/melatonin-en\/keep-sleep-270g\/#primaryimage"},"image":{"@id":"https:\/\/fit360.ee\/en\/pood\/product-groups\/sleep-enhancers-en\/melatonin-en\/keep-sleep-270g\/#primaryimage"},"thumbnailUrl":"https:\/\/fit360.ee\/wp-content\/uploads\/2024\/05\/keep-sleep-fit360.ee-1.png","datePublished":"2024-05-30T20:39:56+00:00","dateModified":"2026-04-10T13:42:05+00:00","description":"Keep Sleep on terviklik toidulisand, mis on kaheteistk\u00fcmne koostisosa allikas \u2013 Toode sisaldab vitamiine, mineraalaineid, aga ka aminohappeid ja taimeeks...","breadcrumb":{"@id":"https:\/\/fit360.ee\/en\/pood\/product-groups\/sleep-enhancers-en\/melatonin-en\/keep-sleep-270g\/#breadcrumb"},"inLanguage":"en-US","potentialAction":[{"@type":"ReadAction","target":["https:\/\/fit360.ee\/en\/pood\/product-groups\/sleep-enhancers-en\/melatonin-en\/keep-sleep-270g\/"]}]},{"@type":"ImageObject","inLanguage":"en-US","@id":"https:\/\/fit360.ee\/en\/pood\/product-groups\/sleep-enhancers-en\/melatonin-en\/keep-sleep-270g\/#primaryimage","url":"https:\/\/fit360.ee\/wp-content\/uploads\/2024\/05\/keep-sleep-fit360.ee-1.png","contentUrl":"https:\/\/fit360.ee\/wp-content\/uploads\/2024\/05\/keep-sleep-fit360.ee-1.png","width":450,"height":450,"caption":"keep sleep - fit360.ee"},{"@type":"BreadcrumbList","@id":"https:\/\/fit360.ee\/en\/pood\/product-groups\/sleep-enhancers-en\/melatonin-en\/keep-sleep-270g\/#breadcrumb","itemListElement":[{"@type":"ListItem","position":1,"name":"Home","item":"https:\/\/fit360.ee\/en\/"},{"@type":"ListItem","position":2,"name":"Shop","item":"https:\/\/fit360.ee\/en\/shop\/"},{"@type":"ListItem","position":3,"name":"Keep Sleep (270g)"}]},{"@type":"WebSite","@id":"https:\/\/fit360.ee\/en\/#website","url":"https:\/\/fit360.ee\/en\/","name":"Fit360","description":"","publisher":{"@id":"https:\/\/fit360.ee\/en\/#organization"},"potentialAction":[{"@type":"SearchAction","target":{"@type":"EntryPoint","urlTemplate":"https:\/\/fit360.ee\/en\/?s={search_term_string}"},"query-input":{"@type":"PropertyValueSpecification","valueRequired":true,"valueName":"search_term_string"}}],"inLanguage":"en-US"},{"@type":"Organization","@id":"https:\/\/fit360.ee\/en\/#organization","name":"Fit360","url":"https:\/\/fit360.ee\/en\/","logo":{"@type":"ImageObject","inLanguage":"en-US","@id":"https:\/\/fit360.ee\/en\/#\/schema\/logo\/image\/","url":"https:\/\/fit360.ee\/wp-content\/uploads\/2017\/01\/logo-fit360.png","contentUrl":"https:\/\/fit360.ee\/wp-content\/uploads\/2017\/01\/logo-fit360.png","width":180,"height":66,"caption":"Fit360"},"image":{"@id":"https:\/\/fit360.ee\/en\/#\/schema\/logo\/image\/"}}]}},"_links":{"self":[{"href":"https:\/\/fit360.ee\/en\/wp-json\/wp\/v2\/product\/80306","targetHints":{"allow":["GET"]}}],"collection":[{"href":"https:\/\/fit360.ee\/en\/wp-json\/wp\/v2\/product"}],"about":[{"href":"https:\/\/fit360.ee\/en\/wp-json\/wp\/v2\/types\/product"}],"replies":[{"embeddable":true,"href":"https:\/\/fit360.ee\/en\/wp-json\/wp\/v2\/comments?post=80306"}],"wp:featuredmedia":[{"embeddable":true,"href":"https:\/\/fit360.ee\/en\/wp-json\/wp\/v2\/media\/80305"}],"wp:attachment":[{"href":"https:\/\/fit360.ee\/en\/wp-json\/wp\/v2\/media?parent=80306"}],"wp:term":[{"taxonomy":"product_brand","embeddable":true,"href":"https:\/\/fit360.ee\/en\/wp-json\/wp\/v2\/product_brand?post=80306"},{"taxonomy":"product_cat","embeddable":true,"href":"https:\/\/fit360.ee\/en\/wp-json\/wp\/v2\/product_cat?post=80306"},{"taxonomy":"product_tag","embeddable":true,"href":"https:\/\/fit360.ee\/en\/wp-json\/wp\/v2\/product_tag?post=80306"},{"taxonomy":"giftcard-category","embeddable":true,"href":"https:\/\/fit360.ee\/en\/wp-json\/wp\/v2\/giftcard-category?post=80306"}],"curies":[{"name":"wp","href":"https:\/\/api.w.org\/{rel}","templated":true}]}}