{"id":80410,"date":"2024-05-30T22:54:46","date_gmt":"2024-05-30T20:54:46","guid":{"rendered":"https:\/\/fit360.ee\/pood\/maaratlemata\/power-system-lifting-straps-figure-8\/"},"modified":"2025-08-25T12:49:18","modified_gmt":"2025-08-25T10:49:18","slug":"power-system-lifting-straps-figure-8","status":"publish","type":"product","link":"https:\/\/fit360.ee\/en\/pood\/training-equipment-en\/lifting-straps-en\/power-system-lifting-straps-figure-8\/","title":{"rendered":"POWER SYSTEM Lifting Straps Figure 8"},"content":{"rendered":"<h2><strong>Lifting Straps Figure 8\u00a0<\/strong><\/h2>\n<ul>\n<li><strong>Lifting Straps Figure 8<\/strong>\u00a0T\u00f5sterihmadel on eriti tugev puuvillane korvrihm, mis tagab suurep\u00e4rase tugevduse, t\u00f6\u00f6kindluse ja mugavuse. Surut\u00f5ste kangil kasutamiseks m\u00f5eldud kaheahelaline disain aitab sportlastel keskenduda t\u00f5mbej\u00f5ule ja suuremale raskusele, ilma et peaksid haarduvuse p\u00e4rast nii palju muretsema.<\/li>\n<li>Neid rihmasid m\u00fc\u00fcakse paarikaupa. Need on saadaval musta\/sinise ja musta\/punase v\u00e4rviga koos eksklusiivse POWER SYSTEM kaubam\u00e4rgiga. \u00dcks suurus sobib enamikule kasutajatele.<\/li>\n<li><b>Lifting Straps Figure 8 <\/b>Raskete koormustega t\u00f5sterihmade kandmiseks asetatakse ranne l\u00e4bi \u00fche aasa, liigutatakse teine \u200b\u200baas kangi alla ja seej\u00e4rel asetatakse ranne l\u00e4bi teise aasa. See kinnitab varda paigale, v\u00e4hendades k\u00e4epidemele \/ randmetele avalduvat pinget. Nii latist kui ka rihmast tuleb enne t\u00f5stmist tugevasti haarata.<\/li>\n<\/ul>\n<p><strong>V\u00e4rvus<\/strong>: Must\/Sinine: Must\/Punane<\/p>\n<p><strong>Suurus<\/strong>: S\/M: L-XL<\/p>\n<p><img decoding=\"async\" src=\"https:\/\/powersystem-eu.s19.cdn-upgates.com\/1\/1663ce612ab558-3405-size-chart.png\" alt=\"\" width=\"100%\" \/><\/p>\n<p>&nbsp;<\/p>\n<ul>\n<li>Sobivad kasutamiseks j\u00f5usaalis<\/li>\n<li>Sobivad kasutamiseks koormate vedamisel<\/li>\n<li>Aitavad haaret parandada<\/li>\n<li>Suurep\u00e4rane mugavus ja t\u00f6\u00f6kindlus<\/li>\n<\/ul>\n<p>Vaata ka meie teisi T\u00f5sterihmasid <a href=\"https:\/\/fit360.ee\/en\/product-category\/training-equipment-en\/lifting-straps-en\/\"><strong>SIIT<\/strong><\/a>!<\/p>\n<p>Soovid kaupa osta suuremas koguses? Vaata antud toodet ka meie HULGI poest\u00a0<a href=\"https:\/\/toidulisandidhulgi.ee\/tooted\/power-system-lifting-straps-figure-8\/\"><strong>SIIT<\/strong><\/a>!<\/p>\n","protected":false},"excerpt":{"rendered":"<ul>\n<li>Sobivad kasutamiseks j\u00f5usaalis<\/li>\n<li>Sobivad kasutamiseks koormate vedamisel<\/li>\n<li>Aitavad haaret parandada<\/li>\n<li>Suurep\u00e4rane mugavus ja t\u00f6\u00f6kindlus<\/li>\n<\/ul>\n","protected":false},"featured_media":80407,"comment_status":"open","ping_status":"closed","template":"","meta":[],"product_brand":[],"product_cat":[549],"product_tag":[4900,4516,4901],"giftcard-category":[],"class_list":{"0":"post-80410","1":"product","2":"type-product","3":"status-publish","4":"has-post-thumbnail","6":"product_cat-lifting-straps-en","7":"product_tag-lifting-straps-figure-8-en","8":"product_tag-power-system-en","9":"product_tag-tosterihmad-en","10":"pa_suurus-l-xl","11":"pa_suurus-s-m","12":"pa_varvus-black-blue","13":"pa_varvus-black-red","15":"first","16":"instock","17":"sale","18":"taxable","19":"shipping-taxable","20":"purchasable","21":"product-type-variable"},"yoast_head":"<!-- This site is optimized with the Yoast SEO plugin v27.3 - https:\/\/yoast.com\/product\/yoast-seo-wordpress\/ -->\n<title>POWER SYSTEM Lifting Straps Figure 8 - T\u00f5sterihmad - Kiire Tarne - Fit360<\/title>\n<meta name=\"description\" content=\"Lifting Straps Figure 8\u00a0T\u00f5sterihmadel on eriti tugev puuvillane korvrihm, mis tagab suurep\u00e4rase tugevduse, t\u00f6\u00f6kindluse ja mugavuse. Kiire Tarne!\" \/>\n<meta name=\"robots\" content=\"index, follow, max-snippet:-1, max-image-preview:large, max-video-preview:-1\" \/>\n<link rel=\"canonical\" href=\"https:\/\/fit360.ee\/en\/pood\/training-equipment-en\/lifting-straps-en\/power-system-lifting-straps-figure-8\/\" \/>\n<meta property=\"og:locale\" content=\"en_US\" \/>\n<meta property=\"og:type\" content=\"article\" \/>\n<meta property=\"og:title\" content=\"POWER SYSTEM Lifting Straps Figure 8 - T\u00f5sterihmad - Kiire Tarne - Fit360\" \/>\n<meta property=\"og:description\" content=\"Lifting Straps Figure 8\u00a0T\u00f5sterihmadel on eriti tugev puuvillane korvrihm, mis tagab suurep\u00e4rase tugevduse, t\u00f6\u00f6kindluse ja mugavuse. Kiire Tarne!\" \/>\n<meta property=\"og:url\" content=\"https:\/\/fit360.ee\/en\/pood\/training-equipment-en\/lifting-straps-en\/power-system-lifting-straps-figure-8\/\" \/>\n<meta property=\"og:site_name\" content=\"Fit360\" \/>\n<meta property=\"article:modified_time\" content=\"2025-08-25T10:49:18+00:00\" \/>\n<meta property=\"og:image\" content=\"https:\/\/fit360.ee\/wp-content\/uploads\/2024\/05\/lifting-straps-figure-8-fit360.ee-1.jpg\" \/>\n\t<meta property=\"og:image:width\" content=\"755\" \/>\n\t<meta property=\"og:image:height\" content=\"580\" \/>\n\t<meta property=\"og:image:type\" content=\"image\/jpeg\" \/>\n<meta name=\"twitter:card\" content=\"summary_large_image\" \/>\n<meta name=\"twitter:label1\" content=\"Est. reading time\" \/>\n\t<meta name=\"twitter:data1\" content=\"2 minutes\" \/>\n<script type=\"application\/ld+json\" class=\"yoast-schema-graph\">{\"@context\":\"https:\\\/\\\/schema.org\",\"@graph\":[{\"@type\":\"WebPage\",\"@id\":\"https:\\\/\\\/fit360.ee\\\/en\\\/pood\\\/training-equipment-en\\\/lifting-straps-en\\\/power-system-lifting-straps-figure-8\\\/\",\"url\":\"https:\\\/\\\/fit360.ee\\\/en\\\/pood\\\/training-equipment-en\\\/lifting-straps-en\\\/power-system-lifting-straps-figure-8\\\/\",\"name\":\"POWER SYSTEM Lifting Straps Figure 8 - T\u00f5sterihmad - Kiire Tarne - Fit360\",\"isPartOf\":{\"@id\":\"https:\\\/\\\/fit360.ee\\\/en\\\/#website\"},\"primaryImageOfPage\":{\"@id\":\"https:\\\/\\\/fit360.ee\\\/en\\\/pood\\\/training-equipment-en\\\/lifting-straps-en\\\/power-system-lifting-straps-figure-8\\\/#primaryimage\"},\"image\":{\"@id\":\"https:\\\/\\\/fit360.ee\\\/en\\\/pood\\\/training-equipment-en\\\/lifting-straps-en\\\/power-system-lifting-straps-figure-8\\\/#primaryimage\"},\"thumbnailUrl\":\"https:\\\/\\\/fit360.ee\\\/wp-content\\\/uploads\\\/2024\\\/05\\\/lifting-straps-figure-8-fit360.ee-1.jpg\",\"datePublished\":\"2024-05-30T20:54:46+00:00\",\"dateModified\":\"2025-08-25T10:49:18+00:00\",\"description\":\"Lifting Straps Figure 8\u00a0T\u00f5sterihmadel on eriti tugev puuvillane korvrihm, mis tagab suurep\u00e4rase tugevduse, t\u00f6\u00f6kindluse ja mugavuse. Kiire Tarne!\",\"breadcrumb\":{\"@id\":\"https:\\\/\\\/fit360.ee\\\/en\\\/pood\\\/training-equipment-en\\\/lifting-straps-en\\\/power-system-lifting-straps-figure-8\\\/#breadcrumb\"},\"inLanguage\":\"en-US\",\"potentialAction\":[{\"@type\":\"ReadAction\",\"target\":[\"https:\\\/\\\/fit360.ee\\\/en\\\/pood\\\/training-equipment-en\\\/lifting-straps-en\\\/power-system-lifting-straps-figure-8\\\/\"]}]},{\"@type\":\"ImageObject\",\"inLanguage\":\"en-US\",\"@id\":\"https:\\\/\\\/fit360.ee\\\/en\\\/pood\\\/training-equipment-en\\\/lifting-straps-en\\\/power-system-lifting-straps-figure-8\\\/#primaryimage\",\"url\":\"https:\\\/\\\/fit360.ee\\\/wp-content\\\/uploads\\\/2024\\\/05\\\/lifting-straps-figure-8-fit360.ee-1.jpg\",\"contentUrl\":\"https:\\\/\\\/fit360.ee\\\/wp-content\\\/uploads\\\/2024\\\/05\\\/lifting-straps-figure-8-fit360.ee-1.jpg\",\"width\":755,\"height\":580,\"caption\":\"lifting straps figure 8 - fit360.ee\"},{\"@type\":\"BreadcrumbList\",\"@id\":\"https:\\\/\\\/fit360.ee\\\/en\\\/pood\\\/training-equipment-en\\\/lifting-straps-en\\\/power-system-lifting-straps-figure-8\\\/#breadcrumb\",\"itemListElement\":[{\"@type\":\"ListItem\",\"position\":1,\"name\":\"Home\",\"item\":\"https:\\\/\\\/fit360.ee\\\/en\\\/\"},{\"@type\":\"ListItem\",\"position\":2,\"name\":\"Shop\",\"item\":\"https:\\\/\\\/fit360.ee\\\/en\\\/shop\\\/\"},{\"@type\":\"ListItem\",\"position\":3,\"name\":\"POWER SYSTEM Lifting Straps Figure 8\"}]},{\"@type\":\"WebSite\",\"@id\":\"https:\\\/\\\/fit360.ee\\\/en\\\/#website\",\"url\":\"https:\\\/\\\/fit360.ee\\\/en\\\/\",\"name\":\"Fit360\",\"description\":\"\",\"publisher\":{\"@id\":\"https:\\\/\\\/fit360.ee\\\/en\\\/#organization\"},\"potentialAction\":[{\"@type\":\"SearchAction\",\"target\":{\"@type\":\"EntryPoint\",\"urlTemplate\":\"https:\\\/\\\/fit360.ee\\\/en\\\/?s={search_term_string}\"},\"query-input\":{\"@type\":\"PropertyValueSpecification\",\"valueRequired\":true,\"valueName\":\"search_term_string\"}}],\"inLanguage\":\"en-US\"},{\"@type\":\"Organization\",\"@id\":\"https:\\\/\\\/fit360.ee\\\/en\\\/#organization\",\"name\":\"Fit360\",\"url\":\"https:\\\/\\\/fit360.ee\\\/en\\\/\",\"logo\":{\"@type\":\"ImageObject\",\"inLanguage\":\"en-US\",\"@id\":\"https:\\\/\\\/fit360.ee\\\/en\\\/#\\\/schema\\\/logo\\\/image\\\/\",\"url\":\"https:\\\/\\\/fit360.ee\\\/wp-content\\\/uploads\\\/2017\\\/01\\\/logo-fit360.png\",\"contentUrl\":\"https:\\\/\\\/fit360.ee\\\/wp-content\\\/uploads\\\/2017\\\/01\\\/logo-fit360.png\",\"width\":180,\"height\":66,\"caption\":\"Fit360\"},\"image\":{\"@id\":\"https:\\\/\\\/fit360.ee\\\/en\\\/#\\\/schema\\\/logo\\\/image\\\/\"}}]}<\/script>\n<!-- \/ Yoast SEO plugin. -->","yoast_head_json":{"title":"POWER SYSTEM Lifting Straps Figure 8 - T\u00f5sterihmad - Kiire Tarne - Fit360","description":"Lifting Straps Figure 8\u00a0T\u00f5sterihmadel on eriti tugev puuvillane korvrihm, mis tagab suurep\u00e4rase tugevduse, t\u00f6\u00f6kindluse ja mugavuse. Kiire Tarne!","robots":{"index":"index","follow":"follow","max-snippet":"max-snippet:-1","max-image-preview":"max-image-preview:large","max-video-preview":"max-video-preview:-1"},"canonical":"https:\/\/fit360.ee\/en\/pood\/training-equipment-en\/lifting-straps-en\/power-system-lifting-straps-figure-8\/","og_locale":"en_US","og_type":"article","og_title":"POWER SYSTEM Lifting Straps Figure 8 - T\u00f5sterihmad - Kiire Tarne - Fit360","og_description":"Lifting Straps Figure 8\u00a0T\u00f5sterihmadel on eriti tugev puuvillane korvrihm, mis tagab suurep\u00e4rase tugevduse, t\u00f6\u00f6kindluse ja mugavuse. Kiire Tarne!","og_url":"https:\/\/fit360.ee\/en\/pood\/training-equipment-en\/lifting-straps-en\/power-system-lifting-straps-figure-8\/","og_site_name":"Fit360","article_modified_time":"2025-08-25T10:49:18+00:00","og_image":[{"width":755,"height":580,"url":"https:\/\/fit360.ee\/wp-content\/uploads\/2024\/05\/lifting-straps-figure-8-fit360.ee-1.jpg","type":"image\/jpeg"}],"twitter_card":"summary_large_image","twitter_misc":{"Est. reading time":"2 minutes"},"schema":{"@context":"https:\/\/schema.org","@graph":[{"@type":"WebPage","@id":"https:\/\/fit360.ee\/en\/pood\/training-equipment-en\/lifting-straps-en\/power-system-lifting-straps-figure-8\/","url":"https:\/\/fit360.ee\/en\/pood\/training-equipment-en\/lifting-straps-en\/power-system-lifting-straps-figure-8\/","name":"POWER SYSTEM Lifting Straps Figure 8 - T\u00f5sterihmad - Kiire Tarne - Fit360","isPartOf":{"@id":"https:\/\/fit360.ee\/en\/#website"},"primaryImageOfPage":{"@id":"https:\/\/fit360.ee\/en\/pood\/training-equipment-en\/lifting-straps-en\/power-system-lifting-straps-figure-8\/#primaryimage"},"image":{"@id":"https:\/\/fit360.ee\/en\/pood\/training-equipment-en\/lifting-straps-en\/power-system-lifting-straps-figure-8\/#primaryimage"},"thumbnailUrl":"https:\/\/fit360.ee\/wp-content\/uploads\/2024\/05\/lifting-straps-figure-8-fit360.ee-1.jpg","datePublished":"2024-05-30T20:54:46+00:00","dateModified":"2025-08-25T10:49:18+00:00","description":"Lifting Straps Figure 8\u00a0T\u00f5sterihmadel on eriti tugev puuvillane korvrihm, mis tagab suurep\u00e4rase tugevduse, t\u00f6\u00f6kindluse ja mugavuse. Kiire Tarne!","breadcrumb":{"@id":"https:\/\/fit360.ee\/en\/pood\/training-equipment-en\/lifting-straps-en\/power-system-lifting-straps-figure-8\/#breadcrumb"},"inLanguage":"en-US","potentialAction":[{"@type":"ReadAction","target":["https:\/\/fit360.ee\/en\/pood\/training-equipment-en\/lifting-straps-en\/power-system-lifting-straps-figure-8\/"]}]},{"@type":"ImageObject","inLanguage":"en-US","@id":"https:\/\/fit360.ee\/en\/pood\/training-equipment-en\/lifting-straps-en\/power-system-lifting-straps-figure-8\/#primaryimage","url":"https:\/\/fit360.ee\/wp-content\/uploads\/2024\/05\/lifting-straps-figure-8-fit360.ee-1.jpg","contentUrl":"https:\/\/fit360.ee\/wp-content\/uploads\/2024\/05\/lifting-straps-figure-8-fit360.ee-1.jpg","width":755,"height":580,"caption":"lifting straps figure 8 - fit360.ee"},{"@type":"BreadcrumbList","@id":"https:\/\/fit360.ee\/en\/pood\/training-equipment-en\/lifting-straps-en\/power-system-lifting-straps-figure-8\/#breadcrumb","itemListElement":[{"@type":"ListItem","position":1,"name":"Home","item":"https:\/\/fit360.ee\/en\/"},{"@type":"ListItem","position":2,"name":"Shop","item":"https:\/\/fit360.ee\/en\/shop\/"},{"@type":"ListItem","position":3,"name":"POWER SYSTEM Lifting Straps Figure 8"}]},{"@type":"WebSite","@id":"https:\/\/fit360.ee\/en\/#website","url":"https:\/\/fit360.ee\/en\/","name":"Fit360","description":"","publisher":{"@id":"https:\/\/fit360.ee\/en\/#organization"},"potentialAction":[{"@type":"SearchAction","target":{"@type":"EntryPoint","urlTemplate":"https:\/\/fit360.ee\/en\/?s={search_term_string}"},"query-input":{"@type":"PropertyValueSpecification","valueRequired":true,"valueName":"search_term_string"}}],"inLanguage":"en-US"},{"@type":"Organization","@id":"https:\/\/fit360.ee\/en\/#organization","name":"Fit360","url":"https:\/\/fit360.ee\/en\/","logo":{"@type":"ImageObject","inLanguage":"en-US","@id":"https:\/\/fit360.ee\/en\/#\/schema\/logo\/image\/","url":"https:\/\/fit360.ee\/wp-content\/uploads\/2017\/01\/logo-fit360.png","contentUrl":"https:\/\/fit360.ee\/wp-content\/uploads\/2017\/01\/logo-fit360.png","width":180,"height":66,"caption":"Fit360"},"image":{"@id":"https:\/\/fit360.ee\/en\/#\/schema\/logo\/image\/"}}]}},"_links":{"self":[{"href":"https:\/\/fit360.ee\/en\/wp-json\/wp\/v2\/product\/80410","targetHints":{"allow":["GET"]}}],"collection":[{"href":"https:\/\/fit360.ee\/en\/wp-json\/wp\/v2\/product"}],"about":[{"href":"https:\/\/fit360.ee\/en\/wp-json\/wp\/v2\/types\/product"}],"replies":[{"embeddable":true,"href":"https:\/\/fit360.ee\/en\/wp-json\/wp\/v2\/comments?post=80410"}],"wp:featuredmedia":[{"embeddable":true,"href":"https:\/\/fit360.ee\/en\/wp-json\/wp\/v2\/media\/80407"}],"wp:attachment":[{"href":"https:\/\/fit360.ee\/en\/wp-json\/wp\/v2\/media?parent=80410"}],"wp:term":[{"taxonomy":"product_brand","embeddable":true,"href":"https:\/\/fit360.ee\/en\/wp-json\/wp\/v2\/product_brand?post=80410"},{"taxonomy":"product_cat","embeddable":true,"href":"https:\/\/fit360.ee\/en\/wp-json\/wp\/v2\/product_cat?post=80410"},{"taxonomy":"product_tag","embeddable":true,"href":"https:\/\/fit360.ee\/en\/wp-json\/wp\/v2\/product_tag?post=80410"},{"taxonomy":"giftcard-category","embeddable":true,"href":"https:\/\/fit360.ee\/en\/wp-json\/wp\/v2\/giftcard-category?post=80410"}],"curies":[{"name":"wp","href":"https:\/\/api.w.org\/{rel}","templated":true}]}}