{"id":80426,"date":"2024-05-30T23:09:57","date_gmt":"2024-05-30T21:09:57","guid":{"rendered":"https:\/\/fit360.ee\/pood\/maaratlemata\/power-system-chalk-block-56g\/"},"modified":"2025-08-13T07:38:33","modified_gmt":"2025-08-13T05:38:33","slug":"power-system-chalk-block-56g","status":"publish","type":"product","link":"https:\/\/fit360.ee\/en\/pood\/training-equipment-en\/other-products-en\/power-system-chalk-block-56g\/","title":{"rendered":"POWER SYSTEM Chalk Block (56g)"},"content":{"rendered":"<h2><strong>Power System Chalk<\/strong><\/h2>\n<p>Power System chalk Block pole midagi muud kui magneesium kuubis. Toode, mis parandab teie haardumist. K\u00f5ik, mida vajate, on purustada vajalik kogus v\u00e4iksemateks portsjoniteks ja h\u00f5\u00f5ruda sellega k\u00e4si, et oluliselt parandada haardumist rasketel treeningutel varraste, k\u00e4sipuude v\u00f5i j\u00f5usaali peal. See pressitud magneesiumoksiidi vorm ei pihusta, mis on selle suur eelis.<\/p>\n<h4 class=\"cm__heading\"><strong>Kriidipulber<\/strong>:<\/h4>\n<ul class=\"cm__list\">\n<li>tagab parema h\u00f5\u00f5rdumise<\/li>\n<li>suurendab k\u00e4epidet<\/li>\n<li>k\u00f5rvaldab treeningu ajal higistamise<\/li>\n<li>kuivatab nahka<\/li>\n<\/ul>\n<p>Pidage meeles, et edasised magneesiumi kasutamised treeningu ajal peavad olema kohandatud teie individuaalsetele eelistustele, k\u00e4te higistamisele ja ilmastikutingimustele, millest olulisemad on temperatuur ja \u00f5huniiskus.<\/p>\n<p>Vaata ka meie teisi Magneesiumeid k\u00e4tele <a href=\"https:\/\/fit360.ee\/en\/product-category\/training-equipment-en\/other-products-en\/\"><strong>SIIT<\/strong><\/a>!<\/p>\n<p>Soovid kaupa osta suuremas koguses? Vaata antud toodet ka meie HULGI poest\u00a0<a href=\"https:\/\/toidulisandidhulgi.ee\/tooted\/power-system-chalk-block-56g\/\"><strong>SIIT<\/strong><\/a>!<\/p>\n","protected":false},"excerpt":{"rendered":"<ul class=\"cm__list\">\n<li>tagab parema h\u00f5\u00f5rdumise<\/li>\n<li>suurendab k\u00e4epidet<\/li>\n<li>k\u00f5rvaldab treeningu ajal higistamise<\/li>\n<li>kuivatab nahka<\/li>\n<\/ul>\n","protected":false},"featured_media":80424,"comment_status":"open","ping_status":"closed","template":"","meta":[],"product_brand":[],"product_cat":[1204],"product_tag":[4904,4516,4905],"giftcard-category":[],"class_list":{"0":"post-80426","1":"product","2":"type-product","3":"status-publish","4":"has-post-thumbnail","6":"product_cat-other-products-en","7":"product_tag-chalk-en","8":"product_tag-power-system-en","9":"product_tag-power-system-chalk-block-en","10":"pa_brand-power-systems-en","11":"pa_varustus-muu-en","12":"pa_varustus-muud-en","14":"first","15":"instock","16":"sale","17":"taxable","18":"shipping-taxable","19":"purchasable","20":"product-type-simple"},"yoast_head":"<!-- This site is optimized with the Yoast SEO plugin v27.3 - https:\/\/yoast.com\/product\/yoast-seo-wordpress\/ -->\n<title>POWER SYSTEM Chalk Block (56g) - Magneesium k\u00e4tele - Fit360<\/title>\n<meta name=\"description\" content=\"Power System chalk Block pole midagi muud kui magneesium kuubis. Toode, mis parandab teie haardumist. K\u00f5ik, mida vajate, on purustad....\" \/>\n<meta name=\"robots\" content=\"index, follow, max-snippet:-1, max-image-preview:large, max-video-preview:-1\" \/>\n<link rel=\"canonical\" href=\"https:\/\/fit360.ee\/en\/pood\/training-equipment-en\/other-products-en\/power-system-chalk-block-56g\/\" \/>\n<meta property=\"og:locale\" content=\"en_US\" \/>\n<meta property=\"og:type\" content=\"article\" \/>\n<meta property=\"og:title\" content=\"POWER SYSTEM Chalk Block (56g) - Magneesium k\u00e4tele - Fit360\" \/>\n<meta property=\"og:description\" content=\"Power System chalk Block pole midagi muud kui magneesium kuubis. Toode, mis parandab teie haardumist. K\u00f5ik, mida vajate, on purustad....\" \/>\n<meta property=\"og:url\" content=\"https:\/\/fit360.ee\/en\/pood\/training-equipment-en\/other-products-en\/power-system-chalk-block-56g\/\" \/>\n<meta property=\"og:site_name\" content=\"Fit360\" \/>\n<meta property=\"article:modified_time\" content=\"2025-08-13T05:38:33+00:00\" \/>\n<meta property=\"og:image\" content=\"https:\/\/fit360.ee\/wp-content\/uploads\/2024\/05\/power-system-chalk-fit360.ee-1.jpg\" \/>\n\t<meta property=\"og:image:width\" content=\"946\" \/>\n\t<meta property=\"og:image:height\" content=\"1000\" \/>\n\t<meta property=\"og:image:type\" content=\"image\/jpeg\" \/>\n<meta name=\"twitter:card\" content=\"summary_large_image\" \/>\n<meta name=\"twitter:label1\" content=\"Est. reading time\" \/>\n\t<meta name=\"twitter:data1\" content=\"1 minute\" \/>\n<script type=\"application\/ld+json\" class=\"yoast-schema-graph\">{\"@context\":\"https:\\\/\\\/schema.org\",\"@graph\":[{\"@type\":\"WebPage\",\"@id\":\"https:\\\/\\\/fit360.ee\\\/en\\\/pood\\\/training-equipment-en\\\/other-products-en\\\/power-system-chalk-block-56g\\\/\",\"url\":\"https:\\\/\\\/fit360.ee\\\/en\\\/pood\\\/training-equipment-en\\\/other-products-en\\\/power-system-chalk-block-56g\\\/\",\"name\":\"POWER SYSTEM Chalk Block (56g) - Magneesium k\u00e4tele - Fit360\",\"isPartOf\":{\"@id\":\"https:\\\/\\\/fit360.ee\\\/en\\\/#website\"},\"primaryImageOfPage\":{\"@id\":\"https:\\\/\\\/fit360.ee\\\/en\\\/pood\\\/training-equipment-en\\\/other-products-en\\\/power-system-chalk-block-56g\\\/#primaryimage\"},\"image\":{\"@id\":\"https:\\\/\\\/fit360.ee\\\/en\\\/pood\\\/training-equipment-en\\\/other-products-en\\\/power-system-chalk-block-56g\\\/#primaryimage\"},\"thumbnailUrl\":\"https:\\\/\\\/fit360.ee\\\/wp-content\\\/uploads\\\/2024\\\/05\\\/power-system-chalk-fit360.ee-1.jpg\",\"datePublished\":\"2024-05-30T21:09:57+00:00\",\"dateModified\":\"2025-08-13T05:38:33+00:00\",\"description\":\"Power System chalk Block pole midagi muud kui magneesium kuubis. Toode, mis parandab teie haardumist. K\u00f5ik, mida vajate, on purustad....\",\"breadcrumb\":{\"@id\":\"https:\\\/\\\/fit360.ee\\\/en\\\/pood\\\/training-equipment-en\\\/other-products-en\\\/power-system-chalk-block-56g\\\/#breadcrumb\"},\"inLanguage\":\"en-US\",\"potentialAction\":[{\"@type\":\"ReadAction\",\"target\":[\"https:\\\/\\\/fit360.ee\\\/en\\\/pood\\\/training-equipment-en\\\/other-products-en\\\/power-system-chalk-block-56g\\\/\"]}]},{\"@type\":\"ImageObject\",\"inLanguage\":\"en-US\",\"@id\":\"https:\\\/\\\/fit360.ee\\\/en\\\/pood\\\/training-equipment-en\\\/other-products-en\\\/power-system-chalk-block-56g\\\/#primaryimage\",\"url\":\"https:\\\/\\\/fit360.ee\\\/wp-content\\\/uploads\\\/2024\\\/05\\\/power-system-chalk-fit360.ee-1.jpg\",\"contentUrl\":\"https:\\\/\\\/fit360.ee\\\/wp-content\\\/uploads\\\/2024\\\/05\\\/power-system-chalk-fit360.ee-1.jpg\",\"width\":946,\"height\":1000,\"caption\":\"power system chalk - fit360.ee\"},{\"@type\":\"BreadcrumbList\",\"@id\":\"https:\\\/\\\/fit360.ee\\\/en\\\/pood\\\/training-equipment-en\\\/other-products-en\\\/power-system-chalk-block-56g\\\/#breadcrumb\",\"itemListElement\":[{\"@type\":\"ListItem\",\"position\":1,\"name\":\"Home\",\"item\":\"https:\\\/\\\/fit360.ee\\\/en\\\/\"},{\"@type\":\"ListItem\",\"position\":2,\"name\":\"Shop\",\"item\":\"https:\\\/\\\/fit360.ee\\\/en\\\/shop\\\/\"},{\"@type\":\"ListItem\",\"position\":3,\"name\":\"POWER SYSTEM Chalk Block (56g)\"}]},{\"@type\":\"WebSite\",\"@id\":\"https:\\\/\\\/fit360.ee\\\/en\\\/#website\",\"url\":\"https:\\\/\\\/fit360.ee\\\/en\\\/\",\"name\":\"Fit360\",\"description\":\"\",\"publisher\":{\"@id\":\"https:\\\/\\\/fit360.ee\\\/en\\\/#organization\"},\"potentialAction\":[{\"@type\":\"SearchAction\",\"target\":{\"@type\":\"EntryPoint\",\"urlTemplate\":\"https:\\\/\\\/fit360.ee\\\/en\\\/?s={search_term_string}\"},\"query-input\":{\"@type\":\"PropertyValueSpecification\",\"valueRequired\":true,\"valueName\":\"search_term_string\"}}],\"inLanguage\":\"en-US\"},{\"@type\":\"Organization\",\"@id\":\"https:\\\/\\\/fit360.ee\\\/en\\\/#organization\",\"name\":\"Fit360\",\"url\":\"https:\\\/\\\/fit360.ee\\\/en\\\/\",\"logo\":{\"@type\":\"ImageObject\",\"inLanguage\":\"en-US\",\"@id\":\"https:\\\/\\\/fit360.ee\\\/en\\\/#\\\/schema\\\/logo\\\/image\\\/\",\"url\":\"https:\\\/\\\/fit360.ee\\\/wp-content\\\/uploads\\\/2017\\\/01\\\/logo-fit360.png\",\"contentUrl\":\"https:\\\/\\\/fit360.ee\\\/wp-content\\\/uploads\\\/2017\\\/01\\\/logo-fit360.png\",\"width\":180,\"height\":66,\"caption\":\"Fit360\"},\"image\":{\"@id\":\"https:\\\/\\\/fit360.ee\\\/en\\\/#\\\/schema\\\/logo\\\/image\\\/\"}}]}<\/script>\n<!-- \/ Yoast SEO plugin. -->","yoast_head_json":{"title":"POWER SYSTEM Chalk Block (56g) - Magneesium k\u00e4tele - Fit360","description":"Power System chalk Block pole midagi muud kui magneesium kuubis. Toode, mis parandab teie haardumist. K\u00f5ik, mida vajate, on purustad....","robots":{"index":"index","follow":"follow","max-snippet":"max-snippet:-1","max-image-preview":"max-image-preview:large","max-video-preview":"max-video-preview:-1"},"canonical":"https:\/\/fit360.ee\/en\/pood\/training-equipment-en\/other-products-en\/power-system-chalk-block-56g\/","og_locale":"en_US","og_type":"article","og_title":"POWER SYSTEM Chalk Block (56g) - Magneesium k\u00e4tele - Fit360","og_description":"Power System chalk Block pole midagi muud kui magneesium kuubis. Toode, mis parandab teie haardumist. K\u00f5ik, mida vajate, on purustad....","og_url":"https:\/\/fit360.ee\/en\/pood\/training-equipment-en\/other-products-en\/power-system-chalk-block-56g\/","og_site_name":"Fit360","article_modified_time":"2025-08-13T05:38:33+00:00","og_image":[{"width":946,"height":1000,"url":"https:\/\/fit360.ee\/wp-content\/uploads\/2024\/05\/power-system-chalk-fit360.ee-1.jpg","type":"image\/jpeg"}],"twitter_card":"summary_large_image","twitter_misc":{"Est. reading time":"1 minute"},"schema":{"@context":"https:\/\/schema.org","@graph":[{"@type":"WebPage","@id":"https:\/\/fit360.ee\/en\/pood\/training-equipment-en\/other-products-en\/power-system-chalk-block-56g\/","url":"https:\/\/fit360.ee\/en\/pood\/training-equipment-en\/other-products-en\/power-system-chalk-block-56g\/","name":"POWER SYSTEM Chalk Block (56g) - Magneesium k\u00e4tele - Fit360","isPartOf":{"@id":"https:\/\/fit360.ee\/en\/#website"},"primaryImageOfPage":{"@id":"https:\/\/fit360.ee\/en\/pood\/training-equipment-en\/other-products-en\/power-system-chalk-block-56g\/#primaryimage"},"image":{"@id":"https:\/\/fit360.ee\/en\/pood\/training-equipment-en\/other-products-en\/power-system-chalk-block-56g\/#primaryimage"},"thumbnailUrl":"https:\/\/fit360.ee\/wp-content\/uploads\/2024\/05\/power-system-chalk-fit360.ee-1.jpg","datePublished":"2024-05-30T21:09:57+00:00","dateModified":"2025-08-13T05:38:33+00:00","description":"Power System chalk Block pole midagi muud kui magneesium kuubis. Toode, mis parandab teie haardumist. K\u00f5ik, mida vajate, on purustad....","breadcrumb":{"@id":"https:\/\/fit360.ee\/en\/pood\/training-equipment-en\/other-products-en\/power-system-chalk-block-56g\/#breadcrumb"},"inLanguage":"en-US","potentialAction":[{"@type":"ReadAction","target":["https:\/\/fit360.ee\/en\/pood\/training-equipment-en\/other-products-en\/power-system-chalk-block-56g\/"]}]},{"@type":"ImageObject","inLanguage":"en-US","@id":"https:\/\/fit360.ee\/en\/pood\/training-equipment-en\/other-products-en\/power-system-chalk-block-56g\/#primaryimage","url":"https:\/\/fit360.ee\/wp-content\/uploads\/2024\/05\/power-system-chalk-fit360.ee-1.jpg","contentUrl":"https:\/\/fit360.ee\/wp-content\/uploads\/2024\/05\/power-system-chalk-fit360.ee-1.jpg","width":946,"height":1000,"caption":"power system chalk - fit360.ee"},{"@type":"BreadcrumbList","@id":"https:\/\/fit360.ee\/en\/pood\/training-equipment-en\/other-products-en\/power-system-chalk-block-56g\/#breadcrumb","itemListElement":[{"@type":"ListItem","position":1,"name":"Home","item":"https:\/\/fit360.ee\/en\/"},{"@type":"ListItem","position":2,"name":"Shop","item":"https:\/\/fit360.ee\/en\/shop\/"},{"@type":"ListItem","position":3,"name":"POWER SYSTEM Chalk Block (56g)"}]},{"@type":"WebSite","@id":"https:\/\/fit360.ee\/en\/#website","url":"https:\/\/fit360.ee\/en\/","name":"Fit360","description":"","publisher":{"@id":"https:\/\/fit360.ee\/en\/#organization"},"potentialAction":[{"@type":"SearchAction","target":{"@type":"EntryPoint","urlTemplate":"https:\/\/fit360.ee\/en\/?s={search_term_string}"},"query-input":{"@type":"PropertyValueSpecification","valueRequired":true,"valueName":"search_term_string"}}],"inLanguage":"en-US"},{"@type":"Organization","@id":"https:\/\/fit360.ee\/en\/#organization","name":"Fit360","url":"https:\/\/fit360.ee\/en\/","logo":{"@type":"ImageObject","inLanguage":"en-US","@id":"https:\/\/fit360.ee\/en\/#\/schema\/logo\/image\/","url":"https:\/\/fit360.ee\/wp-content\/uploads\/2017\/01\/logo-fit360.png","contentUrl":"https:\/\/fit360.ee\/wp-content\/uploads\/2017\/01\/logo-fit360.png","width":180,"height":66,"caption":"Fit360"},"image":{"@id":"https:\/\/fit360.ee\/en\/#\/schema\/logo\/image\/"}}]}},"_links":{"self":[{"href":"https:\/\/fit360.ee\/en\/wp-json\/wp\/v2\/product\/80426","targetHints":{"allow":["GET"]}}],"collection":[{"href":"https:\/\/fit360.ee\/en\/wp-json\/wp\/v2\/product"}],"about":[{"href":"https:\/\/fit360.ee\/en\/wp-json\/wp\/v2\/types\/product"}],"replies":[{"embeddable":true,"href":"https:\/\/fit360.ee\/en\/wp-json\/wp\/v2\/comments?post=80426"}],"wp:featuredmedia":[{"embeddable":true,"href":"https:\/\/fit360.ee\/en\/wp-json\/wp\/v2\/media\/80424"}],"wp:attachment":[{"href":"https:\/\/fit360.ee\/en\/wp-json\/wp\/v2\/media?parent=80426"}],"wp:term":[{"taxonomy":"product_brand","embeddable":true,"href":"https:\/\/fit360.ee\/en\/wp-json\/wp\/v2\/product_brand?post=80426"},{"taxonomy":"product_cat","embeddable":true,"href":"https:\/\/fit360.ee\/en\/wp-json\/wp\/v2\/product_cat?post=80426"},{"taxonomy":"product_tag","embeddable":true,"href":"https:\/\/fit360.ee\/en\/wp-json\/wp\/v2\/product_tag?post=80426"},{"taxonomy":"giftcard-category","embeddable":true,"href":"https:\/\/fit360.ee\/en\/wp-json\/wp\/v2\/giftcard-category?post=80426"}],"curies":[{"name":"wp","href":"https:\/\/api.w.org\/{rel}","templated":true}]}}