{"id":80432,"date":"2024-05-30T23:09:58","date_gmt":"2024-05-30T21:09:58","guid":{"rendered":"https:\/\/fit360.ee\/pood\/maaratlemata\/power-system-wrist-wraps-extreme\/"},"modified":"2025-12-22T17:04:15","modified_gmt":"2025-12-22T15:04:15","slug":"power-system-wrist-wraps-extreme","status":"publish","type":"product","link":"https:\/\/fit360.ee\/en\/pood\/training-equipment-en\/wrist-wraps-en\/power-system-wrist-wraps-extreme\/","title":{"rendered":"POWER SYSTEM Wrist Wraps Extreme"},"content":{"rendered":"<h2><strong>Wrist Wraps Extreme<\/strong><\/h2>\n<p><span class=\"HwtZe\" lang=\"en\"><span class=\"jCAhz ChMk0b\"><span class=\"ryNqvb\">Murdke oma piirid\u00a0<strong>Power System Wrist Wraps Extreme &#8216;iga<\/strong> ja saavutage uusi PR-id (isiklikud rekordid).<\/span><\/span><\/span> Tugevad randmesidemed toetavad teid lamades surumise, pea kohal pressimise v\u00f5i <em>clean &amp; jerk<\/em> ajal.<\/p>\n<ul>\n<li><strong>K\u00f5vem kui tavalised randmesidemed<\/strong><\/li>\n<li><strong>Varustatud nutika p\u00f6idla aasaga,<\/strong>\u00a0et tagada t\u00e4iuslik ja tihe istuvus.<\/li>\n<li>Saadaval\u00a0<strong>libedas ja praktilises pakendis<\/strong>\u00a0.<\/li>\n<li>Saadaval\u00a0<strong>punase ja sinise v\u00e4rviga<\/strong>\u00a0.<\/li>\n<li>Valmistatud\u00a0<strong>40% puuvillast, 20% PES-st, 30% kummist, 10% PVC-st<\/strong>\u00a0.<\/li>\n<li>Randmesidemed <strong>on paarikaupa<\/strong>\u00a0.<\/li>\n<\/ul>\n<p>V\u00f5rreldes klassikaliste randmem\u00e4histega on Power System Wrist Wraps Extreme\u00a0<strong>valmistatud tugevamatest materjalidest, et hoida teie randmeid<\/strong>\u00a0raskete harjutuste tegemisel veelgi tugevamalt ja \u00fchtlasi minimeerida\u00a0<strong>valu randmevigastuse korral t\u00f5stmisel<\/strong>\u00a0.\u00a0<span class=\"HwtZe\" lang=\"en\"><span class=\"jCAhz ChMk0b\"><span class=\"ryNqvb\">M\u00e4hise kujunduses on rakendatud moodsate trendide elemente ning neid pakutakse punase ja sinise v\u00e4rviga<\/span><\/span><\/span>\u00a0. T\u00e4nu nutikale p\u00f6idla-aasale v\u00f5id olla kindel, et m\u00e4hised istuvad kenasti ja mugavalt k\u00e4ele. M\u00e4hised on\u00a0<strong>praktilises kotis, mis h\u00f5lbustab kotis hoidmist<\/strong>\u00a0.<\/p>\n<p><strong>V\u00e4rvus<\/strong>: Sinine; Punane<\/p>\n<p><strong>Suurus<\/strong>: \u00dcks suurus<\/p>\n<p>Vaata ka meie teisi Randmesidemeid <a href=\"https:\/\/fit360.ee\/en\/product-category\/training-equipment-en\/wrist-wraps-en\/\"><strong>SIIT<\/strong><\/a>!<\/p>\n<p>Soovid kaupa osta suuremas koguses? Vaata antud toodet ka meie HULGI poest\u00a0<a href=\"https:\/\/toidulisandidhulgi.ee\/tooted\/power-system-wrist-wraps-extreme\/\"><strong>SIIT<\/strong><\/a>!<\/p>\n","protected":false},"excerpt":{"rendered":"<ul>\n<li>K\u00f5vem kui tavalised randmesidemed<\/li>\n<li>Varustatud nutika p\u00f6idla aasaga,\u00a0et tagada t\u00e4iuslik ja tihe istuvus.<\/li>\n<li>Saadaval\u00a0libedas ja praktilises pakendis\u00a0.<\/li>\n<li>Saadaval\u00a0punase ja sinise v\u00e4rviga\u00a0.<\/li>\n<li>Valmistatud\u00a040% puuvillast, 20% PES-st, 30% kummist, 10% PVC-st\u00a0.<\/li>\n<li>Randmesidemed on paarikaupa\u00a0.<\/li>\n<\/ul>\n","protected":false},"featured_media":80429,"comment_status":"open","ping_status":"closed","template":"","meta":[],"product_brand":[],"product_cat":[546],"product_tag":[4516,4909,4910,4911],"giftcard-category":[],"class_list":{"0":"post-80432","1":"product","2":"type-product","3":"status-publish","4":"has-post-thumbnail","6":"product_cat-wrist-wraps-en","7":"product_tag-power-system-en","8":"product_tag-randmesidemed-en","9":"product_tag-wrist-wraps-en","10":"product_tag-wrist-wraps-extreme-en","11":"pa_varvus-blue","12":"pa_varvus-red","14":"first","15":"instock","16":"sale","17":"taxable","18":"shipping-taxable","19":"purchasable","20":"product-type-variable"},"yoast_head":"<!-- This site is optimized with the Yoast SEO plugin v27.3 - https:\/\/yoast.com\/product\/yoast-seo-wordpress\/ -->\n<title>POWER SYSTEM Wrist Wraps Extreme - Tugevad Randmesidemed - Fit360<\/title>\n<meta name=\"description\" content=\"Murdke oma piirid\u00a0Power System Wrist Wraps Extreme &#039;iga ja saavutage uusi PR-id (isiklikud rekordid). Tugevad randmesidemed toetavad teid lamades suru...\" \/>\n<meta name=\"robots\" content=\"index, follow, max-snippet:-1, max-image-preview:large, max-video-preview:-1\" \/>\n<link rel=\"canonical\" href=\"https:\/\/fit360.ee\/en\/pood\/training-equipment-en\/wrist-wraps-en\/power-system-wrist-wraps-extreme\/\" \/>\n<meta property=\"og:locale\" content=\"en_US\" \/>\n<meta property=\"og:type\" content=\"article\" \/>\n<meta property=\"og:title\" content=\"POWER SYSTEM Wrist Wraps Extreme - Tugevad Randmesidemed - Fit360\" \/>\n<meta property=\"og:description\" content=\"Murdke oma piirid\u00a0Power System Wrist Wraps Extreme &#039;iga ja saavutage uusi PR-id (isiklikud rekordid). Tugevad randmesidemed toetavad teid lamades suru...\" \/>\n<meta property=\"og:url\" content=\"https:\/\/fit360.ee\/en\/pood\/training-equipment-en\/wrist-wraps-en\/power-system-wrist-wraps-extreme\/\" \/>\n<meta property=\"og:site_name\" content=\"Fit360\" \/>\n<meta property=\"article:modified_time\" content=\"2025-12-22T15:04:15+00:00\" \/>\n<meta property=\"og:image\" content=\"https:\/\/fit360.ee\/wp-content\/uploads\/2024\/05\/wrist-wraps-extreme-1.png\" \/>\n\t<meta property=\"og:image:width\" content=\"1000\" \/>\n\t<meta property=\"og:image:height\" content=\"513\" \/>\n\t<meta property=\"og:image:type\" content=\"image\/png\" \/>\n<meta name=\"twitter:card\" content=\"summary_large_image\" \/>\n<meta name=\"twitter:label1\" content=\"Est. reading time\" \/>\n\t<meta name=\"twitter:data1\" content=\"1 minute\" \/>\n<script type=\"application\/ld+json\" class=\"yoast-schema-graph\">{\"@context\":\"https:\\\/\\\/schema.org\",\"@graph\":[{\"@type\":\"WebPage\",\"@id\":\"https:\\\/\\\/fit360.ee\\\/en\\\/pood\\\/training-equipment-en\\\/wrist-wraps-en\\\/power-system-wrist-wraps-extreme\\\/\",\"url\":\"https:\\\/\\\/fit360.ee\\\/en\\\/pood\\\/training-equipment-en\\\/wrist-wraps-en\\\/power-system-wrist-wraps-extreme\\\/\",\"name\":\"POWER SYSTEM Wrist Wraps Extreme - Tugevad Randmesidemed - Fit360\",\"isPartOf\":{\"@id\":\"https:\\\/\\\/fit360.ee\\\/en\\\/#website\"},\"primaryImageOfPage\":{\"@id\":\"https:\\\/\\\/fit360.ee\\\/en\\\/pood\\\/training-equipment-en\\\/wrist-wraps-en\\\/power-system-wrist-wraps-extreme\\\/#primaryimage\"},\"image\":{\"@id\":\"https:\\\/\\\/fit360.ee\\\/en\\\/pood\\\/training-equipment-en\\\/wrist-wraps-en\\\/power-system-wrist-wraps-extreme\\\/#primaryimage\"},\"thumbnailUrl\":\"https:\\\/\\\/fit360.ee\\\/wp-content\\\/uploads\\\/2024\\\/05\\\/wrist-wraps-extreme-1.png\",\"datePublished\":\"2024-05-30T21:09:58+00:00\",\"dateModified\":\"2025-12-22T15:04:15+00:00\",\"description\":\"Murdke oma piirid\u00a0Power System Wrist Wraps Extreme 'iga ja saavutage uusi PR-id (isiklikud rekordid). Tugevad randmesidemed toetavad teid lamades suru...\",\"breadcrumb\":{\"@id\":\"https:\\\/\\\/fit360.ee\\\/en\\\/pood\\\/training-equipment-en\\\/wrist-wraps-en\\\/power-system-wrist-wraps-extreme\\\/#breadcrumb\"},\"inLanguage\":\"en-US\",\"potentialAction\":[{\"@type\":\"ReadAction\",\"target\":[\"https:\\\/\\\/fit360.ee\\\/en\\\/pood\\\/training-equipment-en\\\/wrist-wraps-en\\\/power-system-wrist-wraps-extreme\\\/\"]}]},{\"@type\":\"ImageObject\",\"inLanguage\":\"en-US\",\"@id\":\"https:\\\/\\\/fit360.ee\\\/en\\\/pood\\\/training-equipment-en\\\/wrist-wraps-en\\\/power-system-wrist-wraps-extreme\\\/#primaryimage\",\"url\":\"https:\\\/\\\/fit360.ee\\\/wp-content\\\/uploads\\\/2024\\\/05\\\/wrist-wraps-extreme-1.png\",\"contentUrl\":\"https:\\\/\\\/fit360.ee\\\/wp-content\\\/uploads\\\/2024\\\/05\\\/wrist-wraps-extreme-1.png\",\"width\":1000,\"height\":513,\"caption\":\"wrist wraps extreme - fit360.ee\"},{\"@type\":\"BreadcrumbList\",\"@id\":\"https:\\\/\\\/fit360.ee\\\/en\\\/pood\\\/training-equipment-en\\\/wrist-wraps-en\\\/power-system-wrist-wraps-extreme\\\/#breadcrumb\",\"itemListElement\":[{\"@type\":\"ListItem\",\"position\":1,\"name\":\"Home\",\"item\":\"https:\\\/\\\/fit360.ee\\\/en\\\/\"},{\"@type\":\"ListItem\",\"position\":2,\"name\":\"Shop\",\"item\":\"https:\\\/\\\/fit360.ee\\\/en\\\/shop\\\/\"},{\"@type\":\"ListItem\",\"position\":3,\"name\":\"POWER SYSTEM Wrist Wraps Extreme\"}]},{\"@type\":\"WebSite\",\"@id\":\"https:\\\/\\\/fit360.ee\\\/en\\\/#website\",\"url\":\"https:\\\/\\\/fit360.ee\\\/en\\\/\",\"name\":\"Fit360\",\"description\":\"\",\"publisher\":{\"@id\":\"https:\\\/\\\/fit360.ee\\\/en\\\/#organization\"},\"potentialAction\":[{\"@type\":\"SearchAction\",\"target\":{\"@type\":\"EntryPoint\",\"urlTemplate\":\"https:\\\/\\\/fit360.ee\\\/en\\\/?s={search_term_string}\"},\"query-input\":{\"@type\":\"PropertyValueSpecification\",\"valueRequired\":true,\"valueName\":\"search_term_string\"}}],\"inLanguage\":\"en-US\"},{\"@type\":\"Organization\",\"@id\":\"https:\\\/\\\/fit360.ee\\\/en\\\/#organization\",\"name\":\"Fit360\",\"url\":\"https:\\\/\\\/fit360.ee\\\/en\\\/\",\"logo\":{\"@type\":\"ImageObject\",\"inLanguage\":\"en-US\",\"@id\":\"https:\\\/\\\/fit360.ee\\\/en\\\/#\\\/schema\\\/logo\\\/image\\\/\",\"url\":\"https:\\\/\\\/fit360.ee\\\/wp-content\\\/uploads\\\/2017\\\/01\\\/logo-fit360.png\",\"contentUrl\":\"https:\\\/\\\/fit360.ee\\\/wp-content\\\/uploads\\\/2017\\\/01\\\/logo-fit360.png\",\"width\":180,\"height\":66,\"caption\":\"Fit360\"},\"image\":{\"@id\":\"https:\\\/\\\/fit360.ee\\\/en\\\/#\\\/schema\\\/logo\\\/image\\\/\"}}]}<\/script>\n<!-- \/ Yoast SEO plugin. -->","yoast_head_json":{"title":"POWER SYSTEM Wrist Wraps Extreme - Tugevad Randmesidemed - Fit360","description":"Murdke oma piirid\u00a0Power System Wrist Wraps Extreme 'iga ja saavutage uusi PR-id (isiklikud rekordid). Tugevad randmesidemed toetavad teid lamades suru...","robots":{"index":"index","follow":"follow","max-snippet":"max-snippet:-1","max-image-preview":"max-image-preview:large","max-video-preview":"max-video-preview:-1"},"canonical":"https:\/\/fit360.ee\/en\/pood\/training-equipment-en\/wrist-wraps-en\/power-system-wrist-wraps-extreme\/","og_locale":"en_US","og_type":"article","og_title":"POWER SYSTEM Wrist Wraps Extreme - Tugevad Randmesidemed - Fit360","og_description":"Murdke oma piirid\u00a0Power System Wrist Wraps Extreme 'iga ja saavutage uusi PR-id (isiklikud rekordid). Tugevad randmesidemed toetavad teid lamades suru...","og_url":"https:\/\/fit360.ee\/en\/pood\/training-equipment-en\/wrist-wraps-en\/power-system-wrist-wraps-extreme\/","og_site_name":"Fit360","article_modified_time":"2025-12-22T15:04:15+00:00","og_image":[{"width":1000,"height":513,"url":"https:\/\/fit360.ee\/wp-content\/uploads\/2024\/05\/wrist-wraps-extreme-1.png","type":"image\/png"}],"twitter_card":"summary_large_image","twitter_misc":{"Est. reading time":"1 minute"},"schema":{"@context":"https:\/\/schema.org","@graph":[{"@type":"WebPage","@id":"https:\/\/fit360.ee\/en\/pood\/training-equipment-en\/wrist-wraps-en\/power-system-wrist-wraps-extreme\/","url":"https:\/\/fit360.ee\/en\/pood\/training-equipment-en\/wrist-wraps-en\/power-system-wrist-wraps-extreme\/","name":"POWER SYSTEM Wrist Wraps Extreme - Tugevad Randmesidemed - Fit360","isPartOf":{"@id":"https:\/\/fit360.ee\/en\/#website"},"primaryImageOfPage":{"@id":"https:\/\/fit360.ee\/en\/pood\/training-equipment-en\/wrist-wraps-en\/power-system-wrist-wraps-extreme\/#primaryimage"},"image":{"@id":"https:\/\/fit360.ee\/en\/pood\/training-equipment-en\/wrist-wraps-en\/power-system-wrist-wraps-extreme\/#primaryimage"},"thumbnailUrl":"https:\/\/fit360.ee\/wp-content\/uploads\/2024\/05\/wrist-wraps-extreme-1.png","datePublished":"2024-05-30T21:09:58+00:00","dateModified":"2025-12-22T15:04:15+00:00","description":"Murdke oma piirid\u00a0Power System Wrist Wraps Extreme 'iga ja saavutage uusi PR-id (isiklikud rekordid). Tugevad randmesidemed toetavad teid lamades suru...","breadcrumb":{"@id":"https:\/\/fit360.ee\/en\/pood\/training-equipment-en\/wrist-wraps-en\/power-system-wrist-wraps-extreme\/#breadcrumb"},"inLanguage":"en-US","potentialAction":[{"@type":"ReadAction","target":["https:\/\/fit360.ee\/en\/pood\/training-equipment-en\/wrist-wraps-en\/power-system-wrist-wraps-extreme\/"]}]},{"@type":"ImageObject","inLanguage":"en-US","@id":"https:\/\/fit360.ee\/en\/pood\/training-equipment-en\/wrist-wraps-en\/power-system-wrist-wraps-extreme\/#primaryimage","url":"https:\/\/fit360.ee\/wp-content\/uploads\/2024\/05\/wrist-wraps-extreme-1.png","contentUrl":"https:\/\/fit360.ee\/wp-content\/uploads\/2024\/05\/wrist-wraps-extreme-1.png","width":1000,"height":513,"caption":"wrist wraps extreme - fit360.ee"},{"@type":"BreadcrumbList","@id":"https:\/\/fit360.ee\/en\/pood\/training-equipment-en\/wrist-wraps-en\/power-system-wrist-wraps-extreme\/#breadcrumb","itemListElement":[{"@type":"ListItem","position":1,"name":"Home","item":"https:\/\/fit360.ee\/en\/"},{"@type":"ListItem","position":2,"name":"Shop","item":"https:\/\/fit360.ee\/en\/shop\/"},{"@type":"ListItem","position":3,"name":"POWER SYSTEM Wrist Wraps Extreme"}]},{"@type":"WebSite","@id":"https:\/\/fit360.ee\/en\/#website","url":"https:\/\/fit360.ee\/en\/","name":"Fit360","description":"","publisher":{"@id":"https:\/\/fit360.ee\/en\/#organization"},"potentialAction":[{"@type":"SearchAction","target":{"@type":"EntryPoint","urlTemplate":"https:\/\/fit360.ee\/en\/?s={search_term_string}"},"query-input":{"@type":"PropertyValueSpecification","valueRequired":true,"valueName":"search_term_string"}}],"inLanguage":"en-US"},{"@type":"Organization","@id":"https:\/\/fit360.ee\/en\/#organization","name":"Fit360","url":"https:\/\/fit360.ee\/en\/","logo":{"@type":"ImageObject","inLanguage":"en-US","@id":"https:\/\/fit360.ee\/en\/#\/schema\/logo\/image\/","url":"https:\/\/fit360.ee\/wp-content\/uploads\/2017\/01\/logo-fit360.png","contentUrl":"https:\/\/fit360.ee\/wp-content\/uploads\/2017\/01\/logo-fit360.png","width":180,"height":66,"caption":"Fit360"},"image":{"@id":"https:\/\/fit360.ee\/en\/#\/schema\/logo\/image\/"}}]}},"_links":{"self":[{"href":"https:\/\/fit360.ee\/en\/wp-json\/wp\/v2\/product\/80432","targetHints":{"allow":["GET"]}}],"collection":[{"href":"https:\/\/fit360.ee\/en\/wp-json\/wp\/v2\/product"}],"about":[{"href":"https:\/\/fit360.ee\/en\/wp-json\/wp\/v2\/types\/product"}],"replies":[{"embeddable":true,"href":"https:\/\/fit360.ee\/en\/wp-json\/wp\/v2\/comments?post=80432"}],"wp:featuredmedia":[{"embeddable":true,"href":"https:\/\/fit360.ee\/en\/wp-json\/wp\/v2\/media\/80429"}],"wp:attachment":[{"href":"https:\/\/fit360.ee\/en\/wp-json\/wp\/v2\/media?parent=80432"}],"wp:term":[{"taxonomy":"product_brand","embeddable":true,"href":"https:\/\/fit360.ee\/en\/wp-json\/wp\/v2\/product_brand?post=80432"},{"taxonomy":"product_cat","embeddable":true,"href":"https:\/\/fit360.ee\/en\/wp-json\/wp\/v2\/product_cat?post=80432"},{"taxonomy":"product_tag","embeddable":true,"href":"https:\/\/fit360.ee\/en\/wp-json\/wp\/v2\/product_tag?post=80432"},{"taxonomy":"giftcard-category","embeddable":true,"href":"https:\/\/fit360.ee\/en\/wp-json\/wp\/v2\/giftcard-category?post=80432"}],"curies":[{"name":"wp","href":"https:\/\/api.w.org\/{rel}","templated":true}]}}