{"id":80442,"date":"2024-06-05T17:02:36","date_gmt":"2024-06-05T15:02:36","guid":{"rendered":"https:\/\/fit360.ee\/pood\/maaratlemata\/energiajook-pandy-power-330ml\/"},"modified":"2026-04-11T10:42:31","modified_gmt":"2026-04-11T08:42:31","slug":"energiajook-pandy-power-330ml","status":"publish","type":"product","link":"https:\/\/fit360.ee\/en\/pood\/product-groups\/drinks-shots\/energiajook-pandy-power-330ml\/","title":{"rendered":"Energiajook Vegan P\u00e4ndy (330ml)"},"content":{"rendered":"<h2><strong>P\u00e4ndy Power<\/strong><\/h2>\n<p>Iga sn\u00e4kk vajab hea maitsega jooki, sellep\u00e4rast loodigi P\u00e4ndy Power energiajook. Null suhkrut, null kalorit, 100% vegan ja tasakaalustatud kofeiini tase 100mg purgi kohta. Me v\u00f5ime uhkusega \u00f6elda, et see on \u00fcks parimaid kaasaegseid jooke maailmas. Nautige seda v\u00e4rskendavalt k\u00fclma.<\/p>\n<p><strong>Koostisosad Energiajook P\u00e4ndy Power<\/strong>: Karboniseeritud vesi, happesuse regulaator (sidrunhape, naatriumtsitraadid), antioks\u00fcdant (askorbiinhape), kofeiin (0,03%), magusained (sukraloos, ts\u00fcklamaadid), toiduv\u00e4rvid (karoteenid), l\u00f5hna-ja maitseaine, s\u00e4ilitusained (kummiaraabik, Kampoli gl\u00fctseroolestrid).<\/p>\n<p><strong>Kasutamine<\/strong>: Tarbi vastavalt vajadusele. Soovitatav maksimaalne p\u00e4evane kogus 2-3 purki. Toode ei ole soovitatav lastele, rasedatele ega rinnaga toitvalenaistele. K\u00f5rge kofeiinisisaldus (30mg\/100ml).<\/p>\n<p>Toitev\u00e4\u00e4rtus\/100 ml: Energia: 13 kj\/3 kcal, Rasvad: 0 g, millest k\u00fcllastunud rasvhapped: 0 g, S\u00fcsivesikud: 0 g, millest suhkrud: 0 g, Valgud: 0,35 g, Sool: 0,2 g.<\/p>\n<p>Vaata ka meie Teisi Suhkruvabasid Energiajooke <a href=\"https:\/\/fit360.ee\/en\/product-category\/product-groups\/sugar-free-energy-drinks-en\/\"><strong>SIIT<\/strong><\/a>!<\/p>\n","protected":false},"excerpt":{"rendered":"<ul>\n<li>Purgi kohta 100mg kofeiini<\/li>\n<li>Null suhkrut<\/li>\n<li>Null kalorit<\/li>\n<li>Sobilik Veganitele<\/li>\n<\/ul>\n","protected":false},"featured_media":80441,"comment_status":"open","ping_status":"closed","template":"","meta":[],"product_brand":[],"product_cat":[523,1963,533,2043,1201],"product_tag":[4914,1964,4915],"giftcard-category":[],"class_list":{"0":"post-80442","1":"product","2":"type-product","3":"status-publish","4":"has-post-thumbnail","6":"product_cat-drinks-shots","7":"product_cat-pandy-en","8":"product_cat-pre-workout-en","9":"product_cat-sugar-free-energy-drinks-en","10":"product_cat-1201","11":"product_tag-energiajook-pandy-en","12":"product_tag-pandy-en","13":"product_tag-pandy-power-en","14":"pa_kogus-330ml-en","15":"pa_maitse-ouna-maasika-en","16":"pa_maitse-pineapple","17":"pa_maitse-power-en","18":"pa_maitse-raspberry","19":"pa_toidulisand-branddd-pandy","20":"pa_tootegruppp-pre-workout","21":"pa_tootegruppp-suhkruvabad-energiajoogid-en","22":"pa_tootegruppp-vegan-en","24":"first","25":"instock","26":"sale","27":"taxable","28":"shipping-taxable","29":"purchasable","30":"product-type-variable"},"yoast_head":"<!-- This site is optimized with the Yoast SEO plugin v27.3 - https:\/\/yoast.com\/product\/yoast-seo-wordpress\/ -->\n<title>Energiajook Vegan P\u00e4ndy (330ml) - 100mg kofeiini purgi kohta - Fit360<\/title>\n<meta name=\"description\" content=\"P\u00e4ndy Power energiajook. sisaldab null suhkrut, null kalorit, 100% vegan ja tasakaalustatud kofeiini tase 100mg purgi kohta. Me v\u00f5ime uhkusega \u00f6elda, et...\" \/>\n<meta name=\"robots\" content=\"index, follow, max-snippet:-1, max-image-preview:large, max-video-preview:-1\" \/>\n<link rel=\"canonical\" href=\"https:\/\/fit360.ee\/en\/pood\/product-groups\/drinks-shots\/energiajook-pandy-power-330ml\/\" \/>\n<meta property=\"og:locale\" content=\"en_US\" \/>\n<meta property=\"og:type\" content=\"article\" \/>\n<meta property=\"og:title\" content=\"Energiajook Vegan P\u00e4ndy (330ml) - 100mg kofeiini purgi kohta - Fit360\" \/>\n<meta property=\"og:description\" content=\"P\u00e4ndy Power energiajook. sisaldab null suhkrut, null kalorit, 100% vegan ja tasakaalustatud kofeiini tase 100mg purgi kohta. Me v\u00f5ime uhkusega \u00f6elda, et...\" \/>\n<meta property=\"og:url\" content=\"https:\/\/fit360.ee\/en\/pood\/product-groups\/drinks-shots\/energiajook-pandy-power-330ml\/\" \/>\n<meta property=\"og:site_name\" content=\"Fit360\" \/>\n<meta property=\"article:modified_time\" content=\"2026-04-11T08:42:31+00:00\" \/>\n<meta property=\"og:image\" content=\"https:\/\/fit360.ee\/wp-content\/uploads\/2024\/06\/energiajook-pandy-power-fit360.ee-1.png\" \/>\n\t<meta property=\"og:image:width\" content=\"1080\" \/>\n\t<meta property=\"og:image:height\" content=\"1350\" \/>\n\t<meta property=\"og:image:type\" content=\"image\/png\" \/>\n<meta name=\"twitter:card\" content=\"summary_large_image\" \/>\n<meta name=\"twitter:label1\" content=\"Est. reading time\" \/>\n\t<meta name=\"twitter:data1\" content=\"1 minute\" \/>\n<script type=\"application\/ld+json\" class=\"yoast-schema-graph\">{\"@context\":\"https:\\\/\\\/schema.org\",\"@graph\":[{\"@type\":\"WebPage\",\"@id\":\"https:\\\/\\\/fit360.ee\\\/en\\\/pood\\\/product-groups\\\/drinks-shots\\\/energiajook-pandy-power-330ml\\\/\",\"url\":\"https:\\\/\\\/fit360.ee\\\/en\\\/pood\\\/product-groups\\\/drinks-shots\\\/energiajook-pandy-power-330ml\\\/\",\"name\":\"Energiajook Vegan P\u00e4ndy (330ml) - 100mg kofeiini purgi kohta - Fit360\",\"isPartOf\":{\"@id\":\"https:\\\/\\\/fit360.ee\\\/en\\\/#website\"},\"primaryImageOfPage\":{\"@id\":\"https:\\\/\\\/fit360.ee\\\/en\\\/pood\\\/product-groups\\\/drinks-shots\\\/energiajook-pandy-power-330ml\\\/#primaryimage\"},\"image\":{\"@id\":\"https:\\\/\\\/fit360.ee\\\/en\\\/pood\\\/product-groups\\\/drinks-shots\\\/energiajook-pandy-power-330ml\\\/#primaryimage\"},\"thumbnailUrl\":\"https:\\\/\\\/fit360.ee\\\/wp-content\\\/uploads\\\/2024\\\/06\\\/energiajook-pandy-power-fit360.ee-1.png\",\"datePublished\":\"2024-06-05T15:02:36+00:00\",\"dateModified\":\"2026-04-11T08:42:31+00:00\",\"description\":\"P\u00e4ndy Power energiajook. sisaldab null suhkrut, null kalorit, 100% vegan ja tasakaalustatud kofeiini tase 100mg purgi kohta. Me v\u00f5ime uhkusega \u00f6elda, et...\",\"breadcrumb\":{\"@id\":\"https:\\\/\\\/fit360.ee\\\/en\\\/pood\\\/product-groups\\\/drinks-shots\\\/energiajook-pandy-power-330ml\\\/#breadcrumb\"},\"inLanguage\":\"en-US\",\"potentialAction\":[{\"@type\":\"ReadAction\",\"target\":[\"https:\\\/\\\/fit360.ee\\\/en\\\/pood\\\/product-groups\\\/drinks-shots\\\/energiajook-pandy-power-330ml\\\/\"]}]},{\"@type\":\"ImageObject\",\"inLanguage\":\"en-US\",\"@id\":\"https:\\\/\\\/fit360.ee\\\/en\\\/pood\\\/product-groups\\\/drinks-shots\\\/energiajook-pandy-power-330ml\\\/#primaryimage\",\"url\":\"https:\\\/\\\/fit360.ee\\\/wp-content\\\/uploads\\\/2024\\\/06\\\/energiajook-pandy-power-fit360.ee-1.png\",\"contentUrl\":\"https:\\\/\\\/fit360.ee\\\/wp-content\\\/uploads\\\/2024\\\/06\\\/energiajook-pandy-power-fit360.ee-1.png\",\"width\":1080,\"height\":1350,\"caption\":\"energiajook p\u00e4ndy power - fit360.ee\"},{\"@type\":\"BreadcrumbList\",\"@id\":\"https:\\\/\\\/fit360.ee\\\/en\\\/pood\\\/product-groups\\\/drinks-shots\\\/energiajook-pandy-power-330ml\\\/#breadcrumb\",\"itemListElement\":[{\"@type\":\"ListItem\",\"position\":1,\"name\":\"Home\",\"item\":\"https:\\\/\\\/fit360.ee\\\/en\\\/\"},{\"@type\":\"ListItem\",\"position\":2,\"name\":\"Shop\",\"item\":\"https:\\\/\\\/fit360.ee\\\/en\\\/shop\\\/\"},{\"@type\":\"ListItem\",\"position\":3,\"name\":\"Energiajook Vegan P\u00e4ndy (330ml)\"}]},{\"@type\":\"WebSite\",\"@id\":\"https:\\\/\\\/fit360.ee\\\/en\\\/#website\",\"url\":\"https:\\\/\\\/fit360.ee\\\/en\\\/\",\"name\":\"Fit360\",\"description\":\"\",\"publisher\":{\"@id\":\"https:\\\/\\\/fit360.ee\\\/en\\\/#organization\"},\"potentialAction\":[{\"@type\":\"SearchAction\",\"target\":{\"@type\":\"EntryPoint\",\"urlTemplate\":\"https:\\\/\\\/fit360.ee\\\/en\\\/?s={search_term_string}\"},\"query-input\":{\"@type\":\"PropertyValueSpecification\",\"valueRequired\":true,\"valueName\":\"search_term_string\"}}],\"inLanguage\":\"en-US\"},{\"@type\":\"Organization\",\"@id\":\"https:\\\/\\\/fit360.ee\\\/en\\\/#organization\",\"name\":\"Fit360\",\"url\":\"https:\\\/\\\/fit360.ee\\\/en\\\/\",\"logo\":{\"@type\":\"ImageObject\",\"inLanguage\":\"en-US\",\"@id\":\"https:\\\/\\\/fit360.ee\\\/en\\\/#\\\/schema\\\/logo\\\/image\\\/\",\"url\":\"https:\\\/\\\/fit360.ee\\\/wp-content\\\/uploads\\\/2017\\\/01\\\/logo-fit360.png\",\"contentUrl\":\"https:\\\/\\\/fit360.ee\\\/wp-content\\\/uploads\\\/2017\\\/01\\\/logo-fit360.png\",\"width\":180,\"height\":66,\"caption\":\"Fit360\"},\"image\":{\"@id\":\"https:\\\/\\\/fit360.ee\\\/en\\\/#\\\/schema\\\/logo\\\/image\\\/\"}}]}<\/script>\n<!-- \/ Yoast SEO plugin. -->","yoast_head_json":{"title":"Energiajook Vegan P\u00e4ndy (330ml) - 100mg kofeiini purgi kohta - Fit360","description":"P\u00e4ndy Power energiajook. sisaldab null suhkrut, null kalorit, 100% vegan ja tasakaalustatud kofeiini tase 100mg purgi kohta. Me v\u00f5ime uhkusega \u00f6elda, et...","robots":{"index":"index","follow":"follow","max-snippet":"max-snippet:-1","max-image-preview":"max-image-preview:large","max-video-preview":"max-video-preview:-1"},"canonical":"https:\/\/fit360.ee\/en\/pood\/product-groups\/drinks-shots\/energiajook-pandy-power-330ml\/","og_locale":"en_US","og_type":"article","og_title":"Energiajook Vegan P\u00e4ndy (330ml) - 100mg kofeiini purgi kohta - Fit360","og_description":"P\u00e4ndy Power energiajook. sisaldab null suhkrut, null kalorit, 100% vegan ja tasakaalustatud kofeiini tase 100mg purgi kohta. Me v\u00f5ime uhkusega \u00f6elda, et...","og_url":"https:\/\/fit360.ee\/en\/pood\/product-groups\/drinks-shots\/energiajook-pandy-power-330ml\/","og_site_name":"Fit360","article_modified_time":"2026-04-11T08:42:31+00:00","og_image":[{"width":1080,"height":1350,"url":"https:\/\/fit360.ee\/wp-content\/uploads\/2024\/06\/energiajook-pandy-power-fit360.ee-1.png","type":"image\/png"}],"twitter_card":"summary_large_image","twitter_misc":{"Est. reading time":"1 minute"},"schema":{"@context":"https:\/\/schema.org","@graph":[{"@type":"WebPage","@id":"https:\/\/fit360.ee\/en\/pood\/product-groups\/drinks-shots\/energiajook-pandy-power-330ml\/","url":"https:\/\/fit360.ee\/en\/pood\/product-groups\/drinks-shots\/energiajook-pandy-power-330ml\/","name":"Energiajook Vegan P\u00e4ndy (330ml) - 100mg kofeiini purgi kohta - Fit360","isPartOf":{"@id":"https:\/\/fit360.ee\/en\/#website"},"primaryImageOfPage":{"@id":"https:\/\/fit360.ee\/en\/pood\/product-groups\/drinks-shots\/energiajook-pandy-power-330ml\/#primaryimage"},"image":{"@id":"https:\/\/fit360.ee\/en\/pood\/product-groups\/drinks-shots\/energiajook-pandy-power-330ml\/#primaryimage"},"thumbnailUrl":"https:\/\/fit360.ee\/wp-content\/uploads\/2024\/06\/energiajook-pandy-power-fit360.ee-1.png","datePublished":"2024-06-05T15:02:36+00:00","dateModified":"2026-04-11T08:42:31+00:00","description":"P\u00e4ndy Power energiajook. sisaldab null suhkrut, null kalorit, 100% vegan ja tasakaalustatud kofeiini tase 100mg purgi kohta. Me v\u00f5ime uhkusega \u00f6elda, et...","breadcrumb":{"@id":"https:\/\/fit360.ee\/en\/pood\/product-groups\/drinks-shots\/energiajook-pandy-power-330ml\/#breadcrumb"},"inLanguage":"en-US","potentialAction":[{"@type":"ReadAction","target":["https:\/\/fit360.ee\/en\/pood\/product-groups\/drinks-shots\/energiajook-pandy-power-330ml\/"]}]},{"@type":"ImageObject","inLanguage":"en-US","@id":"https:\/\/fit360.ee\/en\/pood\/product-groups\/drinks-shots\/energiajook-pandy-power-330ml\/#primaryimage","url":"https:\/\/fit360.ee\/wp-content\/uploads\/2024\/06\/energiajook-pandy-power-fit360.ee-1.png","contentUrl":"https:\/\/fit360.ee\/wp-content\/uploads\/2024\/06\/energiajook-pandy-power-fit360.ee-1.png","width":1080,"height":1350,"caption":"energiajook p\u00e4ndy power - fit360.ee"},{"@type":"BreadcrumbList","@id":"https:\/\/fit360.ee\/en\/pood\/product-groups\/drinks-shots\/energiajook-pandy-power-330ml\/#breadcrumb","itemListElement":[{"@type":"ListItem","position":1,"name":"Home","item":"https:\/\/fit360.ee\/en\/"},{"@type":"ListItem","position":2,"name":"Shop","item":"https:\/\/fit360.ee\/en\/shop\/"},{"@type":"ListItem","position":3,"name":"Energiajook Vegan P\u00e4ndy (330ml)"}]},{"@type":"WebSite","@id":"https:\/\/fit360.ee\/en\/#website","url":"https:\/\/fit360.ee\/en\/","name":"Fit360","description":"","publisher":{"@id":"https:\/\/fit360.ee\/en\/#organization"},"potentialAction":[{"@type":"SearchAction","target":{"@type":"EntryPoint","urlTemplate":"https:\/\/fit360.ee\/en\/?s={search_term_string}"},"query-input":{"@type":"PropertyValueSpecification","valueRequired":true,"valueName":"search_term_string"}}],"inLanguage":"en-US"},{"@type":"Organization","@id":"https:\/\/fit360.ee\/en\/#organization","name":"Fit360","url":"https:\/\/fit360.ee\/en\/","logo":{"@type":"ImageObject","inLanguage":"en-US","@id":"https:\/\/fit360.ee\/en\/#\/schema\/logo\/image\/","url":"https:\/\/fit360.ee\/wp-content\/uploads\/2017\/01\/logo-fit360.png","contentUrl":"https:\/\/fit360.ee\/wp-content\/uploads\/2017\/01\/logo-fit360.png","width":180,"height":66,"caption":"Fit360"},"image":{"@id":"https:\/\/fit360.ee\/en\/#\/schema\/logo\/image\/"}}]}},"_links":{"self":[{"href":"https:\/\/fit360.ee\/en\/wp-json\/wp\/v2\/product\/80442","targetHints":{"allow":["GET"]}}],"collection":[{"href":"https:\/\/fit360.ee\/en\/wp-json\/wp\/v2\/product"}],"about":[{"href":"https:\/\/fit360.ee\/en\/wp-json\/wp\/v2\/types\/product"}],"replies":[{"embeddable":true,"href":"https:\/\/fit360.ee\/en\/wp-json\/wp\/v2\/comments?post=80442"}],"wp:featuredmedia":[{"embeddable":true,"href":"https:\/\/fit360.ee\/en\/wp-json\/wp\/v2\/media\/80441"}],"wp:attachment":[{"href":"https:\/\/fit360.ee\/en\/wp-json\/wp\/v2\/media?parent=80442"}],"wp:term":[{"taxonomy":"product_brand","embeddable":true,"href":"https:\/\/fit360.ee\/en\/wp-json\/wp\/v2\/product_brand?post=80442"},{"taxonomy":"product_cat","embeddable":true,"href":"https:\/\/fit360.ee\/en\/wp-json\/wp\/v2\/product_cat?post=80442"},{"taxonomy":"product_tag","embeddable":true,"href":"https:\/\/fit360.ee\/en\/wp-json\/wp\/v2\/product_tag?post=80442"},{"taxonomy":"giftcard-category","embeddable":true,"href":"https:\/\/fit360.ee\/en\/wp-json\/wp\/v2\/giftcard-category?post=80442"}],"curies":[{"name":"wp","href":"https:\/\/api.w.org\/{rel}","templated":true}]}}