{"id":80624,"date":"2024-06-07T10:32:04","date_gmt":"2024-06-07T08:32:04","guid":{"rendered":"https:\/\/fit360.ee\/pood\/uncategorized\/nac-180tab\/"},"modified":"2025-08-13T07:38:54","modified_gmt":"2025-08-13T05:38:54","slug":"nac-180tab","status":"publish","type":"product","link":"https:\/\/fit360.ee\/en\/pood\/product-groups\/superfoods-health-foods-en\/nac-en\/nac-180tab\/","title":{"rendered":"NAC (180tab)"},"content":{"rendered":"<h1>NAC<\/h1>\n<p>NAC ehk N-atset\u00fc\u00fcl-L-ts\u00fcsteiin on <a href=\"https:\/\/fit360.ee\/en\/product-category\/product-groups\/amino-acids-bcaa\/\"><strong>aminohappe<\/strong><\/a> L-ts\u00fcsteiini stabiilsem vorm ja see on k\u00f5ige t\u00f5husam viis glutatiooni taseme t\u00f5stmiseks kehas. NAC m\u00e4ngib olulist rolli ka keha v\u00f5\u00f5rutusprotsessis, hingamis- ja vereringes\u00fcsteemis ning aju k\u00f5ige olulisema neurotransmitteri glutamaadi taseme reguleerimisel. L-ts\u00fcsteiin on \u00fcks aminohapetest, mis sisaldab v\u00e4\u00e4vlit, NAC on tugeva v\u00e4\u00e4vlisarnase l\u00f5hnaga, mis on t\u00e4iesti normaalne. NAC suurendab l\u00e4mmastikoksiidi tootmist, mis aitab veenidel laieneda, parandada verevoolu ja suurendada vereringet.\u00a0 L-ts\u00fcsteiin on oluline keratiini s\u00fcnteesiks nahale, juustele ja k\u00fc\u00fcntele L-ts\u00fcsteiin on <a href=\"https:\/\/fit360.ee\/en\/product-category\/product-groups\/amino-acids-bcaa\/\"><strong>asendamatu aminohape<\/strong><\/a>, kuid selle s\u00fcnteesiv\u00f5ime v\u00e4heneb vanusega.\u00a0 Ts\u00fcsteiini tase v\u00f5ib ammenduda mitmetes terviseseisundites, ka stressi, madala immuunsuse v\u00f5i v\u00e4hese valgu tarbimise ajal.<\/p>\n<p>NAC on L-ts\u00fcsteiini stabiilsem vorm, kuna sellel on kinnitatud atset\u00fc\u00fclr\u00fchm (CH3CO). N-Atset\u00fc\u00fclts\u00fcsteiin-l on L-ts\u00fcsteiini k\u00f5ik omadused, kuid see on vees paremini lahustuv ja v\u00e4idetavalt biosaadavam kui L-ts\u00fcsteiin.<\/p>\n<p>N-Atset\u00fc\u00fclts\u00fcsteiin moodustab glutatiooni, mis on teaduslikult t\u00f5estatud kriitiline antioks\u00fcdant vabade radikaalide h\u00e4vitamiseks. NAC-il on ainulaadne v\u00f5ime s\u00e4ilitada tervet kopsukoe, toetada keha loomulikku kaitsev\u00f5imet ning parandada rakkude tervist ja pikaealisust. Need omadused muudavad NAC-i eriti kasulikuks aktiivsetele inimestele, eakatele ja saastatud keskkonda sattunud inimestele.<\/p>\n<p>NAC muudab glutatiooni v\u00f5imendajana nii t\u00f5husaks, et see on stabiilne aminohape, mis suudab p\u00e4rast seedimist s\u00e4ilitada v\u00e4\u00e4vel- ja sulfh\u00fcdr\u00fc\u00fclr\u00fchmi kuni kuus korda rohkem. Teadlaste arvates v\u00f5ivad v\u00e4\u00e4vel ja v\u00e4\u00e4vli\u00fchendid olla glutatiooni keskmes. See on keha elutalitluse jaoks \u00fclioluline, kuna N-Atset\u00fc\u00fclts\u00fcsteiin aitab kehal neutraliseerida toksiine, raskemetalle, n\u00e4iteks hambaamalgaamit\u00e4idiste elavh\u00f5bedat, v\u00e4rvi ja sigaretisuitsu kaadmiumi ja pliid. Sulfh\u00fcdr\u00fc\u00fcli tasakaal on seotud ka viirusnakkuste vastupanuv\u00f5ime suurendamisega.<\/p>\n<h2><strong>N-Atset\u00fc\u00fclts\u00fcsteiin<\/strong><\/h2>\n<p>N-atset\u00fc\u00fcl-L-ts\u00fcsteiin pakub tugevat immuunsust toetavat funktsiooni ja pakub ka toksiinivastast potentsiaali. Selle v\u00f5ime neutraliseerida rakke ja DNA kahjustavaid vabu radikaale v\u00f5ib aidata aeglustada paljusid kahjulikke elemente.<\/p>\n<p>On t\u00f5estatud, et N-Atset\u00fc\u00fclts\u00fcsteiin m\u00e4ngib kaitsvat rolli mitmesuguste toksiliste ohtude, n\u00e4iteks sigaretisuitsu, auto heitgaasi, teatud herbitsiidide ja atsetaminofeeni \u00fcledooside eest. Samuti v\u00f5ib see m\u00e4ngida kasulikku rolli eesn\u00e4\u00e4rme- ja hingamisteede seisundites. N\u00e4iteks on NAC-il h\u00e4sti v\u00e4lja t\u00f6\u00f6tatud anti-mukol\u00fc\u00fctilised (limaskestavastased) omadused ja on t\u00f5estatud, et see suurendab suitsetajate mukokiilia transporti.<\/p>\n<p><strong>Koostisosad<\/strong>: N-atset\u00fc\u00fcl-L-ts\u00fcsteiin; t\u00e4idisena kasutatavad ained: tselluloos, riisit\u00e4rklis; paakumisvastased ained: rasvhapete magneesiumisoolad, sillikoonoksiid<\/p>\n<p><strong>Kasutamine<\/strong>: V\u00f5ta 1 tablett 1 kord p\u00e4evas.<\/p>\n<p><strong>Suurus<\/strong>: 180 tabletti &#8211; 180 servereingut<\/p>\n<p><strong>Hoiusta<\/strong> kuivas ja jahedas kohas, eemal otsesest p\u00e4evavalgusest.<\/p>\n<table>\n<tbody>\n<tr>\n<td width=\"213\"><strong>Toimeained<\/strong><\/td>\n<td width=\"213\"><strong>1 tablett ( 1 servereing)<\/strong><\/td>\n<\/tr>\n<tr>\n<td width=\"213\">N-atset\u00fc\u00fcl-L-ts\u00fcsteiin<\/td>\n<td width=\"213\">250mg<\/td>\n<\/tr>\n<\/tbody>\n<\/table>\n<p>Vaata ka teisi Aminohappeid <a href=\"https:\/\/fit360.ee\/en\/product-category\/product-groups\/amino-acids-bcaa\/\"><strong>SIIT<\/strong><\/a>!<\/p>\n<p>Soovid kaupa osta suuremas koguses? Vaata antud toodet ka meie HULGI poest <a href=\"https:\/\/toidulisandidhulgi.ee\/tooted\/nac-180tab\/\"><strong>SIIT<\/strong><\/a>!<\/p>\n","protected":false},"excerpt":{"rendered":"<p><strong>NAC<\/strong> m\u00e4ngib olulist rolli ka\u00a0keha v\u00f5\u00f5rutusprotsessis, hingamis- ja vereringes\u00fcsteemis ning aju k\u00f5ige olulisema neurotransmitteri glutamaadi taseme reguleerimisel. L-ts\u00fcsteiin on \u00fcks aminohapetest, mis sisaldab v\u00e4\u00e4vlit, NAC on tugeva v\u00e4\u00e4vlisarnase l\u00f5hnaga, mis on t\u00e4iesti normaalne. NAC suurendab l\u00e4mmastikoksiidi tootmist, mis aitab veenidel laieneda, parandada verevoolu ja suurendada vereringet.<\/p>\n","protected":false},"featured_media":80623,"comment_status":"open","ping_status":"closed","template":"","meta":[],"product_brand":[],"product_cat":[520,5311,2331,5320,5308,515,1454,536],"product_tag":[2783,2785,1803],"giftcard-category":[],"class_list":{"0":"post-80624","1":"product","2":"type-product","3":"status-publish","4":"has-post-thumbnail","6":"product_cat-amino-acids-bcaa","7":"product_cat-antioxidants-en","8":"product_cat-essential-amino-acids-eaa-en","9":"product_cat-for-immunity-en","10":"product_cat-nac-en","11":"product_cat-real-pharm","12":"product_cat-superfoods-health-foods-en","13":"product_cat-vitamins-and-minerals-en","14":"product_tag-n-atsetuul-l-tsusteiin-en","15":"product_tag-nac-en","16":"product_tag-real-pharm-en","17":"pa_kogus-180-tablets","18":"pa_toidulisand-branddd-real-pharm","19":"pa_tootegruppp-amino-acidsbcaa","20":"pa_tootegruppp-antioksudandid-en","21":"pa_tootegruppp-asendamatud-aminohapped-eaa-en","22":"pa_tootegruppp-immuunsusteem-en","23":"pa_tootegruppp-nac-en","24":"pa_tootegruppp-vegan-en","25":"pa_tootegruppp-vitamins-and-minerals","27":"first","28":"outofstock","29":"sale","30":"taxable","31":"shipping-taxable","32":"purchasable","33":"product-type-simple"},"yoast_head":"<!-- This site is optimized with the Yoast SEO plugin v27.3 - https:\/\/yoast.com\/product\/yoast-seo-wordpress\/ -->\n<title>NAC (180tab) - N-Atset\u00fc\u00fclts\u00fcsteiin - Kiire Tarne - Fit360<\/title>\n<meta name=\"description\" content=\"NAC ehk N-atset\u00fc\u00fcl-L-ts\u00fcsteiin on aminohappe L-ts\u00fcsteiini stabiilsem vorm ja see on k\u00f5ige t\u00f5husam viis glutatiooni taseme t\u00f5stmiseks kehas.\" \/>\n<meta name=\"robots\" content=\"index, follow, max-snippet:-1, max-image-preview:large, max-video-preview:-1\" \/>\n<link rel=\"canonical\" href=\"https:\/\/fit360.ee\/en\/pood\/product-groups\/superfoods-health-foods-en\/nac-en\/nac-180tab\/\" \/>\n<meta property=\"og:locale\" content=\"en_US\" \/>\n<meta property=\"og:type\" content=\"article\" \/>\n<meta property=\"og:title\" content=\"NAC (180tab) - N-Atset\u00fc\u00fclts\u00fcsteiin - Kiire Tarne - Fit360\" \/>\n<meta property=\"og:description\" content=\"NAC ehk N-atset\u00fc\u00fcl-L-ts\u00fcsteiin on aminohappe L-ts\u00fcsteiini stabiilsem vorm ja see on k\u00f5ige t\u00f5husam viis glutatiooni taseme t\u00f5stmiseks kehas.\" \/>\n<meta property=\"og:url\" content=\"https:\/\/fit360.ee\/en\/pood\/product-groups\/superfoods-health-foods-en\/nac-en\/nac-180tab\/\" \/>\n<meta property=\"og:site_name\" content=\"Fit360\" \/>\n<meta property=\"article:modified_time\" content=\"2025-08-13T05:38:54+00:00\" \/>\n<meta property=\"og:image\" content=\"https:\/\/fit360.ee\/wp-content\/uploads\/2024\/06\/nac-tabletid-real-pharm-fit360.ee_.jpg\" \/>\n\t<meta property=\"og:image:width\" content=\"800\" \/>\n\t<meta property=\"og:image:height\" content=\"800\" \/>\n\t<meta property=\"og:image:type\" content=\"image\/jpeg\" \/>\n<meta name=\"twitter:card\" content=\"summary_large_image\" \/>\n<meta name=\"twitter:label1\" content=\"Est. reading time\" \/>\n\t<meta name=\"twitter:data1\" content=\"3 minutes\" \/>\n<script type=\"application\/ld+json\" class=\"yoast-schema-graph\">{\"@context\":\"https:\\\/\\\/schema.org\",\"@graph\":[{\"@type\":\"WebPage\",\"@id\":\"https:\\\/\\\/fit360.ee\\\/en\\\/pood\\\/product-groups\\\/superfoods-health-foods-en\\\/nac-en\\\/nac-180tab\\\/\",\"url\":\"https:\\\/\\\/fit360.ee\\\/en\\\/pood\\\/product-groups\\\/superfoods-health-foods-en\\\/nac-en\\\/nac-180tab\\\/\",\"name\":\"NAC (180tab) - N-Atset\u00fc\u00fclts\u00fcsteiin - Kiire Tarne - Fit360\",\"isPartOf\":{\"@id\":\"https:\\\/\\\/fit360.ee\\\/en\\\/#website\"},\"primaryImageOfPage\":{\"@id\":\"https:\\\/\\\/fit360.ee\\\/en\\\/pood\\\/product-groups\\\/superfoods-health-foods-en\\\/nac-en\\\/nac-180tab\\\/#primaryimage\"},\"image\":{\"@id\":\"https:\\\/\\\/fit360.ee\\\/en\\\/pood\\\/product-groups\\\/superfoods-health-foods-en\\\/nac-en\\\/nac-180tab\\\/#primaryimage\"},\"thumbnailUrl\":\"https:\\\/\\\/fit360.ee\\\/wp-content\\\/uploads\\\/2024\\\/06\\\/nac-tabletid-real-pharm-fit360.ee_.jpg\",\"datePublished\":\"2024-06-07T08:32:04+00:00\",\"dateModified\":\"2025-08-13T05:38:54+00:00\",\"description\":\"NAC ehk N-atset\u00fc\u00fcl-L-ts\u00fcsteiin on aminohappe L-ts\u00fcsteiini stabiilsem vorm ja see on k\u00f5ige t\u00f5husam viis glutatiooni taseme t\u00f5stmiseks kehas.\",\"breadcrumb\":{\"@id\":\"https:\\\/\\\/fit360.ee\\\/en\\\/pood\\\/product-groups\\\/superfoods-health-foods-en\\\/nac-en\\\/nac-180tab\\\/#breadcrumb\"},\"inLanguage\":\"en-US\",\"potentialAction\":[{\"@type\":\"ReadAction\",\"target\":[\"https:\\\/\\\/fit360.ee\\\/en\\\/pood\\\/product-groups\\\/superfoods-health-foods-en\\\/nac-en\\\/nac-180tab\\\/\"]}]},{\"@type\":\"ImageObject\",\"inLanguage\":\"en-US\",\"@id\":\"https:\\\/\\\/fit360.ee\\\/en\\\/pood\\\/product-groups\\\/superfoods-health-foods-en\\\/nac-en\\\/nac-180tab\\\/#primaryimage\",\"url\":\"https:\\\/\\\/fit360.ee\\\/wp-content\\\/uploads\\\/2024\\\/06\\\/nac-tabletid-real-pharm-fit360.ee_.jpg\",\"contentUrl\":\"https:\\\/\\\/fit360.ee\\\/wp-content\\\/uploads\\\/2024\\\/06\\\/nac-tabletid-real-pharm-fit360.ee_.jpg\",\"width\":800,\"height\":800,\"caption\":\"nac tabletid real pharm - fit360.ee\"},{\"@type\":\"BreadcrumbList\",\"@id\":\"https:\\\/\\\/fit360.ee\\\/en\\\/pood\\\/product-groups\\\/superfoods-health-foods-en\\\/nac-en\\\/nac-180tab\\\/#breadcrumb\",\"itemListElement\":[{\"@type\":\"ListItem\",\"position\":1,\"name\":\"Home\",\"item\":\"https:\\\/\\\/fit360.ee\\\/en\\\/\"},{\"@type\":\"ListItem\",\"position\":2,\"name\":\"Shop\",\"item\":\"https:\\\/\\\/fit360.ee\\\/en\\\/shop\\\/\"},{\"@type\":\"ListItem\",\"position\":3,\"name\":\"NAC (180tab)\"}]},{\"@type\":\"WebSite\",\"@id\":\"https:\\\/\\\/fit360.ee\\\/en\\\/#website\",\"url\":\"https:\\\/\\\/fit360.ee\\\/en\\\/\",\"name\":\"Fit360\",\"description\":\"\",\"publisher\":{\"@id\":\"https:\\\/\\\/fit360.ee\\\/en\\\/#organization\"},\"potentialAction\":[{\"@type\":\"SearchAction\",\"target\":{\"@type\":\"EntryPoint\",\"urlTemplate\":\"https:\\\/\\\/fit360.ee\\\/en\\\/?s={search_term_string}\"},\"query-input\":{\"@type\":\"PropertyValueSpecification\",\"valueRequired\":true,\"valueName\":\"search_term_string\"}}],\"inLanguage\":\"en-US\"},{\"@type\":\"Organization\",\"@id\":\"https:\\\/\\\/fit360.ee\\\/en\\\/#organization\",\"name\":\"Fit360\",\"url\":\"https:\\\/\\\/fit360.ee\\\/en\\\/\",\"logo\":{\"@type\":\"ImageObject\",\"inLanguage\":\"en-US\",\"@id\":\"https:\\\/\\\/fit360.ee\\\/en\\\/#\\\/schema\\\/logo\\\/image\\\/\",\"url\":\"https:\\\/\\\/fit360.ee\\\/wp-content\\\/uploads\\\/2017\\\/01\\\/logo-fit360.png\",\"contentUrl\":\"https:\\\/\\\/fit360.ee\\\/wp-content\\\/uploads\\\/2017\\\/01\\\/logo-fit360.png\",\"width\":180,\"height\":66,\"caption\":\"Fit360\"},\"image\":{\"@id\":\"https:\\\/\\\/fit360.ee\\\/en\\\/#\\\/schema\\\/logo\\\/image\\\/\"}}]}<\/script>\n<!-- \/ Yoast SEO plugin. -->","yoast_head_json":{"title":"NAC (180tab) - N-Atset\u00fc\u00fclts\u00fcsteiin - Kiire Tarne - Fit360","description":"NAC ehk N-atset\u00fc\u00fcl-L-ts\u00fcsteiin on aminohappe L-ts\u00fcsteiini stabiilsem vorm ja see on k\u00f5ige t\u00f5husam viis glutatiooni taseme t\u00f5stmiseks kehas.","robots":{"index":"index","follow":"follow","max-snippet":"max-snippet:-1","max-image-preview":"max-image-preview:large","max-video-preview":"max-video-preview:-1"},"canonical":"https:\/\/fit360.ee\/en\/pood\/product-groups\/superfoods-health-foods-en\/nac-en\/nac-180tab\/","og_locale":"en_US","og_type":"article","og_title":"NAC (180tab) - N-Atset\u00fc\u00fclts\u00fcsteiin - Kiire Tarne - Fit360","og_description":"NAC ehk N-atset\u00fc\u00fcl-L-ts\u00fcsteiin on aminohappe L-ts\u00fcsteiini stabiilsem vorm ja see on k\u00f5ige t\u00f5husam viis glutatiooni taseme t\u00f5stmiseks kehas.","og_url":"https:\/\/fit360.ee\/en\/pood\/product-groups\/superfoods-health-foods-en\/nac-en\/nac-180tab\/","og_site_name":"Fit360","article_modified_time":"2025-08-13T05:38:54+00:00","og_image":[{"width":800,"height":800,"url":"https:\/\/fit360.ee\/wp-content\/uploads\/2024\/06\/nac-tabletid-real-pharm-fit360.ee_.jpg","type":"image\/jpeg"}],"twitter_card":"summary_large_image","twitter_misc":{"Est. reading time":"3 minutes"},"schema":{"@context":"https:\/\/schema.org","@graph":[{"@type":"WebPage","@id":"https:\/\/fit360.ee\/en\/pood\/product-groups\/superfoods-health-foods-en\/nac-en\/nac-180tab\/","url":"https:\/\/fit360.ee\/en\/pood\/product-groups\/superfoods-health-foods-en\/nac-en\/nac-180tab\/","name":"NAC (180tab) - N-Atset\u00fc\u00fclts\u00fcsteiin - Kiire Tarne - Fit360","isPartOf":{"@id":"https:\/\/fit360.ee\/en\/#website"},"primaryImageOfPage":{"@id":"https:\/\/fit360.ee\/en\/pood\/product-groups\/superfoods-health-foods-en\/nac-en\/nac-180tab\/#primaryimage"},"image":{"@id":"https:\/\/fit360.ee\/en\/pood\/product-groups\/superfoods-health-foods-en\/nac-en\/nac-180tab\/#primaryimage"},"thumbnailUrl":"https:\/\/fit360.ee\/wp-content\/uploads\/2024\/06\/nac-tabletid-real-pharm-fit360.ee_.jpg","datePublished":"2024-06-07T08:32:04+00:00","dateModified":"2025-08-13T05:38:54+00:00","description":"NAC ehk N-atset\u00fc\u00fcl-L-ts\u00fcsteiin on aminohappe L-ts\u00fcsteiini stabiilsem vorm ja see on k\u00f5ige t\u00f5husam viis glutatiooni taseme t\u00f5stmiseks kehas.","breadcrumb":{"@id":"https:\/\/fit360.ee\/en\/pood\/product-groups\/superfoods-health-foods-en\/nac-en\/nac-180tab\/#breadcrumb"},"inLanguage":"en-US","potentialAction":[{"@type":"ReadAction","target":["https:\/\/fit360.ee\/en\/pood\/product-groups\/superfoods-health-foods-en\/nac-en\/nac-180tab\/"]}]},{"@type":"ImageObject","inLanguage":"en-US","@id":"https:\/\/fit360.ee\/en\/pood\/product-groups\/superfoods-health-foods-en\/nac-en\/nac-180tab\/#primaryimage","url":"https:\/\/fit360.ee\/wp-content\/uploads\/2024\/06\/nac-tabletid-real-pharm-fit360.ee_.jpg","contentUrl":"https:\/\/fit360.ee\/wp-content\/uploads\/2024\/06\/nac-tabletid-real-pharm-fit360.ee_.jpg","width":800,"height":800,"caption":"nac tabletid real pharm - fit360.ee"},{"@type":"BreadcrumbList","@id":"https:\/\/fit360.ee\/en\/pood\/product-groups\/superfoods-health-foods-en\/nac-en\/nac-180tab\/#breadcrumb","itemListElement":[{"@type":"ListItem","position":1,"name":"Home","item":"https:\/\/fit360.ee\/en\/"},{"@type":"ListItem","position":2,"name":"Shop","item":"https:\/\/fit360.ee\/en\/shop\/"},{"@type":"ListItem","position":3,"name":"NAC (180tab)"}]},{"@type":"WebSite","@id":"https:\/\/fit360.ee\/en\/#website","url":"https:\/\/fit360.ee\/en\/","name":"Fit360","description":"","publisher":{"@id":"https:\/\/fit360.ee\/en\/#organization"},"potentialAction":[{"@type":"SearchAction","target":{"@type":"EntryPoint","urlTemplate":"https:\/\/fit360.ee\/en\/?s={search_term_string}"},"query-input":{"@type":"PropertyValueSpecification","valueRequired":true,"valueName":"search_term_string"}}],"inLanguage":"en-US"},{"@type":"Organization","@id":"https:\/\/fit360.ee\/en\/#organization","name":"Fit360","url":"https:\/\/fit360.ee\/en\/","logo":{"@type":"ImageObject","inLanguage":"en-US","@id":"https:\/\/fit360.ee\/en\/#\/schema\/logo\/image\/","url":"https:\/\/fit360.ee\/wp-content\/uploads\/2017\/01\/logo-fit360.png","contentUrl":"https:\/\/fit360.ee\/wp-content\/uploads\/2017\/01\/logo-fit360.png","width":180,"height":66,"caption":"Fit360"},"image":{"@id":"https:\/\/fit360.ee\/en\/#\/schema\/logo\/image\/"}}]}},"_links":{"self":[{"href":"https:\/\/fit360.ee\/en\/wp-json\/wp\/v2\/product\/80624","targetHints":{"allow":["GET"]}}],"collection":[{"href":"https:\/\/fit360.ee\/en\/wp-json\/wp\/v2\/product"}],"about":[{"href":"https:\/\/fit360.ee\/en\/wp-json\/wp\/v2\/types\/product"}],"replies":[{"embeddable":true,"href":"https:\/\/fit360.ee\/en\/wp-json\/wp\/v2\/comments?post=80624"}],"wp:featuredmedia":[{"embeddable":true,"href":"https:\/\/fit360.ee\/en\/wp-json\/wp\/v2\/media\/80623"}],"wp:attachment":[{"href":"https:\/\/fit360.ee\/en\/wp-json\/wp\/v2\/media?parent=80624"}],"wp:term":[{"taxonomy":"product_brand","embeddable":true,"href":"https:\/\/fit360.ee\/en\/wp-json\/wp\/v2\/product_brand?post=80624"},{"taxonomy":"product_cat","embeddable":true,"href":"https:\/\/fit360.ee\/en\/wp-json\/wp\/v2\/product_cat?post=80624"},{"taxonomy":"product_tag","embeddable":true,"href":"https:\/\/fit360.ee\/en\/wp-json\/wp\/v2\/product_tag?post=80624"},{"taxonomy":"giftcard-category","embeddable":true,"href":"https:\/\/fit360.ee\/en\/wp-json\/wp\/v2\/giftcard-category?post=80624"}],"curies":[{"name":"wp","href":"https:\/\/api.w.org\/{rel}","templated":true}]}}