{"id":80705,"date":"2024-06-21T11:14:22","date_gmt":"2024-06-21T09:14:22","guid":{"rendered":"https:\/\/fit360.ee\/pood\/uncategorized\/mg-b6-90tabs\/"},"modified":"2026-04-09T14:27:27","modified_gmt":"2026-04-09T12:27:27","slug":"mg-b6-90tabs","status":"publish","type":"product","link":"https:\/\/fit360.ee\/en\/pood\/product-groups\/vitamins-and-minerals-en\/magnesium-en\/mg-b6-90tabs\/","title":{"rendered":"MG + B6 (90tabs)"},"content":{"rendered":"<h2><strong>Mg + B6<\/strong><\/h2>\n<p>OstroVit Mg + B6 on kvaliteetne toidulisand, mis sisaldab magneesiumi h\u00e4sti imenduvas magneesiumtsitraadi ja vitamiini B6 vormis. See on preparaat, mis on saadaval kergesti neelatavate tablettidena, mis on m\u00f5eldud sportlastele ja inimestele, keda iseloomustab suurenenud n\u00f5udlus v\u00e4\u00e4rtuslike koostisosade j\u00e4rele.<\/p>\n<ul class=\"cm__list\">\n<li><strong>Magneesiumi ja B6-vitamiini allikas<\/strong>\u00a0\u2013 \u00fcks toidulisandi portsjon annab organismile 375 mg magneesiumi h\u00e4sti imenduvas magneesiumtsitraadi vormis ja 5 mg B6-vitamiini.<\/li>\n<li><strong>1 portsjon = 3 tabletti<\/strong>\u00a0.<\/li>\n<li><strong>Performance<\/strong>\u00a0&#8211; tootepakend sisaldab 30 portsjonit.<\/li>\n<li><strong>Mugav vorm<\/strong>\u00a0\u2013 preparaat on saadaval kergesti neelatavate tablettidena toidulisandi t\u00f5rgeteta tarnimiseks.<\/li>\n<\/ul>\n<h4 class=\"cm__heading\"><strong>OstroVit Mg + B6 &#8211; v\u00e4\u00e4rtuslike mikroelementide allikas<\/strong><\/h4>\n<p class=\"cm__text\"><strong><a href=\"https:\/\/fit360.ee\/en\/product-category\/product-groups\/vitamins-and-minerals-en\/magnesium-en\/\">Magneesium<\/a> \u2013<\/strong>\u00a0keemiline element s\u00fcmboliga Mg. See on mineraal, mida leidub organismis m\u00e4rkimisv\u00e4\u00e4rsetes kogustes ja mis on seet\u00f5ttu klassifitseeritud makrotoitaineteks. Inimorganismis ladestub \u00fchend peamiselt luudes ja lihastes. T\u00e4istera teravilja, seemneid ja p\u00e4hkleid peetakse magneesiumi allikateks.<\/p>\n<p class=\"cm__text\"><strong>Vitamiin B6<\/strong>\u00a0p\u00fcridoksiin \u2013 B-vitamiinide hulka kuuluv vees lahustuv komponent, mida tuleb s\u00fcsteemi tarnida v\u00e4ljastpoolt, kuna organism ei ole v\u00f5imeline seda ise s\u00fcnteesima. \u00dchendit leidub peamiselt t\u00e4istera teraviljatoodetes, aga ka rupsis ja kaunviljades ning toidulisandites.<\/p>\n<h4 class=\"cm__heading\"><strong>OstroVit Mg + B6 koostisainete omadused<\/strong><\/h4>\n<p><strong>Magneesium<\/strong>\u00a0aitab v\u00e4hendada v\u00e4simus- ja v\u00e4simustunnet ning aitab s\u00e4ilitada elektrol\u00fc\u00fctide tasakaalu. Samuti toetab see n\u00e4rvis\u00fcsteemi talitlust ja osaleb tervisliku energiavahetuse s\u00e4ilitamisel. Magneesium soodustab ka lihaste n\u00f5uetekohast toimimist ning aitab s\u00e4ilitada terveid luid ja hambaid. Lisaks m\u00e4ngib see rolli rakkude jagunemise protsessis ja aitab kaasa optimaalsete ps\u00fchholoogiliste funktsioonide s\u00e4ilitamisele.<\/p>\n<p><strong>B6-vitamiin<\/strong>\u00a0aitab s\u00e4ilitada normaalset energiavahetust ning soodustab ka n\u00e4rvis\u00fcsteemi n\u00f5uetekohast talitlust. See on \u00fchend, mis osaleb optimaalse valkude ja gl\u00fckogeeni metabolismi s\u00e4ilitamises ning lisaks aitab kaasa punaste vereliblede \u00f5igele tootmisele ning v\u00e4hendab v\u00e4simus- ja v\u00e4simustunnet. \u00dchend aitab kaasa ka tervislikule ts\u00fcsteiini s\u00fcnteesile ja toetab homots\u00fcsteiini \u00f5ige metabolismi s\u00e4ilitamist ning aitab kaasa immuuns\u00fcsteemi optimaalsele toimimisele.<\/p>\n<p><strong>Koostisosad<\/strong>: Sidrunhapete magneesiumisoolad (magneesium), mahuaine: mikrokristalne tselluloos; t\u00e4rklis, paakumisvastased ained: rasvhapete magneesiumisoolad, r\u00e4nidioksiid; p\u00fcridoksiinvesinikkloriid (vit. B6).<\/p>\n<p>Toode v\u00f5ib sisaldada piima (sh laktoosi), soja, maap\u00e4hkleid, muid p\u00e4hkleid, seesamiseemneid, gluteeni sisaldavaid teravilju, mune, v\u00e4hilaadseid, kala.<\/p>\n<p><strong>Kasutamine<\/strong>: Tarbi 1 portsjon (3 tabletti) p\u00e4evas enne magamaminekut.<\/p>\n<p><strong>Suurus<\/strong>: 90 tabletti &#8211; 30 serveeringut.<\/p>\n<table>\n<tbody>\n<tr>\n<th>Aktiivsed koostisosad<\/th>\n<th>Portsjoni jaoks<\/th>\n<th>% SPK*<\/th>\n<\/tr>\n<tr>\n<td>Magneesium alates<\/td>\n<td>\u00a0375 mg<\/td>\n<td>100<\/td>\n<\/tr>\n<tr>\n<td>Vitamiin B6<\/td>\n<td>\u00a05 mg<\/td>\n<td>357<\/td>\n<\/tr>\n<\/tbody>\n<\/table>\n<p>*SPK \u2013 Soovitatud P\u00e4evane Kogus<\/p>\n<p>Vaata ka meie teisi Magneesiume <a href=\"https:\/\/fit360.ee\/en\/product-category\/product-groups\/vitamins-and-minerals-en\/magnesium-en\/\"><strong>SIIT<\/strong><\/a> v\u00f5i Vitamiine\/Mineraale <a href=\"https:\/\/fit360.ee\/en\/product-category\/product-groups\/vitamins-and-minerals-en\/\"><strong>SIIT<\/strong><\/a>!<\/p>\n<p>Soovid kaupa osta suuremas koguses? Vaata antud toodet ka meie HULGI poest\u00a0<a href=\"https:\/\/toidulisandidhulgi.ee\/tooted\/mg-b6-90tabs\/\"><strong>SIIT<\/strong><\/a>!<\/p>\n","protected":false},"excerpt":{"rendered":"<ul>\n<li>Mugav vorm<\/li>\n<li>V\u00e4hemalt 30 p\u00e4eva varu<\/li>\n<li>Suur magneesiumi sisaldus<\/li>\n<\/ul>\n","protected":false},"featured_media":80702,"comment_status":"open","ping_status":"closed","template":"","meta":[],"product_brand":[],"product_cat":[1915,1329,536],"product_tag":[2190,1894,4927,1924],"giftcard-category":[],"class_list":{"0":"post-80705","1":"product","2":"type-product","3":"status-publish","4":"has-post-thumbnail","6":"product_cat-magnesium-en","7":"product_cat-ostrovit-en","8":"product_cat-vitamins-and-minerals-en","9":"product_tag-magneesium-en","10":"product_tag-magneesium-b6-en","11":"product_tag-mg-b6-en","12":"product_tag-ostrovit-en","13":"pa_kogus-90-tablets","14":"pa_toidulisand-branddd-ostrovit","15":"pa_tootegruppp-magneesium-en","16":"pa_tootegruppp-vitamins-and-minerals","18":"first","19":"instock","20":"sale","21":"taxable","22":"shipping-taxable","23":"purchasable","24":"product-type-simple"},"yoast_head":"<!-- This site is optimized with the Yoast SEO plugin v27.3 - https:\/\/yoast.com\/product\/yoast-seo-wordpress\/ -->\n<title>MG + B6 (90tabs) - Magneesiumi tabletid - T\u00f5hus Toime - Kiire Tarne - Fit360<\/title>\n<meta name=\"description\" content=\"Mg + B6 on kvaliteetne toidulisand, mis sisaldab magneesiumi h\u00e4sti imenduvas magneesiumtsitraadi ja vitamiini B6 vormis. See on preparaat, mis on saadaval..\" \/>\n<meta name=\"robots\" content=\"index, follow, max-snippet:-1, max-image-preview:large, max-video-preview:-1\" \/>\n<link rel=\"canonical\" href=\"https:\/\/fit360.ee\/en\/pood\/product-groups\/vitamins-and-minerals-en\/magnesium-en\/mg-b6-90tabs\/\" \/>\n<meta property=\"og:locale\" content=\"en_US\" \/>\n<meta property=\"og:type\" content=\"article\" \/>\n<meta property=\"og:title\" content=\"MG + B6 (90tabs) - Magneesiumi tabletid - T\u00f5hus Toime - Kiire Tarne - Fit360\" \/>\n<meta property=\"og:description\" content=\"Mg + B6 on kvaliteetne toidulisand, mis sisaldab magneesiumi h\u00e4sti imenduvas magneesiumtsitraadi ja vitamiini B6 vormis. See on preparaat, mis on saadaval..\" \/>\n<meta property=\"og:url\" content=\"https:\/\/fit360.ee\/en\/pood\/product-groups\/vitamins-and-minerals-en\/magnesium-en\/mg-b6-90tabs\/\" \/>\n<meta property=\"og:site_name\" content=\"Fit360\" \/>\n<meta property=\"article:modified_time\" content=\"2026-04-09T12:27:27+00:00\" \/>\n<meta property=\"og:image\" content=\"https:\/\/fit360.ee\/wp-content\/uploads\/2024\/06\/mg-b6-fit360.ee-1.png\" \/>\n\t<meta property=\"og:image:width\" content=\"450\" \/>\n\t<meta property=\"og:image:height\" content=\"450\" \/>\n\t<meta property=\"og:image:type\" content=\"image\/png\" \/>\n<meta name=\"twitter:card\" content=\"summary_large_image\" \/>\n<meta name=\"twitter:label1\" content=\"Est. reading time\" \/>\n\t<meta name=\"twitter:data1\" content=\"3 minutes\" \/>\n<script type=\"application\/ld+json\" class=\"yoast-schema-graph\">{\"@context\":\"https:\\\/\\\/schema.org\",\"@graph\":[{\"@type\":\"WebPage\",\"@id\":\"https:\\\/\\\/fit360.ee\\\/en\\\/pood\\\/product-groups\\\/vitamins-and-minerals-en\\\/magnesium-en\\\/mg-b6-90tabs\\\/\",\"url\":\"https:\\\/\\\/fit360.ee\\\/en\\\/pood\\\/product-groups\\\/vitamins-and-minerals-en\\\/magnesium-en\\\/mg-b6-90tabs\\\/\",\"name\":\"MG + B6 (90tabs) - Magneesiumi tabletid - T\u00f5hus Toime - Kiire Tarne - Fit360\",\"isPartOf\":{\"@id\":\"https:\\\/\\\/fit360.ee\\\/en\\\/#website\"},\"primaryImageOfPage\":{\"@id\":\"https:\\\/\\\/fit360.ee\\\/en\\\/pood\\\/product-groups\\\/vitamins-and-minerals-en\\\/magnesium-en\\\/mg-b6-90tabs\\\/#primaryimage\"},\"image\":{\"@id\":\"https:\\\/\\\/fit360.ee\\\/en\\\/pood\\\/product-groups\\\/vitamins-and-minerals-en\\\/magnesium-en\\\/mg-b6-90tabs\\\/#primaryimage\"},\"thumbnailUrl\":\"https:\\\/\\\/fit360.ee\\\/wp-content\\\/uploads\\\/2024\\\/06\\\/mg-b6-fit360.ee-1.png\",\"datePublished\":\"2024-06-21T09:14:22+00:00\",\"dateModified\":\"2026-04-09T12:27:27+00:00\",\"description\":\"Mg + B6 on kvaliteetne toidulisand, mis sisaldab magneesiumi h\u00e4sti imenduvas magneesiumtsitraadi ja vitamiini B6 vormis. See on preparaat, mis on saadaval..\",\"breadcrumb\":{\"@id\":\"https:\\\/\\\/fit360.ee\\\/en\\\/pood\\\/product-groups\\\/vitamins-and-minerals-en\\\/magnesium-en\\\/mg-b6-90tabs\\\/#breadcrumb\"},\"inLanguage\":\"en-US\",\"potentialAction\":[{\"@type\":\"ReadAction\",\"target\":[\"https:\\\/\\\/fit360.ee\\\/en\\\/pood\\\/product-groups\\\/vitamins-and-minerals-en\\\/magnesium-en\\\/mg-b6-90tabs\\\/\"]}]},{\"@type\":\"ImageObject\",\"inLanguage\":\"en-US\",\"@id\":\"https:\\\/\\\/fit360.ee\\\/en\\\/pood\\\/product-groups\\\/vitamins-and-minerals-en\\\/magnesium-en\\\/mg-b6-90tabs\\\/#primaryimage\",\"url\":\"https:\\\/\\\/fit360.ee\\\/wp-content\\\/uploads\\\/2024\\\/06\\\/mg-b6-fit360.ee-1.png\",\"contentUrl\":\"https:\\\/\\\/fit360.ee\\\/wp-content\\\/uploads\\\/2024\\\/06\\\/mg-b6-fit360.ee-1.png\",\"width\":450,\"height\":450,\"caption\":\"mg + b6 - fit360.ee\"},{\"@type\":\"BreadcrumbList\",\"@id\":\"https:\\\/\\\/fit360.ee\\\/en\\\/pood\\\/product-groups\\\/vitamins-and-minerals-en\\\/magnesium-en\\\/mg-b6-90tabs\\\/#breadcrumb\",\"itemListElement\":[{\"@type\":\"ListItem\",\"position\":1,\"name\":\"Home\",\"item\":\"https:\\\/\\\/fit360.ee\\\/en\\\/\"},{\"@type\":\"ListItem\",\"position\":2,\"name\":\"Shop\",\"item\":\"https:\\\/\\\/fit360.ee\\\/en\\\/shop\\\/\"},{\"@type\":\"ListItem\",\"position\":3,\"name\":\"MG + B6 (90tabs)\"}]},{\"@type\":\"WebSite\",\"@id\":\"https:\\\/\\\/fit360.ee\\\/en\\\/#website\",\"url\":\"https:\\\/\\\/fit360.ee\\\/en\\\/\",\"name\":\"Fit360\",\"description\":\"\",\"publisher\":{\"@id\":\"https:\\\/\\\/fit360.ee\\\/en\\\/#organization\"},\"potentialAction\":[{\"@type\":\"SearchAction\",\"target\":{\"@type\":\"EntryPoint\",\"urlTemplate\":\"https:\\\/\\\/fit360.ee\\\/en\\\/?s={search_term_string}\"},\"query-input\":{\"@type\":\"PropertyValueSpecification\",\"valueRequired\":true,\"valueName\":\"search_term_string\"}}],\"inLanguage\":\"en-US\"},{\"@type\":\"Organization\",\"@id\":\"https:\\\/\\\/fit360.ee\\\/en\\\/#organization\",\"name\":\"Fit360\",\"url\":\"https:\\\/\\\/fit360.ee\\\/en\\\/\",\"logo\":{\"@type\":\"ImageObject\",\"inLanguage\":\"en-US\",\"@id\":\"https:\\\/\\\/fit360.ee\\\/en\\\/#\\\/schema\\\/logo\\\/image\\\/\",\"url\":\"https:\\\/\\\/fit360.ee\\\/wp-content\\\/uploads\\\/2017\\\/01\\\/logo-fit360.png\",\"contentUrl\":\"https:\\\/\\\/fit360.ee\\\/wp-content\\\/uploads\\\/2017\\\/01\\\/logo-fit360.png\",\"width\":180,\"height\":66,\"caption\":\"Fit360\"},\"image\":{\"@id\":\"https:\\\/\\\/fit360.ee\\\/en\\\/#\\\/schema\\\/logo\\\/image\\\/\"}}]}<\/script>\n<!-- \/ Yoast SEO plugin. -->","yoast_head_json":{"title":"MG + B6 (90tabs) - Magneesiumi tabletid - T\u00f5hus Toime - Kiire Tarne - Fit360","description":"Mg + B6 on kvaliteetne toidulisand, mis sisaldab magneesiumi h\u00e4sti imenduvas magneesiumtsitraadi ja vitamiini B6 vormis. See on preparaat, mis on saadaval..","robots":{"index":"index","follow":"follow","max-snippet":"max-snippet:-1","max-image-preview":"max-image-preview:large","max-video-preview":"max-video-preview:-1"},"canonical":"https:\/\/fit360.ee\/en\/pood\/product-groups\/vitamins-and-minerals-en\/magnesium-en\/mg-b6-90tabs\/","og_locale":"en_US","og_type":"article","og_title":"MG + B6 (90tabs) - Magneesiumi tabletid - T\u00f5hus Toime - Kiire Tarne - Fit360","og_description":"Mg + B6 on kvaliteetne toidulisand, mis sisaldab magneesiumi h\u00e4sti imenduvas magneesiumtsitraadi ja vitamiini B6 vormis. See on preparaat, mis on saadaval..","og_url":"https:\/\/fit360.ee\/en\/pood\/product-groups\/vitamins-and-minerals-en\/magnesium-en\/mg-b6-90tabs\/","og_site_name":"Fit360","article_modified_time":"2026-04-09T12:27:27+00:00","og_image":[{"width":450,"height":450,"url":"https:\/\/fit360.ee\/wp-content\/uploads\/2024\/06\/mg-b6-fit360.ee-1.png","type":"image\/png"}],"twitter_card":"summary_large_image","twitter_misc":{"Est. reading time":"3 minutes"},"schema":{"@context":"https:\/\/schema.org","@graph":[{"@type":"WebPage","@id":"https:\/\/fit360.ee\/en\/pood\/product-groups\/vitamins-and-minerals-en\/magnesium-en\/mg-b6-90tabs\/","url":"https:\/\/fit360.ee\/en\/pood\/product-groups\/vitamins-and-minerals-en\/magnesium-en\/mg-b6-90tabs\/","name":"MG + B6 (90tabs) - Magneesiumi tabletid - T\u00f5hus Toime - Kiire Tarne - Fit360","isPartOf":{"@id":"https:\/\/fit360.ee\/en\/#website"},"primaryImageOfPage":{"@id":"https:\/\/fit360.ee\/en\/pood\/product-groups\/vitamins-and-minerals-en\/magnesium-en\/mg-b6-90tabs\/#primaryimage"},"image":{"@id":"https:\/\/fit360.ee\/en\/pood\/product-groups\/vitamins-and-minerals-en\/magnesium-en\/mg-b6-90tabs\/#primaryimage"},"thumbnailUrl":"https:\/\/fit360.ee\/wp-content\/uploads\/2024\/06\/mg-b6-fit360.ee-1.png","datePublished":"2024-06-21T09:14:22+00:00","dateModified":"2026-04-09T12:27:27+00:00","description":"Mg + B6 on kvaliteetne toidulisand, mis sisaldab magneesiumi h\u00e4sti imenduvas magneesiumtsitraadi ja vitamiini B6 vormis. See on preparaat, mis on saadaval..","breadcrumb":{"@id":"https:\/\/fit360.ee\/en\/pood\/product-groups\/vitamins-and-minerals-en\/magnesium-en\/mg-b6-90tabs\/#breadcrumb"},"inLanguage":"en-US","potentialAction":[{"@type":"ReadAction","target":["https:\/\/fit360.ee\/en\/pood\/product-groups\/vitamins-and-minerals-en\/magnesium-en\/mg-b6-90tabs\/"]}]},{"@type":"ImageObject","inLanguage":"en-US","@id":"https:\/\/fit360.ee\/en\/pood\/product-groups\/vitamins-and-minerals-en\/magnesium-en\/mg-b6-90tabs\/#primaryimage","url":"https:\/\/fit360.ee\/wp-content\/uploads\/2024\/06\/mg-b6-fit360.ee-1.png","contentUrl":"https:\/\/fit360.ee\/wp-content\/uploads\/2024\/06\/mg-b6-fit360.ee-1.png","width":450,"height":450,"caption":"mg + b6 - fit360.ee"},{"@type":"BreadcrumbList","@id":"https:\/\/fit360.ee\/en\/pood\/product-groups\/vitamins-and-minerals-en\/magnesium-en\/mg-b6-90tabs\/#breadcrumb","itemListElement":[{"@type":"ListItem","position":1,"name":"Home","item":"https:\/\/fit360.ee\/en\/"},{"@type":"ListItem","position":2,"name":"Shop","item":"https:\/\/fit360.ee\/en\/shop\/"},{"@type":"ListItem","position":3,"name":"MG + B6 (90tabs)"}]},{"@type":"WebSite","@id":"https:\/\/fit360.ee\/en\/#website","url":"https:\/\/fit360.ee\/en\/","name":"Fit360","description":"","publisher":{"@id":"https:\/\/fit360.ee\/en\/#organization"},"potentialAction":[{"@type":"SearchAction","target":{"@type":"EntryPoint","urlTemplate":"https:\/\/fit360.ee\/en\/?s={search_term_string}"},"query-input":{"@type":"PropertyValueSpecification","valueRequired":true,"valueName":"search_term_string"}}],"inLanguage":"en-US"},{"@type":"Organization","@id":"https:\/\/fit360.ee\/en\/#organization","name":"Fit360","url":"https:\/\/fit360.ee\/en\/","logo":{"@type":"ImageObject","inLanguage":"en-US","@id":"https:\/\/fit360.ee\/en\/#\/schema\/logo\/image\/","url":"https:\/\/fit360.ee\/wp-content\/uploads\/2017\/01\/logo-fit360.png","contentUrl":"https:\/\/fit360.ee\/wp-content\/uploads\/2017\/01\/logo-fit360.png","width":180,"height":66,"caption":"Fit360"},"image":{"@id":"https:\/\/fit360.ee\/en\/#\/schema\/logo\/image\/"}}]}},"_links":{"self":[{"href":"https:\/\/fit360.ee\/en\/wp-json\/wp\/v2\/product\/80705","targetHints":{"allow":["GET"]}}],"collection":[{"href":"https:\/\/fit360.ee\/en\/wp-json\/wp\/v2\/product"}],"about":[{"href":"https:\/\/fit360.ee\/en\/wp-json\/wp\/v2\/types\/product"}],"replies":[{"embeddable":true,"href":"https:\/\/fit360.ee\/en\/wp-json\/wp\/v2\/comments?post=80705"}],"wp:featuredmedia":[{"embeddable":true,"href":"https:\/\/fit360.ee\/en\/wp-json\/wp\/v2\/media\/80702"}],"wp:attachment":[{"href":"https:\/\/fit360.ee\/en\/wp-json\/wp\/v2\/media?parent=80705"}],"wp:term":[{"taxonomy":"product_brand","embeddable":true,"href":"https:\/\/fit360.ee\/en\/wp-json\/wp\/v2\/product_brand?post=80705"},{"taxonomy":"product_cat","embeddable":true,"href":"https:\/\/fit360.ee\/en\/wp-json\/wp\/v2\/product_cat?post=80705"},{"taxonomy":"product_tag","embeddable":true,"href":"https:\/\/fit360.ee\/en\/wp-json\/wp\/v2\/product_tag?post=80705"},{"taxonomy":"giftcard-category","embeddable":true,"href":"https:\/\/fit360.ee\/en\/wp-json\/wp\/v2\/giftcard-category?post=80705"}],"curies":[{"name":"wp","href":"https:\/\/api.w.org\/{rel}","templated":true}]}}