{"id":80713,"date":"2024-06-21T11:14:23","date_gmt":"2024-06-21T09:14:23","guid":{"rendered":"https:\/\/fit360.ee\/pood\/uncategorized\/cream-of-rice-1000g\/"},"modified":"2025-09-16T17:41:59","modified_gmt":"2025-09-16T15:41:59","slug":"cream-of-rice-1000g","status":"publish","type":"product","link":"https:\/\/fit360.ee\/en\/pood\/product-groups\/energy-carbohydrates\/cream-of-rice-1000g\/","title":{"rendered":"Cream of Rice (1000g)"},"content":{"rendered":"<h2><strong>Cream of Rice<\/strong><\/h2>\n<p>OstroVit Cream of Rice on riisipudru sari, n\u00fc\u00fcd ka naturaalse maitsega. Meie uus toode v\u00f5imaldab teil kiiresti ja lihtsalt t\u00e4iendada oma toidus sobivat s\u00fcsivesikute taset. Puder loodi eelk\u00f5ige inimestele, kes otsivad ideed maitsvaks vahepalaks p\u00e4rast treeningut. OstroVit loodusliku maitsega riisikreem sobib veganitele ja sisaldab ainult looduslikult esinevaid suhkruid.<\/p>\n<h4 class=\"cm__heading\"><strong>Miks tasub riisipudru s\u00fc\u00fca?<\/strong><\/h4>\n<p class=\"cm__text --bold\">Riisipuder on k\u00f5rge s\u00fcsivesikute sisaldusega maitsev ja toitev suupiste. Selle peamine koostisosa on riisijahu, mis on rikas <a href=\"https:\/\/fit360.ee\/en\/product-category\/product-groups\/vitamins-and-minerals-en\/b-vitamin-en\/\"><strong>B-vitamiinide<\/strong><\/a> ja mineraalide, nagu <a href=\"https:\/\/fit360.ee\/en\/product-category\/product-groups\/vitamins-and-minerals-en\/magnesium-en\/\"><strong>magneesium<\/strong><\/a>, <a href=\"https:\/\/fit360.ee\/en\/product-category\/product-groups\/vitamins-and-minerals-en\/zinc-en\/\"><strong>tsink<\/strong><\/a> ja <a href=\"https:\/\/fit360.ee\/en\/product-category\/product-groups\/vitamins-and-minerals-en\/iron-en\/\"><strong>raud<\/strong><\/a>, poolest. Meie uut t\u00fc\u00fcpi naturaalse maitsega pudrule ei ole lisatud k\u00fclmkuivatatud puuvilju.<\/p>\n<p class=\"cm__text\">OstroVit Cream of Rice on ideaalne viis lihaste v\u00e4simuse vastu v\u00f5itlemiseks p\u00e4rast treeningut. Puderis sisalduvad s\u00fcsivesikud taastavad normaalsed lihaskontraktsioonid, toetades seega nende taastumist. Valige meie riisipuder, kui:<\/p>\n<ul class=\"cm__list\">\n<li>sa ei tea, mida p\u00e4rast treeningut s\u00fc\u00fca<\/li>\n<li>otsite kiiresti valmivat ja toitvat suupistet<\/li>\n<li>olete gluteenivabal dieedil<\/li>\n<li>piirate suhkru kogust oma toidukordades<\/li>\n<\/ul>\n<p class=\"cm__text\">Kui otsite sooja toitainerikast suupistet, mille saate h\u00f5lpsalt m\u00f5ne sekundiga valmistada, meeldib OstroVit Cream of Rice teile kindlasti. \u00dcks tootepakend sisaldab koguni 25 soovitatud portsjonit riisipudrust.<\/p>\n<h4 class=\"cm__text\"><strong>Riisipudru omadused<\/strong>:<\/h4>\n<ul class=\"cm__list\">\n<li><strong>K\u00d5RGE S\u00dcSIVESIKUTE SISALDUS<\/strong>\u00a0\u2013 Kuna toote \u00fcks portsjon sisaldab koguni 31 grammi s\u00fcsivesikuid, sobib OstroVit riisipudrukreem k\u00f5igile f\u00fc\u00fcsiliselt aktiivsetele inimestele. Toote tarbimine p\u00e4rast treeningut soodustab gl\u00fckogeenivarude taastamist.<\/li>\n<li><strong>VEGAN- JA GLUTEENIVA TOODE<\/strong>\u00a0&#8211; OstroVit Cream of Rice on lihtsa koostisega toode, mis ei sisalda loomset p\u00e4ritolu koostisosi. T\u00e4nu sellele sobib see h\u00e4sti veganitele ja taimetoitlastele. Pealegi on riisijahu gluteenivaba, seega v\u00f5ivad toodet kasutada inimesed, kellel on selle koostisaine talumatus.<\/li>\n<li><strong>UNIVERSAALNE <\/strong>\u2013 saate valmistada riisipuderit k\u00f5ikjal, kus on juurdep\u00e4\u00e4s kuumale veele. Saate seda s\u00fc\u00fca kodus, t\u00f6\u00f6l v\u00f5i teel \u2013 meie suupiste valmistamine v\u00f5tab aega.<\/li>\n<\/ul>\n<p><strong>Kootisosad naturaalne<\/strong>: Riisijahu 100%.<\/p>\n<p><strong>Koostisosad \u00f5una maitselises riisipudrus<\/strong>: Riisijahu 97%, k\u00fclmkuivatatud \u00f5un 1,9%, aroom, magusained: sukraloos, atsesulfaam K.<\/p>\n<p><strong>Koostisosad vaarika maitselises riisipudrus<\/strong>: Riisijahu 98,77%, l\u00f5hna- ja maitseaine, magusained: sukraloos, atsesulfaam K.<\/p>\n<p><strong>Kasutamine<\/strong>: Lahustage \u00fcks portsjon 40 g (4 lusikat\u00e4it) 200 ml keevas vees. Kasutage vastavalt oma vajadustele.<\/p>\n<p><strong>Suurus<\/strong>: 1000g &#8211; 25 serveeringut.<\/p>\n<section class=\"projector__description--nutritional row\" data-selector=\".--nutritional\">\n<div class=\"col-12 col-md-10 col-lg-8\">\n<div class=\"--nutrit\">\n<div class=\"nutrition_table_wrapper\">\n<div class=\"table_wrapper\">\n<table>\n<tbody>\n<tr>\n<th>Toitev\u00e4\u00e4rtus*<\/th>\n<th>portsjoni kohta<\/th>\n<th>100 g kohta<\/th>\n<\/tr>\n<tr>\n<td>Energia<\/td>\n<td>549 kJ \/ 140 kcal<\/td>\n<td>1485 kJ \/ 350 kcal<\/td>\n<\/tr>\n<tr>\n<td>Rasvad<\/td>\n<td>0,2 g<\/td>\n<td>0,6 g<\/td>\n<\/tr>\n<tr class=\"sub\">\n<td>&#8211; <em>millest<\/em> k\u00fcllastunud rasvhapped<\/td>\n<td>0 g<\/td>\n<td>0,1 g<\/td>\n<\/tr>\n<tr>\n<td>S\u00fcsivesikud<\/td>\n<td>31 g<\/td>\n<td>78 g<\/td>\n<\/tr>\n<tr class=\"sub\">\n<td>&#8211; <em>millest<\/em> suhkrud<\/td>\n<td>0,2 g<\/td>\n<td>0,5 g<\/td>\n<\/tr>\n<tr>\n<td>Valgud<\/td>\n<td>3,0 g<\/td>\n<td>7,4 g<\/td>\n<\/tr>\n<tr>\n<td>Sool<\/td>\n<td>0 g<\/td>\n<td>0,01 g<\/td>\n<\/tr>\n<\/tbody>\n<\/table>\n<\/div>\n<\/div>\n<\/div>\n<\/div>\n<\/section>\n<section class=\"projector__comments comments row\" data-selector=\".--comments\">\n<div><\/div>\n<div class=\"--label col-12\">*Toitev\u00e4\u00e4rtused on naturaalse maitse kohta. Teiste maitsete t\u00e4psemaks tabeliks kirjutage: info@fit360.ee<\/div>\n<\/section>\n<div><\/div>\n<div>Vaata ka meie Teisi S\u00fcsiveikuid <a href=\"https:\/\/fit360.ee\/en\/product-category\/product-groups\/energy-carbohydrates\/\"><strong>SIIT<\/strong><\/a>!<\/div>\n<div><\/div>\n<div>Soovid kaupa osta suuremas koguses? Vaata antud toodet ka meie HULGI poest\u00a0<a href=\"https:\/\/toidulisandidhulgi.ee\/tooted\/cream-of-rice-1000g\/\"><strong>SIIT<\/strong><\/a>!<\/div>\n","protected":false},"excerpt":{"rendered":"<p>Riisipuder on k\u00f5rge s\u00fcsivesikute sisaldusega maitsev ja toitev suupiste. Selle peamine koostisosa on riisijahu, mis on rikas <strong>B-vitamiinide<\/strong> ja mineraalide, nagu <strong>magneesium<\/strong>, <strong>tsink<\/strong> ja <strong>raud<\/strong>, poolest.<\/p>\n","protected":false},"featured_media":80708,"comment_status":"open","ping_status":"closed","template":"","meta":[],"product_brand":[],"product_cat":[522,1329,1454],"product_tag":[4925,1924,3557],"giftcard-category":[],"class_list":{"0":"post-80713","1":"product","2":"type-product","3":"status-publish","4":"has-post-thumbnail","6":"product_cat-energy-carbohydrates","7":"product_cat-ostrovit-en","8":"product_cat-superfoods-health-foods-en","9":"product_tag-cream-of-rice-en","10":"product_tag-ostrovit-en","11":"product_tag-riisipuder-en","12":"pa_maitse-apple","13":"pa_maitse-natural","14":"pa_maitse-raspberry","15":"pa_maitse-vanilje-kiivi-en","17":"first","18":"instock","19":"sale","20":"taxable","21":"shipping-taxable","22":"purchasable","23":"product-type-variable"},"yoast_head":"<!-- This site is optimized with the Yoast SEO plugin v27.3 - https:\/\/yoast.com\/product\/yoast-seo-wordpress\/ -->\n<title>Cream of Rice (1000g) - Riisipuder - Olemas ka maitsega variandid - Fit360<\/title>\n<meta name=\"description\" content=\"Cream of Rice on riisipudru sari, n\u00fc\u00fcd ka naturaalse maitsega. Meie uus toode v\u00f5imaldab teil kiiresti ja lihtsalt t\u00e4iendada oma toidus sobivat s\u00fcsivesikut..\" \/>\n<meta name=\"robots\" content=\"index, follow, max-snippet:-1, max-image-preview:large, max-video-preview:-1\" \/>\n<link rel=\"canonical\" href=\"https:\/\/fit360.ee\/en\/pood\/product-groups\/energy-carbohydrates\/cream-of-rice-1000g\/\" \/>\n<meta property=\"og:locale\" content=\"en_US\" \/>\n<meta property=\"og:type\" content=\"article\" \/>\n<meta property=\"og:title\" content=\"Cream of Rice (1000g) - Riisipuder - Olemas ka maitsega variandid - Fit360\" \/>\n<meta property=\"og:description\" content=\"Cream of Rice on riisipudru sari, n\u00fc\u00fcd ka naturaalse maitsega. Meie uus toode v\u00f5imaldab teil kiiresti ja lihtsalt t\u00e4iendada oma toidus sobivat s\u00fcsivesikut..\" \/>\n<meta property=\"og:url\" content=\"https:\/\/fit360.ee\/en\/pood\/product-groups\/energy-carbohydrates\/cream-of-rice-1000g\/\" \/>\n<meta property=\"og:site_name\" content=\"Fit360\" \/>\n<meta property=\"article:modified_time\" content=\"2025-09-16T15:41:59+00:00\" \/>\n<meta property=\"og:image\" content=\"https:\/\/fit360.ee\/wp-content\/uploads\/2024\/06\/cream-of-rice-fit360.ee-1.png\" \/>\n\t<meta property=\"og:image:width\" content=\"450\" \/>\n\t<meta property=\"og:image:height\" content=\"450\" \/>\n\t<meta property=\"og:image:type\" content=\"image\/png\" \/>\n<meta name=\"twitter:card\" content=\"summary_large_image\" \/>\n<meta name=\"twitter:label1\" content=\"Est. reading time\" \/>\n\t<meta name=\"twitter:data1\" content=\"3 minutes\" \/>\n<script type=\"application\/ld+json\" class=\"yoast-schema-graph\">{\"@context\":\"https:\\\/\\\/schema.org\",\"@graph\":[{\"@type\":\"WebPage\",\"@id\":\"https:\\\/\\\/fit360.ee\\\/en\\\/pood\\\/product-groups\\\/energy-carbohydrates\\\/cream-of-rice-1000g\\\/\",\"url\":\"https:\\\/\\\/fit360.ee\\\/en\\\/pood\\\/product-groups\\\/energy-carbohydrates\\\/cream-of-rice-1000g\\\/\",\"name\":\"Cream of Rice (1000g) - Riisipuder - Olemas ka maitsega variandid - Fit360\",\"isPartOf\":{\"@id\":\"https:\\\/\\\/fit360.ee\\\/en\\\/#website\"},\"primaryImageOfPage\":{\"@id\":\"https:\\\/\\\/fit360.ee\\\/en\\\/pood\\\/product-groups\\\/energy-carbohydrates\\\/cream-of-rice-1000g\\\/#primaryimage\"},\"image\":{\"@id\":\"https:\\\/\\\/fit360.ee\\\/en\\\/pood\\\/product-groups\\\/energy-carbohydrates\\\/cream-of-rice-1000g\\\/#primaryimage\"},\"thumbnailUrl\":\"https:\\\/\\\/fit360.ee\\\/wp-content\\\/uploads\\\/2024\\\/06\\\/cream-of-rice-fit360.ee-1.png\",\"datePublished\":\"2024-06-21T09:14:23+00:00\",\"dateModified\":\"2025-09-16T15:41:59+00:00\",\"description\":\"Cream of Rice on riisipudru sari, n\u00fc\u00fcd ka naturaalse maitsega. Meie uus toode v\u00f5imaldab teil kiiresti ja lihtsalt t\u00e4iendada oma toidus sobivat s\u00fcsivesikut..\",\"breadcrumb\":{\"@id\":\"https:\\\/\\\/fit360.ee\\\/en\\\/pood\\\/product-groups\\\/energy-carbohydrates\\\/cream-of-rice-1000g\\\/#breadcrumb\"},\"inLanguage\":\"en-US\",\"potentialAction\":[{\"@type\":\"ReadAction\",\"target\":[\"https:\\\/\\\/fit360.ee\\\/en\\\/pood\\\/product-groups\\\/energy-carbohydrates\\\/cream-of-rice-1000g\\\/\"]}]},{\"@type\":\"ImageObject\",\"inLanguage\":\"en-US\",\"@id\":\"https:\\\/\\\/fit360.ee\\\/en\\\/pood\\\/product-groups\\\/energy-carbohydrates\\\/cream-of-rice-1000g\\\/#primaryimage\",\"url\":\"https:\\\/\\\/fit360.ee\\\/wp-content\\\/uploads\\\/2024\\\/06\\\/cream-of-rice-fit360.ee-1.png\",\"contentUrl\":\"https:\\\/\\\/fit360.ee\\\/wp-content\\\/uploads\\\/2024\\\/06\\\/cream-of-rice-fit360.ee-1.png\",\"width\":450,\"height\":450,\"caption\":\"cream of rice - fit360.ee\"},{\"@type\":\"BreadcrumbList\",\"@id\":\"https:\\\/\\\/fit360.ee\\\/en\\\/pood\\\/product-groups\\\/energy-carbohydrates\\\/cream-of-rice-1000g\\\/#breadcrumb\",\"itemListElement\":[{\"@type\":\"ListItem\",\"position\":1,\"name\":\"Home\",\"item\":\"https:\\\/\\\/fit360.ee\\\/en\\\/\"},{\"@type\":\"ListItem\",\"position\":2,\"name\":\"Shop\",\"item\":\"https:\\\/\\\/fit360.ee\\\/en\\\/shop\\\/\"},{\"@type\":\"ListItem\",\"position\":3,\"name\":\"Cream of Rice (1000g)\"}]},{\"@type\":\"WebSite\",\"@id\":\"https:\\\/\\\/fit360.ee\\\/en\\\/#website\",\"url\":\"https:\\\/\\\/fit360.ee\\\/en\\\/\",\"name\":\"Fit360\",\"description\":\"\",\"publisher\":{\"@id\":\"https:\\\/\\\/fit360.ee\\\/en\\\/#organization\"},\"potentialAction\":[{\"@type\":\"SearchAction\",\"target\":{\"@type\":\"EntryPoint\",\"urlTemplate\":\"https:\\\/\\\/fit360.ee\\\/en\\\/?s={search_term_string}\"},\"query-input\":{\"@type\":\"PropertyValueSpecification\",\"valueRequired\":true,\"valueName\":\"search_term_string\"}}],\"inLanguage\":\"en-US\"},{\"@type\":\"Organization\",\"@id\":\"https:\\\/\\\/fit360.ee\\\/en\\\/#organization\",\"name\":\"Fit360\",\"url\":\"https:\\\/\\\/fit360.ee\\\/en\\\/\",\"logo\":{\"@type\":\"ImageObject\",\"inLanguage\":\"en-US\",\"@id\":\"https:\\\/\\\/fit360.ee\\\/en\\\/#\\\/schema\\\/logo\\\/image\\\/\",\"url\":\"https:\\\/\\\/fit360.ee\\\/wp-content\\\/uploads\\\/2017\\\/01\\\/logo-fit360.png\",\"contentUrl\":\"https:\\\/\\\/fit360.ee\\\/wp-content\\\/uploads\\\/2017\\\/01\\\/logo-fit360.png\",\"width\":180,\"height\":66,\"caption\":\"Fit360\"},\"image\":{\"@id\":\"https:\\\/\\\/fit360.ee\\\/en\\\/#\\\/schema\\\/logo\\\/image\\\/\"}}]}<\/script>\n<!-- \/ Yoast SEO plugin. -->","yoast_head_json":{"title":"Cream of Rice (1000g) - Riisipuder - Olemas ka maitsega variandid - Fit360","description":"Cream of Rice on riisipudru sari, n\u00fc\u00fcd ka naturaalse maitsega. Meie uus toode v\u00f5imaldab teil kiiresti ja lihtsalt t\u00e4iendada oma toidus sobivat s\u00fcsivesikut..","robots":{"index":"index","follow":"follow","max-snippet":"max-snippet:-1","max-image-preview":"max-image-preview:large","max-video-preview":"max-video-preview:-1"},"canonical":"https:\/\/fit360.ee\/en\/pood\/product-groups\/energy-carbohydrates\/cream-of-rice-1000g\/","og_locale":"en_US","og_type":"article","og_title":"Cream of Rice (1000g) - Riisipuder - Olemas ka maitsega variandid - Fit360","og_description":"Cream of Rice on riisipudru sari, n\u00fc\u00fcd ka naturaalse maitsega. Meie uus toode v\u00f5imaldab teil kiiresti ja lihtsalt t\u00e4iendada oma toidus sobivat s\u00fcsivesikut..","og_url":"https:\/\/fit360.ee\/en\/pood\/product-groups\/energy-carbohydrates\/cream-of-rice-1000g\/","og_site_name":"Fit360","article_modified_time":"2025-09-16T15:41:59+00:00","og_image":[{"width":450,"height":450,"url":"https:\/\/fit360.ee\/wp-content\/uploads\/2024\/06\/cream-of-rice-fit360.ee-1.png","type":"image\/png"}],"twitter_card":"summary_large_image","twitter_misc":{"Est. reading time":"3 minutes"},"schema":{"@context":"https:\/\/schema.org","@graph":[{"@type":"WebPage","@id":"https:\/\/fit360.ee\/en\/pood\/product-groups\/energy-carbohydrates\/cream-of-rice-1000g\/","url":"https:\/\/fit360.ee\/en\/pood\/product-groups\/energy-carbohydrates\/cream-of-rice-1000g\/","name":"Cream of Rice (1000g) - Riisipuder - Olemas ka maitsega variandid - Fit360","isPartOf":{"@id":"https:\/\/fit360.ee\/en\/#website"},"primaryImageOfPage":{"@id":"https:\/\/fit360.ee\/en\/pood\/product-groups\/energy-carbohydrates\/cream-of-rice-1000g\/#primaryimage"},"image":{"@id":"https:\/\/fit360.ee\/en\/pood\/product-groups\/energy-carbohydrates\/cream-of-rice-1000g\/#primaryimage"},"thumbnailUrl":"https:\/\/fit360.ee\/wp-content\/uploads\/2024\/06\/cream-of-rice-fit360.ee-1.png","datePublished":"2024-06-21T09:14:23+00:00","dateModified":"2025-09-16T15:41:59+00:00","description":"Cream of Rice on riisipudru sari, n\u00fc\u00fcd ka naturaalse maitsega. Meie uus toode v\u00f5imaldab teil kiiresti ja lihtsalt t\u00e4iendada oma toidus sobivat s\u00fcsivesikut..","breadcrumb":{"@id":"https:\/\/fit360.ee\/en\/pood\/product-groups\/energy-carbohydrates\/cream-of-rice-1000g\/#breadcrumb"},"inLanguage":"en-US","potentialAction":[{"@type":"ReadAction","target":["https:\/\/fit360.ee\/en\/pood\/product-groups\/energy-carbohydrates\/cream-of-rice-1000g\/"]}]},{"@type":"ImageObject","inLanguage":"en-US","@id":"https:\/\/fit360.ee\/en\/pood\/product-groups\/energy-carbohydrates\/cream-of-rice-1000g\/#primaryimage","url":"https:\/\/fit360.ee\/wp-content\/uploads\/2024\/06\/cream-of-rice-fit360.ee-1.png","contentUrl":"https:\/\/fit360.ee\/wp-content\/uploads\/2024\/06\/cream-of-rice-fit360.ee-1.png","width":450,"height":450,"caption":"cream of rice - fit360.ee"},{"@type":"BreadcrumbList","@id":"https:\/\/fit360.ee\/en\/pood\/product-groups\/energy-carbohydrates\/cream-of-rice-1000g\/#breadcrumb","itemListElement":[{"@type":"ListItem","position":1,"name":"Home","item":"https:\/\/fit360.ee\/en\/"},{"@type":"ListItem","position":2,"name":"Shop","item":"https:\/\/fit360.ee\/en\/shop\/"},{"@type":"ListItem","position":3,"name":"Cream of Rice (1000g)"}]},{"@type":"WebSite","@id":"https:\/\/fit360.ee\/en\/#website","url":"https:\/\/fit360.ee\/en\/","name":"Fit360","description":"","publisher":{"@id":"https:\/\/fit360.ee\/en\/#organization"},"potentialAction":[{"@type":"SearchAction","target":{"@type":"EntryPoint","urlTemplate":"https:\/\/fit360.ee\/en\/?s={search_term_string}"},"query-input":{"@type":"PropertyValueSpecification","valueRequired":true,"valueName":"search_term_string"}}],"inLanguage":"en-US"},{"@type":"Organization","@id":"https:\/\/fit360.ee\/en\/#organization","name":"Fit360","url":"https:\/\/fit360.ee\/en\/","logo":{"@type":"ImageObject","inLanguage":"en-US","@id":"https:\/\/fit360.ee\/en\/#\/schema\/logo\/image\/","url":"https:\/\/fit360.ee\/wp-content\/uploads\/2017\/01\/logo-fit360.png","contentUrl":"https:\/\/fit360.ee\/wp-content\/uploads\/2017\/01\/logo-fit360.png","width":180,"height":66,"caption":"Fit360"},"image":{"@id":"https:\/\/fit360.ee\/en\/#\/schema\/logo\/image\/"}}]}},"_links":{"self":[{"href":"https:\/\/fit360.ee\/en\/wp-json\/wp\/v2\/product\/80713","targetHints":{"allow":["GET"]}}],"collection":[{"href":"https:\/\/fit360.ee\/en\/wp-json\/wp\/v2\/product"}],"about":[{"href":"https:\/\/fit360.ee\/en\/wp-json\/wp\/v2\/types\/product"}],"replies":[{"embeddable":true,"href":"https:\/\/fit360.ee\/en\/wp-json\/wp\/v2\/comments?post=80713"}],"wp:featuredmedia":[{"embeddable":true,"href":"https:\/\/fit360.ee\/en\/wp-json\/wp\/v2\/media\/80708"}],"wp:attachment":[{"href":"https:\/\/fit360.ee\/en\/wp-json\/wp\/v2\/media?parent=80713"}],"wp:term":[{"taxonomy":"product_brand","embeddable":true,"href":"https:\/\/fit360.ee\/en\/wp-json\/wp\/v2\/product_brand?post=80713"},{"taxonomy":"product_cat","embeddable":true,"href":"https:\/\/fit360.ee\/en\/wp-json\/wp\/v2\/product_cat?post=80713"},{"taxonomy":"product_tag","embeddable":true,"href":"https:\/\/fit360.ee\/en\/wp-json\/wp\/v2\/product_tag?post=80713"},{"taxonomy":"giftcard-category","embeddable":true,"href":"https:\/\/fit360.ee\/en\/wp-json\/wp\/v2\/giftcard-category?post=80713"}],"curies":[{"name":"wp","href":"https:\/\/api.w.org\/{rel}","templated":true}]}}