{"id":80804,"date":"2024-06-27T12:29:29","date_gmt":"2024-06-27T10:29:29","guid":{"rendered":"https:\/\/fit360.ee\/pood\/uncategorized\/chia-seemned-800g\/"},"modified":"2026-02-27T15:16:02","modified_gmt":"2026-02-27T13:16:02","slug":"chia-seemned-800g","status":"publish","type":"product","link":"https:\/\/fit360.ee\/en\/pood\/product-groups\/superfoods-health-foods-en\/fiber-en\/chia-seemned-800g\/","title":{"rendered":"Chia seemned (800g)"},"content":{"rendered":"<h2><strong>Chia seemned<\/strong><\/h2>\n<p>Chia seemned on t\u00e4is kiudaineid, mis aitavad vajadusel kaalu langetada, nad hoiavad k\u00f5hu t\u00e4is ning aitavad kaasa seedimisele.<\/p>\n<p>Chia seemne \u00fcks erakordne omadus on veel v\u00f5ime siduda vett, seda isegi kuni 12 korda seemne kaalust moodustavad kallerdiselaadse olluse. See v\u00f5ime kindlustab pikemaajalise varustatuse vedelikega.<\/p>\n<p>Seega kui te lisate chia seemneid vedelikule, siis nad koheselt imavad endasse vedelikku ning hakkavad paisuma. See t\u00e4hendab seda, et chia seemnetel on lahustuv kiud, mis aga on suurep\u00e4rane, sest lahustuv kiud haarab endaga kehast kaasa \u00fcleliigse kolesterooli ning viib selle v\u00e4lja. Kuna kolesteroolitase organismis langeb, siis sellega seoses v\u00e4heneb nii s\u00fcdamehaiguste kui ka insulti haigestumiste oht.<\/p>\n<p>V\u00e4hendab veresuhkru k\u00f5ikumist ja toetab h\u00fcpokl\u00fckeemia ja diabeedi seisundeid. Chia lahustuv kiudaine avaldab stabiliseerivat m\u00f5ju veresuhkru tasemele, reguleerides keerukate s\u00fcsivesikute seedumist ja kehapoolset omastamist. See loob p\u00fcsiva, stabiilse veresuhkru taseme mis t\u00e4hendab samuti p\u00fcsivat, k\u00f5rget energiataset.<\/p>\n<p>Omega 3 rasvhapped on asendamatud rasvhapped, mis v\u00e4hendavad s\u00fcdamehaiguste riski ning trigl\u00fctseriide veres ning suurendavad ajupotentsiaali. Omega 3 rasvhapped on olulised seet\u00f5ttu, et meie keha vajab neid korralikult toimimiseks ning me ise ei suuda neid looduslikult toota. Paljud erinevad toidud pakuvad meile Omega 3 rasvhappeid, n\u00e4iteks l\u00f5he, samas chia seemnetes on Omega 3 rasvhappeid rohkem kui l\u00f5hes.<\/p>\n<p>Kaks lusikat\u00e4it Chia seemneid sisaldavad Omega-3 rasvhappeid sama palju kui pool kilo rasvast kala.<\/p>\n<p><a href=\"https:\/\/fit360.ee\/en\/product-category\/product-groups\/essential-fats-en\/omega-3-en\/\"><strong>Omega 3 rasvhapete<\/strong><\/a> puudus organismis on seotud depressiooni ning meeleolu k\u00f5ikumistega \u2026 seega kui tunnete end madalseisus, s\u00f6\u00f6ge chia seemneid ja teie enesetunne peaks m\u00f5ne aja m\u00f6\u00f6dudes paranema.<\/p>\n<p>Chia seemnetes on 64 % omega-3 ja 19% omega-6 rasvhappeid. V\u00f5rdluseks, linaseemnetes on need arvud vastavalt 58 % ja 15 %. Kahtlemata on nii chia- kui ka linaseemned suurep\u00e4rasd omega-3 allikad.<\/p>\n<p>Lisaks on Omega 3 rasvhapped kasulikud inimestele, kellel on artriit, kuna neil on ka p\u00f5letikuvastane toime.<\/p>\n<p>Chia tasakaalustatud p\u00f5hilised rasvad (Omega-3 and Omega-6) v\u00f5ivad m\u00e4rkimisv\u00e4\u00e4rselt aju v\u00f5imet t\u00f5sta ja parandada tuju (p\u00f5hilised rasvad on tuntud nende antidepressiivse toime t\u00f5ttu). P\u00f5hilised rasvad muudavad raku membraanid palju painduvamaks ja v\u00f5imaldavad palju efektiivsemat membraani toimet, kaasa arvatud paremat n\u00e4rviimpulsside \u00fclekannet ja rakkudesse toitainete transportimist. Terve n\u00e4rvis\u00fcsteem toetab palju t\u00f5husamat aju toimimist.<\/p>\n<p>Tegelikult on chias olevad p\u00f5hilised rasvad h\u00e4sti tuntud ajutegevuse parandamisele kaasaaitamise poolest.<\/p>\n<p>Chias on k\u00f5rgem mineraalainete sisaldus kui linaseemnetes &#8211; nad sisaldavad 631 milligrammi kaltsiumi ja 466 mg magneesiumi 100 grammi seemnete kohta (linaseemnetes on vastavalt 199 mg kaltsiumi ja 362 mg magneesiumi).<\/p>\n<p>Kui s\u00fc\u00fca p\u00e4evas \u00fcks supilusikat\u00e4is Chia seemneid, saab sellest 100 mg kaltsiumi ja 70 mg magneesiumi, mis on \u00fcsna arvestatav kogus.<\/p>\n<p>Nii chia- kui ka linaseemnetes on palju kiudaineid ning k\u00f5rge valgusisaldus. Chia seemned sisaldavad 20 % valke, mis on paljude teraviljadega v\u00f5rreldes palju k\u00f5rgem protsent. N\u00e4iteks riisis on ainult 7 % valke, kaerahelvestes aga 17 %.<\/p>\n<p>Erinevalt t\u00fc\u00fcpilistest teraviljavalkudest, ei sisalda chia valk gluteeni. Seep\u00e4rast on Chia ideaalseks toiduks neile, kel on \u00fclitundlikkus gluteeni suhtes, s\u00fcsivesikute talumatus, hypogl\u00fckeemia, ts\u00f6liaakia, Krohn\u2019i haigus, v\u00f5i neile, kes tahavad v\u00e4ltida tavalisi gluteeni sisaldavaid teravilju,nagu mais, oder ja nisu. (Veelgi enam, lihtsad s\u00fcsivesikud\u2014kaasa arvatud k\u00f5rge gluteenisisaldusega toidud\u2014seonduvad lihavuse ja k\u00f5rge veresuhkru ebastabiilsusega ja annavad \u00fcldiselt kehvapoolset toitainete tihedust). Chia on gluteenivaba, toitaineterikas alternatiiv teraviljavalkudele!<\/p>\n<p>Nad on ka ideaalne kiudainete, antioks\u00fcdantide, valgu, vitamiinide ja mineraalide allikas. N\u00e4iteks sisaldavad nad 100g kohta rohkem ja kergemini omastatavat kaltsiumi kui piim, neis on kolm korda rohkem rauda kui spinatis ja 15 korda rohkem magneesiumi kui brokkolis.<\/p>\n<p><strong>Koostisosad:<\/strong>\u00a0Naturaalsed chia seemned. P\u00e4ritoluriik Mehhiko, Pakitud Eestis. S\u00e4ilita kuivades tingimustes ja mitte otsese p\u00e4ikesevalguse k\u00e4es.<\/p>\n<div class=\"field field--name-field-block-title field--type-string field--label-hidden field--item\"><strong>Toitained 100g tootes:<\/strong><\/div>\n<div class=\"field field--name-body field--type-text-with-summary field--label-hidden field--item\">\n<table class=\"table table-bordered\">\n<thead>\n<tr>\n<td>\n<h5 class=\"text-align-right\">Energia<\/h5>\n<\/td>\n<td>\n<h5 class=\"text-align-right\">436kcal\/1825kJ<\/h5>\n<\/td>\n<\/tr>\n<tr>\n<td>\n<h5 class=\"text-align-right\">Proteiin<\/h5>\n<\/td>\n<td>\n<h5>20 g<\/h5>\n<\/td>\n<\/tr>\n<tr>\n<td>\n<h5 class=\"text-align-right\">S\u00fcsivesikud<\/h5>\n<h5 class=\"text-align-right\">\u00a0 \u00a0 \u00a0 \u00a0millest suhkrud<\/h5>\n<\/td>\n<td>\n<h5>2 g<\/h5>\n<h5>1 g<\/h5>\n<\/td>\n<\/tr>\n<tr>\n<td>\n<h5 class=\"text-align-right\">Kiudained<\/h5>\n<\/td>\n<td>\n<h5>37,9 g<\/h5>\n<\/td>\n<\/tr>\n<tr>\n<td>\n<h5 class=\"text-align-right\">Rasvad<\/h5>\n<h5 class=\"text-align-right\">\u00a0\u00a0 \u00a0 \u00a0 millest k\u00fcllastunud<\/h5>\n<\/td>\n<td>\n<h5>31 g<\/h5>\n<h5>3 g<\/h5>\n<\/td>\n<\/tr>\n<tr>\n<td>\n<h5 class=\"text-align-right\">Sool (ei ole eraldi lisatud)<\/h5>\n<\/td>\n<td>\n<h5>0,05 g<\/h5>\n<\/td>\n<\/tr>\n<\/thead>\n<\/table>\n<p><strong>Suurus<\/strong>: 800g<\/p>\n<p><a href=\"https:\/\/fit360.ee\/wp-content\/uploads\/2018\/03\/chiaseeds-1.jpg\"><img loading=\"lazy\" decoding=\"async\" class=\"alignnone size-medium wp-image-15915\" src=\"https:\/\/fit360.ee\/wp-content\/uploads\/2018\/03\/chiaseeds-1.jpg\" alt=\"\" width=\"800\" height=\"203\" srcset=\"https:\/\/fit360.ee\/wp-content\/uploads\/2018\/03\/chiaseeds-1.jpg 800w, https:\/\/fit360.ee\/wp-content\/uploads\/2018\/03\/chiaseeds-1-510x129.jpg 510w\" sizes=\"auto, (max-width: 800px) 100vw, 800px\" \/><\/a><\/p>\n<p>Vaata ka meie teisi SUPERTOITE <a href=\"https:\/\/fit360.ee\/en\/product-category\/product-groups\/superfoods-health-foods-en\/\"><strong>SIIT<\/strong><\/a>!<\/p>\n<p>Soovid kaupa osta suuremas koguses? Vaata antud toodet ka meie HULGI poest\u00a0<a href=\"https:\/\/toidulisandidhulgi.ee\/tooted\/chia-seemned-800g\/\"><strong>SIIT<\/strong><\/a>!<\/p>\n<\/div>\n","protected":false},"excerpt":{"rendered":"<ul>\n<li>Eesti parima hinnaga kvaliteetsed Chia seemned<\/li>\n<li>Naturaalne supertoit, milles rikkalikult kasulikke aineid<\/li>\n<li>Suur 800g kott parima hinnaga<\/li>\n<li>Sobib vegan ja taimetoitudesse<\/li>\n<li>K\u00f5rge kasulike omega-3 rasvhapete sisaldus.<\/li>\n<li>Rohkesti vitamiine ja mineraale ning antioks\u00fcdante.<\/li>\n<li>Kiirendavad ainevahetust ja on kasulikud s\u00fcdamele.<\/li>\n<li>Palju lihastele ja luudele kasulikke aineid (kaltsium, raud, magneesium jpm)<\/li>\n<\/ul>\n","protected":false},"featured_media":80803,"comment_status":"open","ping_status":"closed","template":"","meta":[],"product_brand":[],"product_cat":[525,2351,1318,2438,1454,1201],"product_tag":[4930,4931,1681],"giftcard-category":[],"class_list":{"0":"post-80804","1":"product","2":"type-product","3":"status-publish","4":"has-post-thumbnail","6":"product_cat-essential-fats-en","7":"product_cat-fiber-en","8":"product_cat-iconfit-en","9":"product_cat-omega-3-en","10":"product_cat-superfoods-health-foods-en","11":"product_cat-1201","12":"product_tag-chia-en","13":"product_tag-chia-seemned-en","14":"product_tag-iconfit-en","15":"pa_kogus-800g-en","16":"pa_toidulisand-branddd-iconfit","17":"pa_tootegruppp-kiudained-en","18":"pa_tootegruppp-omega-3-en","19":"pa_tootegruppp-supertoit-tervisetoit-en","20":"pa_tootegruppp-useful-fatty-acids","21":"pa_tootegruppp-vegan-en","23":"first","24":"instock","25":"sale","26":"taxable","27":"shipping-taxable","28":"purchasable","29":"product-type-simple"},"yoast_head":"<!-- This site is optimized with the Yoast SEO plugin v27.3 - https:\/\/yoast.com\/product\/yoast-seo-wordpress\/ -->\n<title>Chia seemned (800g) - Kiudained - Kasulikud rasvhapped - Kiire Tarne - Fit360<\/title>\n<meta name=\"description\" content=\"Chia seemned on t\u00e4is kiudaineid, mis aitavad vajadusel kaalu langetada, nad hoiavad k\u00f5hu t\u00e4is ning aitavad kaasa seedimisele. Parim Hind!\" \/>\n<meta name=\"robots\" content=\"index, follow, max-snippet:-1, max-image-preview:large, max-video-preview:-1\" \/>\n<link rel=\"canonical\" href=\"https:\/\/fit360.ee\/en\/pood\/product-groups\/superfoods-health-foods-en\/fiber-en\/chia-seemned-800g\/\" \/>\n<meta property=\"og:locale\" content=\"en_US\" \/>\n<meta property=\"og:type\" content=\"article\" \/>\n<meta property=\"og:title\" content=\"Chia seemned (800g) - Kiudained - Kasulikud rasvhapped - Kiire Tarne - Fit360\" \/>\n<meta property=\"og:description\" content=\"Chia seemned on t\u00e4is kiudaineid, mis aitavad vajadusel kaalu langetada, nad hoiavad k\u00f5hu t\u00e4is ning aitavad kaasa seedimisele. Parim Hind!\" \/>\n<meta property=\"og:url\" content=\"https:\/\/fit360.ee\/en\/pood\/product-groups\/superfoods-health-foods-en\/fiber-en\/chia-seemned-800g\/\" \/>\n<meta property=\"og:site_name\" content=\"Fit360\" \/>\n<meta property=\"article:modified_time\" content=\"2026-02-27T13:16:02+00:00\" \/>\n<meta property=\"og:image\" content=\"https:\/\/fit360.ee\/wp-content\/uploads\/2024\/06\/chia-seemned-fit360.ee_.webp\" \/>\n\t<meta property=\"og:image:width\" content=\"695\" \/>\n\t<meta property=\"og:image:height\" content=\"695\" \/>\n\t<meta property=\"og:image:type\" content=\"image\/webp\" \/>\n<meta name=\"twitter:card\" content=\"summary_large_image\" \/>\n<meta name=\"twitter:label1\" content=\"Est. reading time\" \/>\n\t<meta name=\"twitter:data1\" content=\"4 minutes\" \/>\n<script type=\"application\/ld+json\" class=\"yoast-schema-graph\">{\"@context\":\"https:\\\/\\\/schema.org\",\"@graph\":[{\"@type\":\"WebPage\",\"@id\":\"https:\\\/\\\/fit360.ee\\\/en\\\/pood\\\/product-groups\\\/superfoods-health-foods-en\\\/fiber-en\\\/chia-seemned-800g\\\/\",\"url\":\"https:\\\/\\\/fit360.ee\\\/en\\\/pood\\\/product-groups\\\/superfoods-health-foods-en\\\/fiber-en\\\/chia-seemned-800g\\\/\",\"name\":\"Chia seemned (800g) - Kiudained - Kasulikud rasvhapped - Kiire Tarne - Fit360\",\"isPartOf\":{\"@id\":\"https:\\\/\\\/fit360.ee\\\/en\\\/#website\"},\"primaryImageOfPage\":{\"@id\":\"https:\\\/\\\/fit360.ee\\\/en\\\/pood\\\/product-groups\\\/superfoods-health-foods-en\\\/fiber-en\\\/chia-seemned-800g\\\/#primaryimage\"},\"image\":{\"@id\":\"https:\\\/\\\/fit360.ee\\\/en\\\/pood\\\/product-groups\\\/superfoods-health-foods-en\\\/fiber-en\\\/chia-seemned-800g\\\/#primaryimage\"},\"thumbnailUrl\":\"https:\\\/\\\/fit360.ee\\\/wp-content\\\/uploads\\\/2024\\\/06\\\/chia-seemned-fit360.ee_.webp\",\"datePublished\":\"2024-06-27T10:29:29+00:00\",\"dateModified\":\"2026-02-27T13:16:02+00:00\",\"description\":\"Chia seemned on t\u00e4is kiudaineid, mis aitavad vajadusel kaalu langetada, nad hoiavad k\u00f5hu t\u00e4is ning aitavad kaasa seedimisele. Parim Hind!\",\"breadcrumb\":{\"@id\":\"https:\\\/\\\/fit360.ee\\\/en\\\/pood\\\/product-groups\\\/superfoods-health-foods-en\\\/fiber-en\\\/chia-seemned-800g\\\/#breadcrumb\"},\"inLanguage\":\"en-US\",\"potentialAction\":[{\"@type\":\"ReadAction\",\"target\":[\"https:\\\/\\\/fit360.ee\\\/en\\\/pood\\\/product-groups\\\/superfoods-health-foods-en\\\/fiber-en\\\/chia-seemned-800g\\\/\"]}]},{\"@type\":\"ImageObject\",\"inLanguage\":\"en-US\",\"@id\":\"https:\\\/\\\/fit360.ee\\\/en\\\/pood\\\/product-groups\\\/superfoods-health-foods-en\\\/fiber-en\\\/chia-seemned-800g\\\/#primaryimage\",\"url\":\"https:\\\/\\\/fit360.ee\\\/wp-content\\\/uploads\\\/2024\\\/06\\\/chia-seemned-fit360.ee_.webp\",\"contentUrl\":\"https:\\\/\\\/fit360.ee\\\/wp-content\\\/uploads\\\/2024\\\/06\\\/chia-seemned-fit360.ee_.webp\",\"width\":695,\"height\":695,\"caption\":\"chia seemned - fit360.ee\"},{\"@type\":\"BreadcrumbList\",\"@id\":\"https:\\\/\\\/fit360.ee\\\/en\\\/pood\\\/product-groups\\\/superfoods-health-foods-en\\\/fiber-en\\\/chia-seemned-800g\\\/#breadcrumb\",\"itemListElement\":[{\"@type\":\"ListItem\",\"position\":1,\"name\":\"Home\",\"item\":\"https:\\\/\\\/fit360.ee\\\/en\\\/\"},{\"@type\":\"ListItem\",\"position\":2,\"name\":\"Shop\",\"item\":\"https:\\\/\\\/fit360.ee\\\/en\\\/shop\\\/\"},{\"@type\":\"ListItem\",\"position\":3,\"name\":\"Chia seemned (800g)\"}]},{\"@type\":\"WebSite\",\"@id\":\"https:\\\/\\\/fit360.ee\\\/en\\\/#website\",\"url\":\"https:\\\/\\\/fit360.ee\\\/en\\\/\",\"name\":\"Fit360\",\"description\":\"\",\"publisher\":{\"@id\":\"https:\\\/\\\/fit360.ee\\\/en\\\/#organization\"},\"potentialAction\":[{\"@type\":\"SearchAction\",\"target\":{\"@type\":\"EntryPoint\",\"urlTemplate\":\"https:\\\/\\\/fit360.ee\\\/en\\\/?s={search_term_string}\"},\"query-input\":{\"@type\":\"PropertyValueSpecification\",\"valueRequired\":true,\"valueName\":\"search_term_string\"}}],\"inLanguage\":\"en-US\"},{\"@type\":\"Organization\",\"@id\":\"https:\\\/\\\/fit360.ee\\\/en\\\/#organization\",\"name\":\"Fit360\",\"url\":\"https:\\\/\\\/fit360.ee\\\/en\\\/\",\"logo\":{\"@type\":\"ImageObject\",\"inLanguage\":\"en-US\",\"@id\":\"https:\\\/\\\/fit360.ee\\\/en\\\/#\\\/schema\\\/logo\\\/image\\\/\",\"url\":\"https:\\\/\\\/fit360.ee\\\/wp-content\\\/uploads\\\/2017\\\/01\\\/logo-fit360.png\",\"contentUrl\":\"https:\\\/\\\/fit360.ee\\\/wp-content\\\/uploads\\\/2017\\\/01\\\/logo-fit360.png\",\"width\":180,\"height\":66,\"caption\":\"Fit360\"},\"image\":{\"@id\":\"https:\\\/\\\/fit360.ee\\\/en\\\/#\\\/schema\\\/logo\\\/image\\\/\"}}]}<\/script>\n<!-- \/ Yoast SEO plugin. -->","yoast_head_json":{"title":"Chia seemned (800g) - Kiudained - Kasulikud rasvhapped - Kiire Tarne - Fit360","description":"Chia seemned on t\u00e4is kiudaineid, mis aitavad vajadusel kaalu langetada, nad hoiavad k\u00f5hu t\u00e4is ning aitavad kaasa seedimisele. Parim Hind!","robots":{"index":"index","follow":"follow","max-snippet":"max-snippet:-1","max-image-preview":"max-image-preview:large","max-video-preview":"max-video-preview:-1"},"canonical":"https:\/\/fit360.ee\/en\/pood\/product-groups\/superfoods-health-foods-en\/fiber-en\/chia-seemned-800g\/","og_locale":"en_US","og_type":"article","og_title":"Chia seemned (800g) - Kiudained - Kasulikud rasvhapped - Kiire Tarne - Fit360","og_description":"Chia seemned on t\u00e4is kiudaineid, mis aitavad vajadusel kaalu langetada, nad hoiavad k\u00f5hu t\u00e4is ning aitavad kaasa seedimisele. Parim Hind!","og_url":"https:\/\/fit360.ee\/en\/pood\/product-groups\/superfoods-health-foods-en\/fiber-en\/chia-seemned-800g\/","og_site_name":"Fit360","article_modified_time":"2026-02-27T13:16:02+00:00","og_image":[{"width":695,"height":695,"url":"https:\/\/fit360.ee\/wp-content\/uploads\/2024\/06\/chia-seemned-fit360.ee_.webp","type":"image\/webp"}],"twitter_card":"summary_large_image","twitter_misc":{"Est. reading time":"4 minutes"},"schema":{"@context":"https:\/\/schema.org","@graph":[{"@type":"WebPage","@id":"https:\/\/fit360.ee\/en\/pood\/product-groups\/superfoods-health-foods-en\/fiber-en\/chia-seemned-800g\/","url":"https:\/\/fit360.ee\/en\/pood\/product-groups\/superfoods-health-foods-en\/fiber-en\/chia-seemned-800g\/","name":"Chia seemned (800g) - Kiudained - Kasulikud rasvhapped - Kiire Tarne - Fit360","isPartOf":{"@id":"https:\/\/fit360.ee\/en\/#website"},"primaryImageOfPage":{"@id":"https:\/\/fit360.ee\/en\/pood\/product-groups\/superfoods-health-foods-en\/fiber-en\/chia-seemned-800g\/#primaryimage"},"image":{"@id":"https:\/\/fit360.ee\/en\/pood\/product-groups\/superfoods-health-foods-en\/fiber-en\/chia-seemned-800g\/#primaryimage"},"thumbnailUrl":"https:\/\/fit360.ee\/wp-content\/uploads\/2024\/06\/chia-seemned-fit360.ee_.webp","datePublished":"2024-06-27T10:29:29+00:00","dateModified":"2026-02-27T13:16:02+00:00","description":"Chia seemned on t\u00e4is kiudaineid, mis aitavad vajadusel kaalu langetada, nad hoiavad k\u00f5hu t\u00e4is ning aitavad kaasa seedimisele. Parim Hind!","breadcrumb":{"@id":"https:\/\/fit360.ee\/en\/pood\/product-groups\/superfoods-health-foods-en\/fiber-en\/chia-seemned-800g\/#breadcrumb"},"inLanguage":"en-US","potentialAction":[{"@type":"ReadAction","target":["https:\/\/fit360.ee\/en\/pood\/product-groups\/superfoods-health-foods-en\/fiber-en\/chia-seemned-800g\/"]}]},{"@type":"ImageObject","inLanguage":"en-US","@id":"https:\/\/fit360.ee\/en\/pood\/product-groups\/superfoods-health-foods-en\/fiber-en\/chia-seemned-800g\/#primaryimage","url":"https:\/\/fit360.ee\/wp-content\/uploads\/2024\/06\/chia-seemned-fit360.ee_.webp","contentUrl":"https:\/\/fit360.ee\/wp-content\/uploads\/2024\/06\/chia-seemned-fit360.ee_.webp","width":695,"height":695,"caption":"chia seemned - fit360.ee"},{"@type":"BreadcrumbList","@id":"https:\/\/fit360.ee\/en\/pood\/product-groups\/superfoods-health-foods-en\/fiber-en\/chia-seemned-800g\/#breadcrumb","itemListElement":[{"@type":"ListItem","position":1,"name":"Home","item":"https:\/\/fit360.ee\/en\/"},{"@type":"ListItem","position":2,"name":"Shop","item":"https:\/\/fit360.ee\/en\/shop\/"},{"@type":"ListItem","position":3,"name":"Chia seemned (800g)"}]},{"@type":"WebSite","@id":"https:\/\/fit360.ee\/en\/#website","url":"https:\/\/fit360.ee\/en\/","name":"Fit360","description":"","publisher":{"@id":"https:\/\/fit360.ee\/en\/#organization"},"potentialAction":[{"@type":"SearchAction","target":{"@type":"EntryPoint","urlTemplate":"https:\/\/fit360.ee\/en\/?s={search_term_string}"},"query-input":{"@type":"PropertyValueSpecification","valueRequired":true,"valueName":"search_term_string"}}],"inLanguage":"en-US"},{"@type":"Organization","@id":"https:\/\/fit360.ee\/en\/#organization","name":"Fit360","url":"https:\/\/fit360.ee\/en\/","logo":{"@type":"ImageObject","inLanguage":"en-US","@id":"https:\/\/fit360.ee\/en\/#\/schema\/logo\/image\/","url":"https:\/\/fit360.ee\/wp-content\/uploads\/2017\/01\/logo-fit360.png","contentUrl":"https:\/\/fit360.ee\/wp-content\/uploads\/2017\/01\/logo-fit360.png","width":180,"height":66,"caption":"Fit360"},"image":{"@id":"https:\/\/fit360.ee\/en\/#\/schema\/logo\/image\/"}}]}},"_links":{"self":[{"href":"https:\/\/fit360.ee\/en\/wp-json\/wp\/v2\/product\/80804","targetHints":{"allow":["GET"]}}],"collection":[{"href":"https:\/\/fit360.ee\/en\/wp-json\/wp\/v2\/product"}],"about":[{"href":"https:\/\/fit360.ee\/en\/wp-json\/wp\/v2\/types\/product"}],"replies":[{"embeddable":true,"href":"https:\/\/fit360.ee\/en\/wp-json\/wp\/v2\/comments?post=80804"}],"wp:featuredmedia":[{"embeddable":true,"href":"https:\/\/fit360.ee\/en\/wp-json\/wp\/v2\/media\/80803"}],"wp:attachment":[{"href":"https:\/\/fit360.ee\/en\/wp-json\/wp\/v2\/media?parent=80804"}],"wp:term":[{"taxonomy":"product_brand","embeddable":true,"href":"https:\/\/fit360.ee\/en\/wp-json\/wp\/v2\/product_brand?post=80804"},{"taxonomy":"product_cat","embeddable":true,"href":"https:\/\/fit360.ee\/en\/wp-json\/wp\/v2\/product_cat?post=80804"},{"taxonomy":"product_tag","embeddable":true,"href":"https:\/\/fit360.ee\/en\/wp-json\/wp\/v2\/product_tag?post=80804"},{"taxonomy":"giftcard-category","embeddable":true,"href":"https:\/\/fit360.ee\/en\/wp-json\/wp\/v2\/giftcard-category?post=80804"}],"curies":[{"name":"wp","href":"https:\/\/api.w.org\/{rel}","templated":true}]}}