{"id":80923,"date":"2024-07-02T09:14:26","date_gmt":"2024-07-02T07:14:26","guid":{"rendered":"https:\/\/fit360.ee\/pood\/uncategorized\/alpha-beast-smelling-salts-stronger\/"},"modified":"2026-04-09T16:57:09","modified_gmt":"2026-04-09T14:57:09","slug":"alpha-beast-smelling-salts-stronger","status":"publish","type":"product","link":"https:\/\/fit360.ee\/en\/pood\/training-equipment-en\/other-products-en\/alpha-beast-smelling-salts-stronger\/","title":{"rendered":"Alpha Beast Smelling Salts &#8211; Stronger"},"content":{"rendered":"<h2><strong>Smelling Salts\u00a0<\/strong><\/h2>\n<p>Smelling Salts on k\u00f5rgeima tasemega abimees uute rekordite purustamisel. K\u00f5rge ammoniaagi sisaldus aitab Teil h\u00e4sti ennast k\u00e4ima t\u00f5mmata.<\/p>\n<p>Meie tugevama l\u00f5hnaga soolad on meie keskmise taseme valem, kuid\u00a0<strong>\u00e4rge<\/strong>\u00a0laske end eksitada arvates, et see pole eriti tugev toode! Iga\u00fcks\u00a0peaks alustama meie\u00a0tugeva l\u00f5hnaga sooladest,\u00a0et hinnata oma taluvust ja seej\u00e4rel liikuda selle tugevama toote juurde, kui ta on enesekindel.<\/p>\n<p>Pikaealisuse pikendamiseks keerake kaas kohe p\u00e4rast kasutamist tagasi.<\/p>\n<p><strong>Hoida temperatuuril 8 kuni 20 kraadi Celsiuse j\u00e4rgi.<\/strong><\/p>\n<p><strong>Olge ettevaatlik, toode on V\u00c4GA TUGEVA TOIMEGA. KASUTAGE SUURE HOOLSUSEGA!<\/strong><\/p>\n<p>Pange t\u00e4hele &#8211; ammoniaak v\u00f5ib m\u00f5nikord pudelist aeglaselt v\u00e4lja imbuda, see ei ole p\u00f5hjust muretsemiseks ja on oluline, et pudel oleks valmistatud nii, et v\u00e4ltida \u00fcler\u00f5hu tekkimist mahuti sees. Arvestage seda nende ladustamiskoha valimisel ja hoidke neid alati p\u00fcstises asendis.<\/p>\n<p>Vaata ka meie Teisi Treeningvarustuse tooteid <a href=\"https:\/\/fit360.ee\/en\/product-category\/training-equipment-en\/\"><strong>SIIT<\/strong><\/a>!<\/p>\n<p>Soovid teha suuremat tellimust? Vaata antud toodet meie HULGI lehelt\u00a0<a href=\"https:\/\/toidulisandidhulgi.ee\/tooted\/alpha-beast-smelling-salts-stronger\/\"><strong>SIIT<\/strong><\/a>!<\/p>\n","protected":false},"excerpt":{"rendered":"<p><strong>Olge ettevaatlik, toode on V\u00c4GA TUGEVA TOIMEGA. KASUTAGE SUURE HOOLSUSEGA!<\/strong><\/p>\n","protected":false},"featured_media":80922,"comment_status":"open","ping_status":"closed","template":"","meta":[],"product_brand":[],"product_cat":[1204,538],"product_tag":[4949,4950,4951],"giftcard-category":[],"class_list":{"0":"post-80923","1":"product","2":"type-product","3":"status-publish","4":"has-post-thumbnail","6":"product_cat-other-products-en","7":"product_cat-training-equipment-en","8":"product_tag-alpha-designs-en","9":"product_tag-lohnasool-en","10":"product_tag-smelling-salts-en","11":"pa_brand-fit360-ee-en","12":"pa_varustus-muu-en","13":"pa_varustus-muud-en","15":"first","16":"outofstock","17":"sale","18":"taxable","19":"shipping-taxable","20":"purchasable","21":"product-type-simple"},"yoast_head":"<!-- This site is optimized with the Yoast SEO plugin v27.3 - https:\/\/yoast.com\/product\/yoast-seo-wordpress\/ -->\n<title>Alpha Beast Smelling Salts - Stronger - \u00dclitugev Toime - Kiire Tarne - Fit360<\/title>\n<meta name=\"description\" content=\"Smelling Salts on k\u00f5rgeima tasemega abimees uute rekordite purustamisel. K\u00f5rge ammoniaagi sisaldus aitab Teil h\u00e4sti ennast k\u00e4ima t\u00f5mmata. HOIATUS - TOODE ..\" \/>\n<meta name=\"robots\" content=\"index, follow, max-snippet:-1, max-image-preview:large, max-video-preview:-1\" \/>\n<link rel=\"canonical\" href=\"https:\/\/fit360.ee\/en\/pood\/training-equipment-en\/other-products-en\/alpha-beast-smelling-salts-stronger\/\" \/>\n<meta property=\"og:locale\" content=\"en_US\" \/>\n<meta property=\"og:type\" content=\"article\" \/>\n<meta property=\"og:title\" content=\"Alpha Beast Smelling Salts - Stronger - \u00dclitugev Toime - Kiire Tarne - Fit360\" \/>\n<meta property=\"og:description\" content=\"Smelling Salts on k\u00f5rgeima tasemega abimees uute rekordite purustamisel. K\u00f5rge ammoniaagi sisaldus aitab Teil h\u00e4sti ennast k\u00e4ima t\u00f5mmata. HOIATUS - TOODE ..\" \/>\n<meta property=\"og:url\" content=\"https:\/\/fit360.ee\/en\/pood\/training-equipment-en\/other-products-en\/alpha-beast-smelling-salts-stronger\/\" \/>\n<meta property=\"og:site_name\" content=\"Fit360\" \/>\n<meta property=\"article:modified_time\" content=\"2026-04-09T14:57:09+00:00\" \/>\n<meta property=\"og:image\" content=\"https:\/\/fit360.ee\/wp-content\/uploads\/2024\/07\/smelling-salts-fit360.ee_.jpg\" \/>\n\t<meta property=\"og:image:width\" content=\"2000\" \/>\n\t<meta property=\"og:image:height\" content=\"2000\" \/>\n\t<meta property=\"og:image:type\" content=\"image\/jpeg\" \/>\n<meta name=\"twitter:card\" content=\"summary_large_image\" \/>\n<meta name=\"twitter:label1\" content=\"Est. reading time\" \/>\n\t<meta name=\"twitter:data1\" content=\"2 minutes\" \/>\n<script type=\"application\/ld+json\" class=\"yoast-schema-graph\">{\"@context\":\"https:\\\/\\\/schema.org\",\"@graph\":[{\"@type\":\"WebPage\",\"@id\":\"https:\\\/\\\/fit360.ee\\\/en\\\/pood\\\/training-equipment-en\\\/other-products-en\\\/alpha-beast-smelling-salts-stronger\\\/\",\"url\":\"https:\\\/\\\/fit360.ee\\\/en\\\/pood\\\/training-equipment-en\\\/other-products-en\\\/alpha-beast-smelling-salts-stronger\\\/\",\"name\":\"Alpha Beast Smelling Salts - Stronger - \u00dclitugev Toime - Kiire Tarne - Fit360\",\"isPartOf\":{\"@id\":\"https:\\\/\\\/fit360.ee\\\/en\\\/#website\"},\"primaryImageOfPage\":{\"@id\":\"https:\\\/\\\/fit360.ee\\\/en\\\/pood\\\/training-equipment-en\\\/other-products-en\\\/alpha-beast-smelling-salts-stronger\\\/#primaryimage\"},\"image\":{\"@id\":\"https:\\\/\\\/fit360.ee\\\/en\\\/pood\\\/training-equipment-en\\\/other-products-en\\\/alpha-beast-smelling-salts-stronger\\\/#primaryimage\"},\"thumbnailUrl\":\"https:\\\/\\\/fit360.ee\\\/wp-content\\\/uploads\\\/2024\\\/07\\\/smelling-salts-fit360.ee_.jpg\",\"datePublished\":\"2024-07-02T07:14:26+00:00\",\"dateModified\":\"2026-04-09T14:57:09+00:00\",\"description\":\"Smelling Salts on k\u00f5rgeima tasemega abimees uute rekordite purustamisel. K\u00f5rge ammoniaagi sisaldus aitab Teil h\u00e4sti ennast k\u00e4ima t\u00f5mmata. HOIATUS - TOODE ..\",\"breadcrumb\":{\"@id\":\"https:\\\/\\\/fit360.ee\\\/en\\\/pood\\\/training-equipment-en\\\/other-products-en\\\/alpha-beast-smelling-salts-stronger\\\/#breadcrumb\"},\"inLanguage\":\"en-US\",\"potentialAction\":[{\"@type\":\"ReadAction\",\"target\":[\"https:\\\/\\\/fit360.ee\\\/en\\\/pood\\\/training-equipment-en\\\/other-products-en\\\/alpha-beast-smelling-salts-stronger\\\/\"]}]},{\"@type\":\"ImageObject\",\"inLanguage\":\"en-US\",\"@id\":\"https:\\\/\\\/fit360.ee\\\/en\\\/pood\\\/training-equipment-en\\\/other-products-en\\\/alpha-beast-smelling-salts-stronger\\\/#primaryimage\",\"url\":\"https:\\\/\\\/fit360.ee\\\/wp-content\\\/uploads\\\/2024\\\/07\\\/smelling-salts-fit360.ee_.jpg\",\"contentUrl\":\"https:\\\/\\\/fit360.ee\\\/wp-content\\\/uploads\\\/2024\\\/07\\\/smelling-salts-fit360.ee_.jpg\",\"width\":2000,\"height\":2000,\"caption\":\"smelling salts - fit360.ee\"},{\"@type\":\"BreadcrumbList\",\"@id\":\"https:\\\/\\\/fit360.ee\\\/en\\\/pood\\\/training-equipment-en\\\/other-products-en\\\/alpha-beast-smelling-salts-stronger\\\/#breadcrumb\",\"itemListElement\":[{\"@type\":\"ListItem\",\"position\":1,\"name\":\"Home\",\"item\":\"https:\\\/\\\/fit360.ee\\\/en\\\/\"},{\"@type\":\"ListItem\",\"position\":2,\"name\":\"Shop\",\"item\":\"https:\\\/\\\/fit360.ee\\\/en\\\/shop\\\/\"},{\"@type\":\"ListItem\",\"position\":3,\"name\":\"Alpha Beast Smelling Salts &#8211; Stronger\"}]},{\"@type\":\"WebSite\",\"@id\":\"https:\\\/\\\/fit360.ee\\\/en\\\/#website\",\"url\":\"https:\\\/\\\/fit360.ee\\\/en\\\/\",\"name\":\"Fit360\",\"description\":\"\",\"publisher\":{\"@id\":\"https:\\\/\\\/fit360.ee\\\/en\\\/#organization\"},\"potentialAction\":[{\"@type\":\"SearchAction\",\"target\":{\"@type\":\"EntryPoint\",\"urlTemplate\":\"https:\\\/\\\/fit360.ee\\\/en\\\/?s={search_term_string}\"},\"query-input\":{\"@type\":\"PropertyValueSpecification\",\"valueRequired\":true,\"valueName\":\"search_term_string\"}}],\"inLanguage\":\"en-US\"},{\"@type\":\"Organization\",\"@id\":\"https:\\\/\\\/fit360.ee\\\/en\\\/#organization\",\"name\":\"Fit360\",\"url\":\"https:\\\/\\\/fit360.ee\\\/en\\\/\",\"logo\":{\"@type\":\"ImageObject\",\"inLanguage\":\"en-US\",\"@id\":\"https:\\\/\\\/fit360.ee\\\/en\\\/#\\\/schema\\\/logo\\\/image\\\/\",\"url\":\"https:\\\/\\\/fit360.ee\\\/wp-content\\\/uploads\\\/2017\\\/01\\\/logo-fit360.png\",\"contentUrl\":\"https:\\\/\\\/fit360.ee\\\/wp-content\\\/uploads\\\/2017\\\/01\\\/logo-fit360.png\",\"width\":180,\"height\":66,\"caption\":\"Fit360\"},\"image\":{\"@id\":\"https:\\\/\\\/fit360.ee\\\/en\\\/#\\\/schema\\\/logo\\\/image\\\/\"}}]}<\/script>\n<!-- \/ Yoast SEO plugin. -->","yoast_head_json":{"title":"Alpha Beast Smelling Salts - Stronger - \u00dclitugev Toime - Kiire Tarne - Fit360","description":"Smelling Salts on k\u00f5rgeima tasemega abimees uute rekordite purustamisel. K\u00f5rge ammoniaagi sisaldus aitab Teil h\u00e4sti ennast k\u00e4ima t\u00f5mmata. HOIATUS - TOODE ..","robots":{"index":"index","follow":"follow","max-snippet":"max-snippet:-1","max-image-preview":"max-image-preview:large","max-video-preview":"max-video-preview:-1"},"canonical":"https:\/\/fit360.ee\/en\/pood\/training-equipment-en\/other-products-en\/alpha-beast-smelling-salts-stronger\/","og_locale":"en_US","og_type":"article","og_title":"Alpha Beast Smelling Salts - Stronger - \u00dclitugev Toime - Kiire Tarne - Fit360","og_description":"Smelling Salts on k\u00f5rgeima tasemega abimees uute rekordite purustamisel. K\u00f5rge ammoniaagi sisaldus aitab Teil h\u00e4sti ennast k\u00e4ima t\u00f5mmata. HOIATUS - TOODE ..","og_url":"https:\/\/fit360.ee\/en\/pood\/training-equipment-en\/other-products-en\/alpha-beast-smelling-salts-stronger\/","og_site_name":"Fit360","article_modified_time":"2026-04-09T14:57:09+00:00","og_image":[{"width":2000,"height":2000,"url":"https:\/\/fit360.ee\/wp-content\/uploads\/2024\/07\/smelling-salts-fit360.ee_.jpg","type":"image\/jpeg"}],"twitter_card":"summary_large_image","twitter_misc":{"Est. reading time":"2 minutes"},"schema":{"@context":"https:\/\/schema.org","@graph":[{"@type":"WebPage","@id":"https:\/\/fit360.ee\/en\/pood\/training-equipment-en\/other-products-en\/alpha-beast-smelling-salts-stronger\/","url":"https:\/\/fit360.ee\/en\/pood\/training-equipment-en\/other-products-en\/alpha-beast-smelling-salts-stronger\/","name":"Alpha Beast Smelling Salts - Stronger - \u00dclitugev Toime - Kiire Tarne - Fit360","isPartOf":{"@id":"https:\/\/fit360.ee\/en\/#website"},"primaryImageOfPage":{"@id":"https:\/\/fit360.ee\/en\/pood\/training-equipment-en\/other-products-en\/alpha-beast-smelling-salts-stronger\/#primaryimage"},"image":{"@id":"https:\/\/fit360.ee\/en\/pood\/training-equipment-en\/other-products-en\/alpha-beast-smelling-salts-stronger\/#primaryimage"},"thumbnailUrl":"https:\/\/fit360.ee\/wp-content\/uploads\/2024\/07\/smelling-salts-fit360.ee_.jpg","datePublished":"2024-07-02T07:14:26+00:00","dateModified":"2026-04-09T14:57:09+00:00","description":"Smelling Salts on k\u00f5rgeima tasemega abimees uute rekordite purustamisel. K\u00f5rge ammoniaagi sisaldus aitab Teil h\u00e4sti ennast k\u00e4ima t\u00f5mmata. HOIATUS - TOODE ..","breadcrumb":{"@id":"https:\/\/fit360.ee\/en\/pood\/training-equipment-en\/other-products-en\/alpha-beast-smelling-salts-stronger\/#breadcrumb"},"inLanguage":"en-US","potentialAction":[{"@type":"ReadAction","target":["https:\/\/fit360.ee\/en\/pood\/training-equipment-en\/other-products-en\/alpha-beast-smelling-salts-stronger\/"]}]},{"@type":"ImageObject","inLanguage":"en-US","@id":"https:\/\/fit360.ee\/en\/pood\/training-equipment-en\/other-products-en\/alpha-beast-smelling-salts-stronger\/#primaryimage","url":"https:\/\/fit360.ee\/wp-content\/uploads\/2024\/07\/smelling-salts-fit360.ee_.jpg","contentUrl":"https:\/\/fit360.ee\/wp-content\/uploads\/2024\/07\/smelling-salts-fit360.ee_.jpg","width":2000,"height":2000,"caption":"smelling salts - fit360.ee"},{"@type":"BreadcrumbList","@id":"https:\/\/fit360.ee\/en\/pood\/training-equipment-en\/other-products-en\/alpha-beast-smelling-salts-stronger\/#breadcrumb","itemListElement":[{"@type":"ListItem","position":1,"name":"Home","item":"https:\/\/fit360.ee\/en\/"},{"@type":"ListItem","position":2,"name":"Shop","item":"https:\/\/fit360.ee\/en\/shop\/"},{"@type":"ListItem","position":3,"name":"Alpha Beast Smelling Salts &#8211; Stronger"}]},{"@type":"WebSite","@id":"https:\/\/fit360.ee\/en\/#website","url":"https:\/\/fit360.ee\/en\/","name":"Fit360","description":"","publisher":{"@id":"https:\/\/fit360.ee\/en\/#organization"},"potentialAction":[{"@type":"SearchAction","target":{"@type":"EntryPoint","urlTemplate":"https:\/\/fit360.ee\/en\/?s={search_term_string}"},"query-input":{"@type":"PropertyValueSpecification","valueRequired":true,"valueName":"search_term_string"}}],"inLanguage":"en-US"},{"@type":"Organization","@id":"https:\/\/fit360.ee\/en\/#organization","name":"Fit360","url":"https:\/\/fit360.ee\/en\/","logo":{"@type":"ImageObject","inLanguage":"en-US","@id":"https:\/\/fit360.ee\/en\/#\/schema\/logo\/image\/","url":"https:\/\/fit360.ee\/wp-content\/uploads\/2017\/01\/logo-fit360.png","contentUrl":"https:\/\/fit360.ee\/wp-content\/uploads\/2017\/01\/logo-fit360.png","width":180,"height":66,"caption":"Fit360"},"image":{"@id":"https:\/\/fit360.ee\/en\/#\/schema\/logo\/image\/"}}]}},"_links":{"self":[{"href":"https:\/\/fit360.ee\/en\/wp-json\/wp\/v2\/product\/80923","targetHints":{"allow":["GET"]}}],"collection":[{"href":"https:\/\/fit360.ee\/en\/wp-json\/wp\/v2\/product"}],"about":[{"href":"https:\/\/fit360.ee\/en\/wp-json\/wp\/v2\/types\/product"}],"replies":[{"embeddable":true,"href":"https:\/\/fit360.ee\/en\/wp-json\/wp\/v2\/comments?post=80923"}],"wp:featuredmedia":[{"embeddable":true,"href":"https:\/\/fit360.ee\/en\/wp-json\/wp\/v2\/media\/80922"}],"wp:attachment":[{"href":"https:\/\/fit360.ee\/en\/wp-json\/wp\/v2\/media?parent=80923"}],"wp:term":[{"taxonomy":"product_brand","embeddable":true,"href":"https:\/\/fit360.ee\/en\/wp-json\/wp\/v2\/product_brand?post=80923"},{"taxonomy":"product_cat","embeddable":true,"href":"https:\/\/fit360.ee\/en\/wp-json\/wp\/v2\/product_cat?post=80923"},{"taxonomy":"product_tag","embeddable":true,"href":"https:\/\/fit360.ee\/en\/wp-json\/wp\/v2\/product_tag?post=80923"},{"taxonomy":"giftcard-category","embeddable":true,"href":"https:\/\/fit360.ee\/en\/wp-json\/wp\/v2\/giftcard-category?post=80923"}],"curies":[{"name":"wp","href":"https:\/\/api.w.org\/{rel}","templated":true}]}}