{"id":81157,"date":"2024-07-14T14:29:26","date_gmt":"2024-07-14T12:29:26","guid":{"rendered":"https:\/\/fit360.ee\/pood\/uncategorized\/army1-whey-protein-2270g\/"},"modified":"2026-04-09T17:13:12","modified_gmt":"2026-04-09T15:13:12","slug":"army1-whey-protein-2270g","status":"publish","type":"product","link":"https:\/\/fit360.ee\/en\/pood\/product-groups\/protein-poweders-en\/whey-protein-en\/army1-whey-protein-2270g\/","title":{"rendered":"Army1 Whey Protein (2270g)"},"content":{"rendered":"<h2><strong>Army1 Whey Protein<\/strong><\/h2>\n<p>Army1 Whey Protein on esmaklassiline <a href=\"https:\/\/fit360.ee\/en\/product-category\/product-groups\/protein-poweders-en\/\">valgupulber<\/a>\u00a0, mis on loodud pakkuma kvaliteetset valguallikat, et parandada teie sportlikku j\u00f5udlust ja toetada lihaste taastumist. See toode koosneb\u00a0<strong>hoolikalt valitud vadakuvalgu kontsentraadi, isolaadi ja h\u00fcdrol\u00fcsaadi kombinatsioonist,<\/strong>\u00a0mis pakub teile maksimaalse efekti saavutamiseks erinevaid valguvorme.<\/p>\n<p>\u00dcks Army1 Whey p\u00f5hikoostisosadest on\u00a0<a href=\"https:\/\/fit360.ee\/en\/product-category\/product-groups\/protein-poweders-en\/whey-protein-en\/\"><strong>vadakuvalgu kontsentraat<\/strong><\/a>\u00a0, mida saadakse looduslikust piimaallikast. See kontsentraat sisaldab suures koguses valke,\u00a0<strong>sealhulgas k\u00f5iki <a href=\"https:\/\/fit360.ee\/en\/product-category\/product-groups\/amino-acids-bcaa\/essential-amino-acids-eaa-en\/\">asendamatuid aminohappeid<\/a>, mis on \u00fcliolulised lihaste kasvuks ja taastumiseks<\/strong>\u00a0p\u00e4rast intensiivset\u00a0treeningut\u00a0. Lisaks on lisatud\u00a0<a href=\"https:\/\/fit360.ee\/en\/product-category\/product-groups\/protein-poweders-en\/whey-isolate-protein-en\/\">vadakuvalgu isolaati,<\/a>\u00a0et tagada toote veelgi suurem valgurikkus. Isolaat l\u00e4bis t\u00e4iendava filtreerimisprotsessi, et eemaldada mittevajalikud rasvad ja laktoos, s\u00e4ilitades samal ajal valgud kontsentreeritud kujul.<\/p>\n<p>Army1 Whey Protein <strong>sisaldab ka h\u00fcdrol\u00fc\u00fcsitud valke<\/strong>\u00a0, mis t\u00e4hendab, et valgud on l\u00e4binud h\u00fcdrol\u00fc\u00fcsi \u2013 protsessi, mis laguneb v\u00e4iksemateks peptiidahelateks. See v\u00f5imaldab valkude kiiremat imendumist organismis, mis on eriti kasulik treeningu ajal v\u00f5i vahetult p\u00e4rast seda, mil lihased vajavad taastumiseks ja kasvuks enim toitaineid.<\/p>\n<p>Army1 Whey, mis sisaldab uskumatult 78% valku portsjoni kohta, on v\u00e4ga kontsentreeritud valguallikas, mis aitab teil saavutada oma treeningueesm\u00e4rke. Olenemata sellest, kas olete professionaalne sportlane v\u00f5i harrastussportlane, pakub see toode teile\u00a0<strong>vajalikku tuge lihaste kasvatamiseks, energia taastamiseks ja \u00fcldise vastupidavuse suurendamiseks.<\/strong><\/p>\n<p>Suurep\u00e4rase lahustumisv\u00f5ime ja rikkaliku maitsega Army1 Whey on\u00a0<strong>kergesti valmistatav valgukokteili kujul.<\/strong>\u00a0Seda v\u00f5ib tarbida enne v\u00f5i p\u00e4rast treeningut v\u00f5i osana toidukorrast, et saada kogu p\u00e4eva jooksul t\u00e4iendavat valku.<\/p>\n<p>Kasutage Army1 Whey Protein t\u00e4iustatud valemit ja varustage oma lihaseid kvaliteetse valguallikaga, mis aitab teil saavutada parimaid tulemusi.<\/p>\n<p><strong>Koostisosad<\/strong>: V<span style=\"font-size: 14.4px;\">adakuvalgu segu (vadakuvalgu kontsentraat, vadakuvalgu isolaat, h\u00fcdrol\u00fc\u00fcsitud vadakupeptiidid), madala rasvasisaldusega kakaopulber, kookos\u00f5li, paksendaja: Na-karboks\u00fcmet\u00fc\u00fcltselluloos, l\u00f5hna- ja maitseained, magusaine: sukraloos, papaiin (papaiast), laktaas. V\u00f5ib sisaldada gluteeni, soja, mune ja p\u00e4hkleid.<\/span><\/p>\n<p class=\"mb-3\"><strong>Kasutamine<\/strong>:\u00a0 1 kulbit\u00e4is (32g) segada p\u00e4rast treeningut 200 ml vee v\u00f5i piimaga.<\/p>\n<p><strong>Suurus<\/strong>: 2270g &#8211; 70 serveeringut<\/p>\n<table border=\"1\" width=\"100%\" cellspacing=\"1\" cellpadding=\"1\">\n<tbody>\n<tr>\n<td><strong>Toitev\u00e4\u00e4rtuste anal\u00fc\u00fcs<\/strong><\/td>\n<td><strong>32 g<\/strong><\/td>\n<\/tr>\n<tr>\n<td>Energeetiline v\u00e4\u00e4rtus<\/td>\n<td>507 kJ\/119 kcal<\/td>\n<\/tr>\n<tr>\n<td>Rasvad<\/p>\n<p>&#8211; <em>millest<\/em> k\u00fcllastunud rasvhapped<\/td>\n<td>0,77 g<\/p>\n<p>0,51 g<\/td>\n<\/tr>\n<tr>\n<td>S\u00fcsivesikud<\/p>\n<p>&#8211; <em>millest<\/em> suhkrud<\/td>\n<td>3,2 g<\/p>\n<p>1,7 g<\/td>\n<\/tr>\n<tr>\n<td><strong>Valgud<\/strong><\/td>\n<td>25 g<\/td>\n<\/tr>\n<tr>\n<td>Sool<\/td>\n<td>0,16 g<\/td>\n<\/tr>\n<tr>\n<td>Seedetrakti ens\u00fc\u00fcmid:<\/p>\n<p>Papain<\/p>\n<p>laktaas<\/td>\n<td>&nbsp;<\/p>\n<p>42,6 mg<\/p>\n<p>12 mg<\/td>\n<\/tr>\n<\/tbody>\n<\/table>\n<p>&nbsp;<\/p>\n<p>Vaata ka meie teisi Valgupulbreid <a href=\"https:\/\/fit360.ee\/en\/product-category\/product-groups\/protein-poweders-en\/\"><strong>SIIT<\/strong><\/a> v\u00f5i Vadakuvalgu tooteid <a href=\"https:\/\/fit360.ee\/en\/product-category\/product-groups\/protein-poweders-en\/whey-protein-en\/\"><strong>SIIT<\/strong><\/a>!<\/p>\n<p>Soovid kaupa osta suuremas koguses? Vaata antud toodet ka meie HULGI poest\u00a0<a href=\"https:\/\/toidulisandidhulgi.ee\/tooted\/army1-whey-protein-2270g\/\"><strong>SIIT<\/strong><\/a>!<\/p>\n","protected":false},"excerpt":{"rendered":"<ul>\n<li>Imeline maitse<\/li>\n<li>78% valgupulber<\/li>\n<li>Sisaldab 3 \u00fclikvaliteet Valgu allikat: kontsentraat, isolaat ja h\u00fcdrol\u00fcsaat<\/li>\n<li>Aitab taastada ja kasvatada lihasmassi<\/li>\n<\/ul>\n","protected":false},"featured_media":81150,"comment_status":"open","ping_status":"closed","template":"","meta":[],"product_brand":[],"product_cat":[4956,535,531,2420,2424],"product_tag":[4957,4958],"giftcard-category":[],"class_list":{"0":"post-81157","1":"product","2":"type-product","3":"status-publish","4":"has-post-thumbnail","6":"product_cat-army1-en","7":"product_cat-protein-poweders-en","8":"product_cat-recovery-post-workout-en","9":"product_cat-whey-protein-en","10":"product_cat-whey-isolate-protein-en","11":"product_tag-army1-en","12":"product_tag-army1-whey-protein-en","13":"pa_maitse-banana","14":"pa_maitse-chocolate","15":"pa_maitse-cream-cookie","16":"pa_maitse-maasika-valge-sokolaad-en","17":"pa_maitse-raspberry-yogurt","19":"first","20":"instock","21":"sale","22":"featured","23":"taxable","24":"shipping-taxable","25":"purchasable","26":"product-type-variable"},"yoast_head":"<!-- This site is optimized with the Yoast SEO plugin v27.3 - https:\/\/yoast.com\/product\/yoast-seo-wordpress\/ -->\n<title>Army1 Whey Protein (2270g) - \u00dclikvaliteetne valgupulber - Kiire Tarne - Fit360<\/title>\n<meta name=\"description\" content=\"Army1 Whey Protein on esmaklassiline valgupulber\u00a0, mis on loodud pakkuma kvaliteetset valguallikat, et parandada teie sportlikku j\u00f5udlust ja toetada lih..\" \/>\n<meta name=\"robots\" content=\"index, follow, max-snippet:-1, max-image-preview:large, max-video-preview:-1\" \/>\n<link rel=\"canonical\" href=\"https:\/\/fit360.ee\/en\/pood\/product-groups\/protein-poweders-en\/whey-protein-en\/army1-whey-protein-2270g\/\" \/>\n<meta property=\"og:locale\" content=\"en_US\" \/>\n<meta property=\"og:type\" content=\"article\" \/>\n<meta property=\"og:title\" content=\"Army1 Whey Protein (2270g) - \u00dclikvaliteetne valgupulber - Kiire Tarne - Fit360\" \/>\n<meta property=\"og:description\" content=\"Army1 Whey Protein on esmaklassiline valgupulber\u00a0, mis on loodud pakkuma kvaliteetset valguallikat, et parandada teie sportlikku j\u00f5udlust ja toetada lih..\" \/>\n<meta property=\"og:url\" content=\"https:\/\/fit360.ee\/en\/pood\/product-groups\/protein-poweders-en\/whey-protein-en\/army1-whey-protein-2270g\/\" \/>\n<meta property=\"og:site_name\" content=\"Fit360\" \/>\n<meta property=\"article:modified_time\" content=\"2026-04-09T15:13:12+00:00\" \/>\n<meta property=\"og:image\" content=\"https:\/\/fit360.ee\/wp-content\/uploads\/2024\/07\/army1-whey-protein-fit360.ee-1.jpg\" \/>\n\t<meta property=\"og:image:width\" content=\"1000\" \/>\n\t<meta property=\"og:image:height\" content=\"1000\" \/>\n\t<meta property=\"og:image:type\" content=\"image\/jpeg\" \/>\n<meta name=\"twitter:card\" content=\"summary_large_image\" \/>\n<meta name=\"twitter:label1\" content=\"Est. reading time\" \/>\n\t<meta name=\"twitter:data1\" content=\"2 minutes\" \/>\n<script type=\"application\/ld+json\" class=\"yoast-schema-graph\">{\"@context\":\"https:\\\/\\\/schema.org\",\"@graph\":[{\"@type\":\"WebPage\",\"@id\":\"https:\\\/\\\/fit360.ee\\\/en\\\/pood\\\/product-groups\\\/protein-poweders-en\\\/whey-protein-en\\\/army1-whey-protein-2270g\\\/\",\"url\":\"https:\\\/\\\/fit360.ee\\\/en\\\/pood\\\/product-groups\\\/protein-poweders-en\\\/whey-protein-en\\\/army1-whey-protein-2270g\\\/\",\"name\":\"Army1 Whey Protein (2270g) - \u00dclikvaliteetne valgupulber - Kiire Tarne - Fit360\",\"isPartOf\":{\"@id\":\"https:\\\/\\\/fit360.ee\\\/en\\\/#website\"},\"primaryImageOfPage\":{\"@id\":\"https:\\\/\\\/fit360.ee\\\/en\\\/pood\\\/product-groups\\\/protein-poweders-en\\\/whey-protein-en\\\/army1-whey-protein-2270g\\\/#primaryimage\"},\"image\":{\"@id\":\"https:\\\/\\\/fit360.ee\\\/en\\\/pood\\\/product-groups\\\/protein-poweders-en\\\/whey-protein-en\\\/army1-whey-protein-2270g\\\/#primaryimage\"},\"thumbnailUrl\":\"https:\\\/\\\/fit360.ee\\\/wp-content\\\/uploads\\\/2024\\\/07\\\/army1-whey-protein-fit360.ee-1.jpg\",\"datePublished\":\"2024-07-14T12:29:26+00:00\",\"dateModified\":\"2026-04-09T15:13:12+00:00\",\"description\":\"Army1 Whey Protein on esmaklassiline valgupulber\u00a0, mis on loodud pakkuma kvaliteetset valguallikat, et parandada teie sportlikku j\u00f5udlust ja toetada lih..\",\"breadcrumb\":{\"@id\":\"https:\\\/\\\/fit360.ee\\\/en\\\/pood\\\/product-groups\\\/protein-poweders-en\\\/whey-protein-en\\\/army1-whey-protein-2270g\\\/#breadcrumb\"},\"inLanguage\":\"en-US\",\"potentialAction\":[{\"@type\":\"ReadAction\",\"target\":[\"https:\\\/\\\/fit360.ee\\\/en\\\/pood\\\/product-groups\\\/protein-poweders-en\\\/whey-protein-en\\\/army1-whey-protein-2270g\\\/\"]}]},{\"@type\":\"ImageObject\",\"inLanguage\":\"en-US\",\"@id\":\"https:\\\/\\\/fit360.ee\\\/en\\\/pood\\\/product-groups\\\/protein-poweders-en\\\/whey-protein-en\\\/army1-whey-protein-2270g\\\/#primaryimage\",\"url\":\"https:\\\/\\\/fit360.ee\\\/wp-content\\\/uploads\\\/2024\\\/07\\\/army1-whey-protein-fit360.ee-1.jpg\",\"contentUrl\":\"https:\\\/\\\/fit360.ee\\\/wp-content\\\/uploads\\\/2024\\\/07\\\/army1-whey-protein-fit360.ee-1.jpg\",\"width\":1000,\"height\":1000,\"caption\":\"army1 whey protein - fit360.ee\"},{\"@type\":\"BreadcrumbList\",\"@id\":\"https:\\\/\\\/fit360.ee\\\/en\\\/pood\\\/product-groups\\\/protein-poweders-en\\\/whey-protein-en\\\/army1-whey-protein-2270g\\\/#breadcrumb\",\"itemListElement\":[{\"@type\":\"ListItem\",\"position\":1,\"name\":\"Home\",\"item\":\"https:\\\/\\\/fit360.ee\\\/en\\\/\"},{\"@type\":\"ListItem\",\"position\":2,\"name\":\"Shop\",\"item\":\"https:\\\/\\\/fit360.ee\\\/en\\\/shop\\\/\"},{\"@type\":\"ListItem\",\"position\":3,\"name\":\"Army1 Whey Protein (2270g)\"}]},{\"@type\":\"WebSite\",\"@id\":\"https:\\\/\\\/fit360.ee\\\/en\\\/#website\",\"url\":\"https:\\\/\\\/fit360.ee\\\/en\\\/\",\"name\":\"Fit360\",\"description\":\"\",\"publisher\":{\"@id\":\"https:\\\/\\\/fit360.ee\\\/en\\\/#organization\"},\"potentialAction\":[{\"@type\":\"SearchAction\",\"target\":{\"@type\":\"EntryPoint\",\"urlTemplate\":\"https:\\\/\\\/fit360.ee\\\/en\\\/?s={search_term_string}\"},\"query-input\":{\"@type\":\"PropertyValueSpecification\",\"valueRequired\":true,\"valueName\":\"search_term_string\"}}],\"inLanguage\":\"en-US\"},{\"@type\":\"Organization\",\"@id\":\"https:\\\/\\\/fit360.ee\\\/en\\\/#organization\",\"name\":\"Fit360\",\"url\":\"https:\\\/\\\/fit360.ee\\\/en\\\/\",\"logo\":{\"@type\":\"ImageObject\",\"inLanguage\":\"en-US\",\"@id\":\"https:\\\/\\\/fit360.ee\\\/en\\\/#\\\/schema\\\/logo\\\/image\\\/\",\"url\":\"https:\\\/\\\/fit360.ee\\\/wp-content\\\/uploads\\\/2017\\\/01\\\/logo-fit360.png\",\"contentUrl\":\"https:\\\/\\\/fit360.ee\\\/wp-content\\\/uploads\\\/2017\\\/01\\\/logo-fit360.png\",\"width\":180,\"height\":66,\"caption\":\"Fit360\"},\"image\":{\"@id\":\"https:\\\/\\\/fit360.ee\\\/en\\\/#\\\/schema\\\/logo\\\/image\\\/\"}}]}<\/script>\n<!-- \/ Yoast SEO plugin. -->","yoast_head_json":{"title":"Army1 Whey Protein (2270g) - \u00dclikvaliteetne valgupulber - Kiire Tarne - Fit360","description":"Army1 Whey Protein on esmaklassiline valgupulber\u00a0, mis on loodud pakkuma kvaliteetset valguallikat, et parandada teie sportlikku j\u00f5udlust ja toetada lih..","robots":{"index":"index","follow":"follow","max-snippet":"max-snippet:-1","max-image-preview":"max-image-preview:large","max-video-preview":"max-video-preview:-1"},"canonical":"https:\/\/fit360.ee\/en\/pood\/product-groups\/protein-poweders-en\/whey-protein-en\/army1-whey-protein-2270g\/","og_locale":"en_US","og_type":"article","og_title":"Army1 Whey Protein (2270g) - \u00dclikvaliteetne valgupulber - Kiire Tarne - Fit360","og_description":"Army1 Whey Protein on esmaklassiline valgupulber\u00a0, mis on loodud pakkuma kvaliteetset valguallikat, et parandada teie sportlikku j\u00f5udlust ja toetada lih..","og_url":"https:\/\/fit360.ee\/en\/pood\/product-groups\/protein-poweders-en\/whey-protein-en\/army1-whey-protein-2270g\/","og_site_name":"Fit360","article_modified_time":"2026-04-09T15:13:12+00:00","og_image":[{"width":1000,"height":1000,"url":"https:\/\/fit360.ee\/wp-content\/uploads\/2024\/07\/army1-whey-protein-fit360.ee-1.jpg","type":"image\/jpeg"}],"twitter_card":"summary_large_image","twitter_misc":{"Est. reading time":"2 minutes"},"schema":{"@context":"https:\/\/schema.org","@graph":[{"@type":"WebPage","@id":"https:\/\/fit360.ee\/en\/pood\/product-groups\/protein-poweders-en\/whey-protein-en\/army1-whey-protein-2270g\/","url":"https:\/\/fit360.ee\/en\/pood\/product-groups\/protein-poweders-en\/whey-protein-en\/army1-whey-protein-2270g\/","name":"Army1 Whey Protein (2270g) - \u00dclikvaliteetne valgupulber - Kiire Tarne - Fit360","isPartOf":{"@id":"https:\/\/fit360.ee\/en\/#website"},"primaryImageOfPage":{"@id":"https:\/\/fit360.ee\/en\/pood\/product-groups\/protein-poweders-en\/whey-protein-en\/army1-whey-protein-2270g\/#primaryimage"},"image":{"@id":"https:\/\/fit360.ee\/en\/pood\/product-groups\/protein-poweders-en\/whey-protein-en\/army1-whey-protein-2270g\/#primaryimage"},"thumbnailUrl":"https:\/\/fit360.ee\/wp-content\/uploads\/2024\/07\/army1-whey-protein-fit360.ee-1.jpg","datePublished":"2024-07-14T12:29:26+00:00","dateModified":"2026-04-09T15:13:12+00:00","description":"Army1 Whey Protein on esmaklassiline valgupulber\u00a0, mis on loodud pakkuma kvaliteetset valguallikat, et parandada teie sportlikku j\u00f5udlust ja toetada lih..","breadcrumb":{"@id":"https:\/\/fit360.ee\/en\/pood\/product-groups\/protein-poweders-en\/whey-protein-en\/army1-whey-protein-2270g\/#breadcrumb"},"inLanguage":"en-US","potentialAction":[{"@type":"ReadAction","target":["https:\/\/fit360.ee\/en\/pood\/product-groups\/protein-poweders-en\/whey-protein-en\/army1-whey-protein-2270g\/"]}]},{"@type":"ImageObject","inLanguage":"en-US","@id":"https:\/\/fit360.ee\/en\/pood\/product-groups\/protein-poweders-en\/whey-protein-en\/army1-whey-protein-2270g\/#primaryimage","url":"https:\/\/fit360.ee\/wp-content\/uploads\/2024\/07\/army1-whey-protein-fit360.ee-1.jpg","contentUrl":"https:\/\/fit360.ee\/wp-content\/uploads\/2024\/07\/army1-whey-protein-fit360.ee-1.jpg","width":1000,"height":1000,"caption":"army1 whey protein - fit360.ee"},{"@type":"BreadcrumbList","@id":"https:\/\/fit360.ee\/en\/pood\/product-groups\/protein-poweders-en\/whey-protein-en\/army1-whey-protein-2270g\/#breadcrumb","itemListElement":[{"@type":"ListItem","position":1,"name":"Home","item":"https:\/\/fit360.ee\/en\/"},{"@type":"ListItem","position":2,"name":"Shop","item":"https:\/\/fit360.ee\/en\/shop\/"},{"@type":"ListItem","position":3,"name":"Army1 Whey Protein (2270g)"}]},{"@type":"WebSite","@id":"https:\/\/fit360.ee\/en\/#website","url":"https:\/\/fit360.ee\/en\/","name":"Fit360","description":"","publisher":{"@id":"https:\/\/fit360.ee\/en\/#organization"},"potentialAction":[{"@type":"SearchAction","target":{"@type":"EntryPoint","urlTemplate":"https:\/\/fit360.ee\/en\/?s={search_term_string}"},"query-input":{"@type":"PropertyValueSpecification","valueRequired":true,"valueName":"search_term_string"}}],"inLanguage":"en-US"},{"@type":"Organization","@id":"https:\/\/fit360.ee\/en\/#organization","name":"Fit360","url":"https:\/\/fit360.ee\/en\/","logo":{"@type":"ImageObject","inLanguage":"en-US","@id":"https:\/\/fit360.ee\/en\/#\/schema\/logo\/image\/","url":"https:\/\/fit360.ee\/wp-content\/uploads\/2017\/01\/logo-fit360.png","contentUrl":"https:\/\/fit360.ee\/wp-content\/uploads\/2017\/01\/logo-fit360.png","width":180,"height":66,"caption":"Fit360"},"image":{"@id":"https:\/\/fit360.ee\/en\/#\/schema\/logo\/image\/"}}]}},"_links":{"self":[{"href":"https:\/\/fit360.ee\/en\/wp-json\/wp\/v2\/product\/81157","targetHints":{"allow":["GET"]}}],"collection":[{"href":"https:\/\/fit360.ee\/en\/wp-json\/wp\/v2\/product"}],"about":[{"href":"https:\/\/fit360.ee\/en\/wp-json\/wp\/v2\/types\/product"}],"replies":[{"embeddable":true,"href":"https:\/\/fit360.ee\/en\/wp-json\/wp\/v2\/comments?post=81157"}],"wp:featuredmedia":[{"embeddable":true,"href":"https:\/\/fit360.ee\/en\/wp-json\/wp\/v2\/media\/81150"}],"wp:attachment":[{"href":"https:\/\/fit360.ee\/en\/wp-json\/wp\/v2\/media?parent=81157"}],"wp:term":[{"taxonomy":"product_brand","embeddable":true,"href":"https:\/\/fit360.ee\/en\/wp-json\/wp\/v2\/product_brand?post=81157"},{"taxonomy":"product_cat","embeddable":true,"href":"https:\/\/fit360.ee\/en\/wp-json\/wp\/v2\/product_cat?post=81157"},{"taxonomy":"product_tag","embeddable":true,"href":"https:\/\/fit360.ee\/en\/wp-json\/wp\/v2\/product_tag?post=81157"},{"taxonomy":"giftcard-category","embeddable":true,"href":"https:\/\/fit360.ee\/en\/wp-json\/wp\/v2\/giftcard-category?post=81157"}],"curies":[{"name":"wp","href":"https:\/\/api.w.org\/{rel}","templated":true}]}}