{"id":81169,"date":"2024-07-02T18:14:17","date_gmt":"2024-07-02T16:14:17","guid":{"rendered":"https:\/\/fit360.ee\/pood\/uncategorized\/hydro-zero-whey-2270g\/"},"modified":"2026-04-09T17:13:03","modified_gmt":"2026-04-09T15:13:03","slug":"hydro-zero-whey-2270g","status":"publish","type":"product","link":"https:\/\/fit360.ee\/en\/pood\/product-groups\/protein-poweders-en\/whey-protein-en\/hydro-zero-whey-2270g\/","title":{"rendered":"Army1 Hydro Zero Whey (2270g)"},"content":{"rendered":"<h2><strong>Army1 Hydro Zero Whey<\/strong><\/h2>\n<p>Army1 Hydro Zero Whey on valgulisand, mis on m\u00f5eldud neile, kes tegelevad intensiivse lihastreeninguga. See annab muljetavaldava 30 g k\u00f5rgekvaliteedilist lahjat valku portsjoni kohta, mis aitab kehal pingelise tegevuse ajal energiavajadusi rahuldada. Toode \u00fchendab endas olulisi hargnenud ahelaga aminohappeid (BCAA), nagu L-leutsiin, L-isoleutsiin ja L-valiin, samuti L-glutamiin. Need aminohapped on valkude s\u00fcnteesi ja lihaste kasvu stimuleerimiseks \u00fcliolulised, kuna keha ei suuda neid toota. Valem on madala kalorsusega, sisaldab v\u00e4hem kui 1 g s\u00fcsivesikuid portsjoni kohta ja ilma lisatud suhkruta.<\/p>\n<p>ARMY1 Hydro Zero Whey sisaldab lisaks kvaliteetsele vadakuvalgu kontsentraadile t\u00e4iustatud h\u00fcdrol\u00fc\u00fcsitud vadakuvalku, millel on valkudest kiireim imendumisaeg, mis v\u00f5imaldab anaboolsete ja antikataboolsete aminohapete otse\u00fclekannet lihastesse ja teistesse kudedesse. ARMY1 HYDRO ZERO PROTEIN koostises olevad valgud on erineval m\u00e4\u00e4ral h\u00fcdrol\u00fc\u00fcsitud, mis v\u00f5imaldab lihaste, k\u00f5\u00f5luste ja sidemete kiiret ja t\u00f5husat toitumist, toetades vigastusteta taastumist ja kasvu.<\/p>\n<p>ARMY1 HYDRO WHEY PROTEIN sisaldab ka h\u00fcdrol\u00fc\u00fcsitud kollageeni, mida kliinilised uuringud on seostanud liigesevalu v\u00e4henemise ja luumassi tiheduse suurenemisega. Ainult 10 g h\u00fcdrol\u00fc\u00fcsitud kollageeni tarbimine p\u00e4evas v\u00f5ib stimuleerida osteoblastide, luude moodustavate rakkude aktiivsust, mitte neid lagundavate osteoklastide asemel.<\/p>\n<p>\u00dcle 88% valgu ning minimaalse rasva ja s\u00fcsivesikute sisaldusega ARMY1 HYDRO ZERO PROTEIN pakub k\u00f5rgeima kvaliteediga valguallikat, mis suurendab valgus\u00fcnteesi, rakkude mahtu ja lihaste anabolismi, kaitstes samal ajal liigeseid ja k\u00f5hre, tugevdades immuuns\u00fcsteemi, v\u00e4hendades halva (LDL) kolesterooli taset. tase ja s\u00fcdamehaiguste risk.<\/p>\n<p><strong>Koostisosad<\/strong>:<\/p>\n<p>\u0160OKOLAAD: HYDROWHEY maatriks [vadakuvalgu isolaat, H\u00fcdrol\u00fc\u00fcsitud vadakuvalgu isolaat,; ultrafiltreeritud vadak Valgukontsentraat, BCAA (L-leutsiin, L-valiin ja L-isoleutsiin nagu<br \/>\nvaba aminohappe vorm)], l\u00f5ss kakaopulber (9%), L-arginiin (vaba aminohappe vorm), L-glutamiin (vaba aminohappe vorm), Emulgaatorid (sojaletsitiin, naatriumkarboks\u00fcmet\u00fc\u00fcltselluloos), L\u00f5hna- ja maitseained, magusained (sukraloos, atsesulfaam-K), vaniljekristall, Laktaasi ens\u00fc\u00fcm (Aspergillus sp. 65000 UG).<\/p>\n<p>MAASIKAS: HYDROWHEY maatriks [vadakuvalgu isolaat, H\u00fcdrol\u00fc\u00fcsitud vadakuvalgu isolaat, ristvool &amp;amp; ultrafiltreeritud vadak Valgukontsentraat, BCAA (L-leutsiin, L-valiin ja L-isoleutsiin nagu<br \/>\nvaba aminohappe vorm)], L-arginiin (vaba aminohappe vorm), L- Glutamiin (vaba aminohappe kujul), l\u00f5hna- ja maitseained, emulgaatorid (soja letsitiin, naatriumkarboks\u00fcmet\u00fc\u00fcltselluloos, magusained (sukraloos,<br \/>\nAtsesulfaam-K), sool, vanillikristall, ens\u00fc\u00fcm laktaas (Aspergillus sp. 65000 UG), v\u00e4rvus (Ponceau 4R).<\/p>\n<p><strong>Kasutamine<\/strong>: Tarbi \u00fcks portsjon 34g p\u00e4evas koos 300-400ml vee v\u00f5i piimaga.<\/p>\n<p><strong>Suurus<\/strong>: 2270g &#8211;\u00a0 66 serveeringut<\/p>\n<table>\n<tbody>\n<tr>\n<td width=\"155\"><strong><b>Toitev\u00e4\u00e4rtuste anal\u00fc\u00fcs*<\/b><\/strong><\/td>\n<td width=\"133\"><strong>100g<\/strong><\/td>\n<td colspan=\"2\" width=\"95\"><strong>34g<\/strong><\/td>\n<td width=\"95\"><strong>SPK%**<\/strong><\/td>\n<\/tr>\n<tr>\n<td width=\"155\"><strong><b>Kalorid<\/b><\/strong><\/td>\n<td colspan=\"2\" width=\"142\">1638 kJ\/ 386 kcal<\/td>\n<td width=\"85\">557kJ\/131 kcal<\/td>\n<td width=\"95\">7%<\/td>\n<\/tr>\n<tr>\n<td width=\"155\"><strong><b>Valgud<\/b><\/strong><\/td>\n<td colspan=\"2\" width=\"142\">90 g<\/td>\n<td width=\"85\">31g<\/td>\n<td width=\"95\">62%<\/td>\n<\/tr>\n<tr>\n<td width=\"155\"><strong><b>Carbohydrates<\/b><\/strong><\/td>\n<td colspan=\"2\" width=\"142\">1,8 g<\/td>\n<td width=\"85\">0,61g<\/td>\n<td width=\"95\">0%<\/td>\n<\/tr>\n<tr>\n<td width=\"155\"><strong><em><b><i>millest<\/i><\/b><\/em><\/strong><strong><b>\u00a0suhkrud<\/b><\/strong><\/td>\n<td colspan=\"2\" width=\"142\">0,1g<\/td>\n<td width=\"85\">0,03g<\/td>\n<td width=\"95\">0%<\/td>\n<\/tr>\n<tr>\n<td width=\"155\"><strong><b>Rasvad<\/b><\/strong><\/td>\n<td colspan=\"2\" width=\"142\">2,1 g<\/td>\n<td width=\"85\">0,71g<\/td>\n<td width=\"95\">1%<\/td>\n<\/tr>\n<tr>\n<td width=\"155\"><strong><b>\u00a0k\u00fcllastunud rasvhapped<\/b><\/strong><\/td>\n<td colspan=\"2\" width=\"142\">0,4g<\/td>\n<td width=\"85\">0,14g<\/td>\n<td width=\"95\">0,1%<\/td>\n<\/tr>\n<tr>\n<td width=\"155\"><strong><b>Sool<\/b><\/strong><\/td>\n<td colspan=\"2\" width=\"142\">0,3g<\/td>\n<td width=\"85\">0,1g<\/td>\n<td width=\"95\">2%<\/td>\n<\/tr>\n<\/tbody>\n<\/table>\n<p>*- lisatud on maasika maitselise valgupulbri toitev\u00e4\u00e4rtuste anal\u00fc\u00fcs. Teiste maitsete toitev\u00e4\u00e4rtuste anal\u00fc\u00fcside saamiseks kirjutage: info@fit360.ee.<\/p>\n<p>Vaata ka meie teisi Valgupulbreid <a href=\"https:\/\/fit360.ee\/en\/product-category\/product-groups\/protein-poweders-en\/\"><strong>SIIT<\/strong><\/a> v\u00f5i Vadakuvalgu Isolaate <a href=\"https:\/\/fit360.ee\/en\/product-category\/product-groups\/protein-poweders-en\/whey-isolate-protein-en\/\"><strong>SIIT<\/strong><\/a>!<\/p>\n<p>Soovid kaupa osta suuremas koguses? Vaata antud toodet ka meie HULGI poest\u00a0<a href=\"https:\/\/toidulisandidhulgi.ee\/tooted\/army1-hydro-zero-whey-2270g\/\"><strong>SIIT<\/strong><\/a>!<\/p>\n","protected":false},"excerpt":{"rendered":"<ul>\n<li>\u00dclipuhas valgupulber<\/li>\n<li>90% Valgupulber<\/li>\n<li>Lisatud ekstra kollageeni<\/li>\n<li>V\u00e4ga maitsev<\/li>\n<\/ul>\n","protected":false},"featured_media":81164,"comment_status":"open","ping_status":"closed","template":"","meta":[],"product_brand":[],"product_cat":[4956,535,531,2420,2424],"product_tag":[4957,4962,4963],"giftcard-category":[],"class_list":{"0":"post-81169","1":"product","2":"type-product","3":"status-publish","4":"has-post-thumbnail","6":"product_cat-army1-en","7":"product_cat-protein-poweders-en","8":"product_cat-recovery-post-workout-en","9":"product_cat-whey-protein-en","10":"product_cat-whey-isolate-protein-en","11":"product_tag-army1-en","12":"product_tag-army1-hydro-zero-whey-en","13":"product_tag-hydro-zero-whey-en","14":"pa_maitse-banana","15":"pa_maitse-chocolate","16":"pa_maitse-cream-cookie","18":"first","19":"outofstock","20":"sale","21":"featured","22":"taxable","23":"shipping-taxable","24":"purchasable","25":"product-type-variable"},"yoast_head":"<!-- This site is optimized with the Yoast SEO plugin v27.3 - https:\/\/yoast.com\/product\/yoast-seo-wordpress\/ -->\n<title>Army1 Hydro Zero Whey (2270g) - Vadakuvalgu Isolaat - Kiire Tarne - Fit360<\/title>\n<meta name=\"description\" content=\"Army1 Hydro Zero Whey on valgulisand, mis on m\u00f5eldud neile, kes tegelevad intensiivse lihastreeninguga. See annab muljetavaldava 30 g k\u00f5rgekval...\" \/>\n<meta name=\"robots\" content=\"index, follow, max-snippet:-1, max-image-preview:large, max-video-preview:-1\" \/>\n<link rel=\"canonical\" href=\"https:\/\/fit360.ee\/en\/pood\/product-groups\/protein-poweders-en\/whey-protein-en\/hydro-zero-whey-2270g\/\" \/>\n<meta property=\"og:locale\" content=\"en_US\" \/>\n<meta property=\"og:type\" content=\"article\" \/>\n<meta property=\"og:title\" content=\"Army1 Hydro Zero Whey (2270g) - Vadakuvalgu Isolaat - Kiire Tarne - Fit360\" \/>\n<meta property=\"og:description\" content=\"Army1 Hydro Zero Whey on valgulisand, mis on m\u00f5eldud neile, kes tegelevad intensiivse lihastreeninguga. See annab muljetavaldava 30 g k\u00f5rgekval...\" \/>\n<meta property=\"og:url\" content=\"https:\/\/fit360.ee\/en\/pood\/product-groups\/protein-poweders-en\/whey-protein-en\/hydro-zero-whey-2270g\/\" \/>\n<meta property=\"og:site_name\" content=\"Fit360\" \/>\n<meta property=\"article:modified_time\" content=\"2026-04-09T15:13:03+00:00\" \/>\n<meta property=\"og:image\" content=\"https:\/\/fit360.ee\/wp-content\/uploads\/2024\/07\/army1-hydro-zero-whey-protein-fit360.ee-1.png\" \/>\n\t<meta property=\"og:image:width\" content=\"800\" \/>\n\t<meta property=\"og:image:height\" content=\"800\" \/>\n\t<meta property=\"og:image:type\" content=\"image\/png\" \/>\n<meta name=\"twitter:card\" content=\"summary_large_image\" \/>\n<meta name=\"twitter:label1\" content=\"Est. reading time\" \/>\n\t<meta name=\"twitter:data1\" content=\"3 minutes\" \/>\n<script type=\"application\/ld+json\" class=\"yoast-schema-graph\">{\"@context\":\"https:\\\/\\\/schema.org\",\"@graph\":[{\"@type\":\"WebPage\",\"@id\":\"https:\\\/\\\/fit360.ee\\\/en\\\/pood\\\/product-groups\\\/protein-poweders-en\\\/whey-protein-en\\\/hydro-zero-whey-2270g\\\/\",\"url\":\"https:\\\/\\\/fit360.ee\\\/en\\\/pood\\\/product-groups\\\/protein-poweders-en\\\/whey-protein-en\\\/hydro-zero-whey-2270g\\\/\",\"name\":\"Army1 Hydro Zero Whey (2270g) - Vadakuvalgu Isolaat - Kiire Tarne - Fit360\",\"isPartOf\":{\"@id\":\"https:\\\/\\\/fit360.ee\\\/en\\\/#website\"},\"primaryImageOfPage\":{\"@id\":\"https:\\\/\\\/fit360.ee\\\/en\\\/pood\\\/product-groups\\\/protein-poweders-en\\\/whey-protein-en\\\/hydro-zero-whey-2270g\\\/#primaryimage\"},\"image\":{\"@id\":\"https:\\\/\\\/fit360.ee\\\/en\\\/pood\\\/product-groups\\\/protein-poweders-en\\\/whey-protein-en\\\/hydro-zero-whey-2270g\\\/#primaryimage\"},\"thumbnailUrl\":\"https:\\\/\\\/fit360.ee\\\/wp-content\\\/uploads\\\/2024\\\/07\\\/army1-hydro-zero-whey-protein-fit360.ee-1.png\",\"datePublished\":\"2024-07-02T16:14:17+00:00\",\"dateModified\":\"2026-04-09T15:13:03+00:00\",\"description\":\"Army1 Hydro Zero Whey on valgulisand, mis on m\u00f5eldud neile, kes tegelevad intensiivse lihastreeninguga. See annab muljetavaldava 30 g k\u00f5rgekval...\",\"breadcrumb\":{\"@id\":\"https:\\\/\\\/fit360.ee\\\/en\\\/pood\\\/product-groups\\\/protein-poweders-en\\\/whey-protein-en\\\/hydro-zero-whey-2270g\\\/#breadcrumb\"},\"inLanguage\":\"en-US\",\"potentialAction\":[{\"@type\":\"ReadAction\",\"target\":[\"https:\\\/\\\/fit360.ee\\\/en\\\/pood\\\/product-groups\\\/protein-poweders-en\\\/whey-protein-en\\\/hydro-zero-whey-2270g\\\/\"]}]},{\"@type\":\"ImageObject\",\"inLanguage\":\"en-US\",\"@id\":\"https:\\\/\\\/fit360.ee\\\/en\\\/pood\\\/product-groups\\\/protein-poweders-en\\\/whey-protein-en\\\/hydro-zero-whey-2270g\\\/#primaryimage\",\"url\":\"https:\\\/\\\/fit360.ee\\\/wp-content\\\/uploads\\\/2024\\\/07\\\/army1-hydro-zero-whey-protein-fit360.ee-1.png\",\"contentUrl\":\"https:\\\/\\\/fit360.ee\\\/wp-content\\\/uploads\\\/2024\\\/07\\\/army1-hydro-zero-whey-protein-fit360.ee-1.png\",\"width\":800,\"height\":800,\"caption\":\"army1 hydro zero whey protein - fit360.ee\"},{\"@type\":\"BreadcrumbList\",\"@id\":\"https:\\\/\\\/fit360.ee\\\/en\\\/pood\\\/product-groups\\\/protein-poweders-en\\\/whey-protein-en\\\/hydro-zero-whey-2270g\\\/#breadcrumb\",\"itemListElement\":[{\"@type\":\"ListItem\",\"position\":1,\"name\":\"Home\",\"item\":\"https:\\\/\\\/fit360.ee\\\/en\\\/\"},{\"@type\":\"ListItem\",\"position\":2,\"name\":\"Shop\",\"item\":\"https:\\\/\\\/fit360.ee\\\/en\\\/shop\\\/\"},{\"@type\":\"ListItem\",\"position\":3,\"name\":\"Army1 Hydro Zero Whey (2270g)\"}]},{\"@type\":\"WebSite\",\"@id\":\"https:\\\/\\\/fit360.ee\\\/en\\\/#website\",\"url\":\"https:\\\/\\\/fit360.ee\\\/en\\\/\",\"name\":\"Fit360\",\"description\":\"\",\"publisher\":{\"@id\":\"https:\\\/\\\/fit360.ee\\\/en\\\/#organization\"},\"potentialAction\":[{\"@type\":\"SearchAction\",\"target\":{\"@type\":\"EntryPoint\",\"urlTemplate\":\"https:\\\/\\\/fit360.ee\\\/en\\\/?s={search_term_string}\"},\"query-input\":{\"@type\":\"PropertyValueSpecification\",\"valueRequired\":true,\"valueName\":\"search_term_string\"}}],\"inLanguage\":\"en-US\"},{\"@type\":\"Organization\",\"@id\":\"https:\\\/\\\/fit360.ee\\\/en\\\/#organization\",\"name\":\"Fit360\",\"url\":\"https:\\\/\\\/fit360.ee\\\/en\\\/\",\"logo\":{\"@type\":\"ImageObject\",\"inLanguage\":\"en-US\",\"@id\":\"https:\\\/\\\/fit360.ee\\\/en\\\/#\\\/schema\\\/logo\\\/image\\\/\",\"url\":\"https:\\\/\\\/fit360.ee\\\/wp-content\\\/uploads\\\/2017\\\/01\\\/logo-fit360.png\",\"contentUrl\":\"https:\\\/\\\/fit360.ee\\\/wp-content\\\/uploads\\\/2017\\\/01\\\/logo-fit360.png\",\"width\":180,\"height\":66,\"caption\":\"Fit360\"},\"image\":{\"@id\":\"https:\\\/\\\/fit360.ee\\\/en\\\/#\\\/schema\\\/logo\\\/image\\\/\"}}]}<\/script>\n<!-- \/ Yoast SEO plugin. -->","yoast_head_json":{"title":"Army1 Hydro Zero Whey (2270g) - Vadakuvalgu Isolaat - Kiire Tarne - Fit360","description":"Army1 Hydro Zero Whey on valgulisand, mis on m\u00f5eldud neile, kes tegelevad intensiivse lihastreeninguga. See annab muljetavaldava 30 g k\u00f5rgekval...","robots":{"index":"index","follow":"follow","max-snippet":"max-snippet:-1","max-image-preview":"max-image-preview:large","max-video-preview":"max-video-preview:-1"},"canonical":"https:\/\/fit360.ee\/en\/pood\/product-groups\/protein-poweders-en\/whey-protein-en\/hydro-zero-whey-2270g\/","og_locale":"en_US","og_type":"article","og_title":"Army1 Hydro Zero Whey (2270g) - Vadakuvalgu Isolaat - Kiire Tarne - Fit360","og_description":"Army1 Hydro Zero Whey on valgulisand, mis on m\u00f5eldud neile, kes tegelevad intensiivse lihastreeninguga. See annab muljetavaldava 30 g k\u00f5rgekval...","og_url":"https:\/\/fit360.ee\/en\/pood\/product-groups\/protein-poweders-en\/whey-protein-en\/hydro-zero-whey-2270g\/","og_site_name":"Fit360","article_modified_time":"2026-04-09T15:13:03+00:00","og_image":[{"width":800,"height":800,"url":"https:\/\/fit360.ee\/wp-content\/uploads\/2024\/07\/army1-hydro-zero-whey-protein-fit360.ee-1.png","type":"image\/png"}],"twitter_card":"summary_large_image","twitter_misc":{"Est. reading time":"3 minutes"},"schema":{"@context":"https:\/\/schema.org","@graph":[{"@type":"WebPage","@id":"https:\/\/fit360.ee\/en\/pood\/product-groups\/protein-poweders-en\/whey-protein-en\/hydro-zero-whey-2270g\/","url":"https:\/\/fit360.ee\/en\/pood\/product-groups\/protein-poweders-en\/whey-protein-en\/hydro-zero-whey-2270g\/","name":"Army1 Hydro Zero Whey (2270g) - Vadakuvalgu Isolaat - Kiire Tarne - Fit360","isPartOf":{"@id":"https:\/\/fit360.ee\/en\/#website"},"primaryImageOfPage":{"@id":"https:\/\/fit360.ee\/en\/pood\/product-groups\/protein-poweders-en\/whey-protein-en\/hydro-zero-whey-2270g\/#primaryimage"},"image":{"@id":"https:\/\/fit360.ee\/en\/pood\/product-groups\/protein-poweders-en\/whey-protein-en\/hydro-zero-whey-2270g\/#primaryimage"},"thumbnailUrl":"https:\/\/fit360.ee\/wp-content\/uploads\/2024\/07\/army1-hydro-zero-whey-protein-fit360.ee-1.png","datePublished":"2024-07-02T16:14:17+00:00","dateModified":"2026-04-09T15:13:03+00:00","description":"Army1 Hydro Zero Whey on valgulisand, mis on m\u00f5eldud neile, kes tegelevad intensiivse lihastreeninguga. See annab muljetavaldava 30 g k\u00f5rgekval...","breadcrumb":{"@id":"https:\/\/fit360.ee\/en\/pood\/product-groups\/protein-poweders-en\/whey-protein-en\/hydro-zero-whey-2270g\/#breadcrumb"},"inLanguage":"en-US","potentialAction":[{"@type":"ReadAction","target":["https:\/\/fit360.ee\/en\/pood\/product-groups\/protein-poweders-en\/whey-protein-en\/hydro-zero-whey-2270g\/"]}]},{"@type":"ImageObject","inLanguage":"en-US","@id":"https:\/\/fit360.ee\/en\/pood\/product-groups\/protein-poweders-en\/whey-protein-en\/hydro-zero-whey-2270g\/#primaryimage","url":"https:\/\/fit360.ee\/wp-content\/uploads\/2024\/07\/army1-hydro-zero-whey-protein-fit360.ee-1.png","contentUrl":"https:\/\/fit360.ee\/wp-content\/uploads\/2024\/07\/army1-hydro-zero-whey-protein-fit360.ee-1.png","width":800,"height":800,"caption":"army1 hydro zero whey protein - fit360.ee"},{"@type":"BreadcrumbList","@id":"https:\/\/fit360.ee\/en\/pood\/product-groups\/protein-poweders-en\/whey-protein-en\/hydro-zero-whey-2270g\/#breadcrumb","itemListElement":[{"@type":"ListItem","position":1,"name":"Home","item":"https:\/\/fit360.ee\/en\/"},{"@type":"ListItem","position":2,"name":"Shop","item":"https:\/\/fit360.ee\/en\/shop\/"},{"@type":"ListItem","position":3,"name":"Army1 Hydro Zero Whey (2270g)"}]},{"@type":"WebSite","@id":"https:\/\/fit360.ee\/en\/#website","url":"https:\/\/fit360.ee\/en\/","name":"Fit360","description":"","publisher":{"@id":"https:\/\/fit360.ee\/en\/#organization"},"potentialAction":[{"@type":"SearchAction","target":{"@type":"EntryPoint","urlTemplate":"https:\/\/fit360.ee\/en\/?s={search_term_string}"},"query-input":{"@type":"PropertyValueSpecification","valueRequired":true,"valueName":"search_term_string"}}],"inLanguage":"en-US"},{"@type":"Organization","@id":"https:\/\/fit360.ee\/en\/#organization","name":"Fit360","url":"https:\/\/fit360.ee\/en\/","logo":{"@type":"ImageObject","inLanguage":"en-US","@id":"https:\/\/fit360.ee\/en\/#\/schema\/logo\/image\/","url":"https:\/\/fit360.ee\/wp-content\/uploads\/2017\/01\/logo-fit360.png","contentUrl":"https:\/\/fit360.ee\/wp-content\/uploads\/2017\/01\/logo-fit360.png","width":180,"height":66,"caption":"Fit360"},"image":{"@id":"https:\/\/fit360.ee\/en\/#\/schema\/logo\/image\/"}}]}},"_links":{"self":[{"href":"https:\/\/fit360.ee\/en\/wp-json\/wp\/v2\/product\/81169","targetHints":{"allow":["GET"]}}],"collection":[{"href":"https:\/\/fit360.ee\/en\/wp-json\/wp\/v2\/product"}],"about":[{"href":"https:\/\/fit360.ee\/en\/wp-json\/wp\/v2\/types\/product"}],"replies":[{"embeddable":true,"href":"https:\/\/fit360.ee\/en\/wp-json\/wp\/v2\/comments?post=81169"}],"wp:featuredmedia":[{"embeddable":true,"href":"https:\/\/fit360.ee\/en\/wp-json\/wp\/v2\/media\/81164"}],"wp:attachment":[{"href":"https:\/\/fit360.ee\/en\/wp-json\/wp\/v2\/media?parent=81169"}],"wp:term":[{"taxonomy":"product_brand","embeddable":true,"href":"https:\/\/fit360.ee\/en\/wp-json\/wp\/v2\/product_brand?post=81169"},{"taxonomy":"product_cat","embeddable":true,"href":"https:\/\/fit360.ee\/en\/wp-json\/wp\/v2\/product_cat?post=81169"},{"taxonomy":"product_tag","embeddable":true,"href":"https:\/\/fit360.ee\/en\/wp-json\/wp\/v2\/product_tag?post=81169"},{"taxonomy":"giftcard-category","embeddable":true,"href":"https:\/\/fit360.ee\/en\/wp-json\/wp\/v2\/giftcard-category?post=81169"}],"curies":[{"name":"wp","href":"https:\/\/api.w.org\/{rel}","templated":true}]}}