{"id":81180,"date":"2024-07-14T19:59:16","date_gmt":"2024-07-14T17:59:16","guid":{"rendered":"https:\/\/fit360.ee\/pood\/uncategorized\/army1-tribulus-4000-100tabs\/"},"modified":"2026-04-09T17:12:59","modified_gmt":"2026-04-09T15:12:59","slug":"army1-tribulus-4000-100tabs","status":"publish","type":"product","link":"https:\/\/fit360.ee\/en\/pood\/product-groups\/testosterone-boosters-en\/tribulus-en\/army1-tribulus-4000-100tabs\/","title":{"rendered":"Army1 Tribulus 4000 (100tabs)"},"content":{"rendered":"<h2><strong>Army1 Tribulus 4000<\/strong><\/h2>\n<p><strong>Army1 Tribulus 4000<\/strong>\u00a0on v\u00f5imas looduslik testosterooni v\u00f5imendaja, mis on valmistatud puhtast Tribulus terrestris&#8217;e ekstraktist ja sisaldab k\u00f5rget Tribuluse sisaldust, 2000 mg. 1 pill.<br \/>\nTribulust kasutatakse laialdaselt aktiivses spordis lihasmassi ja -j\u00f5u suurendamiseks.<\/p>\n<p><strong>Army1 Tribulus 4000 eelised:<\/strong><\/p>\n<ul>\n<li>Seda iseloomustab k\u00f5rge koostis<\/li>\n<li>Aitab t\u00f5sta testosterooni taset<\/li>\n<li>Stimuleerib enda testosterooni tootmist<\/li>\n<li>Suurendab j\u00f5udu ja vastupidavust treeningu ajal<\/li>\n<li>Ilma k\u00f5rvaltoimeteta on see tervisele ohutu<\/li>\n<li>T\u00e4iesti taimne toode.<\/li>\n<\/ul>\n<p><strong>Koostisosad<\/strong>: Tribulus terrestris&#8217;e ekstrakt (standardiseeritud 40% saponiinideni), maltodekstriin, mahuaine (tselluloos), paakumisvastane aine (rasvhapete magneesiumisoolad, r\u00e4nidioksiid), stabilisaator (pol\u00fcvin\u00fc\u00fclp\u00fcrrolidoon (pvp).<\/p>\n<p><strong>Kasutamine:<\/strong>\u00a01-2 tabletti p\u00e4evas koos toiduga. Optimaalne aeg selle v\u00f5tmiseks on hommikul, v\u00f5ite seda v\u00f5tta ka enne treeningut v\u00f5i enne magamaminekut.<\/p>\n<p>Hoiatus:\u00a0\u00c4rge \u00fcletage soovitatavat \u00f6\u00f6p\u00e4evast annust. Ei soovitata lastele, rasedatele ega imetavatele emadele.<\/p>\n<p><strong>Portsjoni suurus:<\/strong>\u00a01-2 tabletti<\/p>\n<table>\n<tbody>\n<tr>\n<td width=\"206\"><strong><b>Toimeained<\/b><\/strong><\/td>\n<td width=\"206\"><strong><b>1 tablett<\/b><\/strong><\/td>\n<td width=\"206\"><strong><b>2 tabletti<\/b><\/strong><\/td>\n<\/tr>\n<tr>\n<td width=\"206\">Tribulus terrestris ekstrakt<\/td>\n<td width=\"206\">2000mg<\/td>\n<td width=\"206\">4000mg<\/td>\n<\/tr>\n<tr>\n<td width=\"206\">&#8211; milelst 40% saponiine<\/td>\n<td width=\"206\">800mg<\/td>\n<td width=\"206\">1600mg<\/td>\n<\/tr>\n<\/tbody>\n<\/table>\n<p><em>\u00a0<\/em>Vaata ka meie teisi Testosterooni T\u00f5stjaid <a href=\"https:\/\/fit360.ee\/en\/product-category\/product-groups\/testosterone-boosters-en\/\"><strong>SIIT<\/strong><\/a> v\u00f5i Tribulus tooteid <a href=\"https:\/\/fit360.ee\/en\/product-category\/product-groups\/testosterone-boosters-en\/tribulus-en\/\"><strong>SIIT<\/strong><\/a>!<\/p>\n<p>Soovid kaupa osta suuremas koguses? Vaata antud toodet ka meie HULGI poest\u00a0<a href=\"https:\/\/toidulisandidhulgi.ee\/tooted\/army1-tribulus-4000-100tabs\/\"><strong>SIIT<\/strong><\/a>!<\/p>\n","protected":false},"excerpt":{"rendered":"<ul>\n<li>Seda iseloomustab k\u00f5rge koostis<\/li>\n<li>Aitab t\u00f5sta testosterooni taset<\/li>\n<li>Stimuleerib enda testosterooni tootmist<\/li>\n<li>Suurendab j\u00f5udu ja vastupidavust treeningu ajal<\/li>\n<li>Ilma k\u00f5rvaltoimeteta on see tervisele ohutu<\/li>\n<li>T\u00e4iesti taimne toode.<\/li>\n<\/ul>\n","protected":false},"featured_media":81179,"comment_status":"open","ping_status":"closed","template":"","meta":[],"product_brand":[],"product_cat":[4956,532,2450],"product_tag":[4966,4957,2167,4967],"giftcard-category":[],"class_list":{"0":"post-81180","1":"product","2":"type-product","3":"status-publish","4":"has-post-thumbnail","6":"product_cat-army1-en","7":"product_cat-testosterone-boosters-en","8":"product_cat-tribulus-en","9":"product_tag-army-1-tribulus-4000-en","10":"product_tag-army1-en","11":"product_tag-tribulus-en","12":"product_tag-tribulus-4000-en","13":"pa_kogus-100-tablets","14":"pa_toidulisand-branddd-army1","15":"pa_tootegruppp-testosterone-enhancers","16":"pa_tootegruppp-tribulus-en","18":"first","19":"outofstock","20":"sale","21":"taxable","22":"shipping-taxable","23":"purchasable","24":"product-type-simple"},"yoast_head":"<!-- This site is optimized with the Yoast SEO plugin v27.3 - https:\/\/yoast.com\/product\/yoast-seo-wordpress\/ -->\n<title>Army1 Tribulus 4000 (100tabs) - Tribulus Terrestris - Kiire Tarne - Fit360<\/title>\n<meta name=\"description\" content=\"Army1 Tribulus 4000\u00a0on v\u00f5imas looduslik testosterooni v\u00f5imendaja, mis on valmistatud puhtast Tribulus terrestris&#039;e ekstraktist ja sisaldab k\u00f5rget ...\" \/>\n<meta name=\"robots\" content=\"index, follow, max-snippet:-1, max-image-preview:large, max-video-preview:-1\" \/>\n<link rel=\"canonical\" href=\"https:\/\/fit360.ee\/en\/pood\/product-groups\/testosterone-boosters-en\/tribulus-en\/army1-tribulus-4000-100tabs\/\" \/>\n<meta property=\"og:locale\" content=\"en_US\" \/>\n<meta property=\"og:type\" content=\"article\" \/>\n<meta property=\"og:title\" content=\"Army1 Tribulus 4000 (100tabs) - Tribulus Terrestris - Kiire Tarne - Fit360\" \/>\n<meta property=\"og:description\" content=\"Army1 Tribulus 4000\u00a0on v\u00f5imas looduslik testosterooni v\u00f5imendaja, mis on valmistatud puhtast Tribulus terrestris&#039;e ekstraktist ja sisaldab k\u00f5rget ...\" \/>\n<meta property=\"og:url\" content=\"https:\/\/fit360.ee\/en\/pood\/product-groups\/testosterone-boosters-en\/tribulus-en\/army1-tribulus-4000-100tabs\/\" \/>\n<meta property=\"og:site_name\" content=\"Fit360\" \/>\n<meta property=\"article:modified_time\" content=\"2026-04-09T15:12:59+00:00\" \/>\n<meta property=\"og:image\" content=\"https:\/\/fit360.ee\/wp-content\/uploads\/2024\/07\/army1-tribulus-4000-fit360.ee_.jpg\" \/>\n\t<meta property=\"og:image:width\" content=\"550\" \/>\n\t<meta property=\"og:image:height\" content=\"550\" \/>\n\t<meta property=\"og:image:type\" content=\"image\/jpeg\" \/>\n<meta name=\"twitter:card\" content=\"summary_large_image\" \/>\n<meta name=\"twitter:label1\" content=\"Est. reading time\" \/>\n\t<meta name=\"twitter:data1\" content=\"2 minutes\" \/>\n<script type=\"application\/ld+json\" class=\"yoast-schema-graph\">{\"@context\":\"https:\\\/\\\/schema.org\",\"@graph\":[{\"@type\":\"WebPage\",\"@id\":\"https:\\\/\\\/fit360.ee\\\/en\\\/pood\\\/product-groups\\\/testosterone-boosters-en\\\/tribulus-en\\\/army1-tribulus-4000-100tabs\\\/\",\"url\":\"https:\\\/\\\/fit360.ee\\\/en\\\/pood\\\/product-groups\\\/testosterone-boosters-en\\\/tribulus-en\\\/army1-tribulus-4000-100tabs\\\/\",\"name\":\"Army1 Tribulus 4000 (100tabs) - Tribulus Terrestris - Kiire Tarne - Fit360\",\"isPartOf\":{\"@id\":\"https:\\\/\\\/fit360.ee\\\/en\\\/#website\"},\"primaryImageOfPage\":{\"@id\":\"https:\\\/\\\/fit360.ee\\\/en\\\/pood\\\/product-groups\\\/testosterone-boosters-en\\\/tribulus-en\\\/army1-tribulus-4000-100tabs\\\/#primaryimage\"},\"image\":{\"@id\":\"https:\\\/\\\/fit360.ee\\\/en\\\/pood\\\/product-groups\\\/testosterone-boosters-en\\\/tribulus-en\\\/army1-tribulus-4000-100tabs\\\/#primaryimage\"},\"thumbnailUrl\":\"https:\\\/\\\/fit360.ee\\\/wp-content\\\/uploads\\\/2024\\\/07\\\/army1-tribulus-4000-fit360.ee_.jpg\",\"datePublished\":\"2024-07-14T17:59:16+00:00\",\"dateModified\":\"2026-04-09T15:12:59+00:00\",\"description\":\"Army1 Tribulus 4000\u00a0on v\u00f5imas looduslik testosterooni v\u00f5imendaja, mis on valmistatud puhtast Tribulus terrestris'e ekstraktist ja sisaldab k\u00f5rget ...\",\"breadcrumb\":{\"@id\":\"https:\\\/\\\/fit360.ee\\\/en\\\/pood\\\/product-groups\\\/testosterone-boosters-en\\\/tribulus-en\\\/army1-tribulus-4000-100tabs\\\/#breadcrumb\"},\"inLanguage\":\"en-US\",\"potentialAction\":[{\"@type\":\"ReadAction\",\"target\":[\"https:\\\/\\\/fit360.ee\\\/en\\\/pood\\\/product-groups\\\/testosterone-boosters-en\\\/tribulus-en\\\/army1-tribulus-4000-100tabs\\\/\"]}]},{\"@type\":\"ImageObject\",\"inLanguage\":\"en-US\",\"@id\":\"https:\\\/\\\/fit360.ee\\\/en\\\/pood\\\/product-groups\\\/testosterone-boosters-en\\\/tribulus-en\\\/army1-tribulus-4000-100tabs\\\/#primaryimage\",\"url\":\"https:\\\/\\\/fit360.ee\\\/wp-content\\\/uploads\\\/2024\\\/07\\\/army1-tribulus-4000-fit360.ee_.jpg\",\"contentUrl\":\"https:\\\/\\\/fit360.ee\\\/wp-content\\\/uploads\\\/2024\\\/07\\\/army1-tribulus-4000-fit360.ee_.jpg\",\"width\":550,\"height\":550,\"caption\":\"army1 tribulus 4000 - fit360.ee\"},{\"@type\":\"BreadcrumbList\",\"@id\":\"https:\\\/\\\/fit360.ee\\\/en\\\/pood\\\/product-groups\\\/testosterone-boosters-en\\\/tribulus-en\\\/army1-tribulus-4000-100tabs\\\/#breadcrumb\",\"itemListElement\":[{\"@type\":\"ListItem\",\"position\":1,\"name\":\"Home\",\"item\":\"https:\\\/\\\/fit360.ee\\\/en\\\/\"},{\"@type\":\"ListItem\",\"position\":2,\"name\":\"Shop\",\"item\":\"https:\\\/\\\/fit360.ee\\\/en\\\/shop\\\/\"},{\"@type\":\"ListItem\",\"position\":3,\"name\":\"Army1 Tribulus 4000 (100tabs)\"}]},{\"@type\":\"WebSite\",\"@id\":\"https:\\\/\\\/fit360.ee\\\/en\\\/#website\",\"url\":\"https:\\\/\\\/fit360.ee\\\/en\\\/\",\"name\":\"Fit360\",\"description\":\"\",\"publisher\":{\"@id\":\"https:\\\/\\\/fit360.ee\\\/en\\\/#organization\"},\"potentialAction\":[{\"@type\":\"SearchAction\",\"target\":{\"@type\":\"EntryPoint\",\"urlTemplate\":\"https:\\\/\\\/fit360.ee\\\/en\\\/?s={search_term_string}\"},\"query-input\":{\"@type\":\"PropertyValueSpecification\",\"valueRequired\":true,\"valueName\":\"search_term_string\"}}],\"inLanguage\":\"en-US\"},{\"@type\":\"Organization\",\"@id\":\"https:\\\/\\\/fit360.ee\\\/en\\\/#organization\",\"name\":\"Fit360\",\"url\":\"https:\\\/\\\/fit360.ee\\\/en\\\/\",\"logo\":{\"@type\":\"ImageObject\",\"inLanguage\":\"en-US\",\"@id\":\"https:\\\/\\\/fit360.ee\\\/en\\\/#\\\/schema\\\/logo\\\/image\\\/\",\"url\":\"https:\\\/\\\/fit360.ee\\\/wp-content\\\/uploads\\\/2017\\\/01\\\/logo-fit360.png\",\"contentUrl\":\"https:\\\/\\\/fit360.ee\\\/wp-content\\\/uploads\\\/2017\\\/01\\\/logo-fit360.png\",\"width\":180,\"height\":66,\"caption\":\"Fit360\"},\"image\":{\"@id\":\"https:\\\/\\\/fit360.ee\\\/en\\\/#\\\/schema\\\/logo\\\/image\\\/\"}}]}<\/script>\n<!-- \/ Yoast SEO plugin. -->","yoast_head_json":{"title":"Army1 Tribulus 4000 (100tabs) - Tribulus Terrestris - Kiire Tarne - Fit360","description":"Army1 Tribulus 4000\u00a0on v\u00f5imas looduslik testosterooni v\u00f5imendaja, mis on valmistatud puhtast Tribulus terrestris'e ekstraktist ja sisaldab k\u00f5rget ...","robots":{"index":"index","follow":"follow","max-snippet":"max-snippet:-1","max-image-preview":"max-image-preview:large","max-video-preview":"max-video-preview:-1"},"canonical":"https:\/\/fit360.ee\/en\/pood\/product-groups\/testosterone-boosters-en\/tribulus-en\/army1-tribulus-4000-100tabs\/","og_locale":"en_US","og_type":"article","og_title":"Army1 Tribulus 4000 (100tabs) - Tribulus Terrestris - Kiire Tarne - Fit360","og_description":"Army1 Tribulus 4000\u00a0on v\u00f5imas looduslik testosterooni v\u00f5imendaja, mis on valmistatud puhtast Tribulus terrestris'e ekstraktist ja sisaldab k\u00f5rget ...","og_url":"https:\/\/fit360.ee\/en\/pood\/product-groups\/testosterone-boosters-en\/tribulus-en\/army1-tribulus-4000-100tabs\/","og_site_name":"Fit360","article_modified_time":"2026-04-09T15:12:59+00:00","og_image":[{"width":550,"height":550,"url":"https:\/\/fit360.ee\/wp-content\/uploads\/2024\/07\/army1-tribulus-4000-fit360.ee_.jpg","type":"image\/jpeg"}],"twitter_card":"summary_large_image","twitter_misc":{"Est. reading time":"2 minutes"},"schema":{"@context":"https:\/\/schema.org","@graph":[{"@type":"WebPage","@id":"https:\/\/fit360.ee\/en\/pood\/product-groups\/testosterone-boosters-en\/tribulus-en\/army1-tribulus-4000-100tabs\/","url":"https:\/\/fit360.ee\/en\/pood\/product-groups\/testosterone-boosters-en\/tribulus-en\/army1-tribulus-4000-100tabs\/","name":"Army1 Tribulus 4000 (100tabs) - Tribulus Terrestris - Kiire Tarne - Fit360","isPartOf":{"@id":"https:\/\/fit360.ee\/en\/#website"},"primaryImageOfPage":{"@id":"https:\/\/fit360.ee\/en\/pood\/product-groups\/testosterone-boosters-en\/tribulus-en\/army1-tribulus-4000-100tabs\/#primaryimage"},"image":{"@id":"https:\/\/fit360.ee\/en\/pood\/product-groups\/testosterone-boosters-en\/tribulus-en\/army1-tribulus-4000-100tabs\/#primaryimage"},"thumbnailUrl":"https:\/\/fit360.ee\/wp-content\/uploads\/2024\/07\/army1-tribulus-4000-fit360.ee_.jpg","datePublished":"2024-07-14T17:59:16+00:00","dateModified":"2026-04-09T15:12:59+00:00","description":"Army1 Tribulus 4000\u00a0on v\u00f5imas looduslik testosterooni v\u00f5imendaja, mis on valmistatud puhtast Tribulus terrestris'e ekstraktist ja sisaldab k\u00f5rget ...","breadcrumb":{"@id":"https:\/\/fit360.ee\/en\/pood\/product-groups\/testosterone-boosters-en\/tribulus-en\/army1-tribulus-4000-100tabs\/#breadcrumb"},"inLanguage":"en-US","potentialAction":[{"@type":"ReadAction","target":["https:\/\/fit360.ee\/en\/pood\/product-groups\/testosterone-boosters-en\/tribulus-en\/army1-tribulus-4000-100tabs\/"]}]},{"@type":"ImageObject","inLanguage":"en-US","@id":"https:\/\/fit360.ee\/en\/pood\/product-groups\/testosterone-boosters-en\/tribulus-en\/army1-tribulus-4000-100tabs\/#primaryimage","url":"https:\/\/fit360.ee\/wp-content\/uploads\/2024\/07\/army1-tribulus-4000-fit360.ee_.jpg","contentUrl":"https:\/\/fit360.ee\/wp-content\/uploads\/2024\/07\/army1-tribulus-4000-fit360.ee_.jpg","width":550,"height":550,"caption":"army1 tribulus 4000 - fit360.ee"},{"@type":"BreadcrumbList","@id":"https:\/\/fit360.ee\/en\/pood\/product-groups\/testosterone-boosters-en\/tribulus-en\/army1-tribulus-4000-100tabs\/#breadcrumb","itemListElement":[{"@type":"ListItem","position":1,"name":"Home","item":"https:\/\/fit360.ee\/en\/"},{"@type":"ListItem","position":2,"name":"Shop","item":"https:\/\/fit360.ee\/en\/shop\/"},{"@type":"ListItem","position":3,"name":"Army1 Tribulus 4000 (100tabs)"}]},{"@type":"WebSite","@id":"https:\/\/fit360.ee\/en\/#website","url":"https:\/\/fit360.ee\/en\/","name":"Fit360","description":"","publisher":{"@id":"https:\/\/fit360.ee\/en\/#organization"},"potentialAction":[{"@type":"SearchAction","target":{"@type":"EntryPoint","urlTemplate":"https:\/\/fit360.ee\/en\/?s={search_term_string}"},"query-input":{"@type":"PropertyValueSpecification","valueRequired":true,"valueName":"search_term_string"}}],"inLanguage":"en-US"},{"@type":"Organization","@id":"https:\/\/fit360.ee\/en\/#organization","name":"Fit360","url":"https:\/\/fit360.ee\/en\/","logo":{"@type":"ImageObject","inLanguage":"en-US","@id":"https:\/\/fit360.ee\/en\/#\/schema\/logo\/image\/","url":"https:\/\/fit360.ee\/wp-content\/uploads\/2017\/01\/logo-fit360.png","contentUrl":"https:\/\/fit360.ee\/wp-content\/uploads\/2017\/01\/logo-fit360.png","width":180,"height":66,"caption":"Fit360"},"image":{"@id":"https:\/\/fit360.ee\/en\/#\/schema\/logo\/image\/"}}]}},"_links":{"self":[{"href":"https:\/\/fit360.ee\/en\/wp-json\/wp\/v2\/product\/81180","targetHints":{"allow":["GET"]}}],"collection":[{"href":"https:\/\/fit360.ee\/en\/wp-json\/wp\/v2\/product"}],"about":[{"href":"https:\/\/fit360.ee\/en\/wp-json\/wp\/v2\/types\/product"}],"replies":[{"embeddable":true,"href":"https:\/\/fit360.ee\/en\/wp-json\/wp\/v2\/comments?post=81180"}],"wp:featuredmedia":[{"embeddable":true,"href":"https:\/\/fit360.ee\/en\/wp-json\/wp\/v2\/media\/81179"}],"wp:attachment":[{"href":"https:\/\/fit360.ee\/en\/wp-json\/wp\/v2\/media?parent=81180"}],"wp:term":[{"taxonomy":"product_brand","embeddable":true,"href":"https:\/\/fit360.ee\/en\/wp-json\/wp\/v2\/product_brand?post=81180"},{"taxonomy":"product_cat","embeddable":true,"href":"https:\/\/fit360.ee\/en\/wp-json\/wp\/v2\/product_cat?post=81180"},{"taxonomy":"product_tag","embeddable":true,"href":"https:\/\/fit360.ee\/en\/wp-json\/wp\/v2\/product_tag?post=81180"},{"taxonomy":"giftcard-category","embeddable":true,"href":"https:\/\/fit360.ee\/en\/wp-json\/wp\/v2\/giftcard-category?post=81180"}],"curies":[{"name":"wp","href":"https:\/\/api.w.org\/{rel}","templated":true}]}}