{"id":81212,"date":"2024-07-15T10:29:15","date_gmt":"2024-07-15T08:29:15","guid":{"rendered":"https:\/\/fit360.ee\/pood\/uncategorized\/army1-mass-gainer-4540g\/"},"modified":"2026-04-09T17:13:04","modified_gmt":"2026-04-09T15:13:04","slug":"army1-mass-gainer-4540g","status":"publish","type":"product","link":"https:\/\/fit360.ee\/en\/pood\/product-groups\/creatine-en\/creatine-monohydrate-en\/army1-mass-gainer-4540g\/","title":{"rendered":"Army1 Mass Squad (4540g)"},"content":{"rendered":"<h2><strong>Army1 Mass Squad<\/strong><\/h2>\n<p>ARMY1 Mass Squad on k\u00f5rge s\u00fcsivesikute sisaldusega kalorikokteil, mis sisaldab 42g valku portsjoni kohta. Mitmest allikast koosnev s\u00fcsivesikute maatriks, k\u00f5rge valgusisaldus ja aminohapete lisamine optimaalses vahekorras 2:1:1 soodustavad valkude imendumist. Selle v\u00e4ljat\u00f6\u00f6tamise k\u00e4igus lisati ka kreatiini ja vitamiinide kompleksi. Kreatiin m\u00e4ngib rolli lihaste h\u00fcdratatsioonis ja kasvus.<br \/>\nHoolikalt valitud vitamiinikompleks toetab keha valkude ja s\u00fcsivesikute kasutamist energia ja lahja lihasmassi saamiseks.<br \/>\nKoos vitamiinide, BCAA-de, kreatiini ja tribulusega on see valgu- ja s\u00fcsivesikute maatriks ainus kokteil, mida vajate oma keha kasvuhormooni ja testosterooni taseme t\u00f5stmiseks, tagades samal ajal optimaalse valgutarbimise, mis aitab teil lihaseid kiiresti ja t\u00f5husalt t\u00e4iendada. See on ideaalne valik neile, kellel on suur lihasmass v\u00f5i kes tegelevad suure j\u00f5udlusega tegevustega.<\/p>\n<p><a href=\"https:\/\/fit360.ee\/en\/product-category\/product-groups\/amino-acids-bcaa\/bcaa-en\/\"><strong>Hargnenud ahelaga aminohapped \u2013 BCAA-d<\/strong><\/a> (leutsiini, isoleutsiini, valiini vahekorras 2:1:1) aktiveerivad anaboolset funktsiooni. Neid ei saa organism ise valmistada ja neid tuleb saada toiduga. Need aitavad kasvatada lihaseid, pidurdades samal ajal valkude lagunemist ja lihaste atroofiat, aidates samal ajal kaasa keha v\u00f5imele kasutada energia saamiseks s\u00fcsivesikute asemel rasva &#8220;k\u00fctusena&#8221;.<\/p>\n<p><a href=\"https:\/\/fit360.ee\/en\/product-category\/product-groups\/creatine-en\/\"><strong>Kreatiin<\/strong><\/a> on spordimaailmas populaarne toidulisand ja seda v\u00f5etakse peamiselt massi suurendamise perioodidel. See esineb kehas loomulikult, ladestub lihastes ja seda kasutatakse energia tootmiseks. Toidulisandina v\u00f5tmine suurendab kreatiini kogust lihastesse, parandab anaeroobset j\u00f5udlust ja v\u00f5imaldab teha rohkem kordusi ja\/v\u00f5i t\u00f5sta kangile rohkem raskust. Nii aitab see kaasa lahja lihasmassi suurenemisele ja mahu arengule.<\/p>\n<p>Tribulus terrestris on ravimtaim, mida kasutatakse stimulandina ja mis aitab t\u00f5sta testosterooni.<\/p>\n<p>ARMY1 MASS SQUAD on saadaval pulbri kujul, kolmes maitses: \u0161okolaad, k\u00fcpsised ja koor, maasikas.<\/p>\n<p><b>Miks see valida?<\/b><\/p>\n<ul>\n<li>Ideaalne lisand lihaste kasvatamiseks ja massi suurendamiseks<\/li>\n<li>K\u00f5rge s\u00fcsivesikute sisaldus<\/li>\n<li>42 grammi valku portsjoni kohta<\/li>\n<li>Lisatud hargnenud ahelaga aminohapped (BCAA)<\/li>\n<li>Kreatiiniga, et suurendada j\u00f5udlust, rohkem kordusi ja lihaseid kasvatada<\/li>\n<li>Tribulusega testosterooni suurendamiseks<\/li>\n<li>Kolmes maitsvas variandis<\/li>\n<\/ul>\n<p><strong>Kasutamine<\/strong>: Sega 150 grammi pulbrit (kaks lusikat\u00e4it) vees ja tarbi treeningu ajal v\u00f5i p\u00e4rast seda.<\/p>\n<p><strong>Suurus<\/strong>: 2270g<\/p>\n<p><a href=\"https:\/\/fit360.ee\/wp-content\/uploads\/2024\/07\/army1-mass-squad-koostisosad-fit360.ee_-691x800.png\"><img loading=\"lazy\" decoding=\"async\" class=\"size-medium wp-image-81201\" src=\"https:\/\/fit360.ee\/wp-content\/uploads\/2024\/07\/army1-mass-squad-koostisosad-fit360.ee_-691x800.png\" alt=\"army1 mass squad koostisosad - fit360.ee\" width=\"691\" height=\"800\" srcset=\"https:\/\/fit360.ee\/wp-content\/uploads\/2024\/07\/army1-mass-squad-koostisosad-fit360.ee_-691x800.png 691w, https:\/\/fit360.ee\/wp-content\/uploads\/2024\/07\/army1-mass-squad-koostisosad-fit360.ee_-510x591.png 510w, https:\/\/fit360.ee\/wp-content\/uploads\/2024\/07\/army1-mass-squad-koostisosad-fit360.ee_.png 696w\" sizes=\"auto, (max-width: 691px) 100vw, 691px\" \/><\/a><\/p>\n<p>&nbsp;<\/p>\n<p>Vaata ka meie Teisi Massilisajaid <a href=\"https:\/\/fit360.ee\/en\/product-category\/product-groups\/mass-gainers-en\/\"><strong>SIIT<\/strong><\/a> v\u00f5i Taastusjooke <a href=\"https:\/\/fit360.ee\/en\/product-category\/product-groups\/recovery-post-workout-en\/\"><strong>SIIT<\/strong><\/a>!<\/p>\n<p>Soovid kaupa osta suuremas koguses? Vaata antud toodet ka meie HULGI poest\u00a0<a href=\"https:\/\/toidulisandidhulgi.ee\/tooted\/army1-mass-squad-4540g\/\"><strong>SIIT<\/strong><\/a>!<\/p>\n","protected":false},"excerpt":{"rendered":"<ul>\n<li>Ideaalne lisand lihaste kasvatamiseks ja massi suurendamiseks<\/li>\n<li>K\u00f5rge s\u00fcsivesikute sisaldus<\/li>\n<li>42 grammi valku portsjoni kohta<\/li>\n<li>Lisatud hargnenud ahelaga aminohapped (BCAA)<\/li>\n<li>Kreatiiniga, et suurendada j\u00f5udlust, rohkem kordusi ja lihaseid kasvatada<\/li>\n<li>Tribulusega testosterooni suurendamiseks<\/li>\n<li>Kolmes maitsvas variandis<\/li>\n<\/ul>\n","protected":false},"featured_media":81211,"comment_status":"open","ping_status":"closed","template":"","meta":[],"product_brand":[],"product_cat":[4956,526,2412,528,535,531],"product_tag":[4957,4971,4972],"giftcard-category":[],"class_list":{"0":"post-81212","1":"product","2":"type-product","3":"status-publish","4":"has-post-thumbnail","6":"product_cat-army1-en","7":"product_cat-creatine-en","8":"product_cat-creatine-monohydrate-en","9":"product_cat-mass-gainers-en","10":"product_cat-protein-poweders-en","11":"product_cat-recovery-post-workout-en","12":"product_tag-army1-en","13":"product_tag-army1-mass-squad-en","14":"product_tag-mass-squad-en","15":"pa_maitse-chocolate","16":"pa_maitse-cream-cookie","18":"first","19":"instock","20":"sale","21":"taxable","22":"shipping-taxable","23":"purchasable","24":"product-type-variable"},"yoast_head":"<!-- This site is optimized with the Yoast SEO plugin v27.3 - https:\/\/yoast.com\/product\/yoast-seo-wordpress\/ -->\n<title>Army1 Mass Squad (4540g) - Massilisaja kreatiiniga - \u00dclit\u00f5hus - Fit360<\/title>\n<meta name=\"description\" content=\"ARMY1 Mass Squad on k\u00f5rge s\u00fcsivesikute sisaldusega kalorikokteil, mis sisaldab 42g valku portsjoni kohta. Mitmest allikast koosnev s\u00fcsivesikute ma...\" \/>\n<meta name=\"robots\" content=\"index, follow, max-snippet:-1, max-image-preview:large, max-video-preview:-1\" \/>\n<link rel=\"canonical\" href=\"https:\/\/fit360.ee\/en\/pood\/product-groups\/creatine-en\/creatine-monohydrate-en\/army1-mass-gainer-4540g\/\" \/>\n<meta property=\"og:locale\" content=\"en_US\" \/>\n<meta property=\"og:type\" content=\"article\" \/>\n<meta property=\"og:title\" content=\"Army1 Mass Squad (4540g) - Massilisaja kreatiiniga - \u00dclit\u00f5hus - Fit360\" \/>\n<meta property=\"og:description\" content=\"ARMY1 Mass Squad on k\u00f5rge s\u00fcsivesikute sisaldusega kalorikokteil, mis sisaldab 42g valku portsjoni kohta. Mitmest allikast koosnev s\u00fcsivesikute ma...\" \/>\n<meta property=\"og:url\" content=\"https:\/\/fit360.ee\/en\/pood\/product-groups\/creatine-en\/creatine-monohydrate-en\/army1-mass-gainer-4540g\/\" \/>\n<meta property=\"og:site_name\" content=\"Fit360\" \/>\n<meta property=\"article:modified_time\" content=\"2026-04-09T15:13:04+00:00\" \/>\n<meta property=\"og:image\" content=\"https:\/\/fit360.ee\/wp-content\/uploads\/2024\/07\/army1-mass-squad-massilisaja-fit360.ee-1.png\" \/>\n\t<meta property=\"og:image:width\" content=\"800\" \/>\n\t<meta property=\"og:image:height\" content=\"800\" \/>\n\t<meta property=\"og:image:type\" content=\"image\/png\" \/>\n<meta name=\"twitter:card\" content=\"summary_large_image\" \/>\n<meta name=\"twitter:label1\" content=\"Est. reading time\" \/>\n\t<meta name=\"twitter:data1\" content=\"3 minutes\" \/>\n<script type=\"application\/ld+json\" class=\"yoast-schema-graph\">{\"@context\":\"https:\\\/\\\/schema.org\",\"@graph\":[{\"@type\":\"WebPage\",\"@id\":\"https:\\\/\\\/fit360.ee\\\/en\\\/pood\\\/product-groups\\\/creatine-en\\\/creatine-monohydrate-en\\\/army1-mass-gainer-4540g\\\/\",\"url\":\"https:\\\/\\\/fit360.ee\\\/en\\\/pood\\\/product-groups\\\/creatine-en\\\/creatine-monohydrate-en\\\/army1-mass-gainer-4540g\\\/\",\"name\":\"Army1 Mass Squad (4540g) - Massilisaja kreatiiniga - \u00dclit\u00f5hus - Fit360\",\"isPartOf\":{\"@id\":\"https:\\\/\\\/fit360.ee\\\/en\\\/#website\"},\"primaryImageOfPage\":{\"@id\":\"https:\\\/\\\/fit360.ee\\\/en\\\/pood\\\/product-groups\\\/creatine-en\\\/creatine-monohydrate-en\\\/army1-mass-gainer-4540g\\\/#primaryimage\"},\"image\":{\"@id\":\"https:\\\/\\\/fit360.ee\\\/en\\\/pood\\\/product-groups\\\/creatine-en\\\/creatine-monohydrate-en\\\/army1-mass-gainer-4540g\\\/#primaryimage\"},\"thumbnailUrl\":\"https:\\\/\\\/fit360.ee\\\/wp-content\\\/uploads\\\/2024\\\/07\\\/army1-mass-squad-massilisaja-fit360.ee-1.png\",\"datePublished\":\"2024-07-15T08:29:15+00:00\",\"dateModified\":\"2026-04-09T15:13:04+00:00\",\"description\":\"ARMY1 Mass Squad on k\u00f5rge s\u00fcsivesikute sisaldusega kalorikokteil, mis sisaldab 42g valku portsjoni kohta. Mitmest allikast koosnev s\u00fcsivesikute ma...\",\"breadcrumb\":{\"@id\":\"https:\\\/\\\/fit360.ee\\\/en\\\/pood\\\/product-groups\\\/creatine-en\\\/creatine-monohydrate-en\\\/army1-mass-gainer-4540g\\\/#breadcrumb\"},\"inLanguage\":\"en-US\",\"potentialAction\":[{\"@type\":\"ReadAction\",\"target\":[\"https:\\\/\\\/fit360.ee\\\/en\\\/pood\\\/product-groups\\\/creatine-en\\\/creatine-monohydrate-en\\\/army1-mass-gainer-4540g\\\/\"]}]},{\"@type\":\"ImageObject\",\"inLanguage\":\"en-US\",\"@id\":\"https:\\\/\\\/fit360.ee\\\/en\\\/pood\\\/product-groups\\\/creatine-en\\\/creatine-monohydrate-en\\\/army1-mass-gainer-4540g\\\/#primaryimage\",\"url\":\"https:\\\/\\\/fit360.ee\\\/wp-content\\\/uploads\\\/2024\\\/07\\\/army1-mass-squad-massilisaja-fit360.ee-1.png\",\"contentUrl\":\"https:\\\/\\\/fit360.ee\\\/wp-content\\\/uploads\\\/2024\\\/07\\\/army1-mass-squad-massilisaja-fit360.ee-1.png\",\"width\":800,\"height\":800,\"caption\":\"army1 mass squad massilisaja - fit360.ee\"},{\"@type\":\"BreadcrumbList\",\"@id\":\"https:\\\/\\\/fit360.ee\\\/en\\\/pood\\\/product-groups\\\/creatine-en\\\/creatine-monohydrate-en\\\/army1-mass-gainer-4540g\\\/#breadcrumb\",\"itemListElement\":[{\"@type\":\"ListItem\",\"position\":1,\"name\":\"Home\",\"item\":\"https:\\\/\\\/fit360.ee\\\/en\\\/\"},{\"@type\":\"ListItem\",\"position\":2,\"name\":\"Shop\",\"item\":\"https:\\\/\\\/fit360.ee\\\/en\\\/shop\\\/\"},{\"@type\":\"ListItem\",\"position\":3,\"name\":\"Army1 Mass Squad (4540g)\"}]},{\"@type\":\"WebSite\",\"@id\":\"https:\\\/\\\/fit360.ee\\\/en\\\/#website\",\"url\":\"https:\\\/\\\/fit360.ee\\\/en\\\/\",\"name\":\"Fit360\",\"description\":\"\",\"publisher\":{\"@id\":\"https:\\\/\\\/fit360.ee\\\/en\\\/#organization\"},\"potentialAction\":[{\"@type\":\"SearchAction\",\"target\":{\"@type\":\"EntryPoint\",\"urlTemplate\":\"https:\\\/\\\/fit360.ee\\\/en\\\/?s={search_term_string}\"},\"query-input\":{\"@type\":\"PropertyValueSpecification\",\"valueRequired\":true,\"valueName\":\"search_term_string\"}}],\"inLanguage\":\"en-US\"},{\"@type\":\"Organization\",\"@id\":\"https:\\\/\\\/fit360.ee\\\/en\\\/#organization\",\"name\":\"Fit360\",\"url\":\"https:\\\/\\\/fit360.ee\\\/en\\\/\",\"logo\":{\"@type\":\"ImageObject\",\"inLanguage\":\"en-US\",\"@id\":\"https:\\\/\\\/fit360.ee\\\/en\\\/#\\\/schema\\\/logo\\\/image\\\/\",\"url\":\"https:\\\/\\\/fit360.ee\\\/wp-content\\\/uploads\\\/2017\\\/01\\\/logo-fit360.png\",\"contentUrl\":\"https:\\\/\\\/fit360.ee\\\/wp-content\\\/uploads\\\/2017\\\/01\\\/logo-fit360.png\",\"width\":180,\"height\":66,\"caption\":\"Fit360\"},\"image\":{\"@id\":\"https:\\\/\\\/fit360.ee\\\/en\\\/#\\\/schema\\\/logo\\\/image\\\/\"}}]}<\/script>\n<!-- \/ Yoast SEO plugin. -->","yoast_head_json":{"title":"Army1 Mass Squad (4540g) - Massilisaja kreatiiniga - \u00dclit\u00f5hus - Fit360","description":"ARMY1 Mass Squad on k\u00f5rge s\u00fcsivesikute sisaldusega kalorikokteil, mis sisaldab 42g valku portsjoni kohta. Mitmest allikast koosnev s\u00fcsivesikute ma...","robots":{"index":"index","follow":"follow","max-snippet":"max-snippet:-1","max-image-preview":"max-image-preview:large","max-video-preview":"max-video-preview:-1"},"canonical":"https:\/\/fit360.ee\/en\/pood\/product-groups\/creatine-en\/creatine-monohydrate-en\/army1-mass-gainer-4540g\/","og_locale":"en_US","og_type":"article","og_title":"Army1 Mass Squad (4540g) - Massilisaja kreatiiniga - \u00dclit\u00f5hus - Fit360","og_description":"ARMY1 Mass Squad on k\u00f5rge s\u00fcsivesikute sisaldusega kalorikokteil, mis sisaldab 42g valku portsjoni kohta. Mitmest allikast koosnev s\u00fcsivesikute ma...","og_url":"https:\/\/fit360.ee\/en\/pood\/product-groups\/creatine-en\/creatine-monohydrate-en\/army1-mass-gainer-4540g\/","og_site_name":"Fit360","article_modified_time":"2026-04-09T15:13:04+00:00","og_image":[{"width":800,"height":800,"url":"https:\/\/fit360.ee\/wp-content\/uploads\/2024\/07\/army1-mass-squad-massilisaja-fit360.ee-1.png","type":"image\/png"}],"twitter_card":"summary_large_image","twitter_misc":{"Est. reading time":"3 minutes"},"schema":{"@context":"https:\/\/schema.org","@graph":[{"@type":"WebPage","@id":"https:\/\/fit360.ee\/en\/pood\/product-groups\/creatine-en\/creatine-monohydrate-en\/army1-mass-gainer-4540g\/","url":"https:\/\/fit360.ee\/en\/pood\/product-groups\/creatine-en\/creatine-monohydrate-en\/army1-mass-gainer-4540g\/","name":"Army1 Mass Squad (4540g) - Massilisaja kreatiiniga - \u00dclit\u00f5hus - Fit360","isPartOf":{"@id":"https:\/\/fit360.ee\/en\/#website"},"primaryImageOfPage":{"@id":"https:\/\/fit360.ee\/en\/pood\/product-groups\/creatine-en\/creatine-monohydrate-en\/army1-mass-gainer-4540g\/#primaryimage"},"image":{"@id":"https:\/\/fit360.ee\/en\/pood\/product-groups\/creatine-en\/creatine-monohydrate-en\/army1-mass-gainer-4540g\/#primaryimage"},"thumbnailUrl":"https:\/\/fit360.ee\/wp-content\/uploads\/2024\/07\/army1-mass-squad-massilisaja-fit360.ee-1.png","datePublished":"2024-07-15T08:29:15+00:00","dateModified":"2026-04-09T15:13:04+00:00","description":"ARMY1 Mass Squad on k\u00f5rge s\u00fcsivesikute sisaldusega kalorikokteil, mis sisaldab 42g valku portsjoni kohta. Mitmest allikast koosnev s\u00fcsivesikute ma...","breadcrumb":{"@id":"https:\/\/fit360.ee\/en\/pood\/product-groups\/creatine-en\/creatine-monohydrate-en\/army1-mass-gainer-4540g\/#breadcrumb"},"inLanguage":"en-US","potentialAction":[{"@type":"ReadAction","target":["https:\/\/fit360.ee\/en\/pood\/product-groups\/creatine-en\/creatine-monohydrate-en\/army1-mass-gainer-4540g\/"]}]},{"@type":"ImageObject","inLanguage":"en-US","@id":"https:\/\/fit360.ee\/en\/pood\/product-groups\/creatine-en\/creatine-monohydrate-en\/army1-mass-gainer-4540g\/#primaryimage","url":"https:\/\/fit360.ee\/wp-content\/uploads\/2024\/07\/army1-mass-squad-massilisaja-fit360.ee-1.png","contentUrl":"https:\/\/fit360.ee\/wp-content\/uploads\/2024\/07\/army1-mass-squad-massilisaja-fit360.ee-1.png","width":800,"height":800,"caption":"army1 mass squad massilisaja - fit360.ee"},{"@type":"BreadcrumbList","@id":"https:\/\/fit360.ee\/en\/pood\/product-groups\/creatine-en\/creatine-monohydrate-en\/army1-mass-gainer-4540g\/#breadcrumb","itemListElement":[{"@type":"ListItem","position":1,"name":"Home","item":"https:\/\/fit360.ee\/en\/"},{"@type":"ListItem","position":2,"name":"Shop","item":"https:\/\/fit360.ee\/en\/shop\/"},{"@type":"ListItem","position":3,"name":"Army1 Mass Squad (4540g)"}]},{"@type":"WebSite","@id":"https:\/\/fit360.ee\/en\/#website","url":"https:\/\/fit360.ee\/en\/","name":"Fit360","description":"","publisher":{"@id":"https:\/\/fit360.ee\/en\/#organization"},"potentialAction":[{"@type":"SearchAction","target":{"@type":"EntryPoint","urlTemplate":"https:\/\/fit360.ee\/en\/?s={search_term_string}"},"query-input":{"@type":"PropertyValueSpecification","valueRequired":true,"valueName":"search_term_string"}}],"inLanguage":"en-US"},{"@type":"Organization","@id":"https:\/\/fit360.ee\/en\/#organization","name":"Fit360","url":"https:\/\/fit360.ee\/en\/","logo":{"@type":"ImageObject","inLanguage":"en-US","@id":"https:\/\/fit360.ee\/en\/#\/schema\/logo\/image\/","url":"https:\/\/fit360.ee\/wp-content\/uploads\/2017\/01\/logo-fit360.png","contentUrl":"https:\/\/fit360.ee\/wp-content\/uploads\/2017\/01\/logo-fit360.png","width":180,"height":66,"caption":"Fit360"},"image":{"@id":"https:\/\/fit360.ee\/en\/#\/schema\/logo\/image\/"}}]}},"_links":{"self":[{"href":"https:\/\/fit360.ee\/en\/wp-json\/wp\/v2\/product\/81212","targetHints":{"allow":["GET"]}}],"collection":[{"href":"https:\/\/fit360.ee\/en\/wp-json\/wp\/v2\/product"}],"about":[{"href":"https:\/\/fit360.ee\/en\/wp-json\/wp\/v2\/types\/product"}],"replies":[{"embeddable":true,"href":"https:\/\/fit360.ee\/en\/wp-json\/wp\/v2\/comments?post=81212"}],"wp:featuredmedia":[{"embeddable":true,"href":"https:\/\/fit360.ee\/en\/wp-json\/wp\/v2\/media\/81211"}],"wp:attachment":[{"href":"https:\/\/fit360.ee\/en\/wp-json\/wp\/v2\/media?parent=81212"}],"wp:term":[{"taxonomy":"product_brand","embeddable":true,"href":"https:\/\/fit360.ee\/en\/wp-json\/wp\/v2\/product_brand?post=81212"},{"taxonomy":"product_cat","embeddable":true,"href":"https:\/\/fit360.ee\/en\/wp-json\/wp\/v2\/product_cat?post=81212"},{"taxonomy":"product_tag","embeddable":true,"href":"https:\/\/fit360.ee\/en\/wp-json\/wp\/v2\/product_tag?post=81212"},{"taxonomy":"giftcard-category","embeddable":true,"href":"https:\/\/fit360.ee\/en\/wp-json\/wp\/v2\/giftcard-category?post=81212"}],"curies":[{"name":"wp","href":"https:\/\/api.w.org\/{rel}","templated":true}]}}