{"id":81222,"date":"2024-07-15T10:29:15","date_gmt":"2024-07-15T08:29:15","guid":{"rendered":"https:\/\/fit360.ee\/pood\/uncategorized\/army1-eaa-complex-300g\/"},"modified":"2026-04-09T17:13:08","modified_gmt":"2026-04-09T15:13:08","slug":"army1-eaa-complex-300g","status":"publish","type":"product","link":"https:\/\/fit360.ee\/en\/pood\/product-groups\/amino-acids-bcaa\/bcaa-en\/army1-eaa-complex-300g\/","title":{"rendered":"Army1 EAA Complex (300g)"},"content":{"rendered":"<h2><strong>Army1 EAA Complex<\/strong><\/h2>\n<p>Army1 EAA Complex on suurep\u00e4rase maitse ja\u00a0 v\u00f5imsa koostisosadega toode, mis on t\u00e4is k\u00f5iki 9 olulist aminohapet ning lisatud vitamiine B12 ja B6. Army1 EAA Complex-i v\u00f5tmine on eriti t\u00f5hus treeningusisese v\u00f5i -j\u00e4rgse toidulisandina, mis aitab kaasa lihaste ja energia tootmisele treeningu ajal ning soodustab rasvade kasutamist energia saamiseks. Vitamiinide B12 ja B6 lisamine aitab veelgi kaasa rasvade ainevahetusele ja aitab kaasa valkude lagunemisele, et keha saaks neid \u00f5igesti kasutada.<\/p>\n<div class=\"elementor-widget-container\">\n<p>Army1 EAA Complex annab t\u00e4iusliku koguse 9 olulist aminohapet. See tagab, et nii teie keha kui ka lihased on iga treeningu jaoks t\u00e4ielikult varustatud.EAA Complex on kvaliteetne toidulisand, mis t\u00e4iendab k\u00f5iki meie igap\u00e4evases toidus sisalduvaid olulisi aminohappeid (EAA). \u00d5ige aminohapete tase on lihaste kasvu ja tugevuse jaoks h\u00e4davajalik. Hot Nutritioni EAA portsjon on piisavalt rikkalik, et pakkuda 7,7 g EAA-d, millest 4,8 g on BCAA. Selle koostoime valgurikka dieediga aitab kaasa lihaste kasvule ja inimese lihaste atroofia reguleerimisele. EAA Complexi toidulisandi v\u00f5tmine enne treeningut, selle ajal v\u00f5i p\u00e4rast treeningut v\u00f5ib suurendada valgus\u00fcnteesi, mille tulemuseks on positiivne valgubilanss ja lihaste \u00fclesehitamise seisund, mis v\u00f5imaldab teil kiiremini taastuda ja lihaseid \u00fcles ehitada.<\/p>\n<p>EAA kompleks aitab teie kehal saada rohkem l\u00e4mmastikku. Positiivne l\u00e4mmastiku tasakaal soodustab lihaste kasvu, kui valgus\u00fcntees \u00fcletab valgu lagunemise. Lisaks v\u00f5ib EAA Complex aidata ka teie skeletilihaste aminohapete kogust stabiilsena hoida. Skeletilihas reageerib motoorsetele stiimulitele, metaboliseerides treeningu ajal valke. Aminohapped aitavad kaasa taastumisprotsessile p\u00e4rast treeningut. Suurenenud lihaste valkude s\u00fcntees toob kaasa positiivse valgu tasakaalu ja lihaseid \u00fclesehitava seisundi, mis v\u00f5imaldab teil treeningust kiiremini taastuda. Lisaks EAA Complexi fantastilistele eelistele.<\/p>\n<\/div>\n<h2 class=\"elementor-widget-container\"><span style=\"font-size: 14.4px;\"><strong>EAA (Essential Amino Acid Complex) eelised<\/strong>:<\/span><\/h2>\n<div class=\"elementor-widget-container\">\n<div>\n<ul>\n<li>Aitab suurendada ihasmassi<\/li>\n<li>Aitab suurendada energiat ja j\u00f5udlust<\/li>\n<li>Aitab kaasa taastumisele<\/li>\n<li>Aitab suurendada rasvap\u00f5letust<\/li>\n<li>Aitab kiirendada ainevahetust<\/li>\n<li>Aitab t\u00e4iustada unemustreid<\/li>\n<li>Aitab parandada immuuns\u00fcsteemi<\/li>\n<\/ul>\n<\/div>\n<\/div>\n<p><strong>Koostisosad<\/strong>: EAA kompleks (L-leutsiin, L-l\u00fcsiin, L-treoniin, L- T\u00fcrosiin, L-isoleutsiin, L-valiin, L-fen\u00fc\u00fclalaniin), maltodekstriin, hape (sidrunhape), l\u00f5hna- ja maitseained, magusaine (sukraloos), p\u00fcridoksiin<br \/>\nvesinikkloriid, v\u00e4rv (Ponceau 4R*), ts\u00fcanokobalamiin.<\/p>\n<p><strong>Kasutamine<\/strong>: Sega 2 m\u00f5\u00f5telusikat (13g) soovitud koguse veega ning tarbi treeningu ajal v\u00f5i taastusjoogina peale treeningut.<\/p>\n<p><a href=\"https:\/\/fit360.ee\/wp-content\/uploads\/2024\/07\/eaa-complex-koostisosad-fit360.ee_.jpg\"><img loading=\"lazy\" decoding=\"async\" class=\"size-full wp-image-81218\" src=\"https:\/\/fit360.ee\/wp-content\/uploads\/2024\/07\/eaa-complex-koostisosad-fit360.ee_.jpg\" alt=\"eaa complex koostisosad - fit360.ee\" width=\"550\" height=\"550\" srcset=\"https:\/\/fit360.ee\/wp-content\/uploads\/2024\/07\/eaa-complex-koostisosad-fit360.ee_.jpg 550w, https:\/\/fit360.ee\/wp-content\/uploads\/2024\/07\/eaa-complex-koostisosad-fit360.ee_-247x247.jpg 247w, https:\/\/fit360.ee\/wp-content\/uploads\/2024\/07\/eaa-complex-koostisosad-fit360.ee_-100x100.jpg 100w, https:\/\/fit360.ee\/wp-content\/uploads\/2024\/07\/eaa-complex-koostisosad-fit360.ee_-510x510.jpg 510w, https:\/\/fit360.ee\/wp-content\/uploads\/2024\/07\/eaa-complex-koostisosad-fit360.ee_-340x340.jpg 340w\" sizes=\"auto, (max-width: 550px) 100vw, 550px\" \/><\/a><\/p>\n<p>&nbsp;<\/p>\n<p>Vaata ka meie teisi Aminohappeid <a href=\"https:\/\/fit360.ee\/en\/product-category\/product-groups\/amino-acids-bcaa\/\"><strong>SIIT<\/strong><\/a> v\u00f5i Asendamatuid Aminohappeid <a href=\"https:\/\/fit360.ee\/en\/product-category\/product-groups\/amino-acids-bcaa\/essential-amino-acids-eaa-en\/\"><strong>SIIT<\/strong><\/a>!<\/p>\n<p>Soovid kaupa osta suuremas koguses? Vaata antud toodet ka meie HULGI poest\u00a0<a href=\"https:\/\/toidulisandidhulgi.ee\/tooted\/army1-eaa-complex-300g\/\"><strong>SIIT<\/strong><\/a>!<\/p>\n","protected":false},"excerpt":{"rendered":"<ul>\n<li>Aitab suurendada ihasmassi<\/li>\n<li>Aitab suurendada energiat ja j\u00f5udlust<\/li>\n<li>Aitab kaasa taastumisele<\/li>\n<li>Aitab suurendada rasvap\u00f5letust<\/li>\n<li>Aitab kiirendada ainevahetust<\/li>\n<li>Aitab t\u00e4iustada unemustreid<\/li>\n<li>Aitab parandada immuuns\u00fcsteemi<\/li>\n<\/ul>\n","protected":false},"featured_media":81221,"comment_status":"open","ping_status":"closed","template":"","meta":[],"product_brand":[],"product_cat":[520,4956,2299,2331,531,536],"product_tag":[4957,4977,4978],"giftcard-category":[],"class_list":{"0":"post-81222","1":"product","2":"type-product","3":"status-publish","4":"has-post-thumbnail","6":"product_cat-amino-acids-bcaa","7":"product_cat-army1-en","8":"product_cat-bcaa-en","9":"product_cat-essential-amino-acids-eaa-en","10":"product_cat-recovery-post-workout-en","11":"product_cat-vitamins-and-minerals-en","12":"product_tag-army1-en","13":"product_tag-army1-eaa-complex-en","14":"product_tag-eaa-complex-en","15":"pa_maitse-bubble-gum-en","16":"pa_maitse-mango-passion-2-en","18":"first","19":"instock","20":"sale","21":"taxable","22":"shipping-taxable","23":"purchasable","24":"product-type-variable"},"yoast_head":"<!-- This site is optimized with the Yoast SEO plugin v27.3 - https:\/\/yoast.com\/product\/yoast-seo-wordpress\/ -->\n<title>Army1 EAA Complex (300g) - Asendamatud Aminohapped - Fit360<\/title>\n<meta name=\"description\" content=\"Army1 EAA Complex on suurep\u00e4rase maitse ja\u00a0 v\u00f5imsa koostisosadega toode, mis on t\u00e4is k\u00f5iki 9 olulist aminohapet ning lisatud vitamiine B12 ja B6. Kiire Tarne\" \/>\n<meta name=\"robots\" content=\"index, follow, max-snippet:-1, max-image-preview:large, max-video-preview:-1\" \/>\n<link rel=\"canonical\" href=\"https:\/\/fit360.ee\/en\/pood\/product-groups\/amino-acids-bcaa\/bcaa-en\/army1-eaa-complex-300g\/\" \/>\n<meta property=\"og:locale\" content=\"en_US\" \/>\n<meta property=\"og:type\" content=\"article\" \/>\n<meta property=\"og:title\" content=\"Army1 EAA Complex (300g) - Asendamatud Aminohapped - Fit360\" \/>\n<meta property=\"og:description\" content=\"Army1 EAA Complex on suurep\u00e4rase maitse ja\u00a0 v\u00f5imsa koostisosadega toode, mis on t\u00e4is k\u00f5iki 9 olulist aminohapet ning lisatud vitamiine B12 ja B6. Kiire Tarne\" \/>\n<meta property=\"og:url\" content=\"https:\/\/fit360.ee\/en\/pood\/product-groups\/amino-acids-bcaa\/bcaa-en\/army1-eaa-complex-300g\/\" \/>\n<meta property=\"og:site_name\" content=\"Fit360\" \/>\n<meta property=\"article:modified_time\" content=\"2026-04-09T15:13:08+00:00\" \/>\n<meta property=\"og:image\" content=\"https:\/\/fit360.ee\/wp-content\/uploads\/2024\/07\/army1-eaa-complex-fit360.ee_.jpg\" \/>\n\t<meta property=\"og:image:width\" content=\"550\" \/>\n\t<meta property=\"og:image:height\" content=\"550\" \/>\n\t<meta property=\"og:image:type\" content=\"image\/jpeg\" \/>\n<meta name=\"twitter:card\" content=\"summary_large_image\" \/>\n<meta name=\"twitter:label1\" content=\"Est. reading time\" \/>\n\t<meta name=\"twitter:data1\" content=\"3 minutes\" \/>\n<script type=\"application\/ld+json\" class=\"yoast-schema-graph\">{\"@context\":\"https:\\\/\\\/schema.org\",\"@graph\":[{\"@type\":\"WebPage\",\"@id\":\"https:\\\/\\\/fit360.ee\\\/en\\\/pood\\\/product-groups\\\/amino-acids-bcaa\\\/bcaa-en\\\/army1-eaa-complex-300g\\\/\",\"url\":\"https:\\\/\\\/fit360.ee\\\/en\\\/pood\\\/product-groups\\\/amino-acids-bcaa\\\/bcaa-en\\\/army1-eaa-complex-300g\\\/\",\"name\":\"Army1 EAA Complex (300g) - Asendamatud Aminohapped - Fit360\",\"isPartOf\":{\"@id\":\"https:\\\/\\\/fit360.ee\\\/en\\\/#website\"},\"primaryImageOfPage\":{\"@id\":\"https:\\\/\\\/fit360.ee\\\/en\\\/pood\\\/product-groups\\\/amino-acids-bcaa\\\/bcaa-en\\\/army1-eaa-complex-300g\\\/#primaryimage\"},\"image\":{\"@id\":\"https:\\\/\\\/fit360.ee\\\/en\\\/pood\\\/product-groups\\\/amino-acids-bcaa\\\/bcaa-en\\\/army1-eaa-complex-300g\\\/#primaryimage\"},\"thumbnailUrl\":\"https:\\\/\\\/fit360.ee\\\/wp-content\\\/uploads\\\/2024\\\/07\\\/army1-eaa-complex-fit360.ee_.jpg\",\"datePublished\":\"2024-07-15T08:29:15+00:00\",\"dateModified\":\"2026-04-09T15:13:08+00:00\",\"description\":\"Army1 EAA Complex on suurep\u00e4rase maitse ja\u00a0 v\u00f5imsa koostisosadega toode, mis on t\u00e4is k\u00f5iki 9 olulist aminohapet ning lisatud vitamiine B12 ja B6. Kiire Tarne\",\"breadcrumb\":{\"@id\":\"https:\\\/\\\/fit360.ee\\\/en\\\/pood\\\/product-groups\\\/amino-acids-bcaa\\\/bcaa-en\\\/army1-eaa-complex-300g\\\/#breadcrumb\"},\"inLanguage\":\"en-US\",\"potentialAction\":[{\"@type\":\"ReadAction\",\"target\":[\"https:\\\/\\\/fit360.ee\\\/en\\\/pood\\\/product-groups\\\/amino-acids-bcaa\\\/bcaa-en\\\/army1-eaa-complex-300g\\\/\"]}]},{\"@type\":\"ImageObject\",\"inLanguage\":\"en-US\",\"@id\":\"https:\\\/\\\/fit360.ee\\\/en\\\/pood\\\/product-groups\\\/amino-acids-bcaa\\\/bcaa-en\\\/army1-eaa-complex-300g\\\/#primaryimage\",\"url\":\"https:\\\/\\\/fit360.ee\\\/wp-content\\\/uploads\\\/2024\\\/07\\\/army1-eaa-complex-fit360.ee_.jpg\",\"contentUrl\":\"https:\\\/\\\/fit360.ee\\\/wp-content\\\/uploads\\\/2024\\\/07\\\/army1-eaa-complex-fit360.ee_.jpg\",\"width\":550,\"height\":550,\"caption\":\"army1 eaa complex - fit360.ee\"},{\"@type\":\"BreadcrumbList\",\"@id\":\"https:\\\/\\\/fit360.ee\\\/en\\\/pood\\\/product-groups\\\/amino-acids-bcaa\\\/bcaa-en\\\/army1-eaa-complex-300g\\\/#breadcrumb\",\"itemListElement\":[{\"@type\":\"ListItem\",\"position\":1,\"name\":\"Home\",\"item\":\"https:\\\/\\\/fit360.ee\\\/en\\\/\"},{\"@type\":\"ListItem\",\"position\":2,\"name\":\"Shop\",\"item\":\"https:\\\/\\\/fit360.ee\\\/en\\\/shop\\\/\"},{\"@type\":\"ListItem\",\"position\":3,\"name\":\"Army1 EAA Complex (300g)\"}]},{\"@type\":\"WebSite\",\"@id\":\"https:\\\/\\\/fit360.ee\\\/en\\\/#website\",\"url\":\"https:\\\/\\\/fit360.ee\\\/en\\\/\",\"name\":\"Fit360\",\"description\":\"\",\"publisher\":{\"@id\":\"https:\\\/\\\/fit360.ee\\\/en\\\/#organization\"},\"potentialAction\":[{\"@type\":\"SearchAction\",\"target\":{\"@type\":\"EntryPoint\",\"urlTemplate\":\"https:\\\/\\\/fit360.ee\\\/en\\\/?s={search_term_string}\"},\"query-input\":{\"@type\":\"PropertyValueSpecification\",\"valueRequired\":true,\"valueName\":\"search_term_string\"}}],\"inLanguage\":\"en-US\"},{\"@type\":\"Organization\",\"@id\":\"https:\\\/\\\/fit360.ee\\\/en\\\/#organization\",\"name\":\"Fit360\",\"url\":\"https:\\\/\\\/fit360.ee\\\/en\\\/\",\"logo\":{\"@type\":\"ImageObject\",\"inLanguage\":\"en-US\",\"@id\":\"https:\\\/\\\/fit360.ee\\\/en\\\/#\\\/schema\\\/logo\\\/image\\\/\",\"url\":\"https:\\\/\\\/fit360.ee\\\/wp-content\\\/uploads\\\/2017\\\/01\\\/logo-fit360.png\",\"contentUrl\":\"https:\\\/\\\/fit360.ee\\\/wp-content\\\/uploads\\\/2017\\\/01\\\/logo-fit360.png\",\"width\":180,\"height\":66,\"caption\":\"Fit360\"},\"image\":{\"@id\":\"https:\\\/\\\/fit360.ee\\\/en\\\/#\\\/schema\\\/logo\\\/image\\\/\"}}]}<\/script>\n<!-- \/ Yoast SEO plugin. -->","yoast_head_json":{"title":"Army1 EAA Complex (300g) - Asendamatud Aminohapped - Fit360","description":"Army1 EAA Complex on suurep\u00e4rase maitse ja\u00a0 v\u00f5imsa koostisosadega toode, mis on t\u00e4is k\u00f5iki 9 olulist aminohapet ning lisatud vitamiine B12 ja B6. Kiire Tarne","robots":{"index":"index","follow":"follow","max-snippet":"max-snippet:-1","max-image-preview":"max-image-preview:large","max-video-preview":"max-video-preview:-1"},"canonical":"https:\/\/fit360.ee\/en\/pood\/product-groups\/amino-acids-bcaa\/bcaa-en\/army1-eaa-complex-300g\/","og_locale":"en_US","og_type":"article","og_title":"Army1 EAA Complex (300g) - Asendamatud Aminohapped - Fit360","og_description":"Army1 EAA Complex on suurep\u00e4rase maitse ja\u00a0 v\u00f5imsa koostisosadega toode, mis on t\u00e4is k\u00f5iki 9 olulist aminohapet ning lisatud vitamiine B12 ja B6. Kiire Tarne","og_url":"https:\/\/fit360.ee\/en\/pood\/product-groups\/amino-acids-bcaa\/bcaa-en\/army1-eaa-complex-300g\/","og_site_name":"Fit360","article_modified_time":"2026-04-09T15:13:08+00:00","og_image":[{"width":550,"height":550,"url":"https:\/\/fit360.ee\/wp-content\/uploads\/2024\/07\/army1-eaa-complex-fit360.ee_.jpg","type":"image\/jpeg"}],"twitter_card":"summary_large_image","twitter_misc":{"Est. reading time":"3 minutes"},"schema":{"@context":"https:\/\/schema.org","@graph":[{"@type":"WebPage","@id":"https:\/\/fit360.ee\/en\/pood\/product-groups\/amino-acids-bcaa\/bcaa-en\/army1-eaa-complex-300g\/","url":"https:\/\/fit360.ee\/en\/pood\/product-groups\/amino-acids-bcaa\/bcaa-en\/army1-eaa-complex-300g\/","name":"Army1 EAA Complex (300g) - Asendamatud Aminohapped - Fit360","isPartOf":{"@id":"https:\/\/fit360.ee\/en\/#website"},"primaryImageOfPage":{"@id":"https:\/\/fit360.ee\/en\/pood\/product-groups\/amino-acids-bcaa\/bcaa-en\/army1-eaa-complex-300g\/#primaryimage"},"image":{"@id":"https:\/\/fit360.ee\/en\/pood\/product-groups\/amino-acids-bcaa\/bcaa-en\/army1-eaa-complex-300g\/#primaryimage"},"thumbnailUrl":"https:\/\/fit360.ee\/wp-content\/uploads\/2024\/07\/army1-eaa-complex-fit360.ee_.jpg","datePublished":"2024-07-15T08:29:15+00:00","dateModified":"2026-04-09T15:13:08+00:00","description":"Army1 EAA Complex on suurep\u00e4rase maitse ja\u00a0 v\u00f5imsa koostisosadega toode, mis on t\u00e4is k\u00f5iki 9 olulist aminohapet ning lisatud vitamiine B12 ja B6. Kiire Tarne","breadcrumb":{"@id":"https:\/\/fit360.ee\/en\/pood\/product-groups\/amino-acids-bcaa\/bcaa-en\/army1-eaa-complex-300g\/#breadcrumb"},"inLanguage":"en-US","potentialAction":[{"@type":"ReadAction","target":["https:\/\/fit360.ee\/en\/pood\/product-groups\/amino-acids-bcaa\/bcaa-en\/army1-eaa-complex-300g\/"]}]},{"@type":"ImageObject","inLanguage":"en-US","@id":"https:\/\/fit360.ee\/en\/pood\/product-groups\/amino-acids-bcaa\/bcaa-en\/army1-eaa-complex-300g\/#primaryimage","url":"https:\/\/fit360.ee\/wp-content\/uploads\/2024\/07\/army1-eaa-complex-fit360.ee_.jpg","contentUrl":"https:\/\/fit360.ee\/wp-content\/uploads\/2024\/07\/army1-eaa-complex-fit360.ee_.jpg","width":550,"height":550,"caption":"army1 eaa complex - fit360.ee"},{"@type":"BreadcrumbList","@id":"https:\/\/fit360.ee\/en\/pood\/product-groups\/amino-acids-bcaa\/bcaa-en\/army1-eaa-complex-300g\/#breadcrumb","itemListElement":[{"@type":"ListItem","position":1,"name":"Home","item":"https:\/\/fit360.ee\/en\/"},{"@type":"ListItem","position":2,"name":"Shop","item":"https:\/\/fit360.ee\/en\/shop\/"},{"@type":"ListItem","position":3,"name":"Army1 EAA Complex (300g)"}]},{"@type":"WebSite","@id":"https:\/\/fit360.ee\/en\/#website","url":"https:\/\/fit360.ee\/en\/","name":"Fit360","description":"","publisher":{"@id":"https:\/\/fit360.ee\/en\/#organization"},"potentialAction":[{"@type":"SearchAction","target":{"@type":"EntryPoint","urlTemplate":"https:\/\/fit360.ee\/en\/?s={search_term_string}"},"query-input":{"@type":"PropertyValueSpecification","valueRequired":true,"valueName":"search_term_string"}}],"inLanguage":"en-US"},{"@type":"Organization","@id":"https:\/\/fit360.ee\/en\/#organization","name":"Fit360","url":"https:\/\/fit360.ee\/en\/","logo":{"@type":"ImageObject","inLanguage":"en-US","@id":"https:\/\/fit360.ee\/en\/#\/schema\/logo\/image\/","url":"https:\/\/fit360.ee\/wp-content\/uploads\/2017\/01\/logo-fit360.png","contentUrl":"https:\/\/fit360.ee\/wp-content\/uploads\/2017\/01\/logo-fit360.png","width":180,"height":66,"caption":"Fit360"},"image":{"@id":"https:\/\/fit360.ee\/en\/#\/schema\/logo\/image\/"}}]}},"_links":{"self":[{"href":"https:\/\/fit360.ee\/en\/wp-json\/wp\/v2\/product\/81222","targetHints":{"allow":["GET"]}}],"collection":[{"href":"https:\/\/fit360.ee\/en\/wp-json\/wp\/v2\/product"}],"about":[{"href":"https:\/\/fit360.ee\/en\/wp-json\/wp\/v2\/types\/product"}],"replies":[{"embeddable":true,"href":"https:\/\/fit360.ee\/en\/wp-json\/wp\/v2\/comments?post=81222"}],"wp:featuredmedia":[{"embeddable":true,"href":"https:\/\/fit360.ee\/en\/wp-json\/wp\/v2\/media\/81221"}],"wp:attachment":[{"href":"https:\/\/fit360.ee\/en\/wp-json\/wp\/v2\/media?parent=81222"}],"wp:term":[{"taxonomy":"product_brand","embeddable":true,"href":"https:\/\/fit360.ee\/en\/wp-json\/wp\/v2\/product_brand?post=81222"},{"taxonomy":"product_cat","embeddable":true,"href":"https:\/\/fit360.ee\/en\/wp-json\/wp\/v2\/product_cat?post=81222"},{"taxonomy":"product_tag","embeddable":true,"href":"https:\/\/fit360.ee\/en\/wp-json\/wp\/v2\/product_tag?post=81222"},{"taxonomy":"giftcard-category","embeddable":true,"href":"https:\/\/fit360.ee\/en\/wp-json\/wp\/v2\/giftcard-category?post=81222"}],"curies":[{"name":"wp","href":"https:\/\/api.w.org\/{rel}","templated":true}]}}