{"id":81233,"date":"2024-07-15T11:14:26","date_gmt":"2024-07-15T09:14:26","guid":{"rendered":"https:\/\/fit360.ee\/pood\/uncategorized\/army1-burn-it-120tabs\/"},"modified":"2026-04-09T17:13:14","modified_gmt":"2026-04-09T15:13:14","slug":"army1-burn-it-120tabs","status":"publish","type":"product","link":"https:\/\/fit360.ee\/en\/pood\/product-groups\/superfoods-health-foods-en\/green-tea-extract-en\/army1-burn-it-120tabs\/","title":{"rendered":"Army1 Burn It (120tabs)"},"content":{"rendered":"<h2><strong>Army1 Burn It<\/strong><\/h2>\n<p><strong>ARMY1 Burn It<\/strong> on kofeiini sisaldav rasvap\u00f5letaja, mis on rikastatud taimeekstraktidega. Paljud selle koostisosad v\u00f5ivad aidata teie kehal rohkem rasva p\u00f5letada. Korraliku gl\u00fckoosi metabolismi tagamiseks lisati v\u00e4ljat\u00f6\u00f6tamise k\u00e4igus kroomi, mis aitab v\u00e4ltida soovimatute rasvade talletamist. Lisatud tsink m\u00e4ngib rolli kilpn\u00e4\u00e4rme \u00f5iges funktsioonis ja ainevahetuse toetamises. <strong>Army1 Burn It<\/strong> efektiivsuse t\u00f5stmiseks lisasime ka kofeiini, mis t\u00e4iendab suurep\u00e4raselt teisi koostisosi. Lisaks on v\u00e4ga oluline ka j\u00e4rgida madala kalorsusega dieeti.<\/p>\n<ul>\n<li>T\u00f5hus rasvap\u00f5letaja<\/li>\n<li>Aitab paremat vormi saavutada<\/li>\n<li>T\u00e4iustatud ekstraktidega<\/li>\n<li>Sisaldab kofeiini<\/li>\n<\/ul>\n<p><strong>Koostisosad<\/strong>: L-karnitiin-L-tartraat, mahuaine (tselluloos), rohelise kohvi (Coffea Robusta L.) pulber (kofeiinisisaldus 0,6%), Siberi \u017een\u0161enn (Eleutherococcus senticosus) ) juure- ja risoomiekstrakt (standardiseeritud 0,8% eleuterosiidideni), L-t\u00fcrosiin (vaba aminohappe vorm), m\u00f5ruapelsini (Citrus Aurantium) pulber, kitosaan (krevettidest), koolap\u00e4hkli (Cola Acuminate) seemneekstrakt 5:1 (5) % kofeiinisisaldus), guaraana (Paullinia cupana) seemne ekstrakt (22% kofeiini sisaldus), valge paju (Salix alba) koore ekstrakt (standardiseeritud 15% salitsiini), stabilisaator [pol\u00fcvin\u00fc\u00fclp\u00fcrrolidoon (PVP)], veevaba kofeiin, roheline tee (Camellia sinensis) lehtede ekstrakt (standardiseeritud 95% pol\u00fcfenoolide jaoks), 40% EGCG ja 5% kofeiini), alfa-lipohape, paakumisvastased ained (rasvhapete magneesiumisoolad, talk, r\u00e4nidioksiid), cayenne&#8217;i pipar (Capsicum annuum L.) pulber, tsinktsitraat, paakumisvastane aine (ortofosforhappe kaltsiumisoolad), kroom(III)pikolinaat.<\/p>\n<p><strong>Kasutamine<\/strong>: Tarbi 1-3 tabletti p\u00e4evas j\u00e4rgmiselt. Esimesel p\u00e4eval 1-2 tabletti hommikul. Alates kolmandast p\u00e4evast 2 tabletti hommikul ja 1 tablett enne l\u00f5unat. V\u00f5tke iga annus rohke veega v\u00e4hemalt 4 n\u00e4dala jooksul. P\u00e4rast 8-n\u00e4dalast kasutamist l\u00f5petage pidage pausi v\u00e4hemalt 2 n\u00e4dalat. <strong>HOIATUS<\/strong>: Toidulisandid ei asenda tasakaalustatud toitumist ja tervislikku eluviisi. \u00c4rge \u00fcletage soovitatud annust! Hoida lastele k\u00e4ttesaamatus kohas. Sisaldab kofeiini. Ei soovitata lastele, rasedatele ega imetavatele naistele (38,2 mg\/1 tablett, 114,5 mg\/3 tabletti).<\/p>\n<p><strong>Suurus<\/strong>: 120 tabletti<\/p>\n<p><a href=\"https:\/\/fit360.ee\/wp-content\/uploads\/2024\/07\/army1-burn-it-rasvapoletaja-fit360.ee_.jpg\"><img loading=\"lazy\" decoding=\"async\" class=\"size-full wp-image-81226\" src=\"https:\/\/fit360.ee\/wp-content\/uploads\/2024\/07\/army1-burn-it-rasvapoletaja-fit360.ee_.jpg\" alt=\"army1 burn it rasvap\u00f5letaja - fit360.ee\" width=\"500\" height=\"280\" \/><\/a><\/p>\n<p>Vaata ka meie Teisi Rasvap\u00f5letajaid <a href=\"https:\/\/fit360.ee\/en\/product-category\/product-groups\/fat-burners-en\/\"><strong>SIIT<\/strong><\/a>!<\/p>\n<p>Soovid kaupa osta suuremas koguses? Vaata antud toodet ka meie HULGI poest\u00a0<a href=\"https:\/\/toidulisandidhulgi.ee\/tooted\/army1-burn-it-120tabs\/\"><strong>SIIT<\/strong><\/a>!<\/p>\n","protected":false},"excerpt":{"rendered":"<ul>\n<li>T\u00f5hus rasvap\u00f5letaja<\/li>\n<li>Aitab paremat vormi saavutada<\/li>\n<li>T\u00e4iustatud ekstraktidega<\/li>\n<li>Sisaldab kofeiini<\/li>\n<\/ul>\n","protected":false},"featured_media":81232,"comment_status":"open","ping_status":"closed","template":"","meta":[],"product_brand":[],"product_cat":[4956,2287,530,2371,2404,1454,536],"product_tag":[4957,4982,4983],"giftcard-category":[],"class_list":{"0":"post-81233","1":"product","2":"type-product","3":"status-publish","4":"has-post-thumbnail","6":"product_cat-army1-en","7":"product_cat-chromium-en","8":"product_cat-fat-burners-en","9":"product_cat-green-tea-extract-en","10":"product_cat-l-carnitine-en","11":"product_cat-superfoods-health-foods-en","12":"product_cat-vitamins-and-minerals-en","13":"product_tag-army1-en","14":"product_tag-army1-burn-it-en","15":"product_tag-burn-it-en","16":"pa_kogus-120-tablets","17":"pa_toidulisand-branddd-army1","18":"pa_tootegruppp-kroom-en","19":"pa_tootegruppp-l-karnitiin-en","20":"pa_tootegruppp-rohelise-tee-ekstrakt-en","21":"pa_tootegruppp-supertoit-tervisetoit-en","22":"pa_tootegruppp-vitamins-and-minerals","23":"pa_tootegruppp-weight-loss","25":"first","26":"instock","27":"sale","28":"taxable","29":"shipping-taxable","30":"purchasable","31":"product-type-simple"},"yoast_head":"<!-- This site is optimized with the Yoast SEO plugin v27.3 - https:\/\/yoast.com\/product\/yoast-seo-wordpress\/ -->\n<title>Army1 Burn It (120tabs) - T\u00f5hus Rasvap\u00f5letus - Kiire Tarne - Fit360<\/title>\n<meta name=\"description\" content=\"ARMY1 Burn It on kofeiini sisaldav rasvap\u00f5letaja, mis on rikastatud taimeekstraktidega. Paljud selle koostisosad v\u00f5ivad aidata teie kehal rohkem ras...\" \/>\n<meta name=\"robots\" content=\"index, follow, max-snippet:-1, max-image-preview:large, max-video-preview:-1\" \/>\n<link rel=\"canonical\" href=\"https:\/\/fit360.ee\/en\/pood\/product-groups\/superfoods-health-foods-en\/green-tea-extract-en\/army1-burn-it-120tabs\/\" \/>\n<meta property=\"og:locale\" content=\"en_US\" \/>\n<meta property=\"og:type\" content=\"article\" \/>\n<meta property=\"og:title\" content=\"Army1 Burn It (120tabs) - T\u00f5hus Rasvap\u00f5letus - Kiire Tarne - Fit360\" \/>\n<meta property=\"og:description\" content=\"ARMY1 Burn It on kofeiini sisaldav rasvap\u00f5letaja, mis on rikastatud taimeekstraktidega. Paljud selle koostisosad v\u00f5ivad aidata teie kehal rohkem ras...\" \/>\n<meta property=\"og:url\" content=\"https:\/\/fit360.ee\/en\/pood\/product-groups\/superfoods-health-foods-en\/green-tea-extract-en\/army1-burn-it-120tabs\/\" \/>\n<meta property=\"og:site_name\" content=\"Fit360\" \/>\n<meta property=\"article:modified_time\" content=\"2026-04-09T15:13:14+00:00\" \/>\n<meta property=\"og:image\" content=\"https:\/\/fit360.ee\/wp-content\/uploads\/2024\/07\/army1-burn-it-fit360.ee_.png\" \/>\n\t<meta property=\"og:image:width\" content=\"800\" \/>\n\t<meta property=\"og:image:height\" content=\"800\" \/>\n\t<meta property=\"og:image:type\" content=\"image\/png\" \/>\n<meta name=\"twitter:card\" content=\"summary_large_image\" \/>\n<meta name=\"twitter:label1\" content=\"Est. reading time\" \/>\n\t<meta name=\"twitter:data1\" content=\"2 minutes\" \/>\n<script type=\"application\/ld+json\" class=\"yoast-schema-graph\">{\"@context\":\"https:\\\/\\\/schema.org\",\"@graph\":[{\"@type\":\"WebPage\",\"@id\":\"https:\\\/\\\/fit360.ee\\\/en\\\/pood\\\/product-groups\\\/superfoods-health-foods-en\\\/green-tea-extract-en\\\/army1-burn-it-120tabs\\\/\",\"url\":\"https:\\\/\\\/fit360.ee\\\/en\\\/pood\\\/product-groups\\\/superfoods-health-foods-en\\\/green-tea-extract-en\\\/army1-burn-it-120tabs\\\/\",\"name\":\"Army1 Burn It (120tabs) - T\u00f5hus Rasvap\u00f5letus - Kiire Tarne - Fit360\",\"isPartOf\":{\"@id\":\"https:\\\/\\\/fit360.ee\\\/en\\\/#website\"},\"primaryImageOfPage\":{\"@id\":\"https:\\\/\\\/fit360.ee\\\/en\\\/pood\\\/product-groups\\\/superfoods-health-foods-en\\\/green-tea-extract-en\\\/army1-burn-it-120tabs\\\/#primaryimage\"},\"image\":{\"@id\":\"https:\\\/\\\/fit360.ee\\\/en\\\/pood\\\/product-groups\\\/superfoods-health-foods-en\\\/green-tea-extract-en\\\/army1-burn-it-120tabs\\\/#primaryimage\"},\"thumbnailUrl\":\"https:\\\/\\\/fit360.ee\\\/wp-content\\\/uploads\\\/2024\\\/07\\\/army1-burn-it-fit360.ee_.png\",\"datePublished\":\"2024-07-15T09:14:26+00:00\",\"dateModified\":\"2026-04-09T15:13:14+00:00\",\"description\":\"ARMY1 Burn It on kofeiini sisaldav rasvap\u00f5letaja, mis on rikastatud taimeekstraktidega. Paljud selle koostisosad v\u00f5ivad aidata teie kehal rohkem ras...\",\"breadcrumb\":{\"@id\":\"https:\\\/\\\/fit360.ee\\\/en\\\/pood\\\/product-groups\\\/superfoods-health-foods-en\\\/green-tea-extract-en\\\/army1-burn-it-120tabs\\\/#breadcrumb\"},\"inLanguage\":\"en-US\",\"potentialAction\":[{\"@type\":\"ReadAction\",\"target\":[\"https:\\\/\\\/fit360.ee\\\/en\\\/pood\\\/product-groups\\\/superfoods-health-foods-en\\\/green-tea-extract-en\\\/army1-burn-it-120tabs\\\/\"]}]},{\"@type\":\"ImageObject\",\"inLanguage\":\"en-US\",\"@id\":\"https:\\\/\\\/fit360.ee\\\/en\\\/pood\\\/product-groups\\\/superfoods-health-foods-en\\\/green-tea-extract-en\\\/army1-burn-it-120tabs\\\/#primaryimage\",\"url\":\"https:\\\/\\\/fit360.ee\\\/wp-content\\\/uploads\\\/2024\\\/07\\\/army1-burn-it-fit360.ee_.png\",\"contentUrl\":\"https:\\\/\\\/fit360.ee\\\/wp-content\\\/uploads\\\/2024\\\/07\\\/army1-burn-it-fit360.ee_.png\",\"width\":800,\"height\":800,\"caption\":\"army1 burn it - fit360.ee\"},{\"@type\":\"BreadcrumbList\",\"@id\":\"https:\\\/\\\/fit360.ee\\\/en\\\/pood\\\/product-groups\\\/superfoods-health-foods-en\\\/green-tea-extract-en\\\/army1-burn-it-120tabs\\\/#breadcrumb\",\"itemListElement\":[{\"@type\":\"ListItem\",\"position\":1,\"name\":\"Home\",\"item\":\"https:\\\/\\\/fit360.ee\\\/en\\\/\"},{\"@type\":\"ListItem\",\"position\":2,\"name\":\"Shop\",\"item\":\"https:\\\/\\\/fit360.ee\\\/en\\\/shop\\\/\"},{\"@type\":\"ListItem\",\"position\":3,\"name\":\"Army1 Burn It (120tabs)\"}]},{\"@type\":\"WebSite\",\"@id\":\"https:\\\/\\\/fit360.ee\\\/en\\\/#website\",\"url\":\"https:\\\/\\\/fit360.ee\\\/en\\\/\",\"name\":\"Fit360\",\"description\":\"\",\"publisher\":{\"@id\":\"https:\\\/\\\/fit360.ee\\\/en\\\/#organization\"},\"potentialAction\":[{\"@type\":\"SearchAction\",\"target\":{\"@type\":\"EntryPoint\",\"urlTemplate\":\"https:\\\/\\\/fit360.ee\\\/en\\\/?s={search_term_string}\"},\"query-input\":{\"@type\":\"PropertyValueSpecification\",\"valueRequired\":true,\"valueName\":\"search_term_string\"}}],\"inLanguage\":\"en-US\"},{\"@type\":\"Organization\",\"@id\":\"https:\\\/\\\/fit360.ee\\\/en\\\/#organization\",\"name\":\"Fit360\",\"url\":\"https:\\\/\\\/fit360.ee\\\/en\\\/\",\"logo\":{\"@type\":\"ImageObject\",\"inLanguage\":\"en-US\",\"@id\":\"https:\\\/\\\/fit360.ee\\\/en\\\/#\\\/schema\\\/logo\\\/image\\\/\",\"url\":\"https:\\\/\\\/fit360.ee\\\/wp-content\\\/uploads\\\/2017\\\/01\\\/logo-fit360.png\",\"contentUrl\":\"https:\\\/\\\/fit360.ee\\\/wp-content\\\/uploads\\\/2017\\\/01\\\/logo-fit360.png\",\"width\":180,\"height\":66,\"caption\":\"Fit360\"},\"image\":{\"@id\":\"https:\\\/\\\/fit360.ee\\\/en\\\/#\\\/schema\\\/logo\\\/image\\\/\"}}]}<\/script>\n<!-- \/ Yoast SEO plugin. -->","yoast_head_json":{"title":"Army1 Burn It (120tabs) - T\u00f5hus Rasvap\u00f5letus - Kiire Tarne - Fit360","description":"ARMY1 Burn It on kofeiini sisaldav rasvap\u00f5letaja, mis on rikastatud taimeekstraktidega. Paljud selle koostisosad v\u00f5ivad aidata teie kehal rohkem ras...","robots":{"index":"index","follow":"follow","max-snippet":"max-snippet:-1","max-image-preview":"max-image-preview:large","max-video-preview":"max-video-preview:-1"},"canonical":"https:\/\/fit360.ee\/en\/pood\/product-groups\/superfoods-health-foods-en\/green-tea-extract-en\/army1-burn-it-120tabs\/","og_locale":"en_US","og_type":"article","og_title":"Army1 Burn It (120tabs) - T\u00f5hus Rasvap\u00f5letus - Kiire Tarne - Fit360","og_description":"ARMY1 Burn It on kofeiini sisaldav rasvap\u00f5letaja, mis on rikastatud taimeekstraktidega. Paljud selle koostisosad v\u00f5ivad aidata teie kehal rohkem ras...","og_url":"https:\/\/fit360.ee\/en\/pood\/product-groups\/superfoods-health-foods-en\/green-tea-extract-en\/army1-burn-it-120tabs\/","og_site_name":"Fit360","article_modified_time":"2026-04-09T15:13:14+00:00","og_image":[{"width":800,"height":800,"url":"https:\/\/fit360.ee\/wp-content\/uploads\/2024\/07\/army1-burn-it-fit360.ee_.png","type":"image\/png"}],"twitter_card":"summary_large_image","twitter_misc":{"Est. reading time":"2 minutes"},"schema":{"@context":"https:\/\/schema.org","@graph":[{"@type":"WebPage","@id":"https:\/\/fit360.ee\/en\/pood\/product-groups\/superfoods-health-foods-en\/green-tea-extract-en\/army1-burn-it-120tabs\/","url":"https:\/\/fit360.ee\/en\/pood\/product-groups\/superfoods-health-foods-en\/green-tea-extract-en\/army1-burn-it-120tabs\/","name":"Army1 Burn It (120tabs) - T\u00f5hus Rasvap\u00f5letus - Kiire Tarne - Fit360","isPartOf":{"@id":"https:\/\/fit360.ee\/en\/#website"},"primaryImageOfPage":{"@id":"https:\/\/fit360.ee\/en\/pood\/product-groups\/superfoods-health-foods-en\/green-tea-extract-en\/army1-burn-it-120tabs\/#primaryimage"},"image":{"@id":"https:\/\/fit360.ee\/en\/pood\/product-groups\/superfoods-health-foods-en\/green-tea-extract-en\/army1-burn-it-120tabs\/#primaryimage"},"thumbnailUrl":"https:\/\/fit360.ee\/wp-content\/uploads\/2024\/07\/army1-burn-it-fit360.ee_.png","datePublished":"2024-07-15T09:14:26+00:00","dateModified":"2026-04-09T15:13:14+00:00","description":"ARMY1 Burn It on kofeiini sisaldav rasvap\u00f5letaja, mis on rikastatud taimeekstraktidega. Paljud selle koostisosad v\u00f5ivad aidata teie kehal rohkem ras...","breadcrumb":{"@id":"https:\/\/fit360.ee\/en\/pood\/product-groups\/superfoods-health-foods-en\/green-tea-extract-en\/army1-burn-it-120tabs\/#breadcrumb"},"inLanguage":"en-US","potentialAction":[{"@type":"ReadAction","target":["https:\/\/fit360.ee\/en\/pood\/product-groups\/superfoods-health-foods-en\/green-tea-extract-en\/army1-burn-it-120tabs\/"]}]},{"@type":"ImageObject","inLanguage":"en-US","@id":"https:\/\/fit360.ee\/en\/pood\/product-groups\/superfoods-health-foods-en\/green-tea-extract-en\/army1-burn-it-120tabs\/#primaryimage","url":"https:\/\/fit360.ee\/wp-content\/uploads\/2024\/07\/army1-burn-it-fit360.ee_.png","contentUrl":"https:\/\/fit360.ee\/wp-content\/uploads\/2024\/07\/army1-burn-it-fit360.ee_.png","width":800,"height":800,"caption":"army1 burn it - fit360.ee"},{"@type":"BreadcrumbList","@id":"https:\/\/fit360.ee\/en\/pood\/product-groups\/superfoods-health-foods-en\/green-tea-extract-en\/army1-burn-it-120tabs\/#breadcrumb","itemListElement":[{"@type":"ListItem","position":1,"name":"Home","item":"https:\/\/fit360.ee\/en\/"},{"@type":"ListItem","position":2,"name":"Shop","item":"https:\/\/fit360.ee\/en\/shop\/"},{"@type":"ListItem","position":3,"name":"Army1 Burn It (120tabs)"}]},{"@type":"WebSite","@id":"https:\/\/fit360.ee\/en\/#website","url":"https:\/\/fit360.ee\/en\/","name":"Fit360","description":"","publisher":{"@id":"https:\/\/fit360.ee\/en\/#organization"},"potentialAction":[{"@type":"SearchAction","target":{"@type":"EntryPoint","urlTemplate":"https:\/\/fit360.ee\/en\/?s={search_term_string}"},"query-input":{"@type":"PropertyValueSpecification","valueRequired":true,"valueName":"search_term_string"}}],"inLanguage":"en-US"},{"@type":"Organization","@id":"https:\/\/fit360.ee\/en\/#organization","name":"Fit360","url":"https:\/\/fit360.ee\/en\/","logo":{"@type":"ImageObject","inLanguage":"en-US","@id":"https:\/\/fit360.ee\/en\/#\/schema\/logo\/image\/","url":"https:\/\/fit360.ee\/wp-content\/uploads\/2017\/01\/logo-fit360.png","contentUrl":"https:\/\/fit360.ee\/wp-content\/uploads\/2017\/01\/logo-fit360.png","width":180,"height":66,"caption":"Fit360"},"image":{"@id":"https:\/\/fit360.ee\/en\/#\/schema\/logo\/image\/"}}]}},"_links":{"self":[{"href":"https:\/\/fit360.ee\/en\/wp-json\/wp\/v2\/product\/81233","targetHints":{"allow":["GET"]}}],"collection":[{"href":"https:\/\/fit360.ee\/en\/wp-json\/wp\/v2\/product"}],"about":[{"href":"https:\/\/fit360.ee\/en\/wp-json\/wp\/v2\/types\/product"}],"replies":[{"embeddable":true,"href":"https:\/\/fit360.ee\/en\/wp-json\/wp\/v2\/comments?post=81233"}],"wp:featuredmedia":[{"embeddable":true,"href":"https:\/\/fit360.ee\/en\/wp-json\/wp\/v2\/media\/81232"}],"wp:attachment":[{"href":"https:\/\/fit360.ee\/en\/wp-json\/wp\/v2\/media?parent=81233"}],"wp:term":[{"taxonomy":"product_brand","embeddable":true,"href":"https:\/\/fit360.ee\/en\/wp-json\/wp\/v2\/product_brand?post=81233"},{"taxonomy":"product_cat","embeddable":true,"href":"https:\/\/fit360.ee\/en\/wp-json\/wp\/v2\/product_cat?post=81233"},{"taxonomy":"product_tag","embeddable":true,"href":"https:\/\/fit360.ee\/en\/wp-json\/wp\/v2\/product_tag?post=81233"},{"taxonomy":"giftcard-category","embeddable":true,"href":"https:\/\/fit360.ee\/en\/wp-json\/wp\/v2\/giftcard-category?post=81233"}],"curies":[{"name":"wp","href":"https:\/\/api.w.org\/{rel}","templated":true}]}}