{"id":81247,"date":"2024-07-15T11:44:26","date_gmt":"2024-07-15T09:44:26","guid":{"rendered":"https:\/\/fit360.ee\/pood\/uncategorized\/army1-bazooka-pre-workout-380g\/"},"modified":"2026-04-09T17:12:56","modified_gmt":"2026-04-09T15:12:56","slug":"army1-bazooka-pre-workout-380g","status":"publish","type":"product","link":"https:\/\/fit360.ee\/en\/pood\/product-groups\/amino-acids-bcaa\/beta-alanine-en\/army1-bazooka-pre-workout-380g\/","title":{"rendered":"Army1 Bazooka Pre-Workout (380g)"},"content":{"rendered":"<h2><strong>Army1 Bazooka Pre-Workout<\/strong><\/h2>\n<p><strong>Army1 Bazooka Pre-workout<\/strong> on uuenduslik treeningeelne toidulisand, mis annab sulle intensiivseks treeninguks vajaliku energia ja fookuse. Igasse portsjonisse (19g) pakitud muljetavaldavate koostisosadega see valem aitab teil saavutada oma treeningueesm\u00e4rke ja saavutada parimaid tulemusi.<\/p>\n<p>Selle toote peamised omadused h\u00f5lmavad j\u00e4rgmist:<\/p>\n<ul>\n<li><strong>B3-vitamiin (47,5 mg)<\/strong>\u00a0\u00a0: Aitab toetada ainevahetust ja energiat, aidates teil treeningu ajal erksana ja aktiivsena p\u00fcsida.<\/li>\n<li><strong>L-tsitrulliin-DL-malaat (1:1) (5985 mg)<\/strong>\u00a0\u00a0: see koostisosa aitab kaasa paremale vereringele, suurendades lihaste varustamist hapniku ja toitainetega.<\/li>\n<li><strong>Beeta-alaniin (5500mg)<\/strong>\u00a0\u00a0: Aitab v\u00e4hendada piimhappe sisaldust lihastes, v\u00f5imaldades teil iga kordusest rohkem kasu saada.<\/li>\n<li><strong>A-AKG kompleks (4009mg)<\/strong>\u00a0\u00a0: see kompleks sisaldab L-arginiini, aitab suurendada verevoolu ja lihaste t\u00e4isenergiat.<\/li>\n<li><strong>Kofeiin (350 mg)<\/strong>\u00a0\u00a0: annab tugeva energialaengu ning aitab s\u00e4ilitada erksust ja keskendumisv\u00f5imet treeningu ajal.<\/li>\n<li><strong>Roheline tee (251mg) pol\u00fcfenoolidega (100mg), katehhiinidega (50,2mg) ja EGCG-ga (17,6mg)<\/strong>\u00a0\u00a0: v\u00f5imsad antioks\u00fcdandid, mis toetavad lihaste taastumist ja \u00fcldist tervist.<\/li>\n<li><strong>M\u00f5ru apelsin (Citrus aurantium) (186 mg)<\/strong>\u00a0\u00a0: Aitab p\u00f5letada rasva ja t\u00f5sta energiataset.<\/li>\n<li><strong>Guaraana (40mg)<\/strong>\u00a0\u00a0: T\u00e4iendav loodusliku kofeiini allikas energia suurendamiseks.<\/li>\n<li><strong>Must pipar (1,9 mg) piperiiniga (1,8 mg)<\/strong>\u00a0\u00a0: Aitab teiste koostisosade imendumist, parandades nende t\u00f5husust.<\/li>\n<\/ul>\n<p><strong>Army1 Bazooka Pre-workout<\/strong>\u00a0\u00a0\u00a0on ideaalne liitlane k\u00f5igile sportlastele ja vabaaja harrastajatele, kes otsivad lisat\u00f5uget oma treeningu maksimeerimiseks. Selle tootega on teil k\u00f5ik, mida vajate j\u00f5udluse, vastupidavuse ja paremate tulemuste saavutamiseks.<\/p>\n<p><strong>Koostisosad<\/strong>:<\/p>\n<p><strong>N\u00e4tsukommi<\/strong>: L-tsitrulliin-DL-malaat (1:1), beeta-alaniin, A-AKG kompleks (L- Arginiin, kaltsium-alfa-ketoglutaraat, paakumisvastane aine (r\u00e4nidioksiid), l\u00f5hna- ja maitseained, L-t\u00fcrosiin (vaba aminohappe vorm), Maltodekstriin, veevaba kofeiin, rohelise tee (Camellia sinensis) lehed ekstrakt (standardiseeritud 40% pol\u00fcfenoolidele, 20% katehhiine ja 7% EGCG), m\u00f5ru apelsini (Citrus aurantium) koorepulber, magusained<br \/>\n(sukraloos, atsesulfaam-K), nikotinamiid, paakumisvastane aine (kaltsium)ortofosforhappe soolad), guaraana (Paullinia cupana) seemned ekstrakt (kofeiinisisaldus 3%), must pipar (Piper nigrum) puuvili ekstrakt (standardiseeritud 95% piperiiniga).<br \/>\n<strong>Koola<\/strong>: L-tsitrulliin-DL-malaat (1:1), beeta-alaniin, A-AKG kompleks (L-Arginiin, kaltsium-alfa-ketoglutaraat, paakumisvastane aine (r\u00e4nidioksiid), l\u00f5hna- ja maitseained, L-t\u00fcrosiin (vaba aminohappe vorm), Maltodekstriin, veevaba kofeiin, rohelise tee (Camellia sinensis) lehed ekstrakt (standardiseeritud 40% pol\u00fcfenoolidele, 20% katehhiine ja 7% EGCG), m\u00f5ru apelsini (Citrus aurantium) koorepulber, magusained<br \/>\n(sukraloos, atsesulfaam-K), nikotinamiid, paakumisvastane aine (kaltsium) ortofosforhappe soolad), guaraana (Paullinia cupana) seemned ekstrakt (kofeiinisisaldus 3%), must pipar (Piper nigrum) puuvili ekstrakt (standardiseeritud 95% piperiiniga).<br \/>\n<strong>Mojito<\/strong>: L-tsitrulliin-DL-malaat (1:1), beeta-alaniin, A-AKG kompleks (L-Arginiin, kaltsium-alfa-ketoglutaraat, paakumisvastane aine (r\u00e4nidioksiid), l\u00f5hna- ja maitseained, L-t\u00fcrosiin (vaba aminohappe vorm),<br \/>\nMaltodekstriin, veevaba kofeiin, rohelise tee (Camellia sinensis) lehed ekstrakt (standardiseeritud 40% pol\u00fcfenoolidele, 20% katehhiine ja 7% EGCG), m\u00f5ru apelsini (Citrus aurantium) koorepulber, magusained (sukraloos, atsesulfaam-K), nikotinamiid, paakumisvastane aine (kaltsium).<\/p>\n<p><strong>Kasutamine<\/strong>: 1 serveering on 1 m\u00f5\u00f5telusikas (9,5g), 2 serveeringut on 2 m\u00f5\u00f5telusikat (19g). Sega veega ja tarbi 30 minutit enne treeningut v\u00f5i f\u00fc\u00fcsilist pingutust.<\/p>\n<table>\n<tbody>\n<tr>\n<td width=\"236\"><strong><u>Toimeained<\/u><\/strong><\/td>\n<td width=\"154\"><strong>\/ 100 g<\/strong><\/td>\n<td width=\"90\"><strong>1 serveering (9,5g)<\/strong><\/td>\n<td width=\"104\"><strong>2 serveeringut (19g)<\/strong><\/td>\n<\/tr>\n<tr>\n<td width=\"236\">L-Tsitruliin\u00a0DL-Malaat\u00a0(1:1)<\/td>\n<td width=\"154\">31,5 g<\/td>\n<td width=\"90\">2992,5mg<\/td>\n<td width=\"104\">5985mg<\/td>\n<\/tr>\n<tr>\n<td width=\"236\">Beeta-Alaniin<\/td>\n<td width=\"154\">28,95 g<\/td>\n<td width=\"90\">2750mg<\/td>\n<td width=\"104\">5500mg<\/td>\n<\/tr>\n<tr>\n<td width=\"236\">A-AKG kompleks\u00a0(L-arginiin, kaltsium-alfa-ketoglutaraat)<\/td>\n<td width=\"154\">21,1 g<\/td>\n<td width=\"90\">2004,5mg<\/td>\n<td width=\"104\">4009mg<\/td>\n<\/tr>\n<tr>\n<td width=\"236\">L-T\u00fcrosiin (vaba aminohappe versioon)<\/td>\n<td width=\"154\">2,63 g<\/td>\n<td width=\"90\">250mg<\/td>\n<td width=\"104\">500mg<\/td>\n<\/tr>\n<tr>\n<td width=\"236\">Veevaba kofeiin<\/td>\n<td width=\"154\">1,84 g<\/td>\n<td width=\"90\">175mg<\/td>\n<td width=\"104\">350mg<\/td>\n<\/tr>\n<tr>\n<td width=\"236\">Rohelise tee (Camellia sinensis) lehtede ekstrakt (standardiseeritud 95% pol\u00fcfenoolide ja 5% kofeiiniga)<\/td>\n<td width=\"154\">1,32 g<\/td>\n<td width=\"90\">125,4mg<\/td>\n<td width=\"104\">250,8mg<\/td>\n<\/tr>\n<tr>\n<td width=\"236\">M\u00f5ruapelsini (Citrus aurantium) koorepulber<\/td>\n<td width=\"154\">0,98 g<\/td>\n<td width=\"90\">93mg<\/td>\n<td width=\"104\">186mg<\/td>\n<\/tr>\n<tr>\n<td width=\"236\">Guaraana (Paullina cupana) seemneekstrakt (standardiseeritud 3% kofeiiniga)<\/td>\n<td width=\"154\">0,21 g<\/td>\n<td width=\"90\">20mg<\/td>\n<td width=\"104\">40mg<\/td>\n<\/tr>\n<tr>\n<td width=\"236\">Musta pipra (Piper nigrum) puuviljaekstrakt (standardiseeritud 95% piperiiniga)<\/td>\n<td width=\"154\">0,01 g<\/td>\n<td width=\"90\">0,95mg<\/td>\n<td width=\"104\">1,9mg<\/td>\n<\/tr>\n<\/tbody>\n<\/table>\n<p>Vaata ka meie teisi Treeningeelseid Erguteid\/Pre-Workoute <a href=\"https:\/\/fit360.ee\/en\/product-category\/product-groups\/pre-workout-en\/\"><strong>SIIT<\/strong><\/a>!<\/p>\n<p>Soovid kaupa osta suuremas koguses? Vaata antud toodet ka meie HULGI poest\u00a0<a href=\"https:\/\/toidulisandidhulgi.ee\/tooted\/army1-bazooka-pre-workout-380g\/\"><strong>SIIT<\/strong><\/a>!<\/p>\n","protected":false},"excerpt":{"rendered":"<ul>\n<li>Suur energia ja fookus<\/li>\n<li>Korralik toimeaiente sisaldus<\/li>\n<li>Hea pump efekt<\/li>\n<li>Teaduslikult t\u00f5estatud toime<\/li>\n<\/ul>\n","protected":false},"featured_media":81246,"comment_status":"open","ping_status":"closed","template":"","meta":[],"product_brand":[],"product_cat":[520,4956,2303,5324,2314,2311,533],"product_tag":[4957,4988,4989],"giftcard-category":[],"class_list":{"0":"post-81247","1":"product","2":"type-product","3":"status-publish","4":"has-post-thumbnail","6":"product_cat-amino-acids-bcaa","7":"product_cat-army1-en","8":"product_cat-beta-alanine-en","9":"product_cat-caffeine-en","10":"product_cat-citrulline-en","11":"product_cat-l-arginine-en","12":"product_cat-pre-workout-en","13":"product_tag-army1-en","14":"product_tag-army1-bazooka-pre-workout-en","15":"product_tag-bazooka-pre-workout-en","16":"pa_kogus-380g-en","17":"pa_maitse-bubble-gum-en","18":"pa_maitse-cola-en","19":"pa_maitse-mojito-en","20":"pa_toidulisand-branddd-army1","21":"pa_tootegruppp-amino-acidsbcaa","22":"pa_tootegruppp-beeta-alaniin-en","23":"pa_tootegruppp-kofeiin-en","24":"pa_tootegruppp-l-arginiin-en","25":"pa_tootegruppp-pre-workout","26":"pa_tootegruppp-tsitrulliin-en","28":"first","29":"instock","30":"sale","31":"taxable","32":"shipping-taxable","33":"purchasable","34":"product-type-variable"},"yoast_head":"<!-- This site is optimized with the Yoast SEO plugin v27.3 - https:\/\/yoast.com\/product\/yoast-seo-wordpress\/ -->\n<title>Army1 Bazooka Pre-Workout (380g) - Kange erguti - Hea koostis - Fit360<\/title>\n<meta name=\"description\" content=\"Army1 Bazooka Pre-workout on uuenduslik treeningeelne toidulisand, mis annab sulle intensiivseks treeninguks vajaliku energia ja fookuse. Igasse portsjoni..\" \/>\n<meta name=\"robots\" content=\"index, follow, max-snippet:-1, max-image-preview:large, max-video-preview:-1\" \/>\n<link rel=\"canonical\" href=\"https:\/\/fit360.ee\/en\/pood\/product-groups\/amino-acids-bcaa\/beta-alanine-en\/army1-bazooka-pre-workout-380g\/\" \/>\n<meta property=\"og:locale\" content=\"en_US\" \/>\n<meta property=\"og:type\" content=\"article\" \/>\n<meta property=\"og:title\" content=\"Army1 Bazooka Pre-Workout (380g) - Kange erguti - Hea koostis - Fit360\" \/>\n<meta property=\"og:description\" content=\"Army1 Bazooka Pre-workout on uuenduslik treeningeelne toidulisand, mis annab sulle intensiivseks treeninguks vajaliku energia ja fookuse. Igasse portsjoni..\" \/>\n<meta property=\"og:url\" content=\"https:\/\/fit360.ee\/en\/pood\/product-groups\/amino-acids-bcaa\/beta-alanine-en\/army1-bazooka-pre-workout-380g\/\" \/>\n<meta property=\"og:site_name\" content=\"Fit360\" \/>\n<meta property=\"article:modified_time\" content=\"2026-04-09T15:12:56+00:00\" \/>\n<meta property=\"og:image\" content=\"https:\/\/fit360.ee\/wp-content\/uploads\/2024\/07\/army1-bazooka-pre-workout-fit360.ee_.jpg\" \/>\n\t<meta property=\"og:image:width\" content=\"1200\" \/>\n\t<meta property=\"og:image:height\" content=\"1200\" \/>\n\t<meta property=\"og:image:type\" content=\"image\/jpeg\" \/>\n<meta name=\"twitter:card\" content=\"summary_large_image\" \/>\n<meta name=\"twitter:label1\" content=\"Est. reading time\" \/>\n\t<meta name=\"twitter:data1\" content=\"3 minutes\" \/>\n<script type=\"application\/ld+json\" class=\"yoast-schema-graph\">{\"@context\":\"https:\\\/\\\/schema.org\",\"@graph\":[{\"@type\":\"WebPage\",\"@id\":\"https:\\\/\\\/fit360.ee\\\/en\\\/pood\\\/product-groups\\\/amino-acids-bcaa\\\/beta-alanine-en\\\/army1-bazooka-pre-workout-380g\\\/\",\"url\":\"https:\\\/\\\/fit360.ee\\\/en\\\/pood\\\/product-groups\\\/amino-acids-bcaa\\\/beta-alanine-en\\\/army1-bazooka-pre-workout-380g\\\/\",\"name\":\"Army1 Bazooka Pre-Workout (380g) - Kange erguti - Hea koostis - Fit360\",\"isPartOf\":{\"@id\":\"https:\\\/\\\/fit360.ee\\\/en\\\/#website\"},\"primaryImageOfPage\":{\"@id\":\"https:\\\/\\\/fit360.ee\\\/en\\\/pood\\\/product-groups\\\/amino-acids-bcaa\\\/beta-alanine-en\\\/army1-bazooka-pre-workout-380g\\\/#primaryimage\"},\"image\":{\"@id\":\"https:\\\/\\\/fit360.ee\\\/en\\\/pood\\\/product-groups\\\/amino-acids-bcaa\\\/beta-alanine-en\\\/army1-bazooka-pre-workout-380g\\\/#primaryimage\"},\"thumbnailUrl\":\"https:\\\/\\\/fit360.ee\\\/wp-content\\\/uploads\\\/2024\\\/07\\\/army1-bazooka-pre-workout-fit360.ee_.jpg\",\"datePublished\":\"2024-07-15T09:44:26+00:00\",\"dateModified\":\"2026-04-09T15:12:56+00:00\",\"description\":\"Army1 Bazooka Pre-workout on uuenduslik treeningeelne toidulisand, mis annab sulle intensiivseks treeninguks vajaliku energia ja fookuse. Igasse portsjoni..\",\"breadcrumb\":{\"@id\":\"https:\\\/\\\/fit360.ee\\\/en\\\/pood\\\/product-groups\\\/amino-acids-bcaa\\\/beta-alanine-en\\\/army1-bazooka-pre-workout-380g\\\/#breadcrumb\"},\"inLanguage\":\"en-US\",\"potentialAction\":[{\"@type\":\"ReadAction\",\"target\":[\"https:\\\/\\\/fit360.ee\\\/en\\\/pood\\\/product-groups\\\/amino-acids-bcaa\\\/beta-alanine-en\\\/army1-bazooka-pre-workout-380g\\\/\"]}]},{\"@type\":\"ImageObject\",\"inLanguage\":\"en-US\",\"@id\":\"https:\\\/\\\/fit360.ee\\\/en\\\/pood\\\/product-groups\\\/amino-acids-bcaa\\\/beta-alanine-en\\\/army1-bazooka-pre-workout-380g\\\/#primaryimage\",\"url\":\"https:\\\/\\\/fit360.ee\\\/wp-content\\\/uploads\\\/2024\\\/07\\\/army1-bazooka-pre-workout-fit360.ee_.jpg\",\"contentUrl\":\"https:\\\/\\\/fit360.ee\\\/wp-content\\\/uploads\\\/2024\\\/07\\\/army1-bazooka-pre-workout-fit360.ee_.jpg\",\"width\":1200,\"height\":1200,\"caption\":\"army1 bazooka pre workout - fit360.ee\"},{\"@type\":\"BreadcrumbList\",\"@id\":\"https:\\\/\\\/fit360.ee\\\/en\\\/pood\\\/product-groups\\\/amino-acids-bcaa\\\/beta-alanine-en\\\/army1-bazooka-pre-workout-380g\\\/#breadcrumb\",\"itemListElement\":[{\"@type\":\"ListItem\",\"position\":1,\"name\":\"Home\",\"item\":\"https:\\\/\\\/fit360.ee\\\/en\\\/\"},{\"@type\":\"ListItem\",\"position\":2,\"name\":\"Shop\",\"item\":\"https:\\\/\\\/fit360.ee\\\/en\\\/shop\\\/\"},{\"@type\":\"ListItem\",\"position\":3,\"name\":\"Army1 Bazooka Pre-Workout (380g)\"}]},{\"@type\":\"WebSite\",\"@id\":\"https:\\\/\\\/fit360.ee\\\/en\\\/#website\",\"url\":\"https:\\\/\\\/fit360.ee\\\/en\\\/\",\"name\":\"Fit360\",\"description\":\"\",\"publisher\":{\"@id\":\"https:\\\/\\\/fit360.ee\\\/en\\\/#organization\"},\"potentialAction\":[{\"@type\":\"SearchAction\",\"target\":{\"@type\":\"EntryPoint\",\"urlTemplate\":\"https:\\\/\\\/fit360.ee\\\/en\\\/?s={search_term_string}\"},\"query-input\":{\"@type\":\"PropertyValueSpecification\",\"valueRequired\":true,\"valueName\":\"search_term_string\"}}],\"inLanguage\":\"en-US\"},{\"@type\":\"Organization\",\"@id\":\"https:\\\/\\\/fit360.ee\\\/en\\\/#organization\",\"name\":\"Fit360\",\"url\":\"https:\\\/\\\/fit360.ee\\\/en\\\/\",\"logo\":{\"@type\":\"ImageObject\",\"inLanguage\":\"en-US\",\"@id\":\"https:\\\/\\\/fit360.ee\\\/en\\\/#\\\/schema\\\/logo\\\/image\\\/\",\"url\":\"https:\\\/\\\/fit360.ee\\\/wp-content\\\/uploads\\\/2017\\\/01\\\/logo-fit360.png\",\"contentUrl\":\"https:\\\/\\\/fit360.ee\\\/wp-content\\\/uploads\\\/2017\\\/01\\\/logo-fit360.png\",\"width\":180,\"height\":66,\"caption\":\"Fit360\"},\"image\":{\"@id\":\"https:\\\/\\\/fit360.ee\\\/en\\\/#\\\/schema\\\/logo\\\/image\\\/\"}}]}<\/script>\n<!-- \/ Yoast SEO plugin. -->","yoast_head_json":{"title":"Army1 Bazooka Pre-Workout (380g) - Kange erguti - Hea koostis - Fit360","description":"Army1 Bazooka Pre-workout on uuenduslik treeningeelne toidulisand, mis annab sulle intensiivseks treeninguks vajaliku energia ja fookuse. Igasse portsjoni..","robots":{"index":"index","follow":"follow","max-snippet":"max-snippet:-1","max-image-preview":"max-image-preview:large","max-video-preview":"max-video-preview:-1"},"canonical":"https:\/\/fit360.ee\/en\/pood\/product-groups\/amino-acids-bcaa\/beta-alanine-en\/army1-bazooka-pre-workout-380g\/","og_locale":"en_US","og_type":"article","og_title":"Army1 Bazooka Pre-Workout (380g) - Kange erguti - Hea koostis - Fit360","og_description":"Army1 Bazooka Pre-workout on uuenduslik treeningeelne toidulisand, mis annab sulle intensiivseks treeninguks vajaliku energia ja fookuse. Igasse portsjoni..","og_url":"https:\/\/fit360.ee\/en\/pood\/product-groups\/amino-acids-bcaa\/beta-alanine-en\/army1-bazooka-pre-workout-380g\/","og_site_name":"Fit360","article_modified_time":"2026-04-09T15:12:56+00:00","og_image":[{"width":1200,"height":1200,"url":"https:\/\/fit360.ee\/wp-content\/uploads\/2024\/07\/army1-bazooka-pre-workout-fit360.ee_.jpg","type":"image\/jpeg"}],"twitter_card":"summary_large_image","twitter_misc":{"Est. reading time":"3 minutes"},"schema":{"@context":"https:\/\/schema.org","@graph":[{"@type":"WebPage","@id":"https:\/\/fit360.ee\/en\/pood\/product-groups\/amino-acids-bcaa\/beta-alanine-en\/army1-bazooka-pre-workout-380g\/","url":"https:\/\/fit360.ee\/en\/pood\/product-groups\/amino-acids-bcaa\/beta-alanine-en\/army1-bazooka-pre-workout-380g\/","name":"Army1 Bazooka Pre-Workout (380g) - Kange erguti - Hea koostis - Fit360","isPartOf":{"@id":"https:\/\/fit360.ee\/en\/#website"},"primaryImageOfPage":{"@id":"https:\/\/fit360.ee\/en\/pood\/product-groups\/amino-acids-bcaa\/beta-alanine-en\/army1-bazooka-pre-workout-380g\/#primaryimage"},"image":{"@id":"https:\/\/fit360.ee\/en\/pood\/product-groups\/amino-acids-bcaa\/beta-alanine-en\/army1-bazooka-pre-workout-380g\/#primaryimage"},"thumbnailUrl":"https:\/\/fit360.ee\/wp-content\/uploads\/2024\/07\/army1-bazooka-pre-workout-fit360.ee_.jpg","datePublished":"2024-07-15T09:44:26+00:00","dateModified":"2026-04-09T15:12:56+00:00","description":"Army1 Bazooka Pre-workout on uuenduslik treeningeelne toidulisand, mis annab sulle intensiivseks treeninguks vajaliku energia ja fookuse. Igasse portsjoni..","breadcrumb":{"@id":"https:\/\/fit360.ee\/en\/pood\/product-groups\/amino-acids-bcaa\/beta-alanine-en\/army1-bazooka-pre-workout-380g\/#breadcrumb"},"inLanguage":"en-US","potentialAction":[{"@type":"ReadAction","target":["https:\/\/fit360.ee\/en\/pood\/product-groups\/amino-acids-bcaa\/beta-alanine-en\/army1-bazooka-pre-workout-380g\/"]}]},{"@type":"ImageObject","inLanguage":"en-US","@id":"https:\/\/fit360.ee\/en\/pood\/product-groups\/amino-acids-bcaa\/beta-alanine-en\/army1-bazooka-pre-workout-380g\/#primaryimage","url":"https:\/\/fit360.ee\/wp-content\/uploads\/2024\/07\/army1-bazooka-pre-workout-fit360.ee_.jpg","contentUrl":"https:\/\/fit360.ee\/wp-content\/uploads\/2024\/07\/army1-bazooka-pre-workout-fit360.ee_.jpg","width":1200,"height":1200,"caption":"army1 bazooka pre workout - fit360.ee"},{"@type":"BreadcrumbList","@id":"https:\/\/fit360.ee\/en\/pood\/product-groups\/amino-acids-bcaa\/beta-alanine-en\/army1-bazooka-pre-workout-380g\/#breadcrumb","itemListElement":[{"@type":"ListItem","position":1,"name":"Home","item":"https:\/\/fit360.ee\/en\/"},{"@type":"ListItem","position":2,"name":"Shop","item":"https:\/\/fit360.ee\/en\/shop\/"},{"@type":"ListItem","position":3,"name":"Army1 Bazooka Pre-Workout (380g)"}]},{"@type":"WebSite","@id":"https:\/\/fit360.ee\/en\/#website","url":"https:\/\/fit360.ee\/en\/","name":"Fit360","description":"","publisher":{"@id":"https:\/\/fit360.ee\/en\/#organization"},"potentialAction":[{"@type":"SearchAction","target":{"@type":"EntryPoint","urlTemplate":"https:\/\/fit360.ee\/en\/?s={search_term_string}"},"query-input":{"@type":"PropertyValueSpecification","valueRequired":true,"valueName":"search_term_string"}}],"inLanguage":"en-US"},{"@type":"Organization","@id":"https:\/\/fit360.ee\/en\/#organization","name":"Fit360","url":"https:\/\/fit360.ee\/en\/","logo":{"@type":"ImageObject","inLanguage":"en-US","@id":"https:\/\/fit360.ee\/en\/#\/schema\/logo\/image\/","url":"https:\/\/fit360.ee\/wp-content\/uploads\/2017\/01\/logo-fit360.png","contentUrl":"https:\/\/fit360.ee\/wp-content\/uploads\/2017\/01\/logo-fit360.png","width":180,"height":66,"caption":"Fit360"},"image":{"@id":"https:\/\/fit360.ee\/en\/#\/schema\/logo\/image\/"}}]}},"_links":{"self":[{"href":"https:\/\/fit360.ee\/en\/wp-json\/wp\/v2\/product\/81247","targetHints":{"allow":["GET"]}}],"collection":[{"href":"https:\/\/fit360.ee\/en\/wp-json\/wp\/v2\/product"}],"about":[{"href":"https:\/\/fit360.ee\/en\/wp-json\/wp\/v2\/types\/product"}],"replies":[{"embeddable":true,"href":"https:\/\/fit360.ee\/en\/wp-json\/wp\/v2\/comments?post=81247"}],"wp:featuredmedia":[{"embeddable":true,"href":"https:\/\/fit360.ee\/en\/wp-json\/wp\/v2\/media\/81246"}],"wp:attachment":[{"href":"https:\/\/fit360.ee\/en\/wp-json\/wp\/v2\/media?parent=81247"}],"wp:term":[{"taxonomy":"product_brand","embeddable":true,"href":"https:\/\/fit360.ee\/en\/wp-json\/wp\/v2\/product_brand?post=81247"},{"taxonomy":"product_cat","embeddable":true,"href":"https:\/\/fit360.ee\/en\/wp-json\/wp\/v2\/product_cat?post=81247"},{"taxonomy":"product_tag","embeddable":true,"href":"https:\/\/fit360.ee\/en\/wp-json\/wp\/v2\/product_tag?post=81247"},{"taxonomy":"giftcard-category","embeddable":true,"href":"https:\/\/fit360.ee\/en\/wp-json\/wp\/v2\/giftcard-category?post=81247"}],"curies":[{"name":"wp","href":"https:\/\/api.w.org\/{rel}","templated":true}]}}