{"id":81272,"date":"2024-07-15T13:14:33","date_gmt":"2024-07-15T11:14:33","guid":{"rendered":"https:\/\/fit360.ee\/pood\/uncategorized\/tesla-vitamin-c-1000-vitamin-d3-100tabs\/"},"modified":"2025-08-13T07:38:35","modified_gmt":"2025-08-13T05:38:35","slug":"tesla-vitamin-c-1000-vitamin-d3-100tabs","status":"publish","type":"product","link":"https:\/\/fit360.ee\/en\/pood\/product-groups\/vitamins-and-minerals-en\/c-vitamin-en\/tesla-vitamin-c-1000-vitamin-d3-100tabs\/","title":{"rendered":"Tesla Vitamin C 1000 + Vitamin D3 (100tabs)"},"content":{"rendered":"<h2><strong>Tesla Vitamin C 1000 + Vitamin D3<\/strong><\/h2>\n<p>Tesla Vitamin C 1000 + Vitamin D3 on v\u00f5imas kombineeritud toidulisand, mis on loodud immuuns\u00fcsteemi tervise, luude tugevuse ja \u00fcldise heaolu toetamiseks. C-vitamiin on v\u00f5imas antioks\u00fcdant, mis m\u00e4ngib \u00fcliolulist rolli immuunfunktsioonis, aidates kaitsta kahjulike patogeenide eest ja edendada organismi loomulikku kaitses\u00fcsteemi. D3-vitamiin, tuntud ka kui &#8220;p\u00e4ikesevitamiin&#8221;, toetab luude tervist, aidates kaasa kaltsiumi imendumisele ja soodustades luude mineraliseerumist.<\/p>\n<p>Kombineerides neid kahte olulist vitamiini, pakub Tesla Vitamin C + Vitamin D3 igak\u00fclgset tuge teie immuuns\u00fcsteemile ja luude tervisele. See mugav toidulisand sobib ideaalselt optimaalse heaolu s\u00e4ilitamiseks, eriti ajal, mil on suurem vastuv\u00f5tlikkus haigustele v\u00f5i kui on vaja t\u00e4iendavat tuge luude tugevuseks. Kaasake Tesla C- ja D3-vitamiin oma igap\u00e4evasesse rutiini, et tugevdada oma keha loomulikku kaitsev\u00f5imet ning edendada \u00fcldist tervist ja eluj\u00f5udu.<\/p>\n<div id=\"description\" class=\"col-12 px-0 py-2 dv_details_pr collapse in\" aria-expanded=\"true\">\n<p><strong>C-VITAMIIN:<\/strong><\/p>\n<ul>\n<li>Aitab kaasa immuuns\u00fcsteemi normaalse funktsioneerimise s\u00e4ilitamisele ja rakkude kaitsmisele oks\u00fcdatiivse stressi eest.<\/li>\n<li>\u00a0Aitab kaasa kollageeni normaalsele moodustumisele veresoonte, luude, k\u00f5hrede, igemete, naha ja hammaste normaalseks talitluseks.<\/li>\n<li>Aitab kaasa n\u00e4rvis\u00fcsteemi normaalsele talitlusele.<\/li>\n<li>Aitab normaalset energiavahetust, aidates seega v\u00e4hendada v\u00e4simust.<\/li>\n<\/ul>\n<p><strong>D3-VITAMIIN:<\/strong><\/p>\n<ul>\n<li>Aitab kaasa normaalsele vere kaltsiumitasemele.<\/li>\n<li>Aitab kaasa normaalsete luude s\u00e4ilimisele.<\/li>\n<li>Aitab kaasa immuuns\u00fcsteemi normaalsele talitlusele.<\/li>\n<li>Aitab kaasa normaalse lihaste funktsiooni s\u00e4ilitamisele.<\/li>\n<\/ul>\n<\/div>\n<p><strong>Koostisosad<\/strong>: C-vitamiin (L-askorbiinhape),\u00a0maltodekstriin, paakumisvastased ained (magneesiumstearaat, r\u00e4nidioksiid), D3-vitamiin (kolekaltsiferool)<\/p>\n<p><strong>Kasutamine<\/strong>: V\u00f5tke 1-2 tabletti p\u00e4evas koos toiduga.<\/p>\n<p><strong>NB! Toode ei asenda mitmek\u00fclgset toitumist. Hoida lastele k\u00e4ttesaamatus kohas.<\/strong><\/p>\n<table>\n<tbody>\n<tr>\n<td width=\"101\"><strong><b>Toimeained\u00a0<\/b><\/strong><\/td>\n<td width=\"82\"><strong><b>1 <\/b><\/strong><strong><b>tablett<\/b><\/strong><\/td>\n<td width=\"89\"><strong><b>%SPK<\/b><\/strong><\/td>\n<td width=\"89\"><strong><b>2 tabletti <\/b><\/strong><\/td>\n<td width=\"75\"><strong><b>%SPK <\/b><\/strong><\/td>\n<\/tr>\n<tr>\n<td width=\"101\">Vitamin C<\/td>\n<td width=\"82\">1000 mg<\/td>\n<td width=\"89\">1250%<\/td>\n<td width=\"89\">2000 mg<\/td>\n<td width=\"75\">2500%<\/td>\n<\/tr>\n<tr>\n<td width=\"101\">Vitamin D3<\/td>\n<td width=\"82\">50 mcg<\/td>\n<td width=\"89\">1000%<\/td>\n<td width=\"89\">100 mcg<\/td>\n<td width=\"75\">2000%<\/td>\n<\/tr>\n<\/tbody>\n<\/table>\n<p>&nbsp;<\/p>\n<p>Vaata ka meie teisi C-Vitamiine <a href=\"https:\/\/fit360.ee\/en\/product-category\/product-groups\/vitamins-and-minerals-en\/c-vitamin-en\/\"><strong>SIIT<\/strong><\/a> v\u00f5i D-Vitamiine <a href=\"https:\/\/fit360.ee\/en\/product-category\/product-groups\/vitamins-and-minerals-en\/d-vitamin-en\/\"><strong>SIIT<\/strong><\/a>!<\/p>\n<p>Soovid kaupa osta suuremas koguses? Vaata antud toodet ka meie HULGI poest\u00a0<a href=\"https:\/\/toidulisandidhulgi.ee\/tooted\/tesla-vitamin-c-1000-vitamin-d3-100tabs\/\"><strong>SIIT<\/strong><\/a>!<\/p>\n","protected":false},"excerpt":{"rendered":"<p>Kombineerides neid kahte olulist vitamiini, pakub <strong>Tesla Vitamin C + Vitamin D3<\/strong> igak\u00fclgset tuge teie immuuns\u00fcsteemile ja luude tervisele.<\/p>\n","protected":false},"featured_media":81271,"comment_status":"open","ping_status":"closed","template":"","meta":[],"product_brand":[],"product_cat":[5311,1911,1913,5320,527,4995,536],"product_tag":[4996,5004,5005],"giftcard-category":[],"class_list":{"0":"post-81272","1":"product","2":"type-product","3":"status-publish","4":"has-post-thumbnail","6":"product_cat-antioxidants-en","7":"product_cat-c-vitamin-en","8":"product_cat-d-vitamin-en","9":"product_cat-for-immunity-en","10":"product_cat-joint-support-en","11":"product_cat-tesla-en","12":"product_cat-vitamins-and-minerals-en","13":"product_tag-tesla-en","14":"product_tag-tesla-vitamin-c-1000-vitamin-d3-en","15":"product_tag-vitamin-c-vitamin-d-en","16":"pa_kogus-100-tablets","17":"pa_toidulisand-branddd-tesla","18":"pa_tootegruppp-antioksudandid-en","19":"pa_tootegruppp-c-vitamiin-en","20":"pa_tootegruppp-d-vitamiin-en","21":"pa_tootegruppp-for-joints","22":"pa_tootegruppp-immuunsusteem-en","23":"pa_tootegruppp-vitamins-and-minerals","25":"first","26":"outofstock","27":"sale","28":"taxable","29":"shipping-taxable","30":"purchasable","31":"product-type-simple"},"yoast_head":"<!-- This site is optimized with the Yoast SEO plugin v27.3 - https:\/\/yoast.com\/product\/yoast-seo-wordpress\/ -->\n<title>Tesla Vitamin C 1000 + Vitamin D3 (100tabs) - Vitamiinikompleks - Fit360<\/title>\n<meta name=\"description\" content=\"Tesla Vitamin C 1000 + Vitamin D3 on v\u00f5imas kombineeritud toidulisand, mis on loodud immuuns\u00fcsteemi tervise, luude tugevuse ja \u00fcldise heaolu toetamiseks.\" \/>\n<meta name=\"robots\" content=\"index, follow, max-snippet:-1, max-image-preview:large, max-video-preview:-1\" \/>\n<link rel=\"canonical\" href=\"https:\/\/fit360.ee\/en\/pood\/product-groups\/vitamins-and-minerals-en\/c-vitamin-en\/tesla-vitamin-c-1000-vitamin-d3-100tabs\/\" \/>\n<meta property=\"og:locale\" content=\"en_US\" \/>\n<meta property=\"og:type\" content=\"article\" \/>\n<meta property=\"og:title\" content=\"Tesla Vitamin C 1000 + Vitamin D3 (100tabs) - Vitamiinikompleks - Fit360\" \/>\n<meta property=\"og:description\" content=\"Tesla Vitamin C 1000 + Vitamin D3 on v\u00f5imas kombineeritud toidulisand, mis on loodud immuuns\u00fcsteemi tervise, luude tugevuse ja \u00fcldise heaolu toetamiseks.\" \/>\n<meta property=\"og:url\" content=\"https:\/\/fit360.ee\/en\/pood\/product-groups\/vitamins-and-minerals-en\/c-vitamin-en\/tesla-vitamin-c-1000-vitamin-d3-100tabs\/\" \/>\n<meta property=\"og:site_name\" content=\"Fit360\" \/>\n<meta property=\"article:modified_time\" content=\"2025-08-13T05:38:35+00:00\" \/>\n<meta property=\"og:image\" content=\"https:\/\/fit360.ee\/wp-content\/uploads\/2024\/07\/vitamin-c-1000-vitamin-d3-fit360.ee-1.png\" \/>\n\t<meta property=\"og:image:width\" content=\"1200\" \/>\n\t<meta property=\"og:image:height\" content=\"1000\" \/>\n\t<meta property=\"og:image:type\" content=\"image\/png\" \/>\n<meta name=\"twitter:card\" content=\"summary_large_image\" \/>\n<meta name=\"twitter:label1\" content=\"Est. reading time\" \/>\n\t<meta name=\"twitter:data1\" content=\"2 minutes\" \/>\n<script type=\"application\/ld+json\" class=\"yoast-schema-graph\">{\"@context\":\"https:\\\/\\\/schema.org\",\"@graph\":[{\"@type\":\"WebPage\",\"@id\":\"https:\\\/\\\/fit360.ee\\\/en\\\/pood\\\/product-groups\\\/vitamins-and-minerals-en\\\/c-vitamin-en\\\/tesla-vitamin-c-1000-vitamin-d3-100tabs\\\/\",\"url\":\"https:\\\/\\\/fit360.ee\\\/en\\\/pood\\\/product-groups\\\/vitamins-and-minerals-en\\\/c-vitamin-en\\\/tesla-vitamin-c-1000-vitamin-d3-100tabs\\\/\",\"name\":\"Tesla Vitamin C 1000 + Vitamin D3 (100tabs) - Vitamiinikompleks - Fit360\",\"isPartOf\":{\"@id\":\"https:\\\/\\\/fit360.ee\\\/en\\\/#website\"},\"primaryImageOfPage\":{\"@id\":\"https:\\\/\\\/fit360.ee\\\/en\\\/pood\\\/product-groups\\\/vitamins-and-minerals-en\\\/c-vitamin-en\\\/tesla-vitamin-c-1000-vitamin-d3-100tabs\\\/#primaryimage\"},\"image\":{\"@id\":\"https:\\\/\\\/fit360.ee\\\/en\\\/pood\\\/product-groups\\\/vitamins-and-minerals-en\\\/c-vitamin-en\\\/tesla-vitamin-c-1000-vitamin-d3-100tabs\\\/#primaryimage\"},\"thumbnailUrl\":\"https:\\\/\\\/fit360.ee\\\/wp-content\\\/uploads\\\/2024\\\/07\\\/vitamin-c-1000-vitamin-d3-fit360.ee-1.png\",\"datePublished\":\"2024-07-15T11:14:33+00:00\",\"dateModified\":\"2025-08-13T05:38:35+00:00\",\"description\":\"Tesla Vitamin C 1000 + Vitamin D3 on v\u00f5imas kombineeritud toidulisand, mis on loodud immuuns\u00fcsteemi tervise, luude tugevuse ja \u00fcldise heaolu toetamiseks.\",\"breadcrumb\":{\"@id\":\"https:\\\/\\\/fit360.ee\\\/en\\\/pood\\\/product-groups\\\/vitamins-and-minerals-en\\\/c-vitamin-en\\\/tesla-vitamin-c-1000-vitamin-d3-100tabs\\\/#breadcrumb\"},\"inLanguage\":\"en-US\",\"potentialAction\":[{\"@type\":\"ReadAction\",\"target\":[\"https:\\\/\\\/fit360.ee\\\/en\\\/pood\\\/product-groups\\\/vitamins-and-minerals-en\\\/c-vitamin-en\\\/tesla-vitamin-c-1000-vitamin-d3-100tabs\\\/\"]}]},{\"@type\":\"ImageObject\",\"inLanguage\":\"en-US\",\"@id\":\"https:\\\/\\\/fit360.ee\\\/en\\\/pood\\\/product-groups\\\/vitamins-and-minerals-en\\\/c-vitamin-en\\\/tesla-vitamin-c-1000-vitamin-d3-100tabs\\\/#primaryimage\",\"url\":\"https:\\\/\\\/fit360.ee\\\/wp-content\\\/uploads\\\/2024\\\/07\\\/vitamin-c-1000-vitamin-d3-fit360.ee-1.png\",\"contentUrl\":\"https:\\\/\\\/fit360.ee\\\/wp-content\\\/uploads\\\/2024\\\/07\\\/vitamin-c-1000-vitamin-d3-fit360.ee-1.png\",\"width\":1200,\"height\":1000,\"caption\":\"vitamin c 1000 + vitamin d3 - fit360.ee\"},{\"@type\":\"BreadcrumbList\",\"@id\":\"https:\\\/\\\/fit360.ee\\\/en\\\/pood\\\/product-groups\\\/vitamins-and-minerals-en\\\/c-vitamin-en\\\/tesla-vitamin-c-1000-vitamin-d3-100tabs\\\/#breadcrumb\",\"itemListElement\":[{\"@type\":\"ListItem\",\"position\":1,\"name\":\"Home\",\"item\":\"https:\\\/\\\/fit360.ee\\\/en\\\/\"},{\"@type\":\"ListItem\",\"position\":2,\"name\":\"Shop\",\"item\":\"https:\\\/\\\/fit360.ee\\\/en\\\/shop\\\/\"},{\"@type\":\"ListItem\",\"position\":3,\"name\":\"Tesla Vitamin C 1000 + Vitamin D3 (100tabs)\"}]},{\"@type\":\"WebSite\",\"@id\":\"https:\\\/\\\/fit360.ee\\\/en\\\/#website\",\"url\":\"https:\\\/\\\/fit360.ee\\\/en\\\/\",\"name\":\"Fit360\",\"description\":\"\",\"publisher\":{\"@id\":\"https:\\\/\\\/fit360.ee\\\/en\\\/#organization\"},\"potentialAction\":[{\"@type\":\"SearchAction\",\"target\":{\"@type\":\"EntryPoint\",\"urlTemplate\":\"https:\\\/\\\/fit360.ee\\\/en\\\/?s={search_term_string}\"},\"query-input\":{\"@type\":\"PropertyValueSpecification\",\"valueRequired\":true,\"valueName\":\"search_term_string\"}}],\"inLanguage\":\"en-US\"},{\"@type\":\"Organization\",\"@id\":\"https:\\\/\\\/fit360.ee\\\/en\\\/#organization\",\"name\":\"Fit360\",\"url\":\"https:\\\/\\\/fit360.ee\\\/en\\\/\",\"logo\":{\"@type\":\"ImageObject\",\"inLanguage\":\"en-US\",\"@id\":\"https:\\\/\\\/fit360.ee\\\/en\\\/#\\\/schema\\\/logo\\\/image\\\/\",\"url\":\"https:\\\/\\\/fit360.ee\\\/wp-content\\\/uploads\\\/2017\\\/01\\\/logo-fit360.png\",\"contentUrl\":\"https:\\\/\\\/fit360.ee\\\/wp-content\\\/uploads\\\/2017\\\/01\\\/logo-fit360.png\",\"width\":180,\"height\":66,\"caption\":\"Fit360\"},\"image\":{\"@id\":\"https:\\\/\\\/fit360.ee\\\/en\\\/#\\\/schema\\\/logo\\\/image\\\/\"}}]}<\/script>\n<!-- \/ Yoast SEO plugin. -->","yoast_head_json":{"title":"Tesla Vitamin C 1000 + Vitamin D3 (100tabs) - Vitamiinikompleks - Fit360","description":"Tesla Vitamin C 1000 + Vitamin D3 on v\u00f5imas kombineeritud toidulisand, mis on loodud immuuns\u00fcsteemi tervise, luude tugevuse ja \u00fcldise heaolu toetamiseks.","robots":{"index":"index","follow":"follow","max-snippet":"max-snippet:-1","max-image-preview":"max-image-preview:large","max-video-preview":"max-video-preview:-1"},"canonical":"https:\/\/fit360.ee\/en\/pood\/product-groups\/vitamins-and-minerals-en\/c-vitamin-en\/tesla-vitamin-c-1000-vitamin-d3-100tabs\/","og_locale":"en_US","og_type":"article","og_title":"Tesla Vitamin C 1000 + Vitamin D3 (100tabs) - Vitamiinikompleks - Fit360","og_description":"Tesla Vitamin C 1000 + Vitamin D3 on v\u00f5imas kombineeritud toidulisand, mis on loodud immuuns\u00fcsteemi tervise, luude tugevuse ja \u00fcldise heaolu toetamiseks.","og_url":"https:\/\/fit360.ee\/en\/pood\/product-groups\/vitamins-and-minerals-en\/c-vitamin-en\/tesla-vitamin-c-1000-vitamin-d3-100tabs\/","og_site_name":"Fit360","article_modified_time":"2025-08-13T05:38:35+00:00","og_image":[{"width":1200,"height":1000,"url":"https:\/\/fit360.ee\/wp-content\/uploads\/2024\/07\/vitamin-c-1000-vitamin-d3-fit360.ee-1.png","type":"image\/png"}],"twitter_card":"summary_large_image","twitter_misc":{"Est. reading time":"2 minutes"},"schema":{"@context":"https:\/\/schema.org","@graph":[{"@type":"WebPage","@id":"https:\/\/fit360.ee\/en\/pood\/product-groups\/vitamins-and-minerals-en\/c-vitamin-en\/tesla-vitamin-c-1000-vitamin-d3-100tabs\/","url":"https:\/\/fit360.ee\/en\/pood\/product-groups\/vitamins-and-minerals-en\/c-vitamin-en\/tesla-vitamin-c-1000-vitamin-d3-100tabs\/","name":"Tesla Vitamin C 1000 + Vitamin D3 (100tabs) - Vitamiinikompleks - Fit360","isPartOf":{"@id":"https:\/\/fit360.ee\/en\/#website"},"primaryImageOfPage":{"@id":"https:\/\/fit360.ee\/en\/pood\/product-groups\/vitamins-and-minerals-en\/c-vitamin-en\/tesla-vitamin-c-1000-vitamin-d3-100tabs\/#primaryimage"},"image":{"@id":"https:\/\/fit360.ee\/en\/pood\/product-groups\/vitamins-and-minerals-en\/c-vitamin-en\/tesla-vitamin-c-1000-vitamin-d3-100tabs\/#primaryimage"},"thumbnailUrl":"https:\/\/fit360.ee\/wp-content\/uploads\/2024\/07\/vitamin-c-1000-vitamin-d3-fit360.ee-1.png","datePublished":"2024-07-15T11:14:33+00:00","dateModified":"2025-08-13T05:38:35+00:00","description":"Tesla Vitamin C 1000 + Vitamin D3 on v\u00f5imas kombineeritud toidulisand, mis on loodud immuuns\u00fcsteemi tervise, luude tugevuse ja \u00fcldise heaolu toetamiseks.","breadcrumb":{"@id":"https:\/\/fit360.ee\/en\/pood\/product-groups\/vitamins-and-minerals-en\/c-vitamin-en\/tesla-vitamin-c-1000-vitamin-d3-100tabs\/#breadcrumb"},"inLanguage":"en-US","potentialAction":[{"@type":"ReadAction","target":["https:\/\/fit360.ee\/en\/pood\/product-groups\/vitamins-and-minerals-en\/c-vitamin-en\/tesla-vitamin-c-1000-vitamin-d3-100tabs\/"]}]},{"@type":"ImageObject","inLanguage":"en-US","@id":"https:\/\/fit360.ee\/en\/pood\/product-groups\/vitamins-and-minerals-en\/c-vitamin-en\/tesla-vitamin-c-1000-vitamin-d3-100tabs\/#primaryimage","url":"https:\/\/fit360.ee\/wp-content\/uploads\/2024\/07\/vitamin-c-1000-vitamin-d3-fit360.ee-1.png","contentUrl":"https:\/\/fit360.ee\/wp-content\/uploads\/2024\/07\/vitamin-c-1000-vitamin-d3-fit360.ee-1.png","width":1200,"height":1000,"caption":"vitamin c 1000 + vitamin d3 - fit360.ee"},{"@type":"BreadcrumbList","@id":"https:\/\/fit360.ee\/en\/pood\/product-groups\/vitamins-and-minerals-en\/c-vitamin-en\/tesla-vitamin-c-1000-vitamin-d3-100tabs\/#breadcrumb","itemListElement":[{"@type":"ListItem","position":1,"name":"Home","item":"https:\/\/fit360.ee\/en\/"},{"@type":"ListItem","position":2,"name":"Shop","item":"https:\/\/fit360.ee\/en\/shop\/"},{"@type":"ListItem","position":3,"name":"Tesla Vitamin C 1000 + Vitamin D3 (100tabs)"}]},{"@type":"WebSite","@id":"https:\/\/fit360.ee\/en\/#website","url":"https:\/\/fit360.ee\/en\/","name":"Fit360","description":"","publisher":{"@id":"https:\/\/fit360.ee\/en\/#organization"},"potentialAction":[{"@type":"SearchAction","target":{"@type":"EntryPoint","urlTemplate":"https:\/\/fit360.ee\/en\/?s={search_term_string}"},"query-input":{"@type":"PropertyValueSpecification","valueRequired":true,"valueName":"search_term_string"}}],"inLanguage":"en-US"},{"@type":"Organization","@id":"https:\/\/fit360.ee\/en\/#organization","name":"Fit360","url":"https:\/\/fit360.ee\/en\/","logo":{"@type":"ImageObject","inLanguage":"en-US","@id":"https:\/\/fit360.ee\/en\/#\/schema\/logo\/image\/","url":"https:\/\/fit360.ee\/wp-content\/uploads\/2017\/01\/logo-fit360.png","contentUrl":"https:\/\/fit360.ee\/wp-content\/uploads\/2017\/01\/logo-fit360.png","width":180,"height":66,"caption":"Fit360"},"image":{"@id":"https:\/\/fit360.ee\/en\/#\/schema\/logo\/image\/"}}]}},"_links":{"self":[{"href":"https:\/\/fit360.ee\/en\/wp-json\/wp\/v2\/product\/81272","targetHints":{"allow":["GET"]}}],"collection":[{"href":"https:\/\/fit360.ee\/en\/wp-json\/wp\/v2\/product"}],"about":[{"href":"https:\/\/fit360.ee\/en\/wp-json\/wp\/v2\/types\/product"}],"replies":[{"embeddable":true,"href":"https:\/\/fit360.ee\/en\/wp-json\/wp\/v2\/comments?post=81272"}],"wp:featuredmedia":[{"embeddable":true,"href":"https:\/\/fit360.ee\/en\/wp-json\/wp\/v2\/media\/81271"}],"wp:attachment":[{"href":"https:\/\/fit360.ee\/en\/wp-json\/wp\/v2\/media?parent=81272"}],"wp:term":[{"taxonomy":"product_brand","embeddable":true,"href":"https:\/\/fit360.ee\/en\/wp-json\/wp\/v2\/product_brand?post=81272"},{"taxonomy":"product_cat","embeddable":true,"href":"https:\/\/fit360.ee\/en\/wp-json\/wp\/v2\/product_cat?post=81272"},{"taxonomy":"product_tag","embeddable":true,"href":"https:\/\/fit360.ee\/en\/wp-json\/wp\/v2\/product_tag?post=81272"},{"taxonomy":"giftcard-category","embeddable":true,"href":"https:\/\/fit360.ee\/en\/wp-json\/wp\/v2\/giftcard-category?post=81272"}],"curies":[{"name":"wp","href":"https:\/\/api.w.org\/{rel}","templated":true}]}}