{"id":81295,"date":"2024-07-15T14:14:24","date_gmt":"2024-07-15T12:14:24","guid":{"rendered":"https:\/\/fit360.ee\/pood\/uncategorized\/tesla-spark-380g\/"},"modified":"2025-08-13T07:36:30","modified_gmt":"2025-08-13T05:36:30","slug":"tesla-spark-380g","status":"publish","type":"product","link":"https:\/\/fit360.ee\/en\/pood\/product-groups\/amino-acids-bcaa\/beta-alanine-en\/tesla-spark-380g\/","title":{"rendered":"Tesla Spark (380g)"},"content":{"rendered":"<h2><strong>Tesla Spark<\/strong><\/h2>\n<p>Tesla Spark sisaldab beeta-alaniini, mis on vastupidavuse ja j\u00f5u jaoks k\u00f5ige olulisem toidulisand. Sellel on t\u00fchine roll v\u00f5itluses lihaste vastupidavuse, laktaadil\u00e4ve ja lihaste hapestumise vastu. Tootes sisalduv niatsiin alandab LDL-i ehk &#8220;halva&#8221; kolesterooli taset, suurendades samal ajal HDL-i ehk &#8220;head&#8221; kolesterooli taset. Tesla Sparkis sisalduv kofeiiniekstrakt aitab s\u00e4ilitada energiataset ka k\u00f5ige raskemate treeningute ajal! Toidulisand sisaldab asendamatuid hargnenud ahelaga aminohappeid vahekorras 2:1:1.<\/p>\n<p>Saadaval maitsvate Cola, Mohito ja Bubblegum maitsetega.<\/p>\n<p><strong>Tesla Spark <\/strong>\u00a0 \u2014 uuenduslik j\u00f5uallikas, mis on sporditoitumise turul endale juba nime teinud. Tesla Spark koostisained on spetsiaalselt valitud nii, et nende \u00fchend annaks maksimaalse v\u00f5imaliku energiaefekti. See toode aitab kehal selle defitsiidi ajal energiat toota ja vedel vorm suurendab imendumiskiirust.<\/p>\n<p>Tesla Spark koostis\u00a0p\u00f5hineb kofeiinil, vitamiinidel ja taimeekstraktidel. Toode sisaldab ka aminohappeid t\u00fcrosiini, tauriini ja teisi bioloogiliselt aktiivseid \u00fchendeid. Erinevalt analoogidest on sellel pikaajaline toime &#8211; 5 tundi p\u00e4rast manustamist.<\/p>\n<p><strong>Tesla Spark Extreme omadused<\/strong><strong>\u00a0:<\/strong><\/p>\n<ul>\n<li>ATP v\u00e4ljundi suurendamine;<\/li>\n<li>katabolismi v\u00e4hendamine;<\/li>\n<li>suurendab f\u00fc\u00fcsilist ja vaimset aktiivsust;<\/li>\n<li>energiatooni t\u00f5us;<\/li>\n<li>parandab s\u00fcsivesikute ainevahetust;<\/li>\n<li>kiirendab taastumisprotsesse;<\/li>\n<li>Suurendab j\u00f5un\u00e4itajaid.<\/li>\n<\/ul>\n<p><strong>Koostisosad<\/strong>:<\/p>\n<p><strong>Mojito<\/strong>: L-tsitrulliin-DL-malaat (1:1), beeta-alaniin, A-AKG kompleks (L-arginiin, kaltsium-alfa-ketoglutaraat), paakumisvastane aine (r\u00e4ni)dioksiid), L-t\u00fcrosiin, veevaba kofeiin, roheline tee (Camellia sinensis) lehtede ekstrakt (standardiseeritud 40% pol\u00fcfenoolidele, 20% katehhiinid ja 7% EGCG), l\u00f5hna- ja maitseained, magusained (sukraloos, Atsesulfaam-K), m\u00f5ru apelsini (Citrus aurantium) koorepulber, Maltodekstriin, Nikotiinamiid, Guaraana (Paullinia cupana) seemne ekstrakt (Standardeeritud 22% kofeiiniga), paakumisvastane aine (kaltsiumisoolad ortofosforhape), v\u00e4rvained (tartrasiin*, indigokarmiin), must pipra (Piper nigrum) puuviljaekstrakt (standardiseeritud 95% piperiinini). *Tartrasiin \u2013 v\u00f5ib avaldada kahjulikku m\u00f5ju laste aktiivsusele ja t\u00e4helepanuv\u00f5imele.<\/p>\n<p><strong>Cola<\/strong>: L-tsitrulliin-DL-malaat (1:1), beeta-alaniin, A-AKG kompleks (L-Arginiin, kaltsium-alfa-ketoglutaraat, paakumisvastane aine (r\u00e4nidioksiid), v\u00e4rvaine (karamell), L-t\u00fcrosiin (vaba aminohappe vorm), Veevaba kofeiin, l\u00f5hna- ja maitseaine, rohelise tee (Camellia sinensis) leht ekstrakt (standardiseeritud 40% pksol\u00fcfenoolidele, 20% katehhiinidele, 7% EGCG), magusained (sukraloos, Acefulfame-K), m\u00f5ru apelsin (tsitrusviljad) aurantium) koorepulber, maltodekstriin, nikotiinamiid, guaraana (Paullinia cupana) seemneekstrakt (standardiseeritud 22% kofeiinini), anti-paakumisaine (ortofosforhappe kaltsiumisoolad), must pipar<br \/>\n(Piper nigrum) puuviljaekstrakt (standardiseeritud 95% piperiiniga).<\/p>\n<p><strong>N\u00e4tsukommi<\/strong> : L-tsitrulliin-DL-malaat (1:1), beeta-alaniin, A-AKG kompleks (L-arginiin, kaltsium-alfa-ketoglutaraat), paakumisvastane aine (r\u00e4nidioksiid), l\u00f5hna- ja maitseained, L-t\u00fcrosiin (vaba aminohape vorm), maltodekstriin, veevaba kofeiin, roheline tee (Camellia sinensis) lehtede ekstrakt (standardiseeritud 40% Pksol\u00fcfenoolidele, 20% Katehhiinid, 7% EGCG, m\u00f5ru apelsini (Citrus aurantium) koorepulber, Magusained (sukraloos, Acefulfame-K), nikotinamiid, paakumisvastane aine (ortofosforhappe kaltsiumisoolad), guaraana (Paullinia cupana) seemneekstrakt (standardiseeritud 3% kofeiinini), must pipar (Piper nigrum) puuviljaekstrakt (standardiseeritud 95% piperiiniga).<\/p>\n<p><strong>Kasutamine<\/strong>: Sega 1 portsjon (10 g) 250 ml k\u00fclma veega ja tarbi 30 minutit enne treeningut. Treeningu ajal on soovitatav juua rohkem vett.<\/p>\n<p><strong>NB! Toode ei asenda mitmek\u00fclgset toitumist. Hoida lastele k\u00e4ttesaamatus kohas.<\/strong><\/p>\n<p><strong>Suurus<\/strong>: 380g<\/p>\n<div class=\"mceTemp\"><\/div>\n<p><a href=\"https:\/\/fit360.ee\/wp-content\/uploads\/2024\/07\/tesla-spark-extreme-pre-workout-fit360.ee_.jpg\"><img loading=\"lazy\" decoding=\"async\" class=\"size-full wp-image-81291\" src=\"https:\/\/fit360.ee\/wp-content\/uploads\/2024\/07\/tesla-spark-extreme-pre-workout-fit360.ee_.jpg\" alt=\"tesla spark extreme pre-workout - fit360.ee\" width=\"331\" height=\"500\" \/><\/a><\/p>\n<p>Vaata ka meie teisi Pre-Workoute <a href=\"https:\/\/fit360.ee\/en\/product-category\/product-groups\/pre-workout-en\/\"><strong>SIIT<\/strong><\/a>!<\/p>\n<p>Soovid kaupa osta suuremas koguses? Vaata antud toodet ka meie HULGI poest\u00a0<a href=\"https:\/\/toidulisandidhulgi.ee\/tooted\/tesla-spark-380g\/\"><strong>SIIT<\/strong><\/a>!<\/p>\n","protected":false},"excerpt":{"rendered":"<ul>\n<li>ATP v\u00e4ljundi suurendamine;<\/li>\n<li>V\u00e4ga kange toimega;<\/li>\n<li>Suurendab f\u00fc\u00fcsilist ja vaimset aktiivsust;<\/li>\n<li>Energiatooni t\u00f5us;<\/li>\n<li>Parandab s\u00fcsivesikute ainevahetust;<\/li>\n<li>Kiirendab taastumisprotsesse;<\/li>\n<li>Suurendab j\u00f5un\u00e4itajaid.<\/li>\n<\/ul>\n","protected":false},"featured_media":81294,"comment_status":"open","ping_status":"closed","template":"","meta":[],"product_brand":[],"product_cat":[520,2303,5324,2314,2311,533,4995,2327],"product_tag":[4996,5012,5013],"giftcard-category":[],"class_list":{"0":"post-81295","1":"product","2":"type-product","3":"status-publish","4":"has-post-thumbnail","6":"product_cat-amino-acids-bcaa","7":"product_cat-beta-alanine-en","8":"product_cat-caffeine-en","9":"product_cat-citrulline-en","10":"product_cat-l-arginine-en","11":"product_cat-pre-workout-en","12":"product_cat-tesla-en","13":"product_cat-tyrosine-en","14":"product_tag-tesla-en","15":"product_tag-tesla-spark-en","16":"product_tag-tesla-spark-extreme-en","17":"pa_maitse-bubble-gum-en","18":"pa_maitse-cola-en","19":"pa_maitse-mojito-en","20":"pa_toidulisand-branddd-tesla","22":"first","23":"instock","24":"sale","25":"taxable","26":"shipping-taxable","27":"purchasable","28":"product-type-variable"},"yoast_head":"<!-- This site is optimized with the Yoast SEO plugin v27.3 - https:\/\/yoast.com\/product\/yoast-seo-wordpress\/ -->\n<title>Tesla Spark (380g) - V\u00e4ga kange Pre-Workout - T\u00f5husaid toimeained - Fit360<\/title>\n<meta name=\"description\" content=\"Tesla Spark \u00a0 \u2014 uuenduslik j\u00f5uallikas, mis on sporditoitumise turul endale juba nime teinud. Tesla Spark koostisained on spetsiaalselt valitud nii, et nen...\" \/>\n<meta name=\"robots\" content=\"index, follow, max-snippet:-1, max-image-preview:large, max-video-preview:-1\" \/>\n<link rel=\"canonical\" href=\"https:\/\/fit360.ee\/en\/pood\/product-groups\/amino-acids-bcaa\/beta-alanine-en\/tesla-spark-380g\/\" \/>\n<meta property=\"og:locale\" content=\"en_US\" \/>\n<meta property=\"og:type\" content=\"article\" \/>\n<meta property=\"og:title\" content=\"Tesla Spark (380g) - V\u00e4ga kange Pre-Workout - T\u00f5husaid toimeained - Fit360\" \/>\n<meta property=\"og:description\" content=\"Tesla Spark \u00a0 \u2014 uuenduslik j\u00f5uallikas, mis on sporditoitumise turul endale juba nime teinud. Tesla Spark koostisained on spetsiaalselt valitud nii, et nen...\" \/>\n<meta property=\"og:url\" content=\"https:\/\/fit360.ee\/en\/pood\/product-groups\/amino-acids-bcaa\/beta-alanine-en\/tesla-spark-380g\/\" \/>\n<meta property=\"og:site_name\" content=\"Fit360\" \/>\n<meta property=\"article:modified_time\" content=\"2025-08-13T05:36:30+00:00\" \/>\n<meta property=\"og:image\" content=\"https:\/\/fit360.ee\/wp-content\/uploads\/2024\/07\/tesla-spark-fit360.ee_.jpg\" \/>\n\t<meta property=\"og:image:width\" content=\"500\" \/>\n\t<meta property=\"og:image:height\" content=\"500\" \/>\n\t<meta property=\"og:image:type\" content=\"image\/jpeg\" \/>\n<meta name=\"twitter:card\" content=\"summary_large_image\" \/>\n<meta name=\"twitter:label1\" content=\"Est. reading time\" \/>\n\t<meta name=\"twitter:data1\" content=\"3 minutes\" \/>\n<script type=\"application\/ld+json\" class=\"yoast-schema-graph\">{\"@context\":\"https:\\\/\\\/schema.org\",\"@graph\":[{\"@type\":\"WebPage\",\"@id\":\"https:\\\/\\\/fit360.ee\\\/en\\\/pood\\\/product-groups\\\/amino-acids-bcaa\\\/beta-alanine-en\\\/tesla-spark-380g\\\/\",\"url\":\"https:\\\/\\\/fit360.ee\\\/en\\\/pood\\\/product-groups\\\/amino-acids-bcaa\\\/beta-alanine-en\\\/tesla-spark-380g\\\/\",\"name\":\"Tesla Spark (380g) - V\u00e4ga kange Pre-Workout - T\u00f5husaid toimeained - Fit360\",\"isPartOf\":{\"@id\":\"https:\\\/\\\/fit360.ee\\\/en\\\/#website\"},\"primaryImageOfPage\":{\"@id\":\"https:\\\/\\\/fit360.ee\\\/en\\\/pood\\\/product-groups\\\/amino-acids-bcaa\\\/beta-alanine-en\\\/tesla-spark-380g\\\/#primaryimage\"},\"image\":{\"@id\":\"https:\\\/\\\/fit360.ee\\\/en\\\/pood\\\/product-groups\\\/amino-acids-bcaa\\\/beta-alanine-en\\\/tesla-spark-380g\\\/#primaryimage\"},\"thumbnailUrl\":\"https:\\\/\\\/fit360.ee\\\/wp-content\\\/uploads\\\/2024\\\/07\\\/tesla-spark-fit360.ee_.jpg\",\"datePublished\":\"2024-07-15T12:14:24+00:00\",\"dateModified\":\"2025-08-13T05:36:30+00:00\",\"description\":\"Tesla Spark \u00a0 \u2014 uuenduslik j\u00f5uallikas, mis on sporditoitumise turul endale juba nime teinud. Tesla Spark koostisained on spetsiaalselt valitud nii, et nen...\",\"breadcrumb\":{\"@id\":\"https:\\\/\\\/fit360.ee\\\/en\\\/pood\\\/product-groups\\\/amino-acids-bcaa\\\/beta-alanine-en\\\/tesla-spark-380g\\\/#breadcrumb\"},\"inLanguage\":\"en-US\",\"potentialAction\":[{\"@type\":\"ReadAction\",\"target\":[\"https:\\\/\\\/fit360.ee\\\/en\\\/pood\\\/product-groups\\\/amino-acids-bcaa\\\/beta-alanine-en\\\/tesla-spark-380g\\\/\"]}]},{\"@type\":\"ImageObject\",\"inLanguage\":\"en-US\",\"@id\":\"https:\\\/\\\/fit360.ee\\\/en\\\/pood\\\/product-groups\\\/amino-acids-bcaa\\\/beta-alanine-en\\\/tesla-spark-380g\\\/#primaryimage\",\"url\":\"https:\\\/\\\/fit360.ee\\\/wp-content\\\/uploads\\\/2024\\\/07\\\/tesla-spark-fit360.ee_.jpg\",\"contentUrl\":\"https:\\\/\\\/fit360.ee\\\/wp-content\\\/uploads\\\/2024\\\/07\\\/tesla-spark-fit360.ee_.jpg\",\"width\":500,\"height\":500,\"caption\":\"tesla spark - fit360.ee\"},{\"@type\":\"BreadcrumbList\",\"@id\":\"https:\\\/\\\/fit360.ee\\\/en\\\/pood\\\/product-groups\\\/amino-acids-bcaa\\\/beta-alanine-en\\\/tesla-spark-380g\\\/#breadcrumb\",\"itemListElement\":[{\"@type\":\"ListItem\",\"position\":1,\"name\":\"Home\",\"item\":\"https:\\\/\\\/fit360.ee\\\/en\\\/\"},{\"@type\":\"ListItem\",\"position\":2,\"name\":\"Shop\",\"item\":\"https:\\\/\\\/fit360.ee\\\/en\\\/shop\\\/\"},{\"@type\":\"ListItem\",\"position\":3,\"name\":\"Tesla Spark (380g)\"}]},{\"@type\":\"WebSite\",\"@id\":\"https:\\\/\\\/fit360.ee\\\/en\\\/#website\",\"url\":\"https:\\\/\\\/fit360.ee\\\/en\\\/\",\"name\":\"Fit360\",\"description\":\"\",\"publisher\":{\"@id\":\"https:\\\/\\\/fit360.ee\\\/en\\\/#organization\"},\"potentialAction\":[{\"@type\":\"SearchAction\",\"target\":{\"@type\":\"EntryPoint\",\"urlTemplate\":\"https:\\\/\\\/fit360.ee\\\/en\\\/?s={search_term_string}\"},\"query-input\":{\"@type\":\"PropertyValueSpecification\",\"valueRequired\":true,\"valueName\":\"search_term_string\"}}],\"inLanguage\":\"en-US\"},{\"@type\":\"Organization\",\"@id\":\"https:\\\/\\\/fit360.ee\\\/en\\\/#organization\",\"name\":\"Fit360\",\"url\":\"https:\\\/\\\/fit360.ee\\\/en\\\/\",\"logo\":{\"@type\":\"ImageObject\",\"inLanguage\":\"en-US\",\"@id\":\"https:\\\/\\\/fit360.ee\\\/en\\\/#\\\/schema\\\/logo\\\/image\\\/\",\"url\":\"https:\\\/\\\/fit360.ee\\\/wp-content\\\/uploads\\\/2017\\\/01\\\/logo-fit360.png\",\"contentUrl\":\"https:\\\/\\\/fit360.ee\\\/wp-content\\\/uploads\\\/2017\\\/01\\\/logo-fit360.png\",\"width\":180,\"height\":66,\"caption\":\"Fit360\"},\"image\":{\"@id\":\"https:\\\/\\\/fit360.ee\\\/en\\\/#\\\/schema\\\/logo\\\/image\\\/\"}}]}<\/script>\n<!-- \/ Yoast SEO plugin. -->","yoast_head_json":{"title":"Tesla Spark (380g) - V\u00e4ga kange Pre-Workout - T\u00f5husaid toimeained - Fit360","description":"Tesla Spark \u00a0 \u2014 uuenduslik j\u00f5uallikas, mis on sporditoitumise turul endale juba nime teinud. Tesla Spark koostisained on spetsiaalselt valitud nii, et nen...","robots":{"index":"index","follow":"follow","max-snippet":"max-snippet:-1","max-image-preview":"max-image-preview:large","max-video-preview":"max-video-preview:-1"},"canonical":"https:\/\/fit360.ee\/en\/pood\/product-groups\/amino-acids-bcaa\/beta-alanine-en\/tesla-spark-380g\/","og_locale":"en_US","og_type":"article","og_title":"Tesla Spark (380g) - V\u00e4ga kange Pre-Workout - T\u00f5husaid toimeained - Fit360","og_description":"Tesla Spark \u00a0 \u2014 uuenduslik j\u00f5uallikas, mis on sporditoitumise turul endale juba nime teinud. Tesla Spark koostisained on spetsiaalselt valitud nii, et nen...","og_url":"https:\/\/fit360.ee\/en\/pood\/product-groups\/amino-acids-bcaa\/beta-alanine-en\/tesla-spark-380g\/","og_site_name":"Fit360","article_modified_time":"2025-08-13T05:36:30+00:00","og_image":[{"width":500,"height":500,"url":"https:\/\/fit360.ee\/wp-content\/uploads\/2024\/07\/tesla-spark-fit360.ee_.jpg","type":"image\/jpeg"}],"twitter_card":"summary_large_image","twitter_misc":{"Est. reading time":"3 minutes"},"schema":{"@context":"https:\/\/schema.org","@graph":[{"@type":"WebPage","@id":"https:\/\/fit360.ee\/en\/pood\/product-groups\/amino-acids-bcaa\/beta-alanine-en\/tesla-spark-380g\/","url":"https:\/\/fit360.ee\/en\/pood\/product-groups\/amino-acids-bcaa\/beta-alanine-en\/tesla-spark-380g\/","name":"Tesla Spark (380g) - V\u00e4ga kange Pre-Workout - T\u00f5husaid toimeained - Fit360","isPartOf":{"@id":"https:\/\/fit360.ee\/en\/#website"},"primaryImageOfPage":{"@id":"https:\/\/fit360.ee\/en\/pood\/product-groups\/amino-acids-bcaa\/beta-alanine-en\/tesla-spark-380g\/#primaryimage"},"image":{"@id":"https:\/\/fit360.ee\/en\/pood\/product-groups\/amino-acids-bcaa\/beta-alanine-en\/tesla-spark-380g\/#primaryimage"},"thumbnailUrl":"https:\/\/fit360.ee\/wp-content\/uploads\/2024\/07\/tesla-spark-fit360.ee_.jpg","datePublished":"2024-07-15T12:14:24+00:00","dateModified":"2025-08-13T05:36:30+00:00","description":"Tesla Spark \u00a0 \u2014 uuenduslik j\u00f5uallikas, mis on sporditoitumise turul endale juba nime teinud. Tesla Spark koostisained on spetsiaalselt valitud nii, et nen...","breadcrumb":{"@id":"https:\/\/fit360.ee\/en\/pood\/product-groups\/amino-acids-bcaa\/beta-alanine-en\/tesla-spark-380g\/#breadcrumb"},"inLanguage":"en-US","potentialAction":[{"@type":"ReadAction","target":["https:\/\/fit360.ee\/en\/pood\/product-groups\/amino-acids-bcaa\/beta-alanine-en\/tesla-spark-380g\/"]}]},{"@type":"ImageObject","inLanguage":"en-US","@id":"https:\/\/fit360.ee\/en\/pood\/product-groups\/amino-acids-bcaa\/beta-alanine-en\/tesla-spark-380g\/#primaryimage","url":"https:\/\/fit360.ee\/wp-content\/uploads\/2024\/07\/tesla-spark-fit360.ee_.jpg","contentUrl":"https:\/\/fit360.ee\/wp-content\/uploads\/2024\/07\/tesla-spark-fit360.ee_.jpg","width":500,"height":500,"caption":"tesla spark - fit360.ee"},{"@type":"BreadcrumbList","@id":"https:\/\/fit360.ee\/en\/pood\/product-groups\/amino-acids-bcaa\/beta-alanine-en\/tesla-spark-380g\/#breadcrumb","itemListElement":[{"@type":"ListItem","position":1,"name":"Home","item":"https:\/\/fit360.ee\/en\/"},{"@type":"ListItem","position":2,"name":"Shop","item":"https:\/\/fit360.ee\/en\/shop\/"},{"@type":"ListItem","position":3,"name":"Tesla Spark (380g)"}]},{"@type":"WebSite","@id":"https:\/\/fit360.ee\/en\/#website","url":"https:\/\/fit360.ee\/en\/","name":"Fit360","description":"","publisher":{"@id":"https:\/\/fit360.ee\/en\/#organization"},"potentialAction":[{"@type":"SearchAction","target":{"@type":"EntryPoint","urlTemplate":"https:\/\/fit360.ee\/en\/?s={search_term_string}"},"query-input":{"@type":"PropertyValueSpecification","valueRequired":true,"valueName":"search_term_string"}}],"inLanguage":"en-US"},{"@type":"Organization","@id":"https:\/\/fit360.ee\/en\/#organization","name":"Fit360","url":"https:\/\/fit360.ee\/en\/","logo":{"@type":"ImageObject","inLanguage":"en-US","@id":"https:\/\/fit360.ee\/en\/#\/schema\/logo\/image\/","url":"https:\/\/fit360.ee\/wp-content\/uploads\/2017\/01\/logo-fit360.png","contentUrl":"https:\/\/fit360.ee\/wp-content\/uploads\/2017\/01\/logo-fit360.png","width":180,"height":66,"caption":"Fit360"},"image":{"@id":"https:\/\/fit360.ee\/en\/#\/schema\/logo\/image\/"}}]}},"_links":{"self":[{"href":"https:\/\/fit360.ee\/en\/wp-json\/wp\/v2\/product\/81295","targetHints":{"allow":["GET"]}}],"collection":[{"href":"https:\/\/fit360.ee\/en\/wp-json\/wp\/v2\/product"}],"about":[{"href":"https:\/\/fit360.ee\/en\/wp-json\/wp\/v2\/types\/product"}],"replies":[{"embeddable":true,"href":"https:\/\/fit360.ee\/en\/wp-json\/wp\/v2\/comments?post=81295"}],"wp:featuredmedia":[{"embeddable":true,"href":"https:\/\/fit360.ee\/en\/wp-json\/wp\/v2\/media\/81294"}],"wp:attachment":[{"href":"https:\/\/fit360.ee\/en\/wp-json\/wp\/v2\/media?parent=81295"}],"wp:term":[{"taxonomy":"product_brand","embeddable":true,"href":"https:\/\/fit360.ee\/en\/wp-json\/wp\/v2\/product_brand?post=81295"},{"taxonomy":"product_cat","embeddable":true,"href":"https:\/\/fit360.ee\/en\/wp-json\/wp\/v2\/product_cat?post=81295"},{"taxonomy":"product_tag","embeddable":true,"href":"https:\/\/fit360.ee\/en\/wp-json\/wp\/v2\/product_tag?post=81295"},{"taxonomy":"giftcard-category","embeddable":true,"href":"https:\/\/fit360.ee\/en\/wp-json\/wp\/v2\/giftcard-category?post=81295"}],"curies":[{"name":"wp","href":"https:\/\/api.w.org\/{rel}","templated":true}]}}