{"id":81328,"date":"2024-07-16T09:29:42","date_gmt":"2024-07-16T07:29:42","guid":{"rendered":"https:\/\/fit360.ee\/pood\/uncategorized\/tesla-relaxsleep-60caps\/"},"modified":"2025-08-13T07:35:27","modified_gmt":"2025-08-13T05:35:27","slug":"tesla-relaxsleep-60caps","status":"publish","type":"product","link":"https:\/\/fit360.ee\/en\/pood\/product-groups\/sleep-enhancers-en\/melatonin-en\/tesla-relaxsleep-60caps\/","title":{"rendered":"Tesla Relax &amp; Sleep (60caps)"},"content":{"rendered":"<h2><strong>Tesla Relax &amp; Sleep<\/strong><\/h2>\n<p>Relax &amp; Sleep on rahustav lisand, mis on loodud l\u00f5\u00f5gastumiseks ja unekvaliteeti parandamiseks. L\u00f5dvestuge ja nautige Relax &amp; Sleep abil rahulikku und. See looduslik toidulisand on koostatud rahustavate \u00fcrtide ja mineraalide seguga, mis rahustab meelt ja keha, v\u00e4hendab stressi ja soodustab kosutavat und. Koostisainetega nagu palderjanijuur, kummel ja magneesium toetab Relax &amp; Sleep l\u00f5\u00f5gastumist, v\u00e4hendab \u00e4revust ja parandab unekvaliteeti, v\u00f5imaldades teil \u00e4rgata v\u00e4rske ja parema tundega. \u00d6elge rahutute \u00f6\u00f6dega h\u00fcvasti ja \u00e4rgates tunnete end energeetiliselt koos Relax &amp; Sleep&#8217;iga.<\/p>\n<p>Tsink-magneesium-vitamiin B6 kompleks aitab kaasa mitmele kasulikule m\u00f5jule meie organismis. Tsink ja magneesium aitavad normaalsele valgus\u00fcnteesile, aitab s\u00e4ilitada luude tugevust ning neil on oma roll rakkude jagunemise protsess. Tsink ja vitamiin B6 aitavad kaasa normaalsele immuuns\u00fcsteemi funktsiooneerimisele. Magneesium ja B6-vitamiin aitab kaasa v\u00e4simuse v\u00e4henemisele ja normaalset energiat tootvale n\u00e4rvis\u00fcsteemile.<\/p>\n<p><a href=\"https:\/\/fit360.ee\/en\/product-category\/product-groups\/amino-acids-bcaa\/gaba-en\/\"><strong>GABA<\/strong><\/a> v\u00e4hendab meie organismis h\u00fcdrokortisooni taset, ennetades seel\u00e4bi kataboolseid protsesse. Ja kui \u00fcks t\u00e4htsamaid neurotransmittereid ehk neuromediaatoreid pidurdab v\u00f5i aeglustab GABA n\u00e4rviimpulsside \u00fckeandmist \u00fchelt rakult teisele nendes aju piirkondades, mis vastutavad rahutuse, \u00e4revuse ja hirmutunde tekkimise eest, avaldades seel\u00e4bi organismile l\u00f5dvestavat toimet.<\/p>\n<p><a href=\"https:\/\/fit360.ee\/en\/product-category\/product-groups\/sleep-enhancers-en\/melatonin-en\/\"><strong>Melatoniin<\/strong><\/a>\u00a0on kehaomane hormoon, mille p\u00f5hifunktsioon on une-\u00e4rkveloleku r\u00fctmi reguleerimine. Selle s\u00fcntees toimub eesk\u00e4tt \u00f6\u00f6sel, sest pimedus stimuleerib melatoniini tootmist.\u00a0 Keha melatoniinitase hakkab suurenema hilis\u00f5htul, saavutades maksimumi umbes kella 2-4 vahel \u00f6\u00f6sel, millele j\u00e4rgneb langus. P\u00e4eval on melatoniinitase v\u00e4ga madal.<\/p>\n<p>Melatoniini olulisest rollist meie une kvaliteedi ja \u00f6\u00f6p\u00e4evare\u017eiimi reguleerimises on juttu olnud juba eelmise sajandi keskpaigast. Melatoniini und soodustavatele omadustele viitab melatoniini teine nimigi: \u201cunehormoon\u201d. Sageli kutsutakse melatoniini ka \u201cpimeduse hormooniks\u201d, kuna seda tekib kehas k\u00f5ige rohkem \u00f6\u00f6ajal. Sellel t\u00e4htsal hormoonil on kehas t\u00e4ita oluline roll \u00f6\u00f6- ja p\u00e4eva vaheldumise t\u00f5lgendamises ning meie une kvaliteedi m\u00e4\u00e4ramises<\/p>\n<p><strong>Koostisosad<\/strong>: GABA (gamma-aminov\u00f5ihape), L-tr\u00fcptofaan (vaba aminohape vorm), koliini bitartraat, magneesiumoksiid, kapsli kest [\u017eelatiin, v\u00e4rv (Titaandioksiid)], Humala (Humulus lupulus L.) pungade ekstrakt, mahuaine aine (maltodekstriin), melissi (Melissa officinalis) lehtede ekstrakt, Palderjani (Valeriana officinalis) juureekstrakt, tsinkoksiid, p\u00fcridoksiin vesinikkloriid, paakumisvastased ained (r\u00e4nidioksiid, kaltsiumisoolad ortofosforhape), melatoniin.<\/p>\n<p><strong>Kasutamine<\/strong>: 2 kapslit &#8211; soovitatavalt 30-60 minutit enne magama minekut.<\/p>\n<p><strong>NB! Toode ei asenda mitmek\u00fclgset toitumist. Hoida lastele k\u00e4ttesaamatus kohas.<\/strong><\/p>\n<p><strong>Suurus<\/strong>: 60 kapslit<\/p>\n<p><a href=\"https:\/\/fit360.ee\/wp-content\/uploads\/2024\/07\/tesla-relax-sleep-koostisosad-fit360.ee_.jpg\"><img loading=\"lazy\" decoding=\"async\" class=\"size-full wp-image-81324\" src=\"https:\/\/fit360.ee\/wp-content\/uploads\/2024\/07\/tesla-relax-sleep-koostisosad-fit360.ee_.jpg\" alt=\"tesla relax &amp; sleep koostisosad - fit360.ee\" width=\"713\" height=\"759\" srcset=\"https:\/\/fit360.ee\/wp-content\/uploads\/2024\/07\/tesla-relax-sleep-koostisosad-fit360.ee_.jpg 713w, https:\/\/fit360.ee\/wp-content\/uploads\/2024\/07\/tesla-relax-sleep-koostisosad-fit360.ee_-510x543.jpg 510w\" sizes=\"auto, (max-width: 713px) 100vw, 713px\" \/><\/a><\/p>\n<p>Vaata ka meie teisi Toidulisaneid Unele <a href=\"https:\/\/fit360.ee\/en\/product-category\/product-groups\/sleep-enhancers-en\/\"><strong>SIIT<\/strong><\/a> v\u00f5i Melatoniini sisaldavaid tooteid <a href=\"https:\/\/fit360.ee\/en\/product-category\/product-groups\/sleep-enhancers-en\/melatonin-en\/\"><strong>SIIT<\/strong><\/a>!<\/p>\n<p>Soovid kaupa osta suuremas koguses? Vaata antud toodet ka meie HULGI poest\u00a0<a href=\"https:\/\/toidulisandidhulgi.ee\/tooted\/tesla-relax-sleep-60caps\/\"><strong>SIIT<\/strong><\/a>!<\/p>\n","protected":false},"excerpt":{"rendered":"<ul>\n<li>Soodustab s\u00fcgava une teket<\/li>\n<li>Teaduslikult t\u00f5estatud toime<\/li>\n<li>Looduslikud koostisosad<\/li>\n<li>Sisaldab Melatoniini ja Gabat<\/li>\n<\/ul>\n","protected":false},"featured_media":81327,"comment_status":"open","ping_status":"closed","template":"","meta":[],"product_brand":[],"product_cat":[2319,2480,2476,4995,2323,536],"product_tag":[5016,4996,5017],"giftcard-category":[],"class_list":{"0":"post-81328","1":"product","2":"type-product","3":"status-publish","4":"has-post-thumbnail","6":"product_cat-gaba-en","7":"product_cat-melatonin-en","8":"product_cat-sleep-enhancers-en","9":"product_cat-tesla-en","10":"product_cat-tryptophan-en","11":"product_cat-vitamins-and-minerals-en","12":"product_tag-relax-sleep-en","13":"product_tag-tesla-en","14":"product_tag-tesla-relax-sleep-en","15":"pa_kogus-60-capsules","16":"pa_toidulisand-branddd-tesla","17":"pa_tootegruppp-gaba-en","18":"pa_tootegruppp-melatoniin-en","19":"pa_tootegruppp-truptofaan-en","20":"pa_tootegruppp-uni-en","21":"pa_tootegruppp-vitamins-and-minerals","23":"first","24":"outofstock","25":"sale","26":"taxable","27":"shipping-taxable","28":"purchasable","29":"product-type-simple"},"yoast_head":"<!-- This site is optimized with the Yoast SEO plugin v27.3 - https:\/\/yoast.com\/product\/yoast-seo-wordpress\/ -->\n<title>Tesla Relax &amp; Sleep (60caps) - Toidulisand unele - T\u00f5hus toime - Fit360<\/title>\n<meta name=\"description\" content=\"Relax &amp; Sleep on rahustav lisand, mis on loodud l\u00f5\u00f5gastumiseks ja unekvaliteeti parandamiseks. L\u00f5dvestuge ja nautige Relax &amp; Sleep abil rahulikku und.\" \/>\n<meta name=\"robots\" content=\"index, follow, max-snippet:-1, max-image-preview:large, max-video-preview:-1\" \/>\n<link rel=\"canonical\" href=\"https:\/\/fit360.ee\/en\/pood\/product-groups\/sleep-enhancers-en\/melatonin-en\/tesla-relaxsleep-60caps\/\" \/>\n<meta property=\"og:locale\" content=\"en_US\" \/>\n<meta property=\"og:type\" content=\"article\" \/>\n<meta property=\"og:title\" content=\"Tesla Relax &amp; Sleep (60caps) - Toidulisand unele - T\u00f5hus toime - Fit360\" \/>\n<meta property=\"og:description\" content=\"Relax &amp; Sleep on rahustav lisand, mis on loodud l\u00f5\u00f5gastumiseks ja unekvaliteeti parandamiseks. L\u00f5dvestuge ja nautige Relax &amp; Sleep abil rahulikku und.\" \/>\n<meta property=\"og:url\" content=\"https:\/\/fit360.ee\/en\/pood\/product-groups\/sleep-enhancers-en\/melatonin-en\/tesla-relaxsleep-60caps\/\" \/>\n<meta property=\"og:site_name\" content=\"Fit360\" \/>\n<meta property=\"article:modified_time\" content=\"2025-08-13T05:35:27+00:00\" \/>\n<meta property=\"og:image\" content=\"https:\/\/fit360.ee\/wp-content\/uploads\/2024\/07\/tesla-relax-sleep-fit360.ee-1.png\" \/>\n\t<meta property=\"og:image:width\" content=\"1080\" \/>\n\t<meta property=\"og:image:height\" content=\"1080\" \/>\n\t<meta property=\"og:image:type\" content=\"image\/png\" \/>\n<meta name=\"twitter:card\" content=\"summary_large_image\" \/>\n<meta name=\"twitter:label1\" content=\"Est. reading time\" \/>\n\t<meta name=\"twitter:data1\" content=\"3 minutes\" \/>\n<script type=\"application\/ld+json\" class=\"yoast-schema-graph\">{\"@context\":\"https:\\\/\\\/schema.org\",\"@graph\":[{\"@type\":\"WebPage\",\"@id\":\"https:\\\/\\\/fit360.ee\\\/en\\\/pood\\\/product-groups\\\/sleep-enhancers-en\\\/melatonin-en\\\/tesla-relaxsleep-60caps\\\/\",\"url\":\"https:\\\/\\\/fit360.ee\\\/en\\\/pood\\\/product-groups\\\/sleep-enhancers-en\\\/melatonin-en\\\/tesla-relaxsleep-60caps\\\/\",\"name\":\"Tesla Relax &amp; Sleep (60caps) - Toidulisand unele - T\u00f5hus toime - Fit360\",\"isPartOf\":{\"@id\":\"https:\\\/\\\/fit360.ee\\\/en\\\/#website\"},\"primaryImageOfPage\":{\"@id\":\"https:\\\/\\\/fit360.ee\\\/en\\\/pood\\\/product-groups\\\/sleep-enhancers-en\\\/melatonin-en\\\/tesla-relaxsleep-60caps\\\/#primaryimage\"},\"image\":{\"@id\":\"https:\\\/\\\/fit360.ee\\\/en\\\/pood\\\/product-groups\\\/sleep-enhancers-en\\\/melatonin-en\\\/tesla-relaxsleep-60caps\\\/#primaryimage\"},\"thumbnailUrl\":\"https:\\\/\\\/fit360.ee\\\/wp-content\\\/uploads\\\/2024\\\/07\\\/tesla-relax-sleep-fit360.ee-1.png\",\"datePublished\":\"2024-07-16T07:29:42+00:00\",\"dateModified\":\"2025-08-13T05:35:27+00:00\",\"description\":\"Relax & Sleep on rahustav lisand, mis on loodud l\u00f5\u00f5gastumiseks ja unekvaliteeti parandamiseks. L\u00f5dvestuge ja nautige Relax & Sleep abil rahulikku und.\",\"breadcrumb\":{\"@id\":\"https:\\\/\\\/fit360.ee\\\/en\\\/pood\\\/product-groups\\\/sleep-enhancers-en\\\/melatonin-en\\\/tesla-relaxsleep-60caps\\\/#breadcrumb\"},\"inLanguage\":\"en-US\",\"potentialAction\":[{\"@type\":\"ReadAction\",\"target\":[\"https:\\\/\\\/fit360.ee\\\/en\\\/pood\\\/product-groups\\\/sleep-enhancers-en\\\/melatonin-en\\\/tesla-relaxsleep-60caps\\\/\"]}]},{\"@type\":\"ImageObject\",\"inLanguage\":\"en-US\",\"@id\":\"https:\\\/\\\/fit360.ee\\\/en\\\/pood\\\/product-groups\\\/sleep-enhancers-en\\\/melatonin-en\\\/tesla-relaxsleep-60caps\\\/#primaryimage\",\"url\":\"https:\\\/\\\/fit360.ee\\\/wp-content\\\/uploads\\\/2024\\\/07\\\/tesla-relax-sleep-fit360.ee-1.png\",\"contentUrl\":\"https:\\\/\\\/fit360.ee\\\/wp-content\\\/uploads\\\/2024\\\/07\\\/tesla-relax-sleep-fit360.ee-1.png\",\"width\":1080,\"height\":1080,\"caption\":\"tesla relax & sleep - fit360.ee\"},{\"@type\":\"BreadcrumbList\",\"@id\":\"https:\\\/\\\/fit360.ee\\\/en\\\/pood\\\/product-groups\\\/sleep-enhancers-en\\\/melatonin-en\\\/tesla-relaxsleep-60caps\\\/#breadcrumb\",\"itemListElement\":[{\"@type\":\"ListItem\",\"position\":1,\"name\":\"Home\",\"item\":\"https:\\\/\\\/fit360.ee\\\/en\\\/\"},{\"@type\":\"ListItem\",\"position\":2,\"name\":\"Shop\",\"item\":\"https:\\\/\\\/fit360.ee\\\/en\\\/shop\\\/\"},{\"@type\":\"ListItem\",\"position\":3,\"name\":\"Tesla Relax &amp; Sleep (60caps)\"}]},{\"@type\":\"WebSite\",\"@id\":\"https:\\\/\\\/fit360.ee\\\/en\\\/#website\",\"url\":\"https:\\\/\\\/fit360.ee\\\/en\\\/\",\"name\":\"Fit360\",\"description\":\"\",\"publisher\":{\"@id\":\"https:\\\/\\\/fit360.ee\\\/en\\\/#organization\"},\"potentialAction\":[{\"@type\":\"SearchAction\",\"target\":{\"@type\":\"EntryPoint\",\"urlTemplate\":\"https:\\\/\\\/fit360.ee\\\/en\\\/?s={search_term_string}\"},\"query-input\":{\"@type\":\"PropertyValueSpecification\",\"valueRequired\":true,\"valueName\":\"search_term_string\"}}],\"inLanguage\":\"en-US\"},{\"@type\":\"Organization\",\"@id\":\"https:\\\/\\\/fit360.ee\\\/en\\\/#organization\",\"name\":\"Fit360\",\"url\":\"https:\\\/\\\/fit360.ee\\\/en\\\/\",\"logo\":{\"@type\":\"ImageObject\",\"inLanguage\":\"en-US\",\"@id\":\"https:\\\/\\\/fit360.ee\\\/en\\\/#\\\/schema\\\/logo\\\/image\\\/\",\"url\":\"https:\\\/\\\/fit360.ee\\\/wp-content\\\/uploads\\\/2017\\\/01\\\/logo-fit360.png\",\"contentUrl\":\"https:\\\/\\\/fit360.ee\\\/wp-content\\\/uploads\\\/2017\\\/01\\\/logo-fit360.png\",\"width\":180,\"height\":66,\"caption\":\"Fit360\"},\"image\":{\"@id\":\"https:\\\/\\\/fit360.ee\\\/en\\\/#\\\/schema\\\/logo\\\/image\\\/\"}}]}<\/script>\n<!-- \/ Yoast SEO plugin. -->","yoast_head_json":{"title":"Tesla Relax &amp; Sleep (60caps) - Toidulisand unele - T\u00f5hus toime - Fit360","description":"Relax & Sleep on rahustav lisand, mis on loodud l\u00f5\u00f5gastumiseks ja unekvaliteeti parandamiseks. L\u00f5dvestuge ja nautige Relax & Sleep abil rahulikku und.","robots":{"index":"index","follow":"follow","max-snippet":"max-snippet:-1","max-image-preview":"max-image-preview:large","max-video-preview":"max-video-preview:-1"},"canonical":"https:\/\/fit360.ee\/en\/pood\/product-groups\/sleep-enhancers-en\/melatonin-en\/tesla-relaxsleep-60caps\/","og_locale":"en_US","og_type":"article","og_title":"Tesla Relax &amp; Sleep (60caps) - Toidulisand unele - T\u00f5hus toime - Fit360","og_description":"Relax & Sleep on rahustav lisand, mis on loodud l\u00f5\u00f5gastumiseks ja unekvaliteeti parandamiseks. L\u00f5dvestuge ja nautige Relax & Sleep abil rahulikku und.","og_url":"https:\/\/fit360.ee\/en\/pood\/product-groups\/sleep-enhancers-en\/melatonin-en\/tesla-relaxsleep-60caps\/","og_site_name":"Fit360","article_modified_time":"2025-08-13T05:35:27+00:00","og_image":[{"width":1080,"height":1080,"url":"https:\/\/fit360.ee\/wp-content\/uploads\/2024\/07\/tesla-relax-sleep-fit360.ee-1.png","type":"image\/png"}],"twitter_card":"summary_large_image","twitter_misc":{"Est. reading time":"3 minutes"},"schema":{"@context":"https:\/\/schema.org","@graph":[{"@type":"WebPage","@id":"https:\/\/fit360.ee\/en\/pood\/product-groups\/sleep-enhancers-en\/melatonin-en\/tesla-relaxsleep-60caps\/","url":"https:\/\/fit360.ee\/en\/pood\/product-groups\/sleep-enhancers-en\/melatonin-en\/tesla-relaxsleep-60caps\/","name":"Tesla Relax &amp; Sleep (60caps) - Toidulisand unele - T\u00f5hus toime - Fit360","isPartOf":{"@id":"https:\/\/fit360.ee\/en\/#website"},"primaryImageOfPage":{"@id":"https:\/\/fit360.ee\/en\/pood\/product-groups\/sleep-enhancers-en\/melatonin-en\/tesla-relaxsleep-60caps\/#primaryimage"},"image":{"@id":"https:\/\/fit360.ee\/en\/pood\/product-groups\/sleep-enhancers-en\/melatonin-en\/tesla-relaxsleep-60caps\/#primaryimage"},"thumbnailUrl":"https:\/\/fit360.ee\/wp-content\/uploads\/2024\/07\/tesla-relax-sleep-fit360.ee-1.png","datePublished":"2024-07-16T07:29:42+00:00","dateModified":"2025-08-13T05:35:27+00:00","description":"Relax & Sleep on rahustav lisand, mis on loodud l\u00f5\u00f5gastumiseks ja unekvaliteeti parandamiseks. L\u00f5dvestuge ja nautige Relax & Sleep abil rahulikku und.","breadcrumb":{"@id":"https:\/\/fit360.ee\/en\/pood\/product-groups\/sleep-enhancers-en\/melatonin-en\/tesla-relaxsleep-60caps\/#breadcrumb"},"inLanguage":"en-US","potentialAction":[{"@type":"ReadAction","target":["https:\/\/fit360.ee\/en\/pood\/product-groups\/sleep-enhancers-en\/melatonin-en\/tesla-relaxsleep-60caps\/"]}]},{"@type":"ImageObject","inLanguage":"en-US","@id":"https:\/\/fit360.ee\/en\/pood\/product-groups\/sleep-enhancers-en\/melatonin-en\/tesla-relaxsleep-60caps\/#primaryimage","url":"https:\/\/fit360.ee\/wp-content\/uploads\/2024\/07\/tesla-relax-sleep-fit360.ee-1.png","contentUrl":"https:\/\/fit360.ee\/wp-content\/uploads\/2024\/07\/tesla-relax-sleep-fit360.ee-1.png","width":1080,"height":1080,"caption":"tesla relax & sleep - fit360.ee"},{"@type":"BreadcrumbList","@id":"https:\/\/fit360.ee\/en\/pood\/product-groups\/sleep-enhancers-en\/melatonin-en\/tesla-relaxsleep-60caps\/#breadcrumb","itemListElement":[{"@type":"ListItem","position":1,"name":"Home","item":"https:\/\/fit360.ee\/en\/"},{"@type":"ListItem","position":2,"name":"Shop","item":"https:\/\/fit360.ee\/en\/shop\/"},{"@type":"ListItem","position":3,"name":"Tesla Relax &amp; Sleep (60caps)"}]},{"@type":"WebSite","@id":"https:\/\/fit360.ee\/en\/#website","url":"https:\/\/fit360.ee\/en\/","name":"Fit360","description":"","publisher":{"@id":"https:\/\/fit360.ee\/en\/#organization"},"potentialAction":[{"@type":"SearchAction","target":{"@type":"EntryPoint","urlTemplate":"https:\/\/fit360.ee\/en\/?s={search_term_string}"},"query-input":{"@type":"PropertyValueSpecification","valueRequired":true,"valueName":"search_term_string"}}],"inLanguage":"en-US"},{"@type":"Organization","@id":"https:\/\/fit360.ee\/en\/#organization","name":"Fit360","url":"https:\/\/fit360.ee\/en\/","logo":{"@type":"ImageObject","inLanguage":"en-US","@id":"https:\/\/fit360.ee\/en\/#\/schema\/logo\/image\/","url":"https:\/\/fit360.ee\/wp-content\/uploads\/2017\/01\/logo-fit360.png","contentUrl":"https:\/\/fit360.ee\/wp-content\/uploads\/2017\/01\/logo-fit360.png","width":180,"height":66,"caption":"Fit360"},"image":{"@id":"https:\/\/fit360.ee\/en\/#\/schema\/logo\/image\/"}}]}},"_links":{"self":[{"href":"https:\/\/fit360.ee\/en\/wp-json\/wp\/v2\/product\/81328","targetHints":{"allow":["GET"]}}],"collection":[{"href":"https:\/\/fit360.ee\/en\/wp-json\/wp\/v2\/product"}],"about":[{"href":"https:\/\/fit360.ee\/en\/wp-json\/wp\/v2\/types\/product"}],"replies":[{"embeddable":true,"href":"https:\/\/fit360.ee\/en\/wp-json\/wp\/v2\/comments?post=81328"}],"wp:featuredmedia":[{"embeddable":true,"href":"https:\/\/fit360.ee\/en\/wp-json\/wp\/v2\/media\/81327"}],"wp:attachment":[{"href":"https:\/\/fit360.ee\/en\/wp-json\/wp\/v2\/media?parent=81328"}],"wp:term":[{"taxonomy":"product_brand","embeddable":true,"href":"https:\/\/fit360.ee\/en\/wp-json\/wp\/v2\/product_brand?post=81328"},{"taxonomy":"product_cat","embeddable":true,"href":"https:\/\/fit360.ee\/en\/wp-json\/wp\/v2\/product_cat?post=81328"},{"taxonomy":"product_tag","embeddable":true,"href":"https:\/\/fit360.ee\/en\/wp-json\/wp\/v2\/product_tag?post=81328"},{"taxonomy":"giftcard-category","embeddable":true,"href":"https:\/\/fit360.ee\/en\/wp-json\/wp\/v2\/giftcard-category?post=81328"}],"curies":[{"name":"wp","href":"https:\/\/api.w.org\/{rel}","templated":true}]}}