{"id":81333,"date":"2024-07-16T09:29:42","date_gmt":"2024-07-16T07:29:42","guid":{"rendered":"https:\/\/fit360.ee\/pood\/uncategorized\/tesla-multivitamin-30packs\/"},"modified":"2025-08-13T07:39:04","modified_gmt":"2025-08-13T05:39:04","slug":"tesla-multivitamin-30packs","status":"publish","type":"product","link":"https:\/\/fit360.ee\/en\/pood\/product-groups\/vitamins-and-minerals-en\/c-vitamin-en\/tesla-multivitamin-30packs\/","title":{"rendered":"Tesla Multivitamin Pack (30packs)"},"content":{"rendered":"<h2><strong>Tesla Multivitamin Pack<\/strong><\/h2>\n<p>Tesla Multivitamin Pack multivitamiinid pakuvad optimaalse tervise ja sportliku soorituse tagamiseks \u00fche kotikese p\u00e4evas. Kombineerib v\u00f5imsa vitamiinisegu CLA-ga, mis aitab rasva p\u00f5letada ja L-karnitiiniga, mis kiirendab rasvade ainevahetust. See multivitamiinipakett aitab teil saavutada optimaalse tervise ja sooritusv\u00f5ime, taastuda kiiremini ning hoolitseda teie luude, lihaste, liigeste ja immuuns\u00fcsteemi eest. Saadaval segapakendis. V\u00f5tke 1 segatud kotike p\u00e4evas koos klaasi veega, eelistatavalt peale hommikus\u00f6\u00f6ki.<\/p>\n<p><strong>Tesla Multivitamin Pack sisaldab erinevaid tervist toetavaid<\/strong>:<\/p>\n<ul>\n<li>Vitamiine\/Mineraale<\/li>\n<li>Liigeseid toetavaid toimeained<\/li>\n<li>Omega rasvhappeid<\/li>\n<li>Immuuns\u00fcsteemi toetavaid toimeaineid<\/li>\n<\/ul>\n<h4><strong>Tesla Multivitamin Pack p\u00f5hiomadused<\/strong>:<\/h4>\n<ul>\n<li>B1-vitamiin aitab kaasa n\u00e4rvis\u00fcsteemi normaalsele talitlusele.<\/li>\n<li>A-vitamiin aitab kaasa normaalse n\u00e4gemise s\u00e4ilitamisele.<\/li>\n<li>Vitamiin B12 aitab kaasa normaalsele ps\u00fchholoogilisele funktsioonile.<\/li>\n<li>B6-vitamiin aitab v\u00e4hendada v\u00e4simust ja kurnatust.<\/li>\n<li>C-vitamiin aitab kaasa immuuns\u00fcsteemi normaalsele talitlusele.<\/li>\n<li>D-vitamiin aitab kaasa hammaste normaalsele seisundile.<\/li>\n<li>K-vitamiin aitab kaasa normaalsete luude s\u00e4ilimisele.<\/li>\n<li>Kaltsium, tsink ja magneesium aitavad kaasa normaalsete luude s\u00e4ilimisele.<\/li>\n<li>Kaltsium ja magneesium soodustavad normaalset lihaste talitlust ja normaalset energiavahetust.<\/li>\n<li>Magneesium aitab kaasa normaalsetele hammastele.<\/li>\n<li>Magneesium ja tsink m\u00e4ngivad rolli normaalses valgus\u00fcnteesis.<\/li>\n<li>EPA ja DHA aitavad kaasa normaalsele s\u00fcdametalitlusele. Kasulik toime saavutatakse 250 mg EPA ja DHA p\u00e4evase tarbimisega. DHA aitab s\u00e4ilitada normaalset ajufunktsiooni ja normaalset n\u00e4gemist. Kasulik toime saavutatakse 250 mg DHA p\u00e4evase tarbimisega.<\/li>\n<\/ul>\n<p><strong>Kasutamine<\/strong>: V\u00f5tke1 kotike p\u00e4evas s\u00f6\u00f6gi ajal koos rohke vee v\u00f5i muu vedelikuga. Maksimaalse kasu saamiseks v\u00f5tke iga p\u00e4ev vastavalt juhistele.<\/p>\n<p><strong>NB! Toode ei asenda mitmek\u00fclgset toitumist. Hoida lastele k\u00e4ttesaamatus kohas.<\/strong><\/p>\n<p><strong>Suurus<\/strong>: 30 pakki.<\/p>\n<p><strong>Toitev\u00e4\u00e4rtused &#8211; CA-ZN-MG tablett<\/strong><\/p>\n<p>Annustamine: 1 tablett<\/p>\n<table>\n<tbody>\n<tr>\n<th class=\"oszlop_0\">SISU<\/th>\n<th class=\"oszlop_2\">1 tablett<\/th>\n<th class=\"oszlop_3\">%SPK*<\/th>\n<\/tr>\n<tr>\n<td class=\"oszlop_0\">Kaltsium (kaltsiumkarbonaadi ja dikaltsiumfosfaadina)<\/td>\n<td class=\"oszlop_2\">333 mg<\/td>\n<td class=\"oszlop_3\">41%<\/td>\n<\/tr>\n<tr>\n<td class=\"oszlop_0\">Tsink (tsinkoksiidina)<\/td>\n<td class=\"oszlop_2\">5 mg<\/td>\n<td class=\"oszlop_3\">50%<\/td>\n<\/tr>\n<tr>\n<td class=\"oszlop_0\">Magneesium (magneesiumoksiidina)<\/td>\n<td class=\"oszlop_2\">200 mg<\/td>\n<td class=\"oszlop_3\">53%<\/td>\n<\/tr>\n<tr>\n<td class=\"oszlop_0\">Fosfor (dikaltsiumfosfaadina)<\/td>\n<td class=\"oszlop_2\">105 mg<\/td>\n<td class=\"oszlop_3\">15%<\/td>\n<\/tr>\n<tr>\n<td class=\"oszlop_0\">Vask (vasksulfaadina)<\/td>\n<td class=\"oszlop_2\">0,33 mg<\/td>\n<td class=\"oszlop_3\">33%<\/td>\n<\/tr>\n<tr>\n<td class=\"oszlop_0\">Boor (boorhappena)<\/td>\n<td class=\"oszlop_2\">33 \u00b5g<\/td>\n<td class=\"oszlop_3\">\u019a<\/td>\n<\/tr>\n<tr>\n<td class=\"oszlop_0\">R\u00e4ni (r\u00e4nidioksiid)<\/td>\n<td class=\"oszlop_2\">6,6 mg<\/td>\n<td class=\"oszlop_3\">\u019a<\/td>\n<\/tr>\n<tr>\n<td class=\"oszlop_0\">L-glutamiinhappe vesinikkloriid<\/td>\n<td class=\"oszlop_2\">33 mg<\/td>\n<td class=\"oszlop_3\">\u019a<\/td>\n<\/tr>\n<\/tbody>\n<\/table>\n<p>*SPK: Soovitatud P\u00e4evane kogus<br \/>\n\u019a: SPK ei ole kindlaks tehtud<\/p>\n<p><strong>Koostisosad<\/strong>: dikaltsiumfosfaat, kaltsiumkarbonaat, magneesiumoksiid, mahuained (tselluloos, h\u00fcdroks\u00fcprop\u00fc\u00fclmet\u00fc\u00fcltselluloos), L-glutamiinhappe vesinikkloriid, paakumisvastased ained (magneesiumstearaat, steariinhape, r\u00e4nidioksiid), tsinkoksiid, boorhape sulfaat .<\/p>\n<p><strong>Toitev\u00e4\u00e4rtused &#8211; C-VITAMIIN 1000 + ROOSVIIS<\/strong><\/p>\n<p>Annustamine: 1 tablett<\/p>\n<table>\n<tbody>\n<tr>\n<th class=\"oszlop_0\">SISU<\/th>\n<th class=\"oszlop_2\">1 tablett<\/th>\n<th class=\"oszlop_3\">%SPK*<\/th>\n<\/tr>\n<tr>\n<td class=\"oszlop_0\">C-vitamiin (L-askorbiinhappena)<\/td>\n<td class=\"oszlop_2\">1000mg<\/td>\n<td class=\"oszlop_3\">1250%<\/td>\n<\/tr>\n<tr>\n<td class=\"oszlop_0\">Kibuvitsamarjad (Rosa Canina) pulbristatud puuviljad<\/td>\n<td class=\"oszlop_2\">50 mg<\/td>\n<td class=\"oszlop_3\">\u019a<\/td>\n<\/tr>\n<\/tbody>\n<\/table>\n<p>*SPK: Soovitatud P\u00e4evane kogus<br \/>\n\u019a: SPK ei ole kindlaks tehtud<\/p>\n<p><strong>Koostisosad<\/strong>: L-askorbiinhape, mahuained (tselluloos), paakumisvastane aine (rasvhapete magneesiumisoolad), kibuvitsamarjad (Rosa canina), emailipulber (h\u00fcdroks\u00fcprop\u00fc\u00fclmet\u00fc\u00fcltselluloos, talk).<\/p>\n<p><strong>Toitev\u00e4\u00e4rtused &#8211; OMEGA 3<\/strong><\/p>\n<p>Annustamine: 1 geelkapsel<\/p>\n<table>\n<tbody>\n<tr>\n<th class=\"oszlop_0\">SISU<\/th>\n<th class=\"oszlop_3\">1 geelkapsel<\/th>\n<\/tr>\n<tr>\n<td class=\"oszlop_0\">Kala\u00f5li (standardiseeritud 18% EPA-le ja 12% DHA-le)<\/td>\n<td class=\"oszlop_3\">1000mg<\/td>\n<\/tr>\n<tr>\n<td class=\"oszlop_0\">Ekv. eikosapentaeenhape (EPA)<\/td>\n<td class=\"oszlop_3\">180 mg<\/td>\n<\/tr>\n<tr>\n<td class=\"oszlop_0\">Ekv. dokosaheksaeenhape (DHA)<\/td>\n<td class=\"oszlop_3\">120 mg<\/td>\n<\/tr>\n<\/tbody>\n<\/table>\n<p><strong>Koostisosad<\/strong>: kala\u00f5li (standardiseeritud EPA-le 18% ja DHA-le 12%), kapsel (\u017eelatiin), niiskuses\u00e4ilitaja (gl\u00fctserool), puhastatud vesi, antioks\u00fcdant (DL-alfa-tokoferool).<\/p>\n<h4><strong>Toitev\u00e4\u00e4rtused &#8211; Nahk, K\u00fc\u00fcned, juuksed<\/strong><\/h4>\n<p>Annus: 1 geelkapsel<br \/>\nAnnus konteineri kohta: 30<\/p>\n<table>\n<tbody>\n<tr>\n<th class=\"oszlop_0\">SISU<\/th>\n<th class=\"oszlop_1\">1 kapsel<\/th>\n<th class=\"oszlop_2\">%SPK*\/1 kapsel<\/th>\n<\/tr>\n<tr>\n<td class=\"oszlop_0\">Vees lahustuv koens\u00fc\u00fcm Q10<\/td>\n<td class=\"oszlop_1\">50 mg<\/td>\n<td class=\"oszlop_2\">\u019a<\/td>\n<\/tr>\n<tr>\n<td class=\"oszlop_0\">E-vitamiin<\/td>\n<td class=\"oszlop_1\">10 mg<\/td>\n<td class=\"oszlop_2\">83%<\/td>\n<\/tr>\n<\/tbody>\n<\/table>\n<p>*SPK: Soovitatud P\u00e4evane kogus<br \/>\n\u019a: SPK ei ole kindlaks tehtud<\/p>\n<p><strong>Koostisosad<\/strong>: kapsel (\u017eelatiin), emulgaator (gl\u00fctser\u00fc\u00fclmonostearaat, pol\u00fcsorbaat 80), vees lahustuv, taimne, fermenteeritud koens\u00fc\u00fcm Q10, niiskuses\u00e4ilitaja (gl\u00fctserool, rasvhapete mono- ja digl\u00fctseriidid), D-alfa tokoferool, puhastatud vesi, v\u00e4rvained (titaandioksiid, kollane raudoksiid, tartrasiin **, Ponceau 4R **).<\/p>\n<p>** Tartrasiin, Ponceau 4R: v\u00f5ib avaldada kahjulikku m\u00f5ju laste aktiivsusele ja t\u00e4helepanuv\u00f5imele.<\/p>\n<p><strong>Toitev\u00e4\u00e4rtused &#8211; MULTIVITAMIINI TABLETT<\/strong><\/p>\n<p>Annustamine: 1 geelkapsel<\/p>\n<p>Annus konteineri kohta: 30<\/p>\n<table>\n<tbody>\n<tr>\n<th class=\"oszlop_0\">SISU<\/th>\n<th class=\"oszlop_2\">\/annus (1 tablett)<\/th>\n<th class=\"oszlop_3\">%SPK*\/annus<\/th>\n<\/tr>\n<tr>\n<td class=\"oszlop_0\">A-vitamiin<\/td>\n<td class=\"oszlop_2\">115,95 \u00b5g RE<\/td>\n<td class=\"oszlop_3\">14%<\/td>\n<\/tr>\n<tr>\n<td class=\"oszlop_0\">C-vitamiin<\/td>\n<td class=\"oszlop_2\">60 mg<\/td>\n<td class=\"oszlop_3\">75%<\/td>\n<\/tr>\n<tr>\n<td class=\"oszlop_0\">D-vitamiin<\/td>\n<td class=\"oszlop_2\">5 \u00b5g<\/td>\n<td class=\"oszlop_3\">100%<\/td>\n<\/tr>\n<tr>\n<td class=\"oszlop_0\">K-vitamiin<\/td>\n<td class=\"oszlop_2\">30 \u00b5g<\/td>\n<td class=\"oszlop_3\">40%<\/td>\n<\/tr>\n<tr>\n<td class=\"oszlop_0\">E-vitamiin<\/td>\n<td class=\"oszlop_2\">10 mg TE<\/td>\n<td class=\"oszlop_3\">83%<\/td>\n<\/tr>\n<tr>\n<td class=\"oszlop_0\">Vitamiin B1<\/td>\n<td class=\"oszlop_2\">1,4 mg<\/td>\n<td class=\"oszlop_3\">127%<\/td>\n<\/tr>\n<tr>\n<td class=\"oszlop_0\">Vitamiin B2<\/td>\n<td class=\"oszlop_2\">1,6 mg<\/td>\n<td class=\"oszlop_3\">114%<\/td>\n<\/tr>\n<tr>\n<td class=\"oszlop_0\">Vitamiin B3<\/td>\n<td class=\"oszlop_2\">18 mg<\/td>\n<td class=\"oszlop_3\">112%<\/td>\n<\/tr>\n<tr>\n<td class=\"oszlop_0\">B5-vitamiin \u2013 pantoteenhape<\/td>\n<td class=\"oszlop_2\">6 mg<\/td>\n<td class=\"oszlop_3\">100%<\/td>\n<\/tr>\n<tr>\n<td class=\"oszlop_0\">Vitamiin B6<\/td>\n<td class=\"oszlop_2\">2 mg<\/td>\n<td class=\"oszlop_3\">142%<\/td>\n<\/tr>\n<tr>\n<td class=\"oszlop_0\">Folaat<\/td>\n<td class=\"oszlop_2\">200 \u03bcg<\/td>\n<td class=\"oszlop_3\">100%<\/td>\n<\/tr>\n<tr>\n<td class=\"oszlop_0\">B12 vitamiin<\/td>\n<td class=\"oszlop_2\">1 \u03bcg<\/td>\n<td class=\"oszlop_3\">40%<\/td>\n<\/tr>\n<tr>\n<td class=\"oszlop_0\">Biotiin (H-vitamiin)<\/td>\n<td class=\"oszlop_2\">150 \u03bcg<\/td>\n<td class=\"oszlop_3\">300%<\/td>\n<\/tr>\n<tr>\n<td class=\"oszlop_0\">Kaltsium<\/td>\n<td class=\"oszlop_2\">162 mg<\/td>\n<td class=\"oszlop_3\">kaksk\u00fcmmend%<\/td>\n<\/tr>\n<tr>\n<td class=\"oszlop_0\">Mat\u0161<\/td>\n<td class=\"oszlop_2\">125 mg<\/td>\n<td class=\"oszlop_3\">18%<\/td>\n<\/tr>\n<tr>\n<td class=\"oszlop_0\">Magneesium<\/td>\n<td class=\"oszlop_2\">100 mg<\/td>\n<td class=\"oszlop_3\">26%<\/td>\n<\/tr>\n<tr>\n<td class=\"oszlop_0\">Jood<\/td>\n<td class=\"oszlop_2\">50 \u03bcg<\/td>\n<td class=\"oszlop_3\">33%<\/td>\n<\/tr>\n<tr>\n<td class=\"oszlop_0\">Raud<\/td>\n<td class=\"oszlop_2\">4 mg<\/td>\n<td class=\"oszlop_3\">28%<\/td>\n<\/tr>\n<tr>\n<td class=\"oszlop_0\">Seleen<\/td>\n<td class=\"oszlop_2\">25 \u03bcg<\/td>\n<td class=\"oszlop_3\">Neli viis protsenti.<\/td>\n<\/tr>\n<tr>\n<td class=\"oszlop_0\">Tsink<\/td>\n<td class=\"oszlop_2\">5 mg<\/td>\n<td class=\"oszlop_3\">viisk\u00fcmmend%<\/td>\n<\/tr>\n<tr>\n<td class=\"oszlop_0\">Vask<\/td>\n<td class=\"oszlop_2\">0,5 mg<\/td>\n<td class=\"oszlop_3\">viisk\u00fcmmend%<\/td>\n<\/tr>\n<tr>\n<td class=\"oszlop_0\">Mangaan<\/td>\n<td class=\"oszlop_2\">1 mg<\/td>\n<td class=\"oszlop_3\">viisk\u00fcmmend%<\/td>\n<\/tr>\n<tr>\n<td class=\"oszlop_0\">Chrome<\/td>\n<td class=\"oszlop_2\">25 \u03bcg<\/td>\n<td class=\"oszlop_3\">62%<\/td>\n<\/tr>\n<tr>\n<td class=\"oszlop_0\">Mol\u00fcbdeen<\/td>\n<td class=\"oszlop_2\">25 \u03bcg<\/td>\n<td class=\"oszlop_3\">viisk\u00fcmmend%<\/td>\n<\/tr>\n<\/tbody>\n<\/table>\n<p>*SPK: Soovitatud P\u00e4evane kogus<br \/>\n\u019a: SPK ei ole kindlaks tehtud<\/p>\n<p><strong>Koostisosad<\/strong>: Dikaltsiumfosfaat, magneesiumoksiid, t\u00e4iteained (tselluloos, ristseotud naatriumkarboks\u00fcmet\u00fc\u00fclkarboks\u00fc\u00fcl), kaaliumkloriid, L-askorbiinhape, kattematerjal (pol\u00fcvin\u00fc\u00fclalkohol), nikotiinamiid, DL-alfa-tokofer\u00fc\u00fclatsetaat, paakumisvastane aine (talc) ), mahuaine (pol\u00fcet\u00fcleengl\u00fckool), raud(II)fumaraat, tsinkoksiid, kaltsium-D-pantotenaat, mangaansulfaat, paakumisvastane aine (rasvhapete magneesiumisoolad), p\u00fcridoksiinvesinikkloriid, riboflaviin, tiamiinvesinikkloriid, kuup(II) . ) sulfaat, v\u00e4rvaine (titaandioksiid, karmiinkollane raudoksiid), emulgaator (pol\u00fcsorbaat 80), ptero\u00fc\u00fclmonoglutamiinhape, retin\u00fc\u00fclatsetaat, D-biotiin, kaaliumjodiid, kroom (III) kloriid, naatriumseleniit, naatriummol\u00fcbdaatnaatrium, f\u00fcllokvinokaltsoonferool,.<\/p>\n<p>&nbsp;<\/p>\n<p>Vaata ka meie teisi Vitamiine\/Mineraale <a href=\"https:\/\/fit360.ee\/en\/product-category\/product-groups\/vitamins-and-minerals-en\/\"><strong>SIIT<\/strong><\/a> v\u00f5i Multivitamiine <a href=\"https:\/\/fit360.ee\/en\/product-category\/product-groups\/vitamins-and-minerals-en\/multivitamins-en\/\"><strong>SIIT<\/strong><\/a>!<\/p>\n<p>Soovid kaupa osta suuremas koguses? Vaata antud toodet ka meie HULGI poest\u00a0<a href=\"https:\/\/toidulisandidhulgi.ee\/tooted\/tesla-multivitamin-pack-30packs\/\"><strong>SIIT<\/strong><\/a>!<\/p>\n","protected":false},"excerpt":{"rendered":"<p><strong>Tesla Multivitamin Pack sisaldab<\/strong>:<\/p>\n<ul>\n<li>Vitamiine\/Mineraale<\/li>\n<li>Liigeseid toetavaid toimeained<\/li>\n<li>Omega rasvhappeid<\/li>\n<li>Immuuns\u00fcsteemi toetavaid toimeaineid<\/li>\n<\/ul>\n","protected":false},"featured_media":81332,"comment_status":"open","ping_status":"closed","template":"","meta":[],"product_brand":[],"product_cat":[5311,2251,2255,1911,2267,2287,2279,1913,2283,525,2259,5320,2665,2263,1915,1917,2438,2271,2244,4995,536,2275,2295],"product_tag":[5020,4996,5021],"giftcard-category":[],"class_list":{"0":"post-81333","1":"product","2":"type-product","3":"status-publish","4":"has-post-thumbnail","6":"product_cat-antioxidants-en","7":"product_cat-b-vitamin-en","8":"product_cat-biotin-en","9":"product_cat-c-vitamin-en","10":"product_cat-calcium-en","11":"product_cat-chromium-en","12":"product_cat-coenzyme-q10-en","13":"product_cat-d-vitamin-en","14":"product_cat-e-vitamin-en","15":"product_cat-essential-fats-en","16":"product_cat-folic-acid-en","17":"product_cat-for-immunity-en","18":"product_cat-iron-en","19":"product_cat-k-vitamin-en","20":"product_cat-magnesium-en","21":"product_cat-multivitamins-en","22":"product_cat-omega-3-en","23":"product_cat-potassium-en","24":"product_cat-selen-en","25":"product_cat-tesla-en","26":"product_cat-vitamins-and-minerals-en","27":"product_cat-zinc-en","28":"product_cat-zma-en","29":"product_tag-multivitamin-pack-en","30":"product_tag-tesla-en","31":"product_tag-tesla-multivitamin-pack-en","32":"pa_kogus-30-pakki-en","33":"pa_toidulisand-branddd-tesla","34":"pa_tootegruppp-antioksudandid-en","35":"pa_tootegruppp-b-vitamiin-en","36":"pa_tootegruppp-biotiin-en","37":"pa_tootegruppp-c-vitamiin-en","38":"pa_tootegruppp-d-vitamiin-en","39":"pa_tootegruppp-e-vitamiin-en","40":"pa_tootegruppp-foolhape-en","41":"pa_tootegruppp-immuunsusteem-en","42":"pa_tootegruppp-k-vitamiin-en","43":"pa_tootegruppp-kaalium-en","44":"pa_tootegruppp-kaltsium-en","45":"pa_tootegruppp-koensuum-q10-en","46":"pa_tootegruppp-kroom-en","47":"pa_tootegruppp-magneesium-en","48":"pa_tootegruppp-multivitamiinid-en","49":"pa_tootegruppp-omega-3-en","50":"pa_tootegruppp-raud-en","51":"pa_tootegruppp-seleen-en","52":"pa_tootegruppp-tsink-en","53":"pa_tootegruppp-useful-fatty-acids","54":"pa_tootegruppp-vitamins-and-minerals","55":"pa_tootegruppp-zma-en","57":"first","58":"outofstock","59":"sale","60":"taxable","61":"shipping-taxable","62":"purchasable","63":"product-type-simple"},"yoast_head":"<!-- This site is optimized with the Yoast SEO plugin v27.3 - https:\/\/yoast.com\/product\/yoast-seo-wordpress\/ -->\n<title>Tesla Multivitamin Pack (30packs) - Tugev multivitamiini kompleks - Fit360<\/title>\n<meta name=\"description\" content=\"Tesla Multivitamin Pack aitab taastuda kiiremini ning hoolitseda teie luude, lihaste, liigeste ja immuuns\u00fcsteemi eest. V\u00f5tke 1 segatud kotike p\u00e4evas koos..\" \/>\n<meta name=\"robots\" content=\"index, follow, max-snippet:-1, max-image-preview:large, max-video-preview:-1\" \/>\n<link rel=\"canonical\" href=\"https:\/\/fit360.ee\/en\/pood\/product-groups\/vitamins-and-minerals-en\/c-vitamin-en\/tesla-multivitamin-30packs\/\" \/>\n<meta property=\"og:locale\" content=\"en_US\" \/>\n<meta property=\"og:type\" content=\"article\" \/>\n<meta property=\"og:title\" content=\"Tesla Multivitamin Pack (30packs) - Tugev multivitamiini kompleks - Fit360\" \/>\n<meta property=\"og:description\" content=\"Tesla Multivitamin Pack aitab taastuda kiiremini ning hoolitseda teie luude, lihaste, liigeste ja immuuns\u00fcsteemi eest. V\u00f5tke 1 segatud kotike p\u00e4evas koos..\" \/>\n<meta property=\"og:url\" content=\"https:\/\/fit360.ee\/en\/pood\/product-groups\/vitamins-and-minerals-en\/c-vitamin-en\/tesla-multivitamin-30packs\/\" \/>\n<meta property=\"og:site_name\" content=\"Fit360\" \/>\n<meta property=\"article:modified_time\" content=\"2025-08-13T05:39:04+00:00\" \/>\n<meta property=\"og:image\" content=\"https:\/\/fit360.ee\/wp-content\/uploads\/2024\/07\/tesla-multivitamin-pack-fit360.ee-1.jpg\" \/>\n\t<meta property=\"og:image:width\" content=\"1080\" \/>\n\t<meta property=\"og:image:height\" content=\"1440\" \/>\n\t<meta property=\"og:image:type\" content=\"image\/jpeg\" \/>\n<meta name=\"twitter:card\" content=\"summary_large_image\" \/>\n<meta name=\"twitter:label1\" content=\"Est. reading time\" \/>\n\t<meta name=\"twitter:data1\" content=\"4 minutes\" \/>\n<script type=\"application\/ld+json\" class=\"yoast-schema-graph\">{\"@context\":\"https:\\\/\\\/schema.org\",\"@graph\":[{\"@type\":\"WebPage\",\"@id\":\"https:\\\/\\\/fit360.ee\\\/en\\\/pood\\\/product-groups\\\/vitamins-and-minerals-en\\\/c-vitamin-en\\\/tesla-multivitamin-30packs\\\/\",\"url\":\"https:\\\/\\\/fit360.ee\\\/en\\\/pood\\\/product-groups\\\/vitamins-and-minerals-en\\\/c-vitamin-en\\\/tesla-multivitamin-30packs\\\/\",\"name\":\"Tesla Multivitamin Pack (30packs) - Tugev multivitamiini kompleks - Fit360\",\"isPartOf\":{\"@id\":\"https:\\\/\\\/fit360.ee\\\/en\\\/#website\"},\"primaryImageOfPage\":{\"@id\":\"https:\\\/\\\/fit360.ee\\\/en\\\/pood\\\/product-groups\\\/vitamins-and-minerals-en\\\/c-vitamin-en\\\/tesla-multivitamin-30packs\\\/#primaryimage\"},\"image\":{\"@id\":\"https:\\\/\\\/fit360.ee\\\/en\\\/pood\\\/product-groups\\\/vitamins-and-minerals-en\\\/c-vitamin-en\\\/tesla-multivitamin-30packs\\\/#primaryimage\"},\"thumbnailUrl\":\"https:\\\/\\\/fit360.ee\\\/wp-content\\\/uploads\\\/2024\\\/07\\\/tesla-multivitamin-pack-fit360.ee-1.jpg\",\"datePublished\":\"2024-07-16T07:29:42+00:00\",\"dateModified\":\"2025-08-13T05:39:04+00:00\",\"description\":\"Tesla Multivitamin Pack aitab taastuda kiiremini ning hoolitseda teie luude, lihaste, liigeste ja immuuns\u00fcsteemi eest. V\u00f5tke 1 segatud kotike p\u00e4evas koos..\",\"breadcrumb\":{\"@id\":\"https:\\\/\\\/fit360.ee\\\/en\\\/pood\\\/product-groups\\\/vitamins-and-minerals-en\\\/c-vitamin-en\\\/tesla-multivitamin-30packs\\\/#breadcrumb\"},\"inLanguage\":\"en-US\",\"potentialAction\":[{\"@type\":\"ReadAction\",\"target\":[\"https:\\\/\\\/fit360.ee\\\/en\\\/pood\\\/product-groups\\\/vitamins-and-minerals-en\\\/c-vitamin-en\\\/tesla-multivitamin-30packs\\\/\"]}]},{\"@type\":\"ImageObject\",\"inLanguage\":\"en-US\",\"@id\":\"https:\\\/\\\/fit360.ee\\\/en\\\/pood\\\/product-groups\\\/vitamins-and-minerals-en\\\/c-vitamin-en\\\/tesla-multivitamin-30packs\\\/#primaryimage\",\"url\":\"https:\\\/\\\/fit360.ee\\\/wp-content\\\/uploads\\\/2024\\\/07\\\/tesla-multivitamin-pack-fit360.ee-1.jpg\",\"contentUrl\":\"https:\\\/\\\/fit360.ee\\\/wp-content\\\/uploads\\\/2024\\\/07\\\/tesla-multivitamin-pack-fit360.ee-1.jpg\",\"width\":1080,\"height\":1440,\"caption\":\"tesla multivitamin pack - fit360.ee\"},{\"@type\":\"BreadcrumbList\",\"@id\":\"https:\\\/\\\/fit360.ee\\\/en\\\/pood\\\/product-groups\\\/vitamins-and-minerals-en\\\/c-vitamin-en\\\/tesla-multivitamin-30packs\\\/#breadcrumb\",\"itemListElement\":[{\"@type\":\"ListItem\",\"position\":1,\"name\":\"Home\",\"item\":\"https:\\\/\\\/fit360.ee\\\/en\\\/\"},{\"@type\":\"ListItem\",\"position\":2,\"name\":\"Shop\",\"item\":\"https:\\\/\\\/fit360.ee\\\/en\\\/shop\\\/\"},{\"@type\":\"ListItem\",\"position\":3,\"name\":\"Tesla Multivitamin Pack (30packs)\"}]},{\"@type\":\"WebSite\",\"@id\":\"https:\\\/\\\/fit360.ee\\\/en\\\/#website\",\"url\":\"https:\\\/\\\/fit360.ee\\\/en\\\/\",\"name\":\"Fit360\",\"description\":\"\",\"publisher\":{\"@id\":\"https:\\\/\\\/fit360.ee\\\/en\\\/#organization\"},\"potentialAction\":[{\"@type\":\"SearchAction\",\"target\":{\"@type\":\"EntryPoint\",\"urlTemplate\":\"https:\\\/\\\/fit360.ee\\\/en\\\/?s={search_term_string}\"},\"query-input\":{\"@type\":\"PropertyValueSpecification\",\"valueRequired\":true,\"valueName\":\"search_term_string\"}}],\"inLanguage\":\"en-US\"},{\"@type\":\"Organization\",\"@id\":\"https:\\\/\\\/fit360.ee\\\/en\\\/#organization\",\"name\":\"Fit360\",\"url\":\"https:\\\/\\\/fit360.ee\\\/en\\\/\",\"logo\":{\"@type\":\"ImageObject\",\"inLanguage\":\"en-US\",\"@id\":\"https:\\\/\\\/fit360.ee\\\/en\\\/#\\\/schema\\\/logo\\\/image\\\/\",\"url\":\"https:\\\/\\\/fit360.ee\\\/wp-content\\\/uploads\\\/2017\\\/01\\\/logo-fit360.png\",\"contentUrl\":\"https:\\\/\\\/fit360.ee\\\/wp-content\\\/uploads\\\/2017\\\/01\\\/logo-fit360.png\",\"width\":180,\"height\":66,\"caption\":\"Fit360\"},\"image\":{\"@id\":\"https:\\\/\\\/fit360.ee\\\/en\\\/#\\\/schema\\\/logo\\\/image\\\/\"}}]}<\/script>\n<!-- \/ Yoast SEO plugin. -->","yoast_head_json":{"title":"Tesla Multivitamin Pack (30packs) - Tugev multivitamiini kompleks - Fit360","description":"Tesla Multivitamin Pack aitab taastuda kiiremini ning hoolitseda teie luude, lihaste, liigeste ja immuuns\u00fcsteemi eest. V\u00f5tke 1 segatud kotike p\u00e4evas koos..","robots":{"index":"index","follow":"follow","max-snippet":"max-snippet:-1","max-image-preview":"max-image-preview:large","max-video-preview":"max-video-preview:-1"},"canonical":"https:\/\/fit360.ee\/en\/pood\/product-groups\/vitamins-and-minerals-en\/c-vitamin-en\/tesla-multivitamin-30packs\/","og_locale":"en_US","og_type":"article","og_title":"Tesla Multivitamin Pack (30packs) - Tugev multivitamiini kompleks - Fit360","og_description":"Tesla Multivitamin Pack aitab taastuda kiiremini ning hoolitseda teie luude, lihaste, liigeste ja immuuns\u00fcsteemi eest. V\u00f5tke 1 segatud kotike p\u00e4evas koos..","og_url":"https:\/\/fit360.ee\/en\/pood\/product-groups\/vitamins-and-minerals-en\/c-vitamin-en\/tesla-multivitamin-30packs\/","og_site_name":"Fit360","article_modified_time":"2025-08-13T05:39:04+00:00","og_image":[{"width":1080,"height":1440,"url":"https:\/\/fit360.ee\/wp-content\/uploads\/2024\/07\/tesla-multivitamin-pack-fit360.ee-1.jpg","type":"image\/jpeg"}],"twitter_card":"summary_large_image","twitter_misc":{"Est. reading time":"4 minutes"},"schema":{"@context":"https:\/\/schema.org","@graph":[{"@type":"WebPage","@id":"https:\/\/fit360.ee\/en\/pood\/product-groups\/vitamins-and-minerals-en\/c-vitamin-en\/tesla-multivitamin-30packs\/","url":"https:\/\/fit360.ee\/en\/pood\/product-groups\/vitamins-and-minerals-en\/c-vitamin-en\/tesla-multivitamin-30packs\/","name":"Tesla Multivitamin Pack (30packs) - Tugev multivitamiini kompleks - Fit360","isPartOf":{"@id":"https:\/\/fit360.ee\/en\/#website"},"primaryImageOfPage":{"@id":"https:\/\/fit360.ee\/en\/pood\/product-groups\/vitamins-and-minerals-en\/c-vitamin-en\/tesla-multivitamin-30packs\/#primaryimage"},"image":{"@id":"https:\/\/fit360.ee\/en\/pood\/product-groups\/vitamins-and-minerals-en\/c-vitamin-en\/tesla-multivitamin-30packs\/#primaryimage"},"thumbnailUrl":"https:\/\/fit360.ee\/wp-content\/uploads\/2024\/07\/tesla-multivitamin-pack-fit360.ee-1.jpg","datePublished":"2024-07-16T07:29:42+00:00","dateModified":"2025-08-13T05:39:04+00:00","description":"Tesla Multivitamin Pack aitab taastuda kiiremini ning hoolitseda teie luude, lihaste, liigeste ja immuuns\u00fcsteemi eest. V\u00f5tke 1 segatud kotike p\u00e4evas koos..","breadcrumb":{"@id":"https:\/\/fit360.ee\/en\/pood\/product-groups\/vitamins-and-minerals-en\/c-vitamin-en\/tesla-multivitamin-30packs\/#breadcrumb"},"inLanguage":"en-US","potentialAction":[{"@type":"ReadAction","target":["https:\/\/fit360.ee\/en\/pood\/product-groups\/vitamins-and-minerals-en\/c-vitamin-en\/tesla-multivitamin-30packs\/"]}]},{"@type":"ImageObject","inLanguage":"en-US","@id":"https:\/\/fit360.ee\/en\/pood\/product-groups\/vitamins-and-minerals-en\/c-vitamin-en\/tesla-multivitamin-30packs\/#primaryimage","url":"https:\/\/fit360.ee\/wp-content\/uploads\/2024\/07\/tesla-multivitamin-pack-fit360.ee-1.jpg","contentUrl":"https:\/\/fit360.ee\/wp-content\/uploads\/2024\/07\/tesla-multivitamin-pack-fit360.ee-1.jpg","width":1080,"height":1440,"caption":"tesla multivitamin pack - fit360.ee"},{"@type":"BreadcrumbList","@id":"https:\/\/fit360.ee\/en\/pood\/product-groups\/vitamins-and-minerals-en\/c-vitamin-en\/tesla-multivitamin-30packs\/#breadcrumb","itemListElement":[{"@type":"ListItem","position":1,"name":"Home","item":"https:\/\/fit360.ee\/en\/"},{"@type":"ListItem","position":2,"name":"Shop","item":"https:\/\/fit360.ee\/en\/shop\/"},{"@type":"ListItem","position":3,"name":"Tesla Multivitamin Pack (30packs)"}]},{"@type":"WebSite","@id":"https:\/\/fit360.ee\/en\/#website","url":"https:\/\/fit360.ee\/en\/","name":"Fit360","description":"","publisher":{"@id":"https:\/\/fit360.ee\/en\/#organization"},"potentialAction":[{"@type":"SearchAction","target":{"@type":"EntryPoint","urlTemplate":"https:\/\/fit360.ee\/en\/?s={search_term_string}"},"query-input":{"@type":"PropertyValueSpecification","valueRequired":true,"valueName":"search_term_string"}}],"inLanguage":"en-US"},{"@type":"Organization","@id":"https:\/\/fit360.ee\/en\/#organization","name":"Fit360","url":"https:\/\/fit360.ee\/en\/","logo":{"@type":"ImageObject","inLanguage":"en-US","@id":"https:\/\/fit360.ee\/en\/#\/schema\/logo\/image\/","url":"https:\/\/fit360.ee\/wp-content\/uploads\/2017\/01\/logo-fit360.png","contentUrl":"https:\/\/fit360.ee\/wp-content\/uploads\/2017\/01\/logo-fit360.png","width":180,"height":66,"caption":"Fit360"},"image":{"@id":"https:\/\/fit360.ee\/en\/#\/schema\/logo\/image\/"}}]}},"_links":{"self":[{"href":"https:\/\/fit360.ee\/en\/wp-json\/wp\/v2\/product\/81333","targetHints":{"allow":["GET"]}}],"collection":[{"href":"https:\/\/fit360.ee\/en\/wp-json\/wp\/v2\/product"}],"about":[{"href":"https:\/\/fit360.ee\/en\/wp-json\/wp\/v2\/types\/product"}],"replies":[{"embeddable":true,"href":"https:\/\/fit360.ee\/en\/wp-json\/wp\/v2\/comments?post=81333"}],"wp:featuredmedia":[{"embeddable":true,"href":"https:\/\/fit360.ee\/en\/wp-json\/wp\/v2\/media\/81332"}],"wp:attachment":[{"href":"https:\/\/fit360.ee\/en\/wp-json\/wp\/v2\/media?parent=81333"}],"wp:term":[{"taxonomy":"product_brand","embeddable":true,"href":"https:\/\/fit360.ee\/en\/wp-json\/wp\/v2\/product_brand?post=81333"},{"taxonomy":"product_cat","embeddable":true,"href":"https:\/\/fit360.ee\/en\/wp-json\/wp\/v2\/product_cat?post=81333"},{"taxonomy":"product_tag","embeddable":true,"href":"https:\/\/fit360.ee\/en\/wp-json\/wp\/v2\/product_tag?post=81333"},{"taxonomy":"giftcard-category","embeddable":true,"href":"https:\/\/fit360.ee\/en\/wp-json\/wp\/v2\/giftcard-category?post=81333"}],"curies":[{"name":"wp","href":"https:\/\/api.w.org\/{rel}","templated":true}]}}