{"id":81353,"date":"2024-07-16T14:29:37","date_gmt":"2024-07-16T12:29:37","guid":{"rendered":"https:\/\/fit360.ee\/pood\/uncategorized\/tesla-joint-guard-c-vitamin-90caps\/"},"modified":"2025-08-13T07:37:55","modified_gmt":"2025-08-13T05:37:55","slug":"tesla-joint-guard-c-vitamin-90caps","status":"publish","type":"product","link":"https:\/\/fit360.ee\/en\/pood\/product-groups\/superfoods-health-foods-en\/glucosamine-en\/tesla-joint-guard-c-vitamin-90caps\/","title":{"rendered":"Tesla Joint Guard + C Vitamin (90caps)"},"content":{"rendered":"<h2><strong>Joint Guard<\/strong><\/h2>\n<p>Toetage liigeseid ja \u00fcldist heaolu Joint Guard + C-vitamiiniga. Meie esmaklassiline valem \u00fchendab liigeseid toetavate koostisosade eelised C-vitamiini immuuns\u00fcsteemi tugevdava j\u00f5uga. Kogege paremat liikuvust ja paindlikkust, tugevdades samal ajal oma keha kaitses\u00fcsteemi. Astuge ennetav samm parema liigeste tervise ja eluj\u00f5u suunas koos Joint Guard + C-vitamiiniga.<\/p>\n<p><strong>Kondroitiin<\/strong>\u00a0on inimese sidekoe ehk k\u00f5hre komponent, mis aitab pehmendada teie liigeseid ja takistab teie luude \u00fcksteise vastu h\u00f5\u00f5rumist. Kondroitiin imab vett ja muid vedelikke, mis aitab hoida teie k\u00f5hre h\u00fcdreeritud ja tervena. Eriti kui seda v\u00f5etakse koos gl\u00fckoosamiiniga, v\u00f5ib see k\u00f5hrekoe kadu tagasi p\u00f6\u00f6rata. Seda kasutatakse t\u00e4iendusena osteoartriidi, k\u00f5hre lagunemise tagaj\u00e4rjel tekkiva artriidi vormi raviks. Marylandi \u00fclikooli meditsiinikeskuse andmetel on kliinilised andmed andnud erinevaid tulemusi, m\u00f5ned uuringud on leidnud kasu ja muud andmed, mis ei n\u00e4ita mingit kasu.<\/p>\n<p><a href=\"https:\/\/fit360.ee\/en\/product-category\/product-groups\/superfoods-health-foods-en\/glucosamine-en\/\"><strong>Gl\u00fckoosamiini<\/strong><\/a>\u00a0toodetakse teie kehas loomulikult ja see aitab luua ja parandada liigeseid \u00fchendavat k\u00f5hre. Inimeste vananedes gl\u00fckoosamiini tase langeb. Aja jooksul v\u00f5ib see p\u00f5hjustada liigese halvenemist ja k\u00f5hre kaotust. Seet\u00f5ttu on gl\u00fckoosamiini k\u00f5hre \u00fclesehitavad omadused olulised liigesevalu ja -j\u00e4ikuse loomulikuks leevendamiseks. Ameerika ortopeediliste kirurgide akadeemia andmetel on gl\u00fckoosamiinil p\u00f5letikuvastased omadused, mis v\u00f5ivad aidata leevendada osteoartriidi valu.<\/p>\n<p><a href=\"https:\/\/fit360.ee\/en\/product-category\/product-groups\/superfoods-health-foods-en\/msm-en\/\"><strong>MSM (met\u00fc\u00fclsulfon\u00fc\u00fclmetaan)<\/strong><\/a>\u00a0on looduslikult esinev \u00fchend ja ohutu toidu koostisosa, mis sisaldab v\u00e4\u00e4vli- ja met\u00fc\u00fclr\u00fchmi. V\u00e4\u00e4vel on p\u00f5hiline keemiline element, mis on vajalik biokeemiliseks funktsioneerimiseks, samuti on see aminohapete ja sidekoe, sealhulgas liigeste, k\u00f5hre, naha, juuste ja k\u00fc\u00fcnte oluline ehitusplokk. Teisest k\u00fcljest toetavad met\u00fc\u00fclr\u00fchmad paljusid olulisi ainevahetusprotsesse kehas.<\/p>\n<p><strong>MSM suurendab glutatiooni<\/strong>\u00a0taset, mis on esmane antioks\u00fcdantne \u00fchend, mida treenerid, sportlased ja teaduseksperdid tunnustavad selle v\u00f5ime t\u00f5ttu parandada treeningutest taastumist. Kasvavad t\u00f5endid n\u00e4itavad, et MSM on t\u00f5hus oks\u00fcdatiivset stressi p\u00f5hjustavate tegurite v\u00e4hendamisel ja arvukad uuringud n\u00e4itavad, et MSM aitab l\u00fchiajaliselt taastuda, v\u00e4hendades p\u00f5letikulisi immuunvastuseid ja turset. T\u00e4nu MSM-i valu vaigistavatele ja p\u00f5letikuvastastele omadustele kasutatakse MSM-i laialdaselt \u00fcldise liigeste tervise toetamiseks ja normaalse liikumisulatuse s\u00e4ilitamiseks.<\/p>\n<p><a href=\"https:\/\/fit360.ee\/en\/product-category\/product-groups\/vitamins-and-minerals-en\/c-vitamin-en\/\"><strong>C-vitamiin<\/strong><\/a>\u00a0\u2013 on oluline toitaine, mis m\u00e4ngib olulist rolli paljudes teie keha elut\u00e4htsates funktsioonides, sealhulgas kollageeni tootmises, valkude ja rasvade ainevahetuses.<\/p>\n<p>C-vitamiin on oluline antioks\u00fcdant, mis blokeerib osa vabade radikaalide poolt teie rakkudele p\u00f5hjustatud kahjustustest. Vabade radikaalide kogunemine aja jooksul on suures osas vastutav vananemisprotsessi eest ja v\u00f5ib m\u00e4ngida rolli v\u00e4hi, s\u00fcdamehaiguste ja selliste seisundite nagu artriit puhul. Lisaks toetab C-vitamiin tervet immuuns\u00fcsteemi ja aitab kaasa haavade paranemisele.<\/p>\n<h4><strong>Miks kasutada Joint Guard + C vitamiini?<\/strong><\/h4>\n<p>Sport ja trenn v\u00f5ivad lihastele, k\u00f5\u00f5lustele, sidemetele ja luudele t\u00f5sist kahju tekitada, kui t\u00f5mbad, h\u00fcppad, l\u00f6\u00f6d, t\u00f5stad v\u00f5i viskad piisavalt k\u00f5vasti. Pehmete kudede vigastus on sportlaste seas liiga tavaline n\u00e4htus. Liigeste parandamine mitte ainult ei leevenda valu, vaid aitab ka kehal end parandada, et saaksite uuesti trenni teha.<\/p>\n<p>Lisaks saab Joint Guardi kasutada kroonilise valu, paljude haigusseisundite, nagu osteoartriit, liigesep\u00f5letik, reumatoidartriit, osteoporoos, liigeste \u00fcmbruse p\u00f5letik (bursiit), tendiniit, k\u00f5\u00f5luste \u00fcmbruse turse (tenos\u00fcnoviit) vastu, samuti v\u00f5ib see leevendada luu- ja lihaskonna valu. ja lihaskrambid sportlastel, kiirendades taastumist.<\/p>\n<p><strong>Joint Guardi peamised koostisosad (MSM, gl\u00fckoosamiin, kondroitiin, Fortigel ja C-vitamiin) toimivad koos, andes tootele selle m\u00e4rkimisv\u00e4\u00e4rsed eelised:<\/strong><\/p>\n<ul>\n<li>Parandab liigeste paindlikkust<\/li>\n<li>Kiirendab taastumist ja kiirendab lihaste paranemist.<\/li>\n<li>Kiirendab paranemisprotsessi (aitab organismil piimhapet eemaldada)<\/li>\n<li>Omab p\u00f5letikuvastaseid omadusi, v\u00e4hendab j\u00e4ikust ja turset<\/li>\n<li>Detoksifitseerib keha<\/li>\n<li>Loomulikult suurendab energiat<\/li>\n<li>Parandab naha tervist ning tugevdab juukseid ja k\u00fc\u00fcsi<\/li>\n<\/ul>\n<p><strong>Koostisosad<\/strong>: t\u00e4iteaine (maltodekstriin), gl\u00fckoosamiinsulfaat (karpidest), kondroitiinsulfaat, kapsli kest [\u017eelatiin, v\u00e4rv (titaandioksiid)], Met\u00fc\u00fclsulfon\u00fc\u00fclmetaan (MSM), paakumisvastased ained (r\u00e4nidioksiid, kaltsium<br \/>\nortofosforhappe soolad), L-askorbiinhape.<\/p>\n<p><strong>Kasutamine<\/strong>: V\u00f5tke 2 kapslit iga p\u00e4ev koos suure klaasi veega p\u00e4rast \u00f5htus\u00f6\u00f6ki. Tugeva valu korral v\u00f5ib ka v\u00f5tta 3-4 kapslit p\u00e4evas<\/p>\n<p><strong>NB! Toode ei asenda mitmek\u00fclgset toitumist. Hoida lastele k\u00e4ttesaamatus kohas.<\/strong><\/p>\n<p><strong>Suurus<\/strong>: 90 kapslit<\/p>\n<p><a href=\"https:\/\/fit360.ee\/wp-content\/uploads\/2024\/07\/joint-guard-vitamin-c-fit360.ee_.jpg\"><img loading=\"lazy\" decoding=\"async\" class=\"size-full wp-image-81349\" src=\"https:\/\/fit360.ee\/wp-content\/uploads\/2024\/07\/joint-guard-vitamin-c-fit360.ee_.jpg\" alt=\"joint guard + vitamin c - fit360.ee\" width=\"480\" height=\"360\" \/><\/a><\/p>\n<p>Vaata ka meie teisi Toidulisandeid Liigestele <a href=\"https:\/\/fit360.ee\/en\/product-category\/product-groups\/joint-support-en\/\"><strong>SIIT<\/strong><\/a> v\u00f5i Gl\u00fckosamiine <a href=\"https:\/\/fit360.ee\/en\/product-category\/product-groups\/superfoods-health-foods-en\/glucosamine-en\/\"><strong>SIIT<\/strong><\/a>!<\/p>\n<p>Soovid kaupa osta suuremas koguses? Vaata antud toodet ka meie HULGI poest\u00a0<a href=\"https:\/\/toidulisandidhulgi.ee\/tooted\/tesla-joint-guard-c-vitamin-90caps\/\"><strong>SIIT<\/strong><\/a>!<\/p>\n","protected":false},"excerpt":{"rendered":"<ul>\n<li>Parandab liigeste paindlikkust<\/li>\n<li>Kiirendab taastumist ja kiirendab lihaste paranemist.<\/li>\n<li>Kiirendab paranemisprotsessi (aitab organismil piimhapet eemaldada)<\/li>\n<li>Omab p\u00f5letikuvastaseid omadusi, v\u00e4hendab j\u00e4ikust ja turset<\/li>\n<li>Detoksifitseerib keha<\/li>\n<li>Loomulikult suurendab energiat<\/li>\n<li>Parandab naha tervist ning tugevdab juukseid ja k\u00fc\u00fcsi<\/li>\n<\/ul>\n","protected":false},"featured_media":81352,"comment_status":"open","ping_status":"closed","template":"","meta":[],"product_brand":[],"product_cat":[5311,1911,5320,2341,527,2342,1454,4995],"product_tag":[5028,5029,4996],"giftcard-category":[],"class_list":{"0":"post-81353","1":"product","2":"type-product","3":"status-publish","4":"has-post-thumbnail","6":"product_cat-antioxidants-en","7":"product_cat-c-vitamin-en","8":"product_cat-for-immunity-en","9":"product_cat-glucosamine-en","10":"product_cat-joint-support-en","11":"product_cat-msm-en","12":"product_cat-superfoods-health-foods-en","13":"product_cat-tesla-en","14":"product_tag-joint-guard-en","15":"product_tag-joint-shield-en","16":"product_tag-tesla-en","17":"pa_kogus-90-capsules","18":"pa_toidulisand-branddd-tesla","19":"pa_tootegruppp-antioksudandid-en","20":"pa_tootegruppp-c-vitamiin-en","21":"pa_tootegruppp-for-joints","22":"pa_tootegruppp-glukosamiin-en","23":"pa_tootegruppp-immuunsusteem-en","24":"pa_tootegruppp-msm-en","25":"pa_tootegruppp-supertoit-tervisetoit-en","27":"first","28":"instock","29":"sale","30":"taxable","31":"shipping-taxable","32":"purchasable","33":"product-type-simple"},"yoast_head":"<!-- This site is optimized with the Yoast SEO plugin v27.3 - https:\/\/yoast.com\/product\/yoast-seo-wordpress\/ -->\n<title>Tesla Joint Guard + C Vitamin (90caps) - T\u00f5hus toidulisand liigestele - Fit360<\/title>\n<meta name=\"description\" content=\"Joint Guard + C-vitamiin esmaklassiline valem \u00fchendab liigeseid toetavate koostisosade eelised C-vitamiini immuuns\u00fcsteemi tugevdava j\u00f5uga. Kogege pare...\" \/>\n<meta name=\"robots\" content=\"index, follow, max-snippet:-1, max-image-preview:large, max-video-preview:-1\" \/>\n<link rel=\"canonical\" href=\"https:\/\/fit360.ee\/en\/pood\/product-groups\/superfoods-health-foods-en\/glucosamine-en\/tesla-joint-guard-c-vitamin-90caps\/\" \/>\n<meta property=\"og:locale\" content=\"en_US\" \/>\n<meta property=\"og:type\" content=\"article\" \/>\n<meta property=\"og:title\" content=\"Tesla Joint Guard + C Vitamin (90caps) - T\u00f5hus toidulisand liigestele - Fit360\" \/>\n<meta property=\"og:description\" content=\"Joint Guard + C-vitamiin esmaklassiline valem \u00fchendab liigeseid toetavate koostisosade eelised C-vitamiini immuuns\u00fcsteemi tugevdava j\u00f5uga. Kogege pare...\" \/>\n<meta property=\"og:url\" content=\"https:\/\/fit360.ee\/en\/pood\/product-groups\/superfoods-health-foods-en\/glucosamine-en\/tesla-joint-guard-c-vitamin-90caps\/\" \/>\n<meta property=\"og:site_name\" content=\"Fit360\" \/>\n<meta property=\"article:modified_time\" content=\"2025-08-13T05:37:55+00:00\" \/>\n<meta property=\"og:image\" content=\"https:\/\/fit360.ee\/wp-content\/uploads\/2024\/07\/tesla-joint-guard-fit360.ee_.jpg\" \/>\n\t<meta property=\"og:image:width\" content=\"980\" \/>\n\t<meta property=\"og:image:height\" content=\"980\" \/>\n\t<meta property=\"og:image:type\" content=\"image\/jpeg\" \/>\n<meta name=\"twitter:card\" content=\"summary_large_image\" \/>\n<meta name=\"twitter:label1\" content=\"Est. reading time\" \/>\n\t<meta name=\"twitter:data1\" content=\"4 minutes\" \/>\n<script type=\"application\/ld+json\" class=\"yoast-schema-graph\">{\"@context\":\"https:\\\/\\\/schema.org\",\"@graph\":[{\"@type\":\"WebPage\",\"@id\":\"https:\\\/\\\/fit360.ee\\\/en\\\/pood\\\/product-groups\\\/superfoods-health-foods-en\\\/glucosamine-en\\\/tesla-joint-guard-c-vitamin-90caps\\\/\",\"url\":\"https:\\\/\\\/fit360.ee\\\/en\\\/pood\\\/product-groups\\\/superfoods-health-foods-en\\\/glucosamine-en\\\/tesla-joint-guard-c-vitamin-90caps\\\/\",\"name\":\"Tesla Joint Guard + C Vitamin (90caps) - T\u00f5hus toidulisand liigestele - Fit360\",\"isPartOf\":{\"@id\":\"https:\\\/\\\/fit360.ee\\\/en\\\/#website\"},\"primaryImageOfPage\":{\"@id\":\"https:\\\/\\\/fit360.ee\\\/en\\\/pood\\\/product-groups\\\/superfoods-health-foods-en\\\/glucosamine-en\\\/tesla-joint-guard-c-vitamin-90caps\\\/#primaryimage\"},\"image\":{\"@id\":\"https:\\\/\\\/fit360.ee\\\/en\\\/pood\\\/product-groups\\\/superfoods-health-foods-en\\\/glucosamine-en\\\/tesla-joint-guard-c-vitamin-90caps\\\/#primaryimage\"},\"thumbnailUrl\":\"https:\\\/\\\/fit360.ee\\\/wp-content\\\/uploads\\\/2024\\\/07\\\/tesla-joint-guard-fit360.ee_.jpg\",\"datePublished\":\"2024-07-16T12:29:37+00:00\",\"dateModified\":\"2025-08-13T05:37:55+00:00\",\"description\":\"Joint Guard + C-vitamiin esmaklassiline valem \u00fchendab liigeseid toetavate koostisosade eelised C-vitamiini immuuns\u00fcsteemi tugevdava j\u00f5uga. Kogege pare...\",\"breadcrumb\":{\"@id\":\"https:\\\/\\\/fit360.ee\\\/en\\\/pood\\\/product-groups\\\/superfoods-health-foods-en\\\/glucosamine-en\\\/tesla-joint-guard-c-vitamin-90caps\\\/#breadcrumb\"},\"inLanguage\":\"en-US\",\"potentialAction\":[{\"@type\":\"ReadAction\",\"target\":[\"https:\\\/\\\/fit360.ee\\\/en\\\/pood\\\/product-groups\\\/superfoods-health-foods-en\\\/glucosamine-en\\\/tesla-joint-guard-c-vitamin-90caps\\\/\"]}]},{\"@type\":\"ImageObject\",\"inLanguage\":\"en-US\",\"@id\":\"https:\\\/\\\/fit360.ee\\\/en\\\/pood\\\/product-groups\\\/superfoods-health-foods-en\\\/glucosamine-en\\\/tesla-joint-guard-c-vitamin-90caps\\\/#primaryimage\",\"url\":\"https:\\\/\\\/fit360.ee\\\/wp-content\\\/uploads\\\/2024\\\/07\\\/tesla-joint-guard-fit360.ee_.jpg\",\"contentUrl\":\"https:\\\/\\\/fit360.ee\\\/wp-content\\\/uploads\\\/2024\\\/07\\\/tesla-joint-guard-fit360.ee_.jpg\",\"width\":980,\"height\":980,\"caption\":\"tesla joint guard - fit360.ee\"},{\"@type\":\"BreadcrumbList\",\"@id\":\"https:\\\/\\\/fit360.ee\\\/en\\\/pood\\\/product-groups\\\/superfoods-health-foods-en\\\/glucosamine-en\\\/tesla-joint-guard-c-vitamin-90caps\\\/#breadcrumb\",\"itemListElement\":[{\"@type\":\"ListItem\",\"position\":1,\"name\":\"Home\",\"item\":\"https:\\\/\\\/fit360.ee\\\/en\\\/\"},{\"@type\":\"ListItem\",\"position\":2,\"name\":\"Shop\",\"item\":\"https:\\\/\\\/fit360.ee\\\/en\\\/shop\\\/\"},{\"@type\":\"ListItem\",\"position\":3,\"name\":\"Tesla Joint Guard + C Vitamin (90caps)\"}]},{\"@type\":\"WebSite\",\"@id\":\"https:\\\/\\\/fit360.ee\\\/en\\\/#website\",\"url\":\"https:\\\/\\\/fit360.ee\\\/en\\\/\",\"name\":\"Fit360\",\"description\":\"\",\"publisher\":{\"@id\":\"https:\\\/\\\/fit360.ee\\\/en\\\/#organization\"},\"potentialAction\":[{\"@type\":\"SearchAction\",\"target\":{\"@type\":\"EntryPoint\",\"urlTemplate\":\"https:\\\/\\\/fit360.ee\\\/en\\\/?s={search_term_string}\"},\"query-input\":{\"@type\":\"PropertyValueSpecification\",\"valueRequired\":true,\"valueName\":\"search_term_string\"}}],\"inLanguage\":\"en-US\"},{\"@type\":\"Organization\",\"@id\":\"https:\\\/\\\/fit360.ee\\\/en\\\/#organization\",\"name\":\"Fit360\",\"url\":\"https:\\\/\\\/fit360.ee\\\/en\\\/\",\"logo\":{\"@type\":\"ImageObject\",\"inLanguage\":\"en-US\",\"@id\":\"https:\\\/\\\/fit360.ee\\\/en\\\/#\\\/schema\\\/logo\\\/image\\\/\",\"url\":\"https:\\\/\\\/fit360.ee\\\/wp-content\\\/uploads\\\/2017\\\/01\\\/logo-fit360.png\",\"contentUrl\":\"https:\\\/\\\/fit360.ee\\\/wp-content\\\/uploads\\\/2017\\\/01\\\/logo-fit360.png\",\"width\":180,\"height\":66,\"caption\":\"Fit360\"},\"image\":{\"@id\":\"https:\\\/\\\/fit360.ee\\\/en\\\/#\\\/schema\\\/logo\\\/image\\\/\"}}]}<\/script>\n<!-- \/ Yoast SEO plugin. -->","yoast_head_json":{"title":"Tesla Joint Guard + C Vitamin (90caps) - T\u00f5hus toidulisand liigestele - Fit360","description":"Joint Guard + C-vitamiin esmaklassiline valem \u00fchendab liigeseid toetavate koostisosade eelised C-vitamiini immuuns\u00fcsteemi tugevdava j\u00f5uga. Kogege pare...","robots":{"index":"index","follow":"follow","max-snippet":"max-snippet:-1","max-image-preview":"max-image-preview:large","max-video-preview":"max-video-preview:-1"},"canonical":"https:\/\/fit360.ee\/en\/pood\/product-groups\/superfoods-health-foods-en\/glucosamine-en\/tesla-joint-guard-c-vitamin-90caps\/","og_locale":"en_US","og_type":"article","og_title":"Tesla Joint Guard + C Vitamin (90caps) - T\u00f5hus toidulisand liigestele - Fit360","og_description":"Joint Guard + C-vitamiin esmaklassiline valem \u00fchendab liigeseid toetavate koostisosade eelised C-vitamiini immuuns\u00fcsteemi tugevdava j\u00f5uga. Kogege pare...","og_url":"https:\/\/fit360.ee\/en\/pood\/product-groups\/superfoods-health-foods-en\/glucosamine-en\/tesla-joint-guard-c-vitamin-90caps\/","og_site_name":"Fit360","article_modified_time":"2025-08-13T05:37:55+00:00","og_image":[{"width":980,"height":980,"url":"https:\/\/fit360.ee\/wp-content\/uploads\/2024\/07\/tesla-joint-guard-fit360.ee_.jpg","type":"image\/jpeg"}],"twitter_card":"summary_large_image","twitter_misc":{"Est. reading time":"4 minutes"},"schema":{"@context":"https:\/\/schema.org","@graph":[{"@type":"WebPage","@id":"https:\/\/fit360.ee\/en\/pood\/product-groups\/superfoods-health-foods-en\/glucosamine-en\/tesla-joint-guard-c-vitamin-90caps\/","url":"https:\/\/fit360.ee\/en\/pood\/product-groups\/superfoods-health-foods-en\/glucosamine-en\/tesla-joint-guard-c-vitamin-90caps\/","name":"Tesla Joint Guard + C Vitamin (90caps) - T\u00f5hus toidulisand liigestele - Fit360","isPartOf":{"@id":"https:\/\/fit360.ee\/en\/#website"},"primaryImageOfPage":{"@id":"https:\/\/fit360.ee\/en\/pood\/product-groups\/superfoods-health-foods-en\/glucosamine-en\/tesla-joint-guard-c-vitamin-90caps\/#primaryimage"},"image":{"@id":"https:\/\/fit360.ee\/en\/pood\/product-groups\/superfoods-health-foods-en\/glucosamine-en\/tesla-joint-guard-c-vitamin-90caps\/#primaryimage"},"thumbnailUrl":"https:\/\/fit360.ee\/wp-content\/uploads\/2024\/07\/tesla-joint-guard-fit360.ee_.jpg","datePublished":"2024-07-16T12:29:37+00:00","dateModified":"2025-08-13T05:37:55+00:00","description":"Joint Guard + C-vitamiin esmaklassiline valem \u00fchendab liigeseid toetavate koostisosade eelised C-vitamiini immuuns\u00fcsteemi tugevdava j\u00f5uga. Kogege pare...","breadcrumb":{"@id":"https:\/\/fit360.ee\/en\/pood\/product-groups\/superfoods-health-foods-en\/glucosamine-en\/tesla-joint-guard-c-vitamin-90caps\/#breadcrumb"},"inLanguage":"en-US","potentialAction":[{"@type":"ReadAction","target":["https:\/\/fit360.ee\/en\/pood\/product-groups\/superfoods-health-foods-en\/glucosamine-en\/tesla-joint-guard-c-vitamin-90caps\/"]}]},{"@type":"ImageObject","inLanguage":"en-US","@id":"https:\/\/fit360.ee\/en\/pood\/product-groups\/superfoods-health-foods-en\/glucosamine-en\/tesla-joint-guard-c-vitamin-90caps\/#primaryimage","url":"https:\/\/fit360.ee\/wp-content\/uploads\/2024\/07\/tesla-joint-guard-fit360.ee_.jpg","contentUrl":"https:\/\/fit360.ee\/wp-content\/uploads\/2024\/07\/tesla-joint-guard-fit360.ee_.jpg","width":980,"height":980,"caption":"tesla joint guard - fit360.ee"},{"@type":"BreadcrumbList","@id":"https:\/\/fit360.ee\/en\/pood\/product-groups\/superfoods-health-foods-en\/glucosamine-en\/tesla-joint-guard-c-vitamin-90caps\/#breadcrumb","itemListElement":[{"@type":"ListItem","position":1,"name":"Home","item":"https:\/\/fit360.ee\/en\/"},{"@type":"ListItem","position":2,"name":"Shop","item":"https:\/\/fit360.ee\/en\/shop\/"},{"@type":"ListItem","position":3,"name":"Tesla Joint Guard + C Vitamin (90caps)"}]},{"@type":"WebSite","@id":"https:\/\/fit360.ee\/en\/#website","url":"https:\/\/fit360.ee\/en\/","name":"Fit360","description":"","publisher":{"@id":"https:\/\/fit360.ee\/en\/#organization"},"potentialAction":[{"@type":"SearchAction","target":{"@type":"EntryPoint","urlTemplate":"https:\/\/fit360.ee\/en\/?s={search_term_string}"},"query-input":{"@type":"PropertyValueSpecification","valueRequired":true,"valueName":"search_term_string"}}],"inLanguage":"en-US"},{"@type":"Organization","@id":"https:\/\/fit360.ee\/en\/#organization","name":"Fit360","url":"https:\/\/fit360.ee\/en\/","logo":{"@type":"ImageObject","inLanguage":"en-US","@id":"https:\/\/fit360.ee\/en\/#\/schema\/logo\/image\/","url":"https:\/\/fit360.ee\/wp-content\/uploads\/2017\/01\/logo-fit360.png","contentUrl":"https:\/\/fit360.ee\/wp-content\/uploads\/2017\/01\/logo-fit360.png","width":180,"height":66,"caption":"Fit360"},"image":{"@id":"https:\/\/fit360.ee\/en\/#\/schema\/logo\/image\/"}}]}},"_links":{"self":[{"href":"https:\/\/fit360.ee\/en\/wp-json\/wp\/v2\/product\/81353","targetHints":{"allow":["GET"]}}],"collection":[{"href":"https:\/\/fit360.ee\/en\/wp-json\/wp\/v2\/product"}],"about":[{"href":"https:\/\/fit360.ee\/en\/wp-json\/wp\/v2\/types\/product"}],"replies":[{"embeddable":true,"href":"https:\/\/fit360.ee\/en\/wp-json\/wp\/v2\/comments?post=81353"}],"wp:featuredmedia":[{"embeddable":true,"href":"https:\/\/fit360.ee\/en\/wp-json\/wp\/v2\/media\/81352"}],"wp:attachment":[{"href":"https:\/\/fit360.ee\/en\/wp-json\/wp\/v2\/media?parent=81353"}],"wp:term":[{"taxonomy":"product_brand","embeddable":true,"href":"https:\/\/fit360.ee\/en\/wp-json\/wp\/v2\/product_brand?post=81353"},{"taxonomy":"product_cat","embeddable":true,"href":"https:\/\/fit360.ee\/en\/wp-json\/wp\/v2\/product_cat?post=81353"},{"taxonomy":"product_tag","embeddable":true,"href":"https:\/\/fit360.ee\/en\/wp-json\/wp\/v2\/product_tag?post=81353"},{"taxonomy":"giftcard-category","embeddable":true,"href":"https:\/\/fit360.ee\/en\/wp-json\/wp\/v2\/giftcard-category?post=81353"}],"curies":[{"name":"wp","href":"https:\/\/api.w.org\/{rel}","templated":true}]}}