{"id":81373,"date":"2024-07-16T19:59:26","date_gmt":"2024-07-16T17:59:26","guid":{"rendered":"https:\/\/fit360.ee\/pood\/uncategorized\/tesla-eaa-powder-300g\/"},"modified":"2026-02-12T16:28:32","modified_gmt":"2026-02-12T14:28:32","slug":"tesla-eaa-powder-300g","status":"publish","type":"product","link":"https:\/\/fit360.ee\/en\/pood\/product-groups\/amino-acids-bcaa\/bcaa-en\/tesla-eaa-powder-300g\/","title":{"rendered":"Tesla EAA Powder (300g)"},"content":{"rendered":"<h2><strong>Tesla EAA<\/strong><\/h2>\n<p><strong>Tutvustame Tesla EAA \u2013 T\u00e4ielik Essential Amino Acid Valem parimaks j\u00f5udluseks<\/strong><\/p>\n<p>T\u00e4iustage oma treeninguid Tesla EAA Amino abil, mis on hoolikalt valmistatud toidulisand, mis pakub kogu essentsiaalsete aminohapete (EAA) spektrit. Need aminohapped on \u00fcliolulised lihaste arengu, taastumise ja \u00fcldise f\u00fc\u00fcsilise j\u00f5udluse jaoks, muutes selle toidulisandi asendamatuks vahendiks nii sportlastele kui ka fitnessi harrastajatele.<\/p>\n<p><a href=\"https:\/\/fit360.ee\/en\/product-category\/product-groups\/amino-acids-bcaa\/essential-amino-acids-eaa-en\/\"><strong>Asendamatud aminohapped<\/strong><\/a>\u00a0ehk\u00a0<em>Essential Amino Acids<\/em> (inglise k.)on aminohapped, mida inimese organism ise kas \u00fcldse ei tooda v\u00f5i toodab v\u00e4hesel m\u00e4\u00e4ral, nii et nende omastamine toidust v\u00f5i toidulisanditest on m\u00f6\u00f6dap\u00e4\u00e4smatult vajalik.<\/p>\n<h4><strong>Tesla Asendamatu Aminohapped:<\/strong><\/h4>\n<ul>\n<li><b><\/b><strong><b>T\u00e4ielik EAA-de spekter:<\/b><\/strong>Tesla EAA Amino sisaldab k\u00f5iki asendamatuid aminohappeid, mida teie keha vajab, kuid ei suuda ise toota, sealhulgas BCAA-sid (hargnenud ahelaga aminohapped), mis on lihaste kasvu ja taastumise jaoks \u00fcliolulised.<\/li>\n<li><b><\/b><strong><b>Toetab lihaste taastumist:<\/b><\/strong>selles valemis sisalduvad EAA-d aitavad kiirendada lihaste taastumist, v\u00e4hendades valulikkust ja seisakuid p\u00e4rast intensiivseid treeninguid.<\/li>\n<li><b><\/b><strong><b>Soodustab lihaste kasvu:<\/b><\/strong>On n\u00e4idatud, et regulaarne EAA-de tarbimine stimuleerib lihasvalkude s\u00fcnteesi, aidates kaasa lihaste kasvule ja s\u00e4ilitamisele.<\/li>\n<li><b><\/b><strong><b>Parandab \u00fcldist j\u00f5udlust:<\/b><\/strong>Lisaks lihaste tervisele m\u00e4ngivad EAA-d rolli erinevates kehafunktsioonides, sealhulgas ainevahetuse toetamisel ja energiataseme t\u00f5stmisel treeningu ajal.<\/li>\n<li><b><\/b><strong><b>Ideaalne k\u00f5ikidele treeningtasemetele:<\/b><\/strong>olenemata sellest, kas olete professionaalne sportlane, n\u00e4dalavahetuse s\u00f5dalane v\u00f5i alles alustate oma treeningute teekonda, Tesla EAA Amino sobib k\u00f5ikidele treeningtasemetele.<\/li>\n<\/ul>\n<p><strong>Eelised:<\/strong><\/p>\n<ul>\n<li><strong>P\u00f5hjalik aminohapete profiil:<\/strong>\u00a0tagab, et teie keha saab tasakaalustatud segu k\u00f5igist asendamatutest aminohapetest.<\/li>\n<li><strong>Parandab treeningtulemusi:<\/strong>\u00a0toetades lihaste taastumist ja kasvu, aitab see teil saavutada treeningutest paremaid tulemusi.<\/li>\n<li><strong>Toetab \u00fcldist tervist:<\/strong>\u00a0EAA-d pole m\u00f5eldud ainult lihaste jaoks; need on \u00fcldise tervise jaoks \u00fcliolulised, toetades erinevaid keha funktsioone.<\/li>\n<\/ul>\n<p><strong>Lihtne kasutada:<\/strong><\/p>\n<p>Segage Tesla EAA Amino vee v\u00f5i oma lemmikjoogiga v\u00e4rskendava ja toitva joogi saamiseks. Seda on lihtne lisada oma treeningeelsesse, -j\u00e4rgsesse v\u00f5i igap\u00e4evasesse toitumisre\u017eiimi.<\/p>\n<p><strong>Teie treeningrutiini jaoks kohustuslik:<\/strong><\/p>\n<p>Oma tervikliku asendamatute aminohapete seguga on Tesla EAA Amino midagi enamat kui lihtsalt toidulisand; see on teie treening- ja terviserutiini nurgakivi. See tagab, et teie keha on alati valmis j\u00f5udluseks ja taastumiseks, aidates teil edasi liikuda ja oma treeningueesm\u00e4rke saavutada.<\/p>\n<p>T\u00f5stke oma tervist ja vormisolekut Tesla EAA Amino abil \u2013 oluline ehitusmaterjal lihaste taastumiseks, kasvuks ja parimaks j\u00f5udluseks.<\/p>\n<p><strong>Koostisosad<\/strong>: EAA kompleks (L-leutsiin, L-l\u00fcsiin, L-treoniin, L-T\u00fcrosiin, L-isoleutsiin, L-valiin, L-fen\u00fc\u00fclalaniin), maltodekstriin, hape(sidrunhape), l\u00f5hna- ja maitseained, magusaine (sukraloos), p\u00fcridoksiin vesinikkloriid, v\u00e4rv (Ponceau 4R*), ts\u00fcanokobalamiin.<\/p>\n<p><strong>Kasutamine<\/strong>: Sega 1 lusikas (13 g) klaasi veega ja tarbi.<\/p>\n<p><strong>Suurus<\/strong>: 300g<\/p>\n<p><a href=\"https:\/\/fit360.ee\/wp-content\/uploads\/2024\/07\/tesla-eaa-asendamatud-aminohapped-fit360.ee_.png\"><img loading=\"lazy\" decoding=\"async\" class=\"size-full wp-image-81369\" src=\"https:\/\/fit360.ee\/wp-content\/uploads\/2024\/07\/tesla-eaa-asendamatud-aminohapped-fit360.ee_.png\" alt=\"tesla eaa asendamatud aminohapped - fit360.ee\" width=\"278\" height=\"383\" \/><\/a><\/p>\n<p>Vaata ka meie teisi Aminohappeid <a href=\"https:\/\/fit360.ee\/en\/product-category\/product-groups\/amino-acids-bcaa\/\"><strong>SIIT<\/strong><\/a> v\u00f5i Asendamatuid Aminohappeid <a href=\"https:\/\/fit360.ee\/en\/product-category\/product-groups\/amino-acids-bcaa\/essential-amino-acids-eaa-en\/\"><strong>SIIT<\/strong><\/a>!<\/p>\n<p>Soovid kaupa osta suuremas koguses? Vaata antud toodet ka meie HULGI poest\u00a0<a href=\"https:\/\/toidulisandidhulgi.ee\/tooted\/tesla-eaa-powder-300g\/\"><strong>SIIT<\/strong><\/a>!<\/p>\n","protected":false},"excerpt":{"rendered":"<ul>\n<li>T\u00e4ielik EAA-de spekter<\/li>\n<li>Toetab lihaste taastumist<\/li>\n<li>Soodustab lihaste kasvu<\/li>\n<li>Parandab \u00fcldist j\u00f5udlust<\/li>\n<li>Ideaalne k\u00f5ikidele treeningtasemetele<\/li>\n<\/ul>\n","protected":false},"featured_media":81372,"comment_status":"open","ping_status":"closed","template":"","meta":[],"product_brand":[],"product_cat":[520,2299,2331,2335,4995,2327],"product_tag":[4996,5036,5037],"giftcard-category":[],"class_list":{"0":"post-81373","1":"product","2":"type-product","3":"status-publish","4":"has-post-thumbnail","6":"product_cat-amino-acids-bcaa","7":"product_cat-bcaa-en","8":"product_cat-essential-amino-acids-eaa-en","9":"product_cat-leucine-en","10":"product_cat-tesla-en","11":"product_cat-tyrosine-en","12":"product_tag-tesla-en","13":"product_tag-tesla-eaa-en","14":"product_tag-tesla-eaa-powder-en","15":"pa_kogus-300g-en","16":"pa_maitse-bubble-gum-en","17":"pa_maitse-mango-maracuja-en","18":"pa_toidulisand-branddd-tesla","19":"pa_tootegruppp-amino-acidsbcaa","20":"pa_tootegruppp-asendamatud-aminohapped-eaa-en","21":"pa_tootegruppp-bcaa-en","22":"pa_tootegruppp-leutsiin-en","24":"first","25":"instock","26":"sale","27":"taxable","28":"shipping-taxable","29":"purchasable","30":"product-type-variable"},"yoast_head":"<!-- This site is optimized with the Yoast SEO plugin v27.3 - https:\/\/yoast.com\/product\/yoast-seo-wordpress\/ -->\n<title>Tesla EAA Powder (300g) - Asendamatud Aminohapped - Parim Hind - Fit360<\/title>\n<meta name=\"description\" content=\"Tesla EAA pulber on hoolikalt valmistatud toidulisand, mis pakub kogu essentsiaalsete aminohapete (EAA) spektrit. Need aminohapped on \u00fcliolulised lihas...\" \/>\n<meta name=\"robots\" content=\"index, follow, max-snippet:-1, max-image-preview:large, max-video-preview:-1\" \/>\n<link rel=\"canonical\" href=\"https:\/\/fit360.ee\/en\/pood\/product-groups\/amino-acids-bcaa\/bcaa-en\/tesla-eaa-powder-300g\/\" \/>\n<meta property=\"og:locale\" content=\"en_US\" \/>\n<meta property=\"og:type\" content=\"article\" \/>\n<meta property=\"og:title\" content=\"Tesla EAA Powder (300g) - Asendamatud Aminohapped - Parim Hind - Fit360\" \/>\n<meta property=\"og:description\" content=\"Tesla EAA pulber on hoolikalt valmistatud toidulisand, mis pakub kogu essentsiaalsete aminohapete (EAA) spektrit. Need aminohapped on \u00fcliolulised lihas...\" \/>\n<meta property=\"og:url\" content=\"https:\/\/fit360.ee\/en\/pood\/product-groups\/amino-acids-bcaa\/bcaa-en\/tesla-eaa-powder-300g\/\" \/>\n<meta property=\"og:site_name\" content=\"Fit360\" \/>\n<meta property=\"article:modified_time\" content=\"2026-02-12T14:28:32+00:00\" \/>\n<meta property=\"og:image\" content=\"https:\/\/fit360.ee\/wp-content\/uploads\/2024\/07\/tesla-eaa-powder-fit360.ee_.jpg\" \/>\n\t<meta property=\"og:image:width\" content=\"800\" \/>\n\t<meta property=\"og:image:height\" content=\"800\" \/>\n\t<meta property=\"og:image:type\" content=\"image\/jpeg\" \/>\n<meta name=\"twitter:card\" content=\"summary_large_image\" \/>\n<meta name=\"twitter:label1\" content=\"Est. reading time\" \/>\n\t<meta name=\"twitter:data1\" content=\"3 minutes\" \/>\n<script type=\"application\/ld+json\" class=\"yoast-schema-graph\">{\"@context\":\"https:\\\/\\\/schema.org\",\"@graph\":[{\"@type\":\"WebPage\",\"@id\":\"https:\\\/\\\/fit360.ee\\\/en\\\/pood\\\/product-groups\\\/amino-acids-bcaa\\\/bcaa-en\\\/tesla-eaa-powder-300g\\\/\",\"url\":\"https:\\\/\\\/fit360.ee\\\/en\\\/pood\\\/product-groups\\\/amino-acids-bcaa\\\/bcaa-en\\\/tesla-eaa-powder-300g\\\/\",\"name\":\"Tesla EAA Powder (300g) - Asendamatud Aminohapped - Parim Hind - Fit360\",\"isPartOf\":{\"@id\":\"https:\\\/\\\/fit360.ee\\\/en\\\/#website\"},\"primaryImageOfPage\":{\"@id\":\"https:\\\/\\\/fit360.ee\\\/en\\\/pood\\\/product-groups\\\/amino-acids-bcaa\\\/bcaa-en\\\/tesla-eaa-powder-300g\\\/#primaryimage\"},\"image\":{\"@id\":\"https:\\\/\\\/fit360.ee\\\/en\\\/pood\\\/product-groups\\\/amino-acids-bcaa\\\/bcaa-en\\\/tesla-eaa-powder-300g\\\/#primaryimage\"},\"thumbnailUrl\":\"https:\\\/\\\/fit360.ee\\\/wp-content\\\/uploads\\\/2024\\\/07\\\/tesla-eaa-powder-fit360.ee_.jpg\",\"datePublished\":\"2024-07-16T17:59:26+00:00\",\"dateModified\":\"2026-02-12T14:28:32+00:00\",\"description\":\"Tesla EAA pulber on hoolikalt valmistatud toidulisand, mis pakub kogu essentsiaalsete aminohapete (EAA) spektrit. Need aminohapped on \u00fcliolulised lihas...\",\"breadcrumb\":{\"@id\":\"https:\\\/\\\/fit360.ee\\\/en\\\/pood\\\/product-groups\\\/amino-acids-bcaa\\\/bcaa-en\\\/tesla-eaa-powder-300g\\\/#breadcrumb\"},\"inLanguage\":\"en-US\",\"potentialAction\":[{\"@type\":\"ReadAction\",\"target\":[\"https:\\\/\\\/fit360.ee\\\/en\\\/pood\\\/product-groups\\\/amino-acids-bcaa\\\/bcaa-en\\\/tesla-eaa-powder-300g\\\/\"]}]},{\"@type\":\"ImageObject\",\"inLanguage\":\"en-US\",\"@id\":\"https:\\\/\\\/fit360.ee\\\/en\\\/pood\\\/product-groups\\\/amino-acids-bcaa\\\/bcaa-en\\\/tesla-eaa-powder-300g\\\/#primaryimage\",\"url\":\"https:\\\/\\\/fit360.ee\\\/wp-content\\\/uploads\\\/2024\\\/07\\\/tesla-eaa-powder-fit360.ee_.jpg\",\"contentUrl\":\"https:\\\/\\\/fit360.ee\\\/wp-content\\\/uploads\\\/2024\\\/07\\\/tesla-eaa-powder-fit360.ee_.jpg\",\"width\":800,\"height\":800,\"caption\":\"tesla eaa powder - fit360.ee\"},{\"@type\":\"BreadcrumbList\",\"@id\":\"https:\\\/\\\/fit360.ee\\\/en\\\/pood\\\/product-groups\\\/amino-acids-bcaa\\\/bcaa-en\\\/tesla-eaa-powder-300g\\\/#breadcrumb\",\"itemListElement\":[{\"@type\":\"ListItem\",\"position\":1,\"name\":\"Home\",\"item\":\"https:\\\/\\\/fit360.ee\\\/en\\\/\"},{\"@type\":\"ListItem\",\"position\":2,\"name\":\"Shop\",\"item\":\"https:\\\/\\\/fit360.ee\\\/en\\\/shop\\\/\"},{\"@type\":\"ListItem\",\"position\":3,\"name\":\"Tesla EAA Powder (300g)\"}]},{\"@type\":\"WebSite\",\"@id\":\"https:\\\/\\\/fit360.ee\\\/en\\\/#website\",\"url\":\"https:\\\/\\\/fit360.ee\\\/en\\\/\",\"name\":\"Fit360\",\"description\":\"\",\"publisher\":{\"@id\":\"https:\\\/\\\/fit360.ee\\\/en\\\/#organization\"},\"potentialAction\":[{\"@type\":\"SearchAction\",\"target\":{\"@type\":\"EntryPoint\",\"urlTemplate\":\"https:\\\/\\\/fit360.ee\\\/en\\\/?s={search_term_string}\"},\"query-input\":{\"@type\":\"PropertyValueSpecification\",\"valueRequired\":true,\"valueName\":\"search_term_string\"}}],\"inLanguage\":\"en-US\"},{\"@type\":\"Organization\",\"@id\":\"https:\\\/\\\/fit360.ee\\\/en\\\/#organization\",\"name\":\"Fit360\",\"url\":\"https:\\\/\\\/fit360.ee\\\/en\\\/\",\"logo\":{\"@type\":\"ImageObject\",\"inLanguage\":\"en-US\",\"@id\":\"https:\\\/\\\/fit360.ee\\\/en\\\/#\\\/schema\\\/logo\\\/image\\\/\",\"url\":\"https:\\\/\\\/fit360.ee\\\/wp-content\\\/uploads\\\/2017\\\/01\\\/logo-fit360.png\",\"contentUrl\":\"https:\\\/\\\/fit360.ee\\\/wp-content\\\/uploads\\\/2017\\\/01\\\/logo-fit360.png\",\"width\":180,\"height\":66,\"caption\":\"Fit360\"},\"image\":{\"@id\":\"https:\\\/\\\/fit360.ee\\\/en\\\/#\\\/schema\\\/logo\\\/image\\\/\"}}]}<\/script>\n<!-- \/ Yoast SEO plugin. -->","yoast_head_json":{"title":"Tesla EAA Powder (300g) - Asendamatud Aminohapped - Parim Hind - Fit360","description":"Tesla EAA pulber on hoolikalt valmistatud toidulisand, mis pakub kogu essentsiaalsete aminohapete (EAA) spektrit. Need aminohapped on \u00fcliolulised lihas...","robots":{"index":"index","follow":"follow","max-snippet":"max-snippet:-1","max-image-preview":"max-image-preview:large","max-video-preview":"max-video-preview:-1"},"canonical":"https:\/\/fit360.ee\/en\/pood\/product-groups\/amino-acids-bcaa\/bcaa-en\/tesla-eaa-powder-300g\/","og_locale":"en_US","og_type":"article","og_title":"Tesla EAA Powder (300g) - Asendamatud Aminohapped - Parim Hind - Fit360","og_description":"Tesla EAA pulber on hoolikalt valmistatud toidulisand, mis pakub kogu essentsiaalsete aminohapete (EAA) spektrit. Need aminohapped on \u00fcliolulised lihas...","og_url":"https:\/\/fit360.ee\/en\/pood\/product-groups\/amino-acids-bcaa\/bcaa-en\/tesla-eaa-powder-300g\/","og_site_name":"Fit360","article_modified_time":"2026-02-12T14:28:32+00:00","og_image":[{"width":800,"height":800,"url":"https:\/\/fit360.ee\/wp-content\/uploads\/2024\/07\/tesla-eaa-powder-fit360.ee_.jpg","type":"image\/jpeg"}],"twitter_card":"summary_large_image","twitter_misc":{"Est. reading time":"3 minutes"},"schema":{"@context":"https:\/\/schema.org","@graph":[{"@type":"WebPage","@id":"https:\/\/fit360.ee\/en\/pood\/product-groups\/amino-acids-bcaa\/bcaa-en\/tesla-eaa-powder-300g\/","url":"https:\/\/fit360.ee\/en\/pood\/product-groups\/amino-acids-bcaa\/bcaa-en\/tesla-eaa-powder-300g\/","name":"Tesla EAA Powder (300g) - Asendamatud Aminohapped - Parim Hind - Fit360","isPartOf":{"@id":"https:\/\/fit360.ee\/en\/#website"},"primaryImageOfPage":{"@id":"https:\/\/fit360.ee\/en\/pood\/product-groups\/amino-acids-bcaa\/bcaa-en\/tesla-eaa-powder-300g\/#primaryimage"},"image":{"@id":"https:\/\/fit360.ee\/en\/pood\/product-groups\/amino-acids-bcaa\/bcaa-en\/tesla-eaa-powder-300g\/#primaryimage"},"thumbnailUrl":"https:\/\/fit360.ee\/wp-content\/uploads\/2024\/07\/tesla-eaa-powder-fit360.ee_.jpg","datePublished":"2024-07-16T17:59:26+00:00","dateModified":"2026-02-12T14:28:32+00:00","description":"Tesla EAA pulber on hoolikalt valmistatud toidulisand, mis pakub kogu essentsiaalsete aminohapete (EAA) spektrit. Need aminohapped on \u00fcliolulised lihas...","breadcrumb":{"@id":"https:\/\/fit360.ee\/en\/pood\/product-groups\/amino-acids-bcaa\/bcaa-en\/tesla-eaa-powder-300g\/#breadcrumb"},"inLanguage":"en-US","potentialAction":[{"@type":"ReadAction","target":["https:\/\/fit360.ee\/en\/pood\/product-groups\/amino-acids-bcaa\/bcaa-en\/tesla-eaa-powder-300g\/"]}]},{"@type":"ImageObject","inLanguage":"en-US","@id":"https:\/\/fit360.ee\/en\/pood\/product-groups\/amino-acids-bcaa\/bcaa-en\/tesla-eaa-powder-300g\/#primaryimage","url":"https:\/\/fit360.ee\/wp-content\/uploads\/2024\/07\/tesla-eaa-powder-fit360.ee_.jpg","contentUrl":"https:\/\/fit360.ee\/wp-content\/uploads\/2024\/07\/tesla-eaa-powder-fit360.ee_.jpg","width":800,"height":800,"caption":"tesla eaa powder - fit360.ee"},{"@type":"BreadcrumbList","@id":"https:\/\/fit360.ee\/en\/pood\/product-groups\/amino-acids-bcaa\/bcaa-en\/tesla-eaa-powder-300g\/#breadcrumb","itemListElement":[{"@type":"ListItem","position":1,"name":"Home","item":"https:\/\/fit360.ee\/en\/"},{"@type":"ListItem","position":2,"name":"Shop","item":"https:\/\/fit360.ee\/en\/shop\/"},{"@type":"ListItem","position":3,"name":"Tesla EAA Powder (300g)"}]},{"@type":"WebSite","@id":"https:\/\/fit360.ee\/en\/#website","url":"https:\/\/fit360.ee\/en\/","name":"Fit360","description":"","publisher":{"@id":"https:\/\/fit360.ee\/en\/#organization"},"potentialAction":[{"@type":"SearchAction","target":{"@type":"EntryPoint","urlTemplate":"https:\/\/fit360.ee\/en\/?s={search_term_string}"},"query-input":{"@type":"PropertyValueSpecification","valueRequired":true,"valueName":"search_term_string"}}],"inLanguage":"en-US"},{"@type":"Organization","@id":"https:\/\/fit360.ee\/en\/#organization","name":"Fit360","url":"https:\/\/fit360.ee\/en\/","logo":{"@type":"ImageObject","inLanguage":"en-US","@id":"https:\/\/fit360.ee\/en\/#\/schema\/logo\/image\/","url":"https:\/\/fit360.ee\/wp-content\/uploads\/2017\/01\/logo-fit360.png","contentUrl":"https:\/\/fit360.ee\/wp-content\/uploads\/2017\/01\/logo-fit360.png","width":180,"height":66,"caption":"Fit360"},"image":{"@id":"https:\/\/fit360.ee\/en\/#\/schema\/logo\/image\/"}}]}},"_links":{"self":[{"href":"https:\/\/fit360.ee\/en\/wp-json\/wp\/v2\/product\/81373","targetHints":{"allow":["GET"]}}],"collection":[{"href":"https:\/\/fit360.ee\/en\/wp-json\/wp\/v2\/product"}],"about":[{"href":"https:\/\/fit360.ee\/en\/wp-json\/wp\/v2\/types\/product"}],"replies":[{"embeddable":true,"href":"https:\/\/fit360.ee\/en\/wp-json\/wp\/v2\/comments?post=81373"}],"wp:featuredmedia":[{"embeddable":true,"href":"https:\/\/fit360.ee\/en\/wp-json\/wp\/v2\/media\/81372"}],"wp:attachment":[{"href":"https:\/\/fit360.ee\/en\/wp-json\/wp\/v2\/media?parent=81373"}],"wp:term":[{"taxonomy":"product_brand","embeddable":true,"href":"https:\/\/fit360.ee\/en\/wp-json\/wp\/v2\/product_brand?post=81373"},{"taxonomy":"product_cat","embeddable":true,"href":"https:\/\/fit360.ee\/en\/wp-json\/wp\/v2\/product_cat?post=81373"},{"taxonomy":"product_tag","embeddable":true,"href":"https:\/\/fit360.ee\/en\/wp-json\/wp\/v2\/product_tag?post=81373"},{"taxonomy":"giftcard-category","embeddable":true,"href":"https:\/\/fit360.ee\/en\/wp-json\/wp\/v2\/giftcard-category?post=81373"}],"curies":[{"name":"wp","href":"https:\/\/api.w.org\/{rel}","templated":true}]}}