{"id":81381,"date":"2024-07-16T19:59:27","date_gmt":"2024-07-16T17:59:27","guid":{"rendered":"https:\/\/fit360.ee\/pood\/uncategorized\/tesla-glucomannan-chitosan-gaba-90caps\/"},"modified":"2025-08-13T07:39:12","modified_gmt":"2025-08-13T05:39:12","slug":"tesla-glucomannan-chitosan-gaba-90caps","status":"publish","type":"product","link":"https:\/\/fit360.ee\/en\/pood\/product-groups\/superfoods-health-foods-en\/green-tea-extract-en\/tesla-glucomannan-chitosan-gaba-90caps\/","title":{"rendered":"Tesla Glucomannan with caffeine (60caps)"},"content":{"rendered":"<h2><strong>Tesla Slim PM Glucomannan<\/strong><\/h2>\n<p>Tesla Glucomannan with caffeine &#8211; abik\u00e4si rasva kaotamisel.<\/p>\n<p>Gl\u00fckomannaan on mitmek\u00fclgne toidulisand, mis sobib suurep\u00e4raselt k\u00f5igile, kes plaanivad oma kehakaalu kontrolli alla v\u00f5tta. See v\u00f5imaldab teil p\u00f5letada liigset rasva suure t\u00f5hususega, j\u00e4rgides sobivat igap\u00e4evast aktiivset f\u00fc\u00fcsilist tegevust. Seda toidulisandit on edukalt kasutatud mitu aastak\u00fcmmet.<\/p>\n<p>Glucomannan kapslid, mis mitte ainult ei anna sulle kiiret kaalulangust, vaid v\u00f5imaldavad ka enda toitumist tasakaalustada ja rikastada seda k\u00f5igi vajalike ainetega, millest j\u00e4\u00e4d t\u00f5en\u00e4oliselt ilma toitumise ebat\u00e4psuste t\u00f5ttu. Kompleks sisaldab lisaks kahele nimes m\u00e4rgitud ainele ka mitmeid teisi aineid, mis on samuti kasulikud ja olulised organismi normaalseks toimimiseks.<\/p>\n<h4><strong>Lisateave koostisosade kohta<\/strong><\/h4>\n<p>Gl\u00fckomannaan on aine, mis kuulub samuti pol\u00fcsahhariidide ja t\u00e4psemalt mannaanide r\u00fchma. Seda leidub suurtes kogustes toidus, mis on t\u00fc\u00fcpiline idapoolsete riikide elanikele: Korea, Hiina, Jaapan ja Vietnam. See on 100% kiudaine ja inimkeha seda normaalsetes tingimustes ei seedi. See koosneb peaaegu t\u00e4ielikult hemitselluloosist. Veega kokkupuutel v\u00f5ib selle suurus m\u00e4rkimisv\u00e4\u00e4rselt suureneda, suurendades esialgset mahtu kuni 200 korda.<\/p>\n<h4><strong>KES V\u00d5IB SEDA TOIDULISANDIT V\u00d5TTA?<\/strong><\/h4>\n<p>Glucomannan kasulikud omadused ei laiene mitte ainult neile, kes soovivad kaalust alla v\u00f5tta, vaid ka paljudele teistele inimr\u00fchmadele, ainel endal on potentsiaali teha imesid. Toidulisand suudab tuua m\u00e4rkimisv\u00e4\u00e4rset kasu peaaegu igas vanuses patsientidele. Nende hulgas tasub esile t\u00f5sta:<\/p>\n<ul>\n<li>Aktiivse eluviisiga inimesed<\/li>\n<li>Fitnessi treenerid ja sportlased<\/li>\n<li>Patsiendid, kellel on p\u00e4rilik kalduvus \u00fclekaalulisusele, mis pole veel avaldunud<\/li>\n<li>Naised ja mehed, kellel on probleeme vererasvaga<\/li>\n<\/ul>\n<p>Kompleks sobib v\u00e4ga h\u00e4sti k\u00f5igile, kes armastavad praetud, rasvaste, lihatoodete maitset, kuid ei soovi kaalust alla v\u00f5tta. T\u00e4nu \u00fclalmainitud omadustele ei v\u00f5imalda see mitte ainult p\u00f5letada kehas juba kogunenud liigset rasva, vaid takistab ka uute rasvu, pol\u00fck\u00fcllastumata ja k\u00fcllastunud rasvhappeid ning kolesterooli sisaldavate \u00fchendite kogunemist.<\/p>\n<p class=\"\" data-start=\"48\" data-end=\"160\"><strong data-start=\"48\" data-end=\"63\">Kasutamine:<\/strong><br data-start=\"63\" data-end=\"66\" \/>Toidulisandina v\u00f5tta kaks (2) kapslit p\u00e4evas p\u00e4rast hommikus\u00f6\u00f6ki rohke vee v\u00f5i muu vedelikuga.<\/p>\n<p class=\"\" data-start=\"162\" data-end=\"621\"><strong data-start=\"162\" data-end=\"176\">Hoiatused:<\/strong><br data-start=\"176\" data-end=\"179\" \/>Toidulisandid ei asenda mitmekesist toitumist ega tervislikke eluviise. \u00c4ra \u00fcleta soovitatud p\u00e4evast annust! Hoida lastele k\u00e4ttesaamatus kohas. Sisaldab kofeiini. Ei ole soovitatav lastele ega rasedatele. (1000 mg\/portsjon). Gl\u00fckomannaani (Konjaci) sisaldavad kapslid tuleb v\u00f5tta koos rohke veega, et need j\u00f5uaksid ohutult makku. Ei sobi inimestele, kellel on neelamisraskused v\u00f5i kui vedeliku tarbimine on ebapiisav, kuna kiudained paisuvad.<\/p>\n<p class=\"\" data-start=\"623\" data-end=\"788\"><strong data-start=\"623\" data-end=\"648\">S\u00e4ilitamistingimused:<\/strong><br data-start=\"648\" data-end=\"651\" \/>Hoida pudelit tihedalt suletuna temperatuuril 5\u201330 \u00b0C. Hoida otsese p\u00e4ikesevalguse eest. P\u00e4rast avamist mitte s\u00e4ilitada kauem kui 6 kuud.<\/p>\n<p class=\"\" data-start=\"790\" data-end=\"824\"><strong data-start=\"790\" data-end=\"805\">Parim enne:<\/strong><br data-start=\"805\" data-end=\"808\" \/>Vaata pakendilt.<\/p>\n<div class=\"group pointer-events-none relative flex justify-center *:pointer-events-auto\">\n<table>\n<tbody>\n<tr>\n<td><strong><b>Toimeained<\/b><\/strong><\/td>\n<td><strong><b>Kogus portsjoni kohta (2 kapslit)<\/b><\/strong><\/td>\n<\/tr>\n<tr>\n<td>Gl\u00fckomannaan<\/td>\n<td>250 mg<\/td>\n<\/tr>\n<tr>\n<td>Cayenne&#8217;i pipra pulber<\/td>\n<td>100 mg<\/td>\n<\/tr>\n<tr>\n<td>Kofeiin<\/td>\n<td>100 mg<\/td>\n<\/tr>\n<tr>\n<td>M\u00f5ru apelsini (Citrus aurantium) pulber<\/td>\n<td>100 mg<\/td>\n<\/tr>\n<tr>\n<td>Rohelise kohvi pulber<\/td>\n<td>100 mg (<strong><b>sisaldab 0.6 mg kofeiini<\/b><\/strong>)<\/td>\n<\/tr>\n<tr>\n<td>Atset\u00fc\u00fcl-L-karnitiin<\/td>\n<td>100 mg<\/td>\n<\/tr>\n<\/tbody>\n<\/table>\n<\/div>\n<hr class=\"\" data-start=\"830\" data-end=\"833\" \/>\n<p class=\"\" data-start=\"835\" data-end=\"1230\"><strong data-start=\"835\" data-end=\"851\">Koostisosad:<\/strong> T\u00e4iteaine (maltodekstriin), gl\u00fckomannaan (Amorphophallus Konjac), kapsli kest (\u017eelatiin), cayenne\u2019i pulber (Capsicum annuum L), atset\u00fc\u00fcl-L-karnitiinvesinikkloriid, m\u00f5ru apelsini pulber (Citrus aurantium), rohelise kohvi pulber (Coffea Robusta, standardiseeritud 50% klorogeenhapetele ja 0,6% kofeiinile), must pipra ekstrakt (Bioperine\u00ae), paakumisvastane aine (kaltsiumfosfaat).<\/p>\n<p class=\"\" data-start=\"1232\" data-end=\"1333\"><strong data-start=\"1232\" data-end=\"1252\">Allergeeni info:<\/strong> Valmistatud tehases, kus t\u00f6\u00f6deldakse ka piima, soja, gluteeni, p\u00e4hkleid ja mune.<\/p>\n<p>Vaata ka meie Teisi Rasvap\u00f5letajaid <a href=\"https:\/\/fit360.ee\/en\/product-category\/product-groups\/fat-burners-en\/\"><strong>SIIT<\/strong><\/a>!<\/p>\n<p>Soovid kaupa osta suuremas koguses? Vaata antud toodet ka meie HULGI poest\u00a0<a href=\"https:\/\/toidulisandidhulgi.ee\/tooted\/tesla-slim-pm-glucomannan-90caps\/\"><strong>SIIT<\/strong><\/a>!<\/p>\n","protected":false},"excerpt":{"rendered":"<ul>\n<li>T\u00f5hus Rasvap\u00f5letaja<\/li>\n<li>5 erinevat toimeainet<\/li>\n<li>Teaduslikult t\u00f5estatud valem<\/li>\n<\/ul>\n","protected":false},"featured_media":81380,"comment_status":"open","ping_status":"closed","template":"","meta":[],"product_brand":[],"product_cat":[5324,530,2371,2404,1454,4995],"product_tag":[5041,5643,4996],"giftcard-category":[],"class_list":{"0":"post-81381","1":"product","2":"type-product","3":"status-publish","4":"has-post-thumbnail","6":"product_cat-caffeine-en","7":"product_cat-fat-burners-en","8":"product_cat-green-tea-extract-en","9":"product_cat-l-carnitine-en","10":"product_cat-superfoods-health-foods-en","11":"product_cat-tesla-en","12":"product_tag-slim-pm-en","13":"product_tag-slim-pm-glucomannan-en","14":"product_tag-tesla-en","15":"pa_kogus-60-capsules","16":"pa_toidulisand-branddd-tesla","17":"pa_tootegruppp-kofeiin-en","18":"pa_tootegruppp-l-karnitiin-en","19":"pa_tootegruppp-rohelise-tee-ekstrakt-en","20":"pa_tootegruppp-supertoit-tervisetoit-en","21":"pa_tootegruppp-weight-loss","23":"first","24":"instock","25":"sale","26":"taxable","27":"shipping-taxable","28":"purchasable","29":"product-type-simple"},"yoast_head":"<!-- This site is optimized with the Yoast SEO plugin v27.3 - https:\/\/yoast.com\/product\/yoast-seo-wordpress\/ -->\n<title>Tesla Glucomannan with caffeine (60caps) - T\u00f5hus Rasvap\u00f5letaja - Fit360<\/title>\n<meta name=\"description\" content=\"Glucomannan kapslid, mis mitte ainult ei anna sulle kiiret kaalulangust, vaid v\u00f5imaldavad ka enda toitumist tasakaalustada ja rikastada seda k\u00f5igi vajali...\" \/>\n<meta name=\"robots\" content=\"index, follow, max-snippet:-1, max-image-preview:large, max-video-preview:-1\" \/>\n<link rel=\"canonical\" href=\"https:\/\/fit360.ee\/en\/pood\/product-groups\/superfoods-health-foods-en\/green-tea-extract-en\/tesla-glucomannan-chitosan-gaba-90caps\/\" \/>\n<meta property=\"og:locale\" content=\"en_US\" \/>\n<meta property=\"og:type\" content=\"article\" \/>\n<meta property=\"og:title\" content=\"Tesla Glucomannan with caffeine (60caps) - T\u00f5hus Rasvap\u00f5letaja - Fit360\" \/>\n<meta property=\"og:description\" content=\"Glucomannan kapslid, mis mitte ainult ei anna sulle kiiret kaalulangust, vaid v\u00f5imaldavad ka enda toitumist tasakaalustada ja rikastada seda k\u00f5igi vajali...\" \/>\n<meta property=\"og:url\" content=\"https:\/\/fit360.ee\/en\/pood\/product-groups\/superfoods-health-foods-en\/green-tea-extract-en\/tesla-glucomannan-chitosan-gaba-90caps\/\" \/>\n<meta property=\"og:site_name\" content=\"Fit360\" \/>\n<meta property=\"article:modified_time\" content=\"2025-08-13T05:39:12+00:00\" \/>\n<meta property=\"og:image\" content=\"https:\/\/fit360.ee\/wp-content\/uploads\/2024\/07\/tesla-slim-pm-glucomannan-rasvapoletaja-fit360.ee_.png\" \/>\n\t<meta property=\"og:image:width\" content=\"401\" \/>\n\t<meta property=\"og:image:height\" content=\"480\" \/>\n\t<meta property=\"og:image:type\" content=\"image\/png\" \/>\n<meta name=\"twitter:card\" content=\"summary_large_image\" \/>\n<meta name=\"twitter:label1\" content=\"Est. reading time\" \/>\n\t<meta name=\"twitter:data1\" content=\"4 minutes\" \/>\n<script type=\"application\/ld+json\" class=\"yoast-schema-graph\">{\"@context\":\"https:\\\/\\\/schema.org\",\"@graph\":[{\"@type\":\"WebPage\",\"@id\":\"https:\\\/\\\/fit360.ee\\\/en\\\/pood\\\/product-groups\\\/superfoods-health-foods-en\\\/green-tea-extract-en\\\/tesla-glucomannan-chitosan-gaba-90caps\\\/\",\"url\":\"https:\\\/\\\/fit360.ee\\\/en\\\/pood\\\/product-groups\\\/superfoods-health-foods-en\\\/green-tea-extract-en\\\/tesla-glucomannan-chitosan-gaba-90caps\\\/\",\"name\":\"Tesla Glucomannan with caffeine (60caps) - T\u00f5hus Rasvap\u00f5letaja - Fit360\",\"isPartOf\":{\"@id\":\"https:\\\/\\\/fit360.ee\\\/en\\\/#website\"},\"primaryImageOfPage\":{\"@id\":\"https:\\\/\\\/fit360.ee\\\/en\\\/pood\\\/product-groups\\\/superfoods-health-foods-en\\\/green-tea-extract-en\\\/tesla-glucomannan-chitosan-gaba-90caps\\\/#primaryimage\"},\"image\":{\"@id\":\"https:\\\/\\\/fit360.ee\\\/en\\\/pood\\\/product-groups\\\/superfoods-health-foods-en\\\/green-tea-extract-en\\\/tesla-glucomannan-chitosan-gaba-90caps\\\/#primaryimage\"},\"thumbnailUrl\":\"https:\\\/\\\/fit360.ee\\\/wp-content\\\/uploads\\\/2024\\\/07\\\/tesla-slim-pm-glucomannan-rasvapoletaja-fit360.ee_.png\",\"datePublished\":\"2024-07-16T17:59:27+00:00\",\"dateModified\":\"2025-08-13T05:39:12+00:00\",\"description\":\"Glucomannan kapslid, mis mitte ainult ei anna sulle kiiret kaalulangust, vaid v\u00f5imaldavad ka enda toitumist tasakaalustada ja rikastada seda k\u00f5igi vajali...\",\"breadcrumb\":{\"@id\":\"https:\\\/\\\/fit360.ee\\\/en\\\/pood\\\/product-groups\\\/superfoods-health-foods-en\\\/green-tea-extract-en\\\/tesla-glucomannan-chitosan-gaba-90caps\\\/#breadcrumb\"},\"inLanguage\":\"en-US\",\"potentialAction\":[{\"@type\":\"ReadAction\",\"target\":[\"https:\\\/\\\/fit360.ee\\\/en\\\/pood\\\/product-groups\\\/superfoods-health-foods-en\\\/green-tea-extract-en\\\/tesla-glucomannan-chitosan-gaba-90caps\\\/\"]}]},{\"@type\":\"ImageObject\",\"inLanguage\":\"en-US\",\"@id\":\"https:\\\/\\\/fit360.ee\\\/en\\\/pood\\\/product-groups\\\/superfoods-health-foods-en\\\/green-tea-extract-en\\\/tesla-glucomannan-chitosan-gaba-90caps\\\/#primaryimage\",\"url\":\"https:\\\/\\\/fit360.ee\\\/wp-content\\\/uploads\\\/2024\\\/07\\\/tesla-slim-pm-glucomannan-rasvapoletaja-fit360.ee_.png\",\"contentUrl\":\"https:\\\/\\\/fit360.ee\\\/wp-content\\\/uploads\\\/2024\\\/07\\\/tesla-slim-pm-glucomannan-rasvapoletaja-fit360.ee_.png\",\"width\":401,\"height\":480,\"caption\":\"tesla slim pm glucomannan rasvap\u00f5letaja - fit360.ee\"},{\"@type\":\"BreadcrumbList\",\"@id\":\"https:\\\/\\\/fit360.ee\\\/en\\\/pood\\\/product-groups\\\/superfoods-health-foods-en\\\/green-tea-extract-en\\\/tesla-glucomannan-chitosan-gaba-90caps\\\/#breadcrumb\",\"itemListElement\":[{\"@type\":\"ListItem\",\"position\":1,\"name\":\"Home\",\"item\":\"https:\\\/\\\/fit360.ee\\\/en\\\/\"},{\"@type\":\"ListItem\",\"position\":2,\"name\":\"Shop\",\"item\":\"https:\\\/\\\/fit360.ee\\\/en\\\/shop\\\/\"},{\"@type\":\"ListItem\",\"position\":3,\"name\":\"Tesla Glucomannan with caffeine (60caps)\"}]},{\"@type\":\"WebSite\",\"@id\":\"https:\\\/\\\/fit360.ee\\\/en\\\/#website\",\"url\":\"https:\\\/\\\/fit360.ee\\\/en\\\/\",\"name\":\"Fit360\",\"description\":\"\",\"publisher\":{\"@id\":\"https:\\\/\\\/fit360.ee\\\/en\\\/#organization\"},\"potentialAction\":[{\"@type\":\"SearchAction\",\"target\":{\"@type\":\"EntryPoint\",\"urlTemplate\":\"https:\\\/\\\/fit360.ee\\\/en\\\/?s={search_term_string}\"},\"query-input\":{\"@type\":\"PropertyValueSpecification\",\"valueRequired\":true,\"valueName\":\"search_term_string\"}}],\"inLanguage\":\"en-US\"},{\"@type\":\"Organization\",\"@id\":\"https:\\\/\\\/fit360.ee\\\/en\\\/#organization\",\"name\":\"Fit360\",\"url\":\"https:\\\/\\\/fit360.ee\\\/en\\\/\",\"logo\":{\"@type\":\"ImageObject\",\"inLanguage\":\"en-US\",\"@id\":\"https:\\\/\\\/fit360.ee\\\/en\\\/#\\\/schema\\\/logo\\\/image\\\/\",\"url\":\"https:\\\/\\\/fit360.ee\\\/wp-content\\\/uploads\\\/2017\\\/01\\\/logo-fit360.png\",\"contentUrl\":\"https:\\\/\\\/fit360.ee\\\/wp-content\\\/uploads\\\/2017\\\/01\\\/logo-fit360.png\",\"width\":180,\"height\":66,\"caption\":\"Fit360\"},\"image\":{\"@id\":\"https:\\\/\\\/fit360.ee\\\/en\\\/#\\\/schema\\\/logo\\\/image\\\/\"}}]}<\/script>\n<!-- \/ Yoast SEO plugin. -->","yoast_head_json":{"title":"Tesla Glucomannan with caffeine (60caps) - T\u00f5hus Rasvap\u00f5letaja - Fit360","description":"Glucomannan kapslid, mis mitte ainult ei anna sulle kiiret kaalulangust, vaid v\u00f5imaldavad ka enda toitumist tasakaalustada ja rikastada seda k\u00f5igi vajali...","robots":{"index":"index","follow":"follow","max-snippet":"max-snippet:-1","max-image-preview":"max-image-preview:large","max-video-preview":"max-video-preview:-1"},"canonical":"https:\/\/fit360.ee\/en\/pood\/product-groups\/superfoods-health-foods-en\/green-tea-extract-en\/tesla-glucomannan-chitosan-gaba-90caps\/","og_locale":"en_US","og_type":"article","og_title":"Tesla Glucomannan with caffeine (60caps) - T\u00f5hus Rasvap\u00f5letaja - Fit360","og_description":"Glucomannan kapslid, mis mitte ainult ei anna sulle kiiret kaalulangust, vaid v\u00f5imaldavad ka enda toitumist tasakaalustada ja rikastada seda k\u00f5igi vajali...","og_url":"https:\/\/fit360.ee\/en\/pood\/product-groups\/superfoods-health-foods-en\/green-tea-extract-en\/tesla-glucomannan-chitosan-gaba-90caps\/","og_site_name":"Fit360","article_modified_time":"2025-08-13T05:39:12+00:00","og_image":[{"width":401,"height":480,"url":"https:\/\/fit360.ee\/wp-content\/uploads\/2024\/07\/tesla-slim-pm-glucomannan-rasvapoletaja-fit360.ee_.png","type":"image\/png"}],"twitter_card":"summary_large_image","twitter_misc":{"Est. reading time":"4 minutes"},"schema":{"@context":"https:\/\/schema.org","@graph":[{"@type":"WebPage","@id":"https:\/\/fit360.ee\/en\/pood\/product-groups\/superfoods-health-foods-en\/green-tea-extract-en\/tesla-glucomannan-chitosan-gaba-90caps\/","url":"https:\/\/fit360.ee\/en\/pood\/product-groups\/superfoods-health-foods-en\/green-tea-extract-en\/tesla-glucomannan-chitosan-gaba-90caps\/","name":"Tesla Glucomannan with caffeine (60caps) - T\u00f5hus Rasvap\u00f5letaja - Fit360","isPartOf":{"@id":"https:\/\/fit360.ee\/en\/#website"},"primaryImageOfPage":{"@id":"https:\/\/fit360.ee\/en\/pood\/product-groups\/superfoods-health-foods-en\/green-tea-extract-en\/tesla-glucomannan-chitosan-gaba-90caps\/#primaryimage"},"image":{"@id":"https:\/\/fit360.ee\/en\/pood\/product-groups\/superfoods-health-foods-en\/green-tea-extract-en\/tesla-glucomannan-chitosan-gaba-90caps\/#primaryimage"},"thumbnailUrl":"https:\/\/fit360.ee\/wp-content\/uploads\/2024\/07\/tesla-slim-pm-glucomannan-rasvapoletaja-fit360.ee_.png","datePublished":"2024-07-16T17:59:27+00:00","dateModified":"2025-08-13T05:39:12+00:00","description":"Glucomannan kapslid, mis mitte ainult ei anna sulle kiiret kaalulangust, vaid v\u00f5imaldavad ka enda toitumist tasakaalustada ja rikastada seda k\u00f5igi vajali...","breadcrumb":{"@id":"https:\/\/fit360.ee\/en\/pood\/product-groups\/superfoods-health-foods-en\/green-tea-extract-en\/tesla-glucomannan-chitosan-gaba-90caps\/#breadcrumb"},"inLanguage":"en-US","potentialAction":[{"@type":"ReadAction","target":["https:\/\/fit360.ee\/en\/pood\/product-groups\/superfoods-health-foods-en\/green-tea-extract-en\/tesla-glucomannan-chitosan-gaba-90caps\/"]}]},{"@type":"ImageObject","inLanguage":"en-US","@id":"https:\/\/fit360.ee\/en\/pood\/product-groups\/superfoods-health-foods-en\/green-tea-extract-en\/tesla-glucomannan-chitosan-gaba-90caps\/#primaryimage","url":"https:\/\/fit360.ee\/wp-content\/uploads\/2024\/07\/tesla-slim-pm-glucomannan-rasvapoletaja-fit360.ee_.png","contentUrl":"https:\/\/fit360.ee\/wp-content\/uploads\/2024\/07\/tesla-slim-pm-glucomannan-rasvapoletaja-fit360.ee_.png","width":401,"height":480,"caption":"tesla slim pm glucomannan rasvap\u00f5letaja - fit360.ee"},{"@type":"BreadcrumbList","@id":"https:\/\/fit360.ee\/en\/pood\/product-groups\/superfoods-health-foods-en\/green-tea-extract-en\/tesla-glucomannan-chitosan-gaba-90caps\/#breadcrumb","itemListElement":[{"@type":"ListItem","position":1,"name":"Home","item":"https:\/\/fit360.ee\/en\/"},{"@type":"ListItem","position":2,"name":"Shop","item":"https:\/\/fit360.ee\/en\/shop\/"},{"@type":"ListItem","position":3,"name":"Tesla Glucomannan with caffeine (60caps)"}]},{"@type":"WebSite","@id":"https:\/\/fit360.ee\/en\/#website","url":"https:\/\/fit360.ee\/en\/","name":"Fit360","description":"","publisher":{"@id":"https:\/\/fit360.ee\/en\/#organization"},"potentialAction":[{"@type":"SearchAction","target":{"@type":"EntryPoint","urlTemplate":"https:\/\/fit360.ee\/en\/?s={search_term_string}"},"query-input":{"@type":"PropertyValueSpecification","valueRequired":true,"valueName":"search_term_string"}}],"inLanguage":"en-US"},{"@type":"Organization","@id":"https:\/\/fit360.ee\/en\/#organization","name":"Fit360","url":"https:\/\/fit360.ee\/en\/","logo":{"@type":"ImageObject","inLanguage":"en-US","@id":"https:\/\/fit360.ee\/en\/#\/schema\/logo\/image\/","url":"https:\/\/fit360.ee\/wp-content\/uploads\/2017\/01\/logo-fit360.png","contentUrl":"https:\/\/fit360.ee\/wp-content\/uploads\/2017\/01\/logo-fit360.png","width":180,"height":66,"caption":"Fit360"},"image":{"@id":"https:\/\/fit360.ee\/en\/#\/schema\/logo\/image\/"}}]}},"_links":{"self":[{"href":"https:\/\/fit360.ee\/en\/wp-json\/wp\/v2\/product\/81381","targetHints":{"allow":["GET"]}}],"collection":[{"href":"https:\/\/fit360.ee\/en\/wp-json\/wp\/v2\/product"}],"about":[{"href":"https:\/\/fit360.ee\/en\/wp-json\/wp\/v2\/types\/product"}],"replies":[{"embeddable":true,"href":"https:\/\/fit360.ee\/en\/wp-json\/wp\/v2\/comments?post=81381"}],"wp:featuredmedia":[{"embeddable":true,"href":"https:\/\/fit360.ee\/en\/wp-json\/wp\/v2\/media\/81380"}],"wp:attachment":[{"href":"https:\/\/fit360.ee\/en\/wp-json\/wp\/v2\/media?parent=81381"}],"wp:term":[{"taxonomy":"product_brand","embeddable":true,"href":"https:\/\/fit360.ee\/en\/wp-json\/wp\/v2\/product_brand?post=81381"},{"taxonomy":"product_cat","embeddable":true,"href":"https:\/\/fit360.ee\/en\/wp-json\/wp\/v2\/product_cat?post=81381"},{"taxonomy":"product_tag","embeddable":true,"href":"https:\/\/fit360.ee\/en\/wp-json\/wp\/v2\/product_tag?post=81381"},{"taxonomy":"giftcard-category","embeddable":true,"href":"https:\/\/fit360.ee\/en\/wp-json\/wp\/v2\/giftcard-category?post=81381"}],"curies":[{"name":"wp","href":"https:\/\/api.w.org\/{rel}","templated":true}]}}