{"id":81414,"date":"2024-07-17T10:29:27","date_gmt":"2024-07-17T08:29:27","guid":{"rendered":"https:\/\/fit360.ee\/pood\/uncategorized\/tesla-arginine-powder-300g\/"},"modified":"2025-08-13T07:35:19","modified_gmt":"2025-08-13T05:35:19","slug":"tesla-arginine-powder-300g","status":"publish","type":"product","link":"https:\/\/fit360.ee\/en\/pood\/product-groups\/amino-acids-bcaa\/l-arginine-en\/tesla-arginine-powder-300g\/","title":{"rendered":"Tesla Arginine Powder (300g)"},"content":{"rendered":"<h2><strong>Tesla Arginine Powder<\/strong><\/h2>\n<p><strong>Tesla Arginine Powder \u2013 Teie optimeeritud vereringe ja tervise v\u00f5tit<\/strong><\/p>\n<p>Tesla Arginine Powder &#8211; T\u00e4iustage oma tervise- ja treeningre\u017eiimi, mis on esmaklassiline toidulisand, mis on loodud teie keha vereringe ja \u00fcldise heaolu parandamiseks. See toidulisand, mis on pakitud v\u00f5imsa annuse L-arginiiniga, on teie liitlane tervislikuma ja eluj\u00f5ulisema elustiili saavutamisel.<\/p>\n<p><strong>P\u00f5hiomadused:<\/strong><\/p>\n<ul>\n<li><strong>Suure potentsiaaliga L-arginiin:<\/strong>\u00a0iga p\u00e4evane portsjon sisaldab 5286 mg L-arginiini, mis on tinglikult asendamatu aminohape, mis on tuntud oma rolli poolest l\u00e4mmastikoksiidi, veresoonte tervise jaoks olulise neurotransmitteri tootmisel.<\/li>\n<li><strong>Parandab verevoolu:<\/strong>\u00a0Aidates kaasa veresoonte l\u00f5dvestamisele, parandab l\u00e4mmastikoksiidi tootmine vereringet, tagades, et teie keharakud saavad vajalikku hapnikku ja toitaineid.<\/li>\n<li><strong>Toetab kasvuhormooni taset:<\/strong>\u00a0L-arginiin aitab kaasa kasvuhormooni suurematele varudele, mis on olulised lihaste kasvu, taastumise ja \u00fcldise f\u00fc\u00fcsilise tervise jaoks.<\/li>\n<li><strong>Edendab s\u00fcdame-veresoonkonna tervist:<\/strong>\u00a0Regulaarne tarbimine v\u00f5ib viia verer\u00f5hu ja p\u00f5letiku alandamiseni, aidates kaasa tervema s\u00fcdame- ja veresoonkonnas\u00fcsteemile.<\/li>\n<li><strong>Tasakaalustab veresuhkrut:<\/strong>\u00a0see on kasulik ka veresuhkru taseme juhtimisel, muutes selle v\u00e4\u00e4rtuslikuks t\u00e4ienduseks \u00fcldisele ainevahetuse tervisele.<\/li>\n<li><strong>Mugav kapslivorm:<\/strong>\u00a0neid kapsleid on lihtne igap\u00e4evase toidukorra ajal v\u00f5tta. Need kapslid on probleemivaba viis L-arginiini kaasamiseks oma terviserutiini.<\/li>\n<\/ul>\n<p><strong>Eelised:<\/strong><\/p>\n<ul>\n<li><strong>Toetab lihaste kasvu ja taastumist:<\/strong>\u00a0Ideaalne sportlastele ja fitness-entusiastidele, kes soovivad suurendada lihaste kasvu ja taastumist.<\/li>\n<li><strong>Parandab s\u00fcdame-veresoonkonna tervist:<\/strong>\u00a0aitab s\u00e4ilitada tervet s\u00fcdant ja veresoonkonda.<\/li>\n<li><strong>Reguleerib verer\u00f5hku ja suhkrutaset:<\/strong>\u00a0aitab kaasa \u00fcldisele heaolule, reguleerides verer\u00f5hku ja veresuhkru taset.<\/li>\n<\/ul>\n<p><strong>Lihtne lisada oma igap\u00e4evarutiini:<\/strong><\/p>\n<p>Tesla Arginine Powder on m\u00f5eldud kasutusmugavuseks. Imendumise ja efektiivsuse maksimeerimiseks v\u00f5tke lihtsalt soovitatav p\u00e4evane portsjon veega, ideaaljuhul koos toiduga.<\/p>\n<p><strong>Oluline t\u00e4iendus teie tervisere\u017eiimile:<\/strong><\/p>\n<p>Olenemata sellest, kas olete sportlane, fitness-entusiast v\u00f5i keegi, kes soovib oma \u00fcldist tervist parandada, on Tesla Nitro L-arginiin oluline toidulisand. Selle lai valik tervisega seotud eeliseid muudab selle v\u00e4\u00e4rtuslikuks lisandiks igale igap\u00e4evasele rutiinile.<\/p>\n<p>T\u00f5stke oma tervist Tesla Nitro L-Argnine kapslitega \u2013 lihtne ja t\u00f5hus viis vereringe, s\u00fcdame tervise ja \u00fcldise heaolu parandamiseks.<\/p>\n<p><strong>Koostisosad<\/strong>:\u00a0 A-AKG kompleks (L-arginiin, alfa-ketoglutraat kaltsium)<\/p>\n<p>Kasutamine: 1 m\u00f5\u00f5telusikat\u00e4is (6g) koos veega.<\/p>\n<p><strong><b>NB! Toode ei asenda mitmek\u00fclgset toitumist. Hoida lastele k\u00e4ttesaamatus kohas.<\/b><\/strong><\/p>\n<p><strong>Suurus<\/strong>: 300g<\/p>\n<table>\n<tbody>\n<tr>\n<td width=\"185\"><strong><b>Toimeained<\/b><\/strong><\/td>\n<td width=\"183\"><strong><b>100g<\/b><\/strong><\/td>\n<td width=\"183\"><strong><b>1 serveering (6g)<\/b><\/strong><\/td>\n<\/tr>\n<tr>\n<td width=\"185\">A-AKG Kompleks<\/td>\n<td width=\"183\">100 g<\/td>\n<td width=\"183\">6000 mg<\/td>\n<\/tr>\n<tr>\n<td width=\"185\"><em><i>millest<\/i><\/em>\u00a0L-Arginiin<\/td>\n<td width=\"183\">69 g<\/td>\n<td width=\"183\">4140 mg<\/td>\n<\/tr>\n<tr>\n<td width=\"185\"><em><i>millest<\/i><\/em>\u00a0alfa-ketoglutraat kaltsium<\/td>\n<td width=\"183\">31 g<\/td>\n<td width=\"183\">1740\u00a0mg<\/td>\n<\/tr>\n<\/tbody>\n<\/table>\n<p>Vaata ka meie teisi L-Arginiine <a href=\"https:\/\/fit360.ee\/en\/product-category\/product-groups\/amino-acids-bcaa\/l-arginine-en\/\"><strong>SIIT<\/strong><\/a> v\u00f5i Asendamatuid Aminohappeid <a href=\"https:\/\/fit360.ee\/en\/product-category\/product-groups\/amino-acids-bcaa\/essential-amino-acids-eaa-en\/\"><strong>SIIT<\/strong><\/a>!<\/p>\n<p>Soovid kaupa osta suuremas koguses? Vaata antud toodet ka meie HULGI poest\u00a0<a href=\"https:\/\/toidulisandidhulgi.ee\/tooted\/tesla-arginine-powder-300g\/\"><strong>SIIT<\/strong><\/a>!<\/p>\n","protected":false},"excerpt":{"rendered":"<ul>\n<li>Toetab lihaste kasvu ja taastumist<\/li>\n<li>Parandab s\u00fcdame-veresoonkonna tervist<\/li>\n<li>Reguleerib verer\u00f5hku ja suhkrutaset<\/li>\n<li>\u00dclipuhas ja efektiivne L-Arginiini vorm<\/li>\n<\/ul>\n","protected":false},"featured_media":81413,"comment_status":"open","ping_status":"closed","template":"","meta":[],"product_brand":[],"product_cat":[520,2331,2311,533,4995],"product_tag":[5052,4996,5053],"giftcard-category":[],"class_list":{"0":"post-81414","1":"product","2":"type-product","3":"status-publish","4":"has-post-thumbnail","6":"product_cat-amino-acids-bcaa","7":"product_cat-essential-amino-acids-eaa-en","8":"product_cat-l-arginine-en","9":"product_cat-pre-workout-en","10":"product_cat-tesla-en","11":"product_tag-arginiini-pulber-en","12":"product_tag-tesla-en","13":"product_tag-tesla-arginine-powder-en","14":"pa_kogus-300g-en","15":"pa_toidulisand-branddd-tesla","16":"pa_tootegruppp-amino-acidsbcaa","17":"pa_tootegruppp-asendamatud-aminohapped-eaa-en","18":"pa_tootegruppp-l-arginiin-en","19":"pa_tootegruppp-pre-workout","21":"first","22":"outofstock","23":"sale","24":"taxable","25":"shipping-taxable","26":"purchasable","27":"product-type-simple"},"yoast_head":"<!-- This site is optimized with the Yoast SEO plugin v27.3 - https:\/\/yoast.com\/product\/yoast-seo-wordpress\/ -->\n<title>Tesla Arginine Powder (300g) - Puhas L-Arginiin - Kiire Tarne - Fit360<\/title>\n<meta name=\"description\" content=\"Tesla Arginine Powder on esmaklassiline toidulisand, mis on loodud teie keha vereringe ja \u00fcldise heaolu parandamiseks. Sisaldab v\u00f5imast annust L-Arginiini..\" \/>\n<meta name=\"robots\" content=\"index, follow, max-snippet:-1, max-image-preview:large, max-video-preview:-1\" \/>\n<link rel=\"canonical\" href=\"https:\/\/fit360.ee\/en\/pood\/product-groups\/amino-acids-bcaa\/l-arginine-en\/tesla-arginine-powder-300g\/\" \/>\n<meta property=\"og:locale\" content=\"en_US\" \/>\n<meta property=\"og:type\" content=\"article\" \/>\n<meta property=\"og:title\" content=\"Tesla Arginine Powder (300g) - Puhas L-Arginiin - Kiire Tarne - Fit360\" \/>\n<meta property=\"og:description\" content=\"Tesla Arginine Powder on esmaklassiline toidulisand, mis on loodud teie keha vereringe ja \u00fcldise heaolu parandamiseks. Sisaldab v\u00f5imast annust L-Arginiini..\" \/>\n<meta property=\"og:url\" content=\"https:\/\/fit360.ee\/en\/pood\/product-groups\/amino-acids-bcaa\/l-arginine-en\/tesla-arginine-powder-300g\/\" \/>\n<meta property=\"og:site_name\" content=\"Fit360\" \/>\n<meta property=\"article:modified_time\" content=\"2025-08-13T05:35:19+00:00\" \/>\n<meta property=\"og:image\" content=\"https:\/\/fit360.ee\/wp-content\/uploads\/2024\/07\/tesla-arginine-powder-fit360.ee_.jpg\" \/>\n\t<meta property=\"og:image:width\" content=\"448\" \/>\n\t<meta property=\"og:image:height\" content=\"448\" \/>\n\t<meta property=\"og:image:type\" content=\"image\/jpeg\" \/>\n<meta name=\"twitter:card\" content=\"summary_large_image\" \/>\n<meta name=\"twitter:label1\" content=\"Est. reading time\" \/>\n\t<meta name=\"twitter:data1\" content=\"3 minutes\" \/>\n<script type=\"application\/ld+json\" class=\"yoast-schema-graph\">{\"@context\":\"https:\\\/\\\/schema.org\",\"@graph\":[{\"@type\":\"WebPage\",\"@id\":\"https:\\\/\\\/fit360.ee\\\/en\\\/pood\\\/product-groups\\\/amino-acids-bcaa\\\/l-arginine-en\\\/tesla-arginine-powder-300g\\\/\",\"url\":\"https:\\\/\\\/fit360.ee\\\/en\\\/pood\\\/product-groups\\\/amino-acids-bcaa\\\/l-arginine-en\\\/tesla-arginine-powder-300g\\\/\",\"name\":\"Tesla Arginine Powder (300g) - Puhas L-Arginiin - Kiire Tarne - Fit360\",\"isPartOf\":{\"@id\":\"https:\\\/\\\/fit360.ee\\\/en\\\/#website\"},\"primaryImageOfPage\":{\"@id\":\"https:\\\/\\\/fit360.ee\\\/en\\\/pood\\\/product-groups\\\/amino-acids-bcaa\\\/l-arginine-en\\\/tesla-arginine-powder-300g\\\/#primaryimage\"},\"image\":{\"@id\":\"https:\\\/\\\/fit360.ee\\\/en\\\/pood\\\/product-groups\\\/amino-acids-bcaa\\\/l-arginine-en\\\/tesla-arginine-powder-300g\\\/#primaryimage\"},\"thumbnailUrl\":\"https:\\\/\\\/fit360.ee\\\/wp-content\\\/uploads\\\/2024\\\/07\\\/tesla-arginine-powder-fit360.ee_.jpg\",\"datePublished\":\"2024-07-17T08:29:27+00:00\",\"dateModified\":\"2025-08-13T05:35:19+00:00\",\"description\":\"Tesla Arginine Powder on esmaklassiline toidulisand, mis on loodud teie keha vereringe ja \u00fcldise heaolu parandamiseks. Sisaldab v\u00f5imast annust L-Arginiini..\",\"breadcrumb\":{\"@id\":\"https:\\\/\\\/fit360.ee\\\/en\\\/pood\\\/product-groups\\\/amino-acids-bcaa\\\/l-arginine-en\\\/tesla-arginine-powder-300g\\\/#breadcrumb\"},\"inLanguage\":\"en-US\",\"potentialAction\":[{\"@type\":\"ReadAction\",\"target\":[\"https:\\\/\\\/fit360.ee\\\/en\\\/pood\\\/product-groups\\\/amino-acids-bcaa\\\/l-arginine-en\\\/tesla-arginine-powder-300g\\\/\"]}]},{\"@type\":\"ImageObject\",\"inLanguage\":\"en-US\",\"@id\":\"https:\\\/\\\/fit360.ee\\\/en\\\/pood\\\/product-groups\\\/amino-acids-bcaa\\\/l-arginine-en\\\/tesla-arginine-powder-300g\\\/#primaryimage\",\"url\":\"https:\\\/\\\/fit360.ee\\\/wp-content\\\/uploads\\\/2024\\\/07\\\/tesla-arginine-powder-fit360.ee_.jpg\",\"contentUrl\":\"https:\\\/\\\/fit360.ee\\\/wp-content\\\/uploads\\\/2024\\\/07\\\/tesla-arginine-powder-fit360.ee_.jpg\",\"width\":448,\"height\":448,\"caption\":\"tesla arginine powder - fit360.ee\"},{\"@type\":\"BreadcrumbList\",\"@id\":\"https:\\\/\\\/fit360.ee\\\/en\\\/pood\\\/product-groups\\\/amino-acids-bcaa\\\/l-arginine-en\\\/tesla-arginine-powder-300g\\\/#breadcrumb\",\"itemListElement\":[{\"@type\":\"ListItem\",\"position\":1,\"name\":\"Home\",\"item\":\"https:\\\/\\\/fit360.ee\\\/en\\\/\"},{\"@type\":\"ListItem\",\"position\":2,\"name\":\"Shop\",\"item\":\"https:\\\/\\\/fit360.ee\\\/en\\\/shop\\\/\"},{\"@type\":\"ListItem\",\"position\":3,\"name\":\"Tesla Arginine Powder (300g)\"}]},{\"@type\":\"WebSite\",\"@id\":\"https:\\\/\\\/fit360.ee\\\/en\\\/#website\",\"url\":\"https:\\\/\\\/fit360.ee\\\/en\\\/\",\"name\":\"Fit360\",\"description\":\"\",\"publisher\":{\"@id\":\"https:\\\/\\\/fit360.ee\\\/en\\\/#organization\"},\"potentialAction\":[{\"@type\":\"SearchAction\",\"target\":{\"@type\":\"EntryPoint\",\"urlTemplate\":\"https:\\\/\\\/fit360.ee\\\/en\\\/?s={search_term_string}\"},\"query-input\":{\"@type\":\"PropertyValueSpecification\",\"valueRequired\":true,\"valueName\":\"search_term_string\"}}],\"inLanguage\":\"en-US\"},{\"@type\":\"Organization\",\"@id\":\"https:\\\/\\\/fit360.ee\\\/en\\\/#organization\",\"name\":\"Fit360\",\"url\":\"https:\\\/\\\/fit360.ee\\\/en\\\/\",\"logo\":{\"@type\":\"ImageObject\",\"inLanguage\":\"en-US\",\"@id\":\"https:\\\/\\\/fit360.ee\\\/en\\\/#\\\/schema\\\/logo\\\/image\\\/\",\"url\":\"https:\\\/\\\/fit360.ee\\\/wp-content\\\/uploads\\\/2017\\\/01\\\/logo-fit360.png\",\"contentUrl\":\"https:\\\/\\\/fit360.ee\\\/wp-content\\\/uploads\\\/2017\\\/01\\\/logo-fit360.png\",\"width\":180,\"height\":66,\"caption\":\"Fit360\"},\"image\":{\"@id\":\"https:\\\/\\\/fit360.ee\\\/en\\\/#\\\/schema\\\/logo\\\/image\\\/\"}}]}<\/script>\n<!-- \/ Yoast SEO plugin. -->","yoast_head_json":{"title":"Tesla Arginine Powder (300g) - Puhas L-Arginiin - Kiire Tarne - Fit360","description":"Tesla Arginine Powder on esmaklassiline toidulisand, mis on loodud teie keha vereringe ja \u00fcldise heaolu parandamiseks. Sisaldab v\u00f5imast annust L-Arginiini..","robots":{"index":"index","follow":"follow","max-snippet":"max-snippet:-1","max-image-preview":"max-image-preview:large","max-video-preview":"max-video-preview:-1"},"canonical":"https:\/\/fit360.ee\/en\/pood\/product-groups\/amino-acids-bcaa\/l-arginine-en\/tesla-arginine-powder-300g\/","og_locale":"en_US","og_type":"article","og_title":"Tesla Arginine Powder (300g) - Puhas L-Arginiin - Kiire Tarne - Fit360","og_description":"Tesla Arginine Powder on esmaklassiline toidulisand, mis on loodud teie keha vereringe ja \u00fcldise heaolu parandamiseks. Sisaldab v\u00f5imast annust L-Arginiini..","og_url":"https:\/\/fit360.ee\/en\/pood\/product-groups\/amino-acids-bcaa\/l-arginine-en\/tesla-arginine-powder-300g\/","og_site_name":"Fit360","article_modified_time":"2025-08-13T05:35:19+00:00","og_image":[{"width":448,"height":448,"url":"https:\/\/fit360.ee\/wp-content\/uploads\/2024\/07\/tesla-arginine-powder-fit360.ee_.jpg","type":"image\/jpeg"}],"twitter_card":"summary_large_image","twitter_misc":{"Est. reading time":"3 minutes"},"schema":{"@context":"https:\/\/schema.org","@graph":[{"@type":"WebPage","@id":"https:\/\/fit360.ee\/en\/pood\/product-groups\/amino-acids-bcaa\/l-arginine-en\/tesla-arginine-powder-300g\/","url":"https:\/\/fit360.ee\/en\/pood\/product-groups\/amino-acids-bcaa\/l-arginine-en\/tesla-arginine-powder-300g\/","name":"Tesla Arginine Powder (300g) - Puhas L-Arginiin - Kiire Tarne - Fit360","isPartOf":{"@id":"https:\/\/fit360.ee\/en\/#website"},"primaryImageOfPage":{"@id":"https:\/\/fit360.ee\/en\/pood\/product-groups\/amino-acids-bcaa\/l-arginine-en\/tesla-arginine-powder-300g\/#primaryimage"},"image":{"@id":"https:\/\/fit360.ee\/en\/pood\/product-groups\/amino-acids-bcaa\/l-arginine-en\/tesla-arginine-powder-300g\/#primaryimage"},"thumbnailUrl":"https:\/\/fit360.ee\/wp-content\/uploads\/2024\/07\/tesla-arginine-powder-fit360.ee_.jpg","datePublished":"2024-07-17T08:29:27+00:00","dateModified":"2025-08-13T05:35:19+00:00","description":"Tesla Arginine Powder on esmaklassiline toidulisand, mis on loodud teie keha vereringe ja \u00fcldise heaolu parandamiseks. Sisaldab v\u00f5imast annust L-Arginiini..","breadcrumb":{"@id":"https:\/\/fit360.ee\/en\/pood\/product-groups\/amino-acids-bcaa\/l-arginine-en\/tesla-arginine-powder-300g\/#breadcrumb"},"inLanguage":"en-US","potentialAction":[{"@type":"ReadAction","target":["https:\/\/fit360.ee\/en\/pood\/product-groups\/amino-acids-bcaa\/l-arginine-en\/tesla-arginine-powder-300g\/"]}]},{"@type":"ImageObject","inLanguage":"en-US","@id":"https:\/\/fit360.ee\/en\/pood\/product-groups\/amino-acids-bcaa\/l-arginine-en\/tesla-arginine-powder-300g\/#primaryimage","url":"https:\/\/fit360.ee\/wp-content\/uploads\/2024\/07\/tesla-arginine-powder-fit360.ee_.jpg","contentUrl":"https:\/\/fit360.ee\/wp-content\/uploads\/2024\/07\/tesla-arginine-powder-fit360.ee_.jpg","width":448,"height":448,"caption":"tesla arginine powder - fit360.ee"},{"@type":"BreadcrumbList","@id":"https:\/\/fit360.ee\/en\/pood\/product-groups\/amino-acids-bcaa\/l-arginine-en\/tesla-arginine-powder-300g\/#breadcrumb","itemListElement":[{"@type":"ListItem","position":1,"name":"Home","item":"https:\/\/fit360.ee\/en\/"},{"@type":"ListItem","position":2,"name":"Shop","item":"https:\/\/fit360.ee\/en\/shop\/"},{"@type":"ListItem","position":3,"name":"Tesla Arginine Powder (300g)"}]},{"@type":"WebSite","@id":"https:\/\/fit360.ee\/en\/#website","url":"https:\/\/fit360.ee\/en\/","name":"Fit360","description":"","publisher":{"@id":"https:\/\/fit360.ee\/en\/#organization"},"potentialAction":[{"@type":"SearchAction","target":{"@type":"EntryPoint","urlTemplate":"https:\/\/fit360.ee\/en\/?s={search_term_string}"},"query-input":{"@type":"PropertyValueSpecification","valueRequired":true,"valueName":"search_term_string"}}],"inLanguage":"en-US"},{"@type":"Organization","@id":"https:\/\/fit360.ee\/en\/#organization","name":"Fit360","url":"https:\/\/fit360.ee\/en\/","logo":{"@type":"ImageObject","inLanguage":"en-US","@id":"https:\/\/fit360.ee\/en\/#\/schema\/logo\/image\/","url":"https:\/\/fit360.ee\/wp-content\/uploads\/2017\/01\/logo-fit360.png","contentUrl":"https:\/\/fit360.ee\/wp-content\/uploads\/2017\/01\/logo-fit360.png","width":180,"height":66,"caption":"Fit360"},"image":{"@id":"https:\/\/fit360.ee\/en\/#\/schema\/logo\/image\/"}}]}},"_links":{"self":[{"href":"https:\/\/fit360.ee\/en\/wp-json\/wp\/v2\/product\/81414","targetHints":{"allow":["GET"]}}],"collection":[{"href":"https:\/\/fit360.ee\/en\/wp-json\/wp\/v2\/product"}],"about":[{"href":"https:\/\/fit360.ee\/en\/wp-json\/wp\/v2\/types\/product"}],"replies":[{"embeddable":true,"href":"https:\/\/fit360.ee\/en\/wp-json\/wp\/v2\/comments?post=81414"}],"wp:featuredmedia":[{"embeddable":true,"href":"https:\/\/fit360.ee\/en\/wp-json\/wp\/v2\/media\/81413"}],"wp:attachment":[{"href":"https:\/\/fit360.ee\/en\/wp-json\/wp\/v2\/media?parent=81414"}],"wp:term":[{"taxonomy":"product_brand","embeddable":true,"href":"https:\/\/fit360.ee\/en\/wp-json\/wp\/v2\/product_brand?post=81414"},{"taxonomy":"product_cat","embeddable":true,"href":"https:\/\/fit360.ee\/en\/wp-json\/wp\/v2\/product_cat?post=81414"},{"taxonomy":"product_tag","embeddable":true,"href":"https:\/\/fit360.ee\/en\/wp-json\/wp\/v2\/product_tag?post=81414"},{"taxonomy":"giftcard-category","embeddable":true,"href":"https:\/\/fit360.ee\/en\/wp-json\/wp\/v2\/giftcard-category?post=81414"}],"curies":[{"name":"wp","href":"https:\/\/api.w.org\/{rel}","templated":true}]}}