{"id":81442,"date":"2024-07-18T10:29:35","date_gmt":"2024-07-18T08:29:35","guid":{"rendered":"https:\/\/fit360.ee\/pood\/uncategorized\/nano-protein-chips-40g-4-maitset\/"},"modified":"2025-08-13T07:39:24","modified_gmt":"2025-08-13T05:39:24","slug":"nano-protein-chips-40g-4-maitset","status":"publish","type":"product","link":"https:\/\/fit360.ee\/en\/pood\/product-groups\/protein-bars-and-snacks\/nano-protein-chips-40g-4-maitset\/","title":{"rendered":"Nano Protein Chips (40g) &#8211; 4 MAITSET"},"content":{"rendered":"<h2><strong>Protein Chips<\/strong><\/h2>\n<p>Nano Suppsi Protein Chips ehk proteiinikr\u00f5pse saab s\u00fc\u00fca vahepalana, s\u00f6\u00f6gi k\u00f5rvale v\u00f5i tervisliku eelroana, olenevalt teie valgu vajadusest.<\/p>\n<ul>\n<li>21% valku<\/li>\n<li>Imelised maitsed<\/li>\n<li>Sobib Veganitele<\/li>\n<li>Kr\u00f5mpsuv<\/li>\n<\/ul>\n<h4><strong>T\u00e4iuslik proteiinisn\u00e4kk n\u00e4lja kustutamiseks: Nano Supps Protein Chips!<\/strong><\/h4>\n<p>Kes veel ei tea: Sportlasena p\u00fcrgijana veedate p\u00fchap\u00e4eva \u00f5htu s\u00f5pradega diivanil ja k\u00f5ik teised n\u00e4ksivad tavalisi rasvaseid n\u00e4kse ning ise peate ilma selleta hakkama saama.\u00a0\u00a0See on n\u00fc\u00fcdsest l\u00f5pp!\u00a0\u00a0Teeme selle v\u00f5imalikuks!<\/p>\n<p>\u00dcle 21% valku ja vaid 2,6 g rasva portsjoni kohta sobivad kr\u00f5psud nii \u00fclesehitamiseks kui ka dieedipidamiseks.\u00a0\u00a0Lisaks uskumatule maitsele sobivad proteiinikr\u00f5psud ka veganitele!\u00a0\u00a0Vaadake ise ja proovige \u00fcht maitsvaimat sorti!<\/p>\n<h4><strong>Koostisosad Proteiinikr\u00f5psud:<\/strong><\/h4>\n<p><b><u>Grill<\/u><\/b>\u00a0: riisijahu 31%, kikerhernejahu 28%, deh\u00fcdreeritud kartul 10%, BBQ maitseaine 9%, (suhkur, sool, paprika, dekstroos, tomat, sibul, p\u00e4rmiekstrakt, v\u00fcrts, happesuse regulaator (E330, E262), karamelliseeritud suhkur , l\u00f5hna- ja maitseaine, v\u00fcrtsiekstrakt (paprika), suitsumaitse), herneproteiin 8%, kartulit\u00e4rklis 7%, p\u00e4evalille\u00f5li 7%.<\/p>\n<p><b><u>Magus t\u0161illi ja laim<\/u><\/b>\u00a0: riisijahu 31%, kikerhernejahu 28%, deh\u00fcdreeritud kartul 10%, herneproteiin 10%, kartulit\u00e4rklis 7%, p\u00e4evalille\u00f5li 7%, magust\u0161illi ja laimi maitseaine 7% (suhkur, sool, tomat, maltodekstriin , laim, sibul, paprika, p\u00e4rmiekstrakt, sidruni ekstrakt, cayennepeper, k\u00fc\u00fcslauk, p\u00e4evalille\u00f5li, k\u00f6\u00f6mneseemned).<\/p>\n<p><b><u>Hapukoor ja sibul<\/u><\/b>\u00a0: riisijahu 31%, kikerhernejahu 28%, deh\u00fcdreeritud kartul 10%, hapukoor ja sibulamaitseaine 9%, (vadakupulber piimast, sool, sibul, suhkur, laktoos, piimapulber, p\u00e4rmiekstrakt, juustupulber , k\u00fc\u00fcslauk, hapendaja (piimhape), v\u00fcrts, l\u00f5hna- ja maitseaine), herneproteiin 8%, kartulit\u00e4rklis 7%, p\u00e4evalille\u00f5li 7%.<\/p>\n<p><b><u>Paprika<\/u><\/b>\u00a0: riisijahu 31%, kikerhernejahu 27%, paprika maitseaine 11% (paprika, maltodekstriin, sool, suhkur, sibul, p\u00e4rmiekstrakt, tomat, paprika ekstrakt, v\u00fcrts), deh\u00fcdreeritud kartul 10%, herneproteiin 8%, kartulit\u00e4rklis 6%, p\u00e4evalille\u00f5li 7%.<\/p>\n<p><b><u>Juust<\/u><\/b>\u00a0: riisijahu 29%, kikerhernejahu 27%, juustu doodles 12% (maltodekstriin, sool, dekstroos, p\u00e4rmiekstrakt, sibul, happesuse regulaator: piimhape, sidrunhape, l\u00f5hna- ja maitseaine, v\u00fcrts, paprikaekstrakt, suhkur), herneproteiin 10 %, kuivatatud kartul 8%, p\u00e4evalille\u00f5li 7%, kartulit\u00e4rklis 7%.<\/p>\n<p><strong>Kasutamine<\/strong>: Tarbi vastavalt vajadusele<\/p>\n<p><strong>Suurus<\/strong>: 40g<\/p>\n<div class=\"scrollable-wrapper\">\n<table width=\"100%\">\n<tbody>\n<tr>\n<td>Toitev\u00e4\u00e4rtus<\/td>\n<td>100g<\/td>\n<td>40g<\/td>\n<\/tr>\n<tr>\n<td>Energia<\/td>\n<td>404 kcal \/ 1705 kJ<\/td>\n<td>162 kcal \/ 682 kJ<\/td>\n<\/tr>\n<tr>\n<td>Paks<\/td>\n<td>7,5 g<\/td>\n<td>3g<\/td>\n<\/tr>\n<tr>\n<td>millest k\u00fcllastunud rasvhapped<\/td>\n<td>0,7 g<\/td>\n<td>0,3 g<\/td>\n<\/tr>\n<tr>\n<td>S\u00fcsivesikuid<\/td>\n<td>61 g<\/td>\n<td>24,4 g<\/td>\n<\/tr>\n<tr>\n<td>\u2013 millest suhkrud<\/td>\n<td>2,0 g<\/td>\n<td>0,8 g<\/td>\n<\/tr>\n<tr>\n<td>Fiber<\/td>\n<td>5,4 g<\/td>\n<td>2,2 g<\/td>\n<\/tr>\n<tr>\n<td>Valk<\/td>\n<td>20,4 g<\/td>\n<td>8,2 g<\/td>\n<\/tr>\n<tr>\n<td>soola<\/td>\n<td>2,85 g<\/td>\n<td>1,14 g<\/td>\n<\/tr>\n<\/tbody>\n<\/table>\n<\/div>\n<div class=\"page\" title=\"1. lehek\u00fclg\">\n<div class=\"layoutArea\">\n<div class=\"column\">\n<p>Vaata ka meie teisi tervislikke Sn\u00e4kke <a href=\"https:\/\/fit360.ee\/en\/product-category\/product-groups\/protein-bars-and-snacks\/\"><strong>SIIT<\/strong><\/a>!<\/p>\n<\/div>\n<\/div>\n<\/div>\n","protected":false},"excerpt":{"rendered":"<ul>\n<li>21% valku<\/li>\n<li>Imelised maitsed<\/li>\n<li>Sobib Veganitele<\/li>\n<li>Kr\u00f5mpsuv<\/li>\n<\/ul>\n","protected":false},"featured_media":81434,"comment_status":"open","ping_status":"closed","template":"","meta":[],"product_brand":[],"product_cat":[5059,534,535],"product_tag":[5067,5068,5069],"giftcard-category":[],"class_list":{"0":"post-81442","1":"product","2":"type-product","3":"status-publish","4":"has-post-thumbnail","6":"product_cat-nano-supps-en","7":"product_cat-protein-bars-and-snacks","8":"product_cat-protein-poweders-en","9":"product_tag-nano-supps-en","10":"product_tag-proteiinikropsud-en","11":"product_tag-protein-chips-en","12":"pa_maitse-bbq-en","13":"pa_maitse-hapukoore-ja-sibula-en","14":"pa_maitse-juustu-en","15":"pa_maitse-paprika-en","17":"first","18":"outofstock","19":"sale","20":"taxable","21":"shipping-taxable","22":"purchasable","23":"product-type-variable"},"yoast_head":"<!-- This site is optimized with the Yoast SEO plugin v27.3 - https:\/\/yoast.com\/product\/yoast-seo-wordpress\/ -->\n<title>Nano Protein Chips (40g) - 4 MAITSET - Proteiinikr\u00f5psud - Kiire Tarne - Fit360<\/title>\n<meta name=\"description\" content=\"Nano Suppsi Protein Chips ehk proteiinikr\u00f5pse saab s\u00fc\u00fca vahepalana, s\u00f6\u00f6gi k\u00f5rvale v\u00f5i tervisliku eelroana, olenevalt teie valgu vajadusest. Sisalda...\" \/>\n<meta name=\"robots\" content=\"index, follow, max-snippet:-1, max-image-preview:large, max-video-preview:-1\" \/>\n<link rel=\"canonical\" href=\"https:\/\/fit360.ee\/en\/pood\/product-groups\/protein-bars-and-snacks\/nano-protein-chips-40g-4-maitset\/\" \/>\n<meta property=\"og:locale\" content=\"en_US\" \/>\n<meta property=\"og:type\" content=\"article\" \/>\n<meta property=\"og:title\" content=\"Nano Protein Chips (40g) - 4 MAITSET - Proteiinikr\u00f5psud - Kiire Tarne - Fit360\" \/>\n<meta property=\"og:description\" content=\"Nano Suppsi Protein Chips ehk proteiinikr\u00f5pse saab s\u00fc\u00fca vahepalana, s\u00f6\u00f6gi k\u00f5rvale v\u00f5i tervisliku eelroana, olenevalt teie valgu vajadusest. Sisalda...\" \/>\n<meta property=\"og:url\" content=\"https:\/\/fit360.ee\/en\/pood\/product-groups\/protein-bars-and-snacks\/nano-protein-chips-40g-4-maitset\/\" \/>\n<meta property=\"og:site_name\" content=\"Fit360\" \/>\n<meta property=\"article:modified_time\" content=\"2025-08-13T05:39:24+00:00\" \/>\n<meta property=\"og:image\" content=\"https:\/\/fit360.ee\/wp-content\/uploads\/2024\/07\/nano-protein-chips-fit360.ee-1.png\" \/>\n\t<meta property=\"og:image:width\" content=\"700\" \/>\n\t<meta property=\"og:image:height\" content=\"500\" \/>\n\t<meta property=\"og:image:type\" content=\"image\/png\" \/>\n<meta name=\"twitter:card\" content=\"summary_large_image\" \/>\n<meta name=\"twitter:label1\" content=\"Est. reading time\" \/>\n\t<meta name=\"twitter:data1\" content=\"3 minutes\" \/>\n<script type=\"application\/ld+json\" class=\"yoast-schema-graph\">{\"@context\":\"https:\\\/\\\/schema.org\",\"@graph\":[{\"@type\":\"WebPage\",\"@id\":\"https:\\\/\\\/fit360.ee\\\/en\\\/pood\\\/product-groups\\\/protein-bars-and-snacks\\\/nano-protein-chips-40g-4-maitset\\\/\",\"url\":\"https:\\\/\\\/fit360.ee\\\/en\\\/pood\\\/product-groups\\\/protein-bars-and-snacks\\\/nano-protein-chips-40g-4-maitset\\\/\",\"name\":\"Nano Protein Chips (40g) - 4 MAITSET - Proteiinikr\u00f5psud - Kiire Tarne - Fit360\",\"isPartOf\":{\"@id\":\"https:\\\/\\\/fit360.ee\\\/en\\\/#website\"},\"primaryImageOfPage\":{\"@id\":\"https:\\\/\\\/fit360.ee\\\/en\\\/pood\\\/product-groups\\\/protein-bars-and-snacks\\\/nano-protein-chips-40g-4-maitset\\\/#primaryimage\"},\"image\":{\"@id\":\"https:\\\/\\\/fit360.ee\\\/en\\\/pood\\\/product-groups\\\/protein-bars-and-snacks\\\/nano-protein-chips-40g-4-maitset\\\/#primaryimage\"},\"thumbnailUrl\":\"https:\\\/\\\/fit360.ee\\\/wp-content\\\/uploads\\\/2024\\\/07\\\/nano-protein-chips-fit360.ee-1.png\",\"datePublished\":\"2024-07-18T08:29:35+00:00\",\"dateModified\":\"2025-08-13T05:39:24+00:00\",\"description\":\"Nano Suppsi Protein Chips ehk proteiinikr\u00f5pse saab s\u00fc\u00fca vahepalana, s\u00f6\u00f6gi k\u00f5rvale v\u00f5i tervisliku eelroana, olenevalt teie valgu vajadusest. Sisalda...\",\"breadcrumb\":{\"@id\":\"https:\\\/\\\/fit360.ee\\\/en\\\/pood\\\/product-groups\\\/protein-bars-and-snacks\\\/nano-protein-chips-40g-4-maitset\\\/#breadcrumb\"},\"inLanguage\":\"en-US\",\"potentialAction\":[{\"@type\":\"ReadAction\",\"target\":[\"https:\\\/\\\/fit360.ee\\\/en\\\/pood\\\/product-groups\\\/protein-bars-and-snacks\\\/nano-protein-chips-40g-4-maitset\\\/\"]}]},{\"@type\":\"ImageObject\",\"inLanguage\":\"en-US\",\"@id\":\"https:\\\/\\\/fit360.ee\\\/en\\\/pood\\\/product-groups\\\/protein-bars-and-snacks\\\/nano-protein-chips-40g-4-maitset\\\/#primaryimage\",\"url\":\"https:\\\/\\\/fit360.ee\\\/wp-content\\\/uploads\\\/2024\\\/07\\\/nano-protein-chips-fit360.ee-1.png\",\"contentUrl\":\"https:\\\/\\\/fit360.ee\\\/wp-content\\\/uploads\\\/2024\\\/07\\\/nano-protein-chips-fit360.ee-1.png\",\"width\":700,\"height\":500,\"caption\":\"nano protein chips - fit360.ee\"},{\"@type\":\"BreadcrumbList\",\"@id\":\"https:\\\/\\\/fit360.ee\\\/en\\\/pood\\\/product-groups\\\/protein-bars-and-snacks\\\/nano-protein-chips-40g-4-maitset\\\/#breadcrumb\",\"itemListElement\":[{\"@type\":\"ListItem\",\"position\":1,\"name\":\"Home\",\"item\":\"https:\\\/\\\/fit360.ee\\\/en\\\/\"},{\"@type\":\"ListItem\",\"position\":2,\"name\":\"Shop\",\"item\":\"https:\\\/\\\/fit360.ee\\\/en\\\/shop\\\/\"},{\"@type\":\"ListItem\",\"position\":3,\"name\":\"Nano Protein Chips (40g) &#8211; 4 MAITSET\"}]},{\"@type\":\"WebSite\",\"@id\":\"https:\\\/\\\/fit360.ee\\\/en\\\/#website\",\"url\":\"https:\\\/\\\/fit360.ee\\\/en\\\/\",\"name\":\"Fit360\",\"description\":\"\",\"publisher\":{\"@id\":\"https:\\\/\\\/fit360.ee\\\/en\\\/#organization\"},\"potentialAction\":[{\"@type\":\"SearchAction\",\"target\":{\"@type\":\"EntryPoint\",\"urlTemplate\":\"https:\\\/\\\/fit360.ee\\\/en\\\/?s={search_term_string}\"},\"query-input\":{\"@type\":\"PropertyValueSpecification\",\"valueRequired\":true,\"valueName\":\"search_term_string\"}}],\"inLanguage\":\"en-US\"},{\"@type\":\"Organization\",\"@id\":\"https:\\\/\\\/fit360.ee\\\/en\\\/#organization\",\"name\":\"Fit360\",\"url\":\"https:\\\/\\\/fit360.ee\\\/en\\\/\",\"logo\":{\"@type\":\"ImageObject\",\"inLanguage\":\"en-US\",\"@id\":\"https:\\\/\\\/fit360.ee\\\/en\\\/#\\\/schema\\\/logo\\\/image\\\/\",\"url\":\"https:\\\/\\\/fit360.ee\\\/wp-content\\\/uploads\\\/2017\\\/01\\\/logo-fit360.png\",\"contentUrl\":\"https:\\\/\\\/fit360.ee\\\/wp-content\\\/uploads\\\/2017\\\/01\\\/logo-fit360.png\",\"width\":180,\"height\":66,\"caption\":\"Fit360\"},\"image\":{\"@id\":\"https:\\\/\\\/fit360.ee\\\/en\\\/#\\\/schema\\\/logo\\\/image\\\/\"}}]}<\/script>\n<!-- \/ Yoast SEO plugin. -->","yoast_head_json":{"title":"Nano Protein Chips (40g) - 4 MAITSET - Proteiinikr\u00f5psud - Kiire Tarne - Fit360","description":"Nano Suppsi Protein Chips ehk proteiinikr\u00f5pse saab s\u00fc\u00fca vahepalana, s\u00f6\u00f6gi k\u00f5rvale v\u00f5i tervisliku eelroana, olenevalt teie valgu vajadusest. Sisalda...","robots":{"index":"index","follow":"follow","max-snippet":"max-snippet:-1","max-image-preview":"max-image-preview:large","max-video-preview":"max-video-preview:-1"},"canonical":"https:\/\/fit360.ee\/en\/pood\/product-groups\/protein-bars-and-snacks\/nano-protein-chips-40g-4-maitset\/","og_locale":"en_US","og_type":"article","og_title":"Nano Protein Chips (40g) - 4 MAITSET - Proteiinikr\u00f5psud - Kiire Tarne - Fit360","og_description":"Nano Suppsi Protein Chips ehk proteiinikr\u00f5pse saab s\u00fc\u00fca vahepalana, s\u00f6\u00f6gi k\u00f5rvale v\u00f5i tervisliku eelroana, olenevalt teie valgu vajadusest. Sisalda...","og_url":"https:\/\/fit360.ee\/en\/pood\/product-groups\/protein-bars-and-snacks\/nano-protein-chips-40g-4-maitset\/","og_site_name":"Fit360","article_modified_time":"2025-08-13T05:39:24+00:00","og_image":[{"width":700,"height":500,"url":"https:\/\/fit360.ee\/wp-content\/uploads\/2024\/07\/nano-protein-chips-fit360.ee-1.png","type":"image\/png"}],"twitter_card":"summary_large_image","twitter_misc":{"Est. reading time":"3 minutes"},"schema":{"@context":"https:\/\/schema.org","@graph":[{"@type":"WebPage","@id":"https:\/\/fit360.ee\/en\/pood\/product-groups\/protein-bars-and-snacks\/nano-protein-chips-40g-4-maitset\/","url":"https:\/\/fit360.ee\/en\/pood\/product-groups\/protein-bars-and-snacks\/nano-protein-chips-40g-4-maitset\/","name":"Nano Protein Chips (40g) - 4 MAITSET - Proteiinikr\u00f5psud - Kiire Tarne - Fit360","isPartOf":{"@id":"https:\/\/fit360.ee\/en\/#website"},"primaryImageOfPage":{"@id":"https:\/\/fit360.ee\/en\/pood\/product-groups\/protein-bars-and-snacks\/nano-protein-chips-40g-4-maitset\/#primaryimage"},"image":{"@id":"https:\/\/fit360.ee\/en\/pood\/product-groups\/protein-bars-and-snacks\/nano-protein-chips-40g-4-maitset\/#primaryimage"},"thumbnailUrl":"https:\/\/fit360.ee\/wp-content\/uploads\/2024\/07\/nano-protein-chips-fit360.ee-1.png","datePublished":"2024-07-18T08:29:35+00:00","dateModified":"2025-08-13T05:39:24+00:00","description":"Nano Suppsi Protein Chips ehk proteiinikr\u00f5pse saab s\u00fc\u00fca vahepalana, s\u00f6\u00f6gi k\u00f5rvale v\u00f5i tervisliku eelroana, olenevalt teie valgu vajadusest. Sisalda...","breadcrumb":{"@id":"https:\/\/fit360.ee\/en\/pood\/product-groups\/protein-bars-and-snacks\/nano-protein-chips-40g-4-maitset\/#breadcrumb"},"inLanguage":"en-US","potentialAction":[{"@type":"ReadAction","target":["https:\/\/fit360.ee\/en\/pood\/product-groups\/protein-bars-and-snacks\/nano-protein-chips-40g-4-maitset\/"]}]},{"@type":"ImageObject","inLanguage":"en-US","@id":"https:\/\/fit360.ee\/en\/pood\/product-groups\/protein-bars-and-snacks\/nano-protein-chips-40g-4-maitset\/#primaryimage","url":"https:\/\/fit360.ee\/wp-content\/uploads\/2024\/07\/nano-protein-chips-fit360.ee-1.png","contentUrl":"https:\/\/fit360.ee\/wp-content\/uploads\/2024\/07\/nano-protein-chips-fit360.ee-1.png","width":700,"height":500,"caption":"nano protein chips - fit360.ee"},{"@type":"BreadcrumbList","@id":"https:\/\/fit360.ee\/en\/pood\/product-groups\/protein-bars-and-snacks\/nano-protein-chips-40g-4-maitset\/#breadcrumb","itemListElement":[{"@type":"ListItem","position":1,"name":"Home","item":"https:\/\/fit360.ee\/en\/"},{"@type":"ListItem","position":2,"name":"Shop","item":"https:\/\/fit360.ee\/en\/shop\/"},{"@type":"ListItem","position":3,"name":"Nano Protein Chips (40g) &#8211; 4 MAITSET"}]},{"@type":"WebSite","@id":"https:\/\/fit360.ee\/en\/#website","url":"https:\/\/fit360.ee\/en\/","name":"Fit360","description":"","publisher":{"@id":"https:\/\/fit360.ee\/en\/#organization"},"potentialAction":[{"@type":"SearchAction","target":{"@type":"EntryPoint","urlTemplate":"https:\/\/fit360.ee\/en\/?s={search_term_string}"},"query-input":{"@type":"PropertyValueSpecification","valueRequired":true,"valueName":"search_term_string"}}],"inLanguage":"en-US"},{"@type":"Organization","@id":"https:\/\/fit360.ee\/en\/#organization","name":"Fit360","url":"https:\/\/fit360.ee\/en\/","logo":{"@type":"ImageObject","inLanguage":"en-US","@id":"https:\/\/fit360.ee\/en\/#\/schema\/logo\/image\/","url":"https:\/\/fit360.ee\/wp-content\/uploads\/2017\/01\/logo-fit360.png","contentUrl":"https:\/\/fit360.ee\/wp-content\/uploads\/2017\/01\/logo-fit360.png","width":180,"height":66,"caption":"Fit360"},"image":{"@id":"https:\/\/fit360.ee\/en\/#\/schema\/logo\/image\/"}}]}},"_links":{"self":[{"href":"https:\/\/fit360.ee\/en\/wp-json\/wp\/v2\/product\/81442","targetHints":{"allow":["GET"]}}],"collection":[{"href":"https:\/\/fit360.ee\/en\/wp-json\/wp\/v2\/product"}],"about":[{"href":"https:\/\/fit360.ee\/en\/wp-json\/wp\/v2\/types\/product"}],"replies":[{"embeddable":true,"href":"https:\/\/fit360.ee\/en\/wp-json\/wp\/v2\/comments?post=81442"}],"wp:featuredmedia":[{"embeddable":true,"href":"https:\/\/fit360.ee\/en\/wp-json\/wp\/v2\/media\/81434"}],"wp:attachment":[{"href":"https:\/\/fit360.ee\/en\/wp-json\/wp\/v2\/media?parent=81442"}],"wp:term":[{"taxonomy":"product_brand","embeddable":true,"href":"https:\/\/fit360.ee\/en\/wp-json\/wp\/v2\/product_brand?post=81442"},{"taxonomy":"product_cat","embeddable":true,"href":"https:\/\/fit360.ee\/en\/wp-json\/wp\/v2\/product_cat?post=81442"},{"taxonomy":"product_tag","embeddable":true,"href":"https:\/\/fit360.ee\/en\/wp-json\/wp\/v2\/product_tag?post=81442"},{"taxonomy":"giftcard-category","embeddable":true,"href":"https:\/\/fit360.ee\/en\/wp-json\/wp\/v2\/giftcard-category?post=81442"}],"curies":[{"name":"wp","href":"https:\/\/api.w.org\/{rel}","templated":true}]}}