{"id":81454,"date":"2024-07-18T10:29:35","date_gmt":"2024-07-18T08:29:35","guid":{"rendered":"https:\/\/fit360.ee\/pood\/uncategorized\/nano-protein-pops-38g\/"},"modified":"2025-08-13T07:39:37","modified_gmt":"2025-08-13T05:39:37","slug":"nano-protein-pops-38g","status":"publish","type":"product","link":"https:\/\/fit360.ee\/en\/pood\/product-groups\/protein-bars-and-snacks\/nano-protein-pops-38g\/","title":{"rendered":"Nano Protein Pops (38g)"},"content":{"rendered":"<h2><strong>Protein Pops<\/strong><\/h2>\n<p>Nano Protein Pops on \u00fclimaitsev valgurikas vahepala.<\/p>\n<p><strong>Protein Pops on \u0161okolaadine r\u00f5\u00f5m, millel on kerged, kr\u00f5bedad ja \u00f5hulised pallid, mis on kastetud pehmetesse \u0161okolaadidesse.\u00a0<\/strong><\/p>\n<ul>\n<li>Eepiline maitse<\/li>\n<li>Gluteenivaba<\/li>\n<li>26% valgu sisaldus<\/li>\n<li>Kr\u00f5bedad pahvid<\/li>\n<li><strong>10 g valku paki kohta<\/strong><\/li>\n<\/ul>\n<p><b>Koostisosad: <\/b><b>Magusainega\u00a0<\/b>\u00a0piima\u0161okolaadikate (magusaine: maltitool E965, kakaov\u00f5i, t\u00e4ispiimapulber\u00a0\u00a0<b>,\u00a0<\/b>\u00a0kakaomass, emulgaator:\u00a0\u00a0<b>sojaletsitiin\u00a0<\/b>\u00a0E322, looduslik vanilje maitseaine);\u00a0\u00a0<b>sojapuksid\u00a0<\/b>\u00a0(\u00a0<b>sojavalk\u00a0<\/b>\u00a0, riisit\u00e4rklis, riisijahu, suhkur, paakumisvastane aine: kaltsiumkarbonaat E170).\u00a0<b>Allergeenid:\u00a0<\/b>\u00a0Sisaldab\u00a0\u00a0<b>piima\u00a0<\/b>\u00a0ja\u00a0\u00a0<b>soja\u00a0<\/b>\u00a0(vt paksus kirjas). Toodetud seadmetel, mis t\u00f6\u00f6tlevad gluteeni ja p\u00e4hkleid.\u00a0<b>M\u00e4rkus:\u00a0<\/b>\u00a0Sisaldab pol\u00fcoole (&gt;10%: liigne tarbimine v\u00f5ib avaldada lahtistavat toimet). Hoida jahedas kuivas kohas (15-22\u00b0C). Parim enne l\u00f5ppu: vaata tr\u00fckist. P\u00e4rast avamist kasutage kiiresti \u00e4ra. Hoida eemal otsesest kuumusest ja valgusest.\u00a0<b><\/b><b><\/b><b><\/b><b><\/b><b><\/b><br \/>\n<b><\/b><b><\/b><b><\/b><br \/>\n<b><\/b><\/p>\n<p><strong>Kasutamine<\/strong>: Tarbi vastavalt vajadusele.<\/p>\n<p><strong>Suurus<\/strong>: 38g<\/p>\n<div class=\"scrollable-wrapper\">\n<table id=\"table1\">\n<tbody>\n<tr>\n<td>Toitumisalane teave<\/td>\n<td>\/100g<\/td>\n<td>\/38g<\/td>\n<\/tr>\n<tr>\n<td>Energia<\/td>\n<td>1821 KJ \/ 436 KCAL<\/td>\n<td>692 KJ \/ 166 KCAL<\/td>\n<\/tr>\n<tr>\n<td>Paks<\/td>\n<td>22 g<\/td>\n<td>8,4 g<\/td>\n<\/tr>\n<tr>\n<td>millest k\u00fcllastunud<\/td>\n<td>13 g<\/td>\n<td>4,9 g<\/td>\n<\/tr>\n<tr>\n<td>Trans-rasv<\/td>\n<td>0 g<\/td>\n<td>0 g<\/td>\n<\/tr>\n<tr>\n<td>S\u00fcsivesikuid<\/td>\n<td>43 g<\/td>\n<td>16,3 g<\/td>\n<\/tr>\n<tr>\n<td>millest suhkrud<\/td>\n<td>9,5 g<\/td>\n<td>3,6 g<\/td>\n<\/tr>\n<tr>\n<td>millest pol\u00fcoolid<\/td>\n<td>27 g<\/td>\n<td>10,3 g<\/td>\n<\/tr>\n<tr>\n<td>Fiber<\/td>\n<td>2 g<\/td>\n<td>0,8 g<\/td>\n<\/tr>\n<tr>\n<td>Valk<\/td>\n<td>26,4 g<\/td>\n<td>10 g<\/td>\n<\/tr>\n<tr>\n<td>soola<\/td>\n<td>0,8 g<\/td>\n<td>0,3 g<\/td>\n<\/tr>\n<\/tbody>\n<\/table>\n<\/div>\n<p>Vaata ka meie teisi tervislikke Sn\u00e4kke\u00a0<a href=\"https:\/\/fit360.ee\/en\/product-category\/product-groups\/protein-bars-and-snacks\/\"><strong>SIIT<\/strong><\/a>!<\/p>\n","protected":false},"excerpt":{"rendered":"<ul>\n<li>Eepiline maitse<\/li>\n<li>Gluteenivaba<\/li>\n<li>26% valgu sisaldus<\/li>\n<li>Kr\u00f5bedad pahvid<\/li>\n<li><strong>10 g valku paki kohta<\/strong><\/li>\n<\/ul>\n","protected":false},"featured_media":81451,"comment_status":"open","ping_status":"closed","template":"","meta":[],"product_brand":[],"product_cat":[5059,534,535],"product_tag":[5067,5071],"giftcard-category":[],"class_list":{"0":"post-81454","1":"product","2":"type-product","3":"status-publish","4":"has-post-thumbnail","6":"product_cat-nano-supps-en","7":"product_cat-protein-bars-and-snacks","8":"product_cat-protein-poweders-en","9":"product_tag-nano-supps-en","10":"product_tag-protein-pops-en","11":"pa_maitse-chocolate","12":"pa_maitse-white-chocolate-en","14":"first","15":"outofstock","16":"sale","17":"taxable","18":"shipping-taxable","19":"purchasable","20":"product-type-variable"},"yoast_head":"<!-- This site is optimized with the Yoast SEO plugin v27.3 - https:\/\/yoast.com\/product\/yoast-seo-wordpress\/ -->\n<title>Nano Protein Pops (38g) - Proteiini maius - Kiire Tarne - \u00dclim Maitse - Fit360<\/title>\n<meta name=\"description\" content=\"Protein Pops on \u0161okolaadine r\u00f5\u00f5m, millel on kerged, kr\u00f5bedad ja \u00f5hulised pallid, mis on kastetud pehmetesse \u0161okolaadidesse.\u00a026% valku!\" \/>\n<meta name=\"robots\" content=\"index, follow, max-snippet:-1, max-image-preview:large, max-video-preview:-1\" \/>\n<link rel=\"canonical\" href=\"https:\/\/fit360.ee\/en\/pood\/product-groups\/protein-bars-and-snacks\/nano-protein-pops-38g\/\" \/>\n<meta property=\"og:locale\" content=\"en_US\" \/>\n<meta property=\"og:type\" content=\"article\" \/>\n<meta property=\"og:title\" content=\"Nano Protein Pops (38g) - Proteiini maius - Kiire Tarne - \u00dclim Maitse - Fit360\" \/>\n<meta property=\"og:description\" content=\"Protein Pops on \u0161okolaadine r\u00f5\u00f5m, millel on kerged, kr\u00f5bedad ja \u00f5hulised pallid, mis on kastetud pehmetesse \u0161okolaadidesse.\u00a026% valku!\" \/>\n<meta property=\"og:url\" content=\"https:\/\/fit360.ee\/en\/pood\/product-groups\/protein-bars-and-snacks\/nano-protein-pops-38g\/\" \/>\n<meta property=\"og:site_name\" content=\"Fit360\" \/>\n<meta property=\"article:modified_time\" content=\"2025-08-13T05:39:37+00:00\" \/>\n<meta property=\"og:image\" content=\"https:\/\/fit360.ee\/wp-content\/uploads\/2024\/07\/protein-pops-fit360.ee_.jpeg\" \/>\n\t<meta property=\"og:image:width\" content=\"581\" \/>\n\t<meta property=\"og:image:height\" content=\"581\" \/>\n\t<meta property=\"og:image:type\" content=\"image\/jpeg\" \/>\n<meta name=\"twitter:card\" content=\"summary_large_image\" \/>\n<meta name=\"twitter:label1\" content=\"Est. reading time\" \/>\n\t<meta name=\"twitter:data1\" content=\"2 minutes\" \/>\n<script type=\"application\/ld+json\" class=\"yoast-schema-graph\">{\"@context\":\"https:\\\/\\\/schema.org\",\"@graph\":[{\"@type\":\"WebPage\",\"@id\":\"https:\\\/\\\/fit360.ee\\\/en\\\/pood\\\/product-groups\\\/protein-bars-and-snacks\\\/nano-protein-pops-38g\\\/\",\"url\":\"https:\\\/\\\/fit360.ee\\\/en\\\/pood\\\/product-groups\\\/protein-bars-and-snacks\\\/nano-protein-pops-38g\\\/\",\"name\":\"Nano Protein Pops (38g) - Proteiini maius - Kiire Tarne - \u00dclim Maitse - Fit360\",\"isPartOf\":{\"@id\":\"https:\\\/\\\/fit360.ee\\\/en\\\/#website\"},\"primaryImageOfPage\":{\"@id\":\"https:\\\/\\\/fit360.ee\\\/en\\\/pood\\\/product-groups\\\/protein-bars-and-snacks\\\/nano-protein-pops-38g\\\/#primaryimage\"},\"image\":{\"@id\":\"https:\\\/\\\/fit360.ee\\\/en\\\/pood\\\/product-groups\\\/protein-bars-and-snacks\\\/nano-protein-pops-38g\\\/#primaryimage\"},\"thumbnailUrl\":\"https:\\\/\\\/fit360.ee\\\/wp-content\\\/uploads\\\/2024\\\/07\\\/protein-pops-fit360.ee_.jpeg\",\"datePublished\":\"2024-07-18T08:29:35+00:00\",\"dateModified\":\"2025-08-13T05:39:37+00:00\",\"description\":\"Protein Pops on \u0161okolaadine r\u00f5\u00f5m, millel on kerged, kr\u00f5bedad ja \u00f5hulised pallid, mis on kastetud pehmetesse \u0161okolaadidesse.\u00a026% valku!\",\"breadcrumb\":{\"@id\":\"https:\\\/\\\/fit360.ee\\\/en\\\/pood\\\/product-groups\\\/protein-bars-and-snacks\\\/nano-protein-pops-38g\\\/#breadcrumb\"},\"inLanguage\":\"en-US\",\"potentialAction\":[{\"@type\":\"ReadAction\",\"target\":[\"https:\\\/\\\/fit360.ee\\\/en\\\/pood\\\/product-groups\\\/protein-bars-and-snacks\\\/nano-protein-pops-38g\\\/\"]}]},{\"@type\":\"ImageObject\",\"inLanguage\":\"en-US\",\"@id\":\"https:\\\/\\\/fit360.ee\\\/en\\\/pood\\\/product-groups\\\/protein-bars-and-snacks\\\/nano-protein-pops-38g\\\/#primaryimage\",\"url\":\"https:\\\/\\\/fit360.ee\\\/wp-content\\\/uploads\\\/2024\\\/07\\\/protein-pops-fit360.ee_.jpeg\",\"contentUrl\":\"https:\\\/\\\/fit360.ee\\\/wp-content\\\/uploads\\\/2024\\\/07\\\/protein-pops-fit360.ee_.jpeg\",\"width\":581,\"height\":581,\"caption\":\"protein pops - fit360.ee\"},{\"@type\":\"BreadcrumbList\",\"@id\":\"https:\\\/\\\/fit360.ee\\\/en\\\/pood\\\/product-groups\\\/protein-bars-and-snacks\\\/nano-protein-pops-38g\\\/#breadcrumb\",\"itemListElement\":[{\"@type\":\"ListItem\",\"position\":1,\"name\":\"Home\",\"item\":\"https:\\\/\\\/fit360.ee\\\/en\\\/\"},{\"@type\":\"ListItem\",\"position\":2,\"name\":\"Shop\",\"item\":\"https:\\\/\\\/fit360.ee\\\/en\\\/shop\\\/\"},{\"@type\":\"ListItem\",\"position\":3,\"name\":\"Nano Protein Pops (38g)\"}]},{\"@type\":\"WebSite\",\"@id\":\"https:\\\/\\\/fit360.ee\\\/en\\\/#website\",\"url\":\"https:\\\/\\\/fit360.ee\\\/en\\\/\",\"name\":\"Fit360\",\"description\":\"\",\"publisher\":{\"@id\":\"https:\\\/\\\/fit360.ee\\\/en\\\/#organization\"},\"potentialAction\":[{\"@type\":\"SearchAction\",\"target\":{\"@type\":\"EntryPoint\",\"urlTemplate\":\"https:\\\/\\\/fit360.ee\\\/en\\\/?s={search_term_string}\"},\"query-input\":{\"@type\":\"PropertyValueSpecification\",\"valueRequired\":true,\"valueName\":\"search_term_string\"}}],\"inLanguage\":\"en-US\"},{\"@type\":\"Organization\",\"@id\":\"https:\\\/\\\/fit360.ee\\\/en\\\/#organization\",\"name\":\"Fit360\",\"url\":\"https:\\\/\\\/fit360.ee\\\/en\\\/\",\"logo\":{\"@type\":\"ImageObject\",\"inLanguage\":\"en-US\",\"@id\":\"https:\\\/\\\/fit360.ee\\\/en\\\/#\\\/schema\\\/logo\\\/image\\\/\",\"url\":\"https:\\\/\\\/fit360.ee\\\/wp-content\\\/uploads\\\/2017\\\/01\\\/logo-fit360.png\",\"contentUrl\":\"https:\\\/\\\/fit360.ee\\\/wp-content\\\/uploads\\\/2017\\\/01\\\/logo-fit360.png\",\"width\":180,\"height\":66,\"caption\":\"Fit360\"},\"image\":{\"@id\":\"https:\\\/\\\/fit360.ee\\\/en\\\/#\\\/schema\\\/logo\\\/image\\\/\"}}]}<\/script>\n<!-- \/ Yoast SEO plugin. -->","yoast_head_json":{"title":"Nano Protein Pops (38g) - Proteiini maius - Kiire Tarne - \u00dclim Maitse - Fit360","description":"Protein Pops on \u0161okolaadine r\u00f5\u00f5m, millel on kerged, kr\u00f5bedad ja \u00f5hulised pallid, mis on kastetud pehmetesse \u0161okolaadidesse.\u00a026% valku!","robots":{"index":"index","follow":"follow","max-snippet":"max-snippet:-1","max-image-preview":"max-image-preview:large","max-video-preview":"max-video-preview:-1"},"canonical":"https:\/\/fit360.ee\/en\/pood\/product-groups\/protein-bars-and-snacks\/nano-protein-pops-38g\/","og_locale":"en_US","og_type":"article","og_title":"Nano Protein Pops (38g) - Proteiini maius - Kiire Tarne - \u00dclim Maitse - Fit360","og_description":"Protein Pops on \u0161okolaadine r\u00f5\u00f5m, millel on kerged, kr\u00f5bedad ja \u00f5hulised pallid, mis on kastetud pehmetesse \u0161okolaadidesse.\u00a026% valku!","og_url":"https:\/\/fit360.ee\/en\/pood\/product-groups\/protein-bars-and-snacks\/nano-protein-pops-38g\/","og_site_name":"Fit360","article_modified_time":"2025-08-13T05:39:37+00:00","og_image":[{"width":581,"height":581,"url":"https:\/\/fit360.ee\/wp-content\/uploads\/2024\/07\/protein-pops-fit360.ee_.jpeg","type":"image\/jpeg"}],"twitter_card":"summary_large_image","twitter_misc":{"Est. reading time":"2 minutes"},"schema":{"@context":"https:\/\/schema.org","@graph":[{"@type":"WebPage","@id":"https:\/\/fit360.ee\/en\/pood\/product-groups\/protein-bars-and-snacks\/nano-protein-pops-38g\/","url":"https:\/\/fit360.ee\/en\/pood\/product-groups\/protein-bars-and-snacks\/nano-protein-pops-38g\/","name":"Nano Protein Pops (38g) - Proteiini maius - Kiire Tarne - \u00dclim Maitse - Fit360","isPartOf":{"@id":"https:\/\/fit360.ee\/en\/#website"},"primaryImageOfPage":{"@id":"https:\/\/fit360.ee\/en\/pood\/product-groups\/protein-bars-and-snacks\/nano-protein-pops-38g\/#primaryimage"},"image":{"@id":"https:\/\/fit360.ee\/en\/pood\/product-groups\/protein-bars-and-snacks\/nano-protein-pops-38g\/#primaryimage"},"thumbnailUrl":"https:\/\/fit360.ee\/wp-content\/uploads\/2024\/07\/protein-pops-fit360.ee_.jpeg","datePublished":"2024-07-18T08:29:35+00:00","dateModified":"2025-08-13T05:39:37+00:00","description":"Protein Pops on \u0161okolaadine r\u00f5\u00f5m, millel on kerged, kr\u00f5bedad ja \u00f5hulised pallid, mis on kastetud pehmetesse \u0161okolaadidesse.\u00a026% valku!","breadcrumb":{"@id":"https:\/\/fit360.ee\/en\/pood\/product-groups\/protein-bars-and-snacks\/nano-protein-pops-38g\/#breadcrumb"},"inLanguage":"en-US","potentialAction":[{"@type":"ReadAction","target":["https:\/\/fit360.ee\/en\/pood\/product-groups\/protein-bars-and-snacks\/nano-protein-pops-38g\/"]}]},{"@type":"ImageObject","inLanguage":"en-US","@id":"https:\/\/fit360.ee\/en\/pood\/product-groups\/protein-bars-and-snacks\/nano-protein-pops-38g\/#primaryimage","url":"https:\/\/fit360.ee\/wp-content\/uploads\/2024\/07\/protein-pops-fit360.ee_.jpeg","contentUrl":"https:\/\/fit360.ee\/wp-content\/uploads\/2024\/07\/protein-pops-fit360.ee_.jpeg","width":581,"height":581,"caption":"protein pops - fit360.ee"},{"@type":"BreadcrumbList","@id":"https:\/\/fit360.ee\/en\/pood\/product-groups\/protein-bars-and-snacks\/nano-protein-pops-38g\/#breadcrumb","itemListElement":[{"@type":"ListItem","position":1,"name":"Home","item":"https:\/\/fit360.ee\/en\/"},{"@type":"ListItem","position":2,"name":"Shop","item":"https:\/\/fit360.ee\/en\/shop\/"},{"@type":"ListItem","position":3,"name":"Nano Protein Pops (38g)"}]},{"@type":"WebSite","@id":"https:\/\/fit360.ee\/en\/#website","url":"https:\/\/fit360.ee\/en\/","name":"Fit360","description":"","publisher":{"@id":"https:\/\/fit360.ee\/en\/#organization"},"potentialAction":[{"@type":"SearchAction","target":{"@type":"EntryPoint","urlTemplate":"https:\/\/fit360.ee\/en\/?s={search_term_string}"},"query-input":{"@type":"PropertyValueSpecification","valueRequired":true,"valueName":"search_term_string"}}],"inLanguage":"en-US"},{"@type":"Organization","@id":"https:\/\/fit360.ee\/en\/#organization","name":"Fit360","url":"https:\/\/fit360.ee\/en\/","logo":{"@type":"ImageObject","inLanguage":"en-US","@id":"https:\/\/fit360.ee\/en\/#\/schema\/logo\/image\/","url":"https:\/\/fit360.ee\/wp-content\/uploads\/2017\/01\/logo-fit360.png","contentUrl":"https:\/\/fit360.ee\/wp-content\/uploads\/2017\/01\/logo-fit360.png","width":180,"height":66,"caption":"Fit360"},"image":{"@id":"https:\/\/fit360.ee\/en\/#\/schema\/logo\/image\/"}}]}},"_links":{"self":[{"href":"https:\/\/fit360.ee\/en\/wp-json\/wp\/v2\/product\/81454","targetHints":{"allow":["GET"]}}],"collection":[{"href":"https:\/\/fit360.ee\/en\/wp-json\/wp\/v2\/product"}],"about":[{"href":"https:\/\/fit360.ee\/en\/wp-json\/wp\/v2\/types\/product"}],"replies":[{"embeddable":true,"href":"https:\/\/fit360.ee\/en\/wp-json\/wp\/v2\/comments?post=81454"}],"wp:featuredmedia":[{"embeddable":true,"href":"https:\/\/fit360.ee\/en\/wp-json\/wp\/v2\/media\/81451"}],"wp:attachment":[{"href":"https:\/\/fit360.ee\/en\/wp-json\/wp\/v2\/media?parent=81454"}],"wp:term":[{"taxonomy":"product_brand","embeddable":true,"href":"https:\/\/fit360.ee\/en\/wp-json\/wp\/v2\/product_brand?post=81454"},{"taxonomy":"product_cat","embeddable":true,"href":"https:\/\/fit360.ee\/en\/wp-json\/wp\/v2\/product_cat?post=81454"},{"taxonomy":"product_tag","embeddable":true,"href":"https:\/\/fit360.ee\/en\/wp-json\/wp\/v2\/product_tag?post=81454"},{"taxonomy":"giftcard-category","embeddable":true,"href":"https:\/\/fit360.ee\/en\/wp-json\/wp\/v2\/giftcard-category?post=81454"}],"curies":[{"name":"wp","href":"https:\/\/api.w.org\/{rel}","templated":true}]}}