{"id":81496,"date":"2024-07-19T09:44:37","date_gmt":"2024-07-19T07:44:37","guid":{"rendered":"https:\/\/fit360.ee\/pood\/uncategorized\/nano-protein-wraps-240g\/"},"modified":"2025-08-13T07:36:16","modified_gmt":"2025-08-13T05:36:16","slug":"nano-protein-wraps-240g","status":"publish","type":"product","link":"https:\/\/fit360.ee\/en\/pood\/product-groups\/protein-bars-and-snacks\/nano-protein-wraps-240g\/","title":{"rendered":"Nano Protein Wraps (240g)"},"content":{"rendered":"<h2><strong>Protein Wraps\u00a0<\/strong><\/h2>\n<p>Esmapilgul traditsiooniline Tortilla, aga tegelikult valgurikas ja s\u00fcsivesikutevaene <strong>Protein Wraps<\/strong>!<\/p>\n<p>Meie uued Protein Wraps pole mitte ainult \u00fclimaitsvad, vaid ka dieedile igati sobivad! Kas teil on taas tuju wrapiks? V\u00f5i m\u00f5neks maitsvaks magustoiduks? Olgu siis pitsap\u00f5hja, burrito, quesedilla, lasanje, hot dogi, kebabi, v\u00f5ileiva v\u00f5i magustoiduna. Pole probleemi, me pakume teile ideaalse proteiini rikka <em>Wrapi<\/em>! Ainult 4,4 grammi s\u00fcsivesikuid \u00fche <em>wrapi<\/em> kohta, 8,8 grammi valku ja ainult 5,2 grammi rasva.<\/p>\n<ul>\n<li>22% valku<\/li>\n<li>10g kiduaineid<\/li>\n<li>madala s\u00fcsivesiku sisaldusega<\/li>\n<li>0g transrasva<\/li>\n<li>GMO vaba<\/li>\n<\/ul>\n<p><strong>Koostisosad<\/strong>: Vesi,\u00a0<b>nisugluteen<\/b>\u00a0,\u00a0nisukiud,\u00a0<b>nisujahu<\/b>\u00a0, modifitseeritud\u00a0<b>nisut\u00e4rklis ,\u00a0<\/b><b>palmirasv<\/b>\u00a0, emulgaator (rasvhapete mono- ja digl\u00fctseriidid), sool, hapestajad (\u00f5unhape, sidrunhape), kergitusaine (naatriumvesinikkarbonaat, naatriump\u00fcrofosfaat) , s\u00e4ilitusained (kaaliumsorbaat, kaltsiumpropionaat), stabilisaator (guarkummi), mitteaktiivne p\u00e4rm.\u00a0<b>Allergeenid:<\/b> allergeenide kohta vaadake koostisosi paksus kirjas. ** See toode sisaldab 70% v\u00e4hem s\u00fcsivesikuid kui tavalised wrapid.<\/p>\n<p>Kasutamine: Tarbi vastavalt vajadusele:<\/p>\n<p><strong>Suurus<\/strong>: 6 x 40g &#8211; 240g<\/p>\n<div id=\"tab-ingredients\" class=\"tab-pane product-section\">\n<table>\n<thead>\n<tr>\n<th>Portsjoni kohta<\/th>\n<th>40 g<\/th>\n<th>%SPK*<\/th>\n<\/tr>\n<\/thead>\n<tbody>\n<tr>\n<td data-label=\"Valore per 40g\">Energeetiline v\u00e4\u00e4rtus<\/td>\n<td data-label=\"\">123 kcal<\/td>\n<td data-label=\"% AR\">6%<\/td>\n<\/tr>\n<tr>\n<td data-label=\"Valore per 40g\">Rasvad<\/td>\n<td data-label=\"\">5,2 g<\/td>\n<td data-label=\"% AR\">7%<\/td>\n<\/tr>\n<tr>\n<td data-label=\"Valore per 40g\">K\u00fcllastunud rasvhapped<\/td>\n<td data-label=\"\">2,4 g<\/td>\n<td data-label=\"% AR\">12%<\/td>\n<\/tr>\n<tr>\n<td data-label=\"Valore per 40g\">S\u00fcsivesikud<\/td>\n<td data-label=\"\">4,4 g<\/td>\n<td data-label=\"% AR\">1%<\/td>\n<\/tr>\n<tr>\n<td data-label=\"Valore per 40g\">Suhkur<\/td>\n<td data-label=\"\">0,3 g<\/td>\n<td data-label=\"% AR\">&#8211;<\/td>\n<\/tr>\n<tr>\n<td data-label=\"Valore per 40g\">Kiudained<\/td>\n<td data-label=\"\">10 g<\/td>\n<td data-label=\"% AR\">&#8211;<\/td>\n<\/tr>\n<tr>\n<td data-label=\"Valore per 40g\">Valgud<\/td>\n<td data-label=\"\">8,8 g<\/td>\n<td data-label=\"% AR\">17%<\/td>\n<\/tr>\n<tr>\n<td data-label=\"Valore per 40g\">soola<\/td>\n<td data-label=\"\">0,68 g<\/td>\n<td data-label=\"% AR\">11%<\/td>\n<\/tr>\n<\/tbody>\n<\/table>\n<\/div>\n<div class=\"clear\"><\/div>\n<div id=\"tab-review\" class=\"tab-pane product-reviews product-section\">\n<form class=\"form-horizontal\">\n<div class=\"reviews__top\">\n<div class=\"section-title review\">*SPK &#8211; Soovitatud p\u00e4evane kogus.<\/div>\n<div><\/div>\n<\/div>\n<\/form>\n<\/div>\n<p>Vaata ka meie teisi Proteiini vahepalasid <a href=\"https:\/\/fit360.ee\/en\/product-category\/product-groups\/protein-bars-and-snacks\/\"><strong>SIIT<\/strong><\/a>!<\/p>\n<p>Soovid kaupa osta suuremas koguses? Vaata antud toodet ka meie HULGI poest\u00a0<a href=\"https:\/\/toidulisandidhulgi.ee\/tooted\/nano-protein-wraps-240g\/\"><strong>SIIT<\/strong><\/a>!<\/p>\n","protected":false},"excerpt":{"rendered":"<ul>\n<li>22% valku<\/li>\n<li>10g kiduaineid<\/li>\n<li>madala s\u00fcsivesiku sisaldusega<\/li>\n<li>0g transrasva<\/li>\n<li>GMO vaba<\/li>\n<\/ul>\n","protected":false},"featured_media":81494,"comment_status":"open","ping_status":"closed","template":"","meta":[],"product_brand":[],"product_cat":[5059,534,535],"product_tag":[5078,5067,5079],"giftcard-category":[],"class_list":{"0":"post-81496","1":"product","2":"type-product","3":"status-publish","4":"has-post-thumbnail","6":"product_cat-nano-supps-en","7":"product_cat-protein-bars-and-snacks","8":"product_cat-protein-poweders-en","9":"product_tag-nano-protein-wraps-en","10":"product_tag-nano-supps-en","11":"product_tag-protein-wraps-en","12":"pa_kogus-240g-en","13":"pa_toidulisand-branddd-nano-supps","14":"pa_tootegruppp-protein","15":"pa_tootegruppp-snacks","17":"first","18":"outofstock","19":"sale","20":"taxable","21":"shipping-taxable","22":"purchasable","23":"product-type-simple"},"yoast_head":"<!-- This site is optimized with the Yoast SEO plugin v27.3 - https:\/\/yoast.com\/product\/yoast-seo-wordpress\/ -->\n<title>Nano Protein Wraps (240g) - Valgurikas vahepala - Kiire Tarne - Fit360<\/title>\n<meta name=\"description\" content=\"Meie uued Protein Wraps pole mitte ainult \u00fclimaitsvad, vaid ka dieedile igati sobivad! Esmapilgul traditsiooniline Tortilla, aga tegelikult valgurikas ja..\" \/>\n<meta name=\"robots\" content=\"index, follow, max-snippet:-1, max-image-preview:large, max-video-preview:-1\" \/>\n<link rel=\"canonical\" href=\"https:\/\/fit360.ee\/en\/pood\/product-groups\/protein-bars-and-snacks\/nano-protein-wraps-240g\/\" \/>\n<meta property=\"og:locale\" content=\"en_US\" \/>\n<meta property=\"og:type\" content=\"article\" \/>\n<meta property=\"og:title\" content=\"Nano Protein Wraps (240g) - Valgurikas vahepala - Kiire Tarne - Fit360\" \/>\n<meta property=\"og:description\" content=\"Meie uued Protein Wraps pole mitte ainult \u00fclimaitsvad, vaid ka dieedile igati sobivad! Esmapilgul traditsiooniline Tortilla, aga tegelikult valgurikas ja..\" \/>\n<meta property=\"og:url\" content=\"https:\/\/fit360.ee\/en\/pood\/product-groups\/protein-bars-and-snacks\/nano-protein-wraps-240g\/\" \/>\n<meta property=\"og:site_name\" content=\"Fit360\" \/>\n<meta property=\"article:modified_time\" content=\"2025-08-13T05:36:16+00:00\" \/>\n<meta property=\"og:image\" content=\"https:\/\/fit360.ee\/wp-content\/uploads\/2024\/07\/nano-protein-wraps-fit360.ee_.jpeg\" \/>\n\t<meta property=\"og:image:width\" content=\"581\" \/>\n\t<meta property=\"og:image:height\" content=\"581\" \/>\n\t<meta property=\"og:image:type\" content=\"image\/jpeg\" \/>\n<meta name=\"twitter:card\" content=\"summary_large_image\" \/>\n<meta name=\"twitter:label1\" content=\"Est. reading time\" \/>\n\t<meta name=\"twitter:data1\" content=\"2 minutes\" \/>\n<script type=\"application\/ld+json\" class=\"yoast-schema-graph\">{\"@context\":\"https:\\\/\\\/schema.org\",\"@graph\":[{\"@type\":\"WebPage\",\"@id\":\"https:\\\/\\\/fit360.ee\\\/en\\\/pood\\\/product-groups\\\/protein-bars-and-snacks\\\/nano-protein-wraps-240g\\\/\",\"url\":\"https:\\\/\\\/fit360.ee\\\/en\\\/pood\\\/product-groups\\\/protein-bars-and-snacks\\\/nano-protein-wraps-240g\\\/\",\"name\":\"Nano Protein Wraps (240g) - Valgurikas vahepala - Kiire Tarne - Fit360\",\"isPartOf\":{\"@id\":\"https:\\\/\\\/fit360.ee\\\/en\\\/#website\"},\"primaryImageOfPage\":{\"@id\":\"https:\\\/\\\/fit360.ee\\\/en\\\/pood\\\/product-groups\\\/protein-bars-and-snacks\\\/nano-protein-wraps-240g\\\/#primaryimage\"},\"image\":{\"@id\":\"https:\\\/\\\/fit360.ee\\\/en\\\/pood\\\/product-groups\\\/protein-bars-and-snacks\\\/nano-protein-wraps-240g\\\/#primaryimage\"},\"thumbnailUrl\":\"https:\\\/\\\/fit360.ee\\\/wp-content\\\/uploads\\\/2024\\\/07\\\/nano-protein-wraps-fit360.ee_.jpeg\",\"datePublished\":\"2024-07-19T07:44:37+00:00\",\"dateModified\":\"2025-08-13T05:36:16+00:00\",\"description\":\"Meie uued Protein Wraps pole mitte ainult \u00fclimaitsvad, vaid ka dieedile igati sobivad! Esmapilgul traditsiooniline Tortilla, aga tegelikult valgurikas ja..\",\"breadcrumb\":{\"@id\":\"https:\\\/\\\/fit360.ee\\\/en\\\/pood\\\/product-groups\\\/protein-bars-and-snacks\\\/nano-protein-wraps-240g\\\/#breadcrumb\"},\"inLanguage\":\"en-US\",\"potentialAction\":[{\"@type\":\"ReadAction\",\"target\":[\"https:\\\/\\\/fit360.ee\\\/en\\\/pood\\\/product-groups\\\/protein-bars-and-snacks\\\/nano-protein-wraps-240g\\\/\"]}]},{\"@type\":\"ImageObject\",\"inLanguage\":\"en-US\",\"@id\":\"https:\\\/\\\/fit360.ee\\\/en\\\/pood\\\/product-groups\\\/protein-bars-and-snacks\\\/nano-protein-wraps-240g\\\/#primaryimage\",\"url\":\"https:\\\/\\\/fit360.ee\\\/wp-content\\\/uploads\\\/2024\\\/07\\\/nano-protein-wraps-fit360.ee_.jpeg\",\"contentUrl\":\"https:\\\/\\\/fit360.ee\\\/wp-content\\\/uploads\\\/2024\\\/07\\\/nano-protein-wraps-fit360.ee_.jpeg\",\"width\":581,\"height\":581,\"caption\":\"nano protein wraps - fit360.ee\"},{\"@type\":\"BreadcrumbList\",\"@id\":\"https:\\\/\\\/fit360.ee\\\/en\\\/pood\\\/product-groups\\\/protein-bars-and-snacks\\\/nano-protein-wraps-240g\\\/#breadcrumb\",\"itemListElement\":[{\"@type\":\"ListItem\",\"position\":1,\"name\":\"Home\",\"item\":\"https:\\\/\\\/fit360.ee\\\/en\\\/\"},{\"@type\":\"ListItem\",\"position\":2,\"name\":\"Shop\",\"item\":\"https:\\\/\\\/fit360.ee\\\/en\\\/shop\\\/\"},{\"@type\":\"ListItem\",\"position\":3,\"name\":\"Nano Protein Wraps (240g)\"}]},{\"@type\":\"WebSite\",\"@id\":\"https:\\\/\\\/fit360.ee\\\/en\\\/#website\",\"url\":\"https:\\\/\\\/fit360.ee\\\/en\\\/\",\"name\":\"Fit360\",\"description\":\"\",\"publisher\":{\"@id\":\"https:\\\/\\\/fit360.ee\\\/en\\\/#organization\"},\"potentialAction\":[{\"@type\":\"SearchAction\",\"target\":{\"@type\":\"EntryPoint\",\"urlTemplate\":\"https:\\\/\\\/fit360.ee\\\/en\\\/?s={search_term_string}\"},\"query-input\":{\"@type\":\"PropertyValueSpecification\",\"valueRequired\":true,\"valueName\":\"search_term_string\"}}],\"inLanguage\":\"en-US\"},{\"@type\":\"Organization\",\"@id\":\"https:\\\/\\\/fit360.ee\\\/en\\\/#organization\",\"name\":\"Fit360\",\"url\":\"https:\\\/\\\/fit360.ee\\\/en\\\/\",\"logo\":{\"@type\":\"ImageObject\",\"inLanguage\":\"en-US\",\"@id\":\"https:\\\/\\\/fit360.ee\\\/en\\\/#\\\/schema\\\/logo\\\/image\\\/\",\"url\":\"https:\\\/\\\/fit360.ee\\\/wp-content\\\/uploads\\\/2017\\\/01\\\/logo-fit360.png\",\"contentUrl\":\"https:\\\/\\\/fit360.ee\\\/wp-content\\\/uploads\\\/2017\\\/01\\\/logo-fit360.png\",\"width\":180,\"height\":66,\"caption\":\"Fit360\"},\"image\":{\"@id\":\"https:\\\/\\\/fit360.ee\\\/en\\\/#\\\/schema\\\/logo\\\/image\\\/\"}}]}<\/script>\n<!-- \/ Yoast SEO plugin. -->","yoast_head_json":{"title":"Nano Protein Wraps (240g) - Valgurikas vahepala - Kiire Tarne - Fit360","description":"Meie uued Protein Wraps pole mitte ainult \u00fclimaitsvad, vaid ka dieedile igati sobivad! Esmapilgul traditsiooniline Tortilla, aga tegelikult valgurikas ja..","robots":{"index":"index","follow":"follow","max-snippet":"max-snippet:-1","max-image-preview":"max-image-preview:large","max-video-preview":"max-video-preview:-1"},"canonical":"https:\/\/fit360.ee\/en\/pood\/product-groups\/protein-bars-and-snacks\/nano-protein-wraps-240g\/","og_locale":"en_US","og_type":"article","og_title":"Nano Protein Wraps (240g) - Valgurikas vahepala - Kiire Tarne - Fit360","og_description":"Meie uued Protein Wraps pole mitte ainult \u00fclimaitsvad, vaid ka dieedile igati sobivad! Esmapilgul traditsiooniline Tortilla, aga tegelikult valgurikas ja..","og_url":"https:\/\/fit360.ee\/en\/pood\/product-groups\/protein-bars-and-snacks\/nano-protein-wraps-240g\/","og_site_name":"Fit360","article_modified_time":"2025-08-13T05:36:16+00:00","og_image":[{"width":581,"height":581,"url":"https:\/\/fit360.ee\/wp-content\/uploads\/2024\/07\/nano-protein-wraps-fit360.ee_.jpeg","type":"image\/jpeg"}],"twitter_card":"summary_large_image","twitter_misc":{"Est. reading time":"2 minutes"},"schema":{"@context":"https:\/\/schema.org","@graph":[{"@type":"WebPage","@id":"https:\/\/fit360.ee\/en\/pood\/product-groups\/protein-bars-and-snacks\/nano-protein-wraps-240g\/","url":"https:\/\/fit360.ee\/en\/pood\/product-groups\/protein-bars-and-snacks\/nano-protein-wraps-240g\/","name":"Nano Protein Wraps (240g) - Valgurikas vahepala - Kiire Tarne - Fit360","isPartOf":{"@id":"https:\/\/fit360.ee\/en\/#website"},"primaryImageOfPage":{"@id":"https:\/\/fit360.ee\/en\/pood\/product-groups\/protein-bars-and-snacks\/nano-protein-wraps-240g\/#primaryimage"},"image":{"@id":"https:\/\/fit360.ee\/en\/pood\/product-groups\/protein-bars-and-snacks\/nano-protein-wraps-240g\/#primaryimage"},"thumbnailUrl":"https:\/\/fit360.ee\/wp-content\/uploads\/2024\/07\/nano-protein-wraps-fit360.ee_.jpeg","datePublished":"2024-07-19T07:44:37+00:00","dateModified":"2025-08-13T05:36:16+00:00","description":"Meie uued Protein Wraps pole mitte ainult \u00fclimaitsvad, vaid ka dieedile igati sobivad! Esmapilgul traditsiooniline Tortilla, aga tegelikult valgurikas ja..","breadcrumb":{"@id":"https:\/\/fit360.ee\/en\/pood\/product-groups\/protein-bars-and-snacks\/nano-protein-wraps-240g\/#breadcrumb"},"inLanguage":"en-US","potentialAction":[{"@type":"ReadAction","target":["https:\/\/fit360.ee\/en\/pood\/product-groups\/protein-bars-and-snacks\/nano-protein-wraps-240g\/"]}]},{"@type":"ImageObject","inLanguage":"en-US","@id":"https:\/\/fit360.ee\/en\/pood\/product-groups\/protein-bars-and-snacks\/nano-protein-wraps-240g\/#primaryimage","url":"https:\/\/fit360.ee\/wp-content\/uploads\/2024\/07\/nano-protein-wraps-fit360.ee_.jpeg","contentUrl":"https:\/\/fit360.ee\/wp-content\/uploads\/2024\/07\/nano-protein-wraps-fit360.ee_.jpeg","width":581,"height":581,"caption":"nano protein wraps - fit360.ee"},{"@type":"BreadcrumbList","@id":"https:\/\/fit360.ee\/en\/pood\/product-groups\/protein-bars-and-snacks\/nano-protein-wraps-240g\/#breadcrumb","itemListElement":[{"@type":"ListItem","position":1,"name":"Home","item":"https:\/\/fit360.ee\/en\/"},{"@type":"ListItem","position":2,"name":"Shop","item":"https:\/\/fit360.ee\/en\/shop\/"},{"@type":"ListItem","position":3,"name":"Nano Protein Wraps (240g)"}]},{"@type":"WebSite","@id":"https:\/\/fit360.ee\/en\/#website","url":"https:\/\/fit360.ee\/en\/","name":"Fit360","description":"","publisher":{"@id":"https:\/\/fit360.ee\/en\/#organization"},"potentialAction":[{"@type":"SearchAction","target":{"@type":"EntryPoint","urlTemplate":"https:\/\/fit360.ee\/en\/?s={search_term_string}"},"query-input":{"@type":"PropertyValueSpecification","valueRequired":true,"valueName":"search_term_string"}}],"inLanguage":"en-US"},{"@type":"Organization","@id":"https:\/\/fit360.ee\/en\/#organization","name":"Fit360","url":"https:\/\/fit360.ee\/en\/","logo":{"@type":"ImageObject","inLanguage":"en-US","@id":"https:\/\/fit360.ee\/en\/#\/schema\/logo\/image\/","url":"https:\/\/fit360.ee\/wp-content\/uploads\/2017\/01\/logo-fit360.png","contentUrl":"https:\/\/fit360.ee\/wp-content\/uploads\/2017\/01\/logo-fit360.png","width":180,"height":66,"caption":"Fit360"},"image":{"@id":"https:\/\/fit360.ee\/en\/#\/schema\/logo\/image\/"}}]}},"_links":{"self":[{"href":"https:\/\/fit360.ee\/en\/wp-json\/wp\/v2\/product\/81496","targetHints":{"allow":["GET"]}}],"collection":[{"href":"https:\/\/fit360.ee\/en\/wp-json\/wp\/v2\/product"}],"about":[{"href":"https:\/\/fit360.ee\/en\/wp-json\/wp\/v2\/types\/product"}],"replies":[{"embeddable":true,"href":"https:\/\/fit360.ee\/en\/wp-json\/wp\/v2\/comments?post=81496"}],"wp:featuredmedia":[{"embeddable":true,"href":"https:\/\/fit360.ee\/en\/wp-json\/wp\/v2\/media\/81494"}],"wp:attachment":[{"href":"https:\/\/fit360.ee\/en\/wp-json\/wp\/v2\/media?parent=81496"}],"wp:term":[{"taxonomy":"product_brand","embeddable":true,"href":"https:\/\/fit360.ee\/en\/wp-json\/wp\/v2\/product_brand?post=81496"},{"taxonomy":"product_cat","embeddable":true,"href":"https:\/\/fit360.ee\/en\/wp-json\/wp\/v2\/product_cat?post=81496"},{"taxonomy":"product_tag","embeddable":true,"href":"https:\/\/fit360.ee\/en\/wp-json\/wp\/v2\/product_tag?post=81496"},{"taxonomy":"giftcard-category","embeddable":true,"href":"https:\/\/fit360.ee\/en\/wp-json\/wp\/v2\/giftcard-category?post=81496"}],"curies":[{"name":"wp","href":"https:\/\/api.w.org\/{rel}","templated":true}]}}