{"id":81500,"date":"2024-07-19T09:44:37","date_gmt":"2024-07-19T07:44:37","guid":{"rendered":"https:\/\/fit360.ee\/pood\/uncategorized\/nano-protein-taco-176g\/"},"modified":"2025-11-28T11:32:11","modified_gmt":"2025-11-28T09:32:11","slug":"nano-protein-taco-176g","status":"publish","type":"product","link":"https:\/\/fit360.ee\/en\/pood\/product-groups\/protein-bars-and-snacks\/nano-protein-taco-176g\/","title":{"rendered":"Nano Protein Taco (176g)"},"content":{"rendered":"<h2><strong>Protein Taco<\/strong><\/h2>\n<p>Olenemata sellest, kas olete lihas\u00f6\u00f6ja, taimetoitlane v\u00f5i vegan, Nano Supps Protein Taco on suurep\u00e4rane v\u00f5imalus rahuldada oma isusid, kui need tekivad. Need on \u00fclilihtsad, kiiresti valmistatavad ja h\u00f5lpsasti kohandatavad erinevatele maitsetele ja toitumiseelistustele ning sobivad suurep\u00e4raselt peres\u00f5bralikeks \u00f5htus\u00f6\u00f6kideks, pidudeks ja muuks.<\/p>\n<h4><strong>Miks peaksite valima Protein Taco?<\/strong><\/h4>\n<ul>\n<li>Ideaalne valik, kui soovite Mehhiko t\u00fc\u00fcpi toite valmistada<\/li>\n<li>Suurep\u00e4rane idee peres\u00f6\u00f6giks, mida saate koos jagada<\/li>\n<li>Suurep\u00e4rane valik ka, kui otsite lihtsalt suupistet, sest see on v\u00e4ike portsjon<\/li>\n<\/ul>\n<p><strong>Kasulikud omadused:<\/strong><\/p>\n<ul>\n<li>Ainult 67,8 kcal portsjoni kohta<\/li>\n<li>Ei ole lisatud suhkrut<\/li>\n<li>Rikas kiudainete poolest<\/li>\n<li>V\u00e4hendatud S\u00fcsivesikud<\/li>\n<li>K\u00f5rge valgusisaldusega<\/li>\n<li>KETO s\u00f5bralik<\/li>\n<li>GMO vaba<\/li>\n<\/ul>\n<p><strong style=\"font-size: 14.4px;\">Koostisosad:<\/strong><span style=\"font-size: 14.4px;\">\u00a0Vesi,\u00a0<\/span><strong style=\"font-size: 14.4px;\">nisugluteen<\/strong><span style=\"font-size: 14.4px;\">\u00a0,\u00a0nisukiud,\u00a0<\/span><strong style=\"font-size: 14.4px;\">nisujahu<\/strong><span style=\"font-size: 14.4px;\">\u00a0, modifitseeritud\u00a0<strong>nisut\u00e4rklis ,\u00a0<\/strong><\/span><strong style=\"font-size: 14.4px;\">palmirasv<\/strong><span style=\"font-size: 14.4px;\">\u00a0, emulgaator (rasvhapete mono- ja digl\u00fctseriidid), sool, hapestajad (\u00f5unhape, sidrunhape), kergitusaine (naatriumvesinikkarbonaat, naatriump\u00fcrofosfaat) , s\u00e4ilitusained (kaaliumsorbaat, kaltsiumpropionaat), stabilisaator (guarkummi), mitteaktiivne p\u00e4rm.<\/span><\/p>\n<p><strong>Kasutamine<\/strong>: Tarbi vastavalt vajadusele.<\/p>\n<p><strong>Suurus<\/strong>: 8 x 22g &#8211; 176g<\/p>\n<p><strong>Allergeenid:<\/strong>\u00a0allergeenide kohta vaadake koostisosi\u00a0<strong>paksus<\/strong>\u00a0kirjas . V\u00f5ib sisaldada\u00a0<strong>soja<\/strong>\u00a0ja\u00a0<strong>sinepi<\/strong>\u00a0j\u00e4lgi\u00a0.<\/p>\n<p><strong>S\u00e4ilitamistingimused<\/strong>\u00a0: Hoida jahedas ja kuivas kohas originaalpakendis. P\u00e4rast avamist hoida k\u00fclmkapis ja kasutada 2 p\u00e4eva jooksul. Parim enne: vaata tr\u00fckist.<\/p>\n<table>\n<tbody>\n<tr>\n<td width=\"201\"><strong>Toitumisalane teave<\/strong><\/td>\n<td width=\"138\"><strong>\/100 g<\/strong><\/td>\n<td width=\"132\"><strong>\/22 g<\/strong><\/td>\n<\/tr>\n<tr>\n<td width=\"201\">Energia<\/td>\n<td width=\"138\">1281 kJ \/ 308 kcal<\/td>\n<td width=\"132\">281 kJ \/ 67,8 kcal<\/td>\n<\/tr>\n<tr>\n<td width=\"201\">Rasvad<\/td>\n<td width=\"138\">13,9 g<\/td>\n<td width=\"132\">3 g<\/td>\n<\/tr>\n<tr>\n<td width=\"201\"><em>millest<\/em> k\u00fcllastunud rasvhapped<\/td>\n<td width=\"138\">6 g<\/td>\n<td width=\"132\">1,3 g<\/td>\n<\/tr>\n<tr>\n<td width=\"201\">S\u00fcsivesikud<\/td>\n<td width=\"138\">11 g<\/td>\n<td width=\"132\">2,4 g<\/td>\n<\/tr>\n<tr>\n<td width=\"201\"><em>millest<\/em> suhkrud<\/td>\n<td width=\"138\">0,7 g<\/td>\n<td width=\"132\">0,15 g<\/td>\n<\/tr>\n<tr>\n<td width=\"201\">Kiudained<\/td>\n<td width=\"138\">26 g<\/td>\n<td width=\"132\">5,7 g<\/td>\n<\/tr>\n<tr>\n<td width=\"201\">Valgud<\/td>\n<td width=\"138\">22 g<\/td>\n<td width=\"132\">4,8 g<\/td>\n<\/tr>\n<tr>\n<td width=\"201\">soola<\/td>\n<td width=\"138\">1,7 g<\/td>\n<td width=\"132\">0,37 g<\/td>\n<\/tr>\n<\/tbody>\n<\/table>\n<p>Vaata ka meie teisi Proteiini vahepalasid <a href=\"https:\/\/fit360.ee\/en\/product-category\/product-groups\/protein-bars-and-snacks\/\"><strong>SIIT<\/strong><\/a>!<\/p>\n<p>Soovid kaupa osta suuremas koguses? Vaata antud toodet ka meie HULGI poest\u00a0<a href=\"https:\/\/toidulisandidhulgi.ee\/tooted\/nano-protein-taco-176g\/\"><strong>SIIT<\/strong><\/a>!<\/p>\n","protected":false},"excerpt":{"rendered":"<ul>\n<li>Ainult 67,8 kcal portsjoni kohta<\/li>\n<li>Ei ole lisatud suhkrut<\/li>\n<li>Rikas kiudainete poolest<\/li>\n<li>V\u00e4hendatud S\u00fcsivesikud<\/li>\n<li>K\u00f5rge valgusisaldusega<\/li>\n<li>KETO s\u00f5bralik<\/li>\n<li>GMO vaba<\/li>\n<\/ul>\n","protected":false},"featured_media":81499,"comment_status":"open","ping_status":"closed","template":"","meta":[],"product_brand":[],"product_cat":[3030,5059,534,535],"product_tag":[5083,5067,5084],"giftcard-category":[],"class_list":{"0":"post-81500","1":"product","2":"type-product","3":"status-publish","4":"has-post-thumbnail","6":"product_cat-best-before-en","7":"product_cat-nano-supps-en","8":"product_cat-protein-bars-and-snacks","9":"product_cat-protein-poweders-en","10":"product_tag-nano-protein-taco-en","11":"product_tag-nano-supps-en","12":"product_tag-protein-taco-en","13":"pa_kogus-176g-en","14":"pa_toidulisand-branddd-nano-supps","15":"pa_tootegruppp-protein","16":"pa_tootegruppp-snacks","18":"first","19":"outofstock","20":"sale","21":"taxable","22":"shipping-taxable","23":"purchasable","24":"product-type-simple"},"yoast_head":"<!-- This site is optimized with the Yoast SEO plugin v27.3 - https:\/\/yoast.com\/product\/yoast-seo-wordpress\/ -->\n<title>Nano Protein Taco (176g) - Valgurikas vahepala - Kiire Tarne - Fit360<\/title>\n<meta name=\"description\" content=\"Nano Supps Protein Taco on suurep\u00e4rane v\u00f5imalus rahuldada oma isusid, kui need tekivad. Need on \u00fclilihtsad, kiiresti valmistatavad ja h\u00f5lpsasti koh...\" \/>\n<meta name=\"robots\" content=\"index, follow, max-snippet:-1, max-image-preview:large, max-video-preview:-1\" \/>\n<link rel=\"canonical\" href=\"https:\/\/fit360.ee\/en\/pood\/product-groups\/protein-bars-and-snacks\/nano-protein-taco-176g\/\" \/>\n<meta property=\"og:locale\" content=\"en_US\" \/>\n<meta property=\"og:type\" content=\"article\" \/>\n<meta property=\"og:title\" content=\"Nano Protein Taco (176g) - Valgurikas vahepala - Kiire Tarne - Fit360\" \/>\n<meta property=\"og:description\" content=\"Nano Supps Protein Taco on suurep\u00e4rane v\u00f5imalus rahuldada oma isusid, kui need tekivad. Need on \u00fclilihtsad, kiiresti valmistatavad ja h\u00f5lpsasti koh...\" \/>\n<meta property=\"og:url\" content=\"https:\/\/fit360.ee\/en\/pood\/product-groups\/protein-bars-and-snacks\/nano-protein-taco-176g\/\" \/>\n<meta property=\"og:site_name\" content=\"Fit360\" \/>\n<meta property=\"article:modified_time\" content=\"2025-11-28T09:32:11+00:00\" \/>\n<meta property=\"og:image\" content=\"https:\/\/fit360.ee\/wp-content\/uploads\/2024\/07\/nano-protein-taco-fit360.ee_.jpg\" \/>\n\t<meta property=\"og:image:width\" content=\"630\" \/>\n\t<meta property=\"og:image:height\" content=\"630\" \/>\n\t<meta property=\"og:image:type\" content=\"image\/jpeg\" \/>\n<meta name=\"twitter:card\" content=\"summary_large_image\" \/>\n<meta name=\"twitter:label1\" content=\"Est. reading time\" \/>\n\t<meta name=\"twitter:data1\" content=\"2 minutes\" \/>\n<script type=\"application\/ld+json\" class=\"yoast-schema-graph\">{\"@context\":\"https:\\\/\\\/schema.org\",\"@graph\":[{\"@type\":\"WebPage\",\"@id\":\"https:\\\/\\\/fit360.ee\\\/en\\\/pood\\\/product-groups\\\/protein-bars-and-snacks\\\/nano-protein-taco-176g\\\/\",\"url\":\"https:\\\/\\\/fit360.ee\\\/en\\\/pood\\\/product-groups\\\/protein-bars-and-snacks\\\/nano-protein-taco-176g\\\/\",\"name\":\"Nano Protein Taco (176g) - Valgurikas vahepala - Kiire Tarne - Fit360\",\"isPartOf\":{\"@id\":\"https:\\\/\\\/fit360.ee\\\/en\\\/#website\"},\"primaryImageOfPage\":{\"@id\":\"https:\\\/\\\/fit360.ee\\\/en\\\/pood\\\/product-groups\\\/protein-bars-and-snacks\\\/nano-protein-taco-176g\\\/#primaryimage\"},\"image\":{\"@id\":\"https:\\\/\\\/fit360.ee\\\/en\\\/pood\\\/product-groups\\\/protein-bars-and-snacks\\\/nano-protein-taco-176g\\\/#primaryimage\"},\"thumbnailUrl\":\"https:\\\/\\\/fit360.ee\\\/wp-content\\\/uploads\\\/2024\\\/07\\\/nano-protein-taco-fit360.ee_.jpg\",\"datePublished\":\"2024-07-19T07:44:37+00:00\",\"dateModified\":\"2025-11-28T09:32:11+00:00\",\"description\":\"Nano Supps Protein Taco on suurep\u00e4rane v\u00f5imalus rahuldada oma isusid, kui need tekivad. Need on \u00fclilihtsad, kiiresti valmistatavad ja h\u00f5lpsasti koh...\",\"breadcrumb\":{\"@id\":\"https:\\\/\\\/fit360.ee\\\/en\\\/pood\\\/product-groups\\\/protein-bars-and-snacks\\\/nano-protein-taco-176g\\\/#breadcrumb\"},\"inLanguage\":\"en-US\",\"potentialAction\":[{\"@type\":\"ReadAction\",\"target\":[\"https:\\\/\\\/fit360.ee\\\/en\\\/pood\\\/product-groups\\\/protein-bars-and-snacks\\\/nano-protein-taco-176g\\\/\"]}]},{\"@type\":\"ImageObject\",\"inLanguage\":\"en-US\",\"@id\":\"https:\\\/\\\/fit360.ee\\\/en\\\/pood\\\/product-groups\\\/protein-bars-and-snacks\\\/nano-protein-taco-176g\\\/#primaryimage\",\"url\":\"https:\\\/\\\/fit360.ee\\\/wp-content\\\/uploads\\\/2024\\\/07\\\/nano-protein-taco-fit360.ee_.jpg\",\"contentUrl\":\"https:\\\/\\\/fit360.ee\\\/wp-content\\\/uploads\\\/2024\\\/07\\\/nano-protein-taco-fit360.ee_.jpg\",\"width\":630,\"height\":630,\"caption\":\"nano protein taco - fit360.ee\"},{\"@type\":\"BreadcrumbList\",\"@id\":\"https:\\\/\\\/fit360.ee\\\/en\\\/pood\\\/product-groups\\\/protein-bars-and-snacks\\\/nano-protein-taco-176g\\\/#breadcrumb\",\"itemListElement\":[{\"@type\":\"ListItem\",\"position\":1,\"name\":\"Home\",\"item\":\"https:\\\/\\\/fit360.ee\\\/en\\\/\"},{\"@type\":\"ListItem\",\"position\":2,\"name\":\"Shop\",\"item\":\"https:\\\/\\\/fit360.ee\\\/en\\\/shop\\\/\"},{\"@type\":\"ListItem\",\"position\":3,\"name\":\"Nano Protein Taco (176g)\"}]},{\"@type\":\"WebSite\",\"@id\":\"https:\\\/\\\/fit360.ee\\\/en\\\/#website\",\"url\":\"https:\\\/\\\/fit360.ee\\\/en\\\/\",\"name\":\"Fit360\",\"description\":\"\",\"publisher\":{\"@id\":\"https:\\\/\\\/fit360.ee\\\/en\\\/#organization\"},\"potentialAction\":[{\"@type\":\"SearchAction\",\"target\":{\"@type\":\"EntryPoint\",\"urlTemplate\":\"https:\\\/\\\/fit360.ee\\\/en\\\/?s={search_term_string}\"},\"query-input\":{\"@type\":\"PropertyValueSpecification\",\"valueRequired\":true,\"valueName\":\"search_term_string\"}}],\"inLanguage\":\"en-US\"},{\"@type\":\"Organization\",\"@id\":\"https:\\\/\\\/fit360.ee\\\/en\\\/#organization\",\"name\":\"Fit360\",\"url\":\"https:\\\/\\\/fit360.ee\\\/en\\\/\",\"logo\":{\"@type\":\"ImageObject\",\"inLanguage\":\"en-US\",\"@id\":\"https:\\\/\\\/fit360.ee\\\/en\\\/#\\\/schema\\\/logo\\\/image\\\/\",\"url\":\"https:\\\/\\\/fit360.ee\\\/wp-content\\\/uploads\\\/2017\\\/01\\\/logo-fit360.png\",\"contentUrl\":\"https:\\\/\\\/fit360.ee\\\/wp-content\\\/uploads\\\/2017\\\/01\\\/logo-fit360.png\",\"width\":180,\"height\":66,\"caption\":\"Fit360\"},\"image\":{\"@id\":\"https:\\\/\\\/fit360.ee\\\/en\\\/#\\\/schema\\\/logo\\\/image\\\/\"}}]}<\/script>\n<!-- \/ Yoast SEO plugin. -->","yoast_head_json":{"title":"Nano Protein Taco (176g) - Valgurikas vahepala - Kiire Tarne - Fit360","description":"Nano Supps Protein Taco on suurep\u00e4rane v\u00f5imalus rahuldada oma isusid, kui need tekivad. Need on \u00fclilihtsad, kiiresti valmistatavad ja h\u00f5lpsasti koh...","robots":{"index":"index","follow":"follow","max-snippet":"max-snippet:-1","max-image-preview":"max-image-preview:large","max-video-preview":"max-video-preview:-1"},"canonical":"https:\/\/fit360.ee\/en\/pood\/product-groups\/protein-bars-and-snacks\/nano-protein-taco-176g\/","og_locale":"en_US","og_type":"article","og_title":"Nano Protein Taco (176g) - Valgurikas vahepala - Kiire Tarne - Fit360","og_description":"Nano Supps Protein Taco on suurep\u00e4rane v\u00f5imalus rahuldada oma isusid, kui need tekivad. Need on \u00fclilihtsad, kiiresti valmistatavad ja h\u00f5lpsasti koh...","og_url":"https:\/\/fit360.ee\/en\/pood\/product-groups\/protein-bars-and-snacks\/nano-protein-taco-176g\/","og_site_name":"Fit360","article_modified_time":"2025-11-28T09:32:11+00:00","og_image":[{"width":630,"height":630,"url":"https:\/\/fit360.ee\/wp-content\/uploads\/2024\/07\/nano-protein-taco-fit360.ee_.jpg","type":"image\/jpeg"}],"twitter_card":"summary_large_image","twitter_misc":{"Est. reading time":"2 minutes"},"schema":{"@context":"https:\/\/schema.org","@graph":[{"@type":"WebPage","@id":"https:\/\/fit360.ee\/en\/pood\/product-groups\/protein-bars-and-snacks\/nano-protein-taco-176g\/","url":"https:\/\/fit360.ee\/en\/pood\/product-groups\/protein-bars-and-snacks\/nano-protein-taco-176g\/","name":"Nano Protein Taco (176g) - Valgurikas vahepala - Kiire Tarne - Fit360","isPartOf":{"@id":"https:\/\/fit360.ee\/en\/#website"},"primaryImageOfPage":{"@id":"https:\/\/fit360.ee\/en\/pood\/product-groups\/protein-bars-and-snacks\/nano-protein-taco-176g\/#primaryimage"},"image":{"@id":"https:\/\/fit360.ee\/en\/pood\/product-groups\/protein-bars-and-snacks\/nano-protein-taco-176g\/#primaryimage"},"thumbnailUrl":"https:\/\/fit360.ee\/wp-content\/uploads\/2024\/07\/nano-protein-taco-fit360.ee_.jpg","datePublished":"2024-07-19T07:44:37+00:00","dateModified":"2025-11-28T09:32:11+00:00","description":"Nano Supps Protein Taco on suurep\u00e4rane v\u00f5imalus rahuldada oma isusid, kui need tekivad. Need on \u00fclilihtsad, kiiresti valmistatavad ja h\u00f5lpsasti koh...","breadcrumb":{"@id":"https:\/\/fit360.ee\/en\/pood\/product-groups\/protein-bars-and-snacks\/nano-protein-taco-176g\/#breadcrumb"},"inLanguage":"en-US","potentialAction":[{"@type":"ReadAction","target":["https:\/\/fit360.ee\/en\/pood\/product-groups\/protein-bars-and-snacks\/nano-protein-taco-176g\/"]}]},{"@type":"ImageObject","inLanguage":"en-US","@id":"https:\/\/fit360.ee\/en\/pood\/product-groups\/protein-bars-and-snacks\/nano-protein-taco-176g\/#primaryimage","url":"https:\/\/fit360.ee\/wp-content\/uploads\/2024\/07\/nano-protein-taco-fit360.ee_.jpg","contentUrl":"https:\/\/fit360.ee\/wp-content\/uploads\/2024\/07\/nano-protein-taco-fit360.ee_.jpg","width":630,"height":630,"caption":"nano protein taco - fit360.ee"},{"@type":"BreadcrumbList","@id":"https:\/\/fit360.ee\/en\/pood\/product-groups\/protein-bars-and-snacks\/nano-protein-taco-176g\/#breadcrumb","itemListElement":[{"@type":"ListItem","position":1,"name":"Home","item":"https:\/\/fit360.ee\/en\/"},{"@type":"ListItem","position":2,"name":"Shop","item":"https:\/\/fit360.ee\/en\/shop\/"},{"@type":"ListItem","position":3,"name":"Nano Protein Taco (176g)"}]},{"@type":"WebSite","@id":"https:\/\/fit360.ee\/en\/#website","url":"https:\/\/fit360.ee\/en\/","name":"Fit360","description":"","publisher":{"@id":"https:\/\/fit360.ee\/en\/#organization"},"potentialAction":[{"@type":"SearchAction","target":{"@type":"EntryPoint","urlTemplate":"https:\/\/fit360.ee\/en\/?s={search_term_string}"},"query-input":{"@type":"PropertyValueSpecification","valueRequired":true,"valueName":"search_term_string"}}],"inLanguage":"en-US"},{"@type":"Organization","@id":"https:\/\/fit360.ee\/en\/#organization","name":"Fit360","url":"https:\/\/fit360.ee\/en\/","logo":{"@type":"ImageObject","inLanguage":"en-US","@id":"https:\/\/fit360.ee\/en\/#\/schema\/logo\/image\/","url":"https:\/\/fit360.ee\/wp-content\/uploads\/2017\/01\/logo-fit360.png","contentUrl":"https:\/\/fit360.ee\/wp-content\/uploads\/2017\/01\/logo-fit360.png","width":180,"height":66,"caption":"Fit360"},"image":{"@id":"https:\/\/fit360.ee\/en\/#\/schema\/logo\/image\/"}}]}},"_links":{"self":[{"href":"https:\/\/fit360.ee\/en\/wp-json\/wp\/v2\/product\/81500","targetHints":{"allow":["GET"]}}],"collection":[{"href":"https:\/\/fit360.ee\/en\/wp-json\/wp\/v2\/product"}],"about":[{"href":"https:\/\/fit360.ee\/en\/wp-json\/wp\/v2\/types\/product"}],"replies":[{"embeddable":true,"href":"https:\/\/fit360.ee\/en\/wp-json\/wp\/v2\/comments?post=81500"}],"wp:featuredmedia":[{"embeddable":true,"href":"https:\/\/fit360.ee\/en\/wp-json\/wp\/v2\/media\/81499"}],"wp:attachment":[{"href":"https:\/\/fit360.ee\/en\/wp-json\/wp\/v2\/media?parent=81500"}],"wp:term":[{"taxonomy":"product_brand","embeddable":true,"href":"https:\/\/fit360.ee\/en\/wp-json\/wp\/v2\/product_brand?post=81500"},{"taxonomy":"product_cat","embeddable":true,"href":"https:\/\/fit360.ee\/en\/wp-json\/wp\/v2\/product_cat?post=81500"},{"taxonomy":"product_tag","embeddable":true,"href":"https:\/\/fit360.ee\/en\/wp-json\/wp\/v2\/product_tag?post=81500"},{"taxonomy":"giftcard-category","embeddable":true,"href":"https:\/\/fit360.ee\/en\/wp-json\/wp\/v2\/giftcard-category?post=81500"}],"curies":[{"name":"wp","href":"https:\/\/api.w.org\/{rel}","templated":true}]}}