{"id":81544,"date":"2024-07-20T11:59:23","date_gmt":"2024-07-20T09:59:23","guid":{"rendered":"https:\/\/fit360.ee\/pood\/uncategorized\/nano-protein-bar-55g\/"},"modified":"2025-08-13T07:35:21","modified_gmt":"2025-08-13T05:35:21","slug":"nano-protein-bar-55g","status":"publish","type":"product","link":"https:\/\/fit360.ee\/en\/pood\/product-groups\/protein-bars-and-snacks\/nano-protein-bar-55g\/","title":{"rendered":"Nano Protein Bar (55g)"},"content":{"rendered":"<h2><strong>Nano Protein Bar<\/strong><\/h2>\n<p><span style=\"font-weight: 400;\"><span>Sellest ajast peale, kui <\/span><\/span><span style=\"font-weight: 400;\"><span>Nano Protein Bar<\/span><\/span><span style=\"font-weight: 400;\"><span>\u00a0tootja valikust kadusid, oleme saanud lugematul hulgal p\u00e4ringuid selle kohta, millal need l\u00f5puks tagasi tulevad, seega on meil hea meel teatada, et need on tagasi veelgi maitsvamad ja toitev\u00e4\u00e4rtuslikumad \u2013\u00a0<\/span>\u00a0<\/span><b><span>kolmes UHIUUES\u00a0<\/span>\u00a0<\/b><b><span>maitses. <\/span><\/b><span style=\"font-weight: 400;\"><span>Me teame, see k\u00f5lab uskumatult, sest tipptaset on raske \u00fcletada ja need olid juba varem\u00a0<\/span> <\/span><span><span style=\"font-weight: 400;\">spordi- ja funktsionaalse toitumise turul\u00a0<\/span><span style=\"font-weight: 400;\">\u00fched parimad\u00a0<\/span><\/span><b><span>premium <\/span><\/b><b><span>valgubatoonid,<\/span><\/b> kuid <span><span style=\"font-weight: 400;\">Nano Supps\u00a0<\/span><span style=\"font-weight: 400;\">on suutnud lati t\u00f5sta enneolematutele k\u00f5rgustele.\u00a0<\/span><span style=\"font-weight: 400;\">Peate neid lihtsalt maitsma, et olla kindel, et tipptaset saab \u00fcletada.<\/span><\/span><span style=\"font-weight: 400;\">\u00a0<\/span><span style=\"font-weight: 400;\">\u00a0<\/span><span style=\"font-weight: 400;\">\u00a0<\/span><\/p>\n<p><span style=\"font-weight: 400;\"><span>Batoonid on valmistatud mitmes kihis, et iga suut\u00e4is oleks mitmekihiline ja t\u00e4is maitseid.\u00a0<\/span>\u00a0<span>Nende kreemjas, sametine, pisut k\u00fcpsisetainast meenutav tekstuur on m\u00f5nusalt kontrastiks kr\u00f5mpsuva valge- v\u00f5i piima\u0161okolaadikihiga, rikkalik karamelline t\u00e4idis aga lisab sellele maitsete s\u00fcmfooniale m\u00f5nusalt magusat mahlasust.<\/span><\/span><\/p>\n<p><span style=\"font-weight: 400;\"><span>Nano Supps Protein Bar\u00a0<\/span>\u00a0<\/span><span style=\"font-weight: 400;\"><span>batoonid on saadaval 3 hoolikalt kujundatud maitsega: maap\u00e4hkli-karamelli, \u0161okolaadi-karamelli;\u00a0<\/span>\u00a0<span>k\u00fcpsised ja koor.<\/span><\/span><\/p>\n<ul>\n<li><span>Ei ole lisatud suhkrut;<\/span><\/li>\n<li><span>20-21 grammi valku;<\/span><\/li>\n<li><span>207-217 kcal batooni kohta;<\/span><\/li>\n<li><span>AINULT 1,2-1,8 grammi suhkrut;<\/span><\/li>\n<li><span>Sisaldab kollageenh\u00fcdrol\u00fcsaati ja looduslikke suhkruid.<\/span><\/li>\n<\/ul>\n<p><span style=\"font-weight: 400;\"><span>See ei ole tavaline valgubatoon \u2013 see on uskumatult t\u00e4idlane viimase p\u00f5lvkonna batoon, mis ei tee kompromisse suurep\u00e4rase maitse ja ideaalse toitev\u00e4\u00e4rtuse vahel.\u00a0<\/span><\/span><\/p>\n<p><span style=\"font-weight: 400;\"><span>Maitske kohe!\u00a0<\/span><\/span><\/p>\n<p><strong>Koostisosad Protein Bar<\/strong>:<\/p>\n<p><span style=\"font-weight: 400;\"><strong><span>Caramel Peanuts:\u00a0<\/span><\/strong><span>\u00a0proteiinibatoon maap\u00e4hkliga &#8211; karamelli maitsega, valge \u0161okolaadi ja maap\u00e4hkliglasuuriga, 37% proteiinisisaldusega.\u00a0<\/span>\u00a0<span>Sisaldab magusaineid.\u00a0<\/span>\u00a0<span>Koostis: Valgu segu (piimavalk, kollageeni h\u00fcdrol\u00fcsaat, sojavalgu isolaat), valge \u0161okolaad magusainega (magusaine: maltitool; kakaov\u00f5i, t\u00e4ispiimapulber, emulgaator: sojaletsitiin; looduslik maitseaine), niiskuses\u00e4ilitaja: gl\u00fctseriin, vesi, 5% r\u00f6stitud maap\u00e4hklit\u00fckid, sojakr\u00f5psud (sojavalgu isolaat, tapiokit\u00e4rklis, odralinnase ekstrakt (gluteen), sool), isomalto-oligosahhariid*, palmirasv, 0,5% maap\u00e4hkliv\u00f5i, piima\u0161okolaad magusainega (magusaine: maltitool; kakaov\u00f5i, t\u00e4ispiim ) pulber, kakaomass, emulgaator: sojaletsitiin; looduslik l\u00f5hna- ja maitseaine), l\u00f5hna- ja maitseaine, magusaine: sukraloos.\u00a0<\/span>\u00a0<span>Sisaldab looduslikult esinevaid suhkruid.\u00a0<\/span>\u00a0<span>V\u00f5ib sisaldada teravilju, gluteeni, maap\u00e4hkleid ja muid p\u00e4hkleid.\u00a0<\/span>\u00a0<span>*isomalto-oligosahhariid sisaldab gl\u00fckoosi.\u00a0<\/span>\u00a0<span>M\u00e4rkus: liigne kasutamine v\u00f5ib p\u00f5hjustada k\u00f5hulahtisust.\u00a0<\/span>\u00a0<span>Hoida jahedas ja kuivas kohas (15-22\u00b0C).\u00a0<\/span>\u00a0<span>Soovitatav kuni: vt pakendilt.\u00a0<\/span>\u00a0<span>Kasutada p\u00e4rast avamist.\u00a0<\/span>\u00a0<span>Kaitsta kuumuse ja otsese valguse eest.<\/span><\/span><\/p>\n<p><span style=\"font-weight: 400;\"><strong><span>\u0160okolaadi-karamell: <\/span><\/strong><span>\u00a0\u0160okolaadi-karamelli maitsega proteiinibatoon, piima\u0161okolaadiglasuuris, 36% proteiinisisaldusega.\u00a0<\/span>\u00a0<span>Sisaldab magusaineid.\u00a0<\/span>\u00a0<span>Koostis: Valgu segu (kollageeni h\u00fcdrol\u00fcsaat, piimavalk, sojavalgu isolaat), 26% piima\u0161okolaad magusainega (magusaine: maltitool; kakaov\u00f5i, t\u00e4ispiimapulber, kakaomass, emulgaator: sojaletsitiin; looduslik maitseaine), niisutaja: gl\u00fctseriin, valge \u0161okolaad magusainega (magusaine: maltitool; kakaov\u00f5i, t\u00e4ispiimapulber, emulgaator: sojaletsitiin; looduslik maitseaine), isomalto-oligosahhariid*, vesi, sojavalgu t\u00fckid (sojavalgu isolaat, kakao, tapiokit\u00e4rklis), palmirasv, kakao v\u00e4hendatud rasvasisaldusega pulber, l\u00f5hna- ja maitseaine, magusaine: sukraloos.\u00a0<\/span>\u00a0<span>Sisaldab looduslikult esinevaid suhkruid.\u00a0<\/span>\u00a0<span>V\u00f5ib sisaldada teravilju, gluteeni, maap\u00e4hkleid ja muid p\u00e4hkleid.\u00a0<\/span>\u00a0<span>*isomalto-oligosahhariid sisaldab gl\u00fckoosi.\u00a0<\/span>\u00a0<span>M\u00e4rkus: liigne kasutamine v\u00f5ib p\u00f5hjustada k\u00f5hulahtisust.\u00a0<\/span>\u00a0<span>Hoida jahedas ja kuivas kohas (15-22\u00b0C).\u00a0<\/span>\u00a0<span>Soovitatav kuni: vt pakendilt.\u00a0<\/span>\u00a0<span>Kasutada p\u00e4rast avamist.\u00a0<\/span>\u00a0<span>Kaitsta kuumuse ja otsese valguse eest.<\/span><\/span><\/p>\n<p><strong><span>Cookies &amp; Cream: <\/span><\/strong><span>\u00a0K\u00fcpsiste ja koore maitsega valgubatoon, valge \u0161okolaadi glasuuris, 36% proteiinisisaldusega.\u00a0<\/span>\u00a0<span>Sisaldab magusaineid.\u00a0<\/span>\u00a0<span>Koostis: Valgu segu (piimavalgud, kollageenh\u00fcdrol\u00fcsaat, sojaproteiin), valge \u0161okolaad magusainega (magusaine: maltitool; kakaov\u00f5i, t\u00e4ispiimapulber, emulgaator: sojaletsitiinid; looduslik maitseaine), niisutaja: gl\u00fctseriin, vesi, 5% tume k\u00fcpsis t\u00fckid (magusaine: maltitool, riisijahu, maisit\u00e4rklis, kookos\u00f5li, v\u00e4hendatud rasvasisaldusega kakaopulber, sool, naatriumvesinikkarbonaat, looduslik maitseaine), kiudained: pol\u00fcdekstroos, sojavalgu t\u00fckid (sojavalgu isolaat, kakao, tapiokit\u00e4rklis), \u0161okolaadiglasuur magusainega (kakaomass, magusaine: maltitool; kakaov\u00f5i, emulgaator: p\u00e4evalille letsitiin; looduslik l\u00f5hna- ja maitseaine), palmirasv,\u00a0<\/span>\u00a0<span>l\u00f5hna- ja maitseaine, magusaine: sukraloos.\u00a0<\/span>\u00a0<span>Sisaldab looduslikult esinevaid suhkruid.\u00a0<\/span>\u00a0<span>V\u00f5ib sisaldada teravilja, gluteeni, maap\u00e4hklite ja muude p\u00e4hklite j\u00e4lgi.\u00a0<\/span>\u00a0<span>M\u00e4rkus: liigne kasutamine v\u00f5ib p\u00f5hjustada k\u00f5hulahtisust.\u00a0<\/span>\u00a0<span>Hoida jahedas ja kuivas kohas (15-22\u00b0C).\u00a0<\/span>\u00a0<span>Soovitatav kuni: vt pakendilt.\u00a0<\/span>\u00a0<span>Kasutada p\u00e4rast avamist.\u00a0<\/span>\u00a0<span>Kaitsta kuumuse ja otsese valguse eest.<\/span><\/p>\n<p><strong>Kasutamine<\/strong>: Tarbi vastavalt vajadusele.<\/p>\n<p><strong>Suurus<\/strong>: 55-58g<\/p>\n<table width=\"100%\">\n<tbody>\n<tr>\n<td><strong><span>Toitev\u00e4\u00e4rtus (55 g)<\/span><\/strong><\/td>\n<td><strong><span>Caramel Peanuts<\/span><\/strong><\/td>\n<td><strong><span>\u0160okolaadi-karamell<\/span><\/strong><\/td>\n<td><strong><span>Cookies &amp; Cream<\/span><\/strong><\/td>\n<\/tr>\n<tr>\n<td><span>Energeetiline v\u00e4\u00e4rtus<\/span><\/td>\n<td><span>909 kJ \/ 217 kcal<\/span><\/td>\n<td><span>878 kJ \/ 210 kcal<\/span><\/td>\n<td><span>865 kJ \/ 207 kcal<\/span><\/td>\n<\/tr>\n<tr>\n<td><span>Paks<\/span><\/td>\n<td><span>9,8 g<\/span><\/td>\n<td><span>8,6 g<\/span><\/td>\n<td><span>8,2 g<\/span><\/td>\n<\/tr>\n<tr>\n<td><span>&#8211; nendest saadavad k\u00fcllastunud rasvhapped<\/span><\/td>\n<td><span>5 g<\/span><\/td>\n<td><span>4,9 g<\/span><\/td>\n<td><span>4,8 g<\/span><\/td>\n<\/tr>\n<tr>\n<td><span>S\u00fcsivesikud<\/span><\/td>\n<td><span>17 g<\/span><\/td>\n<td><span>19 g<\/span><\/td>\n<td><span>19 g<\/span><\/td>\n<\/tr>\n<tr>\n<td><span>&#8211; millest suhkrud<\/span><\/td>\n<td><span>1,8 g<\/span><\/td>\n<td><span>1,8 g<\/span><\/td>\n<td><span>1,2 g<\/span><\/td>\n<\/tr>\n<tr>\n<td><span>Kiudained<\/span><\/td>\n<td><span>1,5 g<\/span><\/td>\n<td><span>2,5 g<\/span><\/td>\n<td><span>1,6 g<\/span><\/td>\n<\/tr>\n<tr>\n<td><span>Valk<\/span><\/td>\n<td><span>21 g<\/span><\/td>\n<td><span>20 g<\/span><\/td>\n<td><span>20 g<\/span><\/td>\n<\/tr>\n<tr>\n<td><span>soola<\/span><\/td>\n<td><span>0,2 g<\/span><\/td>\n<td><span>0,17 g<\/span><\/td>\n<td><span>0,24 g<\/span><\/td>\n<\/tr>\n<\/tbody>\n<\/table>\n<h6><\/h6>\n<div id=\"tab-ingredients\" class=\"tab-pane product-section\">\n<p>Vaata ka meie teisi Proteiinibatoone <a href=\"https:\/\/fit360.ee\/en\/product-category\/product-groups\/protein-bars-and-snacks\/\"><strong>SIIT<\/strong><\/a>!<\/p>\n<\/div>\n<div id=\"tab-review\" class=\"tab-pane product-reviews product-section\">\n<form class=\"form-horizontal\">\n<div class=\"section-title review\"><\/div>\n<\/form>\n<\/div>\n","protected":false},"excerpt":{"rendered":"<ul>\n<li>Ei ole lisatud suhkrut;<\/li>\n<li>20-21 grammi valku;<\/li>\n<li>207-217 kcal batooni kohta;<\/li>\n<li>AINULT 1,2-1,8 grammi suhkrut;<\/li>\n<li>Sisaldab kollageenh\u00fcdrol\u00fcsaati ja looduslikke suhkruid.<\/li>\n<\/ul>\n","protected":false},"featured_media":81539,"comment_status":"open","ping_status":"closed","template":"","meta":[],"product_brand":[],"product_cat":[5059,534,535],"product_tag":[5100,5067,5101],"giftcard-category":[],"class_list":{"0":"post-81544","1":"product","2":"type-product","3":"status-publish","4":"has-post-thumbnail","6":"product_cat-nano-supps-en","7":"product_cat-protein-bars-and-snacks","8":"product_cat-protein-poweders-en","9":"product_tag-nano-protein-bar-en","10":"product_tag-nano-supps-en","11":"product_tag-protein-bar-en","12":"pa_maitse-chocolate-caramel","13":"pa_maitse-cookie-dough-en","14":"pa_maitse-cream-cookie","16":"first","17":"instock","18":"sale","19":"taxable","20":"shipping-taxable","21":"purchasable","22":"product-type-variable"},"yoast_head":"<!-- This site is optimized with the Yoast SEO plugin v27.3 - https:\/\/yoast.com\/product\/yoast-seo-wordpress\/ -->\n<title>Nano Protein Bar (55g) - \u00dclimaitsev Proteiinibatoon - Kiire Tarne - Fit360<\/title>\n<meta name=\"description\" content=\"Nano Protein Bar ei ole tavaline valgubatoon \u2013 see on uskumatult t\u00e4idlane viimase p\u00f5lvkonna batoon, mis ei tee kompromisse suurep\u00e4rase maitse ja ...\" \/>\n<meta name=\"robots\" content=\"index, follow, max-snippet:-1, max-image-preview:large, max-video-preview:-1\" \/>\n<link rel=\"canonical\" href=\"https:\/\/fit360.ee\/en\/pood\/product-groups\/protein-bars-and-snacks\/nano-protein-bar-55g\/\" \/>\n<meta property=\"og:locale\" content=\"en_US\" \/>\n<meta property=\"og:type\" content=\"article\" \/>\n<meta property=\"og:title\" content=\"Nano Protein Bar (55g) - \u00dclimaitsev Proteiinibatoon - Kiire Tarne - Fit360\" \/>\n<meta property=\"og:description\" content=\"Nano Protein Bar ei ole tavaline valgubatoon \u2013 see on uskumatult t\u00e4idlane viimase p\u00f5lvkonna batoon, mis ei tee kompromisse suurep\u00e4rase maitse ja ...\" \/>\n<meta property=\"og:url\" content=\"https:\/\/fit360.ee\/en\/pood\/product-groups\/protein-bars-and-snacks\/nano-protein-bar-55g\/\" \/>\n<meta property=\"og:site_name\" content=\"Fit360\" \/>\n<meta property=\"article:modified_time\" content=\"2025-08-13T05:35:21+00:00\" \/>\n<meta property=\"og:image\" content=\"https:\/\/fit360.ee\/wp-content\/uploads\/2024\/07\/nano-protein-bar-fit360.ee_.png\" \/>\n\t<meta property=\"og:image:width\" content=\"700\" \/>\n\t<meta property=\"og:image:height\" content=\"500\" \/>\n\t<meta property=\"og:image:type\" content=\"image\/png\" \/>\n<meta name=\"twitter:card\" content=\"summary_large_image\" \/>\n<meta name=\"twitter:label1\" content=\"Est. reading time\" \/>\n\t<meta name=\"twitter:data1\" content=\"4 minutes\" \/>\n<script type=\"application\/ld+json\" class=\"yoast-schema-graph\">{\"@context\":\"https:\\\/\\\/schema.org\",\"@graph\":[{\"@type\":\"WebPage\",\"@id\":\"https:\\\/\\\/fit360.ee\\\/en\\\/pood\\\/product-groups\\\/protein-bars-and-snacks\\\/nano-protein-bar-55g\\\/\",\"url\":\"https:\\\/\\\/fit360.ee\\\/en\\\/pood\\\/product-groups\\\/protein-bars-and-snacks\\\/nano-protein-bar-55g\\\/\",\"name\":\"Nano Protein Bar (55g) - \u00dclimaitsev Proteiinibatoon - Kiire Tarne - Fit360\",\"isPartOf\":{\"@id\":\"https:\\\/\\\/fit360.ee\\\/en\\\/#website\"},\"primaryImageOfPage\":{\"@id\":\"https:\\\/\\\/fit360.ee\\\/en\\\/pood\\\/product-groups\\\/protein-bars-and-snacks\\\/nano-protein-bar-55g\\\/#primaryimage\"},\"image\":{\"@id\":\"https:\\\/\\\/fit360.ee\\\/en\\\/pood\\\/product-groups\\\/protein-bars-and-snacks\\\/nano-protein-bar-55g\\\/#primaryimage\"},\"thumbnailUrl\":\"https:\\\/\\\/fit360.ee\\\/wp-content\\\/uploads\\\/2024\\\/07\\\/nano-protein-bar-fit360.ee_.png\",\"datePublished\":\"2024-07-20T09:59:23+00:00\",\"dateModified\":\"2025-08-13T05:35:21+00:00\",\"description\":\"Nano Protein Bar ei ole tavaline valgubatoon \u2013 see on uskumatult t\u00e4idlane viimase p\u00f5lvkonna batoon, mis ei tee kompromisse suurep\u00e4rase maitse ja ...\",\"breadcrumb\":{\"@id\":\"https:\\\/\\\/fit360.ee\\\/en\\\/pood\\\/product-groups\\\/protein-bars-and-snacks\\\/nano-protein-bar-55g\\\/#breadcrumb\"},\"inLanguage\":\"en-US\",\"potentialAction\":[{\"@type\":\"ReadAction\",\"target\":[\"https:\\\/\\\/fit360.ee\\\/en\\\/pood\\\/product-groups\\\/protein-bars-and-snacks\\\/nano-protein-bar-55g\\\/\"]}]},{\"@type\":\"ImageObject\",\"inLanguage\":\"en-US\",\"@id\":\"https:\\\/\\\/fit360.ee\\\/en\\\/pood\\\/product-groups\\\/protein-bars-and-snacks\\\/nano-protein-bar-55g\\\/#primaryimage\",\"url\":\"https:\\\/\\\/fit360.ee\\\/wp-content\\\/uploads\\\/2024\\\/07\\\/nano-protein-bar-fit360.ee_.png\",\"contentUrl\":\"https:\\\/\\\/fit360.ee\\\/wp-content\\\/uploads\\\/2024\\\/07\\\/nano-protein-bar-fit360.ee_.png\",\"width\":700,\"height\":500,\"caption\":\"nano protein bar - fit360.ee\"},{\"@type\":\"BreadcrumbList\",\"@id\":\"https:\\\/\\\/fit360.ee\\\/en\\\/pood\\\/product-groups\\\/protein-bars-and-snacks\\\/nano-protein-bar-55g\\\/#breadcrumb\",\"itemListElement\":[{\"@type\":\"ListItem\",\"position\":1,\"name\":\"Home\",\"item\":\"https:\\\/\\\/fit360.ee\\\/en\\\/\"},{\"@type\":\"ListItem\",\"position\":2,\"name\":\"Shop\",\"item\":\"https:\\\/\\\/fit360.ee\\\/en\\\/shop\\\/\"},{\"@type\":\"ListItem\",\"position\":3,\"name\":\"Nano Protein Bar (55g)\"}]},{\"@type\":\"WebSite\",\"@id\":\"https:\\\/\\\/fit360.ee\\\/en\\\/#website\",\"url\":\"https:\\\/\\\/fit360.ee\\\/en\\\/\",\"name\":\"Fit360\",\"description\":\"\",\"publisher\":{\"@id\":\"https:\\\/\\\/fit360.ee\\\/en\\\/#organization\"},\"potentialAction\":[{\"@type\":\"SearchAction\",\"target\":{\"@type\":\"EntryPoint\",\"urlTemplate\":\"https:\\\/\\\/fit360.ee\\\/en\\\/?s={search_term_string}\"},\"query-input\":{\"@type\":\"PropertyValueSpecification\",\"valueRequired\":true,\"valueName\":\"search_term_string\"}}],\"inLanguage\":\"en-US\"},{\"@type\":\"Organization\",\"@id\":\"https:\\\/\\\/fit360.ee\\\/en\\\/#organization\",\"name\":\"Fit360\",\"url\":\"https:\\\/\\\/fit360.ee\\\/en\\\/\",\"logo\":{\"@type\":\"ImageObject\",\"inLanguage\":\"en-US\",\"@id\":\"https:\\\/\\\/fit360.ee\\\/en\\\/#\\\/schema\\\/logo\\\/image\\\/\",\"url\":\"https:\\\/\\\/fit360.ee\\\/wp-content\\\/uploads\\\/2017\\\/01\\\/logo-fit360.png\",\"contentUrl\":\"https:\\\/\\\/fit360.ee\\\/wp-content\\\/uploads\\\/2017\\\/01\\\/logo-fit360.png\",\"width\":180,\"height\":66,\"caption\":\"Fit360\"},\"image\":{\"@id\":\"https:\\\/\\\/fit360.ee\\\/en\\\/#\\\/schema\\\/logo\\\/image\\\/\"}}]}<\/script>\n<!-- \/ Yoast SEO plugin. -->","yoast_head_json":{"title":"Nano Protein Bar (55g) - \u00dclimaitsev Proteiinibatoon - Kiire Tarne - Fit360","description":"Nano Protein Bar ei ole tavaline valgubatoon \u2013 see on uskumatult t\u00e4idlane viimase p\u00f5lvkonna batoon, mis ei tee kompromisse suurep\u00e4rase maitse ja ...","robots":{"index":"index","follow":"follow","max-snippet":"max-snippet:-1","max-image-preview":"max-image-preview:large","max-video-preview":"max-video-preview:-1"},"canonical":"https:\/\/fit360.ee\/en\/pood\/product-groups\/protein-bars-and-snacks\/nano-protein-bar-55g\/","og_locale":"en_US","og_type":"article","og_title":"Nano Protein Bar (55g) - \u00dclimaitsev Proteiinibatoon - Kiire Tarne - Fit360","og_description":"Nano Protein Bar ei ole tavaline valgubatoon \u2013 see on uskumatult t\u00e4idlane viimase p\u00f5lvkonna batoon, mis ei tee kompromisse suurep\u00e4rase maitse ja ...","og_url":"https:\/\/fit360.ee\/en\/pood\/product-groups\/protein-bars-and-snacks\/nano-protein-bar-55g\/","og_site_name":"Fit360","article_modified_time":"2025-08-13T05:35:21+00:00","og_image":[{"width":700,"height":500,"url":"https:\/\/fit360.ee\/wp-content\/uploads\/2024\/07\/nano-protein-bar-fit360.ee_.png","type":"image\/png"}],"twitter_card":"summary_large_image","twitter_misc":{"Est. reading time":"4 minutes"},"schema":{"@context":"https:\/\/schema.org","@graph":[{"@type":"WebPage","@id":"https:\/\/fit360.ee\/en\/pood\/product-groups\/protein-bars-and-snacks\/nano-protein-bar-55g\/","url":"https:\/\/fit360.ee\/en\/pood\/product-groups\/protein-bars-and-snacks\/nano-protein-bar-55g\/","name":"Nano Protein Bar (55g) - \u00dclimaitsev Proteiinibatoon - Kiire Tarne - Fit360","isPartOf":{"@id":"https:\/\/fit360.ee\/en\/#website"},"primaryImageOfPage":{"@id":"https:\/\/fit360.ee\/en\/pood\/product-groups\/protein-bars-and-snacks\/nano-protein-bar-55g\/#primaryimage"},"image":{"@id":"https:\/\/fit360.ee\/en\/pood\/product-groups\/protein-bars-and-snacks\/nano-protein-bar-55g\/#primaryimage"},"thumbnailUrl":"https:\/\/fit360.ee\/wp-content\/uploads\/2024\/07\/nano-protein-bar-fit360.ee_.png","datePublished":"2024-07-20T09:59:23+00:00","dateModified":"2025-08-13T05:35:21+00:00","description":"Nano Protein Bar ei ole tavaline valgubatoon \u2013 see on uskumatult t\u00e4idlane viimase p\u00f5lvkonna batoon, mis ei tee kompromisse suurep\u00e4rase maitse ja ...","breadcrumb":{"@id":"https:\/\/fit360.ee\/en\/pood\/product-groups\/protein-bars-and-snacks\/nano-protein-bar-55g\/#breadcrumb"},"inLanguage":"en-US","potentialAction":[{"@type":"ReadAction","target":["https:\/\/fit360.ee\/en\/pood\/product-groups\/protein-bars-and-snacks\/nano-protein-bar-55g\/"]}]},{"@type":"ImageObject","inLanguage":"en-US","@id":"https:\/\/fit360.ee\/en\/pood\/product-groups\/protein-bars-and-snacks\/nano-protein-bar-55g\/#primaryimage","url":"https:\/\/fit360.ee\/wp-content\/uploads\/2024\/07\/nano-protein-bar-fit360.ee_.png","contentUrl":"https:\/\/fit360.ee\/wp-content\/uploads\/2024\/07\/nano-protein-bar-fit360.ee_.png","width":700,"height":500,"caption":"nano protein bar - fit360.ee"},{"@type":"BreadcrumbList","@id":"https:\/\/fit360.ee\/en\/pood\/product-groups\/protein-bars-and-snacks\/nano-protein-bar-55g\/#breadcrumb","itemListElement":[{"@type":"ListItem","position":1,"name":"Home","item":"https:\/\/fit360.ee\/en\/"},{"@type":"ListItem","position":2,"name":"Shop","item":"https:\/\/fit360.ee\/en\/shop\/"},{"@type":"ListItem","position":3,"name":"Nano Protein Bar (55g)"}]},{"@type":"WebSite","@id":"https:\/\/fit360.ee\/en\/#website","url":"https:\/\/fit360.ee\/en\/","name":"Fit360","description":"","publisher":{"@id":"https:\/\/fit360.ee\/en\/#organization"},"potentialAction":[{"@type":"SearchAction","target":{"@type":"EntryPoint","urlTemplate":"https:\/\/fit360.ee\/en\/?s={search_term_string}"},"query-input":{"@type":"PropertyValueSpecification","valueRequired":true,"valueName":"search_term_string"}}],"inLanguage":"en-US"},{"@type":"Organization","@id":"https:\/\/fit360.ee\/en\/#organization","name":"Fit360","url":"https:\/\/fit360.ee\/en\/","logo":{"@type":"ImageObject","inLanguage":"en-US","@id":"https:\/\/fit360.ee\/en\/#\/schema\/logo\/image\/","url":"https:\/\/fit360.ee\/wp-content\/uploads\/2017\/01\/logo-fit360.png","contentUrl":"https:\/\/fit360.ee\/wp-content\/uploads\/2017\/01\/logo-fit360.png","width":180,"height":66,"caption":"Fit360"},"image":{"@id":"https:\/\/fit360.ee\/en\/#\/schema\/logo\/image\/"}}]}},"_links":{"self":[{"href":"https:\/\/fit360.ee\/en\/wp-json\/wp\/v2\/product\/81544","targetHints":{"allow":["GET"]}}],"collection":[{"href":"https:\/\/fit360.ee\/en\/wp-json\/wp\/v2\/product"}],"about":[{"href":"https:\/\/fit360.ee\/en\/wp-json\/wp\/v2\/types\/product"}],"replies":[{"embeddable":true,"href":"https:\/\/fit360.ee\/en\/wp-json\/wp\/v2\/comments?post=81544"}],"wp:featuredmedia":[{"embeddable":true,"href":"https:\/\/fit360.ee\/en\/wp-json\/wp\/v2\/media\/81539"}],"wp:attachment":[{"href":"https:\/\/fit360.ee\/en\/wp-json\/wp\/v2\/media?parent=81544"}],"wp:term":[{"taxonomy":"product_brand","embeddable":true,"href":"https:\/\/fit360.ee\/en\/wp-json\/wp\/v2\/product_brand?post=81544"},{"taxonomy":"product_cat","embeddable":true,"href":"https:\/\/fit360.ee\/en\/wp-json\/wp\/v2\/product_cat?post=81544"},{"taxonomy":"product_tag","embeddable":true,"href":"https:\/\/fit360.ee\/en\/wp-json\/wp\/v2\/product_tag?post=81544"},{"taxonomy":"giftcard-category","embeddable":true,"href":"https:\/\/fit360.ee\/en\/wp-json\/wp\/v2\/giftcard-category?post=81544"}],"curies":[{"name":"wp","href":"https:\/\/api.w.org\/{rel}","templated":true}]}}