{"id":81581,"date":"2024-07-20T13:29:28","date_gmt":"2024-07-20T11:29:28","guid":{"rendered":"https:\/\/fit360.ee\/pood\/uncategorized\/nano-hype-beast-320g\/"},"modified":"2025-08-13T07:36:30","modified_gmt":"2025-08-13T05:36:30","slug":"nano-hype-beast-320g","status":"publish","type":"product","link":"https:\/\/fit360.ee\/en\/pood\/product-groups\/amino-acids-bcaa\/beta-alanine-en\/nano-hype-beast-320g\/","title":{"rendered":"Nano Hype Beast (320g)"},"content":{"rendered":"<h2><strong>Hype Beast<\/strong><\/h2>\n<p>Nanosupps HYPE BEAST sisaldab enim t\u00f5estatud koostisosi, mis v\u00f5imaldavad t\u00f5husamat treeningut, millel on rohkem energiat, rohkem keskendumist ja ekstreemset pumpa.<\/p>\n<p>HYPE BEAST on suhkruvaba ja seda saab kasutada ka v\u00e4hendatud kalorsusega dieedi ajal. Kofeiini kogus portsjoni kohta hoiti teadlikult m\u00f5\u00f5dukas 240 mg juures, et j\u00e4rgnev regeneratsioonifaas ja \u00f6ine puhkus p\u00e4rast treeningut ei oleks ohus. Kreatiini v\u00e4lditi teadlikult.<\/p>\n<p>Olenemata sellest, kas olete sooritusv\u00f5imele orienteeritud treenija, kes teeb 5 treeningut n\u00e4dalas, v\u00f5i hobisportlane, HYPE BEAST on ideaalne loid ja v\u00e4sinud p\u00e4evadeks, mil poleks v\u00f5imalik t\u00f5husalt treenida, v\u00f5i selleks, et treeningutest maksimumi v\u00f5tta.<\/p>\n<p>Kreatiinivaba, suure annusega treeninguv\u00f5imendi pumpamiseks, keskendumiseks ja j\u00f5udluseks koos k\u00f5ige 6 k\u00f5ige t\u00f5husama koostisosaga.<\/p>\n<ul>\n<li><strong>Suure annusega Pre-Workout 6 v\u00f5imsa koostisosaga:<\/strong>\u00a0\u00a0Sisaldab<a href=\"https:\/\/fit360.ee\/en\/product-category\/product-groups\/amino-acids-bcaa\/citrulline-en\/\"><strong> L-tsitrulliin-DL-malaati<\/strong><\/a>, <a href=\"https:\/\/fit360.ee\/en\/product-category\/product-groups\/amino-acids-bcaa\/beta-alanine-en\/\"><strong>beeta-alaniini<\/strong><\/a>, NanoSigineBlend\u2122-i, Rhodiola Rosea ekstrakti, kofeiini ja N-atset\u00fc\u00fcl-L-ts\u00fcsteiini, mis suurendavad energiat ja keskendumist.<\/li>\n<li><strong>Sisaldab vitamiine ja mineraalaineid:<\/strong>\u00a0\u00a0\u00a0annab tasakaalustatud toitumise ja tervise jaoks vajalikke olulisi mikroelemente.\u00a0\u00a0Sisaldab B3-vitamiini, B12-vitamiini, valge veini ekstrakti, peediekstrakti ja muid taimeekstrakte.<\/li>\n<\/ul>\n<p><strong>Koostisosad<\/strong>: L-tsitrulliin Dl Malat 2:1, beeta-alaniin, Nanosigineblend\u2122 (veevaba arginiin, inositool, silikoon), N-atset\u00fc\u00fcl-L-t\u00fcrosiin, Rhodiola roosi ekstrakt, puurimisvastane aine (r\u00e4nidioksiid), hape (sidrunhape) kofeiin (veevaba), N-atset\u00fc\u00fcl-L-ts\u00fcsteiin, norvaliin, pajukoore ekstrakt, peedijuure ekstrakt, L-teaniin, siberi \u017een\u0161enni ekstrakt, nikotiinamiid, Schisandra sphenanthera ekstrakt, Camelia sinensis, l\u00f5hna- ja maitseained, magusaine (sukraloos), musta pipra ekstrakt (Piper Negrum), Bioperine\u2122, sool, v\u00e4rvaine (indigokarmiin), ts\u00fcanokobalamiin.<\/p>\n<p><strong>Kasutamine<\/strong>: Sega 1 portsjon (1 kuhjaga m\u00f5\u00f5tlusikas) korralikult 250-350ml k\u00fclma veega ja tarbi 20 minutit enne treeningut.<\/p>\n<p><strong>Suurus<\/strong>: 320g &#8211; 30 serveeringut<\/p>\n<h4><b>AKTIIVSED KOOSTISOSAD<\/b><\/h4>\n<table id=\"t_2\">\n<tbody>\n<tr>\n<td><strong>Toimeained<\/strong><\/td>\n<td><strong>100 g kohta<\/strong><\/td>\n<td><strong>portsjoni kohta (10,6 g)<\/strong><\/td>\n<\/tr>\n<tr>\n<td>L-tsitrulliin DL malaat 2:1<\/td>\n<td>47170 mg<\/td>\n<td>5000 mg<\/td>\n<\/tr>\n<tr>\n<td>Beeta-alaniin<\/td>\n<td>18869 mg<\/td>\n<td>2000 mg<\/td>\n<\/tr>\n<tr>\n<td>NanoSigineBlend\u2122<\/td>\n<td>15094 mg<\/td>\n<td>1600 mg<\/td>\n<\/tr>\n<tr>\n<td>Rhodiola Rosea ekstrakt<\/td>\n<td>2358 mg<\/td>\n<td>250 mg<\/td>\n<\/tr>\n<tr>\n<td>Veevaba kofeiin<\/td>\n<td>1887 mg<\/td>\n<td>200 mg<\/td>\n<\/tr>\n<tr>\n<td>N-atset\u00fc\u00fcl-L-ts\u00fcsteiin<\/td>\n<td>1887 mg<\/td>\n<td>200 mg<\/td>\n<\/tr>\n<tr>\n<td>Pajukoore ekstrakt<\/td>\n<td>1745 mg<\/td>\n<td>185 mg<\/td>\n<\/tr>\n<tr>\n<td>&#8211; millest salitsiini (15%)<\/td>\n<td>262 mg<\/td>\n<td>28 mg<\/td>\n<\/tr>\n<tr>\n<td>L-teaniin<\/td>\n<td>943 mg<\/td>\n<td>100 mg<\/td>\n<\/tr>\n<tr>\n<td>Siberi \u017een\u0161enni ekstrakt<\/td>\n<td>943 mg<\/td>\n<td>100 mg<\/td>\n<\/tr>\n<tr>\n<td>Vitamiin B3 (nikotiinamiid)<\/td>\n<td>509 mg (3180% NRV*)<\/td>\n<td>54 mg (337% NRV*)<\/td>\n<\/tr>\n<tr>\n<td>Valge tee ekstrakt (camelia sinensis)<\/td>\n<td>226 mg<\/td>\n<td>24 mg<\/td>\n<\/tr>\n<tr>\n<td>&#8211; millest EGCG (45%)<\/td>\n<td>101,7 mg<\/td>\n<td>10,8 mg<\/td>\n<\/tr>\n<tr>\n<td>Musta pipra ekstrakt (piper negrum)<\/td>\n<td>94 mg<\/td>\n<td>10 mg<\/td>\n<\/tr>\n<tr>\n<td>Vitamiin B12 (ts\u00fcanokobalamiin)<\/td>\n<td>934 mcg (37360% NRV*)<\/td>\n<td>100 mcg (3960% NRV*)<\/td>\n<\/tr>\n<\/tbody>\n<\/table>\n<p>Vaata ka meie Teisi Pre-Workoute\u00a0<a href=\"https:\/\/fit360.ee\/en\/product-category\/product-groups\/pre-workout-en\/\"><strong>SIIT<\/strong><\/a>!<\/p>\n<p>Soovid kaupa osta suuremas koguses? Vaata antud toodet ka meie HULGI poest\u00a0<a href=\"https:\/\/toidulisandidhulgi.ee\/tooted\/nano-hype-beast-320g\/\"><strong>SIIT<\/strong><\/a>!<\/p>\n","protected":false},"excerpt":{"rendered":"<ul>\n<li>Suure annusega Pre-Workout 6 v\u00f5imsa koostisosaga<\/li>\n<li>Sisaldab vitamiine ja mineraale<\/li>\n<li>30 serveeringut<\/li>\n<li>Suur kogus t\u00f5husaid toimeaineid<\/li>\n<\/ul>\n<p>&nbsp;<\/p>\n","protected":false},"featured_media":81580,"comment_status":"open","ping_status":"closed","template":"","meta":[],"product_brand":[],"product_cat":[520,2303,5324,2314,2311,5059,533],"product_tag":[5109,5110,5067],"giftcard-category":[],"class_list":{"0":"post-81581","1":"product","2":"type-product","3":"status-publish","4":"has-post-thumbnail","6":"product_cat-amino-acids-bcaa","7":"product_cat-beta-alanine-en","8":"product_cat-caffeine-en","9":"product_cat-citrulline-en","10":"product_cat-l-arginine-en","11":"product_cat-nano-supps-en","12":"product_cat-pre-workout-en","13":"product_tag-hype-beast-en","14":"product_tag-nano-hype-beast-en","15":"product_tag-nano-supps-en","16":"pa_maitse-energy-drink-en","17":"pa_maitse-marja-en","18":"pa_maitse-sour-apple-en","19":"pa_maitse-tropical","21":"first","22":"instock","23":"sale","24":"taxable","25":"shipping-taxable","26":"purchasable","27":"product-type-variable"},"yoast_head":"<!-- This site is optimized with the Yoast SEO plugin v27.3 - https:\/\/yoast.com\/product\/yoast-seo-wordpress\/ -->\n<title>Nano Hype Beast (320g) - Tugev Pre-Workout - Kiire Tarne - Fit360<\/title>\n<meta name=\"description\" content=\"Hype Beast sisaldab enim t\u00f5estatud koostisosi, mis v\u00f5imaldavad t\u00f5husamat treeningut, millel on rohkem energiat, rohkem keskendumist ja ekstreemset pumpa.\" \/>\n<meta name=\"robots\" content=\"index, follow, max-snippet:-1, max-image-preview:large, max-video-preview:-1\" \/>\n<link rel=\"canonical\" href=\"https:\/\/fit360.ee\/en\/pood\/product-groups\/amino-acids-bcaa\/beta-alanine-en\/nano-hype-beast-320g\/\" \/>\n<meta property=\"og:locale\" content=\"en_US\" \/>\n<meta property=\"og:type\" content=\"article\" \/>\n<meta property=\"og:title\" content=\"Nano Hype Beast (320g) - Tugev Pre-Workout - Kiire Tarne - Fit360\" \/>\n<meta property=\"og:description\" content=\"Hype Beast sisaldab enim t\u00f5estatud koostisosi, mis v\u00f5imaldavad t\u00f5husamat treeningut, millel on rohkem energiat, rohkem keskendumist ja ekstreemset pumpa.\" \/>\n<meta property=\"og:url\" content=\"https:\/\/fit360.ee\/en\/pood\/product-groups\/amino-acids-bcaa\/beta-alanine-en\/nano-hype-beast-320g\/\" \/>\n<meta property=\"og:site_name\" content=\"Fit360\" \/>\n<meta property=\"article:modified_time\" content=\"2025-08-13T05:36:30+00:00\" \/>\n<meta property=\"og:image\" content=\"https:\/\/fit360.ee\/wp-content\/uploads\/2024\/07\/nano-hype-beast-fit360.ee_.jpg\" \/>\n\t<meta property=\"og:image:width\" content=\"600\" \/>\n\t<meta property=\"og:image:height\" content=\"600\" \/>\n\t<meta property=\"og:image:type\" content=\"image\/jpeg\" \/>\n<meta name=\"twitter:card\" content=\"summary_large_image\" \/>\n<meta name=\"twitter:label1\" content=\"Est. reading time\" \/>\n\t<meta name=\"twitter:data1\" content=\"3 minutes\" \/>\n<script type=\"application\/ld+json\" class=\"yoast-schema-graph\">{\"@context\":\"https:\\\/\\\/schema.org\",\"@graph\":[{\"@type\":\"WebPage\",\"@id\":\"https:\\\/\\\/fit360.ee\\\/en\\\/pood\\\/product-groups\\\/amino-acids-bcaa\\\/beta-alanine-en\\\/nano-hype-beast-320g\\\/\",\"url\":\"https:\\\/\\\/fit360.ee\\\/en\\\/pood\\\/product-groups\\\/amino-acids-bcaa\\\/beta-alanine-en\\\/nano-hype-beast-320g\\\/\",\"name\":\"Nano Hype Beast (320g) - Tugev Pre-Workout - Kiire Tarne - Fit360\",\"isPartOf\":{\"@id\":\"https:\\\/\\\/fit360.ee\\\/en\\\/#website\"},\"primaryImageOfPage\":{\"@id\":\"https:\\\/\\\/fit360.ee\\\/en\\\/pood\\\/product-groups\\\/amino-acids-bcaa\\\/beta-alanine-en\\\/nano-hype-beast-320g\\\/#primaryimage\"},\"image\":{\"@id\":\"https:\\\/\\\/fit360.ee\\\/en\\\/pood\\\/product-groups\\\/amino-acids-bcaa\\\/beta-alanine-en\\\/nano-hype-beast-320g\\\/#primaryimage\"},\"thumbnailUrl\":\"https:\\\/\\\/fit360.ee\\\/wp-content\\\/uploads\\\/2024\\\/07\\\/nano-hype-beast-fit360.ee_.jpg\",\"datePublished\":\"2024-07-20T11:29:28+00:00\",\"dateModified\":\"2025-08-13T05:36:30+00:00\",\"description\":\"Hype Beast sisaldab enim t\u00f5estatud koostisosi, mis v\u00f5imaldavad t\u00f5husamat treeningut, millel on rohkem energiat, rohkem keskendumist ja ekstreemset pumpa.\",\"breadcrumb\":{\"@id\":\"https:\\\/\\\/fit360.ee\\\/en\\\/pood\\\/product-groups\\\/amino-acids-bcaa\\\/beta-alanine-en\\\/nano-hype-beast-320g\\\/#breadcrumb\"},\"inLanguage\":\"en-US\",\"potentialAction\":[{\"@type\":\"ReadAction\",\"target\":[\"https:\\\/\\\/fit360.ee\\\/en\\\/pood\\\/product-groups\\\/amino-acids-bcaa\\\/beta-alanine-en\\\/nano-hype-beast-320g\\\/\"]}]},{\"@type\":\"ImageObject\",\"inLanguage\":\"en-US\",\"@id\":\"https:\\\/\\\/fit360.ee\\\/en\\\/pood\\\/product-groups\\\/amino-acids-bcaa\\\/beta-alanine-en\\\/nano-hype-beast-320g\\\/#primaryimage\",\"url\":\"https:\\\/\\\/fit360.ee\\\/wp-content\\\/uploads\\\/2024\\\/07\\\/nano-hype-beast-fit360.ee_.jpg\",\"contentUrl\":\"https:\\\/\\\/fit360.ee\\\/wp-content\\\/uploads\\\/2024\\\/07\\\/nano-hype-beast-fit360.ee_.jpg\",\"width\":600,\"height\":600,\"caption\":\"nano hype beast - fit360.ee\"},{\"@type\":\"BreadcrumbList\",\"@id\":\"https:\\\/\\\/fit360.ee\\\/en\\\/pood\\\/product-groups\\\/amino-acids-bcaa\\\/beta-alanine-en\\\/nano-hype-beast-320g\\\/#breadcrumb\",\"itemListElement\":[{\"@type\":\"ListItem\",\"position\":1,\"name\":\"Home\",\"item\":\"https:\\\/\\\/fit360.ee\\\/en\\\/\"},{\"@type\":\"ListItem\",\"position\":2,\"name\":\"Shop\",\"item\":\"https:\\\/\\\/fit360.ee\\\/en\\\/shop\\\/\"},{\"@type\":\"ListItem\",\"position\":3,\"name\":\"Nano Hype Beast (320g)\"}]},{\"@type\":\"WebSite\",\"@id\":\"https:\\\/\\\/fit360.ee\\\/en\\\/#website\",\"url\":\"https:\\\/\\\/fit360.ee\\\/en\\\/\",\"name\":\"Fit360\",\"description\":\"\",\"publisher\":{\"@id\":\"https:\\\/\\\/fit360.ee\\\/en\\\/#organization\"},\"potentialAction\":[{\"@type\":\"SearchAction\",\"target\":{\"@type\":\"EntryPoint\",\"urlTemplate\":\"https:\\\/\\\/fit360.ee\\\/en\\\/?s={search_term_string}\"},\"query-input\":{\"@type\":\"PropertyValueSpecification\",\"valueRequired\":true,\"valueName\":\"search_term_string\"}}],\"inLanguage\":\"en-US\"},{\"@type\":\"Organization\",\"@id\":\"https:\\\/\\\/fit360.ee\\\/en\\\/#organization\",\"name\":\"Fit360\",\"url\":\"https:\\\/\\\/fit360.ee\\\/en\\\/\",\"logo\":{\"@type\":\"ImageObject\",\"inLanguage\":\"en-US\",\"@id\":\"https:\\\/\\\/fit360.ee\\\/en\\\/#\\\/schema\\\/logo\\\/image\\\/\",\"url\":\"https:\\\/\\\/fit360.ee\\\/wp-content\\\/uploads\\\/2017\\\/01\\\/logo-fit360.png\",\"contentUrl\":\"https:\\\/\\\/fit360.ee\\\/wp-content\\\/uploads\\\/2017\\\/01\\\/logo-fit360.png\",\"width\":180,\"height\":66,\"caption\":\"Fit360\"},\"image\":{\"@id\":\"https:\\\/\\\/fit360.ee\\\/en\\\/#\\\/schema\\\/logo\\\/image\\\/\"}}]}<\/script>\n<!-- \/ Yoast SEO plugin. -->","yoast_head_json":{"title":"Nano Hype Beast (320g) - Tugev Pre-Workout - Kiire Tarne - Fit360","description":"Hype Beast sisaldab enim t\u00f5estatud koostisosi, mis v\u00f5imaldavad t\u00f5husamat treeningut, millel on rohkem energiat, rohkem keskendumist ja ekstreemset pumpa.","robots":{"index":"index","follow":"follow","max-snippet":"max-snippet:-1","max-image-preview":"max-image-preview:large","max-video-preview":"max-video-preview:-1"},"canonical":"https:\/\/fit360.ee\/en\/pood\/product-groups\/amino-acids-bcaa\/beta-alanine-en\/nano-hype-beast-320g\/","og_locale":"en_US","og_type":"article","og_title":"Nano Hype Beast (320g) - Tugev Pre-Workout - Kiire Tarne - Fit360","og_description":"Hype Beast sisaldab enim t\u00f5estatud koostisosi, mis v\u00f5imaldavad t\u00f5husamat treeningut, millel on rohkem energiat, rohkem keskendumist ja ekstreemset pumpa.","og_url":"https:\/\/fit360.ee\/en\/pood\/product-groups\/amino-acids-bcaa\/beta-alanine-en\/nano-hype-beast-320g\/","og_site_name":"Fit360","article_modified_time":"2025-08-13T05:36:30+00:00","og_image":[{"width":600,"height":600,"url":"https:\/\/fit360.ee\/wp-content\/uploads\/2024\/07\/nano-hype-beast-fit360.ee_.jpg","type":"image\/jpeg"}],"twitter_card":"summary_large_image","twitter_misc":{"Est. reading time":"3 minutes"},"schema":{"@context":"https:\/\/schema.org","@graph":[{"@type":"WebPage","@id":"https:\/\/fit360.ee\/en\/pood\/product-groups\/amino-acids-bcaa\/beta-alanine-en\/nano-hype-beast-320g\/","url":"https:\/\/fit360.ee\/en\/pood\/product-groups\/amino-acids-bcaa\/beta-alanine-en\/nano-hype-beast-320g\/","name":"Nano Hype Beast (320g) - Tugev Pre-Workout - Kiire Tarne - Fit360","isPartOf":{"@id":"https:\/\/fit360.ee\/en\/#website"},"primaryImageOfPage":{"@id":"https:\/\/fit360.ee\/en\/pood\/product-groups\/amino-acids-bcaa\/beta-alanine-en\/nano-hype-beast-320g\/#primaryimage"},"image":{"@id":"https:\/\/fit360.ee\/en\/pood\/product-groups\/amino-acids-bcaa\/beta-alanine-en\/nano-hype-beast-320g\/#primaryimage"},"thumbnailUrl":"https:\/\/fit360.ee\/wp-content\/uploads\/2024\/07\/nano-hype-beast-fit360.ee_.jpg","datePublished":"2024-07-20T11:29:28+00:00","dateModified":"2025-08-13T05:36:30+00:00","description":"Hype Beast sisaldab enim t\u00f5estatud koostisosi, mis v\u00f5imaldavad t\u00f5husamat treeningut, millel on rohkem energiat, rohkem keskendumist ja ekstreemset pumpa.","breadcrumb":{"@id":"https:\/\/fit360.ee\/en\/pood\/product-groups\/amino-acids-bcaa\/beta-alanine-en\/nano-hype-beast-320g\/#breadcrumb"},"inLanguage":"en-US","potentialAction":[{"@type":"ReadAction","target":["https:\/\/fit360.ee\/en\/pood\/product-groups\/amino-acids-bcaa\/beta-alanine-en\/nano-hype-beast-320g\/"]}]},{"@type":"ImageObject","inLanguage":"en-US","@id":"https:\/\/fit360.ee\/en\/pood\/product-groups\/amino-acids-bcaa\/beta-alanine-en\/nano-hype-beast-320g\/#primaryimage","url":"https:\/\/fit360.ee\/wp-content\/uploads\/2024\/07\/nano-hype-beast-fit360.ee_.jpg","contentUrl":"https:\/\/fit360.ee\/wp-content\/uploads\/2024\/07\/nano-hype-beast-fit360.ee_.jpg","width":600,"height":600,"caption":"nano hype beast - fit360.ee"},{"@type":"BreadcrumbList","@id":"https:\/\/fit360.ee\/en\/pood\/product-groups\/amino-acids-bcaa\/beta-alanine-en\/nano-hype-beast-320g\/#breadcrumb","itemListElement":[{"@type":"ListItem","position":1,"name":"Home","item":"https:\/\/fit360.ee\/en\/"},{"@type":"ListItem","position":2,"name":"Shop","item":"https:\/\/fit360.ee\/en\/shop\/"},{"@type":"ListItem","position":3,"name":"Nano Hype Beast (320g)"}]},{"@type":"WebSite","@id":"https:\/\/fit360.ee\/en\/#website","url":"https:\/\/fit360.ee\/en\/","name":"Fit360","description":"","publisher":{"@id":"https:\/\/fit360.ee\/en\/#organization"},"potentialAction":[{"@type":"SearchAction","target":{"@type":"EntryPoint","urlTemplate":"https:\/\/fit360.ee\/en\/?s={search_term_string}"},"query-input":{"@type":"PropertyValueSpecification","valueRequired":true,"valueName":"search_term_string"}}],"inLanguage":"en-US"},{"@type":"Organization","@id":"https:\/\/fit360.ee\/en\/#organization","name":"Fit360","url":"https:\/\/fit360.ee\/en\/","logo":{"@type":"ImageObject","inLanguage":"en-US","@id":"https:\/\/fit360.ee\/en\/#\/schema\/logo\/image\/","url":"https:\/\/fit360.ee\/wp-content\/uploads\/2017\/01\/logo-fit360.png","contentUrl":"https:\/\/fit360.ee\/wp-content\/uploads\/2017\/01\/logo-fit360.png","width":180,"height":66,"caption":"Fit360"},"image":{"@id":"https:\/\/fit360.ee\/en\/#\/schema\/logo\/image\/"}}]}},"_links":{"self":[{"href":"https:\/\/fit360.ee\/en\/wp-json\/wp\/v2\/product\/81581","targetHints":{"allow":["GET"]}}],"collection":[{"href":"https:\/\/fit360.ee\/en\/wp-json\/wp\/v2\/product"}],"about":[{"href":"https:\/\/fit360.ee\/en\/wp-json\/wp\/v2\/types\/product"}],"replies":[{"embeddable":true,"href":"https:\/\/fit360.ee\/en\/wp-json\/wp\/v2\/comments?post=81581"}],"wp:featuredmedia":[{"embeddable":true,"href":"https:\/\/fit360.ee\/en\/wp-json\/wp\/v2\/media\/81580"}],"wp:attachment":[{"href":"https:\/\/fit360.ee\/en\/wp-json\/wp\/v2\/media?parent=81581"}],"wp:term":[{"taxonomy":"product_brand","embeddable":true,"href":"https:\/\/fit360.ee\/en\/wp-json\/wp\/v2\/product_brand?post=81581"},{"taxonomy":"product_cat","embeddable":true,"href":"https:\/\/fit360.ee\/en\/wp-json\/wp\/v2\/product_cat?post=81581"},{"taxonomy":"product_tag","embeddable":true,"href":"https:\/\/fit360.ee\/en\/wp-json\/wp\/v2\/product_tag?post=81581"},{"taxonomy":"giftcard-category","embeddable":true,"href":"https:\/\/fit360.ee\/en\/wp-json\/wp\/v2\/giftcard-category?post=81581"}],"curies":[{"name":"wp","href":"https:\/\/api.w.org\/{rel}","templated":true}]}}