{"id":81612,"date":"2024-07-22T14:29:35","date_gmt":"2024-07-22T12:29:35","guid":{"rendered":"https:\/\/fit360.ee\/pood\/uncategorized\/nano-bcaa-420g\/"},"modified":"2025-08-13T07:39:15","modified_gmt":"2025-08-13T05:39:15","slug":"nano-bcaa-420g","status":"publish","type":"product","link":"https:\/\/fit360.ee\/en\/pood\/product-groups\/amino-acids-bcaa\/bcaa-en\/nano-bcaa-420g\/","title":{"rendered":"Nano BCAA (420g)"},"content":{"rendered":"<h2><strong>Nano BCAA<\/strong><\/h2>\n<div>Nano BCAA on v\u00e4lja t\u00f6\u00f6tatud ja loodud tipptasemel NANO-SYN\u2122 tehnoloogial, mis tagab aktiivsete koostisosade 5 korda kiirema ja t\u00f5husa imendumise. See pakub esmaklassilist vegan hargnenud ahelaga aminohapet (BCAA), mis ei sisalda suhkrut, rasva ega v\u00e4rvaineid.<br \/>\nNano BCAA sisaldab ka elektrol\u00fc\u00fcte, mis parandavad h\u00fcdratatsiooni 360 mg Nano-Syn ketoelektrol\u00fc\u00fctide seguga naatriumist, kaltsiumist ja magneesiumist.<\/div>\n<div>\u00e4 eesm\u00e4rk on pakkuda teile ainulaadse maitseelamuse k\u00f5rval k\u00f5rgeima kvaliteediga bcaa-d ilma kunstlike v\u00e4rvide v\u00f5i magusaineteta. Maitseeksperdid loovad ja testivad maitseid, et pakkuda teile avangardset ja rikkalikku maitsevalikut.<br \/>\nNano on tipptasemel bcaa, mis viib tuleviku sportliku toitumise teaduseni.<\/div>\n<div><\/div>\n<div>Nano BCAA-ga anname teile igas purgis ainulaadse k\u00e4sitsi valmistatud kasepuidust kulbi, mille on loonud Rootsi disainerid. Puidust kulbi m\u00f5\u00f5t on 3 g, kahe kulbi abil saad t\u00e4is 6 g portsjoni, mis annab 5 g BCAA-sid.<\/div>\n<div><\/div>\n<div><strong>Koostisosad<\/strong>: <span style=\"color: #555555; font-size: 14.4px;\">Nano-syn\u2122 hargunud ahelaga aminohapeed: l-leutsiin, l-isoleuciin, l-valiin suhtes 2:1:1, nano-syn\u2122 keto-elektrol\u00fc\u00fcdi segu [magneesiumoksiid 180 mg \/ serveerimine, calci-k\u00ae kaltsium-kaaliumtstraatfostaat 200 mg \/ toonis (fosfor 19,3 mg, kaltsium 39,36 mg, kaalium 33,78 mg), kaaliumjodiid 160 mg \/ toonis, naatriumklooriid (180 mg seediumkloriid) maht-ained, magusained (stevia gl\u00fckosiidid).<\/span><\/div>\n<div><\/div>\n<div><strong>Kasutamine<\/strong>: S<span style=\"color: #555555; font-size: 14.4px;\">sega 1 portsjon (2 m\u00f5\u00f5telusikat) 300-500 ml k\u00fclma veega, v\u00f5tta 2 portsjat s\u00f6\u00f6gi vahel, enne, treeningu ajal v\u00f5i p\u00e4rast v\u00f5i millal meeldial ajal.<\/span><\/div>\n<div><\/div>\n<div><strong>Suurus<\/strong>: 420g<\/div>\n<div><\/div>\n<div>\n<table>\n<tbody>\n<tr>\n<td><strong>Toimeained<\/strong><\/td>\n<td><strong>100 g toote kohta<\/strong><\/td>\n<td><strong>portsjoni kohta<\/strong><\/td>\n<td><strong>2 portsjoni kohta<\/strong><\/td>\n<\/tr>\n<tr>\n<td>Energia<\/td>\n<td>1411 KJ \/ 332 KCAL<\/td>\n<td>169 KJ \/ 40 KCAL<\/td>\n<td>338 KJ \/ 80 KCAL<\/td>\n<\/tr>\n<tr>\n<td>Rasvad<\/td>\n<td>0 g<\/td>\n<td>0 g<\/td>\n<td>0 g<\/td>\n<\/tr>\n<tr>\n<td>\u2013\u00a0 <em>millest<\/em> k\u00fcllastunud rasvhapped<\/td>\n<td>0 g<\/td>\n<td>0 g<\/td>\n<td>0 g<\/td>\n<\/tr>\n<tr>\n<td>S\u00fcsivesikud<\/td>\n<td>0 g<\/td>\n<td>0 g<\/td>\n<td>0 g<\/td>\n<\/tr>\n<tr>\n<td>&#8211; <em>millest<\/em> suhkur<\/td>\n<td>0 g<\/td>\n<td>0 g<\/td>\n<td>0 g<\/td>\n<\/tr>\n<tr>\n<td>Valgud<\/td>\n<td>83 g<\/td>\n<td>10 g<\/td>\n<td>20 g<\/td>\n<\/tr>\n<tr>\n<td>Sool<\/td>\n<td>&lt; 1 g<\/td>\n<td>&lt; 1 g<\/td>\n<td>&lt; 1 g<\/td>\n<\/tr>\n<tr>\n<td><strong>Nano-Syn\u2122 BCAA-segu<\/strong><\/td>\n<td><\/td>\n<td><\/td>\n<td><\/td>\n<\/tr>\n<tr>\n<td>L-leutsiin<\/td>\n<td>41 g<\/td>\n<td>5000 mg<\/td>\n<td>10000 mg<\/td>\n<\/tr>\n<tr>\n<td>L-isoleutsiin<\/td>\n<td>21 g<\/td>\n<td>2500 mg<\/td>\n<td>5000 mg<\/td>\n<\/tr>\n<tr>\n<td>L-valiin<\/td>\n<td>21 g<\/td>\n<td>2500 mg<\/td>\n<td>5000 mg<\/td>\n<\/tr>\n<tr>\n<td>Nano-Syn\u2122 ketoelektrol\u00fc\u00fctide segu<br \/>\n(naatrium, kaltsium, magneesium, calci-k\u00ae)<\/td>\n<td>6000 mg<\/td>\n<td>720 mg<\/td>\n<td>1440 mg<\/td>\n<\/tr>\n<\/tbody>\n<\/table>\n<p>&nbsp;<\/p>\n<p>Vaata ka meie teisi Aminohappeid <a href=\"https:\/\/fit360.ee\/en\/product-category\/product-groups\/amino-acids-bcaa\/\"><strong>SIIT<\/strong><\/a> v\u00f5i BCAA tooteid <a href=\"https:\/\/fit360.ee\/en\/product-category\/product-groups\/amino-acids-bcaa\/bcaa-en\/\"><strong>SIIT<\/strong><\/a>!<\/p>\n<p>Soovid kaupa osta suuremas koguses? Vaata antud toodet ka meie HULGI poest\u00a0<a href=\"https:\/\/toidulisandidhulgi.ee\/tooted\/nano-bcaa-420g\/\"><strong>SIIT<\/strong><\/a>!<\/p>\n<\/div>\n","protected":false},"excerpt":{"rendered":"<ul>\n<li>NANO-SYN\u2122 tehnoloogial, mis tagab aktiivsete koostisosade 5 korda kiirema ja t\u00f5husa imendumise<\/li>\n<li>Vegan sobilik<\/li>\n<li>0g rasva ja s\u00fcsivesikuid<\/li>\n<li>\u00dclihead maitsed<\/li>\n<\/ul>\n","protected":false},"featured_media":81611,"comment_status":"open","ping_status":"closed","template":"","meta":[],"product_brand":[],"product_cat":[520,2299,2335,5059,1201],"product_tag":[1791,5117,5067],"giftcard-category":[],"class_list":{"0":"post-81612","1":"product","2":"type-product","3":"status-publish","4":"has-post-thumbnail","6":"product_cat-amino-acids-bcaa","7":"product_cat-bcaa-en","8":"product_cat-leucine-en","9":"product_cat-nano-supps-en","10":"product_cat-1201","11":"product_tag-bcaa-en","12":"product_tag-nano-bcaa-en","13":"product_tag-nano-supps-en","14":"pa_maitse-cotton-candy-cloud-en","15":"pa_maitse-cucumber-lime-water-en","16":"pa_maitse-peach-ice-tea-en","17":"pa_maitse-super-pear-en","18":"pa_maitse-watermelon-citrus-en","19":"pa_maitse-wildberry-smash-en","21":"first","22":"instock","23":"sale","24":"taxable","25":"shipping-taxable","26":"purchasable","27":"product-type-variable"},"yoast_head":"<!-- This site is optimized with the Yoast SEO plugin v27.3 - https:\/\/yoast.com\/product\/yoast-seo-wordpress\/ -->\n<title>Nano BCAA (420g) - 100% puhas - Kiire Imendumine - Vegan BCAA - Fit360<\/title>\n<meta name=\"description\" content=\"Nano BCAA on v\u00e4lja t\u00f6\u00f6tatud ja loodud tipptasemel NANO-SYN\u2122 tehnoloogial, mis tagab aktiivsete koostisosade 5 korda kiirema ja t\u00f5husa imendumise.\" \/>\n<meta name=\"robots\" content=\"index, follow, max-snippet:-1, max-image-preview:large, max-video-preview:-1\" \/>\n<link rel=\"canonical\" href=\"https:\/\/fit360.ee\/en\/pood\/product-groups\/amino-acids-bcaa\/bcaa-en\/nano-bcaa-420g\/\" \/>\n<meta property=\"og:locale\" content=\"en_US\" \/>\n<meta property=\"og:type\" content=\"article\" \/>\n<meta property=\"og:title\" content=\"Nano BCAA (420g) - 100% puhas - Kiire Imendumine - Vegan BCAA - Fit360\" \/>\n<meta property=\"og:description\" content=\"Nano BCAA on v\u00e4lja t\u00f6\u00f6tatud ja loodud tipptasemel NANO-SYN\u2122 tehnoloogial, mis tagab aktiivsete koostisosade 5 korda kiirema ja t\u00f5husa imendumise.\" \/>\n<meta property=\"og:url\" content=\"https:\/\/fit360.ee\/en\/pood\/product-groups\/amino-acids-bcaa\/bcaa-en\/nano-bcaa-420g\/\" \/>\n<meta property=\"og:site_name\" content=\"Fit360\" \/>\n<meta property=\"article:modified_time\" content=\"2025-08-13T05:39:15+00:00\" \/>\n<meta property=\"og:image\" content=\"https:\/\/fit360.ee\/wp-content\/uploads\/2024\/07\/nano-bcaa-fit360.ee_.jpg\" \/>\n\t<meta property=\"og:image:width\" content=\"600\" \/>\n\t<meta property=\"og:image:height\" content=\"600\" \/>\n\t<meta property=\"og:image:type\" content=\"image\/jpeg\" \/>\n<meta name=\"twitter:card\" content=\"summary_large_image\" \/>\n<meta name=\"twitter:label1\" content=\"Est. reading time\" \/>\n\t<meta name=\"twitter:data1\" content=\"2 minutes\" \/>\n<script type=\"application\/ld+json\" class=\"yoast-schema-graph\">{\"@context\":\"https:\\\/\\\/schema.org\",\"@graph\":[{\"@type\":\"WebPage\",\"@id\":\"https:\\\/\\\/fit360.ee\\\/en\\\/pood\\\/product-groups\\\/amino-acids-bcaa\\\/bcaa-en\\\/nano-bcaa-420g\\\/\",\"url\":\"https:\\\/\\\/fit360.ee\\\/en\\\/pood\\\/product-groups\\\/amino-acids-bcaa\\\/bcaa-en\\\/nano-bcaa-420g\\\/\",\"name\":\"Nano BCAA (420g) - 100% puhas - Kiire Imendumine - Vegan BCAA - Fit360\",\"isPartOf\":{\"@id\":\"https:\\\/\\\/fit360.ee\\\/en\\\/#website\"},\"primaryImageOfPage\":{\"@id\":\"https:\\\/\\\/fit360.ee\\\/en\\\/pood\\\/product-groups\\\/amino-acids-bcaa\\\/bcaa-en\\\/nano-bcaa-420g\\\/#primaryimage\"},\"image\":{\"@id\":\"https:\\\/\\\/fit360.ee\\\/en\\\/pood\\\/product-groups\\\/amino-acids-bcaa\\\/bcaa-en\\\/nano-bcaa-420g\\\/#primaryimage\"},\"thumbnailUrl\":\"https:\\\/\\\/fit360.ee\\\/wp-content\\\/uploads\\\/2024\\\/07\\\/nano-bcaa-fit360.ee_.jpg\",\"datePublished\":\"2024-07-22T12:29:35+00:00\",\"dateModified\":\"2025-08-13T05:39:15+00:00\",\"description\":\"Nano BCAA on v\u00e4lja t\u00f6\u00f6tatud ja loodud tipptasemel NANO-SYN\u2122 tehnoloogial, mis tagab aktiivsete koostisosade 5 korda kiirema ja t\u00f5husa imendumise.\",\"breadcrumb\":{\"@id\":\"https:\\\/\\\/fit360.ee\\\/en\\\/pood\\\/product-groups\\\/amino-acids-bcaa\\\/bcaa-en\\\/nano-bcaa-420g\\\/#breadcrumb\"},\"inLanguage\":\"en-US\",\"potentialAction\":[{\"@type\":\"ReadAction\",\"target\":[\"https:\\\/\\\/fit360.ee\\\/en\\\/pood\\\/product-groups\\\/amino-acids-bcaa\\\/bcaa-en\\\/nano-bcaa-420g\\\/\"]}]},{\"@type\":\"ImageObject\",\"inLanguage\":\"en-US\",\"@id\":\"https:\\\/\\\/fit360.ee\\\/en\\\/pood\\\/product-groups\\\/amino-acids-bcaa\\\/bcaa-en\\\/nano-bcaa-420g\\\/#primaryimage\",\"url\":\"https:\\\/\\\/fit360.ee\\\/wp-content\\\/uploads\\\/2024\\\/07\\\/nano-bcaa-fit360.ee_.jpg\",\"contentUrl\":\"https:\\\/\\\/fit360.ee\\\/wp-content\\\/uploads\\\/2024\\\/07\\\/nano-bcaa-fit360.ee_.jpg\",\"width\":600,\"height\":600,\"caption\":\"nano bcaa - fit360.ee\"},{\"@type\":\"BreadcrumbList\",\"@id\":\"https:\\\/\\\/fit360.ee\\\/en\\\/pood\\\/product-groups\\\/amino-acids-bcaa\\\/bcaa-en\\\/nano-bcaa-420g\\\/#breadcrumb\",\"itemListElement\":[{\"@type\":\"ListItem\",\"position\":1,\"name\":\"Home\",\"item\":\"https:\\\/\\\/fit360.ee\\\/en\\\/\"},{\"@type\":\"ListItem\",\"position\":2,\"name\":\"Shop\",\"item\":\"https:\\\/\\\/fit360.ee\\\/en\\\/shop\\\/\"},{\"@type\":\"ListItem\",\"position\":3,\"name\":\"Nano BCAA (420g)\"}]},{\"@type\":\"WebSite\",\"@id\":\"https:\\\/\\\/fit360.ee\\\/en\\\/#website\",\"url\":\"https:\\\/\\\/fit360.ee\\\/en\\\/\",\"name\":\"Fit360\",\"description\":\"\",\"publisher\":{\"@id\":\"https:\\\/\\\/fit360.ee\\\/en\\\/#organization\"},\"potentialAction\":[{\"@type\":\"SearchAction\",\"target\":{\"@type\":\"EntryPoint\",\"urlTemplate\":\"https:\\\/\\\/fit360.ee\\\/en\\\/?s={search_term_string}\"},\"query-input\":{\"@type\":\"PropertyValueSpecification\",\"valueRequired\":true,\"valueName\":\"search_term_string\"}}],\"inLanguage\":\"en-US\"},{\"@type\":\"Organization\",\"@id\":\"https:\\\/\\\/fit360.ee\\\/en\\\/#organization\",\"name\":\"Fit360\",\"url\":\"https:\\\/\\\/fit360.ee\\\/en\\\/\",\"logo\":{\"@type\":\"ImageObject\",\"inLanguage\":\"en-US\",\"@id\":\"https:\\\/\\\/fit360.ee\\\/en\\\/#\\\/schema\\\/logo\\\/image\\\/\",\"url\":\"https:\\\/\\\/fit360.ee\\\/wp-content\\\/uploads\\\/2017\\\/01\\\/logo-fit360.png\",\"contentUrl\":\"https:\\\/\\\/fit360.ee\\\/wp-content\\\/uploads\\\/2017\\\/01\\\/logo-fit360.png\",\"width\":180,\"height\":66,\"caption\":\"Fit360\"},\"image\":{\"@id\":\"https:\\\/\\\/fit360.ee\\\/en\\\/#\\\/schema\\\/logo\\\/image\\\/\"}}]}<\/script>\n<!-- \/ Yoast SEO plugin. -->","yoast_head_json":{"title":"Nano BCAA (420g) - 100% puhas - Kiire Imendumine - Vegan BCAA - Fit360","description":"Nano BCAA on v\u00e4lja t\u00f6\u00f6tatud ja loodud tipptasemel NANO-SYN\u2122 tehnoloogial, mis tagab aktiivsete koostisosade 5 korda kiirema ja t\u00f5husa imendumise.","robots":{"index":"index","follow":"follow","max-snippet":"max-snippet:-1","max-image-preview":"max-image-preview:large","max-video-preview":"max-video-preview:-1"},"canonical":"https:\/\/fit360.ee\/en\/pood\/product-groups\/amino-acids-bcaa\/bcaa-en\/nano-bcaa-420g\/","og_locale":"en_US","og_type":"article","og_title":"Nano BCAA (420g) - 100% puhas - Kiire Imendumine - Vegan BCAA - Fit360","og_description":"Nano BCAA on v\u00e4lja t\u00f6\u00f6tatud ja loodud tipptasemel NANO-SYN\u2122 tehnoloogial, mis tagab aktiivsete koostisosade 5 korda kiirema ja t\u00f5husa imendumise.","og_url":"https:\/\/fit360.ee\/en\/pood\/product-groups\/amino-acids-bcaa\/bcaa-en\/nano-bcaa-420g\/","og_site_name":"Fit360","article_modified_time":"2025-08-13T05:39:15+00:00","og_image":[{"width":600,"height":600,"url":"https:\/\/fit360.ee\/wp-content\/uploads\/2024\/07\/nano-bcaa-fit360.ee_.jpg","type":"image\/jpeg"}],"twitter_card":"summary_large_image","twitter_misc":{"Est. reading time":"2 minutes"},"schema":{"@context":"https:\/\/schema.org","@graph":[{"@type":"WebPage","@id":"https:\/\/fit360.ee\/en\/pood\/product-groups\/amino-acids-bcaa\/bcaa-en\/nano-bcaa-420g\/","url":"https:\/\/fit360.ee\/en\/pood\/product-groups\/amino-acids-bcaa\/bcaa-en\/nano-bcaa-420g\/","name":"Nano BCAA (420g) - 100% puhas - Kiire Imendumine - Vegan BCAA - Fit360","isPartOf":{"@id":"https:\/\/fit360.ee\/en\/#website"},"primaryImageOfPage":{"@id":"https:\/\/fit360.ee\/en\/pood\/product-groups\/amino-acids-bcaa\/bcaa-en\/nano-bcaa-420g\/#primaryimage"},"image":{"@id":"https:\/\/fit360.ee\/en\/pood\/product-groups\/amino-acids-bcaa\/bcaa-en\/nano-bcaa-420g\/#primaryimage"},"thumbnailUrl":"https:\/\/fit360.ee\/wp-content\/uploads\/2024\/07\/nano-bcaa-fit360.ee_.jpg","datePublished":"2024-07-22T12:29:35+00:00","dateModified":"2025-08-13T05:39:15+00:00","description":"Nano BCAA on v\u00e4lja t\u00f6\u00f6tatud ja loodud tipptasemel NANO-SYN\u2122 tehnoloogial, mis tagab aktiivsete koostisosade 5 korda kiirema ja t\u00f5husa imendumise.","breadcrumb":{"@id":"https:\/\/fit360.ee\/en\/pood\/product-groups\/amino-acids-bcaa\/bcaa-en\/nano-bcaa-420g\/#breadcrumb"},"inLanguage":"en-US","potentialAction":[{"@type":"ReadAction","target":["https:\/\/fit360.ee\/en\/pood\/product-groups\/amino-acids-bcaa\/bcaa-en\/nano-bcaa-420g\/"]}]},{"@type":"ImageObject","inLanguage":"en-US","@id":"https:\/\/fit360.ee\/en\/pood\/product-groups\/amino-acids-bcaa\/bcaa-en\/nano-bcaa-420g\/#primaryimage","url":"https:\/\/fit360.ee\/wp-content\/uploads\/2024\/07\/nano-bcaa-fit360.ee_.jpg","contentUrl":"https:\/\/fit360.ee\/wp-content\/uploads\/2024\/07\/nano-bcaa-fit360.ee_.jpg","width":600,"height":600,"caption":"nano bcaa - fit360.ee"},{"@type":"BreadcrumbList","@id":"https:\/\/fit360.ee\/en\/pood\/product-groups\/amino-acids-bcaa\/bcaa-en\/nano-bcaa-420g\/#breadcrumb","itemListElement":[{"@type":"ListItem","position":1,"name":"Home","item":"https:\/\/fit360.ee\/en\/"},{"@type":"ListItem","position":2,"name":"Shop","item":"https:\/\/fit360.ee\/en\/shop\/"},{"@type":"ListItem","position":3,"name":"Nano BCAA (420g)"}]},{"@type":"WebSite","@id":"https:\/\/fit360.ee\/en\/#website","url":"https:\/\/fit360.ee\/en\/","name":"Fit360","description":"","publisher":{"@id":"https:\/\/fit360.ee\/en\/#organization"},"potentialAction":[{"@type":"SearchAction","target":{"@type":"EntryPoint","urlTemplate":"https:\/\/fit360.ee\/en\/?s={search_term_string}"},"query-input":{"@type":"PropertyValueSpecification","valueRequired":true,"valueName":"search_term_string"}}],"inLanguage":"en-US"},{"@type":"Organization","@id":"https:\/\/fit360.ee\/en\/#organization","name":"Fit360","url":"https:\/\/fit360.ee\/en\/","logo":{"@type":"ImageObject","inLanguage":"en-US","@id":"https:\/\/fit360.ee\/en\/#\/schema\/logo\/image\/","url":"https:\/\/fit360.ee\/wp-content\/uploads\/2017\/01\/logo-fit360.png","contentUrl":"https:\/\/fit360.ee\/wp-content\/uploads\/2017\/01\/logo-fit360.png","width":180,"height":66,"caption":"Fit360"},"image":{"@id":"https:\/\/fit360.ee\/en\/#\/schema\/logo\/image\/"}}]}},"_links":{"self":[{"href":"https:\/\/fit360.ee\/en\/wp-json\/wp\/v2\/product\/81612","targetHints":{"allow":["GET"]}}],"collection":[{"href":"https:\/\/fit360.ee\/en\/wp-json\/wp\/v2\/product"}],"about":[{"href":"https:\/\/fit360.ee\/en\/wp-json\/wp\/v2\/types\/product"}],"replies":[{"embeddable":true,"href":"https:\/\/fit360.ee\/en\/wp-json\/wp\/v2\/comments?post=81612"}],"wp:featuredmedia":[{"embeddable":true,"href":"https:\/\/fit360.ee\/en\/wp-json\/wp\/v2\/media\/81611"}],"wp:attachment":[{"href":"https:\/\/fit360.ee\/en\/wp-json\/wp\/v2\/media?parent=81612"}],"wp:term":[{"taxonomy":"product_brand","embeddable":true,"href":"https:\/\/fit360.ee\/en\/wp-json\/wp\/v2\/product_brand?post=81612"},{"taxonomy":"product_cat","embeddable":true,"href":"https:\/\/fit360.ee\/en\/wp-json\/wp\/v2\/product_cat?post=81612"},{"taxonomy":"product_tag","embeddable":true,"href":"https:\/\/fit360.ee\/en\/wp-json\/wp\/v2\/product_tag?post=81612"},{"taxonomy":"giftcard-category","embeddable":true,"href":"https:\/\/fit360.ee\/en\/wp-json\/wp\/v2\/giftcard-category?post=81612"}],"curies":[{"name":"wp","href":"https:\/\/api.w.org\/{rel}","templated":true}]}}