{"id":81652,"date":"2024-07-23T09:34:40","date_gmt":"2024-07-23T07:34:40","guid":{"rendered":"https:\/\/fit360.ee\/pood\/uncategorized\/nano-collagen-vibe-24x330ml\/"},"modified":"2025-08-13T07:39:28","modified_gmt":"2025-08-13T05:39:28","slug":"nano-collagen-vibe-24x330ml","status":"publish","type":"product","link":"https:\/\/fit360.ee\/en\/pood\/product-groups\/drinks-shots\/nano-collagen-vibe-24x330ml\/","title":{"rendered":"Nano Collagen Vibe (24x330ml)"},"content":{"rendered":"<h2><strong>Nano Collagen Vibe<\/strong><\/h2>\n<p><strong>Toetage oma naha loomulikku elastsust Nano Collagen Vibe&#8217;iga<\/strong><\/p>\n<p>Sellel 330 ml pudelil Nano Collagen Vibe&#8217;i on m\u00f5nusad maitsed, mis v\u00f5lub teie maitsemeeli magusate ja hapude nootide t\u00e4iusliku tasakaaluga. Kvaliteetse nanokollageeniga rikastatud jook on loodud toetama Teie naha loomulikku elastsust, edendades nooruslikku ja s\u00e4ravat jumet.<\/p>\n<p>Nano Collagen Vibe sisaldab ka olulisi vitamiine ja mineraale, mida teie keha vajab tervena p\u00fcsimiseks, nagu <a href=\"https:\/\/fit360.ee\/en\/product-category\/product-groups\/vitamins-and-minerals-en\/c-vitamin-en\/\"><strong>C-vitamiin<\/strong><\/a>, <a href=\"https:\/\/fit360.ee\/en\/product-category\/product-groups\/vitamins-and-minerals-en\/biotin-en\/\"><strong>biotiin<\/strong><\/a> ja <a href=\"https:\/\/fit360.ee\/en\/product-category\/product-groups\/vitamins-and-minerals-en\/zinc-en\/\"><strong>tsink<\/strong><\/a>. Lisaks ei sisalda see kahjulikke lisaaineid ega s\u00e4ilitusaineid, mist\u00f5ttu on see ohutu ja loomulik valik teie igap\u00e4evaseks kollageeni tarbimiseks.<\/p>\n<p>Mugava pudeli disainiga saate Nano Collagen Vibe&#8217;i endaga kaasa v\u00f5tta k\u00f5ikjale, kuhu l\u00e4hete, olgu selleks j\u00f5usaali, t\u00f6\u00f6le v\u00f5i liikvele. See on ideaalne viis h\u00fcdreeritud ja toidetud hoidmiseks, pakkudes samal ajal nahale tuge, mida see vajab, et see n\u00e4eks v\u00e4lja ja tunneks end k\u00f5ige paremini.<\/p>\n<p>Proovige Nano Collagen Vibe\u00a0 juba t\u00e4na ja kogege selle kollageenist pakatava joogi v\u00e4rskendavat maitset ja eeliseid!<\/p>\n<p>Nanosuppsi Collagen Vibe on maitsev jook, mis sisaldab 1000 mg kollageeni purki, mis sobib ideaalselt s\u00f6\u00f6gikordade vahele. Lisatud vitamiinidega, v\u00e4rvainete- ja suhkruvaba Collagen Vibe on ideaalne janukustutaja.<\/p>\n<ul>\n<li>1000mg kollageeni purgis<\/li>\n<li>v\u00e4rvivaba<\/li>\n<li>null suhkrut<\/li>\n<li>lisatud vitamiine<\/li>\n<\/ul>\n<p><strong>Koostisosad<\/strong>: vesi, s\u00fcsinikdioksiid, hape: sidrunhape; kollageenh\u00fcdrol\u00fcsaat, l\u00f5hna- ja maitseained, magusained: sukraloos, atsesulfaam K; vitamiinid: pantoteenhape, vitamiin B6, biotiin, vitamiin B12.<\/p>\n<p><strong>Kasutamine<\/strong>: Tarbi vastavalt vajadusele. Hoida toatemperatuuril v\u00f5i v\u00e4hemalt +2\u00b0C. Parim serveerimine k\u00fclmalt. P\u00e4rast avamist tarbida samal p\u00e4eval.<\/p>\n<p><strong>Suurus<\/strong>: 24 x 330ml<\/p>\n<table>\n<tbody>\n<tr>\n<td width=\"166\"><strong><b>Toimeained<\/b><\/strong><\/td>\n<td width=\"113\"><strong><b>100 ml<\/b><\/strong><\/td>\n<td width=\"188\"><strong><b>330 ml<\/b><\/strong><\/td>\n<\/tr>\n<tr>\n<td width=\"166\">Energia<\/td>\n<td width=\"113\">10 kJ\/2 kcal<\/td>\n<td width=\"188\">33 kJ\/7 kcal<\/td>\n<\/tr>\n<tr>\n<td width=\"166\">Rasvad<\/td>\n<td width=\"113\">0g<\/td>\n<td width=\"188\">0g<\/td>\n<\/tr>\n<tr>\n<td width=\"166\"><em><i>millest<\/i><\/em>\u00a0k\u00fcllastunud rasvhapped<\/td>\n<td width=\"113\">0g<\/td>\n<td width=\"188\">0g<\/td>\n<\/tr>\n<tr>\n<td width=\"166\">S\u00fcsivesikud<\/td>\n<td width=\"113\">0g<\/td>\n<td width=\"188\">0g<\/td>\n<\/tr>\n<tr>\n<td width=\"166\"><em><i>millest<\/i><\/em>\u00a0suhkur<\/td>\n<td width=\"113\">0g<\/td>\n<td width=\"188\">0g<\/td>\n<\/tr>\n<tr>\n<td width=\"166\">Valgud<\/td>\n<td width=\"113\">0.3g<\/td>\n<td width=\"188\">1g<\/td>\n<\/tr>\n<tr>\n<td width=\"166\">Sool<\/td>\n<td width=\"113\">0g<\/td>\n<td width=\"188\">0g<\/td>\n<\/tr>\n<tr>\n<td width=\"166\">Vitamiin B6<\/td>\n<td width=\"113\">0.21 mg (15%)<\/td>\n<td width=\"188\">0.69 mg (50%)<\/td>\n<\/tr>\n<tr>\n<td width=\"166\">Vitamiin B12<\/td>\n<td width=\"113\">0.375 \u03bcg (15%)<\/td>\n<td width=\"188\">1238 \u03bcg (50%)<\/td>\n<\/tr>\n<\/tbody>\n<\/table>\n<p>&nbsp;<\/p>\n<p>Vaata ka meie Teisi Jooke kastiga <a href=\"https:\/\/fit360.ee\/en\/product-category\/product-groups\/?product-category=proteiinibatoonid\"><strong>SIIT<\/strong><\/a> v\u00f5i Kollageeni tooteid <a href=\"https:\/\/fit360.ee\/en\/product-category\/product-groups\/collagen-en\/\"><strong>SIIT<\/strong><\/a>!<\/p>\n<p>Soovid kaupa osta suuremas koguses? Vaata antud toodet ka meie HULGI poest\u00a0<a href=\"https:\/\/toidulisandidhulgi.ee\/tooted\/nano-collagen-vibe-24x330ml\/\"><strong>SIIT<\/strong><\/a>!<\/p>\n","protected":false},"excerpt":{"rendered":"<ul>\n<li>1000mg kollageeni purgis<\/li>\n<li>Lisatud biotiini ja tsinki<\/li>\n<li>null suhkrut<\/li>\n<li>lisatud vitamiine<\/li>\n<\/ul>\n<p><strong>OSTA KASTIGA JA S\u00c4\u00c4STA!<\/strong><\/p>\n","protected":false},"featured_media":81651,"comment_status":"open","ping_status":"closed","template":"","meta":[],"product_brand":[],"product_cat":[1636,1072,523,5059,2043,536],"product_tag":[5124,5125,5067],"giftcard-category":[],"class_list":{"0":"post-81652","1":"product","2":"type-product","3":"status-publish","4":"has-post-thumbnail","6":"product_cat-collagen-en","7":"product_cat-drinks-and-protein-bars-in-bulk","8":"product_cat-drinks-shots","9":"product_cat-nano-supps-en","10":"product_cat-sugar-free-energy-drinks-en","11":"product_cat-vitamins-and-minerals-en","12":"product_tag-collagen-vibe-en","13":"product_tag-nano-collagen-vibe-en","14":"product_tag-nano-supps-en","15":"pa_maitse-kookose-ananassi-en","16":"pa_maitse-mango-passion-2-en","17":"pa_maitse-mojito-en","19":"first","20":"outofstock","21":"sale","22":"taxable","23":"shipping-taxable","24":"purchasable","25":"product-type-variable"},"yoast_head":"<!-- This site is optimized with the Yoast SEO plugin v27.3 - https:\/\/yoast.com\/product\/yoast-seo-wordpress\/ -->\n<title>Nano Collagen Vibe (24x330ml) - Kollageeni jook - Vitamiinidega - Fit360<\/title>\n<meta name=\"description\" content=\"Nano Collagen Vibe on maitsev jook, mis sisaldab 1000 mg kollageeni purki, mis sobib ideaalselt s\u00f6\u00f6gikordade vahele. Lisatud vitamiinidega, mineraalide-...\" \/>\n<meta name=\"robots\" content=\"index, follow, max-snippet:-1, max-image-preview:large, max-video-preview:-1\" \/>\n<link rel=\"canonical\" href=\"https:\/\/fit360.ee\/en\/pood\/product-groups\/drinks-shots\/nano-collagen-vibe-24x330ml\/\" \/>\n<meta property=\"og:locale\" content=\"en_US\" \/>\n<meta property=\"og:type\" content=\"article\" \/>\n<meta property=\"og:title\" content=\"Nano Collagen Vibe (24x330ml) - Kollageeni jook - Vitamiinidega - Fit360\" \/>\n<meta property=\"og:description\" content=\"Nano Collagen Vibe on maitsev jook, mis sisaldab 1000 mg kollageeni purki, mis sobib ideaalselt s\u00f6\u00f6gikordade vahele. Lisatud vitamiinidega, mineraalide-...\" \/>\n<meta property=\"og:url\" content=\"https:\/\/fit360.ee\/en\/pood\/product-groups\/drinks-shots\/nano-collagen-vibe-24x330ml\/\" \/>\n<meta property=\"og:site_name\" content=\"Fit360\" \/>\n<meta property=\"article:modified_time\" content=\"2025-08-13T05:39:28+00:00\" \/>\n<meta property=\"og:image\" content=\"https:\/\/fit360.ee\/wp-content\/uploads\/2024\/07\/nano-collagen-vibe-kastiga-fit360.ee_.jpg\" \/>\n\t<meta property=\"og:image:width\" content=\"800\" \/>\n\t<meta property=\"og:image:height\" content=\"800\" \/>\n\t<meta property=\"og:image:type\" content=\"image\/jpeg\" \/>\n<meta name=\"twitter:card\" content=\"summary_large_image\" \/>\n<meta name=\"twitter:label1\" content=\"Est. reading time\" \/>\n\t<meta name=\"twitter:data1\" content=\"2 minutes\" \/>\n<script type=\"application\/ld+json\" class=\"yoast-schema-graph\">{\"@context\":\"https:\\\/\\\/schema.org\",\"@graph\":[{\"@type\":\"WebPage\",\"@id\":\"https:\\\/\\\/fit360.ee\\\/en\\\/pood\\\/product-groups\\\/drinks-shots\\\/nano-collagen-vibe-24x330ml\\\/\",\"url\":\"https:\\\/\\\/fit360.ee\\\/en\\\/pood\\\/product-groups\\\/drinks-shots\\\/nano-collagen-vibe-24x330ml\\\/\",\"name\":\"Nano Collagen Vibe (24x330ml) - Kollageeni jook - Vitamiinidega - Fit360\",\"isPartOf\":{\"@id\":\"https:\\\/\\\/fit360.ee\\\/en\\\/#website\"},\"primaryImageOfPage\":{\"@id\":\"https:\\\/\\\/fit360.ee\\\/en\\\/pood\\\/product-groups\\\/drinks-shots\\\/nano-collagen-vibe-24x330ml\\\/#primaryimage\"},\"image\":{\"@id\":\"https:\\\/\\\/fit360.ee\\\/en\\\/pood\\\/product-groups\\\/drinks-shots\\\/nano-collagen-vibe-24x330ml\\\/#primaryimage\"},\"thumbnailUrl\":\"https:\\\/\\\/fit360.ee\\\/wp-content\\\/uploads\\\/2024\\\/07\\\/nano-collagen-vibe-kastiga-fit360.ee_.jpg\",\"datePublished\":\"2024-07-23T07:34:40+00:00\",\"dateModified\":\"2025-08-13T05:39:28+00:00\",\"description\":\"Nano Collagen Vibe on maitsev jook, mis sisaldab 1000 mg kollageeni purki, mis sobib ideaalselt s\u00f6\u00f6gikordade vahele. Lisatud vitamiinidega, mineraalide-...\",\"breadcrumb\":{\"@id\":\"https:\\\/\\\/fit360.ee\\\/en\\\/pood\\\/product-groups\\\/drinks-shots\\\/nano-collagen-vibe-24x330ml\\\/#breadcrumb\"},\"inLanguage\":\"en-US\",\"potentialAction\":[{\"@type\":\"ReadAction\",\"target\":[\"https:\\\/\\\/fit360.ee\\\/en\\\/pood\\\/product-groups\\\/drinks-shots\\\/nano-collagen-vibe-24x330ml\\\/\"]}]},{\"@type\":\"ImageObject\",\"inLanguage\":\"en-US\",\"@id\":\"https:\\\/\\\/fit360.ee\\\/en\\\/pood\\\/product-groups\\\/drinks-shots\\\/nano-collagen-vibe-24x330ml\\\/#primaryimage\",\"url\":\"https:\\\/\\\/fit360.ee\\\/wp-content\\\/uploads\\\/2024\\\/07\\\/nano-collagen-vibe-kastiga-fit360.ee_.jpg\",\"contentUrl\":\"https:\\\/\\\/fit360.ee\\\/wp-content\\\/uploads\\\/2024\\\/07\\\/nano-collagen-vibe-kastiga-fit360.ee_.jpg\",\"width\":800,\"height\":800,\"caption\":\"nano collagen vibe kastiga - fit360.ee\"},{\"@type\":\"BreadcrumbList\",\"@id\":\"https:\\\/\\\/fit360.ee\\\/en\\\/pood\\\/product-groups\\\/drinks-shots\\\/nano-collagen-vibe-24x330ml\\\/#breadcrumb\",\"itemListElement\":[{\"@type\":\"ListItem\",\"position\":1,\"name\":\"Home\",\"item\":\"https:\\\/\\\/fit360.ee\\\/en\\\/\"},{\"@type\":\"ListItem\",\"position\":2,\"name\":\"Shop\",\"item\":\"https:\\\/\\\/fit360.ee\\\/en\\\/shop\\\/\"},{\"@type\":\"ListItem\",\"position\":3,\"name\":\"Nano Collagen Vibe (24x330ml)\"}]},{\"@type\":\"WebSite\",\"@id\":\"https:\\\/\\\/fit360.ee\\\/en\\\/#website\",\"url\":\"https:\\\/\\\/fit360.ee\\\/en\\\/\",\"name\":\"Fit360\",\"description\":\"\",\"publisher\":{\"@id\":\"https:\\\/\\\/fit360.ee\\\/en\\\/#organization\"},\"potentialAction\":[{\"@type\":\"SearchAction\",\"target\":{\"@type\":\"EntryPoint\",\"urlTemplate\":\"https:\\\/\\\/fit360.ee\\\/en\\\/?s={search_term_string}\"},\"query-input\":{\"@type\":\"PropertyValueSpecification\",\"valueRequired\":true,\"valueName\":\"search_term_string\"}}],\"inLanguage\":\"en-US\"},{\"@type\":\"Organization\",\"@id\":\"https:\\\/\\\/fit360.ee\\\/en\\\/#organization\",\"name\":\"Fit360\",\"url\":\"https:\\\/\\\/fit360.ee\\\/en\\\/\",\"logo\":{\"@type\":\"ImageObject\",\"inLanguage\":\"en-US\",\"@id\":\"https:\\\/\\\/fit360.ee\\\/en\\\/#\\\/schema\\\/logo\\\/image\\\/\",\"url\":\"https:\\\/\\\/fit360.ee\\\/wp-content\\\/uploads\\\/2017\\\/01\\\/logo-fit360.png\",\"contentUrl\":\"https:\\\/\\\/fit360.ee\\\/wp-content\\\/uploads\\\/2017\\\/01\\\/logo-fit360.png\",\"width\":180,\"height\":66,\"caption\":\"Fit360\"},\"image\":{\"@id\":\"https:\\\/\\\/fit360.ee\\\/en\\\/#\\\/schema\\\/logo\\\/image\\\/\"}}]}<\/script>\n<!-- \/ Yoast SEO plugin. -->","yoast_head_json":{"title":"Nano Collagen Vibe (24x330ml) - Kollageeni jook - Vitamiinidega - Fit360","description":"Nano Collagen Vibe on maitsev jook, mis sisaldab 1000 mg kollageeni purki, mis sobib ideaalselt s\u00f6\u00f6gikordade vahele. Lisatud vitamiinidega, mineraalide-...","robots":{"index":"index","follow":"follow","max-snippet":"max-snippet:-1","max-image-preview":"max-image-preview:large","max-video-preview":"max-video-preview:-1"},"canonical":"https:\/\/fit360.ee\/en\/pood\/product-groups\/drinks-shots\/nano-collagen-vibe-24x330ml\/","og_locale":"en_US","og_type":"article","og_title":"Nano Collagen Vibe (24x330ml) - Kollageeni jook - Vitamiinidega - Fit360","og_description":"Nano Collagen Vibe on maitsev jook, mis sisaldab 1000 mg kollageeni purki, mis sobib ideaalselt s\u00f6\u00f6gikordade vahele. Lisatud vitamiinidega, mineraalide-...","og_url":"https:\/\/fit360.ee\/en\/pood\/product-groups\/drinks-shots\/nano-collagen-vibe-24x330ml\/","og_site_name":"Fit360","article_modified_time":"2025-08-13T05:39:28+00:00","og_image":[{"width":800,"height":800,"url":"https:\/\/fit360.ee\/wp-content\/uploads\/2024\/07\/nano-collagen-vibe-kastiga-fit360.ee_.jpg","type":"image\/jpeg"}],"twitter_card":"summary_large_image","twitter_misc":{"Est. reading time":"2 minutes"},"schema":{"@context":"https:\/\/schema.org","@graph":[{"@type":"WebPage","@id":"https:\/\/fit360.ee\/en\/pood\/product-groups\/drinks-shots\/nano-collagen-vibe-24x330ml\/","url":"https:\/\/fit360.ee\/en\/pood\/product-groups\/drinks-shots\/nano-collagen-vibe-24x330ml\/","name":"Nano Collagen Vibe (24x330ml) - Kollageeni jook - Vitamiinidega - Fit360","isPartOf":{"@id":"https:\/\/fit360.ee\/en\/#website"},"primaryImageOfPage":{"@id":"https:\/\/fit360.ee\/en\/pood\/product-groups\/drinks-shots\/nano-collagen-vibe-24x330ml\/#primaryimage"},"image":{"@id":"https:\/\/fit360.ee\/en\/pood\/product-groups\/drinks-shots\/nano-collagen-vibe-24x330ml\/#primaryimage"},"thumbnailUrl":"https:\/\/fit360.ee\/wp-content\/uploads\/2024\/07\/nano-collagen-vibe-kastiga-fit360.ee_.jpg","datePublished":"2024-07-23T07:34:40+00:00","dateModified":"2025-08-13T05:39:28+00:00","description":"Nano Collagen Vibe on maitsev jook, mis sisaldab 1000 mg kollageeni purki, mis sobib ideaalselt s\u00f6\u00f6gikordade vahele. Lisatud vitamiinidega, mineraalide-...","breadcrumb":{"@id":"https:\/\/fit360.ee\/en\/pood\/product-groups\/drinks-shots\/nano-collagen-vibe-24x330ml\/#breadcrumb"},"inLanguage":"en-US","potentialAction":[{"@type":"ReadAction","target":["https:\/\/fit360.ee\/en\/pood\/product-groups\/drinks-shots\/nano-collagen-vibe-24x330ml\/"]}]},{"@type":"ImageObject","inLanguage":"en-US","@id":"https:\/\/fit360.ee\/en\/pood\/product-groups\/drinks-shots\/nano-collagen-vibe-24x330ml\/#primaryimage","url":"https:\/\/fit360.ee\/wp-content\/uploads\/2024\/07\/nano-collagen-vibe-kastiga-fit360.ee_.jpg","contentUrl":"https:\/\/fit360.ee\/wp-content\/uploads\/2024\/07\/nano-collagen-vibe-kastiga-fit360.ee_.jpg","width":800,"height":800,"caption":"nano collagen vibe kastiga - fit360.ee"},{"@type":"BreadcrumbList","@id":"https:\/\/fit360.ee\/en\/pood\/product-groups\/drinks-shots\/nano-collagen-vibe-24x330ml\/#breadcrumb","itemListElement":[{"@type":"ListItem","position":1,"name":"Home","item":"https:\/\/fit360.ee\/en\/"},{"@type":"ListItem","position":2,"name":"Shop","item":"https:\/\/fit360.ee\/en\/shop\/"},{"@type":"ListItem","position":3,"name":"Nano Collagen Vibe (24x330ml)"}]},{"@type":"WebSite","@id":"https:\/\/fit360.ee\/en\/#website","url":"https:\/\/fit360.ee\/en\/","name":"Fit360","description":"","publisher":{"@id":"https:\/\/fit360.ee\/en\/#organization"},"potentialAction":[{"@type":"SearchAction","target":{"@type":"EntryPoint","urlTemplate":"https:\/\/fit360.ee\/en\/?s={search_term_string}"},"query-input":{"@type":"PropertyValueSpecification","valueRequired":true,"valueName":"search_term_string"}}],"inLanguage":"en-US"},{"@type":"Organization","@id":"https:\/\/fit360.ee\/en\/#organization","name":"Fit360","url":"https:\/\/fit360.ee\/en\/","logo":{"@type":"ImageObject","inLanguage":"en-US","@id":"https:\/\/fit360.ee\/en\/#\/schema\/logo\/image\/","url":"https:\/\/fit360.ee\/wp-content\/uploads\/2017\/01\/logo-fit360.png","contentUrl":"https:\/\/fit360.ee\/wp-content\/uploads\/2017\/01\/logo-fit360.png","width":180,"height":66,"caption":"Fit360"},"image":{"@id":"https:\/\/fit360.ee\/en\/#\/schema\/logo\/image\/"}}]}},"_links":{"self":[{"href":"https:\/\/fit360.ee\/en\/wp-json\/wp\/v2\/product\/81652","targetHints":{"allow":["GET"]}}],"collection":[{"href":"https:\/\/fit360.ee\/en\/wp-json\/wp\/v2\/product"}],"about":[{"href":"https:\/\/fit360.ee\/en\/wp-json\/wp\/v2\/types\/product"}],"replies":[{"embeddable":true,"href":"https:\/\/fit360.ee\/en\/wp-json\/wp\/v2\/comments?post=81652"}],"wp:featuredmedia":[{"embeddable":true,"href":"https:\/\/fit360.ee\/en\/wp-json\/wp\/v2\/media\/81651"}],"wp:attachment":[{"href":"https:\/\/fit360.ee\/en\/wp-json\/wp\/v2\/media?parent=81652"}],"wp:term":[{"taxonomy":"product_brand","embeddable":true,"href":"https:\/\/fit360.ee\/en\/wp-json\/wp\/v2\/product_brand?post=81652"},{"taxonomy":"product_cat","embeddable":true,"href":"https:\/\/fit360.ee\/en\/wp-json\/wp\/v2\/product_cat?post=81652"},{"taxonomy":"product_tag","embeddable":true,"href":"https:\/\/fit360.ee\/en\/wp-json\/wp\/v2\/product_tag?post=81652"},{"taxonomy":"giftcard-category","embeddable":true,"href":"https:\/\/fit360.ee\/en\/wp-json\/wp\/v2\/giftcard-category?post=81652"}],"curies":[{"name":"wp","href":"https:\/\/api.w.org\/{rel}","templated":true}]}}