{"id":81688,"date":"2024-07-23T13:04:03","date_gmt":"2024-07-23T11:04:03","guid":{"rendered":"https:\/\/fit360.ee\/pood\/uncategorized\/nano-epic-juice-25g\/"},"modified":"2025-08-13T07:38:48","modified_gmt":"2025-08-13T05:38:48","slug":"nano-epic-juice-25g","status":"publish","type":"product","link":"https:\/\/fit360.ee\/en\/pood\/product-groups\/protein-poweders-en\/whey-protein-en\/nano-epic-juice-25g\/","title":{"rendered":"Nano Epic Juice (25g)"},"content":{"rendered":"<h2><strong>Epic Juice<\/strong><\/h2>\n<p>Epic Juice on pikaajalise tootearendusprogrammi kulminatsioon. N\u00e4no Supps on otsinud t\u00e4iuslikku valgu isolaati ja on suutnud v\u00e4lja t\u00f6\u00f6tada toote, mis ei tee j\u00e4releandmisi maitses ega sisus. Epic Juice viib teid hapukate ja k\u00f5rge valgusisaldusega valgusegude uude universumisse. See k\u00f5lab hullumeelselt, aga sa saad kopsaka portsu valku ja ei mingit suhkrut ega rasva. N\u00e4no Supps rahuldab teie vajadused olenemata sellest, kas soovite suurendada lihasmassi ja\/v\u00f5i kaotada rasva. Epic Juice maitseb suurep\u00e4raselt ja sisaldab magusaineid.<\/p>\n<ul>\n<li>K\u00f5rge bioloogiline v\u00e4\u00e4rtus<\/li>\n<li>Ei mingit suhkrut<\/li>\n<li>Ei mingit rasva<\/li>\n<li>Lahustub kergesti<\/li>\n<li>Laktoosivaba<\/li>\n<li>Mitmed maitsvad maitsed<\/li>\n<\/ul>\n<h4><strong>Clear Whey Isolate kasulikud omadused<\/strong>:<\/h4>\n<ul>\n<li><strong>Premium Protein<\/strong>\u00a0\u00a0: Epic Juice Protein sisaldab 22,25 g valku portsjoni kohta, mis sobib ideaalselt intensiivseks lihaste kasvatamiseks ja s\u00e4ilitamiseks.<\/li>\n<li><strong>Laktoosi- ja suhkruvaba:<\/strong>\u00a0\u00a0\u00a0see toode on t\u00e4iesti laktoosi- ja lisatud suhkruvaba, mist\u00f5ttu sobib see ka neile, kes on rangel dieedil v\u00f5i kes ei talu laktoosi.<\/li>\n<li><strong>Ei mingit piimamaitset:<\/strong>\u00a0\u00a0Epic Juice pakub teie maitsemeelte rahuldamiseks erinevaid maitseid.<em>\u00a0<\/em><\/li>\n<\/ul>\n<p><strong>Koostisosad: <\/strong>\u00a0vadakuvalgu isolaat (\u00a0\u00a0\u00a0<strong>sojaletsitiin<\/strong>\u00a0\u00a0\u00a0), l\u00f5hna- ja maitseained, happesuse regulaator (sidrunhape), maitsetugevdaja (naatriumkloriid), magusained (sukraloos, atsesulfaam K), v\u00e4rvaine (spirulina sinine), paksendaja (ksantaankummi).<\/p>\n<p><strong>Kasutamine<\/strong>: Segage 25 g Epic Juice pulbrit segatuna 200-250 ml vee v\u00f5i teie valitud joogiga.<\/p>\n<p><strong>Suurus<\/strong>: 25g<\/p>\n<div id=\"tab-ingredients\" class=\"tab-pane product-section\">\n<table id=\"t_1\">\n<tbody>\n<tr>\n<td><strong>Portsjoni kohta<\/strong><\/td>\n<td><strong>100 g<\/strong><\/td>\n<td><strong>25 g<\/strong><\/td>\n<\/tr>\n<tr>\n<td>Energia<\/td>\n<td>1551 KJ \/ 365 Kcal<\/td>\n<td>388 KJ \/ 91 Kcal<\/td>\n<\/tr>\n<tr>\n<td>Rasvad<\/td>\n<td>0,97 g<\/td>\n<td>0,24 g<\/td>\n<\/tr>\n<tr>\n<td>&#8211; millest k\u00fcllastunud rasvhapped<\/td>\n<td>0,58 g<\/td>\n<td>0,15 g<\/td>\n<\/tr>\n<tr>\n<td>S\u00fcsivesikud<\/td>\n<td>0,10 g<\/td>\n<td>0,02 g<\/td>\n<\/tr>\n<tr>\n<td>&#8211; millest suhkur<\/td>\n<td>0,10 g<\/td>\n<td>0,02 g<\/td>\n<\/tr>\n<tr>\n<td>Valk<\/td>\n<td>89 g<\/td>\n<td>22,25 g<\/td>\n<\/tr>\n<tr>\n<td>soola<\/td>\n<td>1,6 g<\/td>\n<td>0,39 g<\/td>\n<\/tr>\n<\/tbody>\n<\/table>\n<p>&nbsp;<\/p>\n<\/div>\n<div class=\"clear\">Vaata ka meie teisi Valgupulbreid <a href=\"https:\/\/fit360.ee\/en\/product-category\/product-groups\/protein-poweders-en\/\"><strong>SIIT<\/strong><\/a> v\u00f5i Vadakuvalgu Isolaate <a href=\"https:\/\/fit360.ee\/en\/product-category\/product-groups\/protein-poweders-en\/whey-isolate-protein-en\/\"><strong>SIIT<\/strong><\/a>!<\/div>\n","protected":false},"excerpt":{"rendered":"<ul>\n<li>K\u00f5rge bioloogiline v\u00e4\u00e4rtus<\/li>\n<li>Ei mingit suhkrut<\/li>\n<li>Ei mingit rasva<\/li>\n<li>Lahustub kergesti<\/li>\n<li>Laktoosivaba<\/li>\n<li>Mitmed maitsvad maitsed<\/li>\n<\/ul>\n","protected":false},"featured_media":81685,"comment_status":"open","ping_status":"closed","template":"","meta":[],"product_brand":[],"product_cat":[5059,535,531,2420,2424],"product_tag":[5134,5131,5132,5067],"giftcard-category":[],"class_list":{"0":"post-81688","1":"product","2":"type-product","3":"status-publish","4":"has-post-thumbnail","6":"product_cat-nano-supps-en","7":"product_cat-protein-poweders-en","8":"product_cat-recovery-post-workout-en","9":"product_cat-whey-protein-en","10":"product_cat-whey-isolate-protein-en","11":"product_tag-clear-whey-protein-isolate-en","12":"product_tag-epic-juice-en","13":"product_tag-nano-epic-juice-en","14":"product_tag-nano-supps-en","15":"pa_maitse-arbuus-en","16":"pa_maitse-mango-passion-2-en","17":"pa_maitse-marja-en","19":"first","20":"instock","21":"sale","22":"taxable","23":"shipping-taxable","24":"purchasable","25":"product-type-variable"},"yoast_head":"<!-- This site is optimized with the Yoast SEO plugin v27.3 - https:\/\/yoast.com\/product\/yoast-seo-wordpress\/ -->\n<title>Nano Epic Juice (25g) - Clear Whey Protein Isolate - Kiire Tarne - Fit360<\/title>\n<meta name=\"description\" content=\"Epic Juice on pikaajalise tootearendusprogrammi kulminatsioon. N\u00e4no Supps on otsinud t\u00e4iuslikku valgu isolaati ja on suutnud v\u00e4lja t\u00f6\u00f6tada toote, mis ei..\" \/>\n<meta name=\"robots\" content=\"index, follow, max-snippet:-1, max-image-preview:large, max-video-preview:-1\" \/>\n<link rel=\"canonical\" href=\"https:\/\/fit360.ee\/en\/pood\/product-groups\/protein-poweders-en\/whey-protein-en\/nano-epic-juice-25g\/\" \/>\n<meta property=\"og:locale\" content=\"en_US\" \/>\n<meta property=\"og:type\" content=\"article\" \/>\n<meta property=\"og:title\" content=\"Nano Epic Juice (25g) - Clear Whey Protein Isolate - Kiire Tarne - Fit360\" \/>\n<meta property=\"og:description\" content=\"Epic Juice on pikaajalise tootearendusprogrammi kulminatsioon. N\u00e4no Supps on otsinud t\u00e4iuslikku valgu isolaati ja on suutnud v\u00e4lja t\u00f6\u00f6tada toote, mis ei..\" \/>\n<meta property=\"og:url\" content=\"https:\/\/fit360.ee\/en\/pood\/product-groups\/protein-poweders-en\/whey-protein-en\/nano-epic-juice-25g\/\" \/>\n<meta property=\"og:site_name\" content=\"Fit360\" \/>\n<meta property=\"article:modified_time\" content=\"2025-08-13T05:38:48+00:00\" \/>\n<meta property=\"og:image\" content=\"https:\/\/fit360.ee\/wp-content\/uploads\/2024\/07\/nanp-supps-epic-juice-fit360.ee_.jpg\" \/>\n\t<meta property=\"og:image:width\" content=\"565\" \/>\n\t<meta property=\"og:image:height\" content=\"510\" \/>\n\t<meta property=\"og:image:type\" content=\"image\/jpeg\" \/>\n<meta name=\"twitter:card\" content=\"summary_large_image\" \/>\n<meta name=\"twitter:label1\" content=\"Est. reading time\" \/>\n\t<meta name=\"twitter:data1\" content=\"2 minutes\" \/>\n<script type=\"application\/ld+json\" class=\"yoast-schema-graph\">{\"@context\":\"https:\\\/\\\/schema.org\",\"@graph\":[{\"@type\":\"WebPage\",\"@id\":\"https:\\\/\\\/fit360.ee\\\/en\\\/pood\\\/product-groups\\\/protein-poweders-en\\\/whey-protein-en\\\/nano-epic-juice-25g\\\/\",\"url\":\"https:\\\/\\\/fit360.ee\\\/en\\\/pood\\\/product-groups\\\/protein-poweders-en\\\/whey-protein-en\\\/nano-epic-juice-25g\\\/\",\"name\":\"Nano Epic Juice (25g) - Clear Whey Protein Isolate - Kiire Tarne - Fit360\",\"isPartOf\":{\"@id\":\"https:\\\/\\\/fit360.ee\\\/en\\\/#website\"},\"primaryImageOfPage\":{\"@id\":\"https:\\\/\\\/fit360.ee\\\/en\\\/pood\\\/product-groups\\\/protein-poweders-en\\\/whey-protein-en\\\/nano-epic-juice-25g\\\/#primaryimage\"},\"image\":{\"@id\":\"https:\\\/\\\/fit360.ee\\\/en\\\/pood\\\/product-groups\\\/protein-poweders-en\\\/whey-protein-en\\\/nano-epic-juice-25g\\\/#primaryimage\"},\"thumbnailUrl\":\"https:\\\/\\\/fit360.ee\\\/wp-content\\\/uploads\\\/2024\\\/07\\\/nanp-supps-epic-juice-fit360.ee_.jpg\",\"datePublished\":\"2024-07-23T11:04:03+00:00\",\"dateModified\":\"2025-08-13T05:38:48+00:00\",\"description\":\"Epic Juice on pikaajalise tootearendusprogrammi kulminatsioon. N\u00e4no Supps on otsinud t\u00e4iuslikku valgu isolaati ja on suutnud v\u00e4lja t\u00f6\u00f6tada toote, mis ei..\",\"breadcrumb\":{\"@id\":\"https:\\\/\\\/fit360.ee\\\/en\\\/pood\\\/product-groups\\\/protein-poweders-en\\\/whey-protein-en\\\/nano-epic-juice-25g\\\/#breadcrumb\"},\"inLanguage\":\"en-US\",\"potentialAction\":[{\"@type\":\"ReadAction\",\"target\":[\"https:\\\/\\\/fit360.ee\\\/en\\\/pood\\\/product-groups\\\/protein-poweders-en\\\/whey-protein-en\\\/nano-epic-juice-25g\\\/\"]}]},{\"@type\":\"ImageObject\",\"inLanguage\":\"en-US\",\"@id\":\"https:\\\/\\\/fit360.ee\\\/en\\\/pood\\\/product-groups\\\/protein-poweders-en\\\/whey-protein-en\\\/nano-epic-juice-25g\\\/#primaryimage\",\"url\":\"https:\\\/\\\/fit360.ee\\\/wp-content\\\/uploads\\\/2024\\\/07\\\/nanp-supps-epic-juice-fit360.ee_.jpg\",\"contentUrl\":\"https:\\\/\\\/fit360.ee\\\/wp-content\\\/uploads\\\/2024\\\/07\\\/nanp-supps-epic-juice-fit360.ee_.jpg\",\"width\":565,\"height\":510,\"caption\":\"nanp supps epic juice - fit360.ee\"},{\"@type\":\"BreadcrumbList\",\"@id\":\"https:\\\/\\\/fit360.ee\\\/en\\\/pood\\\/product-groups\\\/protein-poweders-en\\\/whey-protein-en\\\/nano-epic-juice-25g\\\/#breadcrumb\",\"itemListElement\":[{\"@type\":\"ListItem\",\"position\":1,\"name\":\"Home\",\"item\":\"https:\\\/\\\/fit360.ee\\\/en\\\/\"},{\"@type\":\"ListItem\",\"position\":2,\"name\":\"Shop\",\"item\":\"https:\\\/\\\/fit360.ee\\\/en\\\/shop\\\/\"},{\"@type\":\"ListItem\",\"position\":3,\"name\":\"Nano Epic Juice (25g)\"}]},{\"@type\":\"WebSite\",\"@id\":\"https:\\\/\\\/fit360.ee\\\/en\\\/#website\",\"url\":\"https:\\\/\\\/fit360.ee\\\/en\\\/\",\"name\":\"Fit360\",\"description\":\"\",\"publisher\":{\"@id\":\"https:\\\/\\\/fit360.ee\\\/en\\\/#organization\"},\"potentialAction\":[{\"@type\":\"SearchAction\",\"target\":{\"@type\":\"EntryPoint\",\"urlTemplate\":\"https:\\\/\\\/fit360.ee\\\/en\\\/?s={search_term_string}\"},\"query-input\":{\"@type\":\"PropertyValueSpecification\",\"valueRequired\":true,\"valueName\":\"search_term_string\"}}],\"inLanguage\":\"en-US\"},{\"@type\":\"Organization\",\"@id\":\"https:\\\/\\\/fit360.ee\\\/en\\\/#organization\",\"name\":\"Fit360\",\"url\":\"https:\\\/\\\/fit360.ee\\\/en\\\/\",\"logo\":{\"@type\":\"ImageObject\",\"inLanguage\":\"en-US\",\"@id\":\"https:\\\/\\\/fit360.ee\\\/en\\\/#\\\/schema\\\/logo\\\/image\\\/\",\"url\":\"https:\\\/\\\/fit360.ee\\\/wp-content\\\/uploads\\\/2017\\\/01\\\/logo-fit360.png\",\"contentUrl\":\"https:\\\/\\\/fit360.ee\\\/wp-content\\\/uploads\\\/2017\\\/01\\\/logo-fit360.png\",\"width\":180,\"height\":66,\"caption\":\"Fit360\"},\"image\":{\"@id\":\"https:\\\/\\\/fit360.ee\\\/en\\\/#\\\/schema\\\/logo\\\/image\\\/\"}}]}<\/script>\n<!-- \/ Yoast SEO plugin. -->","yoast_head_json":{"title":"Nano Epic Juice (25g) - Clear Whey Protein Isolate - Kiire Tarne - Fit360","description":"Epic Juice on pikaajalise tootearendusprogrammi kulminatsioon. N\u00e4no Supps on otsinud t\u00e4iuslikku valgu isolaati ja on suutnud v\u00e4lja t\u00f6\u00f6tada toote, mis ei..","robots":{"index":"index","follow":"follow","max-snippet":"max-snippet:-1","max-image-preview":"max-image-preview:large","max-video-preview":"max-video-preview:-1"},"canonical":"https:\/\/fit360.ee\/en\/pood\/product-groups\/protein-poweders-en\/whey-protein-en\/nano-epic-juice-25g\/","og_locale":"en_US","og_type":"article","og_title":"Nano Epic Juice (25g) - Clear Whey Protein Isolate - Kiire Tarne - Fit360","og_description":"Epic Juice on pikaajalise tootearendusprogrammi kulminatsioon. N\u00e4no Supps on otsinud t\u00e4iuslikku valgu isolaati ja on suutnud v\u00e4lja t\u00f6\u00f6tada toote, mis ei..","og_url":"https:\/\/fit360.ee\/en\/pood\/product-groups\/protein-poweders-en\/whey-protein-en\/nano-epic-juice-25g\/","og_site_name":"Fit360","article_modified_time":"2025-08-13T05:38:48+00:00","og_image":[{"width":565,"height":510,"url":"https:\/\/fit360.ee\/wp-content\/uploads\/2024\/07\/nanp-supps-epic-juice-fit360.ee_.jpg","type":"image\/jpeg"}],"twitter_card":"summary_large_image","twitter_misc":{"Est. reading time":"2 minutes"},"schema":{"@context":"https:\/\/schema.org","@graph":[{"@type":"WebPage","@id":"https:\/\/fit360.ee\/en\/pood\/product-groups\/protein-poweders-en\/whey-protein-en\/nano-epic-juice-25g\/","url":"https:\/\/fit360.ee\/en\/pood\/product-groups\/protein-poweders-en\/whey-protein-en\/nano-epic-juice-25g\/","name":"Nano Epic Juice (25g) - Clear Whey Protein Isolate - Kiire Tarne - Fit360","isPartOf":{"@id":"https:\/\/fit360.ee\/en\/#website"},"primaryImageOfPage":{"@id":"https:\/\/fit360.ee\/en\/pood\/product-groups\/protein-poweders-en\/whey-protein-en\/nano-epic-juice-25g\/#primaryimage"},"image":{"@id":"https:\/\/fit360.ee\/en\/pood\/product-groups\/protein-poweders-en\/whey-protein-en\/nano-epic-juice-25g\/#primaryimage"},"thumbnailUrl":"https:\/\/fit360.ee\/wp-content\/uploads\/2024\/07\/nanp-supps-epic-juice-fit360.ee_.jpg","datePublished":"2024-07-23T11:04:03+00:00","dateModified":"2025-08-13T05:38:48+00:00","description":"Epic Juice on pikaajalise tootearendusprogrammi kulminatsioon. N\u00e4no Supps on otsinud t\u00e4iuslikku valgu isolaati ja on suutnud v\u00e4lja t\u00f6\u00f6tada toote, mis ei..","breadcrumb":{"@id":"https:\/\/fit360.ee\/en\/pood\/product-groups\/protein-poweders-en\/whey-protein-en\/nano-epic-juice-25g\/#breadcrumb"},"inLanguage":"en-US","potentialAction":[{"@type":"ReadAction","target":["https:\/\/fit360.ee\/en\/pood\/product-groups\/protein-poweders-en\/whey-protein-en\/nano-epic-juice-25g\/"]}]},{"@type":"ImageObject","inLanguage":"en-US","@id":"https:\/\/fit360.ee\/en\/pood\/product-groups\/protein-poweders-en\/whey-protein-en\/nano-epic-juice-25g\/#primaryimage","url":"https:\/\/fit360.ee\/wp-content\/uploads\/2024\/07\/nanp-supps-epic-juice-fit360.ee_.jpg","contentUrl":"https:\/\/fit360.ee\/wp-content\/uploads\/2024\/07\/nanp-supps-epic-juice-fit360.ee_.jpg","width":565,"height":510,"caption":"nanp supps epic juice - fit360.ee"},{"@type":"BreadcrumbList","@id":"https:\/\/fit360.ee\/en\/pood\/product-groups\/protein-poweders-en\/whey-protein-en\/nano-epic-juice-25g\/#breadcrumb","itemListElement":[{"@type":"ListItem","position":1,"name":"Home","item":"https:\/\/fit360.ee\/en\/"},{"@type":"ListItem","position":2,"name":"Shop","item":"https:\/\/fit360.ee\/en\/shop\/"},{"@type":"ListItem","position":3,"name":"Nano Epic Juice (25g)"}]},{"@type":"WebSite","@id":"https:\/\/fit360.ee\/en\/#website","url":"https:\/\/fit360.ee\/en\/","name":"Fit360","description":"","publisher":{"@id":"https:\/\/fit360.ee\/en\/#organization"},"potentialAction":[{"@type":"SearchAction","target":{"@type":"EntryPoint","urlTemplate":"https:\/\/fit360.ee\/en\/?s={search_term_string}"},"query-input":{"@type":"PropertyValueSpecification","valueRequired":true,"valueName":"search_term_string"}}],"inLanguage":"en-US"},{"@type":"Organization","@id":"https:\/\/fit360.ee\/en\/#organization","name":"Fit360","url":"https:\/\/fit360.ee\/en\/","logo":{"@type":"ImageObject","inLanguage":"en-US","@id":"https:\/\/fit360.ee\/en\/#\/schema\/logo\/image\/","url":"https:\/\/fit360.ee\/wp-content\/uploads\/2017\/01\/logo-fit360.png","contentUrl":"https:\/\/fit360.ee\/wp-content\/uploads\/2017\/01\/logo-fit360.png","width":180,"height":66,"caption":"Fit360"},"image":{"@id":"https:\/\/fit360.ee\/en\/#\/schema\/logo\/image\/"}}]}},"_links":{"self":[{"href":"https:\/\/fit360.ee\/en\/wp-json\/wp\/v2\/product\/81688","targetHints":{"allow":["GET"]}}],"collection":[{"href":"https:\/\/fit360.ee\/en\/wp-json\/wp\/v2\/product"}],"about":[{"href":"https:\/\/fit360.ee\/en\/wp-json\/wp\/v2\/types\/product"}],"replies":[{"embeddable":true,"href":"https:\/\/fit360.ee\/en\/wp-json\/wp\/v2\/comments?post=81688"}],"wp:featuredmedia":[{"embeddable":true,"href":"https:\/\/fit360.ee\/en\/wp-json\/wp\/v2\/media\/81685"}],"wp:attachment":[{"href":"https:\/\/fit360.ee\/en\/wp-json\/wp\/v2\/media?parent=81688"}],"wp:term":[{"taxonomy":"product_brand","embeddable":true,"href":"https:\/\/fit360.ee\/en\/wp-json\/wp\/v2\/product_brand?post=81688"},{"taxonomy":"product_cat","embeddable":true,"href":"https:\/\/fit360.ee\/en\/wp-json\/wp\/v2\/product_cat?post=81688"},{"taxonomy":"product_tag","embeddable":true,"href":"https:\/\/fit360.ee\/en\/wp-json\/wp\/v2\/product_tag?post=81688"},{"taxonomy":"giftcard-category","embeddable":true,"href":"https:\/\/fit360.ee\/en\/wp-json\/wp\/v2\/giftcard-category?post=81688"}],"curies":[{"name":"wp","href":"https:\/\/api.w.org\/{rel}","templated":true}]}}