{"id":81713,"date":"2024-07-24T10:34:18","date_gmt":"2024-07-24T08:34:18","guid":{"rendered":"https:\/\/fit360.ee\/pood\/uncategorized\/calcium-magnesium-60-caps\/"},"modified":"2025-08-13T07:38:59","modified_gmt":"2025-08-13T05:38:59","slug":"calcium-magnesium-60-caps","status":"publish","type":"product","link":"https:\/\/fit360.ee\/en\/pood\/product-groups\/%d0%b2%d0%b5%d0%b3%d0%b0%d0%bd\/vegan-capsules-en\/calcium-magnesium-60-caps\/","title":{"rendered":"Calcium &amp; Magnesium (60 caps)"},"content":{"rendered":"<h2><strong>Calcium &amp; Magnesium<\/strong><\/h2>\n<p><strong>Applied Nutrition Calcium &amp; Magnesium<\/strong> on esmaklassiline toidulisand, mille koostis on rangelt kontrollitud, et see sobiks erinevate dieetide ja k\u00f5ige n\u00f5udlikumate treenijate vajadustega. Selle toote iga partii kontrollitakse j\u00e4lgitava programmi raames keelatud ainete suhtes. Tooteid testitakse rangelt ISO 17025 akrediteeritud laboris, et tagada k\u00f5rgeim kindlustunne, et neid on sportlastele ohutum kasutada. Tervete luude ning normaalse n\u00e4rvi- ja lihasfunktsiooni s\u00e4ilitamiseks on Calcium &amp; Magnesium kapslid \u00fcks Applied Nutritioni esmaklassilisi mineraalide komplekse.<\/p>\n<h4><strong>Kaltsium &amp; Magneesium eelised<\/strong><\/h4>\n<ul>\n<li>V\u00f5ib aidata kaasa normaalsele lihaste funktsioonile ja toetada tervet n\u00e4rvis\u00fcsteemi<\/li>\n<li>V\u00f5ib soodustada tugevaid luid<\/li>\n<li>Testitud keelatud ainete suhtes<\/li>\n<li>GMP-ga \u00fchilduv<\/li>\n<li>Halal sertifikaat<\/li>\n<li>Gluteenivaba<\/li>\n<li>Taimetoitlase koorega kapsel<\/li>\n<li>S\u00f5bralikud veganid ja taimetoitlased<\/li>\n<li>Ei sisalda magusaineid ega s\u00e4ilitusaineid<\/li>\n<li>Kunstlike l\u00f5hna- ja maitseaineteta<\/li>\n<li>100% magneesiumi ja kaltsiumi\u00a0igap\u00e4evane omastatavus\u00a03 kapslis<\/li>\n<\/ul>\n<p>T\u00e4iendage oma energia ja eluj\u00f5u tasakaalu\u00a0Applied Nutrition Calcium &amp; Magnesium mineraalide kompleksiga ja tunnetage toetust, mida teie p\u00fchendunud treening vajab.<\/p>\n<p><strong>Koostisosad<\/strong>: Kaltsium (kandja: maltodekstriin), magneesium, paksendaja (mikrokristalliline tselluloos), paakumisvastased ained (magneesiumstearaat, steariinhape), tarretusaine (h\u00fcdroks\u00fcprop\u00fc\u00fclmet\u00fc\u00fcltselluloos), glasuuriained (gl\u00fctserool, karnaubavaha).<\/p>\n<p><strong>Kasutamine<\/strong>: 2 kapslit p\u00e4evas koos veega, soovitatavalt peale s\u00f6\u00f6gikorda.<\/p>\n<p><strong>Suurus<\/strong>: 60 kapslit &#8211; 30 serveeringut.<\/p>\n<table border=\"1\">\n<tbody>\n<tr>\n<td><strong>Toimeained<\/strong><\/td>\n<td><strong>portsjoni kohta<\/strong><\/td>\n<td><strong>*%SPK<\/strong><\/td>\n<\/tr>\n<tr>\n<td>Kaltsium<\/td>\n<td>800 mg<\/td>\n<td>100<\/td>\n<\/tr>\n<tr>\n<td>Magneesium<\/td>\n<td>375 mg<\/td>\n<td>100<\/td>\n<\/tr>\n<\/tbody>\n<\/table>\n<p><strong>* SPK &#8211; Soovitatud p\u00e4evane kogus.V\u00f5rdluskogus keskmise t\u00e4iskasvanu kohta (8400 kJ\/2000 kcal)<\/strong><\/p>\n<p>Vaata ka meie teisi Kaltsiume <a href=\"https:\/\/fit360.ee\/en\/product-category\/product-groups\/vitamins-and-minerals-en\/calcium-en\/\"><strong>SIIT<\/strong> <\/a>v\u00f5i Magneesiume <a href=\"https:\/\/fit360.ee\/en\/product-category\/product-groups\/vitamins-and-minerals-en\/magnesium-en\/\"><strong>SIIT<\/strong><\/a>!<\/p>\n<p>Soovid kaupa osta suuremas koguses? Vaata antud toodet ka meie HULGI poest\u00a0<a href=\"https:\/\/toidulisandidhulgi.ee\/tooted\/calcium-magnesium-60-caps\/\"><strong>SIIT<\/strong><\/a>!<\/p>\n","protected":false},"excerpt":{"rendered":"<div class=\"product-description-2\">Tervete luude ning normaalse n\u00e4rvi- ja lihasfunktsiooni s\u00e4ilitamiseks on <strong>Calcium &amp; Magnesium<\/strong> kapslid \u00fcks Applied Nutritioni esmaklassilisi mineraalide komplekse.<\/div>\n","protected":false},"featured_media":81712,"comment_status":"open","ping_status":"closed","template":"","meta":[],"product_brand":[],"product_cat":[3727,2267,1915,2664,536,1201],"product_tag":[3730,2208,1746,2190],"giftcard-category":[],"class_list":{"0":"post-81713","1":"product","2":"type-product","3":"status-publish","4":"has-post-thumbnail","6":"product_cat-applied-nutrition-en","7":"product_cat-calcium-en","8":"product_cat-magnesium-en","9":"product_cat-vegan-capsules-en","10":"product_cat-vitamins-and-minerals-en","11":"product_cat-1201","12":"product_tag-applied-nutrition-en","13":"product_tag-calcium-magnesium-en","14":"product_tag-kaltsium-en","15":"product_tag-magneesium-en","16":"pa_kogus-60-capsules","17":"pa_toidulisand-branddd-applied-nutrition","18":"pa_tootegruppp-kaltsium-en","19":"pa_tootegruppp-magneesium-en","20":"pa_tootegruppp-vcaps-vegan-kapslid-en","21":"pa_tootegruppp-vegan-en","22":"pa_tootegruppp-vitamins-and-minerals","24":"first","25":"outofstock","26":"sale","27":"taxable","28":"shipping-taxable","29":"purchasable","30":"product-type-simple"},"yoast_head":"<!-- This site is optimized with the Yoast SEO plugin v27.3 - https:\/\/yoast.com\/product\/yoast-seo-wordpress\/ -->\n<title>Calcium &amp; Magnesium (60 caps) - T\u00f5hus Kaltsium ja magneesium - Fit360<\/title>\n<meta name=\"description\" content=\"Calcium &amp; Magnesium on esmaklassiline toidulisand, mille koostis on rangelt kontrollitud, et see sobiks erinevate dieetide ja k\u00f5ige n\u00f5udlikumate treenija..\" \/>\n<meta name=\"robots\" content=\"index, follow, max-snippet:-1, max-image-preview:large, max-video-preview:-1\" \/>\n<link rel=\"canonical\" href=\"https:\/\/fit360.ee\/en\/pood\/product-groups\/\u0432\u0435\u0433\u0430\u043d\/vegan-capsules-en\/calcium-magnesium-60-caps\/\" \/>\n<meta property=\"og:locale\" content=\"en_US\" \/>\n<meta property=\"og:type\" content=\"article\" \/>\n<meta property=\"og:title\" content=\"Calcium &amp; Magnesium (60 caps) - T\u00f5hus Kaltsium ja magneesium - Fit360\" \/>\n<meta property=\"og:description\" content=\"Calcium &amp; Magnesium on esmaklassiline toidulisand, mille koostis on rangelt kontrollitud, et see sobiks erinevate dieetide ja k\u00f5ige n\u00f5udlikumate treenija..\" \/>\n<meta property=\"og:url\" content=\"https:\/\/fit360.ee\/en\/pood\/product-groups\/\u0432\u0435\u0433\u0430\u043d\/vegan-capsules-en\/calcium-magnesium-60-caps\/\" \/>\n<meta property=\"og:site_name\" content=\"Fit360\" \/>\n<meta property=\"article:modified_time\" content=\"2025-08-13T05:38:59+00:00\" \/>\n<meta property=\"og:image\" content=\"https:\/\/fit360.ee\/wp-content\/uploads\/2024\/07\/calcium-magnesium-fit360.ee_.jpg\" \/>\n\t<meta property=\"og:image:width\" content=\"500\" \/>\n\t<meta property=\"og:image:height\" content=\"500\" \/>\n\t<meta property=\"og:image:type\" content=\"image\/jpeg\" \/>\n<meta name=\"twitter:card\" content=\"summary_large_image\" \/>\n<meta name=\"twitter:label1\" content=\"Est. reading time\" \/>\n\t<meta name=\"twitter:data1\" content=\"2 minutes\" \/>\n<script type=\"application\/ld+json\" class=\"yoast-schema-graph\">{\"@context\":\"https:\\\/\\\/schema.org\",\"@graph\":[{\"@type\":\"WebPage\",\"@id\":\"https:\\\/\\\/fit360.ee\\\/en\\\/pood\\\/product-groups\\\/%d0%b2%d0%b5%d0%b3%d0%b0%d0%bd\\\/vegan-capsules-en\\\/calcium-magnesium-60-caps\\\/\",\"url\":\"https:\\\/\\\/fit360.ee\\\/en\\\/pood\\\/product-groups\\\/%d0%b2%d0%b5%d0%b3%d0%b0%d0%bd\\\/vegan-capsules-en\\\/calcium-magnesium-60-caps\\\/\",\"name\":\"Calcium &amp; Magnesium (60 caps) - T\u00f5hus Kaltsium ja magneesium - Fit360\",\"isPartOf\":{\"@id\":\"https:\\\/\\\/fit360.ee\\\/en\\\/#website\"},\"primaryImageOfPage\":{\"@id\":\"https:\\\/\\\/fit360.ee\\\/en\\\/pood\\\/product-groups\\\/%d0%b2%d0%b5%d0%b3%d0%b0%d0%bd\\\/vegan-capsules-en\\\/calcium-magnesium-60-caps\\\/#primaryimage\"},\"image\":{\"@id\":\"https:\\\/\\\/fit360.ee\\\/en\\\/pood\\\/product-groups\\\/%d0%b2%d0%b5%d0%b3%d0%b0%d0%bd\\\/vegan-capsules-en\\\/calcium-magnesium-60-caps\\\/#primaryimage\"},\"thumbnailUrl\":\"https:\\\/\\\/fit360.ee\\\/wp-content\\\/uploads\\\/2024\\\/07\\\/calcium-magnesium-fit360.ee_.jpg\",\"datePublished\":\"2024-07-24T08:34:18+00:00\",\"dateModified\":\"2025-08-13T05:38:59+00:00\",\"description\":\"Calcium & Magnesium on esmaklassiline toidulisand, mille koostis on rangelt kontrollitud, et see sobiks erinevate dieetide ja k\u00f5ige n\u00f5udlikumate treenija..\",\"breadcrumb\":{\"@id\":\"https:\\\/\\\/fit360.ee\\\/en\\\/pood\\\/product-groups\\\/%d0%b2%d0%b5%d0%b3%d0%b0%d0%bd\\\/vegan-capsules-en\\\/calcium-magnesium-60-caps\\\/#breadcrumb\"},\"inLanguage\":\"en-US\",\"potentialAction\":[{\"@type\":\"ReadAction\",\"target\":[\"https:\\\/\\\/fit360.ee\\\/en\\\/pood\\\/product-groups\\\/%d0%b2%d0%b5%d0%b3%d0%b0%d0%bd\\\/vegan-capsules-en\\\/calcium-magnesium-60-caps\\\/\"]}]},{\"@type\":\"ImageObject\",\"inLanguage\":\"en-US\",\"@id\":\"https:\\\/\\\/fit360.ee\\\/en\\\/pood\\\/product-groups\\\/%d0%b2%d0%b5%d0%b3%d0%b0%d0%bd\\\/vegan-capsules-en\\\/calcium-magnesium-60-caps\\\/#primaryimage\",\"url\":\"https:\\\/\\\/fit360.ee\\\/wp-content\\\/uploads\\\/2024\\\/07\\\/calcium-magnesium-fit360.ee_.jpg\",\"contentUrl\":\"https:\\\/\\\/fit360.ee\\\/wp-content\\\/uploads\\\/2024\\\/07\\\/calcium-magnesium-fit360.ee_.jpg\",\"width\":500,\"height\":500,\"caption\":\"calcium & magnesium - fit360.ee\"},{\"@type\":\"BreadcrumbList\",\"@id\":\"https:\\\/\\\/fit360.ee\\\/en\\\/pood\\\/product-groups\\\/%d0%b2%d0%b5%d0%b3%d0%b0%d0%bd\\\/vegan-capsules-en\\\/calcium-magnesium-60-caps\\\/#breadcrumb\",\"itemListElement\":[{\"@type\":\"ListItem\",\"position\":1,\"name\":\"Home\",\"item\":\"https:\\\/\\\/fit360.ee\\\/en\\\/\"},{\"@type\":\"ListItem\",\"position\":2,\"name\":\"Shop\",\"item\":\"https:\\\/\\\/fit360.ee\\\/en\\\/shop\\\/\"},{\"@type\":\"ListItem\",\"position\":3,\"name\":\"Calcium &amp; Magnesium (60 caps)\"}]},{\"@type\":\"WebSite\",\"@id\":\"https:\\\/\\\/fit360.ee\\\/en\\\/#website\",\"url\":\"https:\\\/\\\/fit360.ee\\\/en\\\/\",\"name\":\"Fit360\",\"description\":\"\",\"publisher\":{\"@id\":\"https:\\\/\\\/fit360.ee\\\/en\\\/#organization\"},\"potentialAction\":[{\"@type\":\"SearchAction\",\"target\":{\"@type\":\"EntryPoint\",\"urlTemplate\":\"https:\\\/\\\/fit360.ee\\\/en\\\/?s={search_term_string}\"},\"query-input\":{\"@type\":\"PropertyValueSpecification\",\"valueRequired\":true,\"valueName\":\"search_term_string\"}}],\"inLanguage\":\"en-US\"},{\"@type\":\"Organization\",\"@id\":\"https:\\\/\\\/fit360.ee\\\/en\\\/#organization\",\"name\":\"Fit360\",\"url\":\"https:\\\/\\\/fit360.ee\\\/en\\\/\",\"logo\":{\"@type\":\"ImageObject\",\"inLanguage\":\"en-US\",\"@id\":\"https:\\\/\\\/fit360.ee\\\/en\\\/#\\\/schema\\\/logo\\\/image\\\/\",\"url\":\"https:\\\/\\\/fit360.ee\\\/wp-content\\\/uploads\\\/2017\\\/01\\\/logo-fit360.png\",\"contentUrl\":\"https:\\\/\\\/fit360.ee\\\/wp-content\\\/uploads\\\/2017\\\/01\\\/logo-fit360.png\",\"width\":180,\"height\":66,\"caption\":\"Fit360\"},\"image\":{\"@id\":\"https:\\\/\\\/fit360.ee\\\/en\\\/#\\\/schema\\\/logo\\\/image\\\/\"}}]}<\/script>\n<!-- \/ Yoast SEO plugin. -->","yoast_head_json":{"title":"Calcium &amp; Magnesium (60 caps) - T\u00f5hus Kaltsium ja magneesium - Fit360","description":"Calcium & Magnesium on esmaklassiline toidulisand, mille koostis on rangelt kontrollitud, et see sobiks erinevate dieetide ja k\u00f5ige n\u00f5udlikumate treenija..","robots":{"index":"index","follow":"follow","max-snippet":"max-snippet:-1","max-image-preview":"max-image-preview:large","max-video-preview":"max-video-preview:-1"},"canonical":"https:\/\/fit360.ee\/en\/pood\/product-groups\/\u0432\u0435\u0433\u0430\u043d\/vegan-capsules-en\/calcium-magnesium-60-caps\/","og_locale":"en_US","og_type":"article","og_title":"Calcium &amp; Magnesium (60 caps) - T\u00f5hus Kaltsium ja magneesium - Fit360","og_description":"Calcium & Magnesium on esmaklassiline toidulisand, mille koostis on rangelt kontrollitud, et see sobiks erinevate dieetide ja k\u00f5ige n\u00f5udlikumate treenija..","og_url":"https:\/\/fit360.ee\/en\/pood\/product-groups\/\u0432\u0435\u0433\u0430\u043d\/vegan-capsules-en\/calcium-magnesium-60-caps\/","og_site_name":"Fit360","article_modified_time":"2025-08-13T05:38:59+00:00","og_image":[{"width":500,"height":500,"url":"https:\/\/fit360.ee\/wp-content\/uploads\/2024\/07\/calcium-magnesium-fit360.ee_.jpg","type":"image\/jpeg"}],"twitter_card":"summary_large_image","twitter_misc":{"Est. reading time":"2 minutes"},"schema":{"@context":"https:\/\/schema.org","@graph":[{"@type":"WebPage","@id":"https:\/\/fit360.ee\/en\/pood\/product-groups\/%d0%b2%d0%b5%d0%b3%d0%b0%d0%bd\/vegan-capsules-en\/calcium-magnesium-60-caps\/","url":"https:\/\/fit360.ee\/en\/pood\/product-groups\/%d0%b2%d0%b5%d0%b3%d0%b0%d0%bd\/vegan-capsules-en\/calcium-magnesium-60-caps\/","name":"Calcium &amp; Magnesium (60 caps) - T\u00f5hus Kaltsium ja magneesium - Fit360","isPartOf":{"@id":"https:\/\/fit360.ee\/en\/#website"},"primaryImageOfPage":{"@id":"https:\/\/fit360.ee\/en\/pood\/product-groups\/%d0%b2%d0%b5%d0%b3%d0%b0%d0%bd\/vegan-capsules-en\/calcium-magnesium-60-caps\/#primaryimage"},"image":{"@id":"https:\/\/fit360.ee\/en\/pood\/product-groups\/%d0%b2%d0%b5%d0%b3%d0%b0%d0%bd\/vegan-capsules-en\/calcium-magnesium-60-caps\/#primaryimage"},"thumbnailUrl":"https:\/\/fit360.ee\/wp-content\/uploads\/2024\/07\/calcium-magnesium-fit360.ee_.jpg","datePublished":"2024-07-24T08:34:18+00:00","dateModified":"2025-08-13T05:38:59+00:00","description":"Calcium & Magnesium on esmaklassiline toidulisand, mille koostis on rangelt kontrollitud, et see sobiks erinevate dieetide ja k\u00f5ige n\u00f5udlikumate treenija..","breadcrumb":{"@id":"https:\/\/fit360.ee\/en\/pood\/product-groups\/%d0%b2%d0%b5%d0%b3%d0%b0%d0%bd\/vegan-capsules-en\/calcium-magnesium-60-caps\/#breadcrumb"},"inLanguage":"en-US","potentialAction":[{"@type":"ReadAction","target":["https:\/\/fit360.ee\/en\/pood\/product-groups\/%d0%b2%d0%b5%d0%b3%d0%b0%d0%bd\/vegan-capsules-en\/calcium-magnesium-60-caps\/"]}]},{"@type":"ImageObject","inLanguage":"en-US","@id":"https:\/\/fit360.ee\/en\/pood\/product-groups\/%d0%b2%d0%b5%d0%b3%d0%b0%d0%bd\/vegan-capsules-en\/calcium-magnesium-60-caps\/#primaryimage","url":"https:\/\/fit360.ee\/wp-content\/uploads\/2024\/07\/calcium-magnesium-fit360.ee_.jpg","contentUrl":"https:\/\/fit360.ee\/wp-content\/uploads\/2024\/07\/calcium-magnesium-fit360.ee_.jpg","width":500,"height":500,"caption":"calcium & magnesium - fit360.ee"},{"@type":"BreadcrumbList","@id":"https:\/\/fit360.ee\/en\/pood\/product-groups\/%d0%b2%d0%b5%d0%b3%d0%b0%d0%bd\/vegan-capsules-en\/calcium-magnesium-60-caps\/#breadcrumb","itemListElement":[{"@type":"ListItem","position":1,"name":"Home","item":"https:\/\/fit360.ee\/en\/"},{"@type":"ListItem","position":2,"name":"Shop","item":"https:\/\/fit360.ee\/en\/shop\/"},{"@type":"ListItem","position":3,"name":"Calcium &amp; Magnesium (60 caps)"}]},{"@type":"WebSite","@id":"https:\/\/fit360.ee\/en\/#website","url":"https:\/\/fit360.ee\/en\/","name":"Fit360","description":"","publisher":{"@id":"https:\/\/fit360.ee\/en\/#organization"},"potentialAction":[{"@type":"SearchAction","target":{"@type":"EntryPoint","urlTemplate":"https:\/\/fit360.ee\/en\/?s={search_term_string}"},"query-input":{"@type":"PropertyValueSpecification","valueRequired":true,"valueName":"search_term_string"}}],"inLanguage":"en-US"},{"@type":"Organization","@id":"https:\/\/fit360.ee\/en\/#organization","name":"Fit360","url":"https:\/\/fit360.ee\/en\/","logo":{"@type":"ImageObject","inLanguage":"en-US","@id":"https:\/\/fit360.ee\/en\/#\/schema\/logo\/image\/","url":"https:\/\/fit360.ee\/wp-content\/uploads\/2017\/01\/logo-fit360.png","contentUrl":"https:\/\/fit360.ee\/wp-content\/uploads\/2017\/01\/logo-fit360.png","width":180,"height":66,"caption":"Fit360"},"image":{"@id":"https:\/\/fit360.ee\/en\/#\/schema\/logo\/image\/"}}]}},"_links":{"self":[{"href":"https:\/\/fit360.ee\/en\/wp-json\/wp\/v2\/product\/81713","targetHints":{"allow":["GET"]}}],"collection":[{"href":"https:\/\/fit360.ee\/en\/wp-json\/wp\/v2\/product"}],"about":[{"href":"https:\/\/fit360.ee\/en\/wp-json\/wp\/v2\/types\/product"}],"replies":[{"embeddable":true,"href":"https:\/\/fit360.ee\/en\/wp-json\/wp\/v2\/comments?post=81713"}],"wp:featuredmedia":[{"embeddable":true,"href":"https:\/\/fit360.ee\/en\/wp-json\/wp\/v2\/media\/81712"}],"wp:attachment":[{"href":"https:\/\/fit360.ee\/en\/wp-json\/wp\/v2\/media?parent=81713"}],"wp:term":[{"taxonomy":"product_brand","embeddable":true,"href":"https:\/\/fit360.ee\/en\/wp-json\/wp\/v2\/product_brand?post=81713"},{"taxonomy":"product_cat","embeddable":true,"href":"https:\/\/fit360.ee\/en\/wp-json\/wp\/v2\/product_cat?post=81713"},{"taxonomy":"product_tag","embeddable":true,"href":"https:\/\/fit360.ee\/en\/wp-json\/wp\/v2\/product_tag?post=81713"},{"taxonomy":"giftcard-category","embeddable":true,"href":"https:\/\/fit360.ee\/en\/wp-json\/wp\/v2\/giftcard-category?post=81713"}],"curies":[{"name":"wp","href":"https:\/\/api.w.org\/{rel}","templated":true}]}}