{"id":81817,"date":"2024-07-31T15:45:49","date_gmt":"2024-07-31T13:45:49","guid":{"rendered":"https:\/\/fit360.ee\/pood\/uncategorized\/niacin-250mg-no-flush-90tabs\/"},"modified":"2025-08-19T08:52:08","modified_gmt":"2025-08-19T06:52:08","slug":"niacin-250mg-no-flush-90tabs","status":"publish","type":"product","link":"https:\/\/fit360.ee\/en\/pood\/product-groups\/vitamins-and-minerals-en\/b-vitamin-en\/niacin-250mg-no-flush-90tabs\/","title":{"rendered":"Niacin 250mg NO-FLUSH (90tabs)"},"content":{"rendered":"<h2><strong>Niatsiin<\/strong><\/h2>\n<p>OstroVit Niacin (Niatsiin) 250 NO-FLUSH on kvaliteetne toidulisand, mis on niatsiini allikas inositoolheksanikotinaadi kujul. See preparaat on saadaval kergesti neelatavate tablettidena, mis on loodud suurenenud vitamiinivajadusega inimestele.<\/p>\n<ul class=\"cm__list\">\n<li><strong>Niatsiini allikas<\/strong>\u00a0\u2013 \u00dcks toidulisandi portsjon annab organismile 250 mg B3-vitamiini inositoolheksanikotinaadi kujul, st sellise \u00fchendi kujul, mis ei p\u00f5hjusta loputusefekti.<\/li>\n<li><strong>1 portsjon = 1 tablett<\/strong>\u00a0.<\/li>\n<li><strong>Efektiivsus<\/strong>\u00a0\u2013 Tootepakendis on 90 portsjonit preparaati, millest piisab kolmeks kuuks regulaarseks toidulisandiks.<\/li>\n<li><strong>Mugav vorm<\/strong>\u00a0\u2013 kergesti neelatavate tablettidena saadaval olev preparaat tagab toidulisandi probleemideta tarnimise.<\/li>\n<\/ul>\n<h2 class=\"cm__heading\"><strong>OstroVit Niacin 250 NO-FLUSH \u2013 B3-vitamiini allikas<\/strong><\/h2>\n<p class=\"cm__text\"><strong>Niatsiin &#8211; vitamiin PP v\u00f5i B3<\/strong>\u00a0&#8211; vees lahustuv vitamiin, mis kuulub r\u00fchma B. Niatsiini saab inimkehas looduslikult s\u00fcnteesida aminohappest tr\u00fcptofaanist, kuid seda tasub organismi varustada ka v\u00e4ljastpoolt koos igap\u00e4evane dieet \u2013 PP-vitamiini v\u00f5ib leida loomsetest saadustest nagu liha, kala v\u00f5i munad. Niatsiini sisaldavate toidulisandite kasutamise tulemusena v\u00f5ib tekkida n\u00e4htus nimega niatsiini\u00f5hetus, mis tuleneb nikotiinhappe kohesest vabanemisest organismi, mis aitab kaasa veresoonte laienemise t\u00f5ttu verevoolu suurenemisele. See on niatsiini sisaldavate toidulisandite kasutamisega seotud sagedane k\u00f5rvaln\u00e4ht, mis v\u00f5ib v\u00e4ljenduda naha punetuse ja s\u00fcgelusena. See on n\u00e4htus, mis on k\u00fcll kahjutu, kuid v\u00f5ib kaasa aidata ebamugavustunde tekkimisele. Hea lahendus v\u00f5ib aga olla niatsiini lisamine inositoolheksanikotinaadi kujul, mis on saadaval OstroVitis. See on \u00fchendi vorm, mis\u00a0<strong>ei p\u00f5hjusta loputusefekti<\/strong>\u00a0ja v\u00f5imaldab seega probleemivaba t\u00e4iendamist.<\/p>\n<h4 class=\"cm__heading\"><strong>OstroVit Niatsiin 250 NO-FLUSH koostisainete omadused<\/strong><\/h4>\n<p><strong>Niatsiin<\/strong>\u00a0aitab kaasa \u00f5ige energiavahetuse s\u00e4ilitamisele ning toetab ka n\u00e4rvis\u00fcsteemi n\u00f5uetekohast talitlust. Lisaks aitab see s\u00e4ilitada optimaalseid ps\u00fchholoogilisi funktsioone ja toetab limaskestade \u00f5iget seisundit. Niatsiin aitab s\u00e4ilitada ka terve naha ning aitab v\u00e4hendada v\u00e4simust ja kurnatust.<\/p>\n<p><strong>Koostisosad<\/strong>: Inositoolheksanikotinaat (niatsiin), mahuaine: mikrokristalne tselluloos; t\u00e4rklis, paakumisvastased ained: rasvhapete magneesiumisoolad, r\u00e4nidioksiid.<\/p>\n<p><strong>Kasutamine<\/strong>: V\u00f5tke 1 portsjon (1 tablett) p\u00e4evas koos toiduga.<\/p>\n<p><strong>Suurus<\/strong>: 90 tabletti.<\/p>\n<table>\n<tbody>\n<tr>\n<th>Aktiivsed koostisosad<\/th>\n<th>Portsjoni kohta<\/th>\n<th>% SPK*<\/th>\n<\/tr>\n<tr>\n<td>Niatsiin<\/td>\n<td>250 mg<\/td>\n<td>1563%<\/td>\n<\/tr>\n<\/tbody>\n<\/table>\n<p>*SPK \u2013 Soovitatud p\u00e4evane kogus<\/p>\n<p>Vaata ka meie teisi B-Vitamiine <a href=\"https:\/\/fit360.ee\/tootekategooria\/tootegrupid\/vitamiinid-mineraalid-ja-muu\/b-vitamiin\/\"><strong>SIIT<\/strong><\/a> v\u00f5i k\u00f5iki Vitamiine <a href=\"https:\/\/fit360.ee\/tootekategooria\/tootegrupid\/vitamiinid-mineraalid-ja-muu\/\"><strong>SIIT<\/strong><\/a>!<\/p>\n<p>Soovid kaupa osta suuremas koguses? Vaata antud toodet ka meie HULGI poest\u00a0<a href=\"https:\/\/toidulisandidhulgi.ee\/tooted\/niacin-250mg-no-flush-90tabs\/\"><strong>SIIT<\/strong><\/a>!<\/p>\n","protected":false},"excerpt":{"rendered":"<ul class=\"cm__list\">\n<li>Niatsiini allikas\u00a0\u2013 \u00dcks toidulisandi portsjon annab organismile 250 mg B3-vitamiini inositoolheksanikotinaadi kujul, st sellise \u00fchendi kujul, mis ei p\u00f5hjusta loputusefekti.<\/li>\n<li>Efektiivsus<\/li>\n<li>Mugav vorm<\/li>\n<\/ul>\n","protected":false},"featured_media":81816,"comment_status":"open","ping_status":"closed","template":"","meta":[],"product_brand":[],"product_cat":[2251,1329,536,1201],"product_tag":[2127,2128,5138,1924],"giftcard-category":[],"class_list":{"0":"post-81817","1":"product","2":"type-product","3":"status-publish","4":"has-post-thumbnail","6":"product_cat-b-vitamin-en","7":"product_cat-ostrovit-en","8":"product_cat-vitamins-and-minerals-en","9":"product_cat-1201","10":"product_tag-niacin-en","11":"product_tag-niatsiin-en","12":"product_tag-no-flush-niacin-en","13":"product_tag-ostrovit-en","14":"pa_kogus-90-tablets","15":"pa_toidulisand-branddd-ostrovit","16":"pa_tootegruppp-b-vitamiin-en","17":"pa_tootegruppp-vegan-en","18":"pa_tootegruppp-vitamins-and-minerals","20":"first","21":"instock","22":"sale","23":"taxable","24":"shipping-taxable","25":"purchasable","26":"product-type-simple"},"yoast_head":"<!-- This site is optimized with the Yoast SEO plugin v27.3 - https:\/\/yoast.com\/product\/yoast-seo-wordpress\/ -->\n<title>Niacin 250mg NO-FLUSH (90tabs) - Tugev Niatsiin - Parim Hind - Fit360<\/title>\n<meta name=\"description\" content=\"Niacin (Niatsiin) 250 NO-FLUSH on kvaliteetne toidulisand, mis on niatsiini allikas inositoolheksanikotinaadi kujul. See preparaat on saadaval kergesti ...\" \/>\n<meta name=\"robots\" content=\"index, follow, max-snippet:-1, max-image-preview:large, max-video-preview:-1\" \/>\n<link rel=\"canonical\" href=\"https:\/\/fit360.ee\/en\/pood\/product-groups\/vitamins-and-minerals-en\/b-vitamin-en\/niacin-250mg-no-flush-90tabs\/\" \/>\n<meta property=\"og:locale\" content=\"en_US\" \/>\n<meta property=\"og:type\" content=\"article\" \/>\n<meta property=\"og:title\" content=\"Niacin 250mg NO-FLUSH (90tabs) - Tugev Niatsiin - Parim Hind - Fit360\" \/>\n<meta property=\"og:description\" content=\"Niacin (Niatsiin) 250 NO-FLUSH on kvaliteetne toidulisand, mis on niatsiini allikas inositoolheksanikotinaadi kujul. See preparaat on saadaval kergesti ...\" \/>\n<meta property=\"og:url\" content=\"https:\/\/fit360.ee\/en\/pood\/product-groups\/vitamins-and-minerals-en\/b-vitamin-en\/niacin-250mg-no-flush-90tabs\/\" \/>\n<meta property=\"og:site_name\" content=\"Fit360\" \/>\n<meta property=\"article:modified_time\" content=\"2025-08-19T06:52:08+00:00\" \/>\n<meta property=\"og:image\" content=\"https:\/\/fit360.ee\/wp-content\/uploads\/2024\/07\/niatsiin-bo-flush-ostrovit-fit360.ee_.png\" \/>\n\t<meta property=\"og:image:width\" content=\"450\" \/>\n\t<meta property=\"og:image:height\" content=\"450\" \/>\n\t<meta property=\"og:image:type\" content=\"image\/png\" \/>\n<meta name=\"twitter:card\" content=\"summary_large_image\" \/>\n<meta name=\"twitter:label1\" content=\"Est. reading time\" \/>\n\t<meta name=\"twitter:data1\" content=\"2 minutes\" \/>\n<script type=\"application\/ld+json\" class=\"yoast-schema-graph\">{\"@context\":\"https:\\\/\\\/schema.org\",\"@graph\":[{\"@type\":\"WebPage\",\"@id\":\"https:\\\/\\\/fit360.ee\\\/en\\\/pood\\\/product-groups\\\/vitamins-and-minerals-en\\\/b-vitamin-en\\\/niacin-250mg-no-flush-90tabs\\\/\",\"url\":\"https:\\\/\\\/fit360.ee\\\/en\\\/pood\\\/product-groups\\\/vitamins-and-minerals-en\\\/b-vitamin-en\\\/niacin-250mg-no-flush-90tabs\\\/\",\"name\":\"Niacin 250mg NO-FLUSH (90tabs) - Tugev Niatsiin - Parim Hind - Fit360\",\"isPartOf\":{\"@id\":\"https:\\\/\\\/fit360.ee\\\/en\\\/#website\"},\"primaryImageOfPage\":{\"@id\":\"https:\\\/\\\/fit360.ee\\\/en\\\/pood\\\/product-groups\\\/vitamins-and-minerals-en\\\/b-vitamin-en\\\/niacin-250mg-no-flush-90tabs\\\/#primaryimage\"},\"image\":{\"@id\":\"https:\\\/\\\/fit360.ee\\\/en\\\/pood\\\/product-groups\\\/vitamins-and-minerals-en\\\/b-vitamin-en\\\/niacin-250mg-no-flush-90tabs\\\/#primaryimage\"},\"thumbnailUrl\":\"https:\\\/\\\/fit360.ee\\\/wp-content\\\/uploads\\\/2024\\\/07\\\/niatsiin-bo-flush-ostrovit-fit360.ee_.png\",\"datePublished\":\"2024-07-31T13:45:49+00:00\",\"dateModified\":\"2025-08-19T06:52:08+00:00\",\"description\":\"Niacin (Niatsiin) 250 NO-FLUSH on kvaliteetne toidulisand, mis on niatsiini allikas inositoolheksanikotinaadi kujul. See preparaat on saadaval kergesti ...\",\"breadcrumb\":{\"@id\":\"https:\\\/\\\/fit360.ee\\\/en\\\/pood\\\/product-groups\\\/vitamins-and-minerals-en\\\/b-vitamin-en\\\/niacin-250mg-no-flush-90tabs\\\/#breadcrumb\"},\"inLanguage\":\"en-US\",\"potentialAction\":[{\"@type\":\"ReadAction\",\"target\":[\"https:\\\/\\\/fit360.ee\\\/en\\\/pood\\\/product-groups\\\/vitamins-and-minerals-en\\\/b-vitamin-en\\\/niacin-250mg-no-flush-90tabs\\\/\"]}]},{\"@type\":\"ImageObject\",\"inLanguage\":\"en-US\",\"@id\":\"https:\\\/\\\/fit360.ee\\\/en\\\/pood\\\/product-groups\\\/vitamins-and-minerals-en\\\/b-vitamin-en\\\/niacin-250mg-no-flush-90tabs\\\/#primaryimage\",\"url\":\"https:\\\/\\\/fit360.ee\\\/wp-content\\\/uploads\\\/2024\\\/07\\\/niatsiin-bo-flush-ostrovit-fit360.ee_.png\",\"contentUrl\":\"https:\\\/\\\/fit360.ee\\\/wp-content\\\/uploads\\\/2024\\\/07\\\/niatsiin-bo-flush-ostrovit-fit360.ee_.png\",\"width\":450,\"height\":450,\"caption\":\"niatsiin bo flush ostrovit - fit360.ee\"},{\"@type\":\"BreadcrumbList\",\"@id\":\"https:\\\/\\\/fit360.ee\\\/en\\\/pood\\\/product-groups\\\/vitamins-and-minerals-en\\\/b-vitamin-en\\\/niacin-250mg-no-flush-90tabs\\\/#breadcrumb\",\"itemListElement\":[{\"@type\":\"ListItem\",\"position\":1,\"name\":\"Home\",\"item\":\"https:\\\/\\\/fit360.ee\\\/en\\\/\"},{\"@type\":\"ListItem\",\"position\":2,\"name\":\"Shop\",\"item\":\"https:\\\/\\\/fit360.ee\\\/en\\\/shop\\\/\"},{\"@type\":\"ListItem\",\"position\":3,\"name\":\"Niacin 250mg NO-FLUSH (90tabs)\"}]},{\"@type\":\"WebSite\",\"@id\":\"https:\\\/\\\/fit360.ee\\\/en\\\/#website\",\"url\":\"https:\\\/\\\/fit360.ee\\\/en\\\/\",\"name\":\"Fit360\",\"description\":\"\",\"publisher\":{\"@id\":\"https:\\\/\\\/fit360.ee\\\/en\\\/#organization\"},\"potentialAction\":[{\"@type\":\"SearchAction\",\"target\":{\"@type\":\"EntryPoint\",\"urlTemplate\":\"https:\\\/\\\/fit360.ee\\\/en\\\/?s={search_term_string}\"},\"query-input\":{\"@type\":\"PropertyValueSpecification\",\"valueRequired\":true,\"valueName\":\"search_term_string\"}}],\"inLanguage\":\"en-US\"},{\"@type\":\"Organization\",\"@id\":\"https:\\\/\\\/fit360.ee\\\/en\\\/#organization\",\"name\":\"Fit360\",\"url\":\"https:\\\/\\\/fit360.ee\\\/en\\\/\",\"logo\":{\"@type\":\"ImageObject\",\"inLanguage\":\"en-US\",\"@id\":\"https:\\\/\\\/fit360.ee\\\/en\\\/#\\\/schema\\\/logo\\\/image\\\/\",\"url\":\"https:\\\/\\\/fit360.ee\\\/wp-content\\\/uploads\\\/2017\\\/01\\\/logo-fit360.png\",\"contentUrl\":\"https:\\\/\\\/fit360.ee\\\/wp-content\\\/uploads\\\/2017\\\/01\\\/logo-fit360.png\",\"width\":180,\"height\":66,\"caption\":\"Fit360\"},\"image\":{\"@id\":\"https:\\\/\\\/fit360.ee\\\/en\\\/#\\\/schema\\\/logo\\\/image\\\/\"}}]}<\/script>\n<!-- \/ Yoast SEO plugin. -->","yoast_head_json":{"title":"Niacin 250mg NO-FLUSH (90tabs) - Tugev Niatsiin - Parim Hind - Fit360","description":"Niacin (Niatsiin) 250 NO-FLUSH on kvaliteetne toidulisand, mis on niatsiini allikas inositoolheksanikotinaadi kujul. See preparaat on saadaval kergesti ...","robots":{"index":"index","follow":"follow","max-snippet":"max-snippet:-1","max-image-preview":"max-image-preview:large","max-video-preview":"max-video-preview:-1"},"canonical":"https:\/\/fit360.ee\/en\/pood\/product-groups\/vitamins-and-minerals-en\/b-vitamin-en\/niacin-250mg-no-flush-90tabs\/","og_locale":"en_US","og_type":"article","og_title":"Niacin 250mg NO-FLUSH (90tabs) - Tugev Niatsiin - Parim Hind - Fit360","og_description":"Niacin (Niatsiin) 250 NO-FLUSH on kvaliteetne toidulisand, mis on niatsiini allikas inositoolheksanikotinaadi kujul. See preparaat on saadaval kergesti ...","og_url":"https:\/\/fit360.ee\/en\/pood\/product-groups\/vitamins-and-minerals-en\/b-vitamin-en\/niacin-250mg-no-flush-90tabs\/","og_site_name":"Fit360","article_modified_time":"2025-08-19T06:52:08+00:00","og_image":[{"width":450,"height":450,"url":"https:\/\/fit360.ee\/wp-content\/uploads\/2024\/07\/niatsiin-bo-flush-ostrovit-fit360.ee_.png","type":"image\/png"}],"twitter_card":"summary_large_image","twitter_misc":{"Est. reading time":"2 minutes"},"schema":{"@context":"https:\/\/schema.org","@graph":[{"@type":"WebPage","@id":"https:\/\/fit360.ee\/en\/pood\/product-groups\/vitamins-and-minerals-en\/b-vitamin-en\/niacin-250mg-no-flush-90tabs\/","url":"https:\/\/fit360.ee\/en\/pood\/product-groups\/vitamins-and-minerals-en\/b-vitamin-en\/niacin-250mg-no-flush-90tabs\/","name":"Niacin 250mg NO-FLUSH (90tabs) - Tugev Niatsiin - Parim Hind - Fit360","isPartOf":{"@id":"https:\/\/fit360.ee\/en\/#website"},"primaryImageOfPage":{"@id":"https:\/\/fit360.ee\/en\/pood\/product-groups\/vitamins-and-minerals-en\/b-vitamin-en\/niacin-250mg-no-flush-90tabs\/#primaryimage"},"image":{"@id":"https:\/\/fit360.ee\/en\/pood\/product-groups\/vitamins-and-minerals-en\/b-vitamin-en\/niacin-250mg-no-flush-90tabs\/#primaryimage"},"thumbnailUrl":"https:\/\/fit360.ee\/wp-content\/uploads\/2024\/07\/niatsiin-bo-flush-ostrovit-fit360.ee_.png","datePublished":"2024-07-31T13:45:49+00:00","dateModified":"2025-08-19T06:52:08+00:00","description":"Niacin (Niatsiin) 250 NO-FLUSH on kvaliteetne toidulisand, mis on niatsiini allikas inositoolheksanikotinaadi kujul. See preparaat on saadaval kergesti ...","breadcrumb":{"@id":"https:\/\/fit360.ee\/en\/pood\/product-groups\/vitamins-and-minerals-en\/b-vitamin-en\/niacin-250mg-no-flush-90tabs\/#breadcrumb"},"inLanguage":"en-US","potentialAction":[{"@type":"ReadAction","target":["https:\/\/fit360.ee\/en\/pood\/product-groups\/vitamins-and-minerals-en\/b-vitamin-en\/niacin-250mg-no-flush-90tabs\/"]}]},{"@type":"ImageObject","inLanguage":"en-US","@id":"https:\/\/fit360.ee\/en\/pood\/product-groups\/vitamins-and-minerals-en\/b-vitamin-en\/niacin-250mg-no-flush-90tabs\/#primaryimage","url":"https:\/\/fit360.ee\/wp-content\/uploads\/2024\/07\/niatsiin-bo-flush-ostrovit-fit360.ee_.png","contentUrl":"https:\/\/fit360.ee\/wp-content\/uploads\/2024\/07\/niatsiin-bo-flush-ostrovit-fit360.ee_.png","width":450,"height":450,"caption":"niatsiin bo flush ostrovit - fit360.ee"},{"@type":"BreadcrumbList","@id":"https:\/\/fit360.ee\/en\/pood\/product-groups\/vitamins-and-minerals-en\/b-vitamin-en\/niacin-250mg-no-flush-90tabs\/#breadcrumb","itemListElement":[{"@type":"ListItem","position":1,"name":"Home","item":"https:\/\/fit360.ee\/en\/"},{"@type":"ListItem","position":2,"name":"Shop","item":"https:\/\/fit360.ee\/en\/shop\/"},{"@type":"ListItem","position":3,"name":"Niacin 250mg NO-FLUSH (90tabs)"}]},{"@type":"WebSite","@id":"https:\/\/fit360.ee\/en\/#website","url":"https:\/\/fit360.ee\/en\/","name":"Fit360","description":"","publisher":{"@id":"https:\/\/fit360.ee\/en\/#organization"},"potentialAction":[{"@type":"SearchAction","target":{"@type":"EntryPoint","urlTemplate":"https:\/\/fit360.ee\/en\/?s={search_term_string}"},"query-input":{"@type":"PropertyValueSpecification","valueRequired":true,"valueName":"search_term_string"}}],"inLanguage":"en-US"},{"@type":"Organization","@id":"https:\/\/fit360.ee\/en\/#organization","name":"Fit360","url":"https:\/\/fit360.ee\/en\/","logo":{"@type":"ImageObject","inLanguage":"en-US","@id":"https:\/\/fit360.ee\/en\/#\/schema\/logo\/image\/","url":"https:\/\/fit360.ee\/wp-content\/uploads\/2017\/01\/logo-fit360.png","contentUrl":"https:\/\/fit360.ee\/wp-content\/uploads\/2017\/01\/logo-fit360.png","width":180,"height":66,"caption":"Fit360"},"image":{"@id":"https:\/\/fit360.ee\/en\/#\/schema\/logo\/image\/"}}]}},"_links":{"self":[{"href":"https:\/\/fit360.ee\/en\/wp-json\/wp\/v2\/product\/81817","targetHints":{"allow":["GET"]}}],"collection":[{"href":"https:\/\/fit360.ee\/en\/wp-json\/wp\/v2\/product"}],"about":[{"href":"https:\/\/fit360.ee\/en\/wp-json\/wp\/v2\/types\/product"}],"replies":[{"embeddable":true,"href":"https:\/\/fit360.ee\/en\/wp-json\/wp\/v2\/comments?post=81817"}],"wp:featuredmedia":[{"embeddable":true,"href":"https:\/\/fit360.ee\/en\/wp-json\/wp\/v2\/media\/81816"}],"wp:attachment":[{"href":"https:\/\/fit360.ee\/en\/wp-json\/wp\/v2\/media?parent=81817"}],"wp:term":[{"taxonomy":"product_brand","embeddable":true,"href":"https:\/\/fit360.ee\/en\/wp-json\/wp\/v2\/product_brand?post=81817"},{"taxonomy":"product_cat","embeddable":true,"href":"https:\/\/fit360.ee\/en\/wp-json\/wp\/v2\/product_cat?post=81817"},{"taxonomy":"product_tag","embeddable":true,"href":"https:\/\/fit360.ee\/en\/wp-json\/wp\/v2\/product_tag?post=81817"},{"taxonomy":"giftcard-category","embeddable":true,"href":"https:\/\/fit360.ee\/en\/wp-json\/wp\/v2\/giftcard-category?post=81817"}],"curies":[{"name":"wp","href":"https:\/\/api.w.org\/{rel}","templated":true}]}}