{"id":81995,"date":"2024-08-01T11:31:10","date_gmt":"2024-08-01T09:31:10","guid":{"rendered":"https:\/\/fit360.ee\/pood\/uncategorized\/evolite-l-theanine-200mg-120-vcaps\/"},"modified":"2025-10-07T10:48:21","modified_gmt":"2025-10-07T08:48:21","slug":"evolite-l-theanine-200mg-120-vcaps","status":"publish","type":"product","link":"https:\/\/fit360.ee\/en\/pood\/product-groups\/%d0%b2%d0%b5%d0%b3%d0%b0%d0%bd\/vegan-capsules-en\/evolite-l-theanine-200mg-120-vcaps\/","title":{"rendered":"Evolite L-Theanine 200mg (120 vcaps)"},"content":{"rendered":"<h2><strong>Evolite L-Theanine<\/strong><\/h2>\n<h4>Evolite L-Theanine on vegan toidulisand, mis sisaldab L-teaniini. L-Teaniini soovitatakse inimestele, kes elavad pidevas pinges, kellel on probleeme \u00f5ppimis- ja keskendumisv\u00f5imega.<\/h4>\n<h4 class=\"cm__heading\"><strong>Mis on l-Teaniin ja millal tasub seda kasutada?<\/strong><\/h4>\n<p class=\"cm__text\">L-teaniin on bioloogiliselt aktiivne mitteproteinogeenne aminohape, mis esineb looduslikult teelehtedes, moodustab umbes 1-2,5% nende kuivkaalust ja annab teeleotisele iseloomuliku umami maitse.\u00a0T\u00e4nu sellele, et L-teaniini keemiline struktuur on v\u00e4ga sarnane glutamiini struktuuriga, suudab ta \u00fcletada hematoentsefaalbarj\u00e4\u00e4ri.\u00a0Tegelikult v\u00f5ib see avaldada otsest m\u00f5ju teie kognitiivsetele funktsioonidele, nt v\u00f5ib v\u00e4hendada \u00e4revust, toetada \u00f5ppimist, samuti v\u00e4hendada f\u00fc\u00fcsilist v\u00e4simust p\u00e4rast intensiivset treeningut.<\/p>\n<h4 class=\"cm__heading\"><strong>OstroVit L-Theanine VEGE koostisainete omadused<\/strong>:<\/h4>\n<ul class=\"cm__list\">\n<li><strong>Aju Tugi<\/strong>\u00a0\u2013 Toode v\u00f5ib toetada kognitiivseid v\u00f5imeid, mis v\u00e4ljendub kiiremas meeldej\u00e4tmises ja paremas keskendumisv\u00f5imes.<\/li>\n<li><strong>KiiremTaastumine\u00a0<\/strong>\u2013 L-teaniin v\u00f5ib v\u00e4hendada f\u00fc\u00fcsilist v\u00e4simust, nii et see sobib suurep\u00e4raselt sportlastele, kes soovivad pikendada treeningu kestust ja nautida kiiremat taastumist.<\/li>\n<li><strong>Immuunsuse stimulatsioon<\/strong>\u00a0\u2013 L-teaniini metaboliit aktiveerib gamma-delta T-rakke, mis on immunoloogilise s\u00fcsteemi oluline element.<\/li>\n<li><strong>Vegan koostis<\/strong>\u00a0\u2013 Toidulisand on peidetud vegankapslisse, mis on vaba loomse p\u00e4ritoluga ainetest.\u00a0T\u00e4nu sellele saate seda kasutada isegi siis, kui elate veganliku eluviisiga.<\/li>\n<\/ul>\n<p>Jaapani teadlased avastasid 1949. aastal teelehtedest\u00a0<strong>L-teaniini<\/strong> . Selle esinemist on tuvastatud ka m\u00f5nel seenel. L-teaniini lisamine v\u00f5imaldab suuremat annust ja seega ka m\u00e4rgatavamat m\u00f5ju kui tee t\u00f5mmisena joomisel. L-Theanine 200mg toidulisand toetab rahutunnet ja aitab l\u00f5\u00f5gastuda ilma unisust tekitamata.<\/p>\n<p><strong>Koostisosad<\/strong>: L-teaniin, t\u00e4iteaine: mikrokristalne tselluloos; kapsli koostisained: h\u00fcpromelloos, v\u00e4rvained: kollane raudoksiid, must raudoksiid, lakksinine V<\/p>\n<p><strong>Kasutamine<\/strong>: 1 kapsel p\u00e4evas koos veega.<\/p>\n<p><strong><b>NB! Toode ei asenda mitmek\u00fclgset toitumist. Hoida lastele k\u00e4ttesaamatus kohas.<\/b><\/strong><\/p>\n<p><strong>Suurus:<\/strong> 120 kapslit<\/p>\n<table>\n<tbody>\n<tr>\n<td><strong><b>Aktiivsed koostisosad<\/b><\/strong><\/td>\n<td><strong><b>Portsjoni kohta<\/b><\/strong><\/td>\n<\/tr>\n<tr>\n<td>L-Teaniin<\/td>\n<td>200 mg<\/td>\n<\/tr>\n<\/tbody>\n<\/table>\n<p>Vaata ka meie Teisi Aju tegevust toetavaid tooteid <a href=\"https:\/\/fit360.ee\/en\/product-category\/product-groups\/brain-support-nootropics-en\/\"><strong>SIIT<\/strong><\/a> v\u00f5i Aminohappeid <a href=\"https:\/\/fit360.ee\/en\/product-category\/product-groups\/amino-acids-bcaa\/\"><strong>SIIT<\/strong><\/a>!<\/p>\n<p>Soovid teha suuremat tellimust? Vaata antud toodet meie HULGI lehelt\u00a0<a href=\"https:\/\/toidulisandidhulgi.ee\/tooted\/evolite-l-theanine-200mg-120-vcaps\/\"><strong>SIIT<\/strong><\/a>!<\/p>\n","protected":false},"excerpt":{"rendered":"<ul>\n<li>Aju Tegevuse toetamine<\/li>\n<li>Kiirem taastumine<\/li>\n<li>Vegan kapslis<\/li>\n<li>Toetab immuuns\u00fcsteemi<\/li>\n<\/ul>\n","protected":false},"featured_media":81994,"comment_status":"open","ping_status":"closed","template":"","meta":[],"product_brand":[],"product_cat":[520,2485,1618,2476,2664,536,1201],"product_tag":[1773,3521,3522,4685],"giftcard-category":[],"class_list":{"0":"post-81995","1":"product","2":"type-product","3":"status-publish","4":"has-post-thumbnail","6":"product_cat-amino-acids-bcaa","7":"product_cat-brain-support-nootropics-en","8":"product_cat-evolite-en","9":"product_cat-sleep-enhancers-en","10":"product_cat-vegan-capsules-en","11":"product_cat-vitamins-and-minerals-en","12":"product_cat-1201","13":"product_tag-evolite-en","14":"product_tag-l-teaniin-en","15":"product_tag-l-theanine-en","16":"product_tag-teaniin-en","17":"pa_kogus-120-capsules","18":"pa_toidulisand-branddd-evolite","19":"pa_tootegruppp-aju-tegevus-nootropics-en","20":"pa_tootegruppp-amino-acidsbcaa","21":"pa_tootegruppp-uni-en","22":"pa_tootegruppp-vcaps-vegan-kapslid-en","23":"pa_tootegruppp-vegan-en","24":"pa_tootegruppp-vitamins-and-minerals","26":"first","27":"instock","28":"sale","29":"taxable","30":"shipping-taxable","31":"purchasable","32":"product-type-simple"},"yoast_head":"<!-- This site is optimized with the Yoast SEO plugin v27.3 - https:\/\/yoast.com\/product\/yoast-seo-wordpress\/ -->\n<title>Evolite L-Theanine 200mg (120 vcaps) - L-Teaniin - Aju Tegevus - Fit360<\/title>\n<meta name=\"description\" content=\"Evolite L-Theanine soovitatakse inimestele, kes elavad pidevas pinges, kellel on probleeme \u00f5ppimis- ja keskendumisv\u00f5imega. Kiire tarne ja parim hind!\" \/>\n<meta name=\"robots\" content=\"index, follow, max-snippet:-1, max-image-preview:large, max-video-preview:-1\" \/>\n<link rel=\"canonical\" href=\"https:\/\/fit360.ee\/en\/pood\/product-groups\/\u0432\u0435\u0433\u0430\u043d\/vegan-capsules-en\/evolite-l-theanine-200mg-120-vcaps\/\" \/>\n<meta property=\"og:locale\" content=\"en_US\" \/>\n<meta property=\"og:type\" content=\"article\" \/>\n<meta property=\"og:title\" content=\"Evolite L-Theanine 200mg (120 vcaps) - L-Teaniin - Aju Tegevus - Fit360\" \/>\n<meta property=\"og:description\" content=\"Evolite L-Theanine soovitatakse inimestele, kes elavad pidevas pinges, kellel on probleeme \u00f5ppimis- ja keskendumisv\u00f5imega. Kiire tarne ja parim hind!\" \/>\n<meta property=\"og:url\" content=\"https:\/\/fit360.ee\/en\/pood\/product-groups\/\u0432\u0435\u0433\u0430\u043d\/vegan-capsules-en\/evolite-l-theanine-200mg-120-vcaps\/\" \/>\n<meta property=\"og:site_name\" content=\"Fit360\" \/>\n<meta property=\"article:modified_time\" content=\"2025-10-07T08:48:21+00:00\" \/>\n<meta property=\"og:image\" content=\"https:\/\/fit360.ee\/wp-content\/uploads\/2024\/08\/evolite-l-theanine-fit360.ee_.jpg\" \/>\n\t<meta property=\"og:image:width\" content=\"600\" \/>\n\t<meta property=\"og:image:height\" content=\"600\" \/>\n\t<meta property=\"og:image:type\" content=\"image\/jpeg\" \/>\n<meta name=\"twitter:card\" content=\"summary_large_image\" \/>\n<meta name=\"twitter:label1\" content=\"Est. reading time\" \/>\n\t<meta name=\"twitter:data1\" content=\"2 minutes\" \/>\n<script type=\"application\/ld+json\" class=\"yoast-schema-graph\">{\"@context\":\"https:\\\/\\\/schema.org\",\"@graph\":[{\"@type\":\"WebPage\",\"@id\":\"https:\\\/\\\/fit360.ee\\\/en\\\/pood\\\/product-groups\\\/%d0%b2%d0%b5%d0%b3%d0%b0%d0%bd\\\/vegan-capsules-en\\\/evolite-l-theanine-200mg-120-vcaps\\\/\",\"url\":\"https:\\\/\\\/fit360.ee\\\/en\\\/pood\\\/product-groups\\\/%d0%b2%d0%b5%d0%b3%d0%b0%d0%bd\\\/vegan-capsules-en\\\/evolite-l-theanine-200mg-120-vcaps\\\/\",\"name\":\"Evolite L-Theanine 200mg (120 vcaps) - L-Teaniin - Aju Tegevus - Fit360\",\"isPartOf\":{\"@id\":\"https:\\\/\\\/fit360.ee\\\/en\\\/#website\"},\"primaryImageOfPage\":{\"@id\":\"https:\\\/\\\/fit360.ee\\\/en\\\/pood\\\/product-groups\\\/%d0%b2%d0%b5%d0%b3%d0%b0%d0%bd\\\/vegan-capsules-en\\\/evolite-l-theanine-200mg-120-vcaps\\\/#primaryimage\"},\"image\":{\"@id\":\"https:\\\/\\\/fit360.ee\\\/en\\\/pood\\\/product-groups\\\/%d0%b2%d0%b5%d0%b3%d0%b0%d0%bd\\\/vegan-capsules-en\\\/evolite-l-theanine-200mg-120-vcaps\\\/#primaryimage\"},\"thumbnailUrl\":\"https:\\\/\\\/fit360.ee\\\/wp-content\\\/uploads\\\/2024\\\/08\\\/evolite-l-theanine-fit360.ee_.jpg\",\"datePublished\":\"2024-08-01T09:31:10+00:00\",\"dateModified\":\"2025-10-07T08:48:21+00:00\",\"description\":\"Evolite L-Theanine soovitatakse inimestele, kes elavad pidevas pinges, kellel on probleeme \u00f5ppimis- ja keskendumisv\u00f5imega. Kiire tarne ja parim hind!\",\"breadcrumb\":{\"@id\":\"https:\\\/\\\/fit360.ee\\\/en\\\/pood\\\/product-groups\\\/%d0%b2%d0%b5%d0%b3%d0%b0%d0%bd\\\/vegan-capsules-en\\\/evolite-l-theanine-200mg-120-vcaps\\\/#breadcrumb\"},\"inLanguage\":\"en-US\",\"potentialAction\":[{\"@type\":\"ReadAction\",\"target\":[\"https:\\\/\\\/fit360.ee\\\/en\\\/pood\\\/product-groups\\\/%d0%b2%d0%b5%d0%b3%d0%b0%d0%bd\\\/vegan-capsules-en\\\/evolite-l-theanine-200mg-120-vcaps\\\/\"]}]},{\"@type\":\"ImageObject\",\"inLanguage\":\"en-US\",\"@id\":\"https:\\\/\\\/fit360.ee\\\/en\\\/pood\\\/product-groups\\\/%d0%b2%d0%b5%d0%b3%d0%b0%d0%bd\\\/vegan-capsules-en\\\/evolite-l-theanine-200mg-120-vcaps\\\/#primaryimage\",\"url\":\"https:\\\/\\\/fit360.ee\\\/wp-content\\\/uploads\\\/2024\\\/08\\\/evolite-l-theanine-fit360.ee_.jpg\",\"contentUrl\":\"https:\\\/\\\/fit360.ee\\\/wp-content\\\/uploads\\\/2024\\\/08\\\/evolite-l-theanine-fit360.ee_.jpg\",\"width\":600,\"height\":600,\"caption\":\"evolite l-theanine - fit360.ee\"},{\"@type\":\"BreadcrumbList\",\"@id\":\"https:\\\/\\\/fit360.ee\\\/en\\\/pood\\\/product-groups\\\/%d0%b2%d0%b5%d0%b3%d0%b0%d0%bd\\\/vegan-capsules-en\\\/evolite-l-theanine-200mg-120-vcaps\\\/#breadcrumb\",\"itemListElement\":[{\"@type\":\"ListItem\",\"position\":1,\"name\":\"Home\",\"item\":\"https:\\\/\\\/fit360.ee\\\/en\\\/\"},{\"@type\":\"ListItem\",\"position\":2,\"name\":\"Shop\",\"item\":\"https:\\\/\\\/fit360.ee\\\/en\\\/shop\\\/\"},{\"@type\":\"ListItem\",\"position\":3,\"name\":\"Evolite L-Theanine 200mg (120 vcaps)\"}]},{\"@type\":\"WebSite\",\"@id\":\"https:\\\/\\\/fit360.ee\\\/en\\\/#website\",\"url\":\"https:\\\/\\\/fit360.ee\\\/en\\\/\",\"name\":\"Fit360\",\"description\":\"\",\"publisher\":{\"@id\":\"https:\\\/\\\/fit360.ee\\\/en\\\/#organization\"},\"potentialAction\":[{\"@type\":\"SearchAction\",\"target\":{\"@type\":\"EntryPoint\",\"urlTemplate\":\"https:\\\/\\\/fit360.ee\\\/en\\\/?s={search_term_string}\"},\"query-input\":{\"@type\":\"PropertyValueSpecification\",\"valueRequired\":true,\"valueName\":\"search_term_string\"}}],\"inLanguage\":\"en-US\"},{\"@type\":\"Organization\",\"@id\":\"https:\\\/\\\/fit360.ee\\\/en\\\/#organization\",\"name\":\"Fit360\",\"url\":\"https:\\\/\\\/fit360.ee\\\/en\\\/\",\"logo\":{\"@type\":\"ImageObject\",\"inLanguage\":\"en-US\",\"@id\":\"https:\\\/\\\/fit360.ee\\\/en\\\/#\\\/schema\\\/logo\\\/image\\\/\",\"url\":\"https:\\\/\\\/fit360.ee\\\/wp-content\\\/uploads\\\/2017\\\/01\\\/logo-fit360.png\",\"contentUrl\":\"https:\\\/\\\/fit360.ee\\\/wp-content\\\/uploads\\\/2017\\\/01\\\/logo-fit360.png\",\"width\":180,\"height\":66,\"caption\":\"Fit360\"},\"image\":{\"@id\":\"https:\\\/\\\/fit360.ee\\\/en\\\/#\\\/schema\\\/logo\\\/image\\\/\"}}]}<\/script>\n<!-- \/ Yoast SEO plugin. -->","yoast_head_json":{"title":"Evolite L-Theanine 200mg (120 vcaps) - L-Teaniin - Aju Tegevus - Fit360","description":"Evolite L-Theanine soovitatakse inimestele, kes elavad pidevas pinges, kellel on probleeme \u00f5ppimis- ja keskendumisv\u00f5imega. Kiire tarne ja parim hind!","robots":{"index":"index","follow":"follow","max-snippet":"max-snippet:-1","max-image-preview":"max-image-preview:large","max-video-preview":"max-video-preview:-1"},"canonical":"https:\/\/fit360.ee\/en\/pood\/product-groups\/\u0432\u0435\u0433\u0430\u043d\/vegan-capsules-en\/evolite-l-theanine-200mg-120-vcaps\/","og_locale":"en_US","og_type":"article","og_title":"Evolite L-Theanine 200mg (120 vcaps) - L-Teaniin - Aju Tegevus - Fit360","og_description":"Evolite L-Theanine soovitatakse inimestele, kes elavad pidevas pinges, kellel on probleeme \u00f5ppimis- ja keskendumisv\u00f5imega. Kiire tarne ja parim hind!","og_url":"https:\/\/fit360.ee\/en\/pood\/product-groups\/\u0432\u0435\u0433\u0430\u043d\/vegan-capsules-en\/evolite-l-theanine-200mg-120-vcaps\/","og_site_name":"Fit360","article_modified_time":"2025-10-07T08:48:21+00:00","og_image":[{"width":600,"height":600,"url":"https:\/\/fit360.ee\/wp-content\/uploads\/2024\/08\/evolite-l-theanine-fit360.ee_.jpg","type":"image\/jpeg"}],"twitter_card":"summary_large_image","twitter_misc":{"Est. reading time":"2 minutes"},"schema":{"@context":"https:\/\/schema.org","@graph":[{"@type":"WebPage","@id":"https:\/\/fit360.ee\/en\/pood\/product-groups\/%d0%b2%d0%b5%d0%b3%d0%b0%d0%bd\/vegan-capsules-en\/evolite-l-theanine-200mg-120-vcaps\/","url":"https:\/\/fit360.ee\/en\/pood\/product-groups\/%d0%b2%d0%b5%d0%b3%d0%b0%d0%bd\/vegan-capsules-en\/evolite-l-theanine-200mg-120-vcaps\/","name":"Evolite L-Theanine 200mg (120 vcaps) - L-Teaniin - Aju Tegevus - Fit360","isPartOf":{"@id":"https:\/\/fit360.ee\/en\/#website"},"primaryImageOfPage":{"@id":"https:\/\/fit360.ee\/en\/pood\/product-groups\/%d0%b2%d0%b5%d0%b3%d0%b0%d0%bd\/vegan-capsules-en\/evolite-l-theanine-200mg-120-vcaps\/#primaryimage"},"image":{"@id":"https:\/\/fit360.ee\/en\/pood\/product-groups\/%d0%b2%d0%b5%d0%b3%d0%b0%d0%bd\/vegan-capsules-en\/evolite-l-theanine-200mg-120-vcaps\/#primaryimage"},"thumbnailUrl":"https:\/\/fit360.ee\/wp-content\/uploads\/2024\/08\/evolite-l-theanine-fit360.ee_.jpg","datePublished":"2024-08-01T09:31:10+00:00","dateModified":"2025-10-07T08:48:21+00:00","description":"Evolite L-Theanine soovitatakse inimestele, kes elavad pidevas pinges, kellel on probleeme \u00f5ppimis- ja keskendumisv\u00f5imega. Kiire tarne ja parim hind!","breadcrumb":{"@id":"https:\/\/fit360.ee\/en\/pood\/product-groups\/%d0%b2%d0%b5%d0%b3%d0%b0%d0%bd\/vegan-capsules-en\/evolite-l-theanine-200mg-120-vcaps\/#breadcrumb"},"inLanguage":"en-US","potentialAction":[{"@type":"ReadAction","target":["https:\/\/fit360.ee\/en\/pood\/product-groups\/%d0%b2%d0%b5%d0%b3%d0%b0%d0%bd\/vegan-capsules-en\/evolite-l-theanine-200mg-120-vcaps\/"]}]},{"@type":"ImageObject","inLanguage":"en-US","@id":"https:\/\/fit360.ee\/en\/pood\/product-groups\/%d0%b2%d0%b5%d0%b3%d0%b0%d0%bd\/vegan-capsules-en\/evolite-l-theanine-200mg-120-vcaps\/#primaryimage","url":"https:\/\/fit360.ee\/wp-content\/uploads\/2024\/08\/evolite-l-theanine-fit360.ee_.jpg","contentUrl":"https:\/\/fit360.ee\/wp-content\/uploads\/2024\/08\/evolite-l-theanine-fit360.ee_.jpg","width":600,"height":600,"caption":"evolite l-theanine - fit360.ee"},{"@type":"BreadcrumbList","@id":"https:\/\/fit360.ee\/en\/pood\/product-groups\/%d0%b2%d0%b5%d0%b3%d0%b0%d0%bd\/vegan-capsules-en\/evolite-l-theanine-200mg-120-vcaps\/#breadcrumb","itemListElement":[{"@type":"ListItem","position":1,"name":"Home","item":"https:\/\/fit360.ee\/en\/"},{"@type":"ListItem","position":2,"name":"Shop","item":"https:\/\/fit360.ee\/en\/shop\/"},{"@type":"ListItem","position":3,"name":"Evolite L-Theanine 200mg (120 vcaps)"}]},{"@type":"WebSite","@id":"https:\/\/fit360.ee\/en\/#website","url":"https:\/\/fit360.ee\/en\/","name":"Fit360","description":"","publisher":{"@id":"https:\/\/fit360.ee\/en\/#organization"},"potentialAction":[{"@type":"SearchAction","target":{"@type":"EntryPoint","urlTemplate":"https:\/\/fit360.ee\/en\/?s={search_term_string}"},"query-input":{"@type":"PropertyValueSpecification","valueRequired":true,"valueName":"search_term_string"}}],"inLanguage":"en-US"},{"@type":"Organization","@id":"https:\/\/fit360.ee\/en\/#organization","name":"Fit360","url":"https:\/\/fit360.ee\/en\/","logo":{"@type":"ImageObject","inLanguage":"en-US","@id":"https:\/\/fit360.ee\/en\/#\/schema\/logo\/image\/","url":"https:\/\/fit360.ee\/wp-content\/uploads\/2017\/01\/logo-fit360.png","contentUrl":"https:\/\/fit360.ee\/wp-content\/uploads\/2017\/01\/logo-fit360.png","width":180,"height":66,"caption":"Fit360"},"image":{"@id":"https:\/\/fit360.ee\/en\/#\/schema\/logo\/image\/"}}]}},"_links":{"self":[{"href":"https:\/\/fit360.ee\/en\/wp-json\/wp\/v2\/product\/81995","targetHints":{"allow":["GET"]}}],"collection":[{"href":"https:\/\/fit360.ee\/en\/wp-json\/wp\/v2\/product"}],"about":[{"href":"https:\/\/fit360.ee\/en\/wp-json\/wp\/v2\/types\/product"}],"replies":[{"embeddable":true,"href":"https:\/\/fit360.ee\/en\/wp-json\/wp\/v2\/comments?post=81995"}],"wp:featuredmedia":[{"embeddable":true,"href":"https:\/\/fit360.ee\/en\/wp-json\/wp\/v2\/media\/81994"}],"wp:attachment":[{"href":"https:\/\/fit360.ee\/en\/wp-json\/wp\/v2\/media?parent=81995"}],"wp:term":[{"taxonomy":"product_brand","embeddable":true,"href":"https:\/\/fit360.ee\/en\/wp-json\/wp\/v2\/product_brand?post=81995"},{"taxonomy":"product_cat","embeddable":true,"href":"https:\/\/fit360.ee\/en\/wp-json\/wp\/v2\/product_cat?post=81995"},{"taxonomy":"product_tag","embeddable":true,"href":"https:\/\/fit360.ee\/en\/wp-json\/wp\/v2\/product_tag?post=81995"},{"taxonomy":"giftcard-category","embeddable":true,"href":"https:\/\/fit360.ee\/en\/wp-json\/wp\/v2\/giftcard-category?post=81995"}],"curies":[{"name":"wp","href":"https:\/\/api.w.org\/{rel}","templated":true}]}}