{"id":82002,"date":"2024-08-09T13:24:56","date_gmt":"2024-08-09T11:24:56","guid":{"rendered":"https:\/\/fit360.ee\/pood\/uncategorized\/biotin-plus-100tabs\/"},"modified":"2025-10-04T12:34:45","modified_gmt":"2025-10-04T10:34:45","slug":"biotin-plus-100tabs","status":"publish","type":"product","link":"https:\/\/fit360.ee\/en\/pood\/product-groups\/vitamins-and-minerals-en\/selen-en\/biotin-plus-100tabs\/","title":{"rendered":"Biotin Plus (100tabs)"},"content":{"rendered":"<h2><strong>Biotin Plus<\/strong><\/h2>\n<p>OstroVit Biotin Plus on terviklik toidulisand, mis on v\u00e4\u00e4rtuslike ainete \u2013 biotiini, tsingi, seleeni ja foolhappe allikaks. Tegemist on mugavas tabletivormis saadaval oleva preparaadiga, mis on m\u00f5eldud inimestele, kes soovivad oma igap\u00e4evast toitumist v\u00e4\u00e4rtuslike koostisosadega t\u00e4iendada ning terve ja kauni v\u00e4limuse nimel.<\/p>\n<p><a href=\"https:\/\/fit360.ee\/wp-content\/uploads\/2024\/08\/ostrovit-biotin-plus-fit360.ee_-scaled.jpg\"><img loading=\"lazy\" decoding=\"async\" class=\"size-medium wp-image-81998\" src=\"https:\/\/fit360.ee\/wp-content\/uploads\/2024\/08\/ostrovit-biotin-plus-fit360.ee_-800x312.jpg\" alt=\"ostrovit biotin plus - fit360.ee\" width=\"800\" height=\"312\" srcset=\"https:\/\/fit360.ee\/wp-content\/uploads\/2024\/08\/ostrovit-biotin-plus-fit360.ee_-800x312.jpg 800w, https:\/\/fit360.ee\/wp-content\/uploads\/2024\/08\/ostrovit-biotin-plus-fit360.ee_-scaled-510x199.jpg 510w, https:\/\/fit360.ee\/wp-content\/uploads\/2024\/08\/ostrovit-biotin-plus-fit360.ee_-1600x625.jpg 1600w, https:\/\/fit360.ee\/wp-content\/uploads\/2024\/08\/ostrovit-biotin-plus-fit360.ee_-768x300.jpg 768w, https:\/\/fit360.ee\/wp-content\/uploads\/2024\/08\/ostrovit-biotin-plus-fit360.ee_-1536x600.jpg 1536w, https:\/\/fit360.ee\/wp-content\/uploads\/2024\/08\/ostrovit-biotin-plus-fit360.ee_-2048x800.jpg 2048w\" sizes=\"auto, (max-width: 800px) 100vw, 800px\" \/><\/a><\/p>\n<p>&nbsp;<\/p>\n<ul>\n<li><strong>V\u00e4\u00e4rtuslike koostisosade allikas<\/strong>\u00a0\u2013 \u00fcks portsjon toidulisandit annab organismile 2500 biotiini, 15 mg tsinki, 100 \u03bcg seleeni ja 800 \u03bcg foolhapet.<\/li>\n<li><strong>1 portsjon = 1 tablett<\/strong>\u00a0.<\/li>\n<li><strong>Efektiivsus<\/strong>\u00a0\u2013 tootepakendis on 100 portsjonit toidulisandit, millest piisab enam kui kolmeks kuuks regulaarseks toidulisandiks.<\/li>\n<li><strong>Mugav vorm<\/strong>\u00a0\u2013 kergesti neelatavate tablettidena saadaval olev preparaat v\u00f5imaldab probleemivaba t\u00e4iendamist.<\/li>\n<\/ul>\n<h4><strong>OstroVit Biotin Plus \u2013 v\u00e4\u00e4rtuslike ainete allikas<\/strong><\/h4>\n<p><a href=\"https:\/\/fit360.ee\/tootekategooria\/tootegrupid\/vitamiinid-mineraalid-ja-muu\/biotiin\/\"><strong>Biotiin (vitamiin B7)<\/strong><\/a>\u00a0\u2013 heterots\u00fckliline orgaaniline keemiline \u00fchend, mis on klassifitseeritud vees lahustuvateks B-vitamiinideks. Biotiini nimetatakse m\u00f5nikord ka vitamiiniks B7 v\u00f5i vitamiiniks H. See on koostisosa, mida v\u00f5ib leida nii loomses kui ka taimses toidus \u2013 biotiini allikaks v\u00f5ivad olla rups ja kala, aga ka p\u00e4hklid ja seemned. V\u00e4ikeses koguses \u00fchendit v\u00f5ib inimkehas ka looduslikult toota inimese seedetraktis elava bakteriaalse floora toimel.<\/p>\n<p><a href=\"https:\/\/fit360.ee\/tootekategooria\/tootegrupid\/vitamiinid-mineraalid-ja-muu\/tsink\/\"><strong>Tsink<\/strong><\/a>\u00a0&#8211; keemiline element s\u00fcmboliga Zn. Tegemist on mikrotoitainete hulka liigitatud mineraalse komponendiga, mida inimorganismis esineb eelk\u00f5ige skeletilihastes ja luudes ning v\u00e4iksemas koguses ka ajus, k\u00f5hun\u00e4\u00e4rmes v\u00f5i maksas. Tegemist on ainega, mida leidub paljudes erinevates toiduainetes ning peamisteks tsingiallikateks on punane liha, linnuliha, kaunviljad, p\u00e4hklid ja teraviljatooted.<\/p>\n<p><a href=\"https:\/\/fit360.ee\/tootekategooria\/tootegrupid\/vitamiinid-mineraalid-ja-muu\/seleen\/\"><strong>Seleen<\/strong><\/a>\u00a0\u2013 keemiline element s\u00fcmboliga Se. See on mineraalne komponent, mis on klassifitseeritud mikrotoitaineteks, mida v\u00f5ib leida eelk\u00f5ige valgurikkast toodetest, muu hulgas rupsist, munast v\u00f5i kalast. V\u00e4\u00e4rtuslik elemendi allikas on ka brasiilia p\u00e4hklid, aga ka mereannid. Seleen v\u00f5ib esineda mitmesugustes keemilistes vormides, nii orgaanilises kui ka anorgaanilises vormis. \u00dchendi parimaks vormiks, mida eristab suurep\u00e4rane biosaadavus, peetakse selenometioniiniks, mida kasutati ka OstroViti valmistamisel.<\/p>\n<p><a href=\"https:\/\/fit360.ee\/tootekategooria\/tootegrupid\/vitamiinid-mineraalid-ja-muu\/foolhape\/\"><strong>Foolhape<\/strong><\/a>\u00a0&#8211; orgaaniline keemiline \u00fchend, mis on klassifitseeritud vees lahustuvate B-vitamiinide hulka. See on aine, mida sageli nimetatakse ka B9-vitamiiniks. Foolhape eraldati esmalt spinatilehtedest, kuid \u00fchendi allikaks on erinevad tumerohelised k\u00f6\u00f6giviljad, nagu lehtkapsas, rooskapsas v\u00f5i petersell, aga ka kaunviljad, teraviljatooted v\u00f5i rups.<\/p>\n<h4 class=\"cm__heading\"><strong>OstroVit Biotin Plusis sisalduvate koostisosade omadused<\/strong><\/h4>\n<p><strong>Biotiin<\/strong>\u00a0aitab s\u00e4ilitada normaalset energiavahetust ja aitab kaasa n\u00e4rvis\u00fcsteemi \u00f5igele talitlusele. Veelgi enam, \u00fchend toetab optimaalse makrotoitainete ainevahetuse s\u00e4ilimist ja toetab normaalsete ps\u00fchholoogiliste funktsioonide s\u00e4ilimist. Biotiin aitab s\u00e4ilitada ka tervet nahka ja juukseid ning toetab ka limaskestade \u00f5iget seisundit.<\/p>\n<p><strong>Tsink<\/strong>\u00a0aitab s\u00e4ilitada \u00f5iget happe-aluse tasakaalu ja mis veelgi enam, see toetab optimaalse s\u00fcsivesikute ainevahetuse s\u00e4ilimist. See on \u00fchend, mis aitab s\u00e4ilitada normaalseid kognitiivseid funktsioone ja toetab \u00f5iget DNA s\u00fcnteesi. Mineraalkomponent toetab ka normaalse viljakuse ja reproduktiivfunktsiooni s\u00e4ilitamist ning aitab kaasa makrotoitainete ja rasvhapete optimaalsele ainevahetusele. Lisaks aitab see kaasa A-vitamiini \u00f5ige metabolismi s\u00e4ilitamisele ja aitab kaasa valkude \u00f5igele s\u00fcnteesile. Tsink toetab ka terve naha, luude, k\u00fc\u00fcnte ja juuste s\u00e4ilimist ning toetab immuuns\u00fcsteemi n\u00f5uetekohast toimimist.<\/p>\n<p><strong>Seleen<\/strong>\u00a0aitab hoida terveid juukseid ja k\u00fc\u00fcsi ning toetab ka immuuns\u00fcsteemi n\u00f5uetekohast toimimist. See on aine, mis aitab kaitsta rakke oks\u00fcdatiivse stressi eest ja aitab kaasa kilpn\u00e4\u00e4rme n\u00f5uetekohasele talitlusele.<\/p>\n<p><strong>Koostisosad<\/strong>: Mahuaine: mikrokristalne tselluloos; tsinkpikolinaat (tsink), t\u00e4rklis, L-selenometioniin (seleen), paakumisvastased ained: rasvhapete magneesiumisoolad, r\u00e4nidioksiid; D-biotiin (biotiin), ptero\u00fc\u00fclmonoglutamiinhape (foolhape).<\/p>\n<p><strong>Kasutamine<\/strong>:\u00a0 V\u00f5tke 1 portsjon (1 tablett) p\u00e4evas. Toode on m\u00f5eldud t\u00e4iskasvanutele.<\/p>\n<p><strong>Suurus<\/strong>: 100 tabletti.<\/p>\n<table>\n<tbody>\n<tr>\n<th>Aktiivsed koostisained<\/th>\n<th>portsjoni kohta<\/th>\n<th>% SPK*<\/th>\n<\/tr>\n<tr>\n<td>Biotiin<\/td>\n<td>2500 \u00b5g<\/td>\n<td>5000%<\/td>\n<\/tr>\n<tr>\n<td>Tsink<\/td>\n<td>15 mg<\/td>\n<td>150%<\/td>\n<\/tr>\n<tr>\n<td>Seleen<\/td>\n<td>100 \u00b5g<\/td>\n<td>182%<\/td>\n<\/tr>\n<tr>\n<td>Foolhape<\/td>\n<td>800 \u00b5g<\/td>\n<td>400%<\/td>\n<\/tr>\n<\/tbody>\n<\/table>\n<p>*SPK \u2013 Soovitatud p\u00e4evane kogus<\/p>\n<p>Vaata ka meie teisi Vitamiine\/Mineraale <a href=\"https:\/\/fit360.ee\/tootekategooria\/tootegrupid\/vitamiinid-mineraalid-ja-muu\/\"><strong>SIIT<\/strong><\/a> v\u00f5i Biotiine <a href=\"https:\/\/fit360.ee\/tootekategooria\/tootegrupid\/vitamiinid-mineraalid-ja-muu\/biotiin\/\"><strong>SIIT<\/strong><\/a>!<\/p>\n<p>Soovid teha suuremat tellimust? Vaata antud toodet meie HULGI lehelt\u00a0<a href=\"https:\/\/toidulisandidhulgi.ee\/tooted\/biotin-plus-100tabs\/\"><strong>SIIT<\/strong><\/a>!<\/p>\n","protected":false},"excerpt":{"rendered":"<ul>\n<li>T\u00f5hus<\/li>\n<li>Mugav Vorm<\/li>\n<li>Lisatud seleeni, tsinki ja foolhapet<\/li>\n<li>Parim naha, juuste ja k\u00fc\u00fcnte tervis<\/li>\n<\/ul>\n","protected":false},"featured_media":82001,"comment_status":"open","ping_status":"closed","template":"","meta":[],"product_brand":[],"product_cat":[2251,2255,2259,1329,2244,536,2275],"product_tag":[2099,5155,1924,5156],"giftcard-category":[],"class_list":{"0":"post-82002","1":"product","2":"type-product","3":"status-publish","4":"has-post-thumbnail","6":"product_cat-b-vitamin-en","7":"product_cat-biotin-en","8":"product_cat-folic-acid-en","9":"product_cat-ostrovit-en","10":"product_cat-selen-en","11":"product_cat-vitamins-and-minerals-en","12":"product_cat-zinc-en","13":"product_tag-biotiin-en","14":"product_tag-biotin-plus-en","15":"product_tag-ostrovit-en","16":"product_tag-ostrovit-biotin-plus-en","17":"pa_kogus-100-tablets","18":"pa_toidulisand-branddd-ostrovit","19":"pa_tootegruppp-b-vitamiin-en","20":"pa_tootegruppp-biotiin-en","21":"pa_tootegruppp-foolhape-en","22":"pa_tootegruppp-seleen-en","23":"pa_tootegruppp-tsink-en","24":"pa_tootegruppp-vitamins-and-minerals","26":"first","27":"instock","28":"sale","29":"taxable","30":"shipping-taxable","31":"purchasable","32":"product-type-simple"},"yoast_head":"<!-- This site is optimized with the Yoast SEO plugin v27.3 - https:\/\/yoast.com\/product\/yoast-seo-wordpress\/ -->\n<title>Biotin Plus (100tabs) - T\u00f5hus biotiin koos lisaainetega - Kiire Tarne - Fit360<\/title>\n<meta name=\"description\" content=\"Biotin Plus on terviklik toidulisand, mis on v\u00e4\u00e4rtuslike ainete \u2013 biotiini, tsingi, seleeni ja foolhappe allikaks. Tegemist on mugavas tabletivormis saad...\" \/>\n<meta name=\"robots\" content=\"index, follow, max-snippet:-1, max-image-preview:large, max-video-preview:-1\" \/>\n<link rel=\"canonical\" href=\"https:\/\/fit360.ee\/en\/pood\/product-groups\/vitamins-and-minerals-en\/selen-en\/biotin-plus-100tabs\/\" \/>\n<meta property=\"og:locale\" content=\"en_US\" \/>\n<meta property=\"og:type\" content=\"article\" \/>\n<meta property=\"og:title\" content=\"Biotin Plus (100tabs) - T\u00f5hus biotiin koos lisaainetega - Kiire Tarne - Fit360\" \/>\n<meta property=\"og:description\" content=\"Biotin Plus on terviklik toidulisand, mis on v\u00e4\u00e4rtuslike ainete \u2013 biotiini, tsingi, seleeni ja foolhappe allikaks. Tegemist on mugavas tabletivormis saad...\" \/>\n<meta property=\"og:url\" content=\"https:\/\/fit360.ee\/en\/pood\/product-groups\/vitamins-and-minerals-en\/selen-en\/biotin-plus-100tabs\/\" \/>\n<meta property=\"og:site_name\" content=\"Fit360\" \/>\n<meta property=\"article:modified_time\" content=\"2025-10-04T10:34:45+00:00\" \/>\n<meta property=\"og:image\" content=\"https:\/\/fit360.ee\/wp-content\/uploads\/2024\/08\/biotin-plus-biotiin-fit360.ee-1.png\" \/>\n\t<meta property=\"og:image:width\" content=\"450\" \/>\n\t<meta property=\"og:image:height\" content=\"450\" \/>\n\t<meta property=\"og:image:type\" content=\"image\/png\" \/>\n<meta name=\"twitter:card\" content=\"summary_large_image\" \/>\n<meta name=\"twitter:label1\" content=\"Est. reading time\" \/>\n\t<meta name=\"twitter:data1\" content=\"4 minutes\" \/>\n<script type=\"application\/ld+json\" class=\"yoast-schema-graph\">{\"@context\":\"https:\\\/\\\/schema.org\",\"@graph\":[{\"@type\":\"WebPage\",\"@id\":\"https:\\\/\\\/fit360.ee\\\/en\\\/pood\\\/product-groups\\\/vitamins-and-minerals-en\\\/selen-en\\\/biotin-plus-100tabs\\\/\",\"url\":\"https:\\\/\\\/fit360.ee\\\/en\\\/pood\\\/product-groups\\\/vitamins-and-minerals-en\\\/selen-en\\\/biotin-plus-100tabs\\\/\",\"name\":\"Biotin Plus (100tabs) - T\u00f5hus biotiin koos lisaainetega - Kiire Tarne - Fit360\",\"isPartOf\":{\"@id\":\"https:\\\/\\\/fit360.ee\\\/en\\\/#website\"},\"primaryImageOfPage\":{\"@id\":\"https:\\\/\\\/fit360.ee\\\/en\\\/pood\\\/product-groups\\\/vitamins-and-minerals-en\\\/selen-en\\\/biotin-plus-100tabs\\\/#primaryimage\"},\"image\":{\"@id\":\"https:\\\/\\\/fit360.ee\\\/en\\\/pood\\\/product-groups\\\/vitamins-and-minerals-en\\\/selen-en\\\/biotin-plus-100tabs\\\/#primaryimage\"},\"thumbnailUrl\":\"https:\\\/\\\/fit360.ee\\\/wp-content\\\/uploads\\\/2024\\\/08\\\/biotin-plus-biotiin-fit360.ee-1.png\",\"datePublished\":\"2024-08-09T11:24:56+00:00\",\"dateModified\":\"2025-10-04T10:34:45+00:00\",\"description\":\"Biotin Plus on terviklik toidulisand, mis on v\u00e4\u00e4rtuslike ainete \u2013 biotiini, tsingi, seleeni ja foolhappe allikaks. Tegemist on mugavas tabletivormis saad...\",\"breadcrumb\":{\"@id\":\"https:\\\/\\\/fit360.ee\\\/en\\\/pood\\\/product-groups\\\/vitamins-and-minerals-en\\\/selen-en\\\/biotin-plus-100tabs\\\/#breadcrumb\"},\"inLanguage\":\"en-US\",\"potentialAction\":[{\"@type\":\"ReadAction\",\"target\":[\"https:\\\/\\\/fit360.ee\\\/en\\\/pood\\\/product-groups\\\/vitamins-and-minerals-en\\\/selen-en\\\/biotin-plus-100tabs\\\/\"]}]},{\"@type\":\"ImageObject\",\"inLanguage\":\"en-US\",\"@id\":\"https:\\\/\\\/fit360.ee\\\/en\\\/pood\\\/product-groups\\\/vitamins-and-minerals-en\\\/selen-en\\\/biotin-plus-100tabs\\\/#primaryimage\",\"url\":\"https:\\\/\\\/fit360.ee\\\/wp-content\\\/uploads\\\/2024\\\/08\\\/biotin-plus-biotiin-fit360.ee-1.png\",\"contentUrl\":\"https:\\\/\\\/fit360.ee\\\/wp-content\\\/uploads\\\/2024\\\/08\\\/biotin-plus-biotiin-fit360.ee-1.png\",\"width\":450,\"height\":450,\"caption\":\"biotin plus biotiin - fit360.ee\"},{\"@type\":\"BreadcrumbList\",\"@id\":\"https:\\\/\\\/fit360.ee\\\/en\\\/pood\\\/product-groups\\\/vitamins-and-minerals-en\\\/selen-en\\\/biotin-plus-100tabs\\\/#breadcrumb\",\"itemListElement\":[{\"@type\":\"ListItem\",\"position\":1,\"name\":\"Home\",\"item\":\"https:\\\/\\\/fit360.ee\\\/en\\\/\"},{\"@type\":\"ListItem\",\"position\":2,\"name\":\"Shop\",\"item\":\"https:\\\/\\\/fit360.ee\\\/en\\\/shop\\\/\"},{\"@type\":\"ListItem\",\"position\":3,\"name\":\"Biotin Plus (100tabs)\"}]},{\"@type\":\"WebSite\",\"@id\":\"https:\\\/\\\/fit360.ee\\\/en\\\/#website\",\"url\":\"https:\\\/\\\/fit360.ee\\\/en\\\/\",\"name\":\"Fit360\",\"description\":\"\",\"publisher\":{\"@id\":\"https:\\\/\\\/fit360.ee\\\/en\\\/#organization\"},\"potentialAction\":[{\"@type\":\"SearchAction\",\"target\":{\"@type\":\"EntryPoint\",\"urlTemplate\":\"https:\\\/\\\/fit360.ee\\\/en\\\/?s={search_term_string}\"},\"query-input\":{\"@type\":\"PropertyValueSpecification\",\"valueRequired\":true,\"valueName\":\"search_term_string\"}}],\"inLanguage\":\"en-US\"},{\"@type\":\"Organization\",\"@id\":\"https:\\\/\\\/fit360.ee\\\/en\\\/#organization\",\"name\":\"Fit360\",\"url\":\"https:\\\/\\\/fit360.ee\\\/en\\\/\",\"logo\":{\"@type\":\"ImageObject\",\"inLanguage\":\"en-US\",\"@id\":\"https:\\\/\\\/fit360.ee\\\/en\\\/#\\\/schema\\\/logo\\\/image\\\/\",\"url\":\"https:\\\/\\\/fit360.ee\\\/wp-content\\\/uploads\\\/2017\\\/01\\\/logo-fit360.png\",\"contentUrl\":\"https:\\\/\\\/fit360.ee\\\/wp-content\\\/uploads\\\/2017\\\/01\\\/logo-fit360.png\",\"width\":180,\"height\":66,\"caption\":\"Fit360\"},\"image\":{\"@id\":\"https:\\\/\\\/fit360.ee\\\/en\\\/#\\\/schema\\\/logo\\\/image\\\/\"}}]}<\/script>\n<!-- \/ Yoast SEO plugin. -->","yoast_head_json":{"title":"Biotin Plus (100tabs) - T\u00f5hus biotiin koos lisaainetega - Kiire Tarne - Fit360","description":"Biotin Plus on terviklik toidulisand, mis on v\u00e4\u00e4rtuslike ainete \u2013 biotiini, tsingi, seleeni ja foolhappe allikaks. Tegemist on mugavas tabletivormis saad...","robots":{"index":"index","follow":"follow","max-snippet":"max-snippet:-1","max-image-preview":"max-image-preview:large","max-video-preview":"max-video-preview:-1"},"canonical":"https:\/\/fit360.ee\/en\/pood\/product-groups\/vitamins-and-minerals-en\/selen-en\/biotin-plus-100tabs\/","og_locale":"en_US","og_type":"article","og_title":"Biotin Plus (100tabs) - T\u00f5hus biotiin koos lisaainetega - Kiire Tarne - Fit360","og_description":"Biotin Plus on terviklik toidulisand, mis on v\u00e4\u00e4rtuslike ainete \u2013 biotiini, tsingi, seleeni ja foolhappe allikaks. Tegemist on mugavas tabletivormis saad...","og_url":"https:\/\/fit360.ee\/en\/pood\/product-groups\/vitamins-and-minerals-en\/selen-en\/biotin-plus-100tabs\/","og_site_name":"Fit360","article_modified_time":"2025-10-04T10:34:45+00:00","og_image":[{"width":450,"height":450,"url":"https:\/\/fit360.ee\/wp-content\/uploads\/2024\/08\/biotin-plus-biotiin-fit360.ee-1.png","type":"image\/png"}],"twitter_card":"summary_large_image","twitter_misc":{"Est. reading time":"4 minutes"},"schema":{"@context":"https:\/\/schema.org","@graph":[{"@type":"WebPage","@id":"https:\/\/fit360.ee\/en\/pood\/product-groups\/vitamins-and-minerals-en\/selen-en\/biotin-plus-100tabs\/","url":"https:\/\/fit360.ee\/en\/pood\/product-groups\/vitamins-and-minerals-en\/selen-en\/biotin-plus-100tabs\/","name":"Biotin Plus (100tabs) - T\u00f5hus biotiin koos lisaainetega - Kiire Tarne - Fit360","isPartOf":{"@id":"https:\/\/fit360.ee\/en\/#website"},"primaryImageOfPage":{"@id":"https:\/\/fit360.ee\/en\/pood\/product-groups\/vitamins-and-minerals-en\/selen-en\/biotin-plus-100tabs\/#primaryimage"},"image":{"@id":"https:\/\/fit360.ee\/en\/pood\/product-groups\/vitamins-and-minerals-en\/selen-en\/biotin-plus-100tabs\/#primaryimage"},"thumbnailUrl":"https:\/\/fit360.ee\/wp-content\/uploads\/2024\/08\/biotin-plus-biotiin-fit360.ee-1.png","datePublished":"2024-08-09T11:24:56+00:00","dateModified":"2025-10-04T10:34:45+00:00","description":"Biotin Plus on terviklik toidulisand, mis on v\u00e4\u00e4rtuslike ainete \u2013 biotiini, tsingi, seleeni ja foolhappe allikaks. Tegemist on mugavas tabletivormis saad...","breadcrumb":{"@id":"https:\/\/fit360.ee\/en\/pood\/product-groups\/vitamins-and-minerals-en\/selen-en\/biotin-plus-100tabs\/#breadcrumb"},"inLanguage":"en-US","potentialAction":[{"@type":"ReadAction","target":["https:\/\/fit360.ee\/en\/pood\/product-groups\/vitamins-and-minerals-en\/selen-en\/biotin-plus-100tabs\/"]}]},{"@type":"ImageObject","inLanguage":"en-US","@id":"https:\/\/fit360.ee\/en\/pood\/product-groups\/vitamins-and-minerals-en\/selen-en\/biotin-plus-100tabs\/#primaryimage","url":"https:\/\/fit360.ee\/wp-content\/uploads\/2024\/08\/biotin-plus-biotiin-fit360.ee-1.png","contentUrl":"https:\/\/fit360.ee\/wp-content\/uploads\/2024\/08\/biotin-plus-biotiin-fit360.ee-1.png","width":450,"height":450,"caption":"biotin plus biotiin - fit360.ee"},{"@type":"BreadcrumbList","@id":"https:\/\/fit360.ee\/en\/pood\/product-groups\/vitamins-and-minerals-en\/selen-en\/biotin-plus-100tabs\/#breadcrumb","itemListElement":[{"@type":"ListItem","position":1,"name":"Home","item":"https:\/\/fit360.ee\/en\/"},{"@type":"ListItem","position":2,"name":"Shop","item":"https:\/\/fit360.ee\/en\/shop\/"},{"@type":"ListItem","position":3,"name":"Biotin Plus (100tabs)"}]},{"@type":"WebSite","@id":"https:\/\/fit360.ee\/en\/#website","url":"https:\/\/fit360.ee\/en\/","name":"Fit360","description":"","publisher":{"@id":"https:\/\/fit360.ee\/en\/#organization"},"potentialAction":[{"@type":"SearchAction","target":{"@type":"EntryPoint","urlTemplate":"https:\/\/fit360.ee\/en\/?s={search_term_string}"},"query-input":{"@type":"PropertyValueSpecification","valueRequired":true,"valueName":"search_term_string"}}],"inLanguage":"en-US"},{"@type":"Organization","@id":"https:\/\/fit360.ee\/en\/#organization","name":"Fit360","url":"https:\/\/fit360.ee\/en\/","logo":{"@type":"ImageObject","inLanguage":"en-US","@id":"https:\/\/fit360.ee\/en\/#\/schema\/logo\/image\/","url":"https:\/\/fit360.ee\/wp-content\/uploads\/2017\/01\/logo-fit360.png","contentUrl":"https:\/\/fit360.ee\/wp-content\/uploads\/2017\/01\/logo-fit360.png","width":180,"height":66,"caption":"Fit360"},"image":{"@id":"https:\/\/fit360.ee\/en\/#\/schema\/logo\/image\/"}}]}},"_links":{"self":[{"href":"https:\/\/fit360.ee\/en\/wp-json\/wp\/v2\/product\/82002","targetHints":{"allow":["GET"]}}],"collection":[{"href":"https:\/\/fit360.ee\/en\/wp-json\/wp\/v2\/product"}],"about":[{"href":"https:\/\/fit360.ee\/en\/wp-json\/wp\/v2\/types\/product"}],"replies":[{"embeddable":true,"href":"https:\/\/fit360.ee\/en\/wp-json\/wp\/v2\/comments?post=82002"}],"wp:featuredmedia":[{"embeddable":true,"href":"https:\/\/fit360.ee\/en\/wp-json\/wp\/v2\/media\/82001"}],"wp:attachment":[{"href":"https:\/\/fit360.ee\/en\/wp-json\/wp\/v2\/media?parent=82002"}],"wp:term":[{"taxonomy":"product_brand","embeddable":true,"href":"https:\/\/fit360.ee\/en\/wp-json\/wp\/v2\/product_brand?post=82002"},{"taxonomy":"product_cat","embeddable":true,"href":"https:\/\/fit360.ee\/en\/wp-json\/wp\/v2\/product_cat?post=82002"},{"taxonomy":"product_tag","embeddable":true,"href":"https:\/\/fit360.ee\/en\/wp-json\/wp\/v2\/product_tag?post=82002"},{"taxonomy":"giftcard-category","embeddable":true,"href":"https:\/\/fit360.ee\/en\/wp-json\/wp\/v2\/giftcard-category?post=82002"}],"curies":[{"name":"wp","href":"https:\/\/api.w.org\/{rel}","templated":true}]}}