{"id":82077,"date":"2024-08-13T12:27:09","date_gmt":"2024-08-13T10:27:09","guid":{"rendered":"https:\/\/fit360.ee\/pood\/uncategorized\/gasp-classic-lifting-straps\/"},"modified":"2026-04-11T11:57:38","modified_gmt":"2026-04-11T09:57:38","slug":"gasp-classic-lifting-straps","status":"publish","type":"product","link":"https:\/\/fit360.ee\/en\/pood\/training-equipment-en\/lifting-straps-en\/gasp-classic-lifting-straps\/","title":{"rendered":"Gasp Classic Lifting Straps"},"content":{"rendered":"<h2><strong>Gasp Classic Lifting Straps<\/strong><\/h2>\n<p>Gasp classic lifting straps on klassikalised t\u00f5sterihmad 100% puuvillast. Saadaval 3 erienvas v\u00e4rvis.<\/p>\n<p><strong>Gasp Classic lifting straps t\u00f5sterihmad<\/strong>\u00a0aitavad mugavalt ja t\u00f5husalt stabiliseerida kangi haaret, v\u00f5imaldades seega kasutada kangil suuremaid raskusi. See aitab omakorda kiirendada arengut treeningul, mis v\u00f5imaldab Teie lihasmassil kasvada ja areneda. Rihmad ise on valmistatud vastupidavast tihedast puuvillast.<\/p>\n<p><strong>Eesm\u00e4rk:<\/strong>\u00a0\u00a0tagada tugevdatud ja kindel haare, v\u00e4ltida kangi ja hantlite v\u00e4ljalibisemist, samuti k\u00e4te libisemist horisontaalribalt.<\/p>\n<p><strong>Omadused:<\/strong><\/p>\n<ul>\n<li>Rihmad on valmistatud spetsiaalsest \u00fclitugevast materjalist, mis takistab libisemist.<\/li>\n<li>Rihma \u00fcks ots on valmistatud randmele kinnitamiseks m\u00f5eldud aasa kujul, teine \u200b\u200bots on vabalt rippuva teibi kujul, mis keritakse kangi, hantli, horisontaalkangi vms kaelale. .<\/li>\n<\/ul>\n<p><strong>Materjal<\/strong>: 100% puuvill<\/p>\n<p><strong>Komplektis<\/strong>: 2 tk<\/p>\n<p><strong>Toote hooldus:<\/strong><\/p>\n<ul>\n<li>\u2013 kuivatage p\u00e4rast iga kasutamist<\/li>\n<li>K\u00e4sipesu 30 kraadi juures, mitte v\u00e4\u00e4nata<\/li>\n<\/ul>\n<p>&nbsp;<\/p>\n<p><a href=\"https:\/\/fit360.ee\/wp-content\/uploads\/2024\/08\/gasp-classic-lifting-straps-fit360.ee_-800x800.jpg\"><img loading=\"lazy\" decoding=\"async\" class=\"size-medium wp-image-82069\" src=\"https:\/\/fit360.ee\/wp-content\/uploads\/2024\/08\/gasp-classic-lifting-straps-fit360.ee_-800x800.jpg\" alt=\"gasp classic lifting straps - fit360.ee\" width=\"800\" height=\"800\" srcset=\"https:\/\/fit360.ee\/wp-content\/uploads\/2024\/08\/gasp-classic-lifting-straps-fit360.ee_-800x800.jpg 800w, https:\/\/fit360.ee\/wp-content\/uploads\/2024\/08\/gasp-classic-lifting-straps-fit360.ee_-247x247.jpg 247w, https:\/\/fit360.ee\/wp-content\/uploads\/2024\/08\/gasp-classic-lifting-straps-fit360.ee_-100x100.jpg 100w, https:\/\/fit360.ee\/wp-content\/uploads\/2024\/08\/gasp-classic-lifting-straps-fit360.ee_-510x510.jpg 510w, https:\/\/fit360.ee\/wp-content\/uploads\/2024\/08\/gasp-classic-lifting-straps-fit360.ee_-340x340.jpg 340w, https:\/\/fit360.ee\/wp-content\/uploads\/2024\/08\/gasp-classic-lifting-straps-fit360.ee_-768x768.jpg 768w, https:\/\/fit360.ee\/wp-content\/uploads\/2024\/08\/gasp-classic-lifting-straps-fit360.ee_.jpg 1000w\" sizes=\"auto, (max-width: 800px) 100vw, 800px\" \/><\/a><\/p>\n<p><a href=\"https:\/\/fit360.ee\/wp-content\/uploads\/2024\/08\/gasp-tosterihmad-fit360.ee_-800x800.jpg\"><img loading=\"lazy\" decoding=\"async\" class=\"size-medium wp-image-82071\" src=\"https:\/\/fit360.ee\/wp-content\/uploads\/2024\/08\/gasp-tosterihmad-fit360.ee_-800x800.jpg\" alt=\"gasp t\u00f5sterihmad - fit360.ee\" width=\"800\" height=\"800\" srcset=\"https:\/\/fit360.ee\/wp-content\/uploads\/2024\/08\/gasp-tosterihmad-fit360.ee_-800x800.jpg 800w, https:\/\/fit360.ee\/wp-content\/uploads\/2024\/08\/gasp-tosterihmad-fit360.ee_-247x247.jpg 247w, https:\/\/fit360.ee\/wp-content\/uploads\/2024\/08\/gasp-tosterihmad-fit360.ee_-100x100.jpg 100w, https:\/\/fit360.ee\/wp-content\/uploads\/2024\/08\/gasp-tosterihmad-fit360.ee_-510x510.jpg 510w, https:\/\/fit360.ee\/wp-content\/uploads\/2024\/08\/gasp-tosterihmad-fit360.ee_-340x340.jpg 340w, https:\/\/fit360.ee\/wp-content\/uploads\/2024\/08\/gasp-tosterihmad-fit360.ee_-768x768.jpg 768w, https:\/\/fit360.ee\/wp-content\/uploads\/2024\/08\/gasp-tosterihmad-fit360.ee_.jpg 1000w\" sizes=\"auto, (max-width: 800px) 100vw, 800px\" \/><\/a><\/p>\n<p><a href=\"https:\/\/fit360.ee\/wp-content\/uploads\/2024\/08\/gasp-lifting-straps-tosterihmad-fit360.ee_-800x800.jpg\"><img loading=\"lazy\" decoding=\"async\" class=\"size-medium wp-image-82073\" src=\"https:\/\/fit360.ee\/wp-content\/uploads\/2024\/08\/gasp-lifting-straps-tosterihmad-fit360.ee_-800x800.jpg\" alt=\"gasp lifting straps t\u00f5sterihmad - fit360.ee\" width=\"800\" height=\"800\" srcset=\"https:\/\/fit360.ee\/wp-content\/uploads\/2024\/08\/gasp-lifting-straps-tosterihmad-fit360.ee_-800x800.jpg 800w, https:\/\/fit360.ee\/wp-content\/uploads\/2024\/08\/gasp-lifting-straps-tosterihmad-fit360.ee_-247x247.jpg 247w, https:\/\/fit360.ee\/wp-content\/uploads\/2024\/08\/gasp-lifting-straps-tosterihmad-fit360.ee_-100x100.jpg 100w, https:\/\/fit360.ee\/wp-content\/uploads\/2024\/08\/gasp-lifting-straps-tosterihmad-fit360.ee_-510x510.jpg 510w, https:\/\/fit360.ee\/wp-content\/uploads\/2024\/08\/gasp-lifting-straps-tosterihmad-fit360.ee_-340x340.jpg 340w, https:\/\/fit360.ee\/wp-content\/uploads\/2024\/08\/gasp-lifting-straps-tosterihmad-fit360.ee_-768x768.jpg 768w, https:\/\/fit360.ee\/wp-content\/uploads\/2024\/08\/gasp-lifting-straps-tosterihmad-fit360.ee_.jpg 1000w\" sizes=\"auto, (max-width: 800px) 100vw, 800px\" \/><\/a><\/p>\n<p><a href=\"https:\/\/fit360.ee\/wp-content\/uploads\/2024\/08\/tosterihmad-fit360.ee_-800x800.jpg\"><img loading=\"lazy\" decoding=\"async\" class=\"size-medium wp-image-82075\" src=\"https:\/\/fit360.ee\/wp-content\/uploads\/2024\/08\/tosterihmad-fit360.ee_-800x800.jpg\" alt=\"t\u00f5sterihmad - fit360.ee\" width=\"800\" height=\"800\" srcset=\"https:\/\/fit360.ee\/wp-content\/uploads\/2024\/08\/tosterihmad-fit360.ee_-800x800.jpg 800w, https:\/\/fit360.ee\/wp-content\/uploads\/2024\/08\/tosterihmad-fit360.ee_-247x247.jpg 247w, https:\/\/fit360.ee\/wp-content\/uploads\/2024\/08\/tosterihmad-fit360.ee_-100x100.jpg 100w, https:\/\/fit360.ee\/wp-content\/uploads\/2024\/08\/tosterihmad-fit360.ee_-510x510.jpg 510w, https:\/\/fit360.ee\/wp-content\/uploads\/2024\/08\/tosterihmad-fit360.ee_-340x340.jpg 340w, https:\/\/fit360.ee\/wp-content\/uploads\/2024\/08\/tosterihmad-fit360.ee_-768x768.jpg 768w, https:\/\/fit360.ee\/wp-content\/uploads\/2024\/08\/tosterihmad-fit360.ee_.jpg 1000w\" sizes=\"auto, (max-width: 800px) 100vw, 800px\" \/><\/a><\/p>\n<p>Vaata ka meie Teisi T\u00f5sterihmasid\u00a0<a href=\"https:\/\/fit360.ee\/en\/product-category\/training-equipment-en\/lifting-straps-en\/\"><strong>SIIT<\/strong><\/a>!<\/p>\n","protected":false},"excerpt":{"rendered":"<ul>\n<li>Mugav kasutada<\/li>\n<li>100% puuvillast<\/li>\n<li>Ohutu pesta<\/li>\n<li>Aitab suurendada raskusi<\/li>\n<\/ul>\n","protected":false},"featured_media":82070,"comment_status":"open","ping_status":"closed","template":"","meta":[],"product_brand":[],"product_cat":[549],"product_tag":[5159,2515,5160],"giftcard-category":[],"class_list":{"0":"post-82077","1":"product","2":"type-product","3":"status-publish","4":"has-post-thumbnail","6":"product_cat-lifting-straps-en","7":"product_tag-classic-lifting-straps-en","8":"product_tag-gasp-en","9":"product_tag-gasp-classic-lifting-straps-en","10":"pa_varvus-black","11":"pa_varvus-gray","12":"pa_varvus-green","13":"pa_varvus-red","15":"first","16":"instock","17":"taxable","18":"shipping-taxable","19":"purchasable","20":"product-type-variable"},"yoast_head":"<!-- This site is optimized with the Yoast SEO plugin v27.3 - https:\/\/yoast.com\/product\/yoast-seo-wordpress\/ -->\n<title>Gasp Classic Lifting Straps - Vastupidavad T\u00f5sterihmad - Parim Hind - Fit360<\/title>\n<meta name=\"description\" content=\"Gasp Classic lifting straps t\u00f5sterihmad\u00a0aitavad mugavalt ja t\u00f5husalt stabiliseerida kangi haaret, v\u00f5imaldades seega kasutada kangil suuremaid...\" \/>\n<meta name=\"robots\" content=\"index, follow, max-snippet:-1, max-image-preview:large, max-video-preview:-1\" \/>\n<link rel=\"canonical\" href=\"https:\/\/fit360.ee\/en\/pood\/training-equipment-en\/lifting-straps-en\/gasp-classic-lifting-straps\/\" \/>\n<meta property=\"og:locale\" content=\"en_US\" \/>\n<meta property=\"og:type\" content=\"article\" \/>\n<meta property=\"og:title\" content=\"Gasp Classic Lifting Straps - Vastupidavad T\u00f5sterihmad - Parim Hind - Fit360\" \/>\n<meta property=\"og:description\" content=\"Gasp Classic lifting straps t\u00f5sterihmad\u00a0aitavad mugavalt ja t\u00f5husalt stabiliseerida kangi haaret, v\u00f5imaldades seega kasutada kangil suuremaid...\" \/>\n<meta property=\"og:url\" content=\"https:\/\/fit360.ee\/en\/pood\/training-equipment-en\/lifting-straps-en\/gasp-classic-lifting-straps\/\" \/>\n<meta property=\"og:site_name\" content=\"Fit360\" \/>\n<meta property=\"article:modified_time\" content=\"2026-04-11T09:57:38+00:00\" \/>\n<meta property=\"og:image\" content=\"https:\/\/fit360.ee\/wp-content\/uploads\/2024\/08\/gasp-classic-lifting-straps-fit360.ee_.jpg\" \/>\n\t<meta property=\"og:image:width\" content=\"1000\" \/>\n\t<meta property=\"og:image:height\" content=\"1000\" \/>\n\t<meta property=\"og:image:type\" content=\"image\/jpeg\" \/>\n<meta name=\"twitter:card\" content=\"summary_large_image\" \/>\n<meta name=\"twitter:label1\" content=\"Est. reading time\" \/>\n\t<meta name=\"twitter:data1\" content=\"2 minutes\" \/>\n<script type=\"application\/ld+json\" class=\"yoast-schema-graph\">{\"@context\":\"https:\\\/\\\/schema.org\",\"@graph\":[{\"@type\":\"WebPage\",\"@id\":\"https:\\\/\\\/fit360.ee\\\/en\\\/pood\\\/training-equipment-en\\\/lifting-straps-en\\\/gasp-classic-lifting-straps\\\/\",\"url\":\"https:\\\/\\\/fit360.ee\\\/en\\\/pood\\\/training-equipment-en\\\/lifting-straps-en\\\/gasp-classic-lifting-straps\\\/\",\"name\":\"Gasp Classic Lifting Straps - Vastupidavad T\u00f5sterihmad - Parim Hind - Fit360\",\"isPartOf\":{\"@id\":\"https:\\\/\\\/fit360.ee\\\/en\\\/#website\"},\"primaryImageOfPage\":{\"@id\":\"https:\\\/\\\/fit360.ee\\\/en\\\/pood\\\/training-equipment-en\\\/lifting-straps-en\\\/gasp-classic-lifting-straps\\\/#primaryimage\"},\"image\":{\"@id\":\"https:\\\/\\\/fit360.ee\\\/en\\\/pood\\\/training-equipment-en\\\/lifting-straps-en\\\/gasp-classic-lifting-straps\\\/#primaryimage\"},\"thumbnailUrl\":\"https:\\\/\\\/fit360.ee\\\/wp-content\\\/uploads\\\/2024\\\/08\\\/gasp-classic-lifting-straps-fit360.ee_.jpg\",\"datePublished\":\"2024-08-13T10:27:09+00:00\",\"dateModified\":\"2026-04-11T09:57:38+00:00\",\"description\":\"Gasp Classic lifting straps t\u00f5sterihmad\u00a0aitavad mugavalt ja t\u00f5husalt stabiliseerida kangi haaret, v\u00f5imaldades seega kasutada kangil suuremaid...\",\"breadcrumb\":{\"@id\":\"https:\\\/\\\/fit360.ee\\\/en\\\/pood\\\/training-equipment-en\\\/lifting-straps-en\\\/gasp-classic-lifting-straps\\\/#breadcrumb\"},\"inLanguage\":\"en-US\",\"potentialAction\":[{\"@type\":\"ReadAction\",\"target\":[\"https:\\\/\\\/fit360.ee\\\/en\\\/pood\\\/training-equipment-en\\\/lifting-straps-en\\\/gasp-classic-lifting-straps\\\/\"]}]},{\"@type\":\"ImageObject\",\"inLanguage\":\"en-US\",\"@id\":\"https:\\\/\\\/fit360.ee\\\/en\\\/pood\\\/training-equipment-en\\\/lifting-straps-en\\\/gasp-classic-lifting-straps\\\/#primaryimage\",\"url\":\"https:\\\/\\\/fit360.ee\\\/wp-content\\\/uploads\\\/2024\\\/08\\\/gasp-classic-lifting-straps-fit360.ee_.jpg\",\"contentUrl\":\"https:\\\/\\\/fit360.ee\\\/wp-content\\\/uploads\\\/2024\\\/08\\\/gasp-classic-lifting-straps-fit360.ee_.jpg\",\"width\":1000,\"height\":1000,\"caption\":\"gasp classic lifting straps - fit360.ee\"},{\"@type\":\"BreadcrumbList\",\"@id\":\"https:\\\/\\\/fit360.ee\\\/en\\\/pood\\\/training-equipment-en\\\/lifting-straps-en\\\/gasp-classic-lifting-straps\\\/#breadcrumb\",\"itemListElement\":[{\"@type\":\"ListItem\",\"position\":1,\"name\":\"Home\",\"item\":\"https:\\\/\\\/fit360.ee\\\/en\\\/\"},{\"@type\":\"ListItem\",\"position\":2,\"name\":\"Shop\",\"item\":\"https:\\\/\\\/fit360.ee\\\/en\\\/shop\\\/\"},{\"@type\":\"ListItem\",\"position\":3,\"name\":\"Gasp Classic Lifting Straps\"}]},{\"@type\":\"WebSite\",\"@id\":\"https:\\\/\\\/fit360.ee\\\/en\\\/#website\",\"url\":\"https:\\\/\\\/fit360.ee\\\/en\\\/\",\"name\":\"Fit360\",\"description\":\"\",\"publisher\":{\"@id\":\"https:\\\/\\\/fit360.ee\\\/en\\\/#organization\"},\"potentialAction\":[{\"@type\":\"SearchAction\",\"target\":{\"@type\":\"EntryPoint\",\"urlTemplate\":\"https:\\\/\\\/fit360.ee\\\/en\\\/?s={search_term_string}\"},\"query-input\":{\"@type\":\"PropertyValueSpecification\",\"valueRequired\":true,\"valueName\":\"search_term_string\"}}],\"inLanguage\":\"en-US\"},{\"@type\":\"Organization\",\"@id\":\"https:\\\/\\\/fit360.ee\\\/en\\\/#organization\",\"name\":\"Fit360\",\"url\":\"https:\\\/\\\/fit360.ee\\\/en\\\/\",\"logo\":{\"@type\":\"ImageObject\",\"inLanguage\":\"en-US\",\"@id\":\"https:\\\/\\\/fit360.ee\\\/en\\\/#\\\/schema\\\/logo\\\/image\\\/\",\"url\":\"https:\\\/\\\/fit360.ee\\\/wp-content\\\/uploads\\\/2017\\\/01\\\/logo-fit360.png\",\"contentUrl\":\"https:\\\/\\\/fit360.ee\\\/wp-content\\\/uploads\\\/2017\\\/01\\\/logo-fit360.png\",\"width\":180,\"height\":66,\"caption\":\"Fit360\"},\"image\":{\"@id\":\"https:\\\/\\\/fit360.ee\\\/en\\\/#\\\/schema\\\/logo\\\/image\\\/\"}}]}<\/script>\n<!-- \/ Yoast SEO plugin. -->","yoast_head_json":{"title":"Gasp Classic Lifting Straps - Vastupidavad T\u00f5sterihmad - Parim Hind - Fit360","description":"Gasp Classic lifting straps t\u00f5sterihmad\u00a0aitavad mugavalt ja t\u00f5husalt stabiliseerida kangi haaret, v\u00f5imaldades seega kasutada kangil suuremaid...","robots":{"index":"index","follow":"follow","max-snippet":"max-snippet:-1","max-image-preview":"max-image-preview:large","max-video-preview":"max-video-preview:-1"},"canonical":"https:\/\/fit360.ee\/en\/pood\/training-equipment-en\/lifting-straps-en\/gasp-classic-lifting-straps\/","og_locale":"en_US","og_type":"article","og_title":"Gasp Classic Lifting Straps - Vastupidavad T\u00f5sterihmad - Parim Hind - Fit360","og_description":"Gasp Classic lifting straps t\u00f5sterihmad\u00a0aitavad mugavalt ja t\u00f5husalt stabiliseerida kangi haaret, v\u00f5imaldades seega kasutada kangil suuremaid...","og_url":"https:\/\/fit360.ee\/en\/pood\/training-equipment-en\/lifting-straps-en\/gasp-classic-lifting-straps\/","og_site_name":"Fit360","article_modified_time":"2026-04-11T09:57:38+00:00","og_image":[{"width":1000,"height":1000,"url":"https:\/\/fit360.ee\/wp-content\/uploads\/2024\/08\/gasp-classic-lifting-straps-fit360.ee_.jpg","type":"image\/jpeg"}],"twitter_card":"summary_large_image","twitter_misc":{"Est. reading time":"2 minutes"},"schema":{"@context":"https:\/\/schema.org","@graph":[{"@type":"WebPage","@id":"https:\/\/fit360.ee\/en\/pood\/training-equipment-en\/lifting-straps-en\/gasp-classic-lifting-straps\/","url":"https:\/\/fit360.ee\/en\/pood\/training-equipment-en\/lifting-straps-en\/gasp-classic-lifting-straps\/","name":"Gasp Classic Lifting Straps - Vastupidavad T\u00f5sterihmad - Parim Hind - Fit360","isPartOf":{"@id":"https:\/\/fit360.ee\/en\/#website"},"primaryImageOfPage":{"@id":"https:\/\/fit360.ee\/en\/pood\/training-equipment-en\/lifting-straps-en\/gasp-classic-lifting-straps\/#primaryimage"},"image":{"@id":"https:\/\/fit360.ee\/en\/pood\/training-equipment-en\/lifting-straps-en\/gasp-classic-lifting-straps\/#primaryimage"},"thumbnailUrl":"https:\/\/fit360.ee\/wp-content\/uploads\/2024\/08\/gasp-classic-lifting-straps-fit360.ee_.jpg","datePublished":"2024-08-13T10:27:09+00:00","dateModified":"2026-04-11T09:57:38+00:00","description":"Gasp Classic lifting straps t\u00f5sterihmad\u00a0aitavad mugavalt ja t\u00f5husalt stabiliseerida kangi haaret, v\u00f5imaldades seega kasutada kangil suuremaid...","breadcrumb":{"@id":"https:\/\/fit360.ee\/en\/pood\/training-equipment-en\/lifting-straps-en\/gasp-classic-lifting-straps\/#breadcrumb"},"inLanguage":"en-US","potentialAction":[{"@type":"ReadAction","target":["https:\/\/fit360.ee\/en\/pood\/training-equipment-en\/lifting-straps-en\/gasp-classic-lifting-straps\/"]}]},{"@type":"ImageObject","inLanguage":"en-US","@id":"https:\/\/fit360.ee\/en\/pood\/training-equipment-en\/lifting-straps-en\/gasp-classic-lifting-straps\/#primaryimage","url":"https:\/\/fit360.ee\/wp-content\/uploads\/2024\/08\/gasp-classic-lifting-straps-fit360.ee_.jpg","contentUrl":"https:\/\/fit360.ee\/wp-content\/uploads\/2024\/08\/gasp-classic-lifting-straps-fit360.ee_.jpg","width":1000,"height":1000,"caption":"gasp classic lifting straps - fit360.ee"},{"@type":"BreadcrumbList","@id":"https:\/\/fit360.ee\/en\/pood\/training-equipment-en\/lifting-straps-en\/gasp-classic-lifting-straps\/#breadcrumb","itemListElement":[{"@type":"ListItem","position":1,"name":"Home","item":"https:\/\/fit360.ee\/en\/"},{"@type":"ListItem","position":2,"name":"Shop","item":"https:\/\/fit360.ee\/en\/shop\/"},{"@type":"ListItem","position":3,"name":"Gasp Classic Lifting Straps"}]},{"@type":"WebSite","@id":"https:\/\/fit360.ee\/en\/#website","url":"https:\/\/fit360.ee\/en\/","name":"Fit360","description":"","publisher":{"@id":"https:\/\/fit360.ee\/en\/#organization"},"potentialAction":[{"@type":"SearchAction","target":{"@type":"EntryPoint","urlTemplate":"https:\/\/fit360.ee\/en\/?s={search_term_string}"},"query-input":{"@type":"PropertyValueSpecification","valueRequired":true,"valueName":"search_term_string"}}],"inLanguage":"en-US"},{"@type":"Organization","@id":"https:\/\/fit360.ee\/en\/#organization","name":"Fit360","url":"https:\/\/fit360.ee\/en\/","logo":{"@type":"ImageObject","inLanguage":"en-US","@id":"https:\/\/fit360.ee\/en\/#\/schema\/logo\/image\/","url":"https:\/\/fit360.ee\/wp-content\/uploads\/2017\/01\/logo-fit360.png","contentUrl":"https:\/\/fit360.ee\/wp-content\/uploads\/2017\/01\/logo-fit360.png","width":180,"height":66,"caption":"Fit360"},"image":{"@id":"https:\/\/fit360.ee\/en\/#\/schema\/logo\/image\/"}}]}},"_links":{"self":[{"href":"https:\/\/fit360.ee\/en\/wp-json\/wp\/v2\/product\/82077","targetHints":{"allow":["GET"]}}],"collection":[{"href":"https:\/\/fit360.ee\/en\/wp-json\/wp\/v2\/product"}],"about":[{"href":"https:\/\/fit360.ee\/en\/wp-json\/wp\/v2\/types\/product"}],"replies":[{"embeddable":true,"href":"https:\/\/fit360.ee\/en\/wp-json\/wp\/v2\/comments?post=82077"}],"wp:featuredmedia":[{"embeddable":true,"href":"https:\/\/fit360.ee\/en\/wp-json\/wp\/v2\/media\/82070"}],"wp:attachment":[{"href":"https:\/\/fit360.ee\/en\/wp-json\/wp\/v2\/media?parent=82077"}],"wp:term":[{"taxonomy":"product_brand","embeddable":true,"href":"https:\/\/fit360.ee\/en\/wp-json\/wp\/v2\/product_brand?post=82077"},{"taxonomy":"product_cat","embeddable":true,"href":"https:\/\/fit360.ee\/en\/wp-json\/wp\/v2\/product_cat?post=82077"},{"taxonomy":"product_tag","embeddable":true,"href":"https:\/\/fit360.ee\/en\/wp-json\/wp\/v2\/product_tag?post=82077"},{"taxonomy":"giftcard-category","embeddable":true,"href":"https:\/\/fit360.ee\/en\/wp-json\/wp\/v2\/giftcard-category?post=82077"}],"curies":[{"name":"wp","href":"https:\/\/api.w.org\/{rel}","templated":true}]}}